{"id":17209,"date":"2025-08-21T14:49:55","date_gmt":"2025-08-21T14:49:55","guid":{"rendered":"https:\/\/marevik.ee\/test\/?page_id=17209"},"modified":"2025-09-30T09:16:59","modified_gmt":"2025-09-30T09:16:59","slug":"kampaaniatingimused","status":"publish","type":"page","link":"https:\/\/marevik.ee\/test\/kampaaniatingimused\/","title":{"rendered":"Kampaaniatingimused"},"content":{"rendered":"\t\t<div data-elementor-type=\"wp-page\" data-elementor-id=\"17209\" class=\"elementor elementor-17209\" data-elementor-post-type=\"page\">\n\t\t\t\t\t\t<section class=\"elementor-section elementor-top-section elementor-element elementor-element-7a8f573 elementor-section-content-middle elementor-section-height-min-height elementor-section-boxed elementor-section-height-default elementor-section-items-middle\" data-id=\"7a8f573\" data-element_type=\"section\" data-settings=\"{&quot;background_background&quot;:&quot;classic&quot;}\">\n\t\t\t\t\t\t<div class=\"elementor-container elementor-column-gap-default\">\n\t\t\t\t\t<div class=\"elementor-column elementor-col-100 elementor-top-column elementor-element elementor-element-2632dec\" data-id=\"2632dec\" data-element_type=\"column\">\n\t\t\t<div class=\"elementor-widget-wrap\">\n\t\t\t\t\t\t\t<\/div>\n\t\t<\/div>\n\t\t\t\t\t<\/div>\n\t\t<\/section>\n\t\t\t\t<section class=\"elementor-section elementor-top-section elementor-element elementor-element-fbc6207 elementor-section-boxed elementor-section-height-default elementor-section-height-default\" data-id=\"fbc6207\" data-element_type=\"section\">\n\t\t\t\t\t\t<div class=\"elementor-container elementor-column-gap-default\">\n\t\t\t\t\t<div class=\"elementor-column elementor-col-100 elementor-top-column elementor-element elementor-element-b4f7274\" data-id=\"b4f7274\" data-element_type=\"column\">\n\t\t\t<div class=\"elementor-widget-wrap elementor-element-populated\">\n\t\t\t\t\t\t<div class=\"elementor-element elementor-element-df9e0b2 elementor-widget elementor-widget-heading\" data-id=\"df9e0b2\" data-element_type=\"widget\" data-widget_type=\"heading.default\">\n\t\t\t\t<div class=\"elementor-widget-container\">\n\t\t\t\t\t<h2 class=\"elementor-heading-title elementor-size-default\">Kampaaniatingimused<\/h2>\t\t\t\t<\/div>\n\t\t\t\t<\/div>\n\t\t\t\t<div class=\"elementor-element elementor-element-76e1e63 elementor-widget elementor-widget-text-editor\" data-id=\"76e1e63\" data-element_type=\"widget\" data-widget_type=\"text-editor.default\">\n\t\t\t\t<div class=\"elementor-widget-container\">\n\t\t\t\t\t\t\t\t\t<p style=\"font-weight: 400;\">Ostes \u00f5mblusmasina, overloki v\u00f5i tikkimismasina meie e-poest, on teil v\u00f5imalik p\u00e4rast garantiiperioodi l\u00f5ppu kasutada\u00a0<strong>\u00fchekordset tasuta hooldusteenust<\/strong>\u00a0\u00fche aasta jooksul.<\/p><p style=\"font-weight: 400;\"><strong>Tasuta hooldus sisaldab:<\/strong><\/p><ul style=\"font-weight: 400;\"><li>masina puhastamist<\/li><li>\u00f5litamist<\/li><li>tehnilist kontrolli<\/li><li>vajadusel reguleerimist<\/li><\/ul><p style=\"font-weight: 400;\">Teenuse kasutamiseks tuleb esitada\u00a0<strong>masina seerianumber<\/strong>\u00a0ja\u00a0<strong>ostutellimuse number<\/strong>, mille alusel kontrollitakse \u00f5igust tasuta hooldusele. <span style=\"color: #ff0000;\">Kampaania ei kehti Brother PR-seeria tikkimismasinatele ja ostudele, mille on sooritanud ettev\u00f5te v\u00f5i asutus.<\/span><\/p>\t\t\t\t\t\t\t\t<\/div>\n\t\t\t\t<\/div>\n\t\t\t\t\t<\/div>\n\t\t<\/div>\n\t\t\t\t\t<\/div>\n\t\t<\/section>\n\t\t\t\t<\/div>\n\t\t","protected":false},"excerpt":{"rendered":"<p>Kampaaniatingimused Ostes \u00f5mblusmasina, overloki v\u00f5i tikkimismasina meie e-poest, on teil v\u00f5imalik p\u00e4rast garantiiperioodi l\u00f5ppu kasutada\u00a0\u00fchekordset tasuta hooldusteenust\u00a0\u00fche aasta jooksul. Tasuta hooldus sisaldab: masina puhastamist \u00f5litamist tehnilist kontrolli vajadusel reguleerimist Teenuse kasutamiseks tuleb esitada\u00a0masina seerianumber\u00a0ja\u00a0ostutellimuse number, mille alusel kontrollitakse \u00f5igust tasuta hooldusele. Kampaania ei kehti Brother PR-seeria tikkimismasinatele ja ostudele, mille on sooritanud ettev\u00f5te v\u00f5i asutus.<\/p>\n","protected":false},"author":1,"featured_media":0,"parent":0,"menu_order":0,"comment_status":"closed","ping_status":"closed","template":"","meta":{"site-sidebar-layout":"no-sidebar","site-content-layout":"page-builder","ast-site-content-layout":"full-width-container","site-content-style":"default","site-sidebar-style":"default","ast-global-header-display":"","ast-banner-title-visibility":"","ast-main-header-display":"","ast-hfb-above-header-display":"","ast-hfb-below-header-display":"","ast-hfb-mobile-header-display":"","site-post-title":"disabled","ast-breadcrumbs-content":"","ast-featured-img":"disabled","footer-sml-layout":"","theme-transparent-header-meta":"","adv-header-id-meta":"","stick-header-meta":"","header-above-stick-meta":"","header-main-stick-meta":"","header-below-stick-meta":"","astra-migrate-meta-layouts":"set","ast-page-background-enabled":"default","ast-page-background-meta":{"desktop":{"background-color":"","background-image":"","background-repeat":"repeat","background-position":"center center","background-size":"auto","background-attachment":"scroll","background-type":"","background-media":"","overlay-type":"","overlay-color":"","overlay-opacity":"","overlay-gradient":""},"tablet":{"background-color":"","background-image":"","background-repeat":"repeat","background-position":"center center","background-size":"auto","background-attachment":"scroll","background-type":"","background-media":"","overlay-type":"","overlay-color":"","overlay-opacity":"","overlay-gradient":""},"mobile":{"background-color":"","background-image":"","background-repeat":"repeat","background-position":"center center","background-size":"auto","background-attachment":"scroll","background-type":"","background-media":"","overlay-type":"","overlay-color":"","overlay-opacity":"","overlay-gradient":""}},"ast-content-background-meta":{"desktop":{"background-color":"var(--ast-global-color-5)","background-image":"","background-repeat":"repeat","background-position":"center center","background-size":"auto","background-attachment":"scroll","background-type":"","background-media":"","overlay-type":"","overlay-color":"","overlay-opacity":"","overlay-gradient":""},"tablet":{"background-color":"var(--ast-global-color-5)","background-image":"","background-repeat":"repeat","background-position":"center center","background-size":"auto","background-attachment":"scroll","background-type":"","background-media":"","overlay-type":"","overlay-color":"","overlay-opacity":"","overlay-gradient":""},"mobile":{"background-color":"var(--ast-global-color-5)","background-image":"","background-repeat":"repeat","background-position":"center center","background-size":"auto","background-attachment":"scroll","background-type":"","background-media":"","overlay-type":"","overlay-color":"","overlay-opacity":"","overlay-gradient":""}},"footnotes":""},"class_list":["post-17209","page","type-page","status-publish","hentry"],"yoast_head":"<!-- This site is optimized with the Yoast SEO plugin v26.1.1 - https:\/\/yoast.com\/wordpress\/plugins\/seo\/ -->\n<title>Kampaaniatingimused - Marevik O&Uuml;<\/title>\n<meta name=\"robots\" content=\"index, follow, max-snippet:-1, max-image-preview:large, max-video-preview:-1\" \/>\n<link rel=\"canonical\" href=\"https:\/\/marevik.ee\/test\/kampaaniatingimused\/\" \/>\n<meta property=\"og:locale\" content=\"en_US\" \/>\n<meta property=\"og:type\" content=\"article\" \/>\n<meta property=\"og:title\" content=\"Kampaaniatingimused - Marevik O&Uuml;\" \/>\n<meta property=\"og:description\" content=\"Kampaaniatingimused Ostes \u00f5mblusmasina, overloki v\u00f5i tikkimismasina meie e-poest, on teil v\u00f5imalik p\u00e4rast garantiiperioodi l\u00f5ppu kasutada\u00a0\u00fchekordset tasuta hooldusteenust\u00a0\u00fche aasta jooksul. Tasuta hooldus sisaldab: masina puhastamist \u00f5litamist tehnilist kontrolli vajadusel reguleerimist Teenuse kasutamiseks tuleb esitada\u00a0masina seerianumber\u00a0ja\u00a0ostutellimuse number, mille alusel kontrollitakse \u00f5igust tasuta hooldusele. Kampaania ei kehti Brother PR-seeria tikkimismasinatele ja ostudele, mille on sooritanud ettev\u00f5te v\u00f5i asutus.\" \/>\n<meta property=\"og:url\" content=\"https:\/\/marevik.ee\/test\/kampaaniatingimused\/\" \/>\n<meta property=\"og:site_name\" content=\"Marevik O&Uuml;\" \/>\n<meta property=\"article:modified_time\" content=\"2025-09-30T09:16:59+00:00\" \/>\n<meta name=\"twitter:card\" content=\"summary_large_image\" \/>\n<meta name=\"twitter:label1\" content=\"Est. reading time\" \/>\n\t<meta name=\"twitter:data1\" content=\"1 minute\" \/>\n<script type=\"application\/ld+json\" class=\"yoast-schema-graph\">{\"@context\":\"https:\/\/schema.org\",\"@graph\":[{\"@type\":\"WebPage\",\"@id\":\"https:\/\/marevik.ee\/test\/kampaaniatingimused\/\",\"url\":\"https:\/\/marevik.ee\/test\/kampaaniatingimused\/\",\"name\":\"Kampaaniatingimused - Marevik O&Uuml;\",\"isPartOf\":{\"@id\":\"https:\/\/marevik.ee\/test\/#website\"},\"datePublished\":\"2025-08-21T14:49:55+00:00\",\"dateModified\":\"2025-09-30T09:16:59+00:00\",\"breadcrumb\":{\"@id\":\"https:\/\/marevik.ee\/test\/kampaaniatingimused\/#breadcrumb\"},\"inLanguage\":\"en\",\"potentialAction\":[{\"@type\":\"ReadAction\",\"target\":[\"https:\/\/marevik.ee\/test\/kampaaniatingimused\/\"]}]},{\"@type\":\"BreadcrumbList\",\"@id\":\"https:\/\/marevik.ee\/test\/kampaaniatingimused\/#breadcrumb\",\"itemListElement\":[{\"@type\":\"ListItem\",\"position\":1,\"name\":\"Home\",\"item\":\"https:\/\/marevik.ee\/test\/\"},{\"@type\":\"ListItem\",\"position\":2,\"name\":\"Kampaaniatingimused\"}]},{\"@type\":\"WebSite\",\"@id\":\"https:\/\/marevik.ee\/test\/#website\",\"url\":\"https:\/\/marevik.ee\/test\/\",\"name\":\"Marevik O&Uuml;\",\"description\":\"&Otilde;mblusmasina asjatundja\",\"publisher\":{\"@id\":\"https:\/\/marevik.ee\/test\/#organization\"},\"potentialAction\":[{\"@type\":\"SearchAction\",\"target\":{\"@type\":\"EntryPoint\",\"urlTemplate\":\"https:\/\/marevik.ee\/test\/?s={search_term_string}\"},\"query-input\":{\"@type\":\"PropertyValueSpecification\",\"valueRequired\":true,\"valueName\":\"search_term_string\"}}],\"inLanguage\":\"en\"},{\"@type\":\"Organization\",\"@id\":\"https:\/\/marevik.ee\/test\/#organization\",\"name\":\"Marevik O&Uuml;\",\"url\":\"https:\/\/marevik.ee\/test\/\",\"logo\":{\"@type\":\"ImageObject\",\"inLanguage\":\"en\",\"@id\":\"https:\/\/marevik.ee\/test\/#\/schema\/logo\/image\/\",\"url\":\"https:\/\/marevik.ee\/test\/wp-content\/uploads\/2020\/02\/mblusmasina-asjatundja-1994_173x105_veebi_v-ike.jpg\",\"contentUrl\":\"https:\/\/marevik.ee\/test\/wp-content\/uploads\/2020\/02\/mblusmasina-asjatundja-1994_173x105_veebi_v-ike.jpg\",\"width\":173,\"height\":105,\"caption\":\"Marevik O&Uuml;\"},\"image\":{\"@id\":\"https:\/\/marevik.ee\/test\/#\/schema\/logo\/image\/\"}}]}<\/script>\n<!-- \/ Yoast SEO plugin. -->","yoast_head_json":{"title":"Kampaaniatingimused - Marevik O&Uuml;","robots":{"index":"index","follow":"follow","max-snippet":"max-snippet:-1","max-image-preview":"max-image-preview:large","max-video-preview":"max-video-preview:-1"},"canonical":"https:\/\/marevik.ee\/test\/kampaaniatingimused\/","og_locale":"en_US","og_type":"article","og_title":"Kampaaniatingimused - Marevik O&Uuml;","og_description":"Kampaaniatingimused Ostes \u00f5mblusmasina, overloki v\u00f5i tikkimismasina meie e-poest, on teil v\u00f5imalik p\u00e4rast garantiiperioodi l\u00f5ppu kasutada\u00a0\u00fchekordset tasuta hooldusteenust\u00a0\u00fche aasta jooksul. Tasuta hooldus sisaldab: masina puhastamist \u00f5litamist tehnilist kontrolli vajadusel reguleerimist Teenuse kasutamiseks tuleb esitada\u00a0masina seerianumber\u00a0ja\u00a0ostutellimuse number, mille alusel kontrollitakse \u00f5igust tasuta hooldusele. Kampaania ei kehti Brother PR-seeria tikkimismasinatele ja ostudele, mille on sooritanud ettev\u00f5te v\u00f5i asutus.","og_url":"https:\/\/marevik.ee\/test\/kampaaniatingimused\/","og_site_name":"Marevik O&Uuml;","article_modified_time":"2025-09-30T09:16:59+00:00","twitter_card":"summary_large_image","twitter_misc":{"Est. reading time":"1 minute"},"schema":{"@context":"https:\/\/schema.org","@graph":[{"@type":"WebPage","@id":"https:\/\/marevik.ee\/test\/kampaaniatingimused\/","url":"https:\/\/marevik.ee\/test\/kampaaniatingimused\/","name":"Kampaaniatingimused - Marevik O&Uuml;","isPartOf":{"@id":"https:\/\/marevik.ee\/test\/#website"},"datePublished":"2025-08-21T14:49:55+00:00","dateModified":"2025-09-30T09:16:59+00:00","breadcrumb":{"@id":"https:\/\/marevik.ee\/test\/kampaaniatingimused\/#breadcrumb"},"inLanguage":"en","potentialAction":[{"@type":"ReadAction","target":["https:\/\/marevik.ee\/test\/kampaaniatingimused\/"]}]},{"@type":"BreadcrumbList","@id":"https:\/\/marevik.ee\/test\/kampaaniatingimused\/#breadcrumb","itemListElement":[{"@type":"ListItem","position":1,"name":"Home","item":"https:\/\/marevik.ee\/test\/"},{"@type":"ListItem","position":2,"name":"Kampaaniatingimused"}]},{"@type":"WebSite","@id":"https:\/\/marevik.ee\/test\/#website","url":"https:\/\/marevik.ee\/test\/","name":"Marevik O&Uuml;","description":"&Otilde;mblusmasina asjatundja","publisher":{"@id":"https:\/\/marevik.ee\/test\/#organization"},"potentialAction":[{"@type":"SearchAction","target":{"@type":"EntryPoint","urlTemplate":"https:\/\/marevik.ee\/test\/?s={search_term_string}"},"query-input":{"@type":"PropertyValueSpecification","valueRequired":true,"valueName":"search_term_string"}}],"inLanguage":"en"},{"@type":"Organization","@id":"https:\/\/marevik.ee\/test\/#organization","name":"Marevik O&Uuml;","url":"https:\/\/marevik.ee\/test\/","logo":{"@type":"ImageObject","inLanguage":"en","@id":"https:\/\/marevik.ee\/test\/#\/schema\/logo\/image\/","url":"https:\/\/marevik.ee\/test\/wp-content\/uploads\/2020\/02\/mblusmasina-asjatundja-1994_173x105_veebi_v-ike.jpg","contentUrl":"https:\/\/marevik.ee\/test\/wp-content\/uploads\/2020\/02\/mblusmasina-asjatundja-1994_173x105_veebi_v-ike.jpg","width":173,"height":105,"caption":"Marevik O&Uuml;"},"image":{"@id":"https:\/\/marevik.ee\/test\/#\/schema\/logo\/image\/"}}]}},"_links":{"self":[{"href":"https:\/\/marevik.ee\/test\/wp-json\/wp\/v2\/pages\/17209","targetHints":{"allow":["GET"]}}],"collection":[{"href":"https:\/\/marevik.ee\/test\/wp-json\/wp\/v2\/pages"}],"about":[{"href":"https:\/\/marevik.ee\/test\/wp-json\/wp\/v2\/types\/page"}],"author":[{"embeddable":true,"href":"https:\/\/marevik.ee\/test\/wp-json\/wp\/v2\/users\/1"}],"replies":[{"embeddable":true,"href":"https:\/\/marevik.ee\/test\/wp-json\/wp\/v2\/comments?post=17209"}],"version-history":[{"count":13,"href":"https:\/\/marevik.ee\/test\/wp-json\/wp\/v2\/pages\/17209\/revisions"}],"predecessor-version":[{"id":17405,"href":"https:\/\/marevik.ee\/test\/wp-json\/wp\/v2\/pages\/17209\/revisions\/17405"}],"wp:attachment":[{"href":"https:\/\/marevik.ee\/test\/wp-json\/wp\/v2\/media?parent=17209"}],"curies":[{"name":"wp","href":"https:\/\/api.w.org\/{rel}","templated":true}]}}