{"id":11056,"date":"2020-08-06T12:18:44","date_gmt":"2020-08-06T12:18:44","guid":{"rendered":"https:\/\/xn--mblusmasinapood-rsb.ee\/product\/tikkimismasin-bernina-500-e\/"},"modified":"2023-02-14T09:06:16","modified_gmt":"2023-02-14T09:06:16","slug":"tikkimismasin-bernina-500-e","status":"publish","type":"product","link":"https:\/\/marevik.ee\/test\/toode\/tikkimismasin-bernina-500-e\/","title":{"rendered":"Tikkimismasin Bernina 500 E"},"content":{"rendered":"<p>Maksimaalne tikkimispiirkond 40&#215;15 cm<br \/>\nMaksimaalne tikkimiskiirus 1000 pst\/min<br \/>\nAutomaatne niidil\u00f5ikus<br \/>\nNiidi katkemise v\u00f5i l\u00f5ppemise kontroll<br \/>\nT\u00f6\u00f6laua valgustus 12 punkti LED<br \/>\nMasina m\u00e4lus 275 valmisdisaini<br \/>\n8 erinevat fonti t\u00e4hestikku<br \/>\nLoeb disainiformaate: EXP. DST. PES. PEC. JEF. SEW. PCS. XXX.<br \/>\nUSB \u00fchendus disainide ekspordiks ja impordiks<br \/>\nKomplektis tikkimisraamid 25&#215;14 ja 13&#215;10<br \/>\nDisainimisprogramm Bernina ArtLink (alla laetav bernina.com lehelt)<\/p>\n","protected":false},"excerpt":{"rendered":"<p>Uus Bernina 500 tikkimismasin on kohal. Suure tikkimisala ja t\u00f6\u00f6kiirusega masin sobib iga k\u00e4sit\u00f6\u00f6lise t\u00f6\u00f6tuppa. Laitmatu insenerit\u00f6\u00f6 ja \u0160veitsi kvaliteet teeb Teile masina usaldusv\u00e4\u00e4rseks t\u00f6\u00f6riistaks aastak\u00fcmneteks.<\/p>\n","protected":false},"featured_media":11057,"template":"","meta":{"site-sidebar-layout":"default","site-content-layout":"default","ast-site-content-layout":"","site-content-style":"default","site-sidebar-style":"default","ast-global-header-display":"","ast-banner-title-visibility":"","ast-main-header-display":"","ast-hfb-above-header-display":"","ast-hfb-below-header-display":"","ast-hfb-mobile-header-display":"","site-post-title":"","ast-breadcrumbs-content":"","ast-featured-img":"","footer-sml-layout":"","theme-transparent-header-meta":"default","adv-header-id-meta":"","stick-header-meta":"","header-above-stick-meta":"","header-main-stick-meta":"","header-below-stick-meta":"","astra-migrate-meta-layouts":"default","ast-page-background-enabled":"default","ast-page-background-meta":{"desktop":{"background-color":"","background-image":"","background-repeat":"repeat","background-position":"center center","background-size":"auto","background-attachment":"scroll","background-type":"","background-media":"","overlay-type":"","overlay-color":"","overlay-opacity":"","overlay-gradient":""},"tablet":{"background-color":"","background-image":"","background-repeat":"repeat","background-position":"center center","background-size":"auto","background-attachment":"scroll","background-type":"","background-media":"","overlay-type":"","overlay-color":"","overlay-opacity":"","overlay-gradient":""},"mobile":{"background-color":"","background-image":"","background-repeat":"repeat","background-position":"center center","background-size":"auto","background-attachment":"scroll","background-type":"","background-media":"","overlay-type":"","overlay-color":"","overlay-opacity":"","overlay-gradient":""}},"ast-content-background-meta":{"desktop":{"background-color":"var(--ast-global-color-5)","background-image":"","background-repeat":"repeat","background-position":"center center","background-size":"auto","background-attachment":"scroll","background-type":"","background-media":"","overlay-type":"","overlay-color":"","overlay-opacity":"","overlay-gradient":""},"tablet":{"background-color":"var(--ast-global-color-5)","background-image":"","background-repeat":"repeat","background-position":"center center","background-size":"auto","background-attachment":"scroll","background-type":"","background-media":"","overlay-type":"","overlay-color":"","overlay-opacity":"","overlay-gradient":""},"mobile":{"background-color":"var(--ast-global-color-5)","background-image":"","background-repeat":"repeat","background-position":"center center","background-size":"auto","background-attachment":"scroll","background-type":"","background-media":"","overlay-type":"","overlay-color":"","overlay-opacity":"","overlay-gradient":""}}},"product_brand":[],"product_cat":[96,63],"product_tag":[108],"class_list":{"0":"post-11056","1":"product","2":"type-product","3":"status-publish","4":"has-post-thumbnail","6":"product_cat-bernina-tikkimismasinad","7":"product_cat-tikkimismasinad","8":"product_tag-bernina","9":"desktop-align-left","10":"tablet-align-left","11":"mobile-align-left","13":"first","14":"instock","15":"taxable","16":"shipping-taxable","17":"purchasable","18":"product-type-simple"},"yoast_head":"<!-- This site is optimized with the Yoast SEO plugin v26.1.1 - https:\/\/yoast.com\/wordpress\/plugins\/seo\/ -->\n<title>Tikkimismasin Bernina 500 E - Laitmatu insenerit\u00f6\u00f6 ja \u0160veitsi kvaliteet<\/title>\n<meta name=\"description\" content=\"Uus Bernina 500 tikkimismasin on kohal. Suure tikkimisala ja t\u00f6\u00f6kiirusega masin sobib iga k\u00e4sit\u00f6\u00f6lise t\u00f6\u00f6tuppa. Laitmatu insenerit\u00f6\u00f6 ja \u0160veitsi kvaliteet teeb Teile masina usaldusv\u00e4\u00e4rseks t\u00f6\u00f6riistaks aastak\u00fcmneteks.\" \/>\n<meta name=\"robots\" content=\"index, follow, max-snippet:-1, max-image-preview:large, max-video-preview:-1\" \/>\n<link rel=\"canonical\" href=\"https:\/\/marevik.ee\/test\/toode\/tikkimismasin-bernina-500-e\/\" \/>\n<meta property=\"og:locale\" content=\"en_US\" \/>\n<meta property=\"og:type\" content=\"article\" \/>\n<meta property=\"og:title\" content=\"Tikkimismasin Bernina 500 E - Laitmatu insenerit\u00f6\u00f6 ja \u0160veitsi kvaliteet\" \/>\n<meta property=\"og:description\" content=\"Uus Bernina 500 tikkimismasin on kohal. Suure tikkimisala ja t\u00f6\u00f6kiirusega masin sobib iga k\u00e4sit\u00f6\u00f6lise t\u00f6\u00f6tuppa. Laitmatu insenerit\u00f6\u00f6 ja \u0160veitsi kvaliteet teeb Teile masina usaldusv\u00e4\u00e4rseks t\u00f6\u00f6riistaks aastak\u00fcmneteks.\" \/>\n<meta property=\"og:url\" content=\"https:\/\/marevik.ee\/test\/toode\/tikkimismasin-bernina-500-e\/\" \/>\n<meta property=\"og:site_name\" content=\"Marevik O&Uuml;\" \/>\n<meta property=\"article:modified_time\" content=\"2023-02-14T09:06:16+00:00\" \/>\n<meta property=\"og:image\" content=\"https:\/\/marevik.ee\/test\/wp-content\/uploads\/2021\/03\/bernina-500-e.jpg\" \/>\n\t<meta property=\"og:image:width\" content=\"700\" \/>\n\t<meta property=\"og:image:height\" content=\"700\" \/>\n\t<meta property=\"og:image:type\" content=\"image\/jpeg\" \/>\n<meta name=\"twitter:card\" content=\"summary_large_image\" \/>\n<meta name=\"twitter:label1\" content=\"Est. reading time\" \/>\n\t<meta name=\"twitter:data1\" content=\"1 minute\" \/>\n<script type=\"application\/ld+json\" class=\"yoast-schema-graph\">{\"@context\":\"https:\/\/schema.org\",\"@graph\":[{\"@type\":\"WebPage\",\"@id\":\"https:\/\/marevik.ee\/test\/toode\/tikkimismasin-bernina-500-e\/\",\"url\":\"https:\/\/marevik.ee\/test\/toode\/tikkimismasin-bernina-500-e\/\",\"name\":\"Tikkimismasin Bernina 500 E - Laitmatu insenerit\u00f6\u00f6 ja \u0160veitsi kvaliteet\",\"isPartOf\":{\"@id\":\"https:\/\/marevik.ee\/test\/#website\"},\"primaryImageOfPage\":{\"@id\":\"https:\/\/marevik.ee\/test\/toode\/tikkimismasin-bernina-500-e\/#primaryimage\"},\"image\":{\"@id\":\"https:\/\/marevik.ee\/test\/toode\/tikkimismasin-bernina-500-e\/#primaryimage\"},\"thumbnailUrl\":\"https:\/\/marevik.ee\/test\/wp-content\/uploads\/2021\/03\/bernina-500-e.jpg\",\"datePublished\":\"2020-08-06T12:18:44+00:00\",\"dateModified\":\"2023-02-14T09:06:16+00:00\",\"description\":\"Uus Bernina 500 tikkimismasin on kohal. Suure tikkimisala ja t\u00f6\u00f6kiirusega masin sobib iga k\u00e4sit\u00f6\u00f6lise t\u00f6\u00f6tuppa. Laitmatu insenerit\u00f6\u00f6 ja \u0160veitsi kvaliteet teeb Teile masina usaldusv\u00e4\u00e4rseks t\u00f6\u00f6riistaks aastak\u00fcmneteks.\",\"breadcrumb\":{\"@id\":\"https:\/\/marevik.ee\/test\/toode\/tikkimismasin-bernina-500-e\/#breadcrumb\"},\"inLanguage\":\"en\",\"potentialAction\":[{\"@type\":\"ReadAction\",\"target\":[\"https:\/\/marevik.ee\/test\/toode\/tikkimismasin-bernina-500-e\/\"]}]},{\"@type\":\"ImageObject\",\"inLanguage\":\"en\",\"@id\":\"https:\/\/marevik.ee\/test\/toode\/tikkimismasin-bernina-500-e\/#primaryimage\",\"url\":\"https:\/\/marevik.ee\/test\/wp-content\/uploads\/2021\/03\/bernina-500-e.jpg\",\"contentUrl\":\"https:\/\/marevik.ee\/test\/wp-content\/uploads\/2021\/03\/bernina-500-e.jpg\",\"width\":700,\"height\":700,\"caption\":\"Tikkimismasin Bernina 500 E\"},{\"@type\":\"BreadcrumbList\",\"@id\":\"https:\/\/marevik.ee\/test\/toode\/tikkimismasin-bernina-500-e\/#breadcrumb\",\"itemListElement\":[{\"@type\":\"ListItem\",\"position\":1,\"name\":\"Home\",\"item\":\"https:\/\/marevik.ee\/test\/\"},{\"@type\":\"ListItem\",\"position\":2,\"name\":\"E-POOD\",\"item\":\"https:\/\/marevik.ee\/test\/epood\/\"},{\"@type\":\"ListItem\",\"position\":3,\"name\":\"Tikkimismasin Bernina 500 E\"}]},{\"@type\":\"WebSite\",\"@id\":\"https:\/\/marevik.ee\/test\/#website\",\"url\":\"https:\/\/marevik.ee\/test\/\",\"name\":\"Marevik O&Uuml;\",\"description\":\"&Otilde;mblusmasina asjatundja\",\"publisher\":{\"@id\":\"https:\/\/marevik.ee\/test\/#organization\"},\"potentialAction\":[{\"@type\":\"SearchAction\",\"target\":{\"@type\":\"EntryPoint\",\"urlTemplate\":\"https:\/\/marevik.ee\/test\/?s={search_term_string}\"},\"query-input\":{\"@type\":\"PropertyValueSpecification\",\"valueRequired\":true,\"valueName\":\"search_term_string\"}}],\"inLanguage\":\"en\"},{\"@type\":\"Organization\",\"@id\":\"https:\/\/marevik.ee\/test\/#organization\",\"name\":\"Marevik O&Uuml;\",\"url\":\"https:\/\/marevik.ee\/test\/\",\"logo\":{\"@type\":\"ImageObject\",\"inLanguage\":\"en\",\"@id\":\"https:\/\/marevik.ee\/test\/#\/schema\/logo\/image\/\",\"url\":\"https:\/\/marevik.ee\/test\/wp-content\/uploads\/2020\/02\/mblusmasina-asjatundja-1994_173x105_veebi_v-ike.jpg\",\"contentUrl\":\"https:\/\/marevik.ee\/test\/wp-content\/uploads\/2020\/02\/mblusmasina-asjatundja-1994_173x105_veebi_v-ike.jpg\",\"width\":173,\"height\":105,\"caption\":\"Marevik O&Uuml;\"},\"image\":{\"@id\":\"https:\/\/marevik.ee\/test\/#\/schema\/logo\/image\/\"}}]}<\/script>\n<!-- \/ Yoast SEO plugin. -->","yoast_head_json":{"title":"Tikkimismasin Bernina 500 E - Laitmatu insenerit\u00f6\u00f6 ja \u0160veitsi kvaliteet","description":"Uus Bernina 500 tikkimismasin on kohal. Suure tikkimisala ja t\u00f6\u00f6kiirusega masin sobib iga k\u00e4sit\u00f6\u00f6lise t\u00f6\u00f6tuppa. Laitmatu insenerit\u00f6\u00f6 ja \u0160veitsi kvaliteet teeb Teile masina usaldusv\u00e4\u00e4rseks t\u00f6\u00f6riistaks aastak\u00fcmneteks.","robots":{"index":"index","follow":"follow","max-snippet":"max-snippet:-1","max-image-preview":"max-image-preview:large","max-video-preview":"max-video-preview:-1"},"canonical":"https:\/\/marevik.ee\/test\/toode\/tikkimismasin-bernina-500-e\/","og_locale":"en_US","og_type":"article","og_title":"Tikkimismasin Bernina 500 E - Laitmatu insenerit\u00f6\u00f6 ja \u0160veitsi kvaliteet","og_description":"Uus Bernina 500 tikkimismasin on kohal. Suure tikkimisala ja t\u00f6\u00f6kiirusega masin sobib iga k\u00e4sit\u00f6\u00f6lise t\u00f6\u00f6tuppa. Laitmatu insenerit\u00f6\u00f6 ja \u0160veitsi kvaliteet teeb Teile masina usaldusv\u00e4\u00e4rseks t\u00f6\u00f6riistaks aastak\u00fcmneteks.","og_url":"https:\/\/marevik.ee\/test\/toode\/tikkimismasin-bernina-500-e\/","og_site_name":"Marevik O&Uuml;","article_modified_time":"2023-02-14T09:06:16+00:00","og_image":[{"width":700,"height":700,"url":"https:\/\/marevik.ee\/test\/wp-content\/uploads\/2021\/03\/bernina-500-e.jpg","type":"image\/jpeg"}],"twitter_card":"summary_large_image","twitter_misc":{"Est. reading time":"1 minute"},"schema":{"@context":"https:\/\/schema.org","@graph":[{"@type":"WebPage","@id":"https:\/\/marevik.ee\/test\/toode\/tikkimismasin-bernina-500-e\/","url":"https:\/\/marevik.ee\/test\/toode\/tikkimismasin-bernina-500-e\/","name":"Tikkimismasin Bernina 500 E - Laitmatu insenerit\u00f6\u00f6 ja \u0160veitsi kvaliteet","isPartOf":{"@id":"https:\/\/marevik.ee\/test\/#website"},"primaryImageOfPage":{"@id":"https:\/\/marevik.ee\/test\/toode\/tikkimismasin-bernina-500-e\/#primaryimage"},"image":{"@id":"https:\/\/marevik.ee\/test\/toode\/tikkimismasin-bernina-500-e\/#primaryimage"},"thumbnailUrl":"https:\/\/marevik.ee\/test\/wp-content\/uploads\/2021\/03\/bernina-500-e.jpg","datePublished":"2020-08-06T12:18:44+00:00","dateModified":"2023-02-14T09:06:16+00:00","description":"Uus Bernina 500 tikkimismasin on kohal. Suure tikkimisala ja t\u00f6\u00f6kiirusega masin sobib iga k\u00e4sit\u00f6\u00f6lise t\u00f6\u00f6tuppa. Laitmatu insenerit\u00f6\u00f6 ja \u0160veitsi kvaliteet teeb Teile masina usaldusv\u00e4\u00e4rseks t\u00f6\u00f6riistaks aastak\u00fcmneteks.","breadcrumb":{"@id":"https:\/\/marevik.ee\/test\/toode\/tikkimismasin-bernina-500-e\/#breadcrumb"},"inLanguage":"en","potentialAction":[{"@type":"ReadAction","target":["https:\/\/marevik.ee\/test\/toode\/tikkimismasin-bernina-500-e\/"]}]},{"@type":"ImageObject","inLanguage":"en","@id":"https:\/\/marevik.ee\/test\/toode\/tikkimismasin-bernina-500-e\/#primaryimage","url":"https:\/\/marevik.ee\/test\/wp-content\/uploads\/2021\/03\/bernina-500-e.jpg","contentUrl":"https:\/\/marevik.ee\/test\/wp-content\/uploads\/2021\/03\/bernina-500-e.jpg","width":700,"height":700,"caption":"Tikkimismasin Bernina 500 E"},{"@type":"BreadcrumbList","@id":"https:\/\/marevik.ee\/test\/toode\/tikkimismasin-bernina-500-e\/#breadcrumb","itemListElement":[{"@type":"ListItem","position":1,"name":"Home","item":"https:\/\/marevik.ee\/test\/"},{"@type":"ListItem","position":2,"name":"E-POOD","item":"https:\/\/marevik.ee\/test\/epood\/"},{"@type":"ListItem","position":3,"name":"Tikkimismasin Bernina 500 E"}]},{"@type":"WebSite","@id":"https:\/\/marevik.ee\/test\/#website","url":"https:\/\/marevik.ee\/test\/","name":"Marevik O&Uuml;","description":"&Otilde;mblusmasina asjatundja","publisher":{"@id":"https:\/\/marevik.ee\/test\/#organization"},"potentialAction":[{"@type":"SearchAction","target":{"@type":"EntryPoint","urlTemplate":"https:\/\/marevik.ee\/test\/?s={search_term_string}"},"query-input":{"@type":"PropertyValueSpecification","valueRequired":true,"valueName":"search_term_string"}}],"inLanguage":"en"},{"@type":"Organization","@id":"https:\/\/marevik.ee\/test\/#organization","name":"Marevik O&Uuml;","url":"https:\/\/marevik.ee\/test\/","logo":{"@type":"ImageObject","inLanguage":"en","@id":"https:\/\/marevik.ee\/test\/#\/schema\/logo\/image\/","url":"https:\/\/marevik.ee\/test\/wp-content\/uploads\/2020\/02\/mblusmasina-asjatundja-1994_173x105_veebi_v-ike.jpg","contentUrl":"https:\/\/marevik.ee\/test\/wp-content\/uploads\/2020\/02\/mblusmasina-asjatundja-1994_173x105_veebi_v-ike.jpg","width":173,"height":105,"caption":"Marevik O&Uuml;"},"image":{"@id":"https:\/\/marevik.ee\/test\/#\/schema\/logo\/image\/"}}]}},"_links":{"self":[{"href":"https:\/\/marevik.ee\/test\/wp-json\/wp\/v2\/product\/11056","targetHints":{"allow":["GET"]}}],"collection":[{"href":"https:\/\/marevik.ee\/test\/wp-json\/wp\/v2\/product"}],"about":[{"href":"https:\/\/marevik.ee\/test\/wp-json\/wp\/v2\/types\/product"}],"wp:featuredmedia":[{"embeddable":true,"href":"https:\/\/marevik.ee\/test\/wp-json\/wp\/v2\/media\/11057"}],"wp:attachment":[{"href":"https:\/\/marevik.ee\/test\/wp-json\/wp\/v2\/media?parent=11056"}],"wp:term":[{"taxonomy":"product_brand","embeddable":true,"href":"https:\/\/marevik.ee\/test\/wp-json\/wp\/v2\/product_brand?post=11056"},{"taxonomy":"product_cat","embeddable":true,"href":"https:\/\/marevik.ee\/test\/wp-json\/wp\/v2\/product_cat?post=11056"},{"taxonomy":"product_tag","embeddable":true,"href":"https:\/\/marevik.ee\/test\/wp-json\/wp\/v2\/product_tag?post=11056"}],"curies":[{"name":"wp","href":"https:\/\/api.w.org\/{rel}","templated":true}]}}