{"id":11066,"date":"2020-08-06T12:54:29","date_gmt":"2020-08-06T12:54:29","guid":{"rendered":"https:\/\/xn--mblusmasinapood-rsb.ee\/product\/tikkimisprogramm-pe-design-plus-2\/"},"modified":"2025-07-01T07:32:24","modified_gmt":"2025-07-01T07:32:24","slug":"tikkimisprogramm-pe-design-plus-2","status":"publish","type":"product","link":"https:\/\/marevik.ee\/test\/toode\/tikkimisprogramm-pe-design-plus-2\/","title":{"rendered":"Tikkimisprogramm PE-Design Plus 2"},"content":{"rendered":"","protected":false},"excerpt":{"rendered":"<p>PE-Design Plus 2 tikkimistarkvara pakub k\u00f5iki vajalikke baasfunktsioone tikandi loomiseks. Vali 35 erineva kirjastiili hulgast endale meelep\u00e4rane ning t\u00e4ienda tikkimismotiivi nime, monogrammi v\u00f5i m\u00f5ne m\u00f5tteteraga. T\u00e4nu Photo Stitch funktsioonile saad muuta foto kiirelt ja h\u00f5lpsalt tikandiks. V\u00f5i loo FCM formaadis faile aplikatsioonide v\u00e4ljal\u00f5ikamiseks ScanNCut l\u00f5ikamisseadmega.<\/p>\n","protected":false},"featured_media":11067,"template":"","meta":{"site-sidebar-layout":"default","site-content-layout":"default","ast-site-content-layout":"default","site-content-style":"default","site-sidebar-style":"default","ast-global-header-display":"","ast-banner-title-visibility":"","ast-main-header-display":"","ast-hfb-above-header-display":"","ast-hfb-below-header-display":"","ast-hfb-mobile-header-display":"","site-post-title":"","ast-breadcrumbs-content":"","ast-featured-img":"","footer-sml-layout":"","theme-transparent-header-meta":"default","adv-header-id-meta":"","stick-header-meta":"","header-above-stick-meta":"","header-main-stick-meta":"","header-below-stick-meta":"","astra-migrate-meta-layouts":"set","ast-page-background-enabled":"default","ast-page-background-meta":{"desktop":{"background-color":"","background-image":"","background-repeat":"repeat","background-position":"center center","background-size":"auto","background-attachment":"scroll","background-type":"","background-media":"","overlay-type":"","overlay-color":"","overlay-opacity":"","overlay-gradient":""},"tablet":{"background-color":"","background-image":"","background-repeat":"repeat","background-position":"center center","background-size":"auto","background-attachment":"scroll","background-type":"","background-media":"","overlay-type":"","overlay-color":"","overlay-opacity":"","overlay-gradient":""},"mobile":{"background-color":"","background-image":"","background-repeat":"repeat","background-position":"center center","background-size":"auto","background-attachment":"scroll","background-type":"","background-media":"","overlay-type":"","overlay-color":"","overlay-opacity":"","overlay-gradient":""}},"ast-content-background-meta":{"desktop":{"background-color":"var(--ast-global-color-5)","background-image":"","background-repeat":"repeat","background-position":"center center","background-size":"auto","background-attachment":"scroll","background-type":"","background-media":"","overlay-type":"","overlay-color":"","overlay-opacity":"","overlay-gradient":""},"tablet":{"background-color":"var(--ast-global-color-5)","background-image":"","background-repeat":"repeat","background-position":"center center","background-size":"auto","background-attachment":"scroll","background-type":"","background-media":"","overlay-type":"","overlay-color":"","overlay-opacity":"","overlay-gradient":""},"mobile":{"background-color":"var(--ast-global-color-5)","background-image":"","background-repeat":"repeat","background-position":"center center","background-size":"auto","background-attachment":"scroll","background-type":"","background-media":"","overlay-type":"","overlay-color":"","overlay-opacity":"","overlay-gradient":""}}},"product_brand":[],"product_cat":[86,63],"product_tag":[85],"class_list":{"0":"post-11066","1":"product","2":"type-product","3":"status-publish","4":"has-post-thumbnail","6":"product_cat-brother-tikkimismasinad","7":"product_cat-tikkimismasinad","8":"product_tag-brother","9":"desktop-align-left","10":"tablet-align-left","11":"mobile-align-left","13":"first","14":"instock","15":"taxable","16":"shipping-taxable","17":"purchasable","18":"product-type-simple"},"yoast_head":"<!-- This site is optimized with the Yoast SEO plugin v26.1.1 - https:\/\/yoast.com\/wordpress\/plugins\/seo\/ -->\n<title>Tikkimisprogramm PE-Design Plus 2 - \u00d5mblusmasinate m\u00fc\u00fck \u00fcle Eesti.<\/title>\n<meta name=\"description\" content=\"Kvaliteetsed \u00f5mblusmasinad, tikkimismasinad ja overlokid vaid m\u00f5ne kliki kaugusel. Marevik O\u00dc e-poest on lihtne ja mugav osta. Tasuta transport \u00fcle Eesti.\" \/>\n<meta name=\"robots\" content=\"index, follow, max-snippet:-1, max-image-preview:large, max-video-preview:-1\" \/>\n<link rel=\"canonical\" href=\"https:\/\/marevik.ee\/test\/toode\/tikkimisprogramm-pe-design-plus-2\/\" \/>\n<meta property=\"og:locale\" content=\"en_US\" \/>\n<meta property=\"og:type\" content=\"article\" \/>\n<meta property=\"og:title\" content=\"Tikkimisprogramm PE-Design Plus 2 - \u00d5mblusmasinate m\u00fc\u00fck \u00fcle Eesti.\" \/>\n<meta property=\"og:description\" content=\"Kvaliteetsed \u00f5mblusmasinad, tikkimismasinad ja overlokid vaid m\u00f5ne kliki kaugusel. Marevik O\u00dc e-poest on lihtne ja mugav osta. Tasuta transport \u00fcle Eesti.\" \/>\n<meta property=\"og:url\" content=\"https:\/\/marevik.ee\/test\/toode\/tikkimisprogramm-pe-design-plus-2\/\" \/>\n<meta property=\"og:site_name\" content=\"Marevik O&Uuml;\" \/>\n<meta property=\"article:modified_time\" content=\"2025-07-01T07:32:24+00:00\" \/>\n<meta property=\"og:image\" content=\"https:\/\/marevik.ee\/test\/wp-content\/uploads\/2021\/03\/pe-designplu.jpg.png\" \/>\n\t<meta property=\"og:image:width\" content=\"564\" \/>\n\t<meta property=\"og:image:height\" content=\"423\" \/>\n\t<meta property=\"og:image:type\" content=\"image\/png\" \/>\n<meta name=\"twitter:card\" content=\"summary_large_image\" \/>\n<meta name=\"twitter:label1\" content=\"Est. reading time\" \/>\n\t<meta name=\"twitter:data1\" content=\"1 minute\" \/>\n<script type=\"application\/ld+json\" class=\"yoast-schema-graph\">{\"@context\":\"https:\/\/schema.org\",\"@graph\":[{\"@type\":\"WebPage\",\"@id\":\"https:\/\/marevik.ee\/test\/toode\/tikkimisprogramm-pe-design-plus-2\/\",\"url\":\"https:\/\/marevik.ee\/test\/toode\/tikkimisprogramm-pe-design-plus-2\/\",\"name\":\"Tikkimisprogramm PE-Design Plus 2 - \u00d5mblusmasinate m\u00fc\u00fck \u00fcle Eesti.\",\"isPartOf\":{\"@id\":\"https:\/\/marevik.ee\/test\/#website\"},\"primaryImageOfPage\":{\"@id\":\"https:\/\/marevik.ee\/test\/toode\/tikkimisprogramm-pe-design-plus-2\/#primaryimage\"},\"image\":{\"@id\":\"https:\/\/marevik.ee\/test\/toode\/tikkimisprogramm-pe-design-plus-2\/#primaryimage\"},\"thumbnailUrl\":\"https:\/\/marevik.ee\/test\/wp-content\/uploads\/2021\/03\/pe-designplu.jpg.png\",\"datePublished\":\"2020-08-06T12:54:29+00:00\",\"dateModified\":\"2025-07-01T07:32:24+00:00\",\"description\":\"Kvaliteetsed \u00f5mblusmasinad, tikkimismasinad ja overlokid vaid m\u00f5ne kliki kaugusel. Marevik O\u00dc e-poest on lihtne ja mugav osta. Tasuta transport \u00fcle Eesti.\",\"breadcrumb\":{\"@id\":\"https:\/\/marevik.ee\/test\/toode\/tikkimisprogramm-pe-design-plus-2\/#breadcrumb\"},\"inLanguage\":\"en\",\"potentialAction\":[{\"@type\":\"ReadAction\",\"target\":[\"https:\/\/marevik.ee\/test\/toode\/tikkimisprogramm-pe-design-plus-2\/\"]}]},{\"@type\":\"ImageObject\",\"inLanguage\":\"en\",\"@id\":\"https:\/\/marevik.ee\/test\/toode\/tikkimisprogramm-pe-design-plus-2\/#primaryimage\",\"url\":\"https:\/\/marevik.ee\/test\/wp-content\/uploads\/2021\/03\/pe-designplu.jpg.png\",\"contentUrl\":\"https:\/\/marevik.ee\/test\/wp-content\/uploads\/2021\/03\/pe-designplu.jpg.png\",\"width\":564,\"height\":423,\"caption\":\"Tikkimisprogramm PE-Design Plus 2\"},{\"@type\":\"BreadcrumbList\",\"@id\":\"https:\/\/marevik.ee\/test\/toode\/tikkimisprogramm-pe-design-plus-2\/#breadcrumb\",\"itemListElement\":[{\"@type\":\"ListItem\",\"position\":1,\"name\":\"Home\",\"item\":\"https:\/\/marevik.ee\/test\/\"},{\"@type\":\"ListItem\",\"position\":2,\"name\":\"E-POOD\",\"item\":\"https:\/\/marevik.ee\/test\/epood\/\"},{\"@type\":\"ListItem\",\"position\":3,\"name\":\"Tikkimisprogramm PE-Design Plus 2\"}]},{\"@type\":\"WebSite\",\"@id\":\"https:\/\/marevik.ee\/test\/#website\",\"url\":\"https:\/\/marevik.ee\/test\/\",\"name\":\"Marevik O&Uuml;\",\"description\":\"&Otilde;mblusmasina asjatundja\",\"publisher\":{\"@id\":\"https:\/\/marevik.ee\/test\/#organization\"},\"potentialAction\":[{\"@type\":\"SearchAction\",\"target\":{\"@type\":\"EntryPoint\",\"urlTemplate\":\"https:\/\/marevik.ee\/test\/?s={search_term_string}\"},\"query-input\":{\"@type\":\"PropertyValueSpecification\",\"valueRequired\":true,\"valueName\":\"search_term_string\"}}],\"inLanguage\":\"en\"},{\"@type\":\"Organization\",\"@id\":\"https:\/\/marevik.ee\/test\/#organization\",\"name\":\"Marevik O&Uuml;\",\"url\":\"https:\/\/marevik.ee\/test\/\",\"logo\":{\"@type\":\"ImageObject\",\"inLanguage\":\"en\",\"@id\":\"https:\/\/marevik.ee\/test\/#\/schema\/logo\/image\/\",\"url\":\"https:\/\/marevik.ee\/test\/wp-content\/uploads\/2020\/02\/mblusmasina-asjatundja-1994_173x105_veebi_v-ike.jpg\",\"contentUrl\":\"https:\/\/marevik.ee\/test\/wp-content\/uploads\/2020\/02\/mblusmasina-asjatundja-1994_173x105_veebi_v-ike.jpg\",\"width\":173,\"height\":105,\"caption\":\"Marevik O&Uuml;\"},\"image\":{\"@id\":\"https:\/\/marevik.ee\/test\/#\/schema\/logo\/image\/\"}}]}<\/script>\n<!-- \/ Yoast SEO plugin. -->","yoast_head_json":{"title":"Tikkimisprogramm PE-Design Plus 2 - \u00d5mblusmasinate m\u00fc\u00fck \u00fcle Eesti.","description":"Kvaliteetsed \u00f5mblusmasinad, tikkimismasinad ja overlokid vaid m\u00f5ne kliki kaugusel. Marevik O\u00dc e-poest on lihtne ja mugav osta. Tasuta transport \u00fcle Eesti.","robots":{"index":"index","follow":"follow","max-snippet":"max-snippet:-1","max-image-preview":"max-image-preview:large","max-video-preview":"max-video-preview:-1"},"canonical":"https:\/\/marevik.ee\/test\/toode\/tikkimisprogramm-pe-design-plus-2\/","og_locale":"en_US","og_type":"article","og_title":"Tikkimisprogramm PE-Design Plus 2 - \u00d5mblusmasinate m\u00fc\u00fck \u00fcle Eesti.","og_description":"Kvaliteetsed \u00f5mblusmasinad, tikkimismasinad ja overlokid vaid m\u00f5ne kliki kaugusel. Marevik O\u00dc e-poest on lihtne ja mugav osta. Tasuta transport \u00fcle Eesti.","og_url":"https:\/\/marevik.ee\/test\/toode\/tikkimisprogramm-pe-design-plus-2\/","og_site_name":"Marevik O&Uuml;","article_modified_time":"2025-07-01T07:32:24+00:00","og_image":[{"width":564,"height":423,"url":"https:\/\/marevik.ee\/test\/wp-content\/uploads\/2021\/03\/pe-designplu.jpg.png","type":"image\/png"}],"twitter_card":"summary_large_image","twitter_misc":{"Est. reading time":"1 minute"},"schema":{"@context":"https:\/\/schema.org","@graph":[{"@type":"WebPage","@id":"https:\/\/marevik.ee\/test\/toode\/tikkimisprogramm-pe-design-plus-2\/","url":"https:\/\/marevik.ee\/test\/toode\/tikkimisprogramm-pe-design-plus-2\/","name":"Tikkimisprogramm PE-Design Plus 2 - \u00d5mblusmasinate m\u00fc\u00fck \u00fcle Eesti.","isPartOf":{"@id":"https:\/\/marevik.ee\/test\/#website"},"primaryImageOfPage":{"@id":"https:\/\/marevik.ee\/test\/toode\/tikkimisprogramm-pe-design-plus-2\/#primaryimage"},"image":{"@id":"https:\/\/marevik.ee\/test\/toode\/tikkimisprogramm-pe-design-plus-2\/#primaryimage"},"thumbnailUrl":"https:\/\/marevik.ee\/test\/wp-content\/uploads\/2021\/03\/pe-designplu.jpg.png","datePublished":"2020-08-06T12:54:29+00:00","dateModified":"2025-07-01T07:32:24+00:00","description":"Kvaliteetsed \u00f5mblusmasinad, tikkimismasinad ja overlokid vaid m\u00f5ne kliki kaugusel. Marevik O\u00dc e-poest on lihtne ja mugav osta. Tasuta transport \u00fcle Eesti.","breadcrumb":{"@id":"https:\/\/marevik.ee\/test\/toode\/tikkimisprogramm-pe-design-plus-2\/#breadcrumb"},"inLanguage":"en","potentialAction":[{"@type":"ReadAction","target":["https:\/\/marevik.ee\/test\/toode\/tikkimisprogramm-pe-design-plus-2\/"]}]},{"@type":"ImageObject","inLanguage":"en","@id":"https:\/\/marevik.ee\/test\/toode\/tikkimisprogramm-pe-design-plus-2\/#primaryimage","url":"https:\/\/marevik.ee\/test\/wp-content\/uploads\/2021\/03\/pe-designplu.jpg.png","contentUrl":"https:\/\/marevik.ee\/test\/wp-content\/uploads\/2021\/03\/pe-designplu.jpg.png","width":564,"height":423,"caption":"Tikkimisprogramm PE-Design Plus 2"},{"@type":"BreadcrumbList","@id":"https:\/\/marevik.ee\/test\/toode\/tikkimisprogramm-pe-design-plus-2\/#breadcrumb","itemListElement":[{"@type":"ListItem","position":1,"name":"Home","item":"https:\/\/marevik.ee\/test\/"},{"@type":"ListItem","position":2,"name":"E-POOD","item":"https:\/\/marevik.ee\/test\/epood\/"},{"@type":"ListItem","position":3,"name":"Tikkimisprogramm PE-Design Plus 2"}]},{"@type":"WebSite","@id":"https:\/\/marevik.ee\/test\/#website","url":"https:\/\/marevik.ee\/test\/","name":"Marevik O&Uuml;","description":"&Otilde;mblusmasina asjatundja","publisher":{"@id":"https:\/\/marevik.ee\/test\/#organization"},"potentialAction":[{"@type":"SearchAction","target":{"@type":"EntryPoint","urlTemplate":"https:\/\/marevik.ee\/test\/?s={search_term_string}"},"query-input":{"@type":"PropertyValueSpecification","valueRequired":true,"valueName":"search_term_string"}}],"inLanguage":"en"},{"@type":"Organization","@id":"https:\/\/marevik.ee\/test\/#organization","name":"Marevik O&Uuml;","url":"https:\/\/marevik.ee\/test\/","logo":{"@type":"ImageObject","inLanguage":"en","@id":"https:\/\/marevik.ee\/test\/#\/schema\/logo\/image\/","url":"https:\/\/marevik.ee\/test\/wp-content\/uploads\/2020\/02\/mblusmasina-asjatundja-1994_173x105_veebi_v-ike.jpg","contentUrl":"https:\/\/marevik.ee\/test\/wp-content\/uploads\/2020\/02\/mblusmasina-asjatundja-1994_173x105_veebi_v-ike.jpg","width":173,"height":105,"caption":"Marevik O&Uuml;"},"image":{"@id":"https:\/\/marevik.ee\/test\/#\/schema\/logo\/image\/"}}]}},"_links":{"self":[{"href":"https:\/\/marevik.ee\/test\/wp-json\/wp\/v2\/product\/11066","targetHints":{"allow":["GET"]}}],"collection":[{"href":"https:\/\/marevik.ee\/test\/wp-json\/wp\/v2\/product"}],"about":[{"href":"https:\/\/marevik.ee\/test\/wp-json\/wp\/v2\/types\/product"}],"wp:featuredmedia":[{"embeddable":true,"href":"https:\/\/marevik.ee\/test\/wp-json\/wp\/v2\/media\/11067"}],"wp:attachment":[{"href":"https:\/\/marevik.ee\/test\/wp-json\/wp\/v2\/media?parent=11066"}],"wp:term":[{"taxonomy":"product_brand","embeddable":true,"href":"https:\/\/marevik.ee\/test\/wp-json\/wp\/v2\/product_brand?post=11066"},{"taxonomy":"product_cat","embeddable":true,"href":"https:\/\/marevik.ee\/test\/wp-json\/wp\/v2\/product_cat?post=11066"},{"taxonomy":"product_tag","embeddable":true,"href":"https:\/\/marevik.ee\/test\/wp-json\/wp\/v2\/product_tag?post=11066"}],"curies":[{"name":"wp","href":"https:\/\/api.w.org\/{rel}","templated":true}]}}