{"id":11155,"date":"2020-08-18T08:56:40","date_gmt":"2020-08-18T08:56:40","guid":{"rendered":"https:\/\/xn--mblusmasinapood-rsb.ee\/product\/brother-m-3034dwt\/"},"modified":"2025-07-09T12:19:17","modified_gmt":"2025-07-09T12:19:17","slug":"brother-m-3034dwt","status":"publish","type":"product","link":"https:\/\/marevik.ee\/test\/toode\/brother-m-3034dwt\/","title":{"rendered":"Brother M-3034DWT overlok"},"content":{"rendered":"<p>3- v\u00f5i 4- niidilised, l\u00f5ikab ja \u00f5mbleb \u00e4\u00e4ristuspisted.<br \/>\nKiire ja lihtne alumise silmusti niidistamine.<br \/>\n4- v\u00e4rviline niidistamisjuhis.<br \/>\nPerfeksed \u00f5mblused igale kanga paksusele j liigile.<br \/>\nPiste laius 5,0 \u2013 7,0 mm.<br \/>\nDifferentsiaals\u00f6\u00f6de erinevatele kangaliikidele, v\u00e4ldib veniva kanga servade v\u00e4ljavenitamist ja lokkimist.<br \/>\n\u00c4ra keeretav nuga.<br \/>\nVabajalg.<br \/>\nSisseehitatud valgustus.<br \/>\nPeitpiste presstald kangaservade \u00fcheaegseks \u00e4\u00e4ristuseks ja palistuseks.<br \/>\nPr\u00fcgisahtel kangaj\u00e4\u00e4tmete jaoks ning pedaali hoidmiseks, kui masin pole kasutuses.<br \/>\nNiitide keerdumise kaitse paremaks \u00f5mbluskvaliteediks.<br \/>\nKerge ja kompaktne masin koos kandesangaga.<br \/>\nKiirkinnitusega presstald.<br \/>\nPresstalla surveregulaator.<br \/>\nSisseehitatud tarvikutesahtel.<br \/>\nPehme kate<\/p>\n<p><strong>Masina komplekti kuuluvad muu hulgas l\u00f5ikej\u00e4\u00e4tmete koguja, t\u00f6\u00f6laua pikendus, peitepistetald, krookimistald ja paspuaalkandi tald. Kaasa tulevate lisaseadmete koguv\u00e4\u00e4rtus on \u00fcle 150 euro.<\/strong><\/p>\n","protected":false},"excerpt":{"rendered":"<p>Brother M-3034DWT on rikkaliku varustusega t\u00f6\u00f6kindel \u00e4\u00e4ristusmasin, mis vastab ka n\u00f5udlikuma \u00f5mbleja ootustele. Overlokki on lihtne niidistada ja \u00fcmber seadistada erinevate \u00e4\u00e4ristusfunktsioonide tegemiseks. Kogu niidistusteekonna skeem on m\u00e4rgitud erinevate v\u00e4rvidega masina korpusele. Varun\u00f5eladele, kruvikeerajale ja pintsettidele on esiluugis mugav hoiupaik. Mugavust lisab ka masina k\u00fcljele seadistatav t\u00f6\u00f6laua pikendus.<\/p>\n","protected":false},"featured_media":11156,"template":"","meta":{"site-sidebar-layout":"default","site-content-layout":"default","ast-site-content-layout":"default","site-content-style":"default","site-sidebar-style":"default","ast-global-header-display":"","ast-banner-title-visibility":"","ast-main-header-display":"","ast-hfb-above-header-display":"","ast-hfb-below-header-display":"","ast-hfb-mobile-header-display":"","site-post-title":"","ast-breadcrumbs-content":"","ast-featured-img":"","footer-sml-layout":"","theme-transparent-header-meta":"default","adv-header-id-meta":"","stick-header-meta":"","header-above-stick-meta":"","header-main-stick-meta":"","header-below-stick-meta":"","astra-migrate-meta-layouts":"set","ast-page-background-enabled":"default","ast-page-background-meta":{"desktop":{"background-color":"","background-image":"","background-repeat":"repeat","background-position":"center center","background-size":"auto","background-attachment":"scroll","background-type":"","background-media":"","overlay-type":"","overlay-color":"","overlay-opacity":"","overlay-gradient":""},"tablet":{"background-color":"","background-image":"","background-repeat":"repeat","background-position":"center center","background-size":"auto","background-attachment":"scroll","background-type":"","background-media":"","overlay-type":"","overlay-color":"","overlay-opacity":"","overlay-gradient":""},"mobile":{"background-color":"","background-image":"","background-repeat":"repeat","background-position":"center center","background-size":"auto","background-attachment":"scroll","background-type":"","background-media":"","overlay-type":"","overlay-color":"","overlay-opacity":"","overlay-gradient":""}},"ast-content-background-meta":{"desktop":{"background-color":"var(--ast-global-color-5)","background-image":"","background-repeat":"repeat","background-position":"center center","background-size":"auto","background-attachment":"scroll","background-type":"","background-media":"","overlay-type":"","overlay-color":"","overlay-opacity":"","overlay-gradient":""},"tablet":{"background-color":"var(--ast-global-color-5)","background-image":"","background-repeat":"repeat","background-position":"center center","background-size":"auto","background-attachment":"scroll","background-type":"","background-media":"","overlay-type":"","overlay-color":"","overlay-opacity":"","overlay-gradient":""},"mobile":{"background-color":"var(--ast-global-color-5)","background-image":"","background-repeat":"repeat","background-position":"center center","background-size":"auto","background-attachment":"scroll","background-type":"","background-media":"","overlay-type":"","overlay-color":"","overlay-opacity":"","overlay-gradient":""}}},"product_brand":[],"product_cat":[93,64],"product_tag":[85],"class_list":{"0":"post-11155","1":"product","2":"type-product","3":"status-publish","4":"has-post-thumbnail","6":"product_cat-brother-overlokid-ja-kattemasinad","7":"product_cat-overlokid-ja-kattemasinad","8":"product_tag-brother","9":"desktop-align-left","10":"tablet-align-left","11":"mobile-align-left","13":"first","14":"instock","15":"taxable","16":"shipping-taxable","17":"purchasable","18":"product-type-simple"},"yoast_head":"<!-- This site is optimized with the Yoast SEO plugin v26.1.1 - https:\/\/yoast.com\/wordpress\/plugins\/seo\/ -->\n<title>Brother M-3034DWT, rikkaliku varustusega uus t\u00f6\u00f6kindel \u00e4\u00e4ristusmasin.<\/title>\n<meta name=\"description\" content=\"Brother M-3034DWT on rikkaliku varustusega t\u00f6\u00f6kindel \u00e4\u00e4ristusmasin, mis vastab ka n\u00f5udlikuma \u00f5mbleja ootustele. Lihtne niidistamine.\" \/>\n<meta name=\"robots\" content=\"index, follow, max-snippet:-1, max-image-preview:large, max-video-preview:-1\" \/>\n<link rel=\"canonical\" href=\"https:\/\/marevik.ee\/test\/toode\/brother-m-3034dwt\/\" \/>\n<meta property=\"og:locale\" content=\"en_US\" \/>\n<meta property=\"og:type\" content=\"article\" \/>\n<meta property=\"og:title\" content=\"Brother M-3034DWT, rikkaliku varustusega uus t\u00f6\u00f6kindel \u00e4\u00e4ristusmasin.\" \/>\n<meta property=\"og:description\" content=\"Brother M-3034DWT on rikkaliku varustusega t\u00f6\u00f6kindel \u00e4\u00e4ristusmasin, mis vastab ka n\u00f5udlikuma \u00f5mbleja ootustele. Lihtne niidistamine.\" \/>\n<meta property=\"og:url\" content=\"https:\/\/marevik.ee\/test\/toode\/brother-m-3034dwt\/\" \/>\n<meta property=\"og:site_name\" content=\"Marevik O&Uuml;\" \/>\n<meta property=\"article:modified_time\" content=\"2025-07-09T12:19:17+00:00\" \/>\n<meta property=\"og:image\" content=\"https:\/\/marevik.ee\/test\/wp-content\/uploads\/2021\/03\/m-3034dwt1.jpg\" \/>\n\t<meta property=\"og:image:width\" content=\"900\" \/>\n\t<meta property=\"og:image:height\" content=\"824\" \/>\n\t<meta property=\"og:image:type\" content=\"image\/jpeg\" \/>\n<meta name=\"twitter:card\" content=\"summary_large_image\" \/>\n<meta name=\"twitter:label1\" content=\"Est. reading time\" \/>\n\t<meta name=\"twitter:data1\" content=\"1 minute\" \/>\n<script type=\"application\/ld+json\" class=\"yoast-schema-graph\">{\"@context\":\"https:\/\/schema.org\",\"@graph\":[{\"@type\":\"WebPage\",\"@id\":\"https:\/\/marevik.ee\/test\/toode\/brother-m-3034dwt\/\",\"url\":\"https:\/\/marevik.ee\/test\/toode\/brother-m-3034dwt\/\",\"name\":\"Brother M-3034DWT, rikkaliku varustusega uus t\u00f6\u00f6kindel \u00e4\u00e4ristusmasin.\",\"isPartOf\":{\"@id\":\"https:\/\/marevik.ee\/test\/#website\"},\"primaryImageOfPage\":{\"@id\":\"https:\/\/marevik.ee\/test\/toode\/brother-m-3034dwt\/#primaryimage\"},\"image\":{\"@id\":\"https:\/\/marevik.ee\/test\/toode\/brother-m-3034dwt\/#primaryimage\"},\"thumbnailUrl\":\"https:\/\/marevik.ee\/test\/wp-content\/uploads\/2021\/03\/m-3034dwt1.jpg\",\"datePublished\":\"2020-08-18T08:56:40+00:00\",\"dateModified\":\"2025-07-09T12:19:17+00:00\",\"description\":\"Brother M-3034DWT on rikkaliku varustusega t\u00f6\u00f6kindel \u00e4\u00e4ristusmasin, mis vastab ka n\u00f5udlikuma \u00f5mbleja ootustele. Lihtne niidistamine.\",\"breadcrumb\":{\"@id\":\"https:\/\/marevik.ee\/test\/toode\/brother-m-3034dwt\/#breadcrumb\"},\"inLanguage\":\"en\",\"potentialAction\":[{\"@type\":\"ReadAction\",\"target\":[\"https:\/\/marevik.ee\/test\/toode\/brother-m-3034dwt\/\"]}]},{\"@type\":\"ImageObject\",\"inLanguage\":\"en\",\"@id\":\"https:\/\/marevik.ee\/test\/toode\/brother-m-3034dwt\/#primaryimage\",\"url\":\"https:\/\/marevik.ee\/test\/wp-content\/uploads\/2021\/03\/m-3034dwt1.jpg\",\"contentUrl\":\"https:\/\/marevik.ee\/test\/wp-content\/uploads\/2021\/03\/m-3034dwt1.jpg\",\"width\":900,\"height\":824,\"caption\":\"Brother M-3034DWT overlok\"},{\"@type\":\"BreadcrumbList\",\"@id\":\"https:\/\/marevik.ee\/test\/toode\/brother-m-3034dwt\/#breadcrumb\",\"itemListElement\":[{\"@type\":\"ListItem\",\"position\":1,\"name\":\"Home\",\"item\":\"https:\/\/marevik.ee\/test\/\"},{\"@type\":\"ListItem\",\"position\":2,\"name\":\"E-POOD\",\"item\":\"https:\/\/marevik.ee\/test\/epood\/\"},{\"@type\":\"ListItem\",\"position\":3,\"name\":\"Brother M-3034DWT overlok\"}]},{\"@type\":\"WebSite\",\"@id\":\"https:\/\/marevik.ee\/test\/#website\",\"url\":\"https:\/\/marevik.ee\/test\/\",\"name\":\"Marevik O&Uuml;\",\"description\":\"&Otilde;mblusmasina asjatundja\",\"publisher\":{\"@id\":\"https:\/\/marevik.ee\/test\/#organization\"},\"potentialAction\":[{\"@type\":\"SearchAction\",\"target\":{\"@type\":\"EntryPoint\",\"urlTemplate\":\"https:\/\/marevik.ee\/test\/?s={search_term_string}\"},\"query-input\":{\"@type\":\"PropertyValueSpecification\",\"valueRequired\":true,\"valueName\":\"search_term_string\"}}],\"inLanguage\":\"en\"},{\"@type\":\"Organization\",\"@id\":\"https:\/\/marevik.ee\/test\/#organization\",\"name\":\"Marevik O&Uuml;\",\"url\":\"https:\/\/marevik.ee\/test\/\",\"logo\":{\"@type\":\"ImageObject\",\"inLanguage\":\"en\",\"@id\":\"https:\/\/marevik.ee\/test\/#\/schema\/logo\/image\/\",\"url\":\"https:\/\/marevik.ee\/test\/wp-content\/uploads\/2020\/02\/mblusmasina-asjatundja-1994_173x105_veebi_v-ike.jpg\",\"contentUrl\":\"https:\/\/marevik.ee\/test\/wp-content\/uploads\/2020\/02\/mblusmasina-asjatundja-1994_173x105_veebi_v-ike.jpg\",\"width\":173,\"height\":105,\"caption\":\"Marevik O&Uuml;\"},\"image\":{\"@id\":\"https:\/\/marevik.ee\/test\/#\/schema\/logo\/image\/\"}}]}<\/script>\n<!-- \/ Yoast SEO plugin. -->","yoast_head_json":{"title":"Brother M-3034DWT, rikkaliku varustusega uus t\u00f6\u00f6kindel \u00e4\u00e4ristusmasin.","description":"Brother M-3034DWT on rikkaliku varustusega t\u00f6\u00f6kindel \u00e4\u00e4ristusmasin, mis vastab ka n\u00f5udlikuma \u00f5mbleja ootustele. Lihtne niidistamine.","robots":{"index":"index","follow":"follow","max-snippet":"max-snippet:-1","max-image-preview":"max-image-preview:large","max-video-preview":"max-video-preview:-1"},"canonical":"https:\/\/marevik.ee\/test\/toode\/brother-m-3034dwt\/","og_locale":"en_US","og_type":"article","og_title":"Brother M-3034DWT, rikkaliku varustusega uus t\u00f6\u00f6kindel \u00e4\u00e4ristusmasin.","og_description":"Brother M-3034DWT on rikkaliku varustusega t\u00f6\u00f6kindel \u00e4\u00e4ristusmasin, mis vastab ka n\u00f5udlikuma \u00f5mbleja ootustele. Lihtne niidistamine.","og_url":"https:\/\/marevik.ee\/test\/toode\/brother-m-3034dwt\/","og_site_name":"Marevik O&Uuml;","article_modified_time":"2025-07-09T12:19:17+00:00","og_image":[{"width":900,"height":824,"url":"https:\/\/marevik.ee\/test\/wp-content\/uploads\/2021\/03\/m-3034dwt1.jpg","type":"image\/jpeg"}],"twitter_card":"summary_large_image","twitter_misc":{"Est. reading time":"1 minute"},"schema":{"@context":"https:\/\/schema.org","@graph":[{"@type":"WebPage","@id":"https:\/\/marevik.ee\/test\/toode\/brother-m-3034dwt\/","url":"https:\/\/marevik.ee\/test\/toode\/brother-m-3034dwt\/","name":"Brother M-3034DWT, rikkaliku varustusega uus t\u00f6\u00f6kindel \u00e4\u00e4ristusmasin.","isPartOf":{"@id":"https:\/\/marevik.ee\/test\/#website"},"primaryImageOfPage":{"@id":"https:\/\/marevik.ee\/test\/toode\/brother-m-3034dwt\/#primaryimage"},"image":{"@id":"https:\/\/marevik.ee\/test\/toode\/brother-m-3034dwt\/#primaryimage"},"thumbnailUrl":"https:\/\/marevik.ee\/test\/wp-content\/uploads\/2021\/03\/m-3034dwt1.jpg","datePublished":"2020-08-18T08:56:40+00:00","dateModified":"2025-07-09T12:19:17+00:00","description":"Brother M-3034DWT on rikkaliku varustusega t\u00f6\u00f6kindel \u00e4\u00e4ristusmasin, mis vastab ka n\u00f5udlikuma \u00f5mbleja ootustele. Lihtne niidistamine.","breadcrumb":{"@id":"https:\/\/marevik.ee\/test\/toode\/brother-m-3034dwt\/#breadcrumb"},"inLanguage":"en","potentialAction":[{"@type":"ReadAction","target":["https:\/\/marevik.ee\/test\/toode\/brother-m-3034dwt\/"]}]},{"@type":"ImageObject","inLanguage":"en","@id":"https:\/\/marevik.ee\/test\/toode\/brother-m-3034dwt\/#primaryimage","url":"https:\/\/marevik.ee\/test\/wp-content\/uploads\/2021\/03\/m-3034dwt1.jpg","contentUrl":"https:\/\/marevik.ee\/test\/wp-content\/uploads\/2021\/03\/m-3034dwt1.jpg","width":900,"height":824,"caption":"Brother M-3034DWT overlok"},{"@type":"BreadcrumbList","@id":"https:\/\/marevik.ee\/test\/toode\/brother-m-3034dwt\/#breadcrumb","itemListElement":[{"@type":"ListItem","position":1,"name":"Home","item":"https:\/\/marevik.ee\/test\/"},{"@type":"ListItem","position":2,"name":"E-POOD","item":"https:\/\/marevik.ee\/test\/epood\/"},{"@type":"ListItem","position":3,"name":"Brother M-3034DWT overlok"}]},{"@type":"WebSite","@id":"https:\/\/marevik.ee\/test\/#website","url":"https:\/\/marevik.ee\/test\/","name":"Marevik O&Uuml;","description":"&Otilde;mblusmasina asjatundja","publisher":{"@id":"https:\/\/marevik.ee\/test\/#organization"},"potentialAction":[{"@type":"SearchAction","target":{"@type":"EntryPoint","urlTemplate":"https:\/\/marevik.ee\/test\/?s={search_term_string}"},"query-input":{"@type":"PropertyValueSpecification","valueRequired":true,"valueName":"search_term_string"}}],"inLanguage":"en"},{"@type":"Organization","@id":"https:\/\/marevik.ee\/test\/#organization","name":"Marevik O&Uuml;","url":"https:\/\/marevik.ee\/test\/","logo":{"@type":"ImageObject","inLanguage":"en","@id":"https:\/\/marevik.ee\/test\/#\/schema\/logo\/image\/","url":"https:\/\/marevik.ee\/test\/wp-content\/uploads\/2020\/02\/mblusmasina-asjatundja-1994_173x105_veebi_v-ike.jpg","contentUrl":"https:\/\/marevik.ee\/test\/wp-content\/uploads\/2020\/02\/mblusmasina-asjatundja-1994_173x105_veebi_v-ike.jpg","width":173,"height":105,"caption":"Marevik O&Uuml;"},"image":{"@id":"https:\/\/marevik.ee\/test\/#\/schema\/logo\/image\/"}}]}},"_links":{"self":[{"href":"https:\/\/marevik.ee\/test\/wp-json\/wp\/v2\/product\/11155","targetHints":{"allow":["GET"]}}],"collection":[{"href":"https:\/\/marevik.ee\/test\/wp-json\/wp\/v2\/product"}],"about":[{"href":"https:\/\/marevik.ee\/test\/wp-json\/wp\/v2\/types\/product"}],"wp:featuredmedia":[{"embeddable":true,"href":"https:\/\/marevik.ee\/test\/wp-json\/wp\/v2\/media\/11156"}],"wp:attachment":[{"href":"https:\/\/marevik.ee\/test\/wp-json\/wp\/v2\/media?parent=11155"}],"wp:term":[{"taxonomy":"product_brand","embeddable":true,"href":"https:\/\/marevik.ee\/test\/wp-json\/wp\/v2\/product_brand?post=11155"},{"taxonomy":"product_cat","embeddable":true,"href":"https:\/\/marevik.ee\/test\/wp-json\/wp\/v2\/product_cat?post=11155"},{"taxonomy":"product_tag","embeddable":true,"href":"https:\/\/marevik.ee\/test\/wp-json\/wp\/v2\/product_tag?post=11155"}],"curies":[{"name":"wp","href":"https:\/\/api.w.org\/{rel}","templated":true}]}}