{"id":12154,"date":"2021-03-16T13:35:12","date_gmt":"2021-03-16T13:35:12","guid":{"rendered":"https:\/\/xn--mblusmasinapood-rsb.ee\/product\/janome-90a\/"},"modified":"2025-10-28T07:52:49","modified_gmt":"2025-10-28T07:52:49","slug":"janome-7518a","status":"publish","type":"product","link":"https:\/\/marevik.ee\/test\/toode\/janome-7518a\/","title":{"rendered":"Janome 7518A"},"content":{"rendered":"<p>19 \u00f5mblusoperatsiooni<br \/>\nPistepikkus sujuvalt reguleeritav 0-4 mm<br \/>\nPiste laius sujuvalt reguleeritav 0-6,5 mm<br \/>\n1-etapiline (automaatne) n\u00f6\u00f6paugu\u00f5mblus<br \/>\n\u00d5mblused venivale kangale, s.h. overlok\u00f5mblus<br \/>\nTopeltn\u00f5ela kasutamise v\u00f5imalus<br \/>\nPoolimisel n\u00f5elakangi automaatne v\u00e4ljal\u00fclitamine<br \/>\nKangas\u00f6\u00f6tja v\u00e4ljal\u00fclitamine vabak\u00e4etikandiks<br \/>\nPresstalla kiirkinnitus<br \/>\nPresstalla surve reguleerimine<br \/>\nHorisintaalne poolis\u00fcsteem<br \/>\nNiidil\u00f5ikur<br \/>\nVabajalg h\u00f5lbustamaks torujate detailide \u00f5mblemist<br \/>\nN\u00f5elasilma niidistaja<br \/>\nKohtvalgustus 1 LED<br \/>\nPlastikust tugev masina kaitsekate<br \/>\nKaal &#8211; 8 kg.<\/p>\n","protected":false},"excerpt":{"rendered":"<p>Metallist korpusega klassikaline mehaaniline \u00f5mblusmasin, mis sobib koduseks kasutamiseks. Sobib h\u00e4sti ka kooli k\u00e4sit\u00f6\u00f6klassi. Masina tugev metallist konstruktsioon teeb seadme stabiilseks, sujuvaks ja vibratsioonivabaks. Kindel t\u00f6\u00f6riist k\u00fcmneteks aastateks.<\/p>\n","protected":false},"featured_media":17455,"template":"","meta":{"site-sidebar-layout":"default","site-content-layout":"default","ast-site-content-layout":"default","site-content-style":"default","site-sidebar-style":"default","ast-global-header-display":"","ast-banner-title-visibility":"","ast-main-header-display":"","ast-hfb-above-header-display":"","ast-hfb-below-header-display":"","ast-hfb-mobile-header-display":"","site-post-title":"","ast-breadcrumbs-content":"","ast-featured-img":"","footer-sml-layout":"","theme-transparent-header-meta":"default","adv-header-id-meta":"","stick-header-meta":"","header-above-stick-meta":"","header-main-stick-meta":"","header-below-stick-meta":"","astra-migrate-meta-layouts":"set","ast-page-background-enabled":"default","ast-page-background-meta":{"desktop":{"background-color":"","background-image":"","background-repeat":"repeat","background-position":"center center","background-size":"auto","background-attachment":"scroll","background-type":"","background-media":"","overlay-type":"","overlay-color":"","overlay-opacity":"","overlay-gradient":""},"tablet":{"background-color":"","background-image":"","background-repeat":"repeat","background-position":"center center","background-size":"auto","background-attachment":"scroll","background-type":"","background-media":"","overlay-type":"","overlay-color":"","overlay-opacity":"","overlay-gradient":""},"mobile":{"background-color":"","background-image":"","background-repeat":"repeat","background-position":"center center","background-size":"auto","background-attachment":"scroll","background-type":"","background-media":"","overlay-type":"","overlay-color":"","overlay-opacity":"","overlay-gradient":""}},"ast-content-background-meta":{"desktop":{"background-color":"var(--ast-global-color-5)","background-image":"","background-repeat":"repeat","background-position":"center center","background-size":"auto","background-attachment":"scroll","background-type":"","background-media":"","overlay-type":"","overlay-color":"","overlay-opacity":"","overlay-gradient":""},"tablet":{"background-color":"var(--ast-global-color-5)","background-image":"","background-repeat":"repeat","background-position":"center center","background-size":"auto","background-attachment":"scroll","background-type":"","background-media":"","overlay-type":"","overlay-color":"","overlay-opacity":"","overlay-gradient":""},"mobile":{"background-color":"var(--ast-global-color-5)","background-image":"","background-repeat":"repeat","background-position":"center center","background-size":"auto","background-attachment":"scroll","background-type":"","background-media":"","overlay-type":"","overlay-color":"","overlay-opacity":"","overlay-gradient":""}}},"product_brand":[],"product_cat":[69,60],"product_tag":[84],"class_list":{"0":"post-12154","1":"product","2":"type-product","3":"status-publish","4":"has-post-thumbnail","6":"product_cat-janome","7":"product_cat-omblusmasinad","8":"product_tag-janome","9":"desktop-align-left","10":"tablet-align-left","11":"mobile-align-left","13":"first","14":"instock","15":"featured","16":"taxable","17":"shipping-taxable","18":"purchasable","19":"product-type-simple"},"yoast_head":"<!-- This site is optimized with the Yoast SEO plugin v26.1.1 - https:\/\/yoast.com\/wordpress\/plugins\/seo\/ -->\n<title>Janome 7518A - Metallist korpusega klassikaline mehaaniline \u00f5mblusmasin<\/title>\n<meta name=\"description\" content=\"Janome 7518A masinal on tugev metallist konstruktsioon. See teeb seadme stabiilseks, sujuvaks ja vibratsioonivabaks. Kindel t\u00f6\u00f6riist...\" \/>\n<meta name=\"robots\" content=\"index, follow, max-snippet:-1, max-image-preview:large, max-video-preview:-1\" \/>\n<link rel=\"canonical\" href=\"https:\/\/marevik.ee\/test\/toode\/janome-7518a\/\" \/>\n<meta property=\"og:locale\" content=\"en_US\" \/>\n<meta property=\"og:type\" content=\"article\" \/>\n<meta property=\"og:title\" content=\"Janome 7518A - Metallist korpusega klassikaline mehaaniline \u00f5mblusmasin\" \/>\n<meta property=\"og:description\" content=\"Janome 7518A masinal on tugev metallist konstruktsioon. See teeb seadme stabiilseks, sujuvaks ja vibratsioonivabaks. Kindel t\u00f6\u00f6riist...\" \/>\n<meta property=\"og:url\" content=\"https:\/\/marevik.ee\/test\/toode\/janome-7518a\/\" \/>\n<meta property=\"og:site_name\" content=\"Marevik O&Uuml;\" \/>\n<meta property=\"article:modified_time\" content=\"2025-10-28T07:52:49+00:00\" \/>\n<meta property=\"og:image\" content=\"https:\/\/marevik.ee\/test\/wp-content\/uploads\/2021\/03\/Janome-7518A.jpg\" \/>\n\t<meta property=\"og:image:width\" content=\"500\" \/>\n\t<meta property=\"og:image:height\" content=\"500\" \/>\n\t<meta property=\"og:image:type\" content=\"image\/jpeg\" \/>\n<meta name=\"twitter:card\" content=\"summary_large_image\" \/>\n<meta name=\"twitter:label1\" content=\"Est. reading time\" \/>\n\t<meta name=\"twitter:data1\" content=\"1 minute\" \/>\n<script type=\"application\/ld+json\" class=\"yoast-schema-graph\">{\"@context\":\"https:\/\/schema.org\",\"@graph\":[{\"@type\":\"WebPage\",\"@id\":\"https:\/\/marevik.ee\/test\/toode\/janome-7518a\/\",\"url\":\"https:\/\/marevik.ee\/test\/toode\/janome-7518a\/\",\"name\":\"Janome 7518A - Metallist korpusega klassikaline mehaaniline \u00f5mblusmasin\",\"isPartOf\":{\"@id\":\"https:\/\/marevik.ee\/test\/#website\"},\"primaryImageOfPage\":{\"@id\":\"https:\/\/marevik.ee\/test\/toode\/janome-7518a\/#primaryimage\"},\"image\":{\"@id\":\"https:\/\/marevik.ee\/test\/toode\/janome-7518a\/#primaryimage\"},\"thumbnailUrl\":\"https:\/\/marevik.ee\/test\/wp-content\/uploads\/2021\/03\/Janome-7518A.jpg\",\"datePublished\":\"2021-03-16T13:35:12+00:00\",\"dateModified\":\"2025-10-28T07:52:49+00:00\",\"description\":\"Janome 7518A masinal on tugev metallist konstruktsioon. See teeb seadme stabiilseks, sujuvaks ja vibratsioonivabaks. Kindel t\u00f6\u00f6riist...\",\"breadcrumb\":{\"@id\":\"https:\/\/marevik.ee\/test\/toode\/janome-7518a\/#breadcrumb\"},\"inLanguage\":\"en\",\"potentialAction\":[{\"@type\":\"ReadAction\",\"target\":[\"https:\/\/marevik.ee\/test\/toode\/janome-7518a\/\"]}]},{\"@type\":\"ImageObject\",\"inLanguage\":\"en\",\"@id\":\"https:\/\/marevik.ee\/test\/toode\/janome-7518a\/#primaryimage\",\"url\":\"https:\/\/marevik.ee\/test\/wp-content\/uploads\/2021\/03\/Janome-7518A.jpg\",\"contentUrl\":\"https:\/\/marevik.ee\/test\/wp-content\/uploads\/2021\/03\/Janome-7518A.jpg\",\"width\":500,\"height\":500},{\"@type\":\"BreadcrumbList\",\"@id\":\"https:\/\/marevik.ee\/test\/toode\/janome-7518a\/#breadcrumb\",\"itemListElement\":[{\"@type\":\"ListItem\",\"position\":1,\"name\":\"Home\",\"item\":\"https:\/\/marevik.ee\/test\/\"},{\"@type\":\"ListItem\",\"position\":2,\"name\":\"E-POOD\",\"item\":\"https:\/\/marevik.ee\/test\/epood\/\"},{\"@type\":\"ListItem\",\"position\":3,\"name\":\"Janome 7518A\"}]},{\"@type\":\"WebSite\",\"@id\":\"https:\/\/marevik.ee\/test\/#website\",\"url\":\"https:\/\/marevik.ee\/test\/\",\"name\":\"Marevik O&Uuml;\",\"description\":\"&Otilde;mblusmasina asjatundja\",\"publisher\":{\"@id\":\"https:\/\/marevik.ee\/test\/#organization\"},\"potentialAction\":[{\"@type\":\"SearchAction\",\"target\":{\"@type\":\"EntryPoint\",\"urlTemplate\":\"https:\/\/marevik.ee\/test\/?s={search_term_string}\"},\"query-input\":{\"@type\":\"PropertyValueSpecification\",\"valueRequired\":true,\"valueName\":\"search_term_string\"}}],\"inLanguage\":\"en\"},{\"@type\":\"Organization\",\"@id\":\"https:\/\/marevik.ee\/test\/#organization\",\"name\":\"Marevik O&Uuml;\",\"url\":\"https:\/\/marevik.ee\/test\/\",\"logo\":{\"@type\":\"ImageObject\",\"inLanguage\":\"en\",\"@id\":\"https:\/\/marevik.ee\/test\/#\/schema\/logo\/image\/\",\"url\":\"https:\/\/marevik.ee\/test\/wp-content\/uploads\/2020\/02\/mblusmasina-asjatundja-1994_173x105_veebi_v-ike.jpg\",\"contentUrl\":\"https:\/\/marevik.ee\/test\/wp-content\/uploads\/2020\/02\/mblusmasina-asjatundja-1994_173x105_veebi_v-ike.jpg\",\"width\":173,\"height\":105,\"caption\":\"Marevik O&Uuml;\"},\"image\":{\"@id\":\"https:\/\/marevik.ee\/test\/#\/schema\/logo\/image\/\"}}]}<\/script>\n<!-- \/ Yoast SEO plugin. -->","yoast_head_json":{"title":"Janome 7518A - Metallist korpusega klassikaline mehaaniline \u00f5mblusmasin","description":"Janome 7518A masinal on tugev metallist konstruktsioon. See teeb seadme stabiilseks, sujuvaks ja vibratsioonivabaks. Kindel t\u00f6\u00f6riist...","robots":{"index":"index","follow":"follow","max-snippet":"max-snippet:-1","max-image-preview":"max-image-preview:large","max-video-preview":"max-video-preview:-1"},"canonical":"https:\/\/marevik.ee\/test\/toode\/janome-7518a\/","og_locale":"en_US","og_type":"article","og_title":"Janome 7518A - Metallist korpusega klassikaline mehaaniline \u00f5mblusmasin","og_description":"Janome 7518A masinal on tugev metallist konstruktsioon. See teeb seadme stabiilseks, sujuvaks ja vibratsioonivabaks. Kindel t\u00f6\u00f6riist...","og_url":"https:\/\/marevik.ee\/test\/toode\/janome-7518a\/","og_site_name":"Marevik O&Uuml;","article_modified_time":"2025-10-28T07:52:49+00:00","og_image":[{"width":500,"height":500,"url":"https:\/\/marevik.ee\/test\/wp-content\/uploads\/2021\/03\/Janome-7518A.jpg","type":"image\/jpeg"}],"twitter_card":"summary_large_image","twitter_misc":{"Est. reading time":"1 minute"},"schema":{"@context":"https:\/\/schema.org","@graph":[{"@type":"WebPage","@id":"https:\/\/marevik.ee\/test\/toode\/janome-7518a\/","url":"https:\/\/marevik.ee\/test\/toode\/janome-7518a\/","name":"Janome 7518A - Metallist korpusega klassikaline mehaaniline \u00f5mblusmasin","isPartOf":{"@id":"https:\/\/marevik.ee\/test\/#website"},"primaryImageOfPage":{"@id":"https:\/\/marevik.ee\/test\/toode\/janome-7518a\/#primaryimage"},"image":{"@id":"https:\/\/marevik.ee\/test\/toode\/janome-7518a\/#primaryimage"},"thumbnailUrl":"https:\/\/marevik.ee\/test\/wp-content\/uploads\/2021\/03\/Janome-7518A.jpg","datePublished":"2021-03-16T13:35:12+00:00","dateModified":"2025-10-28T07:52:49+00:00","description":"Janome 7518A masinal on tugev metallist konstruktsioon. See teeb seadme stabiilseks, sujuvaks ja vibratsioonivabaks. Kindel t\u00f6\u00f6riist...","breadcrumb":{"@id":"https:\/\/marevik.ee\/test\/toode\/janome-7518a\/#breadcrumb"},"inLanguage":"en","potentialAction":[{"@type":"ReadAction","target":["https:\/\/marevik.ee\/test\/toode\/janome-7518a\/"]}]},{"@type":"ImageObject","inLanguage":"en","@id":"https:\/\/marevik.ee\/test\/toode\/janome-7518a\/#primaryimage","url":"https:\/\/marevik.ee\/test\/wp-content\/uploads\/2021\/03\/Janome-7518A.jpg","contentUrl":"https:\/\/marevik.ee\/test\/wp-content\/uploads\/2021\/03\/Janome-7518A.jpg","width":500,"height":500},{"@type":"BreadcrumbList","@id":"https:\/\/marevik.ee\/test\/toode\/janome-7518a\/#breadcrumb","itemListElement":[{"@type":"ListItem","position":1,"name":"Home","item":"https:\/\/marevik.ee\/test\/"},{"@type":"ListItem","position":2,"name":"E-POOD","item":"https:\/\/marevik.ee\/test\/epood\/"},{"@type":"ListItem","position":3,"name":"Janome 7518A"}]},{"@type":"WebSite","@id":"https:\/\/marevik.ee\/test\/#website","url":"https:\/\/marevik.ee\/test\/","name":"Marevik O&Uuml;","description":"&Otilde;mblusmasina asjatundja","publisher":{"@id":"https:\/\/marevik.ee\/test\/#organization"},"potentialAction":[{"@type":"SearchAction","target":{"@type":"EntryPoint","urlTemplate":"https:\/\/marevik.ee\/test\/?s={search_term_string}"},"query-input":{"@type":"PropertyValueSpecification","valueRequired":true,"valueName":"search_term_string"}}],"inLanguage":"en"},{"@type":"Organization","@id":"https:\/\/marevik.ee\/test\/#organization","name":"Marevik O&Uuml;","url":"https:\/\/marevik.ee\/test\/","logo":{"@type":"ImageObject","inLanguage":"en","@id":"https:\/\/marevik.ee\/test\/#\/schema\/logo\/image\/","url":"https:\/\/marevik.ee\/test\/wp-content\/uploads\/2020\/02\/mblusmasina-asjatundja-1994_173x105_veebi_v-ike.jpg","contentUrl":"https:\/\/marevik.ee\/test\/wp-content\/uploads\/2020\/02\/mblusmasina-asjatundja-1994_173x105_veebi_v-ike.jpg","width":173,"height":105,"caption":"Marevik O&Uuml;"},"image":{"@id":"https:\/\/marevik.ee\/test\/#\/schema\/logo\/image\/"}}]}},"_links":{"self":[{"href":"https:\/\/marevik.ee\/test\/wp-json\/wp\/v2\/product\/12154","targetHints":{"allow":["GET"]}}],"collection":[{"href":"https:\/\/marevik.ee\/test\/wp-json\/wp\/v2\/product"}],"about":[{"href":"https:\/\/marevik.ee\/test\/wp-json\/wp\/v2\/types\/product"}],"wp:featuredmedia":[{"embeddable":true,"href":"https:\/\/marevik.ee\/test\/wp-json\/wp\/v2\/media\/17455"}],"wp:attachment":[{"href":"https:\/\/marevik.ee\/test\/wp-json\/wp\/v2\/media?parent=12154"}],"wp:term":[{"taxonomy":"product_brand","embeddable":true,"href":"https:\/\/marevik.ee\/test\/wp-json\/wp\/v2\/product_brand?post=12154"},{"taxonomy":"product_cat","embeddable":true,"href":"https:\/\/marevik.ee\/test\/wp-json\/wp\/v2\/product_cat?post=12154"},{"taxonomy":"product_tag","embeddable":true,"href":"https:\/\/marevik.ee\/test\/wp-json\/wp\/v2\/product_tag?post=12154"}],"curies":[{"name":"wp","href":"https:\/\/api.w.org\/{rel}","templated":true}]}}