{"id":13452,"date":"2021-06-10T09:11:01","date_gmt":"2021-06-10T09:11:01","guid":{"rendered":"https:\/\/marevik.ee\/test\/?post_type=product&#038;p=13452"},"modified":"2025-10-30T14:32:07","modified_gmt":"2025-10-30T14:32:07","slug":"tikkimisprogramm-janome-artistic-digitizer","status":"publish","type":"product","link":"https:\/\/marevik.ee\/test\/toode\/tikkimisprogramm-janome-artistic-digitizer\/","title":{"rendered":"Tikkimisprogramm Janome Artistic Digitizer"},"content":{"rendered":"<p>Minimaalsed s\u00fcsteemin\u00f5uded:<br \/>\nOperatsioonis\u00fcsteem: Windows 7, 8 v\u00f5i 10 koos uusimate hoolduspakettidega, MacOS uusim v\u00f5i eelmine versioon, v\u00f5rreldes tarkvara v\u00e4ljaandmise kuup\u00e4evaga<br \/>\nProtsessor: 2,0 GHz Inteli v\u00f5i AMD protsessor<br \/>\nRAM: 4 GB RAM-i<br \/>\nK\u00f5vaketas: 1,5 GB vaba, tihendamata kettaruumi<br \/>\nGraafikakaart: 3D DirectX 9c v\u00e4hemalt 1 GB RAM-iga, 32-bitine v\u00e4rviline (ainult Windows)<br \/>\nMinimaalne eraldusv\u00f5ime: 1366 x 768<br \/>\nInterneti-\u00fchendus: vajalik<br \/>\nPalun j\u00e4rgige juhendis olevaid juhiseid. V\u00e4rskendus tuleb teha enne tarkvara installimist.<\/p>\n<div class=\"ast-oembed-container \" style=\"height: 100%;\"><iframe title=\"Welcome Screen\" width=\"500\" height=\"375\" src=\"https:\/\/www.youtube.com\/embed\/O87E9yFJ-SY?feature=oembed\" frameborder=\"0\" allow=\"accelerometer; autoplay; clipboard-write; encrypted-media; gyroscope; picture-in-picture; web-share\" referrerpolicy=\"strict-origin-when-cross-origin\" allowfullscreen><\/iframe><\/div>\n","protected":false},"excerpt":{"rendered":"<p>Tikkimisprogramm Janome Artistic Digitizer on professionaalne t\u00f6\u00f6riist disainerile, kes soovib luua isiklikke ja oman\u00e4olisi masintikkimis disaine. See suurep\u00e4rane disainide loomise programm t\u00f6\u00f6tab nii PC kui ka Mac arvutis.<\/p>\n","protected":false},"featured_media":13454,"template":"","meta":{"site-sidebar-layout":"default","site-content-layout":"default","ast-site-content-layout":"default","site-content-style":"default","site-sidebar-style":"default","ast-global-header-display":"","ast-banner-title-visibility":"","ast-main-header-display":"","ast-hfb-above-header-display":"","ast-hfb-below-header-display":"","ast-hfb-mobile-header-display":"","site-post-title":"","ast-breadcrumbs-content":"","ast-featured-img":"","footer-sml-layout":"","theme-transparent-header-meta":"default","adv-header-id-meta":"","stick-header-meta":"","header-above-stick-meta":"","header-main-stick-meta":"","header-below-stick-meta":"","astra-migrate-meta-layouts":"set","ast-page-background-enabled":"default","ast-page-background-meta":{"desktop":{"background-color":"","background-image":"","background-repeat":"repeat","background-position":"center center","background-size":"auto","background-attachment":"scroll","background-type":"","background-media":"","overlay-type":"","overlay-color":"","overlay-opacity":"","overlay-gradient":""},"tablet":{"background-color":"","background-image":"","background-repeat":"repeat","background-position":"center center","background-size":"auto","background-attachment":"scroll","background-type":"","background-media":"","overlay-type":"","overlay-color":"","overlay-opacity":"","overlay-gradient":""},"mobile":{"background-color":"","background-image":"","background-repeat":"repeat","background-position":"center center","background-size":"auto","background-attachment":"scroll","background-type":"","background-media":"","overlay-type":"","overlay-color":"","overlay-opacity":"","overlay-gradient":""}},"ast-content-background-meta":{"desktop":{"background-color":"var(--ast-global-color-5)","background-image":"","background-repeat":"repeat","background-position":"center center","background-size":"auto","background-attachment":"scroll","background-type":"","background-media":"","overlay-type":"","overlay-color":"","overlay-opacity":"","overlay-gradient":""},"tablet":{"background-color":"var(--ast-global-color-5)","background-image":"","background-repeat":"repeat","background-position":"center center","background-size":"auto","background-attachment":"scroll","background-type":"","background-media":"","overlay-type":"","overlay-color":"","overlay-opacity":"","overlay-gradient":""},"mobile":{"background-color":"var(--ast-global-color-5)","background-image":"","background-repeat":"repeat","background-position":"center center","background-size":"auto","background-attachment":"scroll","background-type":"","background-media":"","overlay-type":"","overlay-color":"","overlay-opacity":"","overlay-gradient":""}}},"product_brand":[],"product_cat":[87,63],"product_tag":[84],"class_list":{"0":"post-13452","1":"product","2":"type-product","3":"status-publish","4":"has-post-thumbnail","6":"product_cat-janome-tikkimismasinad","7":"product_cat-tikkimismasinad","8":"product_tag-janome","9":"desktop-align-left","10":"tablet-align-left","11":"mobile-align-left","13":"first","14":"onbackorder","15":"taxable","16":"shipping-taxable","17":"purchasable","18":"product-type-simple"},"yoast_head":"<!-- This site is optimized with the Yoast SEO plugin v26.1.1 - https:\/\/yoast.com\/wordpress\/plugins\/seo\/ -->\n<title>Tikkimisprogramm Janome Artistic Digitizer - Marevik O&Uuml;<\/title>\n<meta name=\"description\" content=\"Tikkimisprogramm Janome Artistic Digitizer on professionaalne t\u00f6\u00f6riist disainerile, kes soovib luua isiklikke ja oman\u00e4olisi masintikkimis disaine. See suurep\u00e4rane disainide loomise programm t\u00f6\u00f6tab nii PC kui ka Mac arvutis.\" \/>\n<meta name=\"robots\" content=\"index, follow, max-snippet:-1, max-image-preview:large, max-video-preview:-1\" \/>\n<link rel=\"canonical\" href=\"https:\/\/marevik.ee\/test\/toode\/tikkimisprogramm-janome-artistic-digitizer\/\" \/>\n<meta property=\"og:locale\" content=\"en_US\" \/>\n<meta property=\"og:type\" content=\"article\" \/>\n<meta property=\"og:title\" content=\"Tikkimisprogramm Janome Artistic Digitizer - Marevik O&Uuml;\" \/>\n<meta property=\"og:description\" content=\"Tikkimisprogramm Janome Artistic Digitizer on professionaalne t\u00f6\u00f6riist disainerile, kes soovib luua isiklikke ja oman\u00e4olisi masintikkimis disaine. See suurep\u00e4rane disainide loomise programm t\u00f6\u00f6tab nii PC kui ka Mac arvutis.\" \/>\n<meta property=\"og:url\" content=\"https:\/\/marevik.ee\/test\/toode\/tikkimisprogramm-janome-artistic-digitizer\/\" \/>\n<meta property=\"og:site_name\" content=\"Marevik O&Uuml;\" \/>\n<meta property=\"article:modified_time\" content=\"2025-10-30T14:32:07+00:00\" \/>\n<meta property=\"og:image\" content=\"https:\/\/marevik.ee\/test\/wp-content\/uploads\/2021\/06\/janome-artistic.jpg\" \/>\n\t<meta property=\"og:image:width\" content=\"500\" \/>\n\t<meta property=\"og:image:height\" content=\"500\" \/>\n\t<meta property=\"og:image:type\" content=\"image\/jpeg\" \/>\n<meta name=\"twitter:card\" content=\"summary_large_image\" \/>\n<meta name=\"twitter:label1\" content=\"Est. reading time\" \/>\n\t<meta name=\"twitter:data1\" content=\"1 minute\" \/>\n<script type=\"application\/ld+json\" class=\"yoast-schema-graph\">{\"@context\":\"https:\/\/schema.org\",\"@graph\":[{\"@type\":\"WebPage\",\"@id\":\"https:\/\/marevik.ee\/test\/toode\/tikkimisprogramm-janome-artistic-digitizer\/\",\"url\":\"https:\/\/marevik.ee\/test\/toode\/tikkimisprogramm-janome-artistic-digitizer\/\",\"name\":\"Tikkimisprogramm Janome Artistic Digitizer - Marevik O&Uuml;\",\"isPartOf\":{\"@id\":\"https:\/\/marevik.ee\/test\/#website\"},\"primaryImageOfPage\":{\"@id\":\"https:\/\/marevik.ee\/test\/toode\/tikkimisprogramm-janome-artistic-digitizer\/#primaryimage\"},\"image\":{\"@id\":\"https:\/\/marevik.ee\/test\/toode\/tikkimisprogramm-janome-artistic-digitizer\/#primaryimage\"},\"thumbnailUrl\":\"https:\/\/marevik.ee\/test\/wp-content\/uploads\/2021\/06\/janome-artistic.jpg\",\"datePublished\":\"2021-06-10T09:11:01+00:00\",\"dateModified\":\"2025-10-30T14:32:07+00:00\",\"description\":\"Tikkimisprogramm Janome Artistic Digitizer on professionaalne t\u00f6\u00f6riist disainerile, kes soovib luua isiklikke ja oman\u00e4olisi masintikkimis disaine. See suurep\u00e4rane disainide loomise programm t\u00f6\u00f6tab nii PC kui ka Mac arvutis.\",\"breadcrumb\":{\"@id\":\"https:\/\/marevik.ee\/test\/toode\/tikkimisprogramm-janome-artistic-digitizer\/#breadcrumb\"},\"inLanguage\":\"en\",\"potentialAction\":[{\"@type\":\"ReadAction\",\"target\":[\"https:\/\/marevik.ee\/test\/toode\/tikkimisprogramm-janome-artistic-digitizer\/\"]}]},{\"@type\":\"ImageObject\",\"inLanguage\":\"en\",\"@id\":\"https:\/\/marevik.ee\/test\/toode\/tikkimisprogramm-janome-artistic-digitizer\/#primaryimage\",\"url\":\"https:\/\/marevik.ee\/test\/wp-content\/uploads\/2021\/06\/janome-artistic.jpg\",\"contentUrl\":\"https:\/\/marevik.ee\/test\/wp-content\/uploads\/2021\/06\/janome-artistic.jpg\",\"width\":500,\"height\":500},{\"@type\":\"BreadcrumbList\",\"@id\":\"https:\/\/marevik.ee\/test\/toode\/tikkimisprogramm-janome-artistic-digitizer\/#breadcrumb\",\"itemListElement\":[{\"@type\":\"ListItem\",\"position\":1,\"name\":\"Home\",\"item\":\"https:\/\/marevik.ee\/test\/\"},{\"@type\":\"ListItem\",\"position\":2,\"name\":\"E-POOD\",\"item\":\"https:\/\/marevik.ee\/test\/epood\/\"},{\"@type\":\"ListItem\",\"position\":3,\"name\":\"Tikkimisprogramm Janome Artistic Digitizer\"}]},{\"@type\":\"WebSite\",\"@id\":\"https:\/\/marevik.ee\/test\/#website\",\"url\":\"https:\/\/marevik.ee\/test\/\",\"name\":\"Marevik O&Uuml;\",\"description\":\"&Otilde;mblusmasina asjatundja\",\"publisher\":{\"@id\":\"https:\/\/marevik.ee\/test\/#organization\"},\"potentialAction\":[{\"@type\":\"SearchAction\",\"target\":{\"@type\":\"EntryPoint\",\"urlTemplate\":\"https:\/\/marevik.ee\/test\/?s={search_term_string}\"},\"query-input\":{\"@type\":\"PropertyValueSpecification\",\"valueRequired\":true,\"valueName\":\"search_term_string\"}}],\"inLanguage\":\"en\"},{\"@type\":\"Organization\",\"@id\":\"https:\/\/marevik.ee\/test\/#organization\",\"name\":\"Marevik O&Uuml;\",\"url\":\"https:\/\/marevik.ee\/test\/\",\"logo\":{\"@type\":\"ImageObject\",\"inLanguage\":\"en\",\"@id\":\"https:\/\/marevik.ee\/test\/#\/schema\/logo\/image\/\",\"url\":\"https:\/\/marevik.ee\/test\/wp-content\/uploads\/2020\/02\/mblusmasina-asjatundja-1994_173x105_veebi_v-ike.jpg\",\"contentUrl\":\"https:\/\/marevik.ee\/test\/wp-content\/uploads\/2020\/02\/mblusmasina-asjatundja-1994_173x105_veebi_v-ike.jpg\",\"width\":173,\"height\":105,\"caption\":\"Marevik O&Uuml;\"},\"image\":{\"@id\":\"https:\/\/marevik.ee\/test\/#\/schema\/logo\/image\/\"}}]}<\/script>\n<!-- \/ Yoast SEO plugin. -->","yoast_head_json":{"title":"Tikkimisprogramm Janome Artistic Digitizer - Marevik O&Uuml;","description":"Tikkimisprogramm Janome Artistic Digitizer on professionaalne t\u00f6\u00f6riist disainerile, kes soovib luua isiklikke ja oman\u00e4olisi masintikkimis disaine. See suurep\u00e4rane disainide loomise programm t\u00f6\u00f6tab nii PC kui ka Mac arvutis.","robots":{"index":"index","follow":"follow","max-snippet":"max-snippet:-1","max-image-preview":"max-image-preview:large","max-video-preview":"max-video-preview:-1"},"canonical":"https:\/\/marevik.ee\/test\/toode\/tikkimisprogramm-janome-artistic-digitizer\/","og_locale":"en_US","og_type":"article","og_title":"Tikkimisprogramm Janome Artistic Digitizer - Marevik O&Uuml;","og_description":"Tikkimisprogramm Janome Artistic Digitizer on professionaalne t\u00f6\u00f6riist disainerile, kes soovib luua isiklikke ja oman\u00e4olisi masintikkimis disaine. See suurep\u00e4rane disainide loomise programm t\u00f6\u00f6tab nii PC kui ka Mac arvutis.","og_url":"https:\/\/marevik.ee\/test\/toode\/tikkimisprogramm-janome-artistic-digitizer\/","og_site_name":"Marevik O&Uuml;","article_modified_time":"2025-10-30T14:32:07+00:00","og_image":[{"width":500,"height":500,"url":"https:\/\/marevik.ee\/test\/wp-content\/uploads\/2021\/06\/janome-artistic.jpg","type":"image\/jpeg"}],"twitter_card":"summary_large_image","twitter_misc":{"Est. reading time":"1 minute"},"schema":{"@context":"https:\/\/schema.org","@graph":[{"@type":"WebPage","@id":"https:\/\/marevik.ee\/test\/toode\/tikkimisprogramm-janome-artistic-digitizer\/","url":"https:\/\/marevik.ee\/test\/toode\/tikkimisprogramm-janome-artistic-digitizer\/","name":"Tikkimisprogramm Janome Artistic Digitizer - Marevik O&Uuml;","isPartOf":{"@id":"https:\/\/marevik.ee\/test\/#website"},"primaryImageOfPage":{"@id":"https:\/\/marevik.ee\/test\/toode\/tikkimisprogramm-janome-artistic-digitizer\/#primaryimage"},"image":{"@id":"https:\/\/marevik.ee\/test\/toode\/tikkimisprogramm-janome-artistic-digitizer\/#primaryimage"},"thumbnailUrl":"https:\/\/marevik.ee\/test\/wp-content\/uploads\/2021\/06\/janome-artistic.jpg","datePublished":"2021-06-10T09:11:01+00:00","dateModified":"2025-10-30T14:32:07+00:00","description":"Tikkimisprogramm Janome Artistic Digitizer on professionaalne t\u00f6\u00f6riist disainerile, kes soovib luua isiklikke ja oman\u00e4olisi masintikkimis disaine. See suurep\u00e4rane disainide loomise programm t\u00f6\u00f6tab nii PC kui ka Mac arvutis.","breadcrumb":{"@id":"https:\/\/marevik.ee\/test\/toode\/tikkimisprogramm-janome-artistic-digitizer\/#breadcrumb"},"inLanguage":"en","potentialAction":[{"@type":"ReadAction","target":["https:\/\/marevik.ee\/test\/toode\/tikkimisprogramm-janome-artistic-digitizer\/"]}]},{"@type":"ImageObject","inLanguage":"en","@id":"https:\/\/marevik.ee\/test\/toode\/tikkimisprogramm-janome-artistic-digitizer\/#primaryimage","url":"https:\/\/marevik.ee\/test\/wp-content\/uploads\/2021\/06\/janome-artistic.jpg","contentUrl":"https:\/\/marevik.ee\/test\/wp-content\/uploads\/2021\/06\/janome-artistic.jpg","width":500,"height":500},{"@type":"BreadcrumbList","@id":"https:\/\/marevik.ee\/test\/toode\/tikkimisprogramm-janome-artistic-digitizer\/#breadcrumb","itemListElement":[{"@type":"ListItem","position":1,"name":"Home","item":"https:\/\/marevik.ee\/test\/"},{"@type":"ListItem","position":2,"name":"E-POOD","item":"https:\/\/marevik.ee\/test\/epood\/"},{"@type":"ListItem","position":3,"name":"Tikkimisprogramm Janome Artistic Digitizer"}]},{"@type":"WebSite","@id":"https:\/\/marevik.ee\/test\/#website","url":"https:\/\/marevik.ee\/test\/","name":"Marevik O&Uuml;","description":"&Otilde;mblusmasina asjatundja","publisher":{"@id":"https:\/\/marevik.ee\/test\/#organization"},"potentialAction":[{"@type":"SearchAction","target":{"@type":"EntryPoint","urlTemplate":"https:\/\/marevik.ee\/test\/?s={search_term_string}"},"query-input":{"@type":"PropertyValueSpecification","valueRequired":true,"valueName":"search_term_string"}}],"inLanguage":"en"},{"@type":"Organization","@id":"https:\/\/marevik.ee\/test\/#organization","name":"Marevik O&Uuml;","url":"https:\/\/marevik.ee\/test\/","logo":{"@type":"ImageObject","inLanguage":"en","@id":"https:\/\/marevik.ee\/test\/#\/schema\/logo\/image\/","url":"https:\/\/marevik.ee\/test\/wp-content\/uploads\/2020\/02\/mblusmasina-asjatundja-1994_173x105_veebi_v-ike.jpg","contentUrl":"https:\/\/marevik.ee\/test\/wp-content\/uploads\/2020\/02\/mblusmasina-asjatundja-1994_173x105_veebi_v-ike.jpg","width":173,"height":105,"caption":"Marevik O&Uuml;"},"image":{"@id":"https:\/\/marevik.ee\/test\/#\/schema\/logo\/image\/"}}]}},"_links":{"self":[{"href":"https:\/\/marevik.ee\/test\/wp-json\/wp\/v2\/product\/13452","targetHints":{"allow":["GET"]}}],"collection":[{"href":"https:\/\/marevik.ee\/test\/wp-json\/wp\/v2\/product"}],"about":[{"href":"https:\/\/marevik.ee\/test\/wp-json\/wp\/v2\/types\/product"}],"wp:featuredmedia":[{"embeddable":true,"href":"https:\/\/marevik.ee\/test\/wp-json\/wp\/v2\/media\/13454"}],"wp:attachment":[{"href":"https:\/\/marevik.ee\/test\/wp-json\/wp\/v2\/media?parent=13452"}],"wp:term":[{"taxonomy":"product_brand","embeddable":true,"href":"https:\/\/marevik.ee\/test\/wp-json\/wp\/v2\/product_brand?post=13452"},{"taxonomy":"product_cat","embeddable":true,"href":"https:\/\/marevik.ee\/test\/wp-json\/wp\/v2\/product_cat?post=13452"},{"taxonomy":"product_tag","embeddable":true,"href":"https:\/\/marevik.ee\/test\/wp-json\/wp\/v2\/product_tag?post=13452"}],"curies":[{"name":"wp","href":"https:\/\/api.w.org\/{rel}","templated":true}]}}