{"id":13535,"date":"2021-08-02T08:24:02","date_gmt":"2021-08-02T08:24:02","guid":{"rendered":"https:\/\/marevik.ee\/test\/?post_type=product&#038;p=13535"},"modified":"2024-06-13T05:19:00","modified_gmt":"2024-06-13T05:19:00","slug":"omblusmasina-kandekott-sinine","status":"publish","type":"product","link":"https:\/\/marevik.ee\/test\/toode\/omblusmasina-kandekott-sinine\/","title":{"rendered":"\u00d5mblusmasina kandekott, sinine"},"content":{"rendered":"","protected":false},"excerpt":{"rendered":"<p>K\u00f5va p\u00f5hjaga kandekott sobib normaalm\u00f5\u00f5dus \u00f5mblusmasinate kandmiseks ja s\u00e4ilitamiseks. T\u00f5mblukuga suletav. K\u00fcljel t\u00f5mblukuga tasku eraldamaks masinat pedaalist ja tarvikutest. Kott kaitseb sinu masinat tolmu, mustuse ja pleekimise eest.<\/p>\n","protected":false},"featured_media":13536,"template":"","meta":{"site-sidebar-layout":"default","site-content-layout":"default","ast-site-content-layout":"","site-content-style":"default","site-sidebar-style":"default","ast-global-header-display":"","ast-banner-title-visibility":"","ast-main-header-display":"","ast-hfb-above-header-display":"","ast-hfb-below-header-display":"","ast-hfb-mobile-header-display":"","site-post-title":"","ast-breadcrumbs-content":"","ast-featured-img":"","footer-sml-layout":"","theme-transparent-header-meta":"default","adv-header-id-meta":"","stick-header-meta":"","header-above-stick-meta":"","header-main-stick-meta":"","header-below-stick-meta":"","astra-migrate-meta-layouts":"default","ast-page-background-enabled":"default","ast-page-background-meta":{"desktop":{"background-color":"","background-image":"","background-repeat":"repeat","background-position":"center center","background-size":"auto","background-attachment":"scroll","background-type":"","background-media":"","overlay-type":"","overlay-color":"","overlay-opacity":"","overlay-gradient":""},"tablet":{"background-color":"","background-image":"","background-repeat":"repeat","background-position":"center center","background-size":"auto","background-attachment":"scroll","background-type":"","background-media":"","overlay-type":"","overlay-color":"","overlay-opacity":"","overlay-gradient":""},"mobile":{"background-color":"","background-image":"","background-repeat":"repeat","background-position":"center center","background-size":"auto","background-attachment":"scroll","background-type":"","background-media":"","overlay-type":"","overlay-color":"","overlay-opacity":"","overlay-gradient":""}},"ast-content-background-meta":{"desktop":{"background-color":"var(--ast-global-color-5)","background-image":"","background-repeat":"repeat","background-position":"center center","background-size":"auto","background-attachment":"scroll","background-type":"","background-media":"","overlay-type":"","overlay-color":"","overlay-opacity":"","overlay-gradient":""},"tablet":{"background-color":"var(--ast-global-color-5)","background-image":"","background-repeat":"repeat","background-position":"center center","background-size":"auto","background-attachment":"scroll","background-type":"","background-media":"","overlay-type":"","overlay-color":"","overlay-opacity":"","overlay-gradient":""},"mobile":{"background-color":"var(--ast-global-color-5)","background-image":"","background-repeat":"repeat","background-position":"center center","background-size":"auto","background-attachment":"scroll","background-type":"","background-media":"","overlay-type":"","overlay-color":"","overlay-opacity":"","overlay-gradient":""}}},"product_brand":[],"product_cat":[66,76],"product_tag":[],"class_list":{"0":"post-13535","1":"product","2":"type-product","3":"status-publish","4":"has-post-thumbnail","6":"product_cat-lisatarvikud","7":"product_cat-varuosad-ja-lisad","8":"desktop-align-left","9":"tablet-align-left","10":"mobile-align-left","12":"first","13":"instock","14":"taxable","15":"shipping-taxable","16":"purchasable","17":"product-type-simple"},"yoast_head":"<!-- This site is optimized with the Yoast SEO plugin v26.1.1 - https:\/\/yoast.com\/wordpress\/plugins\/seo\/ -->\n<title>\u00d5mblusmasina kandekott - \u00f5mblusmasinate kandmiseks<\/title>\n<meta name=\"description\" content=\"K\u00f5va p\u00f5hjaga kandekott sobib normaalm\u00f5\u00f5dus \u00f5mblusmasinate kandmiseks ja s\u00e4ilitamiseks. Tooted professionaalile ja ka harrastajatele.\" \/>\n<meta name=\"robots\" content=\"index, follow, max-snippet:-1, max-image-preview:large, max-video-preview:-1\" \/>\n<link rel=\"canonical\" href=\"https:\/\/marevik.ee\/test\/toode\/omblusmasina-kandekott-sinine\/\" \/>\n<meta property=\"og:locale\" content=\"en_US\" \/>\n<meta property=\"og:type\" content=\"article\" \/>\n<meta property=\"og:title\" content=\"\u00d5mblusmasina kandekott - \u00f5mblusmasinate kandmiseks\" \/>\n<meta property=\"og:description\" content=\"K\u00f5va p\u00f5hjaga kandekott sobib normaalm\u00f5\u00f5dus \u00f5mblusmasinate kandmiseks ja s\u00e4ilitamiseks. Tooted professionaalile ja ka harrastajatele.\" \/>\n<meta property=\"og:url\" content=\"https:\/\/marevik.ee\/test\/toode\/omblusmasina-kandekott-sinine\/\" \/>\n<meta property=\"og:site_name\" content=\"Marevik O&Uuml;\" \/>\n<meta property=\"article:modified_time\" content=\"2024-06-13T05:19:00+00:00\" \/>\n<meta property=\"og:image\" content=\"https:\/\/marevik.ee\/test\/wp-content\/uploads\/2021\/08\/Omblusmasina-kandekott.jpg\" \/>\n\t<meta property=\"og:image:width\" content=\"1000\" \/>\n\t<meta property=\"og:image:height\" content=\"500\" \/>\n\t<meta property=\"og:image:type\" content=\"image\/jpeg\" \/>\n<meta name=\"twitter:card\" content=\"summary_large_image\" \/>\n<meta name=\"twitter:label1\" content=\"Est. reading time\" \/>\n\t<meta name=\"twitter:data1\" content=\"1 minute\" \/>\n<script type=\"application\/ld+json\" class=\"yoast-schema-graph\">{\"@context\":\"https:\/\/schema.org\",\"@graph\":[{\"@type\":\"WebPage\",\"@id\":\"https:\/\/marevik.ee\/test\/toode\/omblusmasina-kandekott-sinine\/\",\"url\":\"https:\/\/marevik.ee\/test\/toode\/omblusmasina-kandekott-sinine\/\",\"name\":\"\u00d5mblusmasina kandekott - \u00f5mblusmasinate kandmiseks\",\"isPartOf\":{\"@id\":\"https:\/\/marevik.ee\/test\/#website\"},\"primaryImageOfPage\":{\"@id\":\"https:\/\/marevik.ee\/test\/toode\/omblusmasina-kandekott-sinine\/#primaryimage\"},\"image\":{\"@id\":\"https:\/\/marevik.ee\/test\/toode\/omblusmasina-kandekott-sinine\/#primaryimage\"},\"thumbnailUrl\":\"https:\/\/marevik.ee\/test\/wp-content\/uploads\/2021\/08\/Omblusmasina-kandekott.jpg\",\"datePublished\":\"2021-08-02T08:24:02+00:00\",\"dateModified\":\"2024-06-13T05:19:00+00:00\",\"description\":\"K\u00f5va p\u00f5hjaga kandekott sobib normaalm\u00f5\u00f5dus \u00f5mblusmasinate kandmiseks ja s\u00e4ilitamiseks. Tooted professionaalile ja ka harrastajatele.\",\"breadcrumb\":{\"@id\":\"https:\/\/marevik.ee\/test\/toode\/omblusmasina-kandekott-sinine\/#breadcrumb\"},\"inLanguage\":\"en\",\"potentialAction\":[{\"@type\":\"ReadAction\",\"target\":[\"https:\/\/marevik.ee\/test\/toode\/omblusmasina-kandekott-sinine\/\"]}]},{\"@type\":\"ImageObject\",\"inLanguage\":\"en\",\"@id\":\"https:\/\/marevik.ee\/test\/toode\/omblusmasina-kandekott-sinine\/#primaryimage\",\"url\":\"https:\/\/marevik.ee\/test\/wp-content\/uploads\/2021\/08\/Omblusmasina-kandekott.jpg\",\"contentUrl\":\"https:\/\/marevik.ee\/test\/wp-content\/uploads\/2021\/08\/Omblusmasina-kandekott.jpg\",\"width\":1000,\"height\":500},{\"@type\":\"BreadcrumbList\",\"@id\":\"https:\/\/marevik.ee\/test\/toode\/omblusmasina-kandekott-sinine\/#breadcrumb\",\"itemListElement\":[{\"@type\":\"ListItem\",\"position\":1,\"name\":\"Home\",\"item\":\"https:\/\/marevik.ee\/test\/\"},{\"@type\":\"ListItem\",\"position\":2,\"name\":\"E-POOD\",\"item\":\"https:\/\/marevik.ee\/test\/epood\/\"},{\"@type\":\"ListItem\",\"position\":3,\"name\":\"\u00d5mblusmasina kandekott, sinine\"}]},{\"@type\":\"WebSite\",\"@id\":\"https:\/\/marevik.ee\/test\/#website\",\"url\":\"https:\/\/marevik.ee\/test\/\",\"name\":\"Marevik O&Uuml;\",\"description\":\"&Otilde;mblusmasina asjatundja\",\"publisher\":{\"@id\":\"https:\/\/marevik.ee\/test\/#organization\"},\"potentialAction\":[{\"@type\":\"SearchAction\",\"target\":{\"@type\":\"EntryPoint\",\"urlTemplate\":\"https:\/\/marevik.ee\/test\/?s={search_term_string}\"},\"query-input\":{\"@type\":\"PropertyValueSpecification\",\"valueRequired\":true,\"valueName\":\"search_term_string\"}}],\"inLanguage\":\"en\"},{\"@type\":\"Organization\",\"@id\":\"https:\/\/marevik.ee\/test\/#organization\",\"name\":\"Marevik O&Uuml;\",\"url\":\"https:\/\/marevik.ee\/test\/\",\"logo\":{\"@type\":\"ImageObject\",\"inLanguage\":\"en\",\"@id\":\"https:\/\/marevik.ee\/test\/#\/schema\/logo\/image\/\",\"url\":\"https:\/\/marevik.ee\/test\/wp-content\/uploads\/2020\/02\/mblusmasina-asjatundja-1994_173x105_veebi_v-ike.jpg\",\"contentUrl\":\"https:\/\/marevik.ee\/test\/wp-content\/uploads\/2020\/02\/mblusmasina-asjatundja-1994_173x105_veebi_v-ike.jpg\",\"width\":173,\"height\":105,\"caption\":\"Marevik O&Uuml;\"},\"image\":{\"@id\":\"https:\/\/marevik.ee\/test\/#\/schema\/logo\/image\/\"}}]}<\/script>\n<!-- \/ Yoast SEO plugin. -->","yoast_head_json":{"title":"\u00d5mblusmasina kandekott - \u00f5mblusmasinate kandmiseks","description":"K\u00f5va p\u00f5hjaga kandekott sobib normaalm\u00f5\u00f5dus \u00f5mblusmasinate kandmiseks ja s\u00e4ilitamiseks. Tooted professionaalile ja ka harrastajatele.","robots":{"index":"index","follow":"follow","max-snippet":"max-snippet:-1","max-image-preview":"max-image-preview:large","max-video-preview":"max-video-preview:-1"},"canonical":"https:\/\/marevik.ee\/test\/toode\/omblusmasina-kandekott-sinine\/","og_locale":"en_US","og_type":"article","og_title":"\u00d5mblusmasina kandekott - \u00f5mblusmasinate kandmiseks","og_description":"K\u00f5va p\u00f5hjaga kandekott sobib normaalm\u00f5\u00f5dus \u00f5mblusmasinate kandmiseks ja s\u00e4ilitamiseks. Tooted professionaalile ja ka harrastajatele.","og_url":"https:\/\/marevik.ee\/test\/toode\/omblusmasina-kandekott-sinine\/","og_site_name":"Marevik O&Uuml;","article_modified_time":"2024-06-13T05:19:00+00:00","og_image":[{"width":1000,"height":500,"url":"https:\/\/marevik.ee\/test\/wp-content\/uploads\/2021\/08\/Omblusmasina-kandekott.jpg","type":"image\/jpeg"}],"twitter_card":"summary_large_image","twitter_misc":{"Est. reading time":"1 minute"},"schema":{"@context":"https:\/\/schema.org","@graph":[{"@type":"WebPage","@id":"https:\/\/marevik.ee\/test\/toode\/omblusmasina-kandekott-sinine\/","url":"https:\/\/marevik.ee\/test\/toode\/omblusmasina-kandekott-sinine\/","name":"\u00d5mblusmasina kandekott - \u00f5mblusmasinate kandmiseks","isPartOf":{"@id":"https:\/\/marevik.ee\/test\/#website"},"primaryImageOfPage":{"@id":"https:\/\/marevik.ee\/test\/toode\/omblusmasina-kandekott-sinine\/#primaryimage"},"image":{"@id":"https:\/\/marevik.ee\/test\/toode\/omblusmasina-kandekott-sinine\/#primaryimage"},"thumbnailUrl":"https:\/\/marevik.ee\/test\/wp-content\/uploads\/2021\/08\/Omblusmasina-kandekott.jpg","datePublished":"2021-08-02T08:24:02+00:00","dateModified":"2024-06-13T05:19:00+00:00","description":"K\u00f5va p\u00f5hjaga kandekott sobib normaalm\u00f5\u00f5dus \u00f5mblusmasinate kandmiseks ja s\u00e4ilitamiseks. Tooted professionaalile ja ka harrastajatele.","breadcrumb":{"@id":"https:\/\/marevik.ee\/test\/toode\/omblusmasina-kandekott-sinine\/#breadcrumb"},"inLanguage":"en","potentialAction":[{"@type":"ReadAction","target":["https:\/\/marevik.ee\/test\/toode\/omblusmasina-kandekott-sinine\/"]}]},{"@type":"ImageObject","inLanguage":"en","@id":"https:\/\/marevik.ee\/test\/toode\/omblusmasina-kandekott-sinine\/#primaryimage","url":"https:\/\/marevik.ee\/test\/wp-content\/uploads\/2021\/08\/Omblusmasina-kandekott.jpg","contentUrl":"https:\/\/marevik.ee\/test\/wp-content\/uploads\/2021\/08\/Omblusmasina-kandekott.jpg","width":1000,"height":500},{"@type":"BreadcrumbList","@id":"https:\/\/marevik.ee\/test\/toode\/omblusmasina-kandekott-sinine\/#breadcrumb","itemListElement":[{"@type":"ListItem","position":1,"name":"Home","item":"https:\/\/marevik.ee\/test\/"},{"@type":"ListItem","position":2,"name":"E-POOD","item":"https:\/\/marevik.ee\/test\/epood\/"},{"@type":"ListItem","position":3,"name":"\u00d5mblusmasina kandekott, sinine"}]},{"@type":"WebSite","@id":"https:\/\/marevik.ee\/test\/#website","url":"https:\/\/marevik.ee\/test\/","name":"Marevik O&Uuml;","description":"&Otilde;mblusmasina asjatundja","publisher":{"@id":"https:\/\/marevik.ee\/test\/#organization"},"potentialAction":[{"@type":"SearchAction","target":{"@type":"EntryPoint","urlTemplate":"https:\/\/marevik.ee\/test\/?s={search_term_string}"},"query-input":{"@type":"PropertyValueSpecification","valueRequired":true,"valueName":"search_term_string"}}],"inLanguage":"en"},{"@type":"Organization","@id":"https:\/\/marevik.ee\/test\/#organization","name":"Marevik O&Uuml;","url":"https:\/\/marevik.ee\/test\/","logo":{"@type":"ImageObject","inLanguage":"en","@id":"https:\/\/marevik.ee\/test\/#\/schema\/logo\/image\/","url":"https:\/\/marevik.ee\/test\/wp-content\/uploads\/2020\/02\/mblusmasina-asjatundja-1994_173x105_veebi_v-ike.jpg","contentUrl":"https:\/\/marevik.ee\/test\/wp-content\/uploads\/2020\/02\/mblusmasina-asjatundja-1994_173x105_veebi_v-ike.jpg","width":173,"height":105,"caption":"Marevik O&Uuml;"},"image":{"@id":"https:\/\/marevik.ee\/test\/#\/schema\/logo\/image\/"}}]}},"_links":{"self":[{"href":"https:\/\/marevik.ee\/test\/wp-json\/wp\/v2\/product\/13535","targetHints":{"allow":["GET"]}}],"collection":[{"href":"https:\/\/marevik.ee\/test\/wp-json\/wp\/v2\/product"}],"about":[{"href":"https:\/\/marevik.ee\/test\/wp-json\/wp\/v2\/types\/product"}],"wp:featuredmedia":[{"embeddable":true,"href":"https:\/\/marevik.ee\/test\/wp-json\/wp\/v2\/media\/13536"}],"wp:attachment":[{"href":"https:\/\/marevik.ee\/test\/wp-json\/wp\/v2\/media?parent=13535"}],"wp:term":[{"taxonomy":"product_brand","embeddable":true,"href":"https:\/\/marevik.ee\/test\/wp-json\/wp\/v2\/product_brand?post=13535"},{"taxonomy":"product_cat","embeddable":true,"href":"https:\/\/marevik.ee\/test\/wp-json\/wp\/v2\/product_cat?post=13535"},{"taxonomy":"product_tag","embeddable":true,"href":"https:\/\/marevik.ee\/test\/wp-json\/wp\/v2\/product_tag?post=13535"}],"curies":[{"name":"wp","href":"https:\/\/api.w.org\/{rel}","templated":true}]}}