{"id":13951,"date":"2021-12-07T13:28:19","date_gmt":"2021-12-07T13:28:19","guid":{"rendered":"https:\/\/marevik.ee\/test\/?post_type=product&#038;p=13951"},"modified":"2023-05-23T11:22:50","modified_gmt":"2023-05-23T11:22:50","slug":"omblus-ja-tikkimismasin-bernette-79","status":"publish","type":"product","link":"https:\/\/marevik.ee\/test\/toode\/omblus-ja-tikkimismasin-bernette-79\/","title":{"rendered":"\u00d5mblus- ja tikkimismasin Bernette 79"},"content":{"rendered":"<p>\u00d5mblemine:<br \/>\n500 erinevat \u00f5mblusoperatsiooni, seal hulgas t\u00e4hestik<br \/>\n17 n\u00f6\u00f6pauguoperatsiooni<br \/>\nPiste laius 7 mm<br \/>\nPiste pikkus 5 mm<br \/>\n\u00d5mbluskiirus maksimaalselt 1000 pm<br \/>\nT\u00f6\u00f6laua pikkus, n\u00f5elast paremale 23 cm<br \/>\nLED valgustus<br \/>\nAutomaatne niidil\u00f5ikus<br \/>\nStart\/stop nupp ilma pedaalita \u00f5mblemiseks<br \/>\nAutomaatne pistekinnitus<br \/>\nP\u00f5lvekang jalaga presstalla t\u00f5stmiseks<br \/>\n15 n\u00f5elapositsiooni<br \/>\nElektrooniline presstalla surve<br \/>\n\u00dclemine kangas\u00f6\u00f6tja<\/p>\n<p>Tikkimine:<br \/>\nMasina m\u00e4lus 208 tikkimismotiivi<br \/>\nMasina m\u00e4lus 7 erinevat t\u00e4hestiku fonti<br \/>\nMaksimaalne tikkimispiirkond 260&#215;160 mm<br \/>\nV\u00f5imeline tikkima formaate: VP3, VIP, PEC, HUS, DST, EXP, JEF, PES<br \/>\nMasina ekraanil redigeerimise v\u00f5imalus, p\u00f6\u00f6ramine, peegelpilt, suurendamine jms.<\/p>\n<p>Varustus:<br \/>\n10 erinevat presstalda, suur abilaud, p\u00f5lvekang, pedaal, tikkimismoodul, 3 tikkimisraami (S,M,L), tolmukate, n\u00f5elad ja 2 Bernina tikkimisprogrammi, kus on v\u00f5imalik 300 erineva valmisdisaini t\u00f6\u00f6tlemine. <strong>NB! Masinaga kaasa tulevad programmid ei ole m\u00f5eldud ise tikandite disainimise jaoks.<\/strong><\/p>\n","protected":false},"excerpt":{"rendered":"<p>Bernette 79 on kvaliteetne ning soodne \u00f5mblus- ja tikkimismasin. Tegemist on Bernette kaubam\u00e4rgi tippmudeliga, kus on koos v\u00f5imekus ja kasutajas\u00f5bralikkus. Siin on \u00fchendatud Bernette parimad omadused ja k\u00f5rge kvaliteet. Kiire, j\u00f5uline, suure t\u00f6\u00f6laua ja 260x180mm tikkimispiirkonnaga t\u00f6\u00f6riist sobib hobi\u00f5mblejale, kui ka laste k\u00e4sit\u00f6\u00f6klassi. Kindel abimees aastak\u00fcmneteks.<\/p>\n","protected":false},"featured_media":13952,"template":"","meta":{"site-sidebar-layout":"default","site-content-layout":"default","ast-site-content-layout":"","site-content-style":"default","site-sidebar-style":"default","ast-global-header-display":"","ast-banner-title-visibility":"","ast-main-header-display":"","ast-hfb-above-header-display":"","ast-hfb-below-header-display":"","ast-hfb-mobile-header-display":"","site-post-title":"","ast-breadcrumbs-content":"","ast-featured-img":"","footer-sml-layout":"","theme-transparent-header-meta":"default","adv-header-id-meta":"","stick-header-meta":"","header-above-stick-meta":"","header-main-stick-meta":"","header-below-stick-meta":"","astra-migrate-meta-layouts":"default","ast-page-background-enabled":"default","ast-page-background-meta":{"desktop":{"background-color":"","background-image":"","background-repeat":"repeat","background-position":"center center","background-size":"auto","background-attachment":"scroll","background-type":"","background-media":"","overlay-type":"","overlay-color":"","overlay-opacity":"","overlay-gradient":""},"tablet":{"background-color":"","background-image":"","background-repeat":"repeat","background-position":"center center","background-size":"auto","background-attachment":"scroll","background-type":"","background-media":"","overlay-type":"","overlay-color":"","overlay-opacity":"","overlay-gradient":""},"mobile":{"background-color":"","background-image":"","background-repeat":"repeat","background-position":"center center","background-size":"auto","background-attachment":"scroll","background-type":"","background-media":"","overlay-type":"","overlay-color":"","overlay-opacity":"","overlay-gradient":""}},"ast-content-background-meta":{"desktop":{"background-color":"var(--ast-global-color-5)","background-image":"","background-repeat":"repeat","background-position":"center center","background-size":"auto","background-attachment":"scroll","background-type":"","background-media":"","overlay-type":"","overlay-color":"","overlay-opacity":"","overlay-gradient":""},"tablet":{"background-color":"var(--ast-global-color-5)","background-image":"","background-repeat":"repeat","background-position":"center center","background-size":"auto","background-attachment":"scroll","background-type":"","background-media":"","overlay-type":"","overlay-color":"","overlay-opacity":"","overlay-gradient":""},"mobile":{"background-color":"var(--ast-global-color-5)","background-image":"","background-repeat":"repeat","background-position":"center center","background-size":"auto","background-attachment":"scroll","background-type":"","background-media":"","overlay-type":"","overlay-color":"","overlay-opacity":"","overlay-gradient":""}}},"product_brand":[],"product_cat":[70,124,60,63],"product_tag":[109],"class_list":{"0":"post-13951","1":"product","2":"type-product","3":"status-publish","4":"has-post-thumbnail","6":"product_cat-bernette","7":"product_cat-bernette-tikkimismasinad","8":"product_cat-omblusmasinad","9":"product_cat-tikkimismasinad","10":"product_tag-bernette","11":"desktop-align-left","12":"tablet-align-left","13":"mobile-align-left","15":"first","16":"instock","17":"taxable","18":"shipping-taxable","19":"purchasable","20":"product-type-simple"},"yoast_head":"<!-- This site is optimized with the Yoast SEO plugin v26.1.1 - https:\/\/yoast.com\/wordpress\/plugins\/seo\/ -->\n<title>\u00d5mblus- ja tikkimismasin Bernette 79 - Marevik O&Uuml;<\/title>\n<meta name=\"description\" content=\"Bernette 79 on kvaliteetne ning soodne \u00f5mblus- ja tikkimismasin. Tegemist on Bernette kaubam\u00e4rgi tippmudeliga, kus on koos v\u00f5imekus ja kasutajas\u00f5bralikkus.\" \/>\n<meta name=\"robots\" content=\"index, follow, max-snippet:-1, max-image-preview:large, max-video-preview:-1\" \/>\n<link rel=\"canonical\" href=\"https:\/\/marevik.ee\/test\/toode\/omblus-ja-tikkimismasin-bernette-79\/\" \/>\n<meta property=\"og:locale\" content=\"en_US\" \/>\n<meta property=\"og:type\" content=\"article\" \/>\n<meta property=\"og:title\" content=\"\u00d5mblus- ja tikkimismasin Bernette 79 - Marevik O&Uuml;\" \/>\n<meta property=\"og:description\" content=\"Bernette 79 on kvaliteetne ning soodne \u00f5mblus- ja tikkimismasin. Tegemist on Bernette kaubam\u00e4rgi tippmudeliga, kus on koos v\u00f5imekus ja kasutajas\u00f5bralikkus.\" \/>\n<meta property=\"og:url\" content=\"https:\/\/marevik.ee\/test\/toode\/omblus-ja-tikkimismasin-bernette-79\/\" \/>\n<meta property=\"og:site_name\" content=\"Marevik O&Uuml;\" \/>\n<meta property=\"article:modified_time\" content=\"2023-05-23T11:22:50+00:00\" \/>\n<meta property=\"og:image\" content=\"https:\/\/marevik.ee\/test\/wp-content\/uploads\/2021\/12\/Bernette-79.png\" \/>\n\t<meta property=\"og:image:width\" content=\"640\" \/>\n\t<meta property=\"og:image:height\" content=\"561\" \/>\n\t<meta property=\"og:image:type\" content=\"image\/png\" \/>\n<meta name=\"twitter:card\" content=\"summary_large_image\" \/>\n<meta name=\"twitter:label1\" content=\"Est. reading time\" \/>\n\t<meta name=\"twitter:data1\" content=\"1 minute\" \/>\n<script type=\"application\/ld+json\" class=\"yoast-schema-graph\">{\"@context\":\"https:\/\/schema.org\",\"@graph\":[{\"@type\":\"WebPage\",\"@id\":\"https:\/\/marevik.ee\/test\/toode\/omblus-ja-tikkimismasin-bernette-79\/\",\"url\":\"https:\/\/marevik.ee\/test\/toode\/omblus-ja-tikkimismasin-bernette-79\/\",\"name\":\"\u00d5mblus- ja tikkimismasin Bernette 79 - Marevik O&Uuml;\",\"isPartOf\":{\"@id\":\"https:\/\/marevik.ee\/test\/#website\"},\"primaryImageOfPage\":{\"@id\":\"https:\/\/marevik.ee\/test\/toode\/omblus-ja-tikkimismasin-bernette-79\/#primaryimage\"},\"image\":{\"@id\":\"https:\/\/marevik.ee\/test\/toode\/omblus-ja-tikkimismasin-bernette-79\/#primaryimage\"},\"thumbnailUrl\":\"https:\/\/marevik.ee\/test\/wp-content\/uploads\/2021\/12\/Bernette-79.png\",\"datePublished\":\"2021-12-07T13:28:19+00:00\",\"dateModified\":\"2023-05-23T11:22:50+00:00\",\"description\":\"Bernette 79 on kvaliteetne ning soodne \u00f5mblus- ja tikkimismasin. Tegemist on Bernette kaubam\u00e4rgi tippmudeliga, kus on koos v\u00f5imekus ja kasutajas\u00f5bralikkus.\",\"breadcrumb\":{\"@id\":\"https:\/\/marevik.ee\/test\/toode\/omblus-ja-tikkimismasin-bernette-79\/#breadcrumb\"},\"inLanguage\":\"en\",\"potentialAction\":[{\"@type\":\"ReadAction\",\"target\":[\"https:\/\/marevik.ee\/test\/toode\/omblus-ja-tikkimismasin-bernette-79\/\"]}]},{\"@type\":\"ImageObject\",\"inLanguage\":\"en\",\"@id\":\"https:\/\/marevik.ee\/test\/toode\/omblus-ja-tikkimismasin-bernette-79\/#primaryimage\",\"url\":\"https:\/\/marevik.ee\/test\/wp-content\/uploads\/2021\/12\/Bernette-79.png\",\"contentUrl\":\"https:\/\/marevik.ee\/test\/wp-content\/uploads\/2021\/12\/Bernette-79.png\",\"width\":640,\"height\":561},{\"@type\":\"BreadcrumbList\",\"@id\":\"https:\/\/marevik.ee\/test\/toode\/omblus-ja-tikkimismasin-bernette-79\/#breadcrumb\",\"itemListElement\":[{\"@type\":\"ListItem\",\"position\":1,\"name\":\"Home\",\"item\":\"https:\/\/marevik.ee\/test\/\"},{\"@type\":\"ListItem\",\"position\":2,\"name\":\"E-POOD\",\"item\":\"https:\/\/marevik.ee\/test\/epood\/\"},{\"@type\":\"ListItem\",\"position\":3,\"name\":\"\u00d5mblus- ja tikkimismasin Bernette 79\"}]},{\"@type\":\"WebSite\",\"@id\":\"https:\/\/marevik.ee\/test\/#website\",\"url\":\"https:\/\/marevik.ee\/test\/\",\"name\":\"Marevik O&Uuml;\",\"description\":\"&Otilde;mblusmasina asjatundja\",\"publisher\":{\"@id\":\"https:\/\/marevik.ee\/test\/#organization\"},\"potentialAction\":[{\"@type\":\"SearchAction\",\"target\":{\"@type\":\"EntryPoint\",\"urlTemplate\":\"https:\/\/marevik.ee\/test\/?s={search_term_string}\"},\"query-input\":{\"@type\":\"PropertyValueSpecification\",\"valueRequired\":true,\"valueName\":\"search_term_string\"}}],\"inLanguage\":\"en\"},{\"@type\":\"Organization\",\"@id\":\"https:\/\/marevik.ee\/test\/#organization\",\"name\":\"Marevik O&Uuml;\",\"url\":\"https:\/\/marevik.ee\/test\/\",\"logo\":{\"@type\":\"ImageObject\",\"inLanguage\":\"en\",\"@id\":\"https:\/\/marevik.ee\/test\/#\/schema\/logo\/image\/\",\"url\":\"https:\/\/marevik.ee\/test\/wp-content\/uploads\/2020\/02\/mblusmasina-asjatundja-1994_173x105_veebi_v-ike.jpg\",\"contentUrl\":\"https:\/\/marevik.ee\/test\/wp-content\/uploads\/2020\/02\/mblusmasina-asjatundja-1994_173x105_veebi_v-ike.jpg\",\"width\":173,\"height\":105,\"caption\":\"Marevik O&Uuml;\"},\"image\":{\"@id\":\"https:\/\/marevik.ee\/test\/#\/schema\/logo\/image\/\"}}]}<\/script>\n<!-- \/ Yoast SEO plugin. -->","yoast_head_json":{"title":"\u00d5mblus- ja tikkimismasin Bernette 79 - Marevik O&Uuml;","description":"Bernette 79 on kvaliteetne ning soodne \u00f5mblus- ja tikkimismasin. Tegemist on Bernette kaubam\u00e4rgi tippmudeliga, kus on koos v\u00f5imekus ja kasutajas\u00f5bralikkus.","robots":{"index":"index","follow":"follow","max-snippet":"max-snippet:-1","max-image-preview":"max-image-preview:large","max-video-preview":"max-video-preview:-1"},"canonical":"https:\/\/marevik.ee\/test\/toode\/omblus-ja-tikkimismasin-bernette-79\/","og_locale":"en_US","og_type":"article","og_title":"\u00d5mblus- ja tikkimismasin Bernette 79 - Marevik O&Uuml;","og_description":"Bernette 79 on kvaliteetne ning soodne \u00f5mblus- ja tikkimismasin. Tegemist on Bernette kaubam\u00e4rgi tippmudeliga, kus on koos v\u00f5imekus ja kasutajas\u00f5bralikkus.","og_url":"https:\/\/marevik.ee\/test\/toode\/omblus-ja-tikkimismasin-bernette-79\/","og_site_name":"Marevik O&Uuml;","article_modified_time":"2023-05-23T11:22:50+00:00","og_image":[{"width":640,"height":561,"url":"https:\/\/marevik.ee\/test\/wp-content\/uploads\/2021\/12\/Bernette-79.png","type":"image\/png"}],"twitter_card":"summary_large_image","twitter_misc":{"Est. reading time":"1 minute"},"schema":{"@context":"https:\/\/schema.org","@graph":[{"@type":"WebPage","@id":"https:\/\/marevik.ee\/test\/toode\/omblus-ja-tikkimismasin-bernette-79\/","url":"https:\/\/marevik.ee\/test\/toode\/omblus-ja-tikkimismasin-bernette-79\/","name":"\u00d5mblus- ja tikkimismasin Bernette 79 - Marevik O&Uuml;","isPartOf":{"@id":"https:\/\/marevik.ee\/test\/#website"},"primaryImageOfPage":{"@id":"https:\/\/marevik.ee\/test\/toode\/omblus-ja-tikkimismasin-bernette-79\/#primaryimage"},"image":{"@id":"https:\/\/marevik.ee\/test\/toode\/omblus-ja-tikkimismasin-bernette-79\/#primaryimage"},"thumbnailUrl":"https:\/\/marevik.ee\/test\/wp-content\/uploads\/2021\/12\/Bernette-79.png","datePublished":"2021-12-07T13:28:19+00:00","dateModified":"2023-05-23T11:22:50+00:00","description":"Bernette 79 on kvaliteetne ning soodne \u00f5mblus- ja tikkimismasin. Tegemist on Bernette kaubam\u00e4rgi tippmudeliga, kus on koos v\u00f5imekus ja kasutajas\u00f5bralikkus.","breadcrumb":{"@id":"https:\/\/marevik.ee\/test\/toode\/omblus-ja-tikkimismasin-bernette-79\/#breadcrumb"},"inLanguage":"en","potentialAction":[{"@type":"ReadAction","target":["https:\/\/marevik.ee\/test\/toode\/omblus-ja-tikkimismasin-bernette-79\/"]}]},{"@type":"ImageObject","inLanguage":"en","@id":"https:\/\/marevik.ee\/test\/toode\/omblus-ja-tikkimismasin-bernette-79\/#primaryimage","url":"https:\/\/marevik.ee\/test\/wp-content\/uploads\/2021\/12\/Bernette-79.png","contentUrl":"https:\/\/marevik.ee\/test\/wp-content\/uploads\/2021\/12\/Bernette-79.png","width":640,"height":561},{"@type":"BreadcrumbList","@id":"https:\/\/marevik.ee\/test\/toode\/omblus-ja-tikkimismasin-bernette-79\/#breadcrumb","itemListElement":[{"@type":"ListItem","position":1,"name":"Home","item":"https:\/\/marevik.ee\/test\/"},{"@type":"ListItem","position":2,"name":"E-POOD","item":"https:\/\/marevik.ee\/test\/epood\/"},{"@type":"ListItem","position":3,"name":"\u00d5mblus- ja tikkimismasin Bernette 79"}]},{"@type":"WebSite","@id":"https:\/\/marevik.ee\/test\/#website","url":"https:\/\/marevik.ee\/test\/","name":"Marevik O&Uuml;","description":"&Otilde;mblusmasina asjatundja","publisher":{"@id":"https:\/\/marevik.ee\/test\/#organization"},"potentialAction":[{"@type":"SearchAction","target":{"@type":"EntryPoint","urlTemplate":"https:\/\/marevik.ee\/test\/?s={search_term_string}"},"query-input":{"@type":"PropertyValueSpecification","valueRequired":true,"valueName":"search_term_string"}}],"inLanguage":"en"},{"@type":"Organization","@id":"https:\/\/marevik.ee\/test\/#organization","name":"Marevik O&Uuml;","url":"https:\/\/marevik.ee\/test\/","logo":{"@type":"ImageObject","inLanguage":"en","@id":"https:\/\/marevik.ee\/test\/#\/schema\/logo\/image\/","url":"https:\/\/marevik.ee\/test\/wp-content\/uploads\/2020\/02\/mblusmasina-asjatundja-1994_173x105_veebi_v-ike.jpg","contentUrl":"https:\/\/marevik.ee\/test\/wp-content\/uploads\/2020\/02\/mblusmasina-asjatundja-1994_173x105_veebi_v-ike.jpg","width":173,"height":105,"caption":"Marevik O&Uuml;"},"image":{"@id":"https:\/\/marevik.ee\/test\/#\/schema\/logo\/image\/"}}]}},"_links":{"self":[{"href":"https:\/\/marevik.ee\/test\/wp-json\/wp\/v2\/product\/13951","targetHints":{"allow":["GET"]}}],"collection":[{"href":"https:\/\/marevik.ee\/test\/wp-json\/wp\/v2\/product"}],"about":[{"href":"https:\/\/marevik.ee\/test\/wp-json\/wp\/v2\/types\/product"}],"wp:featuredmedia":[{"embeddable":true,"href":"https:\/\/marevik.ee\/test\/wp-json\/wp\/v2\/media\/13952"}],"wp:attachment":[{"href":"https:\/\/marevik.ee\/test\/wp-json\/wp\/v2\/media?parent=13951"}],"wp:term":[{"taxonomy":"product_brand","embeddable":true,"href":"https:\/\/marevik.ee\/test\/wp-json\/wp\/v2\/product_brand?post=13951"},{"taxonomy":"product_cat","embeddable":true,"href":"https:\/\/marevik.ee\/test\/wp-json\/wp\/v2\/product_cat?post=13951"},{"taxonomy":"product_tag","embeddable":true,"href":"https:\/\/marevik.ee\/test\/wp-json\/wp\/v2\/product_tag?post=13951"}],"curies":[{"name":"wp","href":"https:\/\/api.w.org\/{rel}","templated":true}]}}