{"id":14072,"date":"2022-01-31T09:10:35","date_gmt":"2022-01-31T09:10:35","guid":{"rendered":"https:\/\/marevik.ee\/test\/?post_type=product&#038;p=14072"},"modified":"2023-05-23T11:23:25","modified_gmt":"2023-05-23T11:23:25","slug":"bernette-37","status":"publish","type":"product","link":"https:\/\/marevik.ee\/test\/toode\/bernette-37\/","title":{"rendered":"Bernette 37"},"content":{"rendered":"<p>Horisontaalne poolis\u00fcsteem<br \/>\n\u00d5mblemiskiirus kuni 700 pm<br \/>\nVedelkristallekraan<br \/>\nEkraanil n\u00e4htavad piste pikkus, laius ja programmi number<br \/>\nValitud \u00f5mbluse juures n\u00e4htav ka vajalik presstald<br \/>\n50 \u00f5mblusoperatsiooni<br \/>\n5 erinevat t\u00e4isautomaatset n\u00f6\u00f6pauku, n\u00f6\u00f6bi \u00f5mblemine<br \/>\nDekoratiiv\u00f5mbluseid 17<br \/>\nKaksikn\u00f5el kahev\u00e4rvilisteks \u00f5mblusteks<br \/>\nS\u00f6\u00f6tehammastiku langetamine vabak\u00e4etikandiks<br \/>\nAutomaatselt seatud piste pikkus ja laius \u00f5mbluse valides, sujuvalt reguleeritav piste pikkus (max 5mm) ja laius (max 7mm)<br \/>\nAutomaatne poolimine ja lihtne pooli paigaldamine<br \/>\nStart\/stop nupp ilma pedaalita \u00f5mblemiseks<br \/>\n\u00d5mbluskiiruse regulaator<br \/>\nAutomaatne n\u00f5elasilmaniidistaja<br \/>\nN\u00f5ela asendi muutmine (n\u00f5el \u00fcleval\/all)<br \/>\n\u00dchtlane s\u00f6\u00f6de t\u00e4nu 7-osalisele hammastikule<br \/>\nFiksaatoriga presstald h\u00f5lbustamaks \u00fcleminekud \u00f5hemalt paksemale kangakihile<br \/>\nKohtvalgustus LED<br \/>\nVabajalg h\u00f5lbustamaks torujate detailide \u00f5mblemist, mahukas tarvikutesahtel<br \/>\nKandesang<br \/>\nNiidil\u00f5ikur<br \/>\nTarvikutekomplekt: 4 pooli, n\u00f5elad nr. 75, 90, 100, lukutald, n\u00f6\u00f6paugutald, n\u00f6\u00f6bitald, dekoratiivpistete tald, harutaja, stopperid, spindel, kruvikeeraja, puhastuspintsel, pehme masinakate.<\/p>\n","protected":false},"excerpt":{"rendered":"<p>Bernette 37 on soodne ja kvaliteetne kompuuter\u00f5mblusmasin. Masinal on 50 \u00f5mblusoperatsiooni ning mitmeid mugavusfunktsoone. Sujuva k\u00e4ivitusega vaikne ja t\u00f6\u00f6kindel t\u00f6\u00f6riist hobi\u00f5mbluseks. Klassikaline ning kaunis disain \u0160veitsist.<\/p>\n","protected":false},"featured_media":14073,"template":"","meta":{"site-sidebar-layout":"default","site-content-layout":"default","ast-site-content-layout":"","site-content-style":"default","site-sidebar-style":"default","ast-global-header-display":"","ast-banner-title-visibility":"","ast-main-header-display":"","ast-hfb-above-header-display":"","ast-hfb-below-header-display":"","ast-hfb-mobile-header-display":"","site-post-title":"","ast-breadcrumbs-content":"","ast-featured-img":"","footer-sml-layout":"","theme-transparent-header-meta":"default","adv-header-id-meta":"","stick-header-meta":"","header-above-stick-meta":"","header-main-stick-meta":"","header-below-stick-meta":"","astra-migrate-meta-layouts":"default","ast-page-background-enabled":"default","ast-page-background-meta":{"desktop":{"background-color":"","background-image":"","background-repeat":"repeat","background-position":"center center","background-size":"auto","background-attachment":"scroll","background-type":"","background-media":"","overlay-type":"","overlay-color":"","overlay-opacity":"","overlay-gradient":""},"tablet":{"background-color":"","background-image":"","background-repeat":"repeat","background-position":"center center","background-size":"auto","background-attachment":"scroll","background-type":"","background-media":"","overlay-type":"","overlay-color":"","overlay-opacity":"","overlay-gradient":""},"mobile":{"background-color":"","background-image":"","background-repeat":"repeat","background-position":"center center","background-size":"auto","background-attachment":"scroll","background-type":"","background-media":"","overlay-type":"","overlay-color":"","overlay-opacity":"","overlay-gradient":""}},"ast-content-background-meta":{"desktop":{"background-color":"var(--ast-global-color-5)","background-image":"","background-repeat":"repeat","background-position":"center center","background-size":"auto","background-attachment":"scroll","background-type":"","background-media":"","overlay-type":"","overlay-color":"","overlay-opacity":"","overlay-gradient":""},"tablet":{"background-color":"var(--ast-global-color-5)","background-image":"","background-repeat":"repeat","background-position":"center center","background-size":"auto","background-attachment":"scroll","background-type":"","background-media":"","overlay-type":"","overlay-color":"","overlay-opacity":"","overlay-gradient":""},"mobile":{"background-color":"var(--ast-global-color-5)","background-image":"","background-repeat":"repeat","background-position":"center center","background-size":"auto","background-attachment":"scroll","background-type":"","background-media":"","overlay-type":"","overlay-color":"","overlay-opacity":"","overlay-gradient":""}}},"product_brand":[],"product_cat":[70,60],"product_tag":[109],"class_list":{"0":"post-14072","1":"product","2":"type-product","3":"status-publish","4":"has-post-thumbnail","6":"product_cat-bernette","7":"product_cat-omblusmasinad","8":"product_tag-bernette","9":"desktop-align-left","10":"tablet-align-left","11":"mobile-align-left","13":"first","14":"instock","15":"taxable","16":"shipping-taxable","17":"purchasable","18":"product-type-simple"},"yoast_head":"<!-- This site is optimized with the Yoast SEO plugin v26.1.1 - https:\/\/yoast.com\/wordpress\/plugins\/seo\/ -->\n<title>Bernette 37 - Marevik O&Uuml;<\/title>\n<meta name=\"description\" content=\"Bernette 37 on soodne ja kvaliteetne kompuuter\u00f5mblusmasin. Masinal on 50 \u00f5mblusoperatsiooni ning mitmeid mugavusfunktsoone. Sujuva k\u00e4ivitusega vaikne ja t\u00f6\u00f6kindel t\u00f6\u00f6riist hobi\u00f5mbluseks. Klassikaline ning kaunis disain \u0160veitsist.\" \/>\n<meta name=\"robots\" content=\"index, follow, max-snippet:-1, max-image-preview:large, max-video-preview:-1\" \/>\n<link rel=\"canonical\" href=\"https:\/\/marevik.ee\/test\/toode\/bernette-37\/\" \/>\n<meta property=\"og:locale\" content=\"en_US\" \/>\n<meta property=\"og:type\" content=\"article\" \/>\n<meta property=\"og:title\" content=\"Bernette 37 - Marevik O&Uuml;\" \/>\n<meta property=\"og:description\" content=\"Bernette 37 on soodne ja kvaliteetne kompuuter\u00f5mblusmasin. Masinal on 50 \u00f5mblusoperatsiooni ning mitmeid mugavusfunktsoone. Sujuva k\u00e4ivitusega vaikne ja t\u00f6\u00f6kindel t\u00f6\u00f6riist hobi\u00f5mbluseks. Klassikaline ning kaunis disain \u0160veitsist.\" \/>\n<meta property=\"og:url\" content=\"https:\/\/marevik.ee\/test\/toode\/bernette-37\/\" \/>\n<meta property=\"og:site_name\" content=\"Marevik O&Uuml;\" \/>\n<meta property=\"article:modified_time\" content=\"2023-05-23T11:23:25+00:00\" \/>\n<meta property=\"og:image\" content=\"https:\/\/marevik.ee\/test\/wp-content\/uploads\/2022\/01\/Bernette-37.jpg\" \/>\n\t<meta property=\"og:image:width\" content=\"500\" \/>\n\t<meta property=\"og:image:height\" content=\"500\" \/>\n\t<meta property=\"og:image:type\" content=\"image\/jpeg\" \/>\n<meta name=\"twitter:card\" content=\"summary_large_image\" \/>\n<meta name=\"twitter:label1\" content=\"Est. reading time\" \/>\n\t<meta name=\"twitter:data1\" content=\"1 minute\" \/>\n<script type=\"application\/ld+json\" class=\"yoast-schema-graph\">{\"@context\":\"https:\/\/schema.org\",\"@graph\":[{\"@type\":\"WebPage\",\"@id\":\"https:\/\/marevik.ee\/test\/toode\/bernette-37\/\",\"url\":\"https:\/\/marevik.ee\/test\/toode\/bernette-37\/\",\"name\":\"Bernette 37 - Marevik O&Uuml;\",\"isPartOf\":{\"@id\":\"https:\/\/marevik.ee\/test\/#website\"},\"primaryImageOfPage\":{\"@id\":\"https:\/\/marevik.ee\/test\/toode\/bernette-37\/#primaryimage\"},\"image\":{\"@id\":\"https:\/\/marevik.ee\/test\/toode\/bernette-37\/#primaryimage\"},\"thumbnailUrl\":\"https:\/\/marevik.ee\/test\/wp-content\/uploads\/2022\/01\/Bernette-37.jpg\",\"datePublished\":\"2022-01-31T09:10:35+00:00\",\"dateModified\":\"2023-05-23T11:23:25+00:00\",\"description\":\"Bernette 37 on soodne ja kvaliteetne kompuuter\u00f5mblusmasin. Masinal on 50 \u00f5mblusoperatsiooni ning mitmeid mugavusfunktsoone. Sujuva k\u00e4ivitusega vaikne ja t\u00f6\u00f6kindel t\u00f6\u00f6riist hobi\u00f5mbluseks. Klassikaline ning kaunis disain \u0160veitsist.\",\"breadcrumb\":{\"@id\":\"https:\/\/marevik.ee\/test\/toode\/bernette-37\/#breadcrumb\"},\"inLanguage\":\"en\",\"potentialAction\":[{\"@type\":\"ReadAction\",\"target\":[\"https:\/\/marevik.ee\/test\/toode\/bernette-37\/\"]}]},{\"@type\":\"ImageObject\",\"inLanguage\":\"en\",\"@id\":\"https:\/\/marevik.ee\/test\/toode\/bernette-37\/#primaryimage\",\"url\":\"https:\/\/marevik.ee\/test\/wp-content\/uploads\/2022\/01\/Bernette-37.jpg\",\"contentUrl\":\"https:\/\/marevik.ee\/test\/wp-content\/uploads\/2022\/01\/Bernette-37.jpg\",\"width\":500,\"height\":500},{\"@type\":\"BreadcrumbList\",\"@id\":\"https:\/\/marevik.ee\/test\/toode\/bernette-37\/#breadcrumb\",\"itemListElement\":[{\"@type\":\"ListItem\",\"position\":1,\"name\":\"Home\",\"item\":\"https:\/\/marevik.ee\/test\/\"},{\"@type\":\"ListItem\",\"position\":2,\"name\":\"E-POOD\",\"item\":\"https:\/\/marevik.ee\/test\/epood\/\"},{\"@type\":\"ListItem\",\"position\":3,\"name\":\"Bernette 37\"}]},{\"@type\":\"WebSite\",\"@id\":\"https:\/\/marevik.ee\/test\/#website\",\"url\":\"https:\/\/marevik.ee\/test\/\",\"name\":\"Marevik O&Uuml;\",\"description\":\"&Otilde;mblusmasina asjatundja\",\"publisher\":{\"@id\":\"https:\/\/marevik.ee\/test\/#organization\"},\"potentialAction\":[{\"@type\":\"SearchAction\",\"target\":{\"@type\":\"EntryPoint\",\"urlTemplate\":\"https:\/\/marevik.ee\/test\/?s={search_term_string}\"},\"query-input\":{\"@type\":\"PropertyValueSpecification\",\"valueRequired\":true,\"valueName\":\"search_term_string\"}}],\"inLanguage\":\"en\"},{\"@type\":\"Organization\",\"@id\":\"https:\/\/marevik.ee\/test\/#organization\",\"name\":\"Marevik O&Uuml;\",\"url\":\"https:\/\/marevik.ee\/test\/\",\"logo\":{\"@type\":\"ImageObject\",\"inLanguage\":\"en\",\"@id\":\"https:\/\/marevik.ee\/test\/#\/schema\/logo\/image\/\",\"url\":\"https:\/\/marevik.ee\/test\/wp-content\/uploads\/2020\/02\/mblusmasina-asjatundja-1994_173x105_veebi_v-ike.jpg\",\"contentUrl\":\"https:\/\/marevik.ee\/test\/wp-content\/uploads\/2020\/02\/mblusmasina-asjatundja-1994_173x105_veebi_v-ike.jpg\",\"width\":173,\"height\":105,\"caption\":\"Marevik O&Uuml;\"},\"image\":{\"@id\":\"https:\/\/marevik.ee\/test\/#\/schema\/logo\/image\/\"}}]}<\/script>\n<!-- \/ Yoast SEO plugin. -->","yoast_head_json":{"title":"Bernette 37 - Marevik O&Uuml;","description":"Bernette 37 on soodne ja kvaliteetne kompuuter\u00f5mblusmasin. Masinal on 50 \u00f5mblusoperatsiooni ning mitmeid mugavusfunktsoone. Sujuva k\u00e4ivitusega vaikne ja t\u00f6\u00f6kindel t\u00f6\u00f6riist hobi\u00f5mbluseks. Klassikaline ning kaunis disain \u0160veitsist.","robots":{"index":"index","follow":"follow","max-snippet":"max-snippet:-1","max-image-preview":"max-image-preview:large","max-video-preview":"max-video-preview:-1"},"canonical":"https:\/\/marevik.ee\/test\/toode\/bernette-37\/","og_locale":"en_US","og_type":"article","og_title":"Bernette 37 - Marevik O&Uuml;","og_description":"Bernette 37 on soodne ja kvaliteetne kompuuter\u00f5mblusmasin. Masinal on 50 \u00f5mblusoperatsiooni ning mitmeid mugavusfunktsoone. Sujuva k\u00e4ivitusega vaikne ja t\u00f6\u00f6kindel t\u00f6\u00f6riist hobi\u00f5mbluseks. Klassikaline ning kaunis disain \u0160veitsist.","og_url":"https:\/\/marevik.ee\/test\/toode\/bernette-37\/","og_site_name":"Marevik O&Uuml;","article_modified_time":"2023-05-23T11:23:25+00:00","og_image":[{"width":500,"height":500,"url":"https:\/\/marevik.ee\/test\/wp-content\/uploads\/2022\/01\/Bernette-37.jpg","type":"image\/jpeg"}],"twitter_card":"summary_large_image","twitter_misc":{"Est. reading time":"1 minute"},"schema":{"@context":"https:\/\/schema.org","@graph":[{"@type":"WebPage","@id":"https:\/\/marevik.ee\/test\/toode\/bernette-37\/","url":"https:\/\/marevik.ee\/test\/toode\/bernette-37\/","name":"Bernette 37 - Marevik O&Uuml;","isPartOf":{"@id":"https:\/\/marevik.ee\/test\/#website"},"primaryImageOfPage":{"@id":"https:\/\/marevik.ee\/test\/toode\/bernette-37\/#primaryimage"},"image":{"@id":"https:\/\/marevik.ee\/test\/toode\/bernette-37\/#primaryimage"},"thumbnailUrl":"https:\/\/marevik.ee\/test\/wp-content\/uploads\/2022\/01\/Bernette-37.jpg","datePublished":"2022-01-31T09:10:35+00:00","dateModified":"2023-05-23T11:23:25+00:00","description":"Bernette 37 on soodne ja kvaliteetne kompuuter\u00f5mblusmasin. Masinal on 50 \u00f5mblusoperatsiooni ning mitmeid mugavusfunktsoone. Sujuva k\u00e4ivitusega vaikne ja t\u00f6\u00f6kindel t\u00f6\u00f6riist hobi\u00f5mbluseks. Klassikaline ning kaunis disain \u0160veitsist.","breadcrumb":{"@id":"https:\/\/marevik.ee\/test\/toode\/bernette-37\/#breadcrumb"},"inLanguage":"en","potentialAction":[{"@type":"ReadAction","target":["https:\/\/marevik.ee\/test\/toode\/bernette-37\/"]}]},{"@type":"ImageObject","inLanguage":"en","@id":"https:\/\/marevik.ee\/test\/toode\/bernette-37\/#primaryimage","url":"https:\/\/marevik.ee\/test\/wp-content\/uploads\/2022\/01\/Bernette-37.jpg","contentUrl":"https:\/\/marevik.ee\/test\/wp-content\/uploads\/2022\/01\/Bernette-37.jpg","width":500,"height":500},{"@type":"BreadcrumbList","@id":"https:\/\/marevik.ee\/test\/toode\/bernette-37\/#breadcrumb","itemListElement":[{"@type":"ListItem","position":1,"name":"Home","item":"https:\/\/marevik.ee\/test\/"},{"@type":"ListItem","position":2,"name":"E-POOD","item":"https:\/\/marevik.ee\/test\/epood\/"},{"@type":"ListItem","position":3,"name":"Bernette 37"}]},{"@type":"WebSite","@id":"https:\/\/marevik.ee\/test\/#website","url":"https:\/\/marevik.ee\/test\/","name":"Marevik O&Uuml;","description":"&Otilde;mblusmasina asjatundja","publisher":{"@id":"https:\/\/marevik.ee\/test\/#organization"},"potentialAction":[{"@type":"SearchAction","target":{"@type":"EntryPoint","urlTemplate":"https:\/\/marevik.ee\/test\/?s={search_term_string}"},"query-input":{"@type":"PropertyValueSpecification","valueRequired":true,"valueName":"search_term_string"}}],"inLanguage":"en"},{"@type":"Organization","@id":"https:\/\/marevik.ee\/test\/#organization","name":"Marevik O&Uuml;","url":"https:\/\/marevik.ee\/test\/","logo":{"@type":"ImageObject","inLanguage":"en","@id":"https:\/\/marevik.ee\/test\/#\/schema\/logo\/image\/","url":"https:\/\/marevik.ee\/test\/wp-content\/uploads\/2020\/02\/mblusmasina-asjatundja-1994_173x105_veebi_v-ike.jpg","contentUrl":"https:\/\/marevik.ee\/test\/wp-content\/uploads\/2020\/02\/mblusmasina-asjatundja-1994_173x105_veebi_v-ike.jpg","width":173,"height":105,"caption":"Marevik O&Uuml;"},"image":{"@id":"https:\/\/marevik.ee\/test\/#\/schema\/logo\/image\/"}}]}},"_links":{"self":[{"href":"https:\/\/marevik.ee\/test\/wp-json\/wp\/v2\/product\/14072","targetHints":{"allow":["GET"]}}],"collection":[{"href":"https:\/\/marevik.ee\/test\/wp-json\/wp\/v2\/product"}],"about":[{"href":"https:\/\/marevik.ee\/test\/wp-json\/wp\/v2\/types\/product"}],"wp:featuredmedia":[{"embeddable":true,"href":"https:\/\/marevik.ee\/test\/wp-json\/wp\/v2\/media\/14073"}],"wp:attachment":[{"href":"https:\/\/marevik.ee\/test\/wp-json\/wp\/v2\/media?parent=14072"}],"wp:term":[{"taxonomy":"product_brand","embeddable":true,"href":"https:\/\/marevik.ee\/test\/wp-json\/wp\/v2\/product_brand?post=14072"},{"taxonomy":"product_cat","embeddable":true,"href":"https:\/\/marevik.ee\/test\/wp-json\/wp\/v2\/product_cat?post=14072"},{"taxonomy":"product_tag","embeddable":true,"href":"https:\/\/marevik.ee\/test\/wp-json\/wp\/v2\/product_tag?post=14072"}],"curies":[{"name":"wp","href":"https:\/\/api.w.org\/{rel}","templated":true}]}}