{"id":14380,"date":"2022-05-05T05:37:01","date_gmt":"2022-05-05T05:37:01","guid":{"rendered":"https:\/\/marevik.ee\/test\/?post_type=product&#038;p=14380"},"modified":"2025-10-16T09:50:16","modified_gmt":"2025-10-16T09:50:16","slug":"janome-1522pg","status":"publish","type":"product","link":"https:\/\/marevik.ee\/test\/toode\/janome-1522pg\/","title":{"rendered":"Janome 1522PG"},"content":{"rendered":"<p>23 \u00f5mblusoperatsiooni<br \/>\nPistepikkus sujuvalt reguleeritav 0-4 mm<br \/>\nPiste laius sujuvalt reguleeritav 0-5 mm<br \/>\n1-etapiline (automaatne) n\u00f6\u00f6paugu\u00f5mblus<br \/>\n\u00d5mblused venivale kangale, s.h. overlok\u00f5mblus<br \/>\nTopeltn\u00f5ela kasutamise v\u00f5imalus<br \/>\nPoolimisel n\u00f5elakangi automaatne v\u00e4ljal\u00fclitamine<br \/>\nKangas\u00f6\u00f6tja v\u00e4ljal\u00fclitamine vabak\u00e4etikandiks<br \/>\nPresstalla kiirkinnitus<br \/>\nPresstalla surve reguleerimine<br \/>\nVertikaalne metallist poolis\u00fcsteem<br \/>\nVabajalg h\u00f5lbustamaks torujate detailide \u00f5mblemist<br \/>\nN\u00f5elasilma niidistaja<br \/>\nKohtvalgustus<br \/>\n\u00d5mbluskiirus 860 p\/min<\/p>\n","protected":false},"excerpt":{"rendered":"<p>Janome 1522PG on Janome sajandaks juubeliks valmistatud erimudel. Tugeva konstruktsiooniga, klassikaline, kindel, vertikaalse poolis\u00fcsteemiga \u00f5mblusmasin. Masin sobib hobi\u00f5mblejale, kui ka t\u00fctarlaste k\u00e4sit\u00f6\u00f6klassi. Kaunis ja l\u00e4bim\u00f5eldud disain ning keskmisest suurem t\u00f6\u00f6laud. Kindel t\u00f6\u00f6riist aastak\u00fcmneteks.<\/p>\n","protected":false},"featured_media":14381,"template":"","meta":{"site-sidebar-layout":"default","site-content-layout":"default","ast-site-content-layout":"default","site-content-style":"default","site-sidebar-style":"default","ast-global-header-display":"","ast-banner-title-visibility":"","ast-main-header-display":"","ast-hfb-above-header-display":"","ast-hfb-below-header-display":"","ast-hfb-mobile-header-display":"","site-post-title":"","ast-breadcrumbs-content":"","ast-featured-img":"","footer-sml-layout":"","theme-transparent-header-meta":"default","adv-header-id-meta":"","stick-header-meta":"","header-above-stick-meta":"","header-main-stick-meta":"","header-below-stick-meta":"","astra-migrate-meta-layouts":"set","ast-page-background-enabled":"default","ast-page-background-meta":{"desktop":{"background-color":"","background-image":"","background-repeat":"repeat","background-position":"center center","background-size":"auto","background-attachment":"scroll","background-type":"","background-media":"","overlay-type":"","overlay-color":"","overlay-opacity":"","overlay-gradient":""},"tablet":{"background-color":"","background-image":"","background-repeat":"repeat","background-position":"center center","background-size":"auto","background-attachment":"scroll","background-type":"","background-media":"","overlay-type":"","overlay-color":"","overlay-opacity":"","overlay-gradient":""},"mobile":{"background-color":"","background-image":"","background-repeat":"repeat","background-position":"center center","background-size":"auto","background-attachment":"scroll","background-type":"","background-media":"","overlay-type":"","overlay-color":"","overlay-opacity":"","overlay-gradient":""}},"ast-content-background-meta":{"desktop":{"background-color":"var(--ast-global-color-5)","background-image":"","background-repeat":"repeat","background-position":"center center","background-size":"auto","background-attachment":"scroll","background-type":"","background-media":"","overlay-type":"","overlay-color":"","overlay-opacity":"","overlay-gradient":""},"tablet":{"background-color":"var(--ast-global-color-5)","background-image":"","background-repeat":"repeat","background-position":"center center","background-size":"auto","background-attachment":"scroll","background-type":"","background-media":"","overlay-type":"","overlay-color":"","overlay-opacity":"","overlay-gradient":""},"mobile":{"background-color":"var(--ast-global-color-5)","background-image":"","background-repeat":"repeat","background-position":"center center","background-size":"auto","background-attachment":"scroll","background-type":"","background-media":"","overlay-type":"","overlay-color":"","overlay-opacity":"","overlay-gradient":""}}},"product_brand":[],"product_cat":[69,67,60],"product_tag":[84],"class_list":{"0":"post-14380","1":"product","2":"type-product","3":"status-publish","4":"has-post-thumbnail","6":"product_cat-janome","7":"product_cat-kampaaniahinnad","8":"product_cat-omblusmasinad","9":"product_tag-janome","10":"desktop-align-left","11":"tablet-align-left","12":"mobile-align-left","14":"first","15":"instock","16":"sale","17":"taxable","18":"shipping-taxable","19":"purchasable","20":"product-type-simple"},"yoast_head":"<!-- This site is optimized with the Yoast SEO plugin v26.1.1 - https:\/\/yoast.com\/wordpress\/plugins\/seo\/ -->\n<title>Tugeva konstruktsiooniga, vertikaalse poolis\u00fcsteemiga \u00f5mblusmasin.<\/title>\n<meta name=\"description\" content=\"Janome 1522PG on Janome sajandaks juubeliks valmistatud erimudel. Tugeva konstruktsiooniga, klassikaline, kindel, vertikaalse poolis\u00fcsteemiga \u00f5mblusmasin. Masin sobib hobi\u00f5mblejale, kui ka t\u00fctarlaste k\u00e4sit\u00f6\u00f6klassi. Kaunis ja l\u00e4bim\u00f5eldud disain ning keskmisest suurem t\u00f6\u00f6laud. Kindel t\u00f6\u00f6riist aastak\u00fcmneteks.\u00a0\" \/>\n<meta name=\"robots\" content=\"index, follow, max-snippet:-1, max-image-preview:large, max-video-preview:-1\" \/>\n<link rel=\"canonical\" href=\"https:\/\/marevik.ee\/test\/toode\/janome-1522pg\/\" \/>\n<meta property=\"og:locale\" content=\"en_US\" \/>\n<meta property=\"og:type\" content=\"article\" \/>\n<meta property=\"og:title\" content=\"Tugeva konstruktsiooniga, vertikaalse poolis\u00fcsteemiga \u00f5mblusmasin.\" \/>\n<meta property=\"og:description\" content=\"Janome 1522PG on Janome sajandaks juubeliks valmistatud erimudel. Tugeva konstruktsiooniga, klassikaline, kindel, vertikaalse poolis\u00fcsteemiga \u00f5mblusmasin. Masin sobib hobi\u00f5mblejale, kui ka t\u00fctarlaste k\u00e4sit\u00f6\u00f6klassi. Kaunis ja l\u00e4bim\u00f5eldud disain ning keskmisest suurem t\u00f6\u00f6laud. Kindel t\u00f6\u00f6riist aastak\u00fcmneteks.\u00a0\" \/>\n<meta property=\"og:url\" content=\"https:\/\/marevik.ee\/test\/toode\/janome-1522pg\/\" \/>\n<meta property=\"og:site_name\" content=\"Marevik O&Uuml;\" \/>\n<meta property=\"article:modified_time\" content=\"2025-10-16T09:50:16+00:00\" \/>\n<meta property=\"og:image\" content=\"https:\/\/marevik.ee\/test\/wp-content\/uploads\/2022\/05\/Janome-1522pg.jpg\" \/>\n\t<meta property=\"og:image:width\" content=\"800\" \/>\n\t<meta property=\"og:image:height\" content=\"618\" \/>\n\t<meta property=\"og:image:type\" content=\"image\/jpeg\" \/>\n<meta name=\"twitter:card\" content=\"summary_large_image\" \/>\n<meta name=\"twitter:label1\" content=\"Est. reading time\" \/>\n\t<meta name=\"twitter:data1\" content=\"1 minute\" \/>\n<script type=\"application\/ld+json\" class=\"yoast-schema-graph\">{\"@context\":\"https:\/\/schema.org\",\"@graph\":[{\"@type\":\"WebPage\",\"@id\":\"https:\/\/marevik.ee\/test\/toode\/janome-1522pg\/\",\"url\":\"https:\/\/marevik.ee\/test\/toode\/janome-1522pg\/\",\"name\":\"Tugeva konstruktsiooniga, vertikaalse poolis\u00fcsteemiga \u00f5mblusmasin.\",\"isPartOf\":{\"@id\":\"https:\/\/marevik.ee\/test\/#website\"},\"primaryImageOfPage\":{\"@id\":\"https:\/\/marevik.ee\/test\/toode\/janome-1522pg\/#primaryimage\"},\"image\":{\"@id\":\"https:\/\/marevik.ee\/test\/toode\/janome-1522pg\/#primaryimage\"},\"thumbnailUrl\":\"https:\/\/marevik.ee\/test\/wp-content\/uploads\/2022\/05\/Janome-1522pg.jpg\",\"datePublished\":\"2022-05-05T05:37:01+00:00\",\"dateModified\":\"2025-10-16T09:50:16+00:00\",\"description\":\"Janome 1522PG on Janome sajandaks juubeliks valmistatud erimudel. Tugeva konstruktsiooniga, klassikaline, kindel, vertikaalse poolis\u00fcsteemiga \u00f5mblusmasin. Masin sobib hobi\u00f5mblejale, kui ka t\u00fctarlaste k\u00e4sit\u00f6\u00f6klassi. Kaunis ja l\u00e4bim\u00f5eldud disain ning keskmisest suurem t\u00f6\u00f6laud. Kindel t\u00f6\u00f6riist aastak\u00fcmneteks.\u00a0\",\"breadcrumb\":{\"@id\":\"https:\/\/marevik.ee\/test\/toode\/janome-1522pg\/#breadcrumb\"},\"inLanguage\":\"en\",\"potentialAction\":[{\"@type\":\"ReadAction\",\"target\":[\"https:\/\/marevik.ee\/test\/toode\/janome-1522pg\/\"]}]},{\"@type\":\"ImageObject\",\"inLanguage\":\"en\",\"@id\":\"https:\/\/marevik.ee\/test\/toode\/janome-1522pg\/#primaryimage\",\"url\":\"https:\/\/marevik.ee\/test\/wp-content\/uploads\/2022\/05\/Janome-1522pg.jpg\",\"contentUrl\":\"https:\/\/marevik.ee\/test\/wp-content\/uploads\/2022\/05\/Janome-1522pg.jpg\",\"width\":800,\"height\":618},{\"@type\":\"BreadcrumbList\",\"@id\":\"https:\/\/marevik.ee\/test\/toode\/janome-1522pg\/#breadcrumb\",\"itemListElement\":[{\"@type\":\"ListItem\",\"position\":1,\"name\":\"Home\",\"item\":\"https:\/\/marevik.ee\/test\/\"},{\"@type\":\"ListItem\",\"position\":2,\"name\":\"E-POOD\",\"item\":\"https:\/\/marevik.ee\/test\/epood\/\"},{\"@type\":\"ListItem\",\"position\":3,\"name\":\"Janome 1522PG\"}]},{\"@type\":\"WebSite\",\"@id\":\"https:\/\/marevik.ee\/test\/#website\",\"url\":\"https:\/\/marevik.ee\/test\/\",\"name\":\"Marevik O&Uuml;\",\"description\":\"&Otilde;mblusmasina asjatundja\",\"publisher\":{\"@id\":\"https:\/\/marevik.ee\/test\/#organization\"},\"potentialAction\":[{\"@type\":\"SearchAction\",\"target\":{\"@type\":\"EntryPoint\",\"urlTemplate\":\"https:\/\/marevik.ee\/test\/?s={search_term_string}\"},\"query-input\":{\"@type\":\"PropertyValueSpecification\",\"valueRequired\":true,\"valueName\":\"search_term_string\"}}],\"inLanguage\":\"en\"},{\"@type\":\"Organization\",\"@id\":\"https:\/\/marevik.ee\/test\/#organization\",\"name\":\"Marevik O&Uuml;\",\"url\":\"https:\/\/marevik.ee\/test\/\",\"logo\":{\"@type\":\"ImageObject\",\"inLanguage\":\"en\",\"@id\":\"https:\/\/marevik.ee\/test\/#\/schema\/logo\/image\/\",\"url\":\"https:\/\/marevik.ee\/test\/wp-content\/uploads\/2020\/02\/mblusmasina-asjatundja-1994_173x105_veebi_v-ike.jpg\",\"contentUrl\":\"https:\/\/marevik.ee\/test\/wp-content\/uploads\/2020\/02\/mblusmasina-asjatundja-1994_173x105_veebi_v-ike.jpg\",\"width\":173,\"height\":105,\"caption\":\"Marevik O&Uuml;\"},\"image\":{\"@id\":\"https:\/\/marevik.ee\/test\/#\/schema\/logo\/image\/\"}}]}<\/script>\n<!-- \/ Yoast SEO plugin. -->","yoast_head_json":{"title":"Tugeva konstruktsiooniga, vertikaalse poolis\u00fcsteemiga \u00f5mblusmasin.","description":"Janome 1522PG on Janome sajandaks juubeliks valmistatud erimudel. Tugeva konstruktsiooniga, klassikaline, kindel, vertikaalse poolis\u00fcsteemiga \u00f5mblusmasin. Masin sobib hobi\u00f5mblejale, kui ka t\u00fctarlaste k\u00e4sit\u00f6\u00f6klassi. Kaunis ja l\u00e4bim\u00f5eldud disain ning keskmisest suurem t\u00f6\u00f6laud. Kindel t\u00f6\u00f6riist aastak\u00fcmneteks.\u00a0","robots":{"index":"index","follow":"follow","max-snippet":"max-snippet:-1","max-image-preview":"max-image-preview:large","max-video-preview":"max-video-preview:-1"},"canonical":"https:\/\/marevik.ee\/test\/toode\/janome-1522pg\/","og_locale":"en_US","og_type":"article","og_title":"Tugeva konstruktsiooniga, vertikaalse poolis\u00fcsteemiga \u00f5mblusmasin.","og_description":"Janome 1522PG on Janome sajandaks juubeliks valmistatud erimudel. Tugeva konstruktsiooniga, klassikaline, kindel, vertikaalse poolis\u00fcsteemiga \u00f5mblusmasin. Masin sobib hobi\u00f5mblejale, kui ka t\u00fctarlaste k\u00e4sit\u00f6\u00f6klassi. Kaunis ja l\u00e4bim\u00f5eldud disain ning keskmisest suurem t\u00f6\u00f6laud. Kindel t\u00f6\u00f6riist aastak\u00fcmneteks.\u00a0","og_url":"https:\/\/marevik.ee\/test\/toode\/janome-1522pg\/","og_site_name":"Marevik O&Uuml;","article_modified_time":"2025-10-16T09:50:16+00:00","og_image":[{"width":800,"height":618,"url":"https:\/\/marevik.ee\/test\/wp-content\/uploads\/2022\/05\/Janome-1522pg.jpg","type":"image\/jpeg"}],"twitter_card":"summary_large_image","twitter_misc":{"Est. reading time":"1 minute"},"schema":{"@context":"https:\/\/schema.org","@graph":[{"@type":"WebPage","@id":"https:\/\/marevik.ee\/test\/toode\/janome-1522pg\/","url":"https:\/\/marevik.ee\/test\/toode\/janome-1522pg\/","name":"Tugeva konstruktsiooniga, vertikaalse poolis\u00fcsteemiga \u00f5mblusmasin.","isPartOf":{"@id":"https:\/\/marevik.ee\/test\/#website"},"primaryImageOfPage":{"@id":"https:\/\/marevik.ee\/test\/toode\/janome-1522pg\/#primaryimage"},"image":{"@id":"https:\/\/marevik.ee\/test\/toode\/janome-1522pg\/#primaryimage"},"thumbnailUrl":"https:\/\/marevik.ee\/test\/wp-content\/uploads\/2022\/05\/Janome-1522pg.jpg","datePublished":"2022-05-05T05:37:01+00:00","dateModified":"2025-10-16T09:50:16+00:00","description":"Janome 1522PG on Janome sajandaks juubeliks valmistatud erimudel. Tugeva konstruktsiooniga, klassikaline, kindel, vertikaalse poolis\u00fcsteemiga \u00f5mblusmasin. Masin sobib hobi\u00f5mblejale, kui ka t\u00fctarlaste k\u00e4sit\u00f6\u00f6klassi. Kaunis ja l\u00e4bim\u00f5eldud disain ning keskmisest suurem t\u00f6\u00f6laud. Kindel t\u00f6\u00f6riist aastak\u00fcmneteks.\u00a0","breadcrumb":{"@id":"https:\/\/marevik.ee\/test\/toode\/janome-1522pg\/#breadcrumb"},"inLanguage":"en","potentialAction":[{"@type":"ReadAction","target":["https:\/\/marevik.ee\/test\/toode\/janome-1522pg\/"]}]},{"@type":"ImageObject","inLanguage":"en","@id":"https:\/\/marevik.ee\/test\/toode\/janome-1522pg\/#primaryimage","url":"https:\/\/marevik.ee\/test\/wp-content\/uploads\/2022\/05\/Janome-1522pg.jpg","contentUrl":"https:\/\/marevik.ee\/test\/wp-content\/uploads\/2022\/05\/Janome-1522pg.jpg","width":800,"height":618},{"@type":"BreadcrumbList","@id":"https:\/\/marevik.ee\/test\/toode\/janome-1522pg\/#breadcrumb","itemListElement":[{"@type":"ListItem","position":1,"name":"Home","item":"https:\/\/marevik.ee\/test\/"},{"@type":"ListItem","position":2,"name":"E-POOD","item":"https:\/\/marevik.ee\/test\/epood\/"},{"@type":"ListItem","position":3,"name":"Janome 1522PG"}]},{"@type":"WebSite","@id":"https:\/\/marevik.ee\/test\/#website","url":"https:\/\/marevik.ee\/test\/","name":"Marevik O&Uuml;","description":"&Otilde;mblusmasina asjatundja","publisher":{"@id":"https:\/\/marevik.ee\/test\/#organization"},"potentialAction":[{"@type":"SearchAction","target":{"@type":"EntryPoint","urlTemplate":"https:\/\/marevik.ee\/test\/?s={search_term_string}"},"query-input":{"@type":"PropertyValueSpecification","valueRequired":true,"valueName":"search_term_string"}}],"inLanguage":"en"},{"@type":"Organization","@id":"https:\/\/marevik.ee\/test\/#organization","name":"Marevik O&Uuml;","url":"https:\/\/marevik.ee\/test\/","logo":{"@type":"ImageObject","inLanguage":"en","@id":"https:\/\/marevik.ee\/test\/#\/schema\/logo\/image\/","url":"https:\/\/marevik.ee\/test\/wp-content\/uploads\/2020\/02\/mblusmasina-asjatundja-1994_173x105_veebi_v-ike.jpg","contentUrl":"https:\/\/marevik.ee\/test\/wp-content\/uploads\/2020\/02\/mblusmasina-asjatundja-1994_173x105_veebi_v-ike.jpg","width":173,"height":105,"caption":"Marevik O&Uuml;"},"image":{"@id":"https:\/\/marevik.ee\/test\/#\/schema\/logo\/image\/"}}]}},"_links":{"self":[{"href":"https:\/\/marevik.ee\/test\/wp-json\/wp\/v2\/product\/14380","targetHints":{"allow":["GET"]}}],"collection":[{"href":"https:\/\/marevik.ee\/test\/wp-json\/wp\/v2\/product"}],"about":[{"href":"https:\/\/marevik.ee\/test\/wp-json\/wp\/v2\/types\/product"}],"wp:featuredmedia":[{"embeddable":true,"href":"https:\/\/marevik.ee\/test\/wp-json\/wp\/v2\/media\/14381"}],"wp:attachment":[{"href":"https:\/\/marevik.ee\/test\/wp-json\/wp\/v2\/media?parent=14380"}],"wp:term":[{"taxonomy":"product_brand","embeddable":true,"href":"https:\/\/marevik.ee\/test\/wp-json\/wp\/v2\/product_brand?post=14380"},{"taxonomy":"product_cat","embeddable":true,"href":"https:\/\/marevik.ee\/test\/wp-json\/wp\/v2\/product_cat?post=14380"},{"taxonomy":"product_tag","embeddable":true,"href":"https:\/\/marevik.ee\/test\/wp-json\/wp\/v2\/product_tag?post=14380"}],"curies":[{"name":"wp","href":"https:\/\/api.w.org\/{rel}","templated":true}]}}