{"id":14463,"date":"2022-06-01T11:22:51","date_gmt":"2022-06-01T11:22:51","guid":{"rendered":"https:\/\/marevik.ee\/test\/?post_type=product&#038;p=14463"},"modified":"2022-06-01T11:22:51","modified_gmt":"2022-06-01T11:22:51","slug":"pool-omblusmasinale-bernina","status":"publish","type":"product","link":"https:\/\/marevik.ee\/test\/toode\/pool-omblusmasinale-bernina\/","title":{"rendered":"Pool \u00f5mblusmasinale Bernina"},"content":{"rendered":"","protected":false},"excerpt":{"rendered":"<p>Alumise niid pool Bernina uuema p\u00f5lvkonna kompuutermasinatele. Sobib mudelitele:<br \/>\nB700 E, B 720, B 740, B 770 QE, B 790, B 790 PLUS<br \/>\nB 500 E, B 535, B 540, B 570 QE, B 590<br \/>\nB 435, B 475 QE, B 485, B 480<\/p>\n","protected":false},"featured_media":14464,"template":"","meta":{"site-sidebar-layout":"default","site-content-layout":"default","ast-site-content-layout":"","site-content-style":"default","site-sidebar-style":"default","ast-global-header-display":"","ast-banner-title-visibility":"","ast-main-header-display":"","ast-hfb-above-header-display":"","ast-hfb-below-header-display":"","ast-hfb-mobile-header-display":"","site-post-title":"","ast-breadcrumbs-content":"","ast-featured-img":"","footer-sml-layout":"","theme-transparent-header-meta":"default","adv-header-id-meta":"","stick-header-meta":"","header-above-stick-meta":"","header-main-stick-meta":"","header-below-stick-meta":"","astra-migrate-meta-layouts":"default","ast-page-background-enabled":"default","ast-page-background-meta":{"desktop":{"background-color":"","background-image":"","background-repeat":"repeat","background-position":"center center","background-size":"auto","background-attachment":"scroll","background-type":"","background-media":"","overlay-type":"","overlay-color":"","overlay-opacity":"","overlay-gradient":""},"tablet":{"background-color":"","background-image":"","background-repeat":"repeat","background-position":"center center","background-size":"auto","background-attachment":"scroll","background-type":"","background-media":"","overlay-type":"","overlay-color":"","overlay-opacity":"","overlay-gradient":""},"mobile":{"background-color":"","background-image":"","background-repeat":"repeat","background-position":"center center","background-size":"auto","background-attachment":"scroll","background-type":"","background-media":"","overlay-type":"","overlay-color":"","overlay-opacity":"","overlay-gradient":""}},"ast-content-background-meta":{"desktop":{"background-color":"var(--ast-global-color-5)","background-image":"","background-repeat":"repeat","background-position":"center center","background-size":"auto","background-attachment":"scroll","background-type":"","background-media":"","overlay-type":"","overlay-color":"","overlay-opacity":"","overlay-gradient":""},"tablet":{"background-color":"var(--ast-global-color-5)","background-image":"","background-repeat":"repeat","background-position":"center center","background-size":"auto","background-attachment":"scroll","background-type":"","background-media":"","overlay-type":"","overlay-color":"","overlay-opacity":"","overlay-gradient":""},"mobile":{"background-color":"var(--ast-global-color-5)","background-image":"","background-repeat":"repeat","background-position":"center center","background-size":"auto","background-attachment":"scroll","background-type":"","background-media":"","overlay-type":"","overlay-color":"","overlay-opacity":"","overlay-gradient":""}}},"product_brand":[],"product_cat":[66,76],"product_tag":[108],"class_list":{"0":"post-14463","1":"product","2":"type-product","3":"status-publish","4":"has-post-thumbnail","6":"product_cat-lisatarvikud","7":"product_cat-varuosad-ja-lisad","8":"product_tag-bernina","9":"desktop-align-left","10":"tablet-align-left","11":"mobile-align-left","13":"first","14":"instock","15":"taxable","16":"shipping-taxable","17":"purchasable","18":"product-type-simple"},"yoast_head":"<!-- This site is optimized with the Yoast SEO plugin v26.1.1 - https:\/\/yoast.com\/wordpress\/plugins\/seo\/ -->\n<title>Pool \u00f5mblusmasinale Bernina - Marevik O&Uuml;<\/title>\n<meta name=\"description\" content=\"Lai valik \u00f5mblusmasinate lisatarvikuid ja varuosasid tuntud kaubam\u00e4rkidele. Soorita ost e-poes v\u00f5i k\u00fclasta meie kauplust Liivalaia 42, Tallinn\" \/>\n<meta name=\"robots\" content=\"index, follow, max-snippet:-1, max-image-preview:large, max-video-preview:-1\" \/>\n<link rel=\"canonical\" href=\"https:\/\/marevik.ee\/test\/toode\/pool-omblusmasinale-bernina\/\" \/>\n<meta property=\"og:locale\" content=\"en_US\" \/>\n<meta property=\"og:type\" content=\"article\" \/>\n<meta property=\"og:title\" content=\"Pool \u00f5mblusmasinale Bernina - Marevik O&Uuml;\" \/>\n<meta property=\"og:description\" content=\"Lai valik \u00f5mblusmasinate lisatarvikuid ja varuosasid tuntud kaubam\u00e4rkidele. Soorita ost e-poes v\u00f5i k\u00fclasta meie kauplust Liivalaia 42, Tallinn\" \/>\n<meta property=\"og:url\" content=\"https:\/\/marevik.ee\/test\/toode\/pool-omblusmasinale-bernina\/\" \/>\n<meta property=\"og:site_name\" content=\"Marevik O&Uuml;\" \/>\n<meta property=\"og:image\" content=\"https:\/\/marevik.ee\/test\/wp-content\/uploads\/2022\/06\/Pool_0334365400.jpg\" \/>\n\t<meta property=\"og:image:width\" content=\"1000\" \/>\n\t<meta property=\"og:image:height\" content=\"1000\" \/>\n\t<meta property=\"og:image:type\" content=\"image\/jpeg\" \/>\n<meta name=\"twitter:card\" content=\"summary_large_image\" \/>\n<script type=\"application\/ld+json\" class=\"yoast-schema-graph\">{\"@context\":\"https:\/\/schema.org\",\"@graph\":[{\"@type\":\"WebPage\",\"@id\":\"https:\/\/marevik.ee\/test\/toode\/pool-omblusmasinale-bernina\/\",\"url\":\"https:\/\/marevik.ee\/test\/toode\/pool-omblusmasinale-bernina\/\",\"name\":\"Pool \u00f5mblusmasinale Bernina - Marevik O&Uuml;\",\"isPartOf\":{\"@id\":\"https:\/\/marevik.ee\/test\/#website\"},\"primaryImageOfPage\":{\"@id\":\"https:\/\/marevik.ee\/test\/toode\/pool-omblusmasinale-bernina\/#primaryimage\"},\"image\":{\"@id\":\"https:\/\/marevik.ee\/test\/toode\/pool-omblusmasinale-bernina\/#primaryimage\"},\"thumbnailUrl\":\"https:\/\/marevik.ee\/test\/wp-content\/uploads\/2022\/06\/Pool_0334365400.jpg\",\"datePublished\":\"2022-06-01T11:22:51+00:00\",\"description\":\"Lai valik \u00f5mblusmasinate lisatarvikuid ja varuosasid tuntud kaubam\u00e4rkidele. Soorita ost e-poes v\u00f5i k\u00fclasta meie kauplust Liivalaia 42, Tallinn\",\"breadcrumb\":{\"@id\":\"https:\/\/marevik.ee\/test\/toode\/pool-omblusmasinale-bernina\/#breadcrumb\"},\"inLanguage\":\"en\",\"potentialAction\":[{\"@type\":\"ReadAction\",\"target\":[\"https:\/\/marevik.ee\/test\/toode\/pool-omblusmasinale-bernina\/\"]}]},{\"@type\":\"ImageObject\",\"inLanguage\":\"en\",\"@id\":\"https:\/\/marevik.ee\/test\/toode\/pool-omblusmasinale-bernina\/#primaryimage\",\"url\":\"https:\/\/marevik.ee\/test\/wp-content\/uploads\/2022\/06\/Pool_0334365400.jpg\",\"contentUrl\":\"https:\/\/marevik.ee\/test\/wp-content\/uploads\/2022\/06\/Pool_0334365400.jpg\",\"width\":1000,\"height\":1000},{\"@type\":\"BreadcrumbList\",\"@id\":\"https:\/\/marevik.ee\/test\/toode\/pool-omblusmasinale-bernina\/#breadcrumb\",\"itemListElement\":[{\"@type\":\"ListItem\",\"position\":1,\"name\":\"Home\",\"item\":\"https:\/\/marevik.ee\/test\/\"},{\"@type\":\"ListItem\",\"position\":2,\"name\":\"E-POOD\",\"item\":\"https:\/\/marevik.ee\/test\/epood\/\"},{\"@type\":\"ListItem\",\"position\":3,\"name\":\"Pool \u00f5mblusmasinale Bernina\"}]},{\"@type\":\"WebSite\",\"@id\":\"https:\/\/marevik.ee\/test\/#website\",\"url\":\"https:\/\/marevik.ee\/test\/\",\"name\":\"Marevik O&Uuml;\",\"description\":\"&Otilde;mblusmasina asjatundja\",\"publisher\":{\"@id\":\"https:\/\/marevik.ee\/test\/#organization\"},\"potentialAction\":[{\"@type\":\"SearchAction\",\"target\":{\"@type\":\"EntryPoint\",\"urlTemplate\":\"https:\/\/marevik.ee\/test\/?s={search_term_string}\"},\"query-input\":{\"@type\":\"PropertyValueSpecification\",\"valueRequired\":true,\"valueName\":\"search_term_string\"}}],\"inLanguage\":\"en\"},{\"@type\":\"Organization\",\"@id\":\"https:\/\/marevik.ee\/test\/#organization\",\"name\":\"Marevik O&Uuml;\",\"url\":\"https:\/\/marevik.ee\/test\/\",\"logo\":{\"@type\":\"ImageObject\",\"inLanguage\":\"en\",\"@id\":\"https:\/\/marevik.ee\/test\/#\/schema\/logo\/image\/\",\"url\":\"https:\/\/marevik.ee\/test\/wp-content\/uploads\/2020\/02\/mblusmasina-asjatundja-1994_173x105_veebi_v-ike.jpg\",\"contentUrl\":\"https:\/\/marevik.ee\/test\/wp-content\/uploads\/2020\/02\/mblusmasina-asjatundja-1994_173x105_veebi_v-ike.jpg\",\"width\":173,\"height\":105,\"caption\":\"Marevik O&Uuml;\"},\"image\":{\"@id\":\"https:\/\/marevik.ee\/test\/#\/schema\/logo\/image\/\"}}]}<\/script>\n<!-- \/ Yoast SEO plugin. -->","yoast_head_json":{"title":"Pool \u00f5mblusmasinale Bernina - Marevik O&Uuml;","description":"Lai valik \u00f5mblusmasinate lisatarvikuid ja varuosasid tuntud kaubam\u00e4rkidele. Soorita ost e-poes v\u00f5i k\u00fclasta meie kauplust Liivalaia 42, Tallinn","robots":{"index":"index","follow":"follow","max-snippet":"max-snippet:-1","max-image-preview":"max-image-preview:large","max-video-preview":"max-video-preview:-1"},"canonical":"https:\/\/marevik.ee\/test\/toode\/pool-omblusmasinale-bernina\/","og_locale":"en_US","og_type":"article","og_title":"Pool \u00f5mblusmasinale Bernina - Marevik O&Uuml;","og_description":"Lai valik \u00f5mblusmasinate lisatarvikuid ja varuosasid tuntud kaubam\u00e4rkidele. Soorita ost e-poes v\u00f5i k\u00fclasta meie kauplust Liivalaia 42, Tallinn","og_url":"https:\/\/marevik.ee\/test\/toode\/pool-omblusmasinale-bernina\/","og_site_name":"Marevik O&Uuml;","og_image":[{"width":1000,"height":1000,"url":"https:\/\/marevik.ee\/test\/wp-content\/uploads\/2022\/06\/Pool_0334365400.jpg","type":"image\/jpeg"}],"twitter_card":"summary_large_image","schema":{"@context":"https:\/\/schema.org","@graph":[{"@type":"WebPage","@id":"https:\/\/marevik.ee\/test\/toode\/pool-omblusmasinale-bernina\/","url":"https:\/\/marevik.ee\/test\/toode\/pool-omblusmasinale-bernina\/","name":"Pool \u00f5mblusmasinale Bernina - Marevik O&Uuml;","isPartOf":{"@id":"https:\/\/marevik.ee\/test\/#website"},"primaryImageOfPage":{"@id":"https:\/\/marevik.ee\/test\/toode\/pool-omblusmasinale-bernina\/#primaryimage"},"image":{"@id":"https:\/\/marevik.ee\/test\/toode\/pool-omblusmasinale-bernina\/#primaryimage"},"thumbnailUrl":"https:\/\/marevik.ee\/test\/wp-content\/uploads\/2022\/06\/Pool_0334365400.jpg","datePublished":"2022-06-01T11:22:51+00:00","description":"Lai valik \u00f5mblusmasinate lisatarvikuid ja varuosasid tuntud kaubam\u00e4rkidele. Soorita ost e-poes v\u00f5i k\u00fclasta meie kauplust Liivalaia 42, Tallinn","breadcrumb":{"@id":"https:\/\/marevik.ee\/test\/toode\/pool-omblusmasinale-bernina\/#breadcrumb"},"inLanguage":"en","potentialAction":[{"@type":"ReadAction","target":["https:\/\/marevik.ee\/test\/toode\/pool-omblusmasinale-bernina\/"]}]},{"@type":"ImageObject","inLanguage":"en","@id":"https:\/\/marevik.ee\/test\/toode\/pool-omblusmasinale-bernina\/#primaryimage","url":"https:\/\/marevik.ee\/test\/wp-content\/uploads\/2022\/06\/Pool_0334365400.jpg","contentUrl":"https:\/\/marevik.ee\/test\/wp-content\/uploads\/2022\/06\/Pool_0334365400.jpg","width":1000,"height":1000},{"@type":"BreadcrumbList","@id":"https:\/\/marevik.ee\/test\/toode\/pool-omblusmasinale-bernina\/#breadcrumb","itemListElement":[{"@type":"ListItem","position":1,"name":"Home","item":"https:\/\/marevik.ee\/test\/"},{"@type":"ListItem","position":2,"name":"E-POOD","item":"https:\/\/marevik.ee\/test\/epood\/"},{"@type":"ListItem","position":3,"name":"Pool \u00f5mblusmasinale Bernina"}]},{"@type":"WebSite","@id":"https:\/\/marevik.ee\/test\/#website","url":"https:\/\/marevik.ee\/test\/","name":"Marevik O&Uuml;","description":"&Otilde;mblusmasina asjatundja","publisher":{"@id":"https:\/\/marevik.ee\/test\/#organization"},"potentialAction":[{"@type":"SearchAction","target":{"@type":"EntryPoint","urlTemplate":"https:\/\/marevik.ee\/test\/?s={search_term_string}"},"query-input":{"@type":"PropertyValueSpecification","valueRequired":true,"valueName":"search_term_string"}}],"inLanguage":"en"},{"@type":"Organization","@id":"https:\/\/marevik.ee\/test\/#organization","name":"Marevik O&Uuml;","url":"https:\/\/marevik.ee\/test\/","logo":{"@type":"ImageObject","inLanguage":"en","@id":"https:\/\/marevik.ee\/test\/#\/schema\/logo\/image\/","url":"https:\/\/marevik.ee\/test\/wp-content\/uploads\/2020\/02\/mblusmasina-asjatundja-1994_173x105_veebi_v-ike.jpg","contentUrl":"https:\/\/marevik.ee\/test\/wp-content\/uploads\/2020\/02\/mblusmasina-asjatundja-1994_173x105_veebi_v-ike.jpg","width":173,"height":105,"caption":"Marevik O&Uuml;"},"image":{"@id":"https:\/\/marevik.ee\/test\/#\/schema\/logo\/image\/"}}]}},"_links":{"self":[{"href":"https:\/\/marevik.ee\/test\/wp-json\/wp\/v2\/product\/14463","targetHints":{"allow":["GET"]}}],"collection":[{"href":"https:\/\/marevik.ee\/test\/wp-json\/wp\/v2\/product"}],"about":[{"href":"https:\/\/marevik.ee\/test\/wp-json\/wp\/v2\/types\/product"}],"wp:featuredmedia":[{"embeddable":true,"href":"https:\/\/marevik.ee\/test\/wp-json\/wp\/v2\/media\/14464"}],"wp:attachment":[{"href":"https:\/\/marevik.ee\/test\/wp-json\/wp\/v2\/media?parent=14463"}],"wp:term":[{"taxonomy":"product_brand","embeddable":true,"href":"https:\/\/marevik.ee\/test\/wp-json\/wp\/v2\/product_brand?post=14463"},{"taxonomy":"product_cat","embeddable":true,"href":"https:\/\/marevik.ee\/test\/wp-json\/wp\/v2\/product_cat?post=14463"},{"taxonomy":"product_tag","embeddable":true,"href":"https:\/\/marevik.ee\/test\/wp-json\/wp\/v2\/product_tag?post=14463"}],"curies":[{"name":"wp","href":"https:\/\/api.w.org\/{rel}","templated":true}]}}