{"id":14543,"date":"2022-07-05T11:48:50","date_gmt":"2022-07-05T11:48:50","guid":{"rendered":"https:\/\/marevik.ee\/test\/?post_type=product&#038;p=14543"},"modified":"2025-10-28T09:38:23","modified_gmt":"2025-10-28T09:38:23","slug":"janome-coverpro-3000-professionaal","status":"publish","type":"product","link":"https:\/\/marevik.ee\/test\/toode\/janome-coverpro-3000-professionaal\/","title":{"rendered":"Janome Coverpro 3000 Professionaal"},"content":{"rendered":"<p>Altkatte\u00f5mbluse variandid 2 n\u00f5ela ja 3 niidiga ning 3 n\u00f5ela ja 4 niidiga.<br \/>\nPealt katte\u00f5mbluse variandid \u2013 2 n\u00f5ela ja 4 niidiga ning 3 n\u00f5ela ja 5 niidiga.<br \/>\nAhelpiste \u2013 1 n\u00f5ela ja 2 niidiga.<br \/>\npistepikkus kuni 1-4mm<br \/>\nkatte laius 3mm ja 6mm<br \/>\ndiferentsiaals\u00f6\u00f6de: 0.5-2.25<br \/>\npressjala sujuv surve reguleerimine<br \/>\nvabavars<br \/>\nn\u00f5elasilma niidistaja<br \/>\nLED valgustus<br \/>\nlihtne niidistus<br \/>\nMasinaga komplekti kuulub: l\u00e4bipaistev presstald, standard presstald, niidirulli stopper 5tk, koonusniidirullide alus 5tk, pehme masina kate, tarvikute karp, abiseade n\u00f5ela vahetamiseks v\u00f5i niidistamiseks, pintsetid, niidiv\u00f5rk 5tk, puhastuspintsel, varun\u00f5elad, lisaseadmete kinnituskruvid 2tk.<br \/>\nNB! Masin on tehase poolt niidistatud, varustatud 5 valge niidiga.<\/p>\n<div class=\"ast-oembed-container \" style=\"height: 100%;\"><iframe title=\"Janome CP3000 Professional\" width=\"500\" height=\"281\" src=\"https:\/\/www.youtube.com\/embed\/aP5VIOoktxg?feature=oembed\" frameborder=\"0\" allow=\"accelerometer; autoplay; clipboard-write; encrypted-media; gyroscope; picture-in-picture; web-share\" referrerpolicy=\"strict-origin-when-cross-origin\" allowfullscreen><\/iframe><\/div>\n","protected":false},"excerpt":{"rendered":"<p>Janome Coverpro 3000, alt- ja pealtkattemasin on j\u00f5uline, kauni disainiga ja hea ergonoomikaga t\u00f6\u00f6riist n\u00f5udliku \u00f5mbleja t\u00f6\u00f6lauale. Laitmatu pistekvaliteet, hea valgusallikas masina t\u00f6\u00f6laual, lihtne niidistamine, 6 erinevat katte\u00f5mblust\u00fc\u00fcpi ja suurep\u00e4rane disain. Toode on tulnud, et r\u00f5\u00f5mustada tuhandeid hobi\u00f5mblejaid. Kuullaagritel mootor annab vaikse t\u00f6\u00f6h\u00e4\u00e4le ja minimaalse vibratsiooni. T\u00f6\u00f6 l\u00f5pptulemus on alati professionaalne. Kaasas ka l\u00e4bipaistev presstald. V\u00f5imalus soetada mitmeid erinevaid lisaseadmeid, kantijad, servasuunajad jpm. Viige oma \u00f5mblusprojektide viimistlus CoverPro\u00ae 3000 abil j\u00e4rgmisele tasemele.<\/p>\n[embed]https:\/\/marevik.ee\/test\/janome-coverpro-3000-professional\/[\/embed]\n","protected":false},"featured_media":14544,"template":"","meta":{"site-sidebar-layout":"default","site-content-layout":"default","ast-site-content-layout":"default","site-content-style":"default","site-sidebar-style":"default","ast-global-header-display":"","ast-banner-title-visibility":"","ast-main-header-display":"","ast-hfb-above-header-display":"","ast-hfb-below-header-display":"","ast-hfb-mobile-header-display":"","site-post-title":"","ast-breadcrumbs-content":"","ast-featured-img":"","footer-sml-layout":"","theme-transparent-header-meta":"default","adv-header-id-meta":"","stick-header-meta":"","header-above-stick-meta":"","header-main-stick-meta":"","header-below-stick-meta":"","astra-migrate-meta-layouts":"set","ast-page-background-enabled":"default","ast-page-background-meta":{"desktop":{"background-color":"","background-image":"","background-repeat":"repeat","background-position":"center center","background-size":"auto","background-attachment":"scroll","background-type":"","background-media":"","overlay-type":"","overlay-color":"","overlay-opacity":"","overlay-gradient":""},"tablet":{"background-color":"","background-image":"","background-repeat":"repeat","background-position":"center center","background-size":"auto","background-attachment":"scroll","background-type":"","background-media":"","overlay-type":"","overlay-color":"","overlay-opacity":"","overlay-gradient":""},"mobile":{"background-color":"","background-image":"","background-repeat":"repeat","background-position":"center center","background-size":"auto","background-attachment":"scroll","background-type":"","background-media":"","overlay-type":"","overlay-color":"","overlay-opacity":"","overlay-gradient":""}},"ast-content-background-meta":{"desktop":{"background-color":"var(--ast-global-color-5)","background-image":"","background-repeat":"repeat","background-position":"center center","background-size":"auto","background-attachment":"scroll","background-type":"","background-media":"","overlay-type":"","overlay-color":"","overlay-opacity":"","overlay-gradient":""},"tablet":{"background-color":"var(--ast-global-color-5)","background-image":"","background-repeat":"repeat","background-position":"center center","background-size":"auto","background-attachment":"scroll","background-type":"","background-media":"","overlay-type":"","overlay-color":"","overlay-opacity":"","overlay-gradient":""},"mobile":{"background-color":"var(--ast-global-color-5)","background-image":"","background-repeat":"repeat","background-position":"center center","background-size":"auto","background-attachment":"scroll","background-type":"","background-media":"","overlay-type":"","overlay-color":"","overlay-opacity":"","overlay-gradient":""}}},"product_brand":[],"product_cat":[90,95,64],"product_tag":[84],"class_list":{"0":"post-14543","1":"product","2":"type-product","3":"status-publish","4":"has-post-thumbnail","6":"product_cat-janome-overlokid-ja-kattemasinad","7":"product_cat-katteomblusmasinad","8":"product_cat-overlokid-ja-kattemasinad","9":"product_tag-janome","10":"desktop-align-left","11":"tablet-align-left","12":"mobile-align-left","14":"first","15":"instock","16":"taxable","17":"shipping-taxable","18":"purchasable","19":"product-type-simple"},"yoast_head":"<!-- This site is optimized with the Yoast SEO plugin v26.1.1 - https:\/\/yoast.com\/wordpress\/plugins\/seo\/ -->\n<title>Janome Coverpro 3000 Professional, alt- ja pealtkattemasin<\/title>\n<meta name=\"description\" content=\"Janome Coverpro 3000, alt- ja pealtkattemasin on j\u00f5uline, kauni disainiga ja hea ergonoomikaga t\u00f6\u00f6riist n\u00f5udliku \u00f5mbleja t\u00f6\u00f6lauale. Laitmatu pistekvaliteet, hea valgusallikas masina t\u00f6\u00f6laual, lihtne niidistamine, 6 erinevat katte\u00f5mblust\u00fc\u00fcpi ja suurep\u00e4rane disain.\" \/>\n<meta name=\"robots\" content=\"index, follow, max-snippet:-1, max-image-preview:large, max-video-preview:-1\" \/>\n<link rel=\"canonical\" href=\"https:\/\/marevik.ee\/test\/toode\/janome-coverpro-3000-professionaal\/\" \/>\n<meta property=\"og:locale\" content=\"en_US\" \/>\n<meta property=\"og:type\" content=\"article\" \/>\n<meta property=\"og:title\" content=\"Janome Coverpro 3000 Professional, alt- ja pealtkattemasin\" \/>\n<meta property=\"og:description\" content=\"Janome Coverpro 3000, alt- ja pealtkattemasin on j\u00f5uline, kauni disainiga ja hea ergonoomikaga t\u00f6\u00f6riist n\u00f5udliku \u00f5mbleja t\u00f6\u00f6lauale. Laitmatu pistekvaliteet, hea valgusallikas masina t\u00f6\u00f6laual, lihtne niidistamine, 6 erinevat katte\u00f5mblust\u00fc\u00fcpi ja suurep\u00e4rane disain.\" \/>\n<meta property=\"og:url\" content=\"https:\/\/marevik.ee\/test\/toode\/janome-coverpro-3000-professionaal\/\" \/>\n<meta property=\"og:site_name\" content=\"Marevik O&Uuml;\" \/>\n<meta property=\"article:modified_time\" content=\"2025-10-28T09:38:23+00:00\" \/>\n<meta property=\"og:image\" content=\"https:\/\/marevik.ee\/test\/wp-content\/uploads\/2022\/07\/Janome-Coverpro-3000.jpg\" \/>\n\t<meta property=\"og:image:width\" content=\"1070\" \/>\n\t<meta property=\"og:image:height\" content=\"834\" \/>\n\t<meta property=\"og:image:type\" content=\"image\/jpeg\" \/>\n<meta name=\"twitter:card\" content=\"summary_large_image\" \/>\n<meta name=\"twitter:label1\" content=\"Est. reading time\" \/>\n\t<meta name=\"twitter:data1\" content=\"1 minute\" \/>\n<script type=\"application\/ld+json\" class=\"yoast-schema-graph\">{\"@context\":\"https:\/\/schema.org\",\"@graph\":[{\"@type\":\"WebPage\",\"@id\":\"https:\/\/marevik.ee\/test\/toode\/janome-coverpro-3000-professionaal\/\",\"url\":\"https:\/\/marevik.ee\/test\/toode\/janome-coverpro-3000-professionaal\/\",\"name\":\"Janome Coverpro 3000 Professional, alt- ja pealtkattemasin\",\"isPartOf\":{\"@id\":\"https:\/\/marevik.ee\/test\/#website\"},\"primaryImageOfPage\":{\"@id\":\"https:\/\/marevik.ee\/test\/toode\/janome-coverpro-3000-professionaal\/#primaryimage\"},\"image\":{\"@id\":\"https:\/\/marevik.ee\/test\/toode\/janome-coverpro-3000-professionaal\/#primaryimage\"},\"thumbnailUrl\":\"https:\/\/marevik.ee\/test\/wp-content\/uploads\/2022\/07\/Janome-Coverpro-3000.jpg\",\"datePublished\":\"2022-07-05T11:48:50+00:00\",\"dateModified\":\"2025-10-28T09:38:23+00:00\",\"description\":\"Janome Coverpro 3000, alt- ja pealtkattemasin on j\u00f5uline, kauni disainiga ja hea ergonoomikaga t\u00f6\u00f6riist n\u00f5udliku \u00f5mbleja t\u00f6\u00f6lauale. Laitmatu pistekvaliteet, hea valgusallikas masina t\u00f6\u00f6laual, lihtne niidistamine, 6 erinevat katte\u00f5mblust\u00fc\u00fcpi ja suurep\u00e4rane disain.\",\"breadcrumb\":{\"@id\":\"https:\/\/marevik.ee\/test\/toode\/janome-coverpro-3000-professionaal\/#breadcrumb\"},\"inLanguage\":\"en\",\"potentialAction\":[{\"@type\":\"ReadAction\",\"target\":[\"https:\/\/marevik.ee\/test\/toode\/janome-coverpro-3000-professionaal\/\"]}]},{\"@type\":\"ImageObject\",\"inLanguage\":\"en\",\"@id\":\"https:\/\/marevik.ee\/test\/toode\/janome-coverpro-3000-professionaal\/#primaryimage\",\"url\":\"https:\/\/marevik.ee\/test\/wp-content\/uploads\/2022\/07\/Janome-Coverpro-3000.jpg\",\"contentUrl\":\"https:\/\/marevik.ee\/test\/wp-content\/uploads\/2022\/07\/Janome-Coverpro-3000.jpg\",\"width\":1070,\"height\":834},{\"@type\":\"BreadcrumbList\",\"@id\":\"https:\/\/marevik.ee\/test\/toode\/janome-coverpro-3000-professionaal\/#breadcrumb\",\"itemListElement\":[{\"@type\":\"ListItem\",\"position\":1,\"name\":\"Home\",\"item\":\"https:\/\/marevik.ee\/test\/\"},{\"@type\":\"ListItem\",\"position\":2,\"name\":\"E-POOD\",\"item\":\"https:\/\/marevik.ee\/test\/epood\/\"},{\"@type\":\"ListItem\",\"position\":3,\"name\":\"Janome Coverpro 3000 Professionaal\"}]},{\"@type\":\"WebSite\",\"@id\":\"https:\/\/marevik.ee\/test\/#website\",\"url\":\"https:\/\/marevik.ee\/test\/\",\"name\":\"Marevik O&Uuml;\",\"description\":\"&Otilde;mblusmasina asjatundja\",\"publisher\":{\"@id\":\"https:\/\/marevik.ee\/test\/#organization\"},\"potentialAction\":[{\"@type\":\"SearchAction\",\"target\":{\"@type\":\"EntryPoint\",\"urlTemplate\":\"https:\/\/marevik.ee\/test\/?s={search_term_string}\"},\"query-input\":{\"@type\":\"PropertyValueSpecification\",\"valueRequired\":true,\"valueName\":\"search_term_string\"}}],\"inLanguage\":\"en\"},{\"@type\":\"Organization\",\"@id\":\"https:\/\/marevik.ee\/test\/#organization\",\"name\":\"Marevik O&Uuml;\",\"url\":\"https:\/\/marevik.ee\/test\/\",\"logo\":{\"@type\":\"ImageObject\",\"inLanguage\":\"en\",\"@id\":\"https:\/\/marevik.ee\/test\/#\/schema\/logo\/image\/\",\"url\":\"https:\/\/marevik.ee\/test\/wp-content\/uploads\/2020\/02\/mblusmasina-asjatundja-1994_173x105_veebi_v-ike.jpg\",\"contentUrl\":\"https:\/\/marevik.ee\/test\/wp-content\/uploads\/2020\/02\/mblusmasina-asjatundja-1994_173x105_veebi_v-ike.jpg\",\"width\":173,\"height\":105,\"caption\":\"Marevik O&Uuml;\"},\"image\":{\"@id\":\"https:\/\/marevik.ee\/test\/#\/schema\/logo\/image\/\"}}]}<\/script>\n<!-- \/ Yoast SEO plugin. -->","yoast_head_json":{"title":"Janome Coverpro 3000 Professional, alt- ja pealtkattemasin","description":"Janome Coverpro 3000, alt- ja pealtkattemasin on j\u00f5uline, kauni disainiga ja hea ergonoomikaga t\u00f6\u00f6riist n\u00f5udliku \u00f5mbleja t\u00f6\u00f6lauale. Laitmatu pistekvaliteet, hea valgusallikas masina t\u00f6\u00f6laual, lihtne niidistamine, 6 erinevat katte\u00f5mblust\u00fc\u00fcpi ja suurep\u00e4rane disain.","robots":{"index":"index","follow":"follow","max-snippet":"max-snippet:-1","max-image-preview":"max-image-preview:large","max-video-preview":"max-video-preview:-1"},"canonical":"https:\/\/marevik.ee\/test\/toode\/janome-coverpro-3000-professionaal\/","og_locale":"en_US","og_type":"article","og_title":"Janome Coverpro 3000 Professional, alt- ja pealtkattemasin","og_description":"Janome Coverpro 3000, alt- ja pealtkattemasin on j\u00f5uline, kauni disainiga ja hea ergonoomikaga t\u00f6\u00f6riist n\u00f5udliku \u00f5mbleja t\u00f6\u00f6lauale. Laitmatu pistekvaliteet, hea valgusallikas masina t\u00f6\u00f6laual, lihtne niidistamine, 6 erinevat katte\u00f5mblust\u00fc\u00fcpi ja suurep\u00e4rane disain.","og_url":"https:\/\/marevik.ee\/test\/toode\/janome-coverpro-3000-professionaal\/","og_site_name":"Marevik O&Uuml;","article_modified_time":"2025-10-28T09:38:23+00:00","og_image":[{"width":1070,"height":834,"url":"https:\/\/marevik.ee\/test\/wp-content\/uploads\/2022\/07\/Janome-Coverpro-3000.jpg","type":"image\/jpeg"}],"twitter_card":"summary_large_image","twitter_misc":{"Est. reading time":"1 minute"},"schema":{"@context":"https:\/\/schema.org","@graph":[{"@type":"WebPage","@id":"https:\/\/marevik.ee\/test\/toode\/janome-coverpro-3000-professionaal\/","url":"https:\/\/marevik.ee\/test\/toode\/janome-coverpro-3000-professionaal\/","name":"Janome Coverpro 3000 Professional, alt- ja pealtkattemasin","isPartOf":{"@id":"https:\/\/marevik.ee\/test\/#website"},"primaryImageOfPage":{"@id":"https:\/\/marevik.ee\/test\/toode\/janome-coverpro-3000-professionaal\/#primaryimage"},"image":{"@id":"https:\/\/marevik.ee\/test\/toode\/janome-coverpro-3000-professionaal\/#primaryimage"},"thumbnailUrl":"https:\/\/marevik.ee\/test\/wp-content\/uploads\/2022\/07\/Janome-Coverpro-3000.jpg","datePublished":"2022-07-05T11:48:50+00:00","dateModified":"2025-10-28T09:38:23+00:00","description":"Janome Coverpro 3000, alt- ja pealtkattemasin on j\u00f5uline, kauni disainiga ja hea ergonoomikaga t\u00f6\u00f6riist n\u00f5udliku \u00f5mbleja t\u00f6\u00f6lauale. Laitmatu pistekvaliteet, hea valgusallikas masina t\u00f6\u00f6laual, lihtne niidistamine, 6 erinevat katte\u00f5mblust\u00fc\u00fcpi ja suurep\u00e4rane disain.","breadcrumb":{"@id":"https:\/\/marevik.ee\/test\/toode\/janome-coverpro-3000-professionaal\/#breadcrumb"},"inLanguage":"en","potentialAction":[{"@type":"ReadAction","target":["https:\/\/marevik.ee\/test\/toode\/janome-coverpro-3000-professionaal\/"]}]},{"@type":"ImageObject","inLanguage":"en","@id":"https:\/\/marevik.ee\/test\/toode\/janome-coverpro-3000-professionaal\/#primaryimage","url":"https:\/\/marevik.ee\/test\/wp-content\/uploads\/2022\/07\/Janome-Coverpro-3000.jpg","contentUrl":"https:\/\/marevik.ee\/test\/wp-content\/uploads\/2022\/07\/Janome-Coverpro-3000.jpg","width":1070,"height":834},{"@type":"BreadcrumbList","@id":"https:\/\/marevik.ee\/test\/toode\/janome-coverpro-3000-professionaal\/#breadcrumb","itemListElement":[{"@type":"ListItem","position":1,"name":"Home","item":"https:\/\/marevik.ee\/test\/"},{"@type":"ListItem","position":2,"name":"E-POOD","item":"https:\/\/marevik.ee\/test\/epood\/"},{"@type":"ListItem","position":3,"name":"Janome Coverpro 3000 Professionaal"}]},{"@type":"WebSite","@id":"https:\/\/marevik.ee\/test\/#website","url":"https:\/\/marevik.ee\/test\/","name":"Marevik O&Uuml;","description":"&Otilde;mblusmasina asjatundja","publisher":{"@id":"https:\/\/marevik.ee\/test\/#organization"},"potentialAction":[{"@type":"SearchAction","target":{"@type":"EntryPoint","urlTemplate":"https:\/\/marevik.ee\/test\/?s={search_term_string}"},"query-input":{"@type":"PropertyValueSpecification","valueRequired":true,"valueName":"search_term_string"}}],"inLanguage":"en"},{"@type":"Organization","@id":"https:\/\/marevik.ee\/test\/#organization","name":"Marevik O&Uuml;","url":"https:\/\/marevik.ee\/test\/","logo":{"@type":"ImageObject","inLanguage":"en","@id":"https:\/\/marevik.ee\/test\/#\/schema\/logo\/image\/","url":"https:\/\/marevik.ee\/test\/wp-content\/uploads\/2020\/02\/mblusmasina-asjatundja-1994_173x105_veebi_v-ike.jpg","contentUrl":"https:\/\/marevik.ee\/test\/wp-content\/uploads\/2020\/02\/mblusmasina-asjatundja-1994_173x105_veebi_v-ike.jpg","width":173,"height":105,"caption":"Marevik O&Uuml;"},"image":{"@id":"https:\/\/marevik.ee\/test\/#\/schema\/logo\/image\/"}}]}},"_links":{"self":[{"href":"https:\/\/marevik.ee\/test\/wp-json\/wp\/v2\/product\/14543","targetHints":{"allow":["GET"]}}],"collection":[{"href":"https:\/\/marevik.ee\/test\/wp-json\/wp\/v2\/product"}],"about":[{"href":"https:\/\/marevik.ee\/test\/wp-json\/wp\/v2\/types\/product"}],"wp:featuredmedia":[{"embeddable":true,"href":"https:\/\/marevik.ee\/test\/wp-json\/wp\/v2\/media\/14544"}],"wp:attachment":[{"href":"https:\/\/marevik.ee\/test\/wp-json\/wp\/v2\/media?parent=14543"}],"wp:term":[{"taxonomy":"product_brand","embeddable":true,"href":"https:\/\/marevik.ee\/test\/wp-json\/wp\/v2\/product_brand?post=14543"},{"taxonomy":"product_cat","embeddable":true,"href":"https:\/\/marevik.ee\/test\/wp-json\/wp\/v2\/product_cat?post=14543"},{"taxonomy":"product_tag","embeddable":true,"href":"https:\/\/marevik.ee\/test\/wp-json\/wp\/v2\/product_tag?post=14543"}],"curies":[{"name":"wp","href":"https:\/\/api.w.org\/{rel}","templated":true}]}}