{"id":14578,"date":"2022-07-11T11:55:06","date_gmt":"2022-07-11T11:55:06","guid":{"rendered":"https:\/\/marevik.ee\/test\/?post_type=product&#038;p=14578"},"modified":"2025-05-12T13:04:41","modified_gmt":"2025-05-12T13:04:41","slug":"omblus-ja-tikkimismasin-innov-is-2700-brother","status":"publish","type":"product","link":"https:\/\/marevik.ee\/test\/toode\/omblus-ja-tikkimismasin-innov-is-2700-brother\/","title":{"rendered":"\u00d5mblus- ja tikkimismasin Innov-is 2700 Brother"},"content":{"rendered":"<div class=\"ast-oembed-container \" style=\"height: 100%;\"><iframe title=\"Brother Innov-is NV2700 home sewing, quilting and embroidery machine\" width=\"500\" height=\"281\" src=\"https:\/\/www.youtube.com\/embed\/H_famv7X8Vs?feature=oembed\" frameborder=\"0\" allow=\"accelerometer; autoplay; clipboard-write; encrypted-media; gyroscope; picture-in-picture; web-share\" referrerpolicy=\"strict-origin-when-cross-origin\" allowfullscreen><\/iframe><\/div>\n<p>\u00d5mblemine<\/p>\n<p>291 \u00f5mblusoperatsiooni<br \/>\n10 t\u00e4isautomaatset n\u00f6\u00f6pauku<br \/>\n5 erinevat fonti (suured ja v\u00e4ikesed t\u00e4hed)\u200f<br \/>\n\u00d5mblemine k\u00fclgsuunas (joon\u00f5mblus, sik-sak)\u200f<br \/>\n\u00d5mbluskiirus 850 pistet minutis<br \/>\n10 m\u00e4lukohta kombineeritud pistete ja tekstide salvestamiseks<br \/>\nOma pistete loomine<br \/>\nPresstalla surve regulaator<br \/>\nP\u00f5lvekang presstalla t\u00f5stmiseks\/langetamiseks<br \/>\n7-osaline s\u00f6\u00f6tehammastik<br \/>\nStart\/stop nupp pedaalita \u00f5mblemiseks<br \/>\nKohtvalgustus LED<br \/>\nKomplektis tarvikud teppimiseks ja lapit\u00f6\u00f6deks<\/p>\n<p>Tikkimine<\/p>\n<p>Tikkimispiirkond kuni 160mmx260mm<br \/>\n258 tikandmotiivi<br \/>\n10 erinevat tikandraami, 14 erinevat stiili<br \/>\nLasert\u00e4pp positsioneerimine<br \/>\nKanga paksuse kontrolls\u00fcsteem<br \/>\nV\u00e4rviline LCD puuteekraan<br \/>\n13 erinevat t\u00e4hefonti<br \/>\nTikandi suuruse muutmine<br \/>\nTikandi p\u00f6\u00f6ramine peegelpildiks<br \/>\nTikandi p\u00f6\u00f6ramine 0.1, 1, 10 ja 90 kraadi<br \/>\nKujundi t\u00e4isv\u00e4rvides eelvaade<br \/>\nTikkimiskiirus 850 pistet minutis<br \/>\nNiidi katkemise andur<br \/>\nAutomaatne n\u00f5elasilma niidistaja<br \/>\nUSB v\u00f5i traadita (Wireless LAN) tikandi transportimine<br \/>\nKaasas tikkimisraamid: 16x26cm 13x18cm<\/p>\n","protected":false},"excerpt":{"rendered":"<p>\u00d5mblus- ja tikkimismasin Innov-is 2700 on Brother kaubam\u00e4rgi laiast valikus professionaalne ja kvaliteetne t\u00f6\u00f6riist. \u00dclimalt lihtne ja kasutajas\u00f5bralik v\u00e4rviline puuteekraan v\u00f5imaldab ka mittekogenud kasutajal ette v\u00f5tta keerukaid projekte. Samas on masin t\u00e4nuv\u00e4\u00e4rne t\u00f6\u00f6riist ka n\u00f5udlikumale k\u00e4sit\u00f6\u00f6lisele. Masin sobib nii koju, kui ka kooli k\u00e4sit\u00f6\u00f6klassi. Lasert\u00e4pp positsioneerimine, juhtmevaba failide laadimine ja \u00fcle 250 tikkimismotiivi ning 290 \u00f5mblusoperatsiooni. Kindel t\u00f6\u00f6riist aastak\u00fcmneteks.<\/p>\n","protected":false},"featured_media":14581,"template":"","meta":{"site-sidebar-layout":"default","site-content-layout":"default","ast-site-content-layout":"","site-content-style":"default","site-sidebar-style":"default","ast-global-header-display":"","ast-banner-title-visibility":"","ast-main-header-display":"","ast-hfb-above-header-display":"","ast-hfb-below-header-display":"","ast-hfb-mobile-header-display":"","site-post-title":"","ast-breadcrumbs-content":"","ast-featured-img":"","footer-sml-layout":"","theme-transparent-header-meta":"default","adv-header-id-meta":"","stick-header-meta":"","header-above-stick-meta":"","header-main-stick-meta":"","header-below-stick-meta":"","astra-migrate-meta-layouts":"default","ast-page-background-enabled":"default","ast-page-background-meta":{"desktop":{"background-color":"","background-image":"","background-repeat":"repeat","background-position":"center center","background-size":"auto","background-attachment":"scroll","background-type":"","background-media":"","overlay-type":"","overlay-color":"","overlay-opacity":"","overlay-gradient":""},"tablet":{"background-color":"","background-image":"","background-repeat":"repeat","background-position":"center center","background-size":"auto","background-attachment":"scroll","background-type":"","background-media":"","overlay-type":"","overlay-color":"","overlay-opacity":"","overlay-gradient":""},"mobile":{"background-color":"","background-image":"","background-repeat":"repeat","background-position":"center center","background-size":"auto","background-attachment":"scroll","background-type":"","background-media":"","overlay-type":"","overlay-color":"","overlay-opacity":"","overlay-gradient":""}},"ast-content-background-meta":{"desktop":{"background-color":"var(--ast-global-color-5)","background-image":"","background-repeat":"repeat","background-position":"center center","background-size":"auto","background-attachment":"scroll","background-type":"","background-media":"","overlay-type":"","overlay-color":"","overlay-opacity":"","overlay-gradient":""},"tablet":{"background-color":"var(--ast-global-color-5)","background-image":"","background-repeat":"repeat","background-position":"center center","background-size":"auto","background-attachment":"scroll","background-type":"","background-media":"","overlay-type":"","overlay-color":"","overlay-opacity":"","overlay-gradient":""},"mobile":{"background-color":"var(--ast-global-color-5)","background-image":"","background-repeat":"repeat","background-position":"center center","background-size":"auto","background-attachment":"scroll","background-type":"","background-media":"","overlay-type":"","overlay-color":"","overlay-opacity":"","overlay-gradient":""}}},"product_brand":[],"product_cat":[68,86,60,63],"product_tag":[85],"class_list":{"0":"post-14578","1":"product","2":"type-product","3":"status-publish","4":"has-post-thumbnail","6":"product_cat-brother","7":"product_cat-brother-tikkimismasinad","8":"product_cat-omblusmasinad","9":"product_cat-tikkimismasinad","10":"product_tag-brother","11":"desktop-align-left","12":"tablet-align-left","13":"mobile-align-left","15":"first","16":"onbackorder","17":"taxable","18":"shipping-taxable","19":"purchasable","20":"product-type-simple"},"yoast_head":"<!-- This site is optimized with the Yoast SEO plugin v26.1.1 - https:\/\/yoast.com\/wordpress\/plugins\/seo\/ -->\n<title>\u00d5mblus- ja tikkimismasin Innov-is 2700 Brother - Marevik O&Uuml;<\/title>\n<meta name=\"description\" content=\"\u00d5mblus- ja tikkimismasin Innov-is 2700 on Brother kaubam\u00e4rgi laiast valikus professionaalne ja kvaliteetne t\u00f6\u00f6riist. \u00dclimalt lihtne ja kasutajas\u00f5bralik v\u00e4rviline puuteekraan v\u00f5imaldab ka mittekogenud kasutajal ette v\u00f5tta keerukaid projekte.\" \/>\n<meta name=\"robots\" content=\"index, follow, max-snippet:-1, max-image-preview:large, max-video-preview:-1\" \/>\n<link rel=\"canonical\" href=\"https:\/\/marevik.ee\/test\/toode\/omblus-ja-tikkimismasin-innov-is-2700-brother\/\" \/>\n<meta property=\"og:locale\" content=\"en_US\" \/>\n<meta property=\"og:type\" content=\"article\" \/>\n<meta property=\"og:title\" content=\"\u00d5mblus- ja tikkimismasin Innov-is 2700 Brother - Marevik O&Uuml;\" \/>\n<meta property=\"og:description\" content=\"\u00d5mblus- ja tikkimismasin Innov-is 2700 on Brother kaubam\u00e4rgi laiast valikus professionaalne ja kvaliteetne t\u00f6\u00f6riist. \u00dclimalt lihtne ja kasutajas\u00f5bralik v\u00e4rviline puuteekraan v\u00f5imaldab ka mittekogenud kasutajal ette v\u00f5tta keerukaid projekte.\" \/>\n<meta property=\"og:url\" content=\"https:\/\/marevik.ee\/test\/toode\/omblus-ja-tikkimismasin-innov-is-2700-brother\/\" \/>\n<meta property=\"og:site_name\" content=\"Marevik O&Uuml;\" \/>\n<meta property=\"article:modified_time\" content=\"2025-05-12T13:04:41+00:00\" \/>\n<meta property=\"og:image\" content=\"https:\/\/marevik.ee\/test\/wp-content\/uploads\/2022\/07\/NV-2700.jpg\" \/>\n\t<meta property=\"og:image:width\" content=\"1000\" \/>\n\t<meta property=\"og:image:height\" content=\"1000\" \/>\n\t<meta property=\"og:image:type\" content=\"image\/jpeg\" \/>\n<meta name=\"twitter:card\" content=\"summary_large_image\" \/>\n<meta name=\"twitter:label1\" content=\"Est. reading time\" \/>\n\t<meta name=\"twitter:data1\" content=\"1 minute\" \/>\n<script type=\"application\/ld+json\" class=\"yoast-schema-graph\">{\"@context\":\"https:\/\/schema.org\",\"@graph\":[{\"@type\":\"WebPage\",\"@id\":\"https:\/\/marevik.ee\/test\/toode\/omblus-ja-tikkimismasin-innov-is-2700-brother\/\",\"url\":\"https:\/\/marevik.ee\/test\/toode\/omblus-ja-tikkimismasin-innov-is-2700-brother\/\",\"name\":\"\u00d5mblus- ja tikkimismasin Innov-is 2700 Brother - Marevik O&Uuml;\",\"isPartOf\":{\"@id\":\"https:\/\/marevik.ee\/test\/#website\"},\"primaryImageOfPage\":{\"@id\":\"https:\/\/marevik.ee\/test\/toode\/omblus-ja-tikkimismasin-innov-is-2700-brother\/#primaryimage\"},\"image\":{\"@id\":\"https:\/\/marevik.ee\/test\/toode\/omblus-ja-tikkimismasin-innov-is-2700-brother\/#primaryimage\"},\"thumbnailUrl\":\"https:\/\/marevik.ee\/test\/wp-content\/uploads\/2022\/07\/NV-2700.jpg\",\"datePublished\":\"2022-07-11T11:55:06+00:00\",\"dateModified\":\"2025-05-12T13:04:41+00:00\",\"description\":\"\u00d5mblus- ja tikkimismasin Innov-is 2700 on Brother kaubam\u00e4rgi laiast valikus professionaalne ja kvaliteetne t\u00f6\u00f6riist. \u00dclimalt lihtne ja kasutajas\u00f5bralik v\u00e4rviline puuteekraan v\u00f5imaldab ka mittekogenud kasutajal ette v\u00f5tta keerukaid projekte.\",\"breadcrumb\":{\"@id\":\"https:\/\/marevik.ee\/test\/toode\/omblus-ja-tikkimismasin-innov-is-2700-brother\/#breadcrumb\"},\"inLanguage\":\"en\",\"potentialAction\":[{\"@type\":\"ReadAction\",\"target\":[\"https:\/\/marevik.ee\/test\/toode\/omblus-ja-tikkimismasin-innov-is-2700-brother\/\"]}]},{\"@type\":\"ImageObject\",\"inLanguage\":\"en\",\"@id\":\"https:\/\/marevik.ee\/test\/toode\/omblus-ja-tikkimismasin-innov-is-2700-brother\/#primaryimage\",\"url\":\"https:\/\/marevik.ee\/test\/wp-content\/uploads\/2022\/07\/NV-2700.jpg\",\"contentUrl\":\"https:\/\/marevik.ee\/test\/wp-content\/uploads\/2022\/07\/NV-2700.jpg\",\"width\":1000,\"height\":1000},{\"@type\":\"BreadcrumbList\",\"@id\":\"https:\/\/marevik.ee\/test\/toode\/omblus-ja-tikkimismasin-innov-is-2700-brother\/#breadcrumb\",\"itemListElement\":[{\"@type\":\"ListItem\",\"position\":1,\"name\":\"Home\",\"item\":\"https:\/\/marevik.ee\/test\/\"},{\"@type\":\"ListItem\",\"position\":2,\"name\":\"E-POOD\",\"item\":\"https:\/\/marevik.ee\/test\/epood\/\"},{\"@type\":\"ListItem\",\"position\":3,\"name\":\"\u00d5mblus- ja tikkimismasin Innov-is 2700 Brother\"}]},{\"@type\":\"WebSite\",\"@id\":\"https:\/\/marevik.ee\/test\/#website\",\"url\":\"https:\/\/marevik.ee\/test\/\",\"name\":\"Marevik O&Uuml;\",\"description\":\"&Otilde;mblusmasina asjatundja\",\"publisher\":{\"@id\":\"https:\/\/marevik.ee\/test\/#organization\"},\"potentialAction\":[{\"@type\":\"SearchAction\",\"target\":{\"@type\":\"EntryPoint\",\"urlTemplate\":\"https:\/\/marevik.ee\/test\/?s={search_term_string}\"},\"query-input\":{\"@type\":\"PropertyValueSpecification\",\"valueRequired\":true,\"valueName\":\"search_term_string\"}}],\"inLanguage\":\"en\"},{\"@type\":\"Organization\",\"@id\":\"https:\/\/marevik.ee\/test\/#organization\",\"name\":\"Marevik O&Uuml;\",\"url\":\"https:\/\/marevik.ee\/test\/\",\"logo\":{\"@type\":\"ImageObject\",\"inLanguage\":\"en\",\"@id\":\"https:\/\/marevik.ee\/test\/#\/schema\/logo\/image\/\",\"url\":\"https:\/\/marevik.ee\/test\/wp-content\/uploads\/2020\/02\/mblusmasina-asjatundja-1994_173x105_veebi_v-ike.jpg\",\"contentUrl\":\"https:\/\/marevik.ee\/test\/wp-content\/uploads\/2020\/02\/mblusmasina-asjatundja-1994_173x105_veebi_v-ike.jpg\",\"width\":173,\"height\":105,\"caption\":\"Marevik O&Uuml;\"},\"image\":{\"@id\":\"https:\/\/marevik.ee\/test\/#\/schema\/logo\/image\/\"}}]}<\/script>\n<!-- \/ Yoast SEO plugin. -->","yoast_head_json":{"title":"\u00d5mblus- ja tikkimismasin Innov-is 2700 Brother - Marevik O&Uuml;","description":"\u00d5mblus- ja tikkimismasin Innov-is 2700 on Brother kaubam\u00e4rgi laiast valikus professionaalne ja kvaliteetne t\u00f6\u00f6riist. \u00dclimalt lihtne ja kasutajas\u00f5bralik v\u00e4rviline puuteekraan v\u00f5imaldab ka mittekogenud kasutajal ette v\u00f5tta keerukaid projekte.","robots":{"index":"index","follow":"follow","max-snippet":"max-snippet:-1","max-image-preview":"max-image-preview:large","max-video-preview":"max-video-preview:-1"},"canonical":"https:\/\/marevik.ee\/test\/toode\/omblus-ja-tikkimismasin-innov-is-2700-brother\/","og_locale":"en_US","og_type":"article","og_title":"\u00d5mblus- ja tikkimismasin Innov-is 2700 Brother - Marevik O&Uuml;","og_description":"\u00d5mblus- ja tikkimismasin Innov-is 2700 on Brother kaubam\u00e4rgi laiast valikus professionaalne ja kvaliteetne t\u00f6\u00f6riist. \u00dclimalt lihtne ja kasutajas\u00f5bralik v\u00e4rviline puuteekraan v\u00f5imaldab ka mittekogenud kasutajal ette v\u00f5tta keerukaid projekte.","og_url":"https:\/\/marevik.ee\/test\/toode\/omblus-ja-tikkimismasin-innov-is-2700-brother\/","og_site_name":"Marevik O&Uuml;","article_modified_time":"2025-05-12T13:04:41+00:00","og_image":[{"width":1000,"height":1000,"url":"https:\/\/marevik.ee\/test\/wp-content\/uploads\/2022\/07\/NV-2700.jpg","type":"image\/jpeg"}],"twitter_card":"summary_large_image","twitter_misc":{"Est. reading time":"1 minute"},"schema":{"@context":"https:\/\/schema.org","@graph":[{"@type":"WebPage","@id":"https:\/\/marevik.ee\/test\/toode\/omblus-ja-tikkimismasin-innov-is-2700-brother\/","url":"https:\/\/marevik.ee\/test\/toode\/omblus-ja-tikkimismasin-innov-is-2700-brother\/","name":"\u00d5mblus- ja tikkimismasin Innov-is 2700 Brother - Marevik O&Uuml;","isPartOf":{"@id":"https:\/\/marevik.ee\/test\/#website"},"primaryImageOfPage":{"@id":"https:\/\/marevik.ee\/test\/toode\/omblus-ja-tikkimismasin-innov-is-2700-brother\/#primaryimage"},"image":{"@id":"https:\/\/marevik.ee\/test\/toode\/omblus-ja-tikkimismasin-innov-is-2700-brother\/#primaryimage"},"thumbnailUrl":"https:\/\/marevik.ee\/test\/wp-content\/uploads\/2022\/07\/NV-2700.jpg","datePublished":"2022-07-11T11:55:06+00:00","dateModified":"2025-05-12T13:04:41+00:00","description":"\u00d5mblus- ja tikkimismasin Innov-is 2700 on Brother kaubam\u00e4rgi laiast valikus professionaalne ja kvaliteetne t\u00f6\u00f6riist. \u00dclimalt lihtne ja kasutajas\u00f5bralik v\u00e4rviline puuteekraan v\u00f5imaldab ka mittekogenud kasutajal ette v\u00f5tta keerukaid projekte.","breadcrumb":{"@id":"https:\/\/marevik.ee\/test\/toode\/omblus-ja-tikkimismasin-innov-is-2700-brother\/#breadcrumb"},"inLanguage":"en","potentialAction":[{"@type":"ReadAction","target":["https:\/\/marevik.ee\/test\/toode\/omblus-ja-tikkimismasin-innov-is-2700-brother\/"]}]},{"@type":"ImageObject","inLanguage":"en","@id":"https:\/\/marevik.ee\/test\/toode\/omblus-ja-tikkimismasin-innov-is-2700-brother\/#primaryimage","url":"https:\/\/marevik.ee\/test\/wp-content\/uploads\/2022\/07\/NV-2700.jpg","contentUrl":"https:\/\/marevik.ee\/test\/wp-content\/uploads\/2022\/07\/NV-2700.jpg","width":1000,"height":1000},{"@type":"BreadcrumbList","@id":"https:\/\/marevik.ee\/test\/toode\/omblus-ja-tikkimismasin-innov-is-2700-brother\/#breadcrumb","itemListElement":[{"@type":"ListItem","position":1,"name":"Home","item":"https:\/\/marevik.ee\/test\/"},{"@type":"ListItem","position":2,"name":"E-POOD","item":"https:\/\/marevik.ee\/test\/epood\/"},{"@type":"ListItem","position":3,"name":"\u00d5mblus- ja tikkimismasin Innov-is 2700 Brother"}]},{"@type":"WebSite","@id":"https:\/\/marevik.ee\/test\/#website","url":"https:\/\/marevik.ee\/test\/","name":"Marevik O&Uuml;","description":"&Otilde;mblusmasina asjatundja","publisher":{"@id":"https:\/\/marevik.ee\/test\/#organization"},"potentialAction":[{"@type":"SearchAction","target":{"@type":"EntryPoint","urlTemplate":"https:\/\/marevik.ee\/test\/?s={search_term_string}"},"query-input":{"@type":"PropertyValueSpecification","valueRequired":true,"valueName":"search_term_string"}}],"inLanguage":"en"},{"@type":"Organization","@id":"https:\/\/marevik.ee\/test\/#organization","name":"Marevik O&Uuml;","url":"https:\/\/marevik.ee\/test\/","logo":{"@type":"ImageObject","inLanguage":"en","@id":"https:\/\/marevik.ee\/test\/#\/schema\/logo\/image\/","url":"https:\/\/marevik.ee\/test\/wp-content\/uploads\/2020\/02\/mblusmasina-asjatundja-1994_173x105_veebi_v-ike.jpg","contentUrl":"https:\/\/marevik.ee\/test\/wp-content\/uploads\/2020\/02\/mblusmasina-asjatundja-1994_173x105_veebi_v-ike.jpg","width":173,"height":105,"caption":"Marevik O&Uuml;"},"image":{"@id":"https:\/\/marevik.ee\/test\/#\/schema\/logo\/image\/"}}]}},"_links":{"self":[{"href":"https:\/\/marevik.ee\/test\/wp-json\/wp\/v2\/product\/14578","targetHints":{"allow":["GET"]}}],"collection":[{"href":"https:\/\/marevik.ee\/test\/wp-json\/wp\/v2\/product"}],"about":[{"href":"https:\/\/marevik.ee\/test\/wp-json\/wp\/v2\/types\/product"}],"wp:featuredmedia":[{"embeddable":true,"href":"https:\/\/marevik.ee\/test\/wp-json\/wp\/v2\/media\/14581"}],"wp:attachment":[{"href":"https:\/\/marevik.ee\/test\/wp-json\/wp\/v2\/media?parent=14578"}],"wp:term":[{"taxonomy":"product_brand","embeddable":true,"href":"https:\/\/marevik.ee\/test\/wp-json\/wp\/v2\/product_brand?post=14578"},{"taxonomy":"product_cat","embeddable":true,"href":"https:\/\/marevik.ee\/test\/wp-json\/wp\/v2\/product_cat?post=14578"},{"taxonomy":"product_tag","embeddable":true,"href":"https:\/\/marevik.ee\/test\/wp-json\/wp\/v2\/product_tag?post=14578"}],"curies":[{"name":"wp","href":"https:\/\/api.w.org\/{rel}","templated":true}]}}