{"id":14588,"date":"2022-07-12T10:27:31","date_gmt":"2022-07-12T10:27:31","guid":{"rendered":"https:\/\/marevik.ee\/test\/?post_type=product&#038;p=14588"},"modified":"2023-02-14T09:07:27","modified_gmt":"2023-02-14T09:07:27","slug":"bernette-05-crafter","status":"publish","type":"product","link":"https:\/\/marevik.ee\/test\/toode\/bernette-05-crafter\/","title":{"rendered":"Bernette 05 Crafter"},"content":{"rendered":"<p>30 \u00f5mblusoperatsiooni<br \/>\nPistepikkus sujuvalt reguleeritav 0-4 mm<br \/>\nPiste laius sujuvalt reguleeritav 0-6 mm<br \/>\n\u00d5mbluskiirus kuni 1100 pm.<br \/>\nMetalliga kaetud t\u00f6\u00f6laud<br \/>\nPresstalla surve regulaator<br \/>\n1-etapiline (automaatne) n\u00f6\u00f6paugu\u00f5mblus<br \/>\n\u00d5mblused venivale kangale, s.h. overlok\u00f5mblus<br \/>\nTopeltn\u00f5ela kasutamise v\u00f5imalus<br \/>\nPoolimisel n\u00f5elakangi automaatne v\u00e4ljal\u00fclitamine<br \/>\nKangas\u00f6\u00f6tja v\u00e4ljal\u00fclitamine vabak\u00e4etikandiks<br \/>\nPresstalla kiirkinnitus<br \/>\nHorisontaalne poolis\u00fcsteem<br \/>\nNiidil\u00f5ikur<br \/>\nVabajalg h\u00f5lbustamaks torujate detailide \u00f5mblemist<br \/>\nN\u00f5elasilma niidistaja<br \/>\nKohtvalgustus 2xLED<\/p>\n<p>Varustus:<br \/>\n3 pooli, peitepistetald, lukutald, \u00e4\u00e4ristustald, n\u00f6\u00f6paugutald, peitelukutald, universaal ehk sik-sak tald. <\/p>\n","protected":false},"excerpt":{"rendered":"<p>Bernette 05 Crarter on kiire mootoriga, tugev ja kindel mehaaniline \u00f5mblusmasin, hobi\u00f5mbleja vajadustele. Masinal on 30 erinevat \u00f5mblusoperatsiooni, sealhulgas t\u00e4isautomaatne n\u00f6\u00f6paugu\u00f5mblus ja n.n. overlok\u00f5mblus<\/p>\n","protected":false},"featured_media":14590,"template":"","meta":{"site-sidebar-layout":"default","site-content-layout":"default","ast-site-content-layout":"","site-content-style":"default","site-sidebar-style":"default","ast-global-header-display":"","ast-banner-title-visibility":"","ast-main-header-display":"","ast-hfb-above-header-display":"","ast-hfb-below-header-display":"","ast-hfb-mobile-header-display":"","site-post-title":"","ast-breadcrumbs-content":"","ast-featured-img":"","footer-sml-layout":"","theme-transparent-header-meta":"default","adv-header-id-meta":"","stick-header-meta":"","header-above-stick-meta":"","header-main-stick-meta":"","header-below-stick-meta":"","astra-migrate-meta-layouts":"default","ast-page-background-enabled":"default","ast-page-background-meta":{"desktop":{"background-color":"","background-image":"","background-repeat":"repeat","background-position":"center center","background-size":"auto","background-attachment":"scroll","background-type":"","background-media":"","overlay-type":"","overlay-color":"","overlay-opacity":"","overlay-gradient":""},"tablet":{"background-color":"","background-image":"","background-repeat":"repeat","background-position":"center center","background-size":"auto","background-attachment":"scroll","background-type":"","background-media":"","overlay-type":"","overlay-color":"","overlay-opacity":"","overlay-gradient":""},"mobile":{"background-color":"","background-image":"","background-repeat":"repeat","background-position":"center center","background-size":"auto","background-attachment":"scroll","background-type":"","background-media":"","overlay-type":"","overlay-color":"","overlay-opacity":"","overlay-gradient":""}},"ast-content-background-meta":{"desktop":{"background-color":"var(--ast-global-color-5)","background-image":"","background-repeat":"repeat","background-position":"center center","background-size":"auto","background-attachment":"scroll","background-type":"","background-media":"","overlay-type":"","overlay-color":"","overlay-opacity":"","overlay-gradient":""},"tablet":{"background-color":"var(--ast-global-color-5)","background-image":"","background-repeat":"repeat","background-position":"center center","background-size":"auto","background-attachment":"scroll","background-type":"","background-media":"","overlay-type":"","overlay-color":"","overlay-opacity":"","overlay-gradient":""},"mobile":{"background-color":"var(--ast-global-color-5)","background-image":"","background-repeat":"repeat","background-position":"center center","background-size":"auto","background-attachment":"scroll","background-type":"","background-media":"","overlay-type":"","overlay-color":"","overlay-opacity":"","overlay-gradient":""}}},"product_brand":[],"product_cat":[70,60],"product_tag":[109],"class_list":{"0":"post-14588","1":"product","2":"type-product","3":"status-publish","4":"has-post-thumbnail","6":"product_cat-bernette","7":"product_cat-omblusmasinad","8":"product_tag-bernette","9":"desktop-align-left","10":"tablet-align-left","11":"mobile-align-left","13":"first","14":"instock","15":"taxable","16":"shipping-taxable","17":"purchasable","18":"product-type-simple"},"yoast_head":"<!-- This site is optimized with the Yoast SEO plugin v26.1.1 - https:\/\/yoast.com\/wordpress\/plugins\/seo\/ -->\n<title>Bernette 05 Crafter - Marevik O&Uuml;<\/title>\n<meta name=\"description\" content=\"Bernette 05 Crarter on kiire mootoriga, tugev ja kindel mehaaniline \u00f5mblusmasin, hobi\u00f5mbleja vajadustele. Masinal on 30 erinevat \u00f5mblusoperatsiooni, sealhulgas t\u00e4isautomaatne n\u00f6\u00f6paugu\u00f5mblus ja n.n. overlok\u00f5mblus\" \/>\n<meta name=\"robots\" content=\"index, follow, max-snippet:-1, max-image-preview:large, max-video-preview:-1\" \/>\n<link rel=\"canonical\" href=\"https:\/\/marevik.ee\/test\/toode\/bernette-05-crafter\/\" \/>\n<meta property=\"og:locale\" content=\"en_US\" \/>\n<meta property=\"og:type\" content=\"article\" \/>\n<meta property=\"og:title\" content=\"Bernette 05 Crafter - Marevik O&Uuml;\" \/>\n<meta property=\"og:description\" content=\"Bernette 05 Crarter on kiire mootoriga, tugev ja kindel mehaaniline \u00f5mblusmasin, hobi\u00f5mbleja vajadustele. Masinal on 30 erinevat \u00f5mblusoperatsiooni, sealhulgas t\u00e4isautomaatne n\u00f6\u00f6paugu\u00f5mblus ja n.n. overlok\u00f5mblus\" \/>\n<meta property=\"og:url\" content=\"https:\/\/marevik.ee\/test\/toode\/bernette-05-crafter\/\" \/>\n<meta property=\"og:site_name\" content=\"Marevik O&Uuml;\" \/>\n<meta property=\"article:modified_time\" content=\"2023-02-14T09:07:27+00:00\" \/>\n<meta property=\"og:image\" content=\"https:\/\/marevik.ee\/test\/wp-content\/uploads\/2022\/07\/Bernette-05-Crafter.jpg\" \/>\n\t<meta property=\"og:image:width\" content=\"500\" \/>\n\t<meta property=\"og:image:height\" content=\"500\" \/>\n\t<meta property=\"og:image:type\" content=\"image\/jpeg\" \/>\n<meta name=\"twitter:card\" content=\"summary_large_image\" \/>\n<script type=\"application\/ld+json\" class=\"yoast-schema-graph\">{\"@context\":\"https:\/\/schema.org\",\"@graph\":[{\"@type\":\"WebPage\",\"@id\":\"https:\/\/marevik.ee\/test\/toode\/bernette-05-crafter\/\",\"url\":\"https:\/\/marevik.ee\/test\/toode\/bernette-05-crafter\/\",\"name\":\"Bernette 05 Crafter - Marevik O&Uuml;\",\"isPartOf\":{\"@id\":\"https:\/\/marevik.ee\/test\/#website\"},\"primaryImageOfPage\":{\"@id\":\"https:\/\/marevik.ee\/test\/toode\/bernette-05-crafter\/#primaryimage\"},\"image\":{\"@id\":\"https:\/\/marevik.ee\/test\/toode\/bernette-05-crafter\/#primaryimage\"},\"thumbnailUrl\":\"https:\/\/marevik.ee\/test\/wp-content\/uploads\/2022\/07\/Bernette-05-Crafter.jpg\",\"datePublished\":\"2022-07-12T10:27:31+00:00\",\"dateModified\":\"2023-02-14T09:07:27+00:00\",\"description\":\"Bernette 05 Crarter on kiire mootoriga, tugev ja kindel mehaaniline \u00f5mblusmasin, hobi\u00f5mbleja vajadustele. Masinal on 30 erinevat \u00f5mblusoperatsiooni, sealhulgas t\u00e4isautomaatne n\u00f6\u00f6paugu\u00f5mblus ja n.n. overlok\u00f5mblus\",\"breadcrumb\":{\"@id\":\"https:\/\/marevik.ee\/test\/toode\/bernette-05-crafter\/#breadcrumb\"},\"inLanguage\":\"en\",\"potentialAction\":[{\"@type\":\"ReadAction\",\"target\":[\"https:\/\/marevik.ee\/test\/toode\/bernette-05-crafter\/\"]}]},{\"@type\":\"ImageObject\",\"inLanguage\":\"en\",\"@id\":\"https:\/\/marevik.ee\/test\/toode\/bernette-05-crafter\/#primaryimage\",\"url\":\"https:\/\/marevik.ee\/test\/wp-content\/uploads\/2022\/07\/Bernette-05-Crafter.jpg\",\"contentUrl\":\"https:\/\/marevik.ee\/test\/wp-content\/uploads\/2022\/07\/Bernette-05-Crafter.jpg\",\"width\":500,\"height\":500},{\"@type\":\"BreadcrumbList\",\"@id\":\"https:\/\/marevik.ee\/test\/toode\/bernette-05-crafter\/#breadcrumb\",\"itemListElement\":[{\"@type\":\"ListItem\",\"position\":1,\"name\":\"Home\",\"item\":\"https:\/\/marevik.ee\/test\/\"},{\"@type\":\"ListItem\",\"position\":2,\"name\":\"E-POOD\",\"item\":\"https:\/\/marevik.ee\/test\/epood\/\"},{\"@type\":\"ListItem\",\"position\":3,\"name\":\"Bernette 05 Crafter\"}]},{\"@type\":\"WebSite\",\"@id\":\"https:\/\/marevik.ee\/test\/#website\",\"url\":\"https:\/\/marevik.ee\/test\/\",\"name\":\"Marevik O&Uuml;\",\"description\":\"&Otilde;mblusmasina asjatundja\",\"publisher\":{\"@id\":\"https:\/\/marevik.ee\/test\/#organization\"},\"potentialAction\":[{\"@type\":\"SearchAction\",\"target\":{\"@type\":\"EntryPoint\",\"urlTemplate\":\"https:\/\/marevik.ee\/test\/?s={search_term_string}\"},\"query-input\":{\"@type\":\"PropertyValueSpecification\",\"valueRequired\":true,\"valueName\":\"search_term_string\"}}],\"inLanguage\":\"en\"},{\"@type\":\"Organization\",\"@id\":\"https:\/\/marevik.ee\/test\/#organization\",\"name\":\"Marevik O&Uuml;\",\"url\":\"https:\/\/marevik.ee\/test\/\",\"logo\":{\"@type\":\"ImageObject\",\"inLanguage\":\"en\",\"@id\":\"https:\/\/marevik.ee\/test\/#\/schema\/logo\/image\/\",\"url\":\"https:\/\/marevik.ee\/test\/wp-content\/uploads\/2020\/02\/mblusmasina-asjatundja-1994_173x105_veebi_v-ike.jpg\",\"contentUrl\":\"https:\/\/marevik.ee\/test\/wp-content\/uploads\/2020\/02\/mblusmasina-asjatundja-1994_173x105_veebi_v-ike.jpg\",\"width\":173,\"height\":105,\"caption\":\"Marevik O&Uuml;\"},\"image\":{\"@id\":\"https:\/\/marevik.ee\/test\/#\/schema\/logo\/image\/\"}}]}<\/script>\n<!-- \/ Yoast SEO plugin. -->","yoast_head_json":{"title":"Bernette 05 Crafter - Marevik O&Uuml;","description":"Bernette 05 Crarter on kiire mootoriga, tugev ja kindel mehaaniline \u00f5mblusmasin, hobi\u00f5mbleja vajadustele. Masinal on 30 erinevat \u00f5mblusoperatsiooni, sealhulgas t\u00e4isautomaatne n\u00f6\u00f6paugu\u00f5mblus ja n.n. overlok\u00f5mblus","robots":{"index":"index","follow":"follow","max-snippet":"max-snippet:-1","max-image-preview":"max-image-preview:large","max-video-preview":"max-video-preview:-1"},"canonical":"https:\/\/marevik.ee\/test\/toode\/bernette-05-crafter\/","og_locale":"en_US","og_type":"article","og_title":"Bernette 05 Crafter - Marevik O&Uuml;","og_description":"Bernette 05 Crarter on kiire mootoriga, tugev ja kindel mehaaniline \u00f5mblusmasin, hobi\u00f5mbleja vajadustele. Masinal on 30 erinevat \u00f5mblusoperatsiooni, sealhulgas t\u00e4isautomaatne n\u00f6\u00f6paugu\u00f5mblus ja n.n. overlok\u00f5mblus","og_url":"https:\/\/marevik.ee\/test\/toode\/bernette-05-crafter\/","og_site_name":"Marevik O&Uuml;","article_modified_time":"2023-02-14T09:07:27+00:00","og_image":[{"width":500,"height":500,"url":"https:\/\/marevik.ee\/test\/wp-content\/uploads\/2022\/07\/Bernette-05-Crafter.jpg","type":"image\/jpeg"}],"twitter_card":"summary_large_image","schema":{"@context":"https:\/\/schema.org","@graph":[{"@type":"WebPage","@id":"https:\/\/marevik.ee\/test\/toode\/bernette-05-crafter\/","url":"https:\/\/marevik.ee\/test\/toode\/bernette-05-crafter\/","name":"Bernette 05 Crafter - Marevik O&Uuml;","isPartOf":{"@id":"https:\/\/marevik.ee\/test\/#website"},"primaryImageOfPage":{"@id":"https:\/\/marevik.ee\/test\/toode\/bernette-05-crafter\/#primaryimage"},"image":{"@id":"https:\/\/marevik.ee\/test\/toode\/bernette-05-crafter\/#primaryimage"},"thumbnailUrl":"https:\/\/marevik.ee\/test\/wp-content\/uploads\/2022\/07\/Bernette-05-Crafter.jpg","datePublished":"2022-07-12T10:27:31+00:00","dateModified":"2023-02-14T09:07:27+00:00","description":"Bernette 05 Crarter on kiire mootoriga, tugev ja kindel mehaaniline \u00f5mblusmasin, hobi\u00f5mbleja vajadustele. Masinal on 30 erinevat \u00f5mblusoperatsiooni, sealhulgas t\u00e4isautomaatne n\u00f6\u00f6paugu\u00f5mblus ja n.n. overlok\u00f5mblus","breadcrumb":{"@id":"https:\/\/marevik.ee\/test\/toode\/bernette-05-crafter\/#breadcrumb"},"inLanguage":"en","potentialAction":[{"@type":"ReadAction","target":["https:\/\/marevik.ee\/test\/toode\/bernette-05-crafter\/"]}]},{"@type":"ImageObject","inLanguage":"en","@id":"https:\/\/marevik.ee\/test\/toode\/bernette-05-crafter\/#primaryimage","url":"https:\/\/marevik.ee\/test\/wp-content\/uploads\/2022\/07\/Bernette-05-Crafter.jpg","contentUrl":"https:\/\/marevik.ee\/test\/wp-content\/uploads\/2022\/07\/Bernette-05-Crafter.jpg","width":500,"height":500},{"@type":"BreadcrumbList","@id":"https:\/\/marevik.ee\/test\/toode\/bernette-05-crafter\/#breadcrumb","itemListElement":[{"@type":"ListItem","position":1,"name":"Home","item":"https:\/\/marevik.ee\/test\/"},{"@type":"ListItem","position":2,"name":"E-POOD","item":"https:\/\/marevik.ee\/test\/epood\/"},{"@type":"ListItem","position":3,"name":"Bernette 05 Crafter"}]},{"@type":"WebSite","@id":"https:\/\/marevik.ee\/test\/#website","url":"https:\/\/marevik.ee\/test\/","name":"Marevik O&Uuml;","description":"&Otilde;mblusmasina asjatundja","publisher":{"@id":"https:\/\/marevik.ee\/test\/#organization"},"potentialAction":[{"@type":"SearchAction","target":{"@type":"EntryPoint","urlTemplate":"https:\/\/marevik.ee\/test\/?s={search_term_string}"},"query-input":{"@type":"PropertyValueSpecification","valueRequired":true,"valueName":"search_term_string"}}],"inLanguage":"en"},{"@type":"Organization","@id":"https:\/\/marevik.ee\/test\/#organization","name":"Marevik O&Uuml;","url":"https:\/\/marevik.ee\/test\/","logo":{"@type":"ImageObject","inLanguage":"en","@id":"https:\/\/marevik.ee\/test\/#\/schema\/logo\/image\/","url":"https:\/\/marevik.ee\/test\/wp-content\/uploads\/2020\/02\/mblusmasina-asjatundja-1994_173x105_veebi_v-ike.jpg","contentUrl":"https:\/\/marevik.ee\/test\/wp-content\/uploads\/2020\/02\/mblusmasina-asjatundja-1994_173x105_veebi_v-ike.jpg","width":173,"height":105,"caption":"Marevik O&Uuml;"},"image":{"@id":"https:\/\/marevik.ee\/test\/#\/schema\/logo\/image\/"}}]}},"_links":{"self":[{"href":"https:\/\/marevik.ee\/test\/wp-json\/wp\/v2\/product\/14588","targetHints":{"allow":["GET"]}}],"collection":[{"href":"https:\/\/marevik.ee\/test\/wp-json\/wp\/v2\/product"}],"about":[{"href":"https:\/\/marevik.ee\/test\/wp-json\/wp\/v2\/types\/product"}],"wp:featuredmedia":[{"embeddable":true,"href":"https:\/\/marevik.ee\/test\/wp-json\/wp\/v2\/media\/14590"}],"wp:attachment":[{"href":"https:\/\/marevik.ee\/test\/wp-json\/wp\/v2\/media?parent=14588"}],"wp:term":[{"taxonomy":"product_brand","embeddable":true,"href":"https:\/\/marevik.ee\/test\/wp-json\/wp\/v2\/product_brand?post=14588"},{"taxonomy":"product_cat","embeddable":true,"href":"https:\/\/marevik.ee\/test\/wp-json\/wp\/v2\/product_cat?post=14588"},{"taxonomy":"product_tag","embeddable":true,"href":"https:\/\/marevik.ee\/test\/wp-json\/wp\/v2\/product_tag?post=14588"}],"curies":[{"name":"wp","href":"https:\/\/api.w.org\/{rel}","templated":true}]}}