{"id":14598,"date":"2022-07-13T12:04:30","date_gmt":"2022-07-13T12:04:30","guid":{"rendered":"https:\/\/marevik.ee\/test\/?post_type=product&#038;p=14598"},"modified":"2025-05-29T08:20:21","modified_gmt":"2025-05-29T08:20:21","slug":"bernina-480","status":"publish","type":"product","link":"https:\/\/marevik.ee\/test\/toode\/bernina-480\/","title":{"rendered":"Bernina 480"},"content":{"rendered":"<p>\u00d5mbluskiirus kuni 900 pistet minutis<br \/>\nMasinal on kokku 994 \u00f5mblusoperatsiooni, sisaldab ka t\u00e4hestikku ja numbreid (5 fonti)<br \/>\n40 tava\u00f5mblust<br \/>\n250 kaunistus\u00f5mblust<br \/>\n21 ristpiste \u00f5mblust<br \/>\n11 erinevat n\u00f6\u00f6pauguvarianti<br \/>\nProjektide m\u00e4llu salvestamise v\u00f5imalus<br \/>\nV\u00e4rviline 4,3 tolline puuteekraan<br \/>\nT\u00f6\u00f6laua valgustus, 8 LED lampi<br \/>\nPiste laius kuni 9 mm<br \/>\nPiste pikkus kuni 6mm<br \/>\n11 erinevat n\u00f5elaasendit<br \/>\nN\u00f5elasilma kiirniidistaja<br \/>\nPressjala surve reguleerimise v\u00f5imalus<br \/>\nPedaalita \u00f5mblemise v\u00f5imalus<br \/>\nUSB sisend<br \/>\nElektrooniline niidil\u00f5ikus<br \/>\nN\u00f5elastopp \u00fcleval v\u00f5i all<br \/>\nV\u00f5imaldab poolida \u00f5mblemisega samal ajal<br \/>\nMasina kaal 9,5kg<\/p>\n","protected":false},"excerpt":{"rendered":"<p>Bernina 480 on m\u00f5eldud \u00f5mblejale, kes teeb lisaks v\u00e4lja\u00f5mblemisele ka vabak\u00e4etepinguid ja lapitehnika projektide. 4,3\u201c v\u00e4rviline puuteekraan, elektrooniline niidil\u00f5ikus, multifunktsionaalne pedaal ja 70% rohkem mahutav pool on vaid v\u00e4ike loetelu masina headest omadustest. K\u00f5rget kvaliteeti pakkuv Bernina on taaskord m\u00e4rki tabanud ja pakub taas unustamatut \u00f5mblusnaudingut.<\/p>\n","protected":false},"featured_media":14599,"template":"","meta":{"site-sidebar-layout":"default","site-content-layout":"default","ast-site-content-layout":"","site-content-style":"default","site-sidebar-style":"default","ast-global-header-display":"","ast-banner-title-visibility":"","ast-main-header-display":"","ast-hfb-above-header-display":"","ast-hfb-below-header-display":"","ast-hfb-mobile-header-display":"","site-post-title":"","ast-breadcrumbs-content":"","ast-featured-img":"","footer-sml-layout":"","theme-transparent-header-meta":"default","adv-header-id-meta":"","stick-header-meta":"","header-above-stick-meta":"","header-main-stick-meta":"","header-below-stick-meta":"","astra-migrate-meta-layouts":"default","ast-page-background-enabled":"default","ast-page-background-meta":{"desktop":{"background-color":"","background-image":"","background-repeat":"repeat","background-position":"center center","background-size":"auto","background-attachment":"scroll","background-type":"","background-media":"","overlay-type":"","overlay-color":"","overlay-opacity":"","overlay-gradient":""},"tablet":{"background-color":"","background-image":"","background-repeat":"repeat","background-position":"center center","background-size":"auto","background-attachment":"scroll","background-type":"","background-media":"","overlay-type":"","overlay-color":"","overlay-opacity":"","overlay-gradient":""},"mobile":{"background-color":"","background-image":"","background-repeat":"repeat","background-position":"center center","background-size":"auto","background-attachment":"scroll","background-type":"","background-media":"","overlay-type":"","overlay-color":"","overlay-opacity":"","overlay-gradient":""}},"ast-content-background-meta":{"desktop":{"background-color":"var(--ast-global-color-5)","background-image":"","background-repeat":"repeat","background-position":"center center","background-size":"auto","background-attachment":"scroll","background-type":"","background-media":"","overlay-type":"","overlay-color":"","overlay-opacity":"","overlay-gradient":""},"tablet":{"background-color":"var(--ast-global-color-5)","background-image":"","background-repeat":"repeat","background-position":"center center","background-size":"auto","background-attachment":"scroll","background-type":"","background-media":"","overlay-type":"","overlay-color":"","overlay-opacity":"","overlay-gradient":""},"mobile":{"background-color":"var(--ast-global-color-5)","background-image":"","background-repeat":"repeat","background-position":"center center","background-size":"auto","background-attachment":"scroll","background-type":"","background-media":"","overlay-type":"","overlay-color":"","overlay-opacity":"","overlay-gradient":""}}},"product_brand":[],"product_cat":[62,60],"product_tag":[108],"class_list":{"0":"post-14598","1":"product","2":"type-product","3":"status-publish","4":"has-post-thumbnail","6":"product_cat-bernina","7":"product_cat-omblusmasinad","8":"product_tag-bernina","9":"desktop-align-left","10":"tablet-align-left","11":"mobile-align-left","13":"first","14":"instock","15":"taxable","16":"shipping-taxable","17":"purchasable","18":"product-type-simple"},"yoast_head":"<!-- This site is optimized with the Yoast SEO plugin v26.1.1 - https:\/\/yoast.com\/wordpress\/plugins\/seo\/ -->\n<title>Bernina 480 - Marevik O&Uuml;<\/title>\n<meta name=\"description\" content=\"Bernina 480 on m\u00f5eldud \u00f5mblejale, kes teeb lisaks v\u00e4lja\u00f5mblemisele ka vabak\u00e4etepinguid ja lapitehnika projektide. 4,3\u201c v\u00e4rviline puuteekraan, elektrooniline niidil\u00f5ikus, multifunktsionaalne pedaal ja 70% rohkem mahutav pool on vaid v\u00e4ike loetelu masina headest omadustest. K\u00f5rget kvaliteeti pakkuv Bernina on taaskord m\u00e4rki tabanud ja pakub taas unustamatut \u00f5mblusnaudingut.\" \/>\n<meta name=\"robots\" content=\"index, follow, max-snippet:-1, max-image-preview:large, max-video-preview:-1\" \/>\n<link rel=\"canonical\" href=\"https:\/\/marevik.ee\/test\/toode\/bernina-480\/\" \/>\n<meta property=\"og:locale\" content=\"en_US\" \/>\n<meta property=\"og:type\" content=\"article\" \/>\n<meta property=\"og:title\" content=\"Bernina 480 - Marevik O&Uuml;\" \/>\n<meta property=\"og:description\" content=\"Bernina 480 on m\u00f5eldud \u00f5mblejale, kes teeb lisaks v\u00e4lja\u00f5mblemisele ka vabak\u00e4etepinguid ja lapitehnika projektide. 4,3\u201c v\u00e4rviline puuteekraan, elektrooniline niidil\u00f5ikus, multifunktsionaalne pedaal ja 70% rohkem mahutav pool on vaid v\u00e4ike loetelu masina headest omadustest. K\u00f5rget kvaliteeti pakkuv Bernina on taaskord m\u00e4rki tabanud ja pakub taas unustamatut \u00f5mblusnaudingut.\" \/>\n<meta property=\"og:url\" content=\"https:\/\/marevik.ee\/test\/toode\/bernina-480\/\" \/>\n<meta property=\"og:site_name\" content=\"Marevik O&Uuml;\" \/>\n<meta property=\"article:modified_time\" content=\"2025-05-29T08:20:21+00:00\" \/>\n<meta property=\"og:image\" content=\"https:\/\/marevik.ee\/test\/wp-content\/uploads\/2022\/07\/Bernina-480.jpeg\" \/>\n\t<meta property=\"og:image:width\" content=\"500\" \/>\n\t<meta property=\"og:image:height\" content=\"500\" \/>\n\t<meta property=\"og:image:type\" content=\"image\/jpeg\" \/>\n<meta name=\"twitter:card\" content=\"summary_large_image\" \/>\n<meta name=\"twitter:label1\" content=\"Est. reading time\" \/>\n\t<meta name=\"twitter:data1\" content=\"1 minute\" \/>\n<script type=\"application\/ld+json\" class=\"yoast-schema-graph\">{\"@context\":\"https:\/\/schema.org\",\"@graph\":[{\"@type\":\"WebPage\",\"@id\":\"https:\/\/marevik.ee\/test\/toode\/bernina-480\/\",\"url\":\"https:\/\/marevik.ee\/test\/toode\/bernina-480\/\",\"name\":\"Bernina 480 - Marevik O&Uuml;\",\"isPartOf\":{\"@id\":\"https:\/\/marevik.ee\/test\/#website\"},\"primaryImageOfPage\":{\"@id\":\"https:\/\/marevik.ee\/test\/toode\/bernina-480\/#primaryimage\"},\"image\":{\"@id\":\"https:\/\/marevik.ee\/test\/toode\/bernina-480\/#primaryimage\"},\"thumbnailUrl\":\"https:\/\/marevik.ee\/test\/wp-content\/uploads\/2022\/07\/Bernina-480.jpeg\",\"datePublished\":\"2022-07-13T12:04:30+00:00\",\"dateModified\":\"2025-05-29T08:20:21+00:00\",\"description\":\"Bernina 480 on m\u00f5eldud \u00f5mblejale, kes teeb lisaks v\u00e4lja\u00f5mblemisele ka vabak\u00e4etepinguid ja lapitehnika projektide. 4,3\u201c v\u00e4rviline puuteekraan, elektrooniline niidil\u00f5ikus, multifunktsionaalne pedaal ja 70% rohkem mahutav pool on vaid v\u00e4ike loetelu masina headest omadustest. K\u00f5rget kvaliteeti pakkuv Bernina on taaskord m\u00e4rki tabanud ja pakub taas unustamatut \u00f5mblusnaudingut.\",\"breadcrumb\":{\"@id\":\"https:\/\/marevik.ee\/test\/toode\/bernina-480\/#breadcrumb\"},\"inLanguage\":\"en\",\"potentialAction\":[{\"@type\":\"ReadAction\",\"target\":[\"https:\/\/marevik.ee\/test\/toode\/bernina-480\/\"]}]},{\"@type\":\"ImageObject\",\"inLanguage\":\"en\",\"@id\":\"https:\/\/marevik.ee\/test\/toode\/bernina-480\/#primaryimage\",\"url\":\"https:\/\/marevik.ee\/test\/wp-content\/uploads\/2022\/07\/Bernina-480.jpeg\",\"contentUrl\":\"https:\/\/marevik.ee\/test\/wp-content\/uploads\/2022\/07\/Bernina-480.jpeg\",\"width\":500,\"height\":500},{\"@type\":\"BreadcrumbList\",\"@id\":\"https:\/\/marevik.ee\/test\/toode\/bernina-480\/#breadcrumb\",\"itemListElement\":[{\"@type\":\"ListItem\",\"position\":1,\"name\":\"Home\",\"item\":\"https:\/\/marevik.ee\/test\/\"},{\"@type\":\"ListItem\",\"position\":2,\"name\":\"E-POOD\",\"item\":\"https:\/\/marevik.ee\/test\/epood\/\"},{\"@type\":\"ListItem\",\"position\":3,\"name\":\"Bernina 480\"}]},{\"@type\":\"WebSite\",\"@id\":\"https:\/\/marevik.ee\/test\/#website\",\"url\":\"https:\/\/marevik.ee\/test\/\",\"name\":\"Marevik O&Uuml;\",\"description\":\"&Otilde;mblusmasina asjatundja\",\"publisher\":{\"@id\":\"https:\/\/marevik.ee\/test\/#organization\"},\"potentialAction\":[{\"@type\":\"SearchAction\",\"target\":{\"@type\":\"EntryPoint\",\"urlTemplate\":\"https:\/\/marevik.ee\/test\/?s={search_term_string}\"},\"query-input\":{\"@type\":\"PropertyValueSpecification\",\"valueRequired\":true,\"valueName\":\"search_term_string\"}}],\"inLanguage\":\"en\"},{\"@type\":\"Organization\",\"@id\":\"https:\/\/marevik.ee\/test\/#organization\",\"name\":\"Marevik O&Uuml;\",\"url\":\"https:\/\/marevik.ee\/test\/\",\"logo\":{\"@type\":\"ImageObject\",\"inLanguage\":\"en\",\"@id\":\"https:\/\/marevik.ee\/test\/#\/schema\/logo\/image\/\",\"url\":\"https:\/\/marevik.ee\/test\/wp-content\/uploads\/2020\/02\/mblusmasina-asjatundja-1994_173x105_veebi_v-ike.jpg\",\"contentUrl\":\"https:\/\/marevik.ee\/test\/wp-content\/uploads\/2020\/02\/mblusmasina-asjatundja-1994_173x105_veebi_v-ike.jpg\",\"width\":173,\"height\":105,\"caption\":\"Marevik O&Uuml;\"},\"image\":{\"@id\":\"https:\/\/marevik.ee\/test\/#\/schema\/logo\/image\/\"}}]}<\/script>\n<!-- \/ Yoast SEO plugin. -->","yoast_head_json":{"title":"Bernina 480 - Marevik O&Uuml;","description":"Bernina 480 on m\u00f5eldud \u00f5mblejale, kes teeb lisaks v\u00e4lja\u00f5mblemisele ka vabak\u00e4etepinguid ja lapitehnika projektide. 4,3\u201c v\u00e4rviline puuteekraan, elektrooniline niidil\u00f5ikus, multifunktsionaalne pedaal ja 70% rohkem mahutav pool on vaid v\u00e4ike loetelu masina headest omadustest. K\u00f5rget kvaliteeti pakkuv Bernina on taaskord m\u00e4rki tabanud ja pakub taas unustamatut \u00f5mblusnaudingut.","robots":{"index":"index","follow":"follow","max-snippet":"max-snippet:-1","max-image-preview":"max-image-preview:large","max-video-preview":"max-video-preview:-1"},"canonical":"https:\/\/marevik.ee\/test\/toode\/bernina-480\/","og_locale":"en_US","og_type":"article","og_title":"Bernina 480 - Marevik O&Uuml;","og_description":"Bernina 480 on m\u00f5eldud \u00f5mblejale, kes teeb lisaks v\u00e4lja\u00f5mblemisele ka vabak\u00e4etepinguid ja lapitehnika projektide. 4,3\u201c v\u00e4rviline puuteekraan, elektrooniline niidil\u00f5ikus, multifunktsionaalne pedaal ja 70% rohkem mahutav pool on vaid v\u00e4ike loetelu masina headest omadustest. K\u00f5rget kvaliteeti pakkuv Bernina on taaskord m\u00e4rki tabanud ja pakub taas unustamatut \u00f5mblusnaudingut.","og_url":"https:\/\/marevik.ee\/test\/toode\/bernina-480\/","og_site_name":"Marevik O&Uuml;","article_modified_time":"2025-05-29T08:20:21+00:00","og_image":[{"width":500,"height":500,"url":"https:\/\/marevik.ee\/test\/wp-content\/uploads\/2022\/07\/Bernina-480.jpeg","type":"image\/jpeg"}],"twitter_card":"summary_large_image","twitter_misc":{"Est. reading time":"1 minute"},"schema":{"@context":"https:\/\/schema.org","@graph":[{"@type":"WebPage","@id":"https:\/\/marevik.ee\/test\/toode\/bernina-480\/","url":"https:\/\/marevik.ee\/test\/toode\/bernina-480\/","name":"Bernina 480 - Marevik O&Uuml;","isPartOf":{"@id":"https:\/\/marevik.ee\/test\/#website"},"primaryImageOfPage":{"@id":"https:\/\/marevik.ee\/test\/toode\/bernina-480\/#primaryimage"},"image":{"@id":"https:\/\/marevik.ee\/test\/toode\/bernina-480\/#primaryimage"},"thumbnailUrl":"https:\/\/marevik.ee\/test\/wp-content\/uploads\/2022\/07\/Bernina-480.jpeg","datePublished":"2022-07-13T12:04:30+00:00","dateModified":"2025-05-29T08:20:21+00:00","description":"Bernina 480 on m\u00f5eldud \u00f5mblejale, kes teeb lisaks v\u00e4lja\u00f5mblemisele ka vabak\u00e4etepinguid ja lapitehnika projektide. 4,3\u201c v\u00e4rviline puuteekraan, elektrooniline niidil\u00f5ikus, multifunktsionaalne pedaal ja 70% rohkem mahutav pool on vaid v\u00e4ike loetelu masina headest omadustest. K\u00f5rget kvaliteeti pakkuv Bernina on taaskord m\u00e4rki tabanud ja pakub taas unustamatut \u00f5mblusnaudingut.","breadcrumb":{"@id":"https:\/\/marevik.ee\/test\/toode\/bernina-480\/#breadcrumb"},"inLanguage":"en","potentialAction":[{"@type":"ReadAction","target":["https:\/\/marevik.ee\/test\/toode\/bernina-480\/"]}]},{"@type":"ImageObject","inLanguage":"en","@id":"https:\/\/marevik.ee\/test\/toode\/bernina-480\/#primaryimage","url":"https:\/\/marevik.ee\/test\/wp-content\/uploads\/2022\/07\/Bernina-480.jpeg","contentUrl":"https:\/\/marevik.ee\/test\/wp-content\/uploads\/2022\/07\/Bernina-480.jpeg","width":500,"height":500},{"@type":"BreadcrumbList","@id":"https:\/\/marevik.ee\/test\/toode\/bernina-480\/#breadcrumb","itemListElement":[{"@type":"ListItem","position":1,"name":"Home","item":"https:\/\/marevik.ee\/test\/"},{"@type":"ListItem","position":2,"name":"E-POOD","item":"https:\/\/marevik.ee\/test\/epood\/"},{"@type":"ListItem","position":3,"name":"Bernina 480"}]},{"@type":"WebSite","@id":"https:\/\/marevik.ee\/test\/#website","url":"https:\/\/marevik.ee\/test\/","name":"Marevik O&Uuml;","description":"&Otilde;mblusmasina asjatundja","publisher":{"@id":"https:\/\/marevik.ee\/test\/#organization"},"potentialAction":[{"@type":"SearchAction","target":{"@type":"EntryPoint","urlTemplate":"https:\/\/marevik.ee\/test\/?s={search_term_string}"},"query-input":{"@type":"PropertyValueSpecification","valueRequired":true,"valueName":"search_term_string"}}],"inLanguage":"en"},{"@type":"Organization","@id":"https:\/\/marevik.ee\/test\/#organization","name":"Marevik O&Uuml;","url":"https:\/\/marevik.ee\/test\/","logo":{"@type":"ImageObject","inLanguage":"en","@id":"https:\/\/marevik.ee\/test\/#\/schema\/logo\/image\/","url":"https:\/\/marevik.ee\/test\/wp-content\/uploads\/2020\/02\/mblusmasina-asjatundja-1994_173x105_veebi_v-ike.jpg","contentUrl":"https:\/\/marevik.ee\/test\/wp-content\/uploads\/2020\/02\/mblusmasina-asjatundja-1994_173x105_veebi_v-ike.jpg","width":173,"height":105,"caption":"Marevik O&Uuml;"},"image":{"@id":"https:\/\/marevik.ee\/test\/#\/schema\/logo\/image\/"}}]}},"_links":{"self":[{"href":"https:\/\/marevik.ee\/test\/wp-json\/wp\/v2\/product\/14598","targetHints":{"allow":["GET"]}}],"collection":[{"href":"https:\/\/marevik.ee\/test\/wp-json\/wp\/v2\/product"}],"about":[{"href":"https:\/\/marevik.ee\/test\/wp-json\/wp\/v2\/types\/product"}],"wp:featuredmedia":[{"embeddable":true,"href":"https:\/\/marevik.ee\/test\/wp-json\/wp\/v2\/media\/14599"}],"wp:attachment":[{"href":"https:\/\/marevik.ee\/test\/wp-json\/wp\/v2\/media?parent=14598"}],"wp:term":[{"taxonomy":"product_brand","embeddable":true,"href":"https:\/\/marevik.ee\/test\/wp-json\/wp\/v2\/product_brand?post=14598"},{"taxonomy":"product_cat","embeddable":true,"href":"https:\/\/marevik.ee\/test\/wp-json\/wp\/v2\/product_cat?post=14598"},{"taxonomy":"product_tag","embeddable":true,"href":"https:\/\/marevik.ee\/test\/wp-json\/wp\/v2\/product_tag?post=14598"}],"curies":[{"name":"wp","href":"https:\/\/api.w.org\/{rel}","templated":true}]}}