{"id":14706,"date":"2022-09-01T10:26:56","date_gmt":"2022-09-01T10:26:56","guid":{"rendered":"https:\/\/marevik.ee\/test\/?post_type=product&#038;p=14706"},"modified":"2024-11-21T12:40:35","modified_gmt":"2024-11-21T12:40:35","slug":"tikkimisniitide-komplekt-rayon-madeira-42tk","status":"publish","type":"product","link":"https:\/\/marevik.ee\/test\/toode\/tikkimisniitide-komplekt-rayon-madeira-42tk\/","title":{"rendered":"Tikkimisniitide komplekt Rayon Madeira 42tk"},"content":{"rendered":"","protected":false},"excerpt":{"rendered":"<p>K\u00f5rge kvaliteediga viskoosist valmistatud tikkimisniidid. 42 erinevat v\u00e4rvi, kus iga rull sisaldab 1000m tikkimisniiti. Suurep\u00e4rased v\u00e4rvid ja siidine l\u00e4ige. K\u00f5vast ja l\u00e4bipaistvast plastikust s\u00e4ilituskarp hoiab niidid kaunilt ja turvaliselt t\u00f6\u00f6laual. Sobib ideaalselt masinaga kaasa osta, et alustada oma projekte.  Sobib k\u00f5ikidele \u00f5mblusmasinatele ja tikkimismasinatele. <\/p>\n","protected":false},"featured_media":14707,"template":"","meta":{"site-sidebar-layout":"default","site-content-layout":"default","ast-site-content-layout":"","site-content-style":"default","site-sidebar-style":"default","ast-global-header-display":"","ast-banner-title-visibility":"","ast-main-header-display":"","ast-hfb-above-header-display":"","ast-hfb-below-header-display":"","ast-hfb-mobile-header-display":"","site-post-title":"","ast-breadcrumbs-content":"","ast-featured-img":"","footer-sml-layout":"","theme-transparent-header-meta":"default","adv-header-id-meta":"","stick-header-meta":"","header-above-stick-meta":"","header-main-stick-meta":"","header-below-stick-meta":"","astra-migrate-meta-layouts":"default","ast-page-background-enabled":"default","ast-page-background-meta":{"desktop":{"background-color":"","background-image":"","background-repeat":"repeat","background-position":"center center","background-size":"auto","background-attachment":"scroll","background-type":"","background-media":"","overlay-type":"","overlay-color":"","overlay-opacity":"","overlay-gradient":""},"tablet":{"background-color":"","background-image":"","background-repeat":"repeat","background-position":"center center","background-size":"auto","background-attachment":"scroll","background-type":"","background-media":"","overlay-type":"","overlay-color":"","overlay-opacity":"","overlay-gradient":""},"mobile":{"background-color":"","background-image":"","background-repeat":"repeat","background-position":"center center","background-size":"auto","background-attachment":"scroll","background-type":"","background-media":"","overlay-type":"","overlay-color":"","overlay-opacity":"","overlay-gradient":""}},"ast-content-background-meta":{"desktop":{"background-color":"var(--ast-global-color-5)","background-image":"","background-repeat":"repeat","background-position":"center center","background-size":"auto","background-attachment":"scroll","background-type":"","background-media":"","overlay-type":"","overlay-color":"","overlay-opacity":"","overlay-gradient":""},"tablet":{"background-color":"var(--ast-global-color-5)","background-image":"","background-repeat":"repeat","background-position":"center center","background-size":"auto","background-attachment":"scroll","background-type":"","background-media":"","overlay-type":"","overlay-color":"","overlay-opacity":"","overlay-gradient":""},"mobile":{"background-color":"var(--ast-global-color-5)","background-image":"","background-repeat":"repeat","background-position":"center center","background-size":"auto","background-attachment":"scroll","background-type":"","background-media":"","overlay-type":"","overlay-color":"","overlay-opacity":"","overlay-gradient":""}}},"product_brand":[],"product_cat":[66,80],"product_tag":[],"class_list":{"0":"post-14706","1":"product","2":"type-product","3":"status-publish","4":"has-post-thumbnail","6":"product_cat-lisatarvikud","7":"product_cat-niidid","8":"desktop-align-left","9":"tablet-align-left","10":"mobile-align-left","12":"first","13":"instock","14":"taxable","15":"shipping-taxable","16":"purchasable","17":"product-type-simple"},"yoast_head":"<!-- This site is optimized with the Yoast SEO plugin v26.1.1 - https:\/\/yoast.com\/wordpress\/plugins\/seo\/ -->\n<title>Tikkimisniitide komplekt Rayon Madeira 42tk - Marevik O&Uuml;<\/title>\n<meta name=\"description\" content=\"K\u00f5rge kvaliteediga viskoosist valmistatud tikkimisniidid. 42 erinevat v\u00e4rvi, kus iga rull sisaldab 1000m tikkimisniiti. Suurep\u00e4rased v\u00e4rvid ja siidine l\u00e4ige.\" \/>\n<meta name=\"robots\" content=\"index, follow, max-snippet:-1, max-image-preview:large, max-video-preview:-1\" \/>\n<link rel=\"canonical\" href=\"https:\/\/marevik.ee\/test\/toode\/tikkimisniitide-komplekt-rayon-madeira-42tk\/\" \/>\n<meta property=\"og:locale\" content=\"en_US\" \/>\n<meta property=\"og:type\" content=\"article\" \/>\n<meta property=\"og:title\" content=\"Tikkimisniitide komplekt Rayon Madeira 42tk - Marevik O&Uuml;\" \/>\n<meta property=\"og:description\" content=\"K\u00f5rge kvaliteediga viskoosist valmistatud tikkimisniidid. 42 erinevat v\u00e4rvi, kus iga rull sisaldab 1000m tikkimisniiti. Suurep\u00e4rased v\u00e4rvid ja siidine l\u00e4ige.\" \/>\n<meta property=\"og:url\" content=\"https:\/\/marevik.ee\/test\/toode\/tikkimisniitide-komplekt-rayon-madeira-42tk\/\" \/>\n<meta property=\"og:site_name\" content=\"Marevik O&Uuml;\" \/>\n<meta property=\"article:modified_time\" content=\"2024-11-21T12:40:35+00:00\" \/>\n<meta property=\"og:image\" content=\"https:\/\/marevik.ee\/test\/wp-content\/uploads\/2022\/09\/Tikkimisniidid_Rayon_No40_Softbox.jpg\" \/>\n\t<meta property=\"og:image:width\" content=\"500\" \/>\n\t<meta property=\"og:image:height\" content=\"760\" \/>\n\t<meta property=\"og:image:type\" content=\"image\/jpeg\" \/>\n<meta name=\"twitter:card\" content=\"summary_large_image\" \/>\n<meta name=\"twitter:label1\" content=\"Est. reading time\" \/>\n\t<meta name=\"twitter:data1\" content=\"1 minute\" \/>\n<script type=\"application\/ld+json\" class=\"yoast-schema-graph\">{\"@context\":\"https:\/\/schema.org\",\"@graph\":[{\"@type\":\"WebPage\",\"@id\":\"https:\/\/marevik.ee\/test\/toode\/tikkimisniitide-komplekt-rayon-madeira-42tk\/\",\"url\":\"https:\/\/marevik.ee\/test\/toode\/tikkimisniitide-komplekt-rayon-madeira-42tk\/\",\"name\":\"Tikkimisniitide komplekt Rayon Madeira 42tk - Marevik O&Uuml;\",\"isPartOf\":{\"@id\":\"https:\/\/marevik.ee\/test\/#website\"},\"primaryImageOfPage\":{\"@id\":\"https:\/\/marevik.ee\/test\/toode\/tikkimisniitide-komplekt-rayon-madeira-42tk\/#primaryimage\"},\"image\":{\"@id\":\"https:\/\/marevik.ee\/test\/toode\/tikkimisniitide-komplekt-rayon-madeira-42tk\/#primaryimage\"},\"thumbnailUrl\":\"https:\/\/marevik.ee\/test\/wp-content\/uploads\/2022\/09\/Tikkimisniidid_Rayon_No40_Softbox.jpg\",\"datePublished\":\"2022-09-01T10:26:56+00:00\",\"dateModified\":\"2024-11-21T12:40:35+00:00\",\"description\":\"K\u00f5rge kvaliteediga viskoosist valmistatud tikkimisniidid. 42 erinevat v\u00e4rvi, kus iga rull sisaldab 1000m tikkimisniiti. Suurep\u00e4rased v\u00e4rvid ja siidine l\u00e4ige.\",\"breadcrumb\":{\"@id\":\"https:\/\/marevik.ee\/test\/toode\/tikkimisniitide-komplekt-rayon-madeira-42tk\/#breadcrumb\"},\"inLanguage\":\"en\",\"potentialAction\":[{\"@type\":\"ReadAction\",\"target\":[\"https:\/\/marevik.ee\/test\/toode\/tikkimisniitide-komplekt-rayon-madeira-42tk\/\"]}]},{\"@type\":\"ImageObject\",\"inLanguage\":\"en\",\"@id\":\"https:\/\/marevik.ee\/test\/toode\/tikkimisniitide-komplekt-rayon-madeira-42tk\/#primaryimage\",\"url\":\"https:\/\/marevik.ee\/test\/wp-content\/uploads\/2022\/09\/Tikkimisniidid_Rayon_No40_Softbox.jpg\",\"contentUrl\":\"https:\/\/marevik.ee\/test\/wp-content\/uploads\/2022\/09\/Tikkimisniidid_Rayon_No40_Softbox.jpg\",\"width\":500,\"height\":760},{\"@type\":\"BreadcrumbList\",\"@id\":\"https:\/\/marevik.ee\/test\/toode\/tikkimisniitide-komplekt-rayon-madeira-42tk\/#breadcrumb\",\"itemListElement\":[{\"@type\":\"ListItem\",\"position\":1,\"name\":\"Home\",\"item\":\"https:\/\/marevik.ee\/test\/\"},{\"@type\":\"ListItem\",\"position\":2,\"name\":\"E-POOD\",\"item\":\"https:\/\/marevik.ee\/test\/epood\/\"},{\"@type\":\"ListItem\",\"position\":3,\"name\":\"Tikkimisniitide komplekt Rayon Madeira 42tk\"}]},{\"@type\":\"WebSite\",\"@id\":\"https:\/\/marevik.ee\/test\/#website\",\"url\":\"https:\/\/marevik.ee\/test\/\",\"name\":\"Marevik O&Uuml;\",\"description\":\"&Otilde;mblusmasina asjatundja\",\"publisher\":{\"@id\":\"https:\/\/marevik.ee\/test\/#organization\"},\"potentialAction\":[{\"@type\":\"SearchAction\",\"target\":{\"@type\":\"EntryPoint\",\"urlTemplate\":\"https:\/\/marevik.ee\/test\/?s={search_term_string}\"},\"query-input\":{\"@type\":\"PropertyValueSpecification\",\"valueRequired\":true,\"valueName\":\"search_term_string\"}}],\"inLanguage\":\"en\"},{\"@type\":\"Organization\",\"@id\":\"https:\/\/marevik.ee\/test\/#organization\",\"name\":\"Marevik O&Uuml;\",\"url\":\"https:\/\/marevik.ee\/test\/\",\"logo\":{\"@type\":\"ImageObject\",\"inLanguage\":\"en\",\"@id\":\"https:\/\/marevik.ee\/test\/#\/schema\/logo\/image\/\",\"url\":\"https:\/\/marevik.ee\/test\/wp-content\/uploads\/2020\/02\/mblusmasina-asjatundja-1994_173x105_veebi_v-ike.jpg\",\"contentUrl\":\"https:\/\/marevik.ee\/test\/wp-content\/uploads\/2020\/02\/mblusmasina-asjatundja-1994_173x105_veebi_v-ike.jpg\",\"width\":173,\"height\":105,\"caption\":\"Marevik O&Uuml;\"},\"image\":{\"@id\":\"https:\/\/marevik.ee\/test\/#\/schema\/logo\/image\/\"}}]}<\/script>\n<!-- \/ Yoast SEO plugin. -->","yoast_head_json":{"title":"Tikkimisniitide komplekt Rayon Madeira 42tk - Marevik O&Uuml;","description":"K\u00f5rge kvaliteediga viskoosist valmistatud tikkimisniidid. 42 erinevat v\u00e4rvi, kus iga rull sisaldab 1000m tikkimisniiti. Suurep\u00e4rased v\u00e4rvid ja siidine l\u00e4ige.","robots":{"index":"index","follow":"follow","max-snippet":"max-snippet:-1","max-image-preview":"max-image-preview:large","max-video-preview":"max-video-preview:-1"},"canonical":"https:\/\/marevik.ee\/test\/toode\/tikkimisniitide-komplekt-rayon-madeira-42tk\/","og_locale":"en_US","og_type":"article","og_title":"Tikkimisniitide komplekt Rayon Madeira 42tk - Marevik O&Uuml;","og_description":"K\u00f5rge kvaliteediga viskoosist valmistatud tikkimisniidid. 42 erinevat v\u00e4rvi, kus iga rull sisaldab 1000m tikkimisniiti. Suurep\u00e4rased v\u00e4rvid ja siidine l\u00e4ige.","og_url":"https:\/\/marevik.ee\/test\/toode\/tikkimisniitide-komplekt-rayon-madeira-42tk\/","og_site_name":"Marevik O&Uuml;","article_modified_time":"2024-11-21T12:40:35+00:00","og_image":[{"width":500,"height":760,"url":"https:\/\/marevik.ee\/test\/wp-content\/uploads\/2022\/09\/Tikkimisniidid_Rayon_No40_Softbox.jpg","type":"image\/jpeg"}],"twitter_card":"summary_large_image","twitter_misc":{"Est. reading time":"1 minute"},"schema":{"@context":"https:\/\/schema.org","@graph":[{"@type":"WebPage","@id":"https:\/\/marevik.ee\/test\/toode\/tikkimisniitide-komplekt-rayon-madeira-42tk\/","url":"https:\/\/marevik.ee\/test\/toode\/tikkimisniitide-komplekt-rayon-madeira-42tk\/","name":"Tikkimisniitide komplekt Rayon Madeira 42tk - Marevik O&Uuml;","isPartOf":{"@id":"https:\/\/marevik.ee\/test\/#website"},"primaryImageOfPage":{"@id":"https:\/\/marevik.ee\/test\/toode\/tikkimisniitide-komplekt-rayon-madeira-42tk\/#primaryimage"},"image":{"@id":"https:\/\/marevik.ee\/test\/toode\/tikkimisniitide-komplekt-rayon-madeira-42tk\/#primaryimage"},"thumbnailUrl":"https:\/\/marevik.ee\/test\/wp-content\/uploads\/2022\/09\/Tikkimisniidid_Rayon_No40_Softbox.jpg","datePublished":"2022-09-01T10:26:56+00:00","dateModified":"2024-11-21T12:40:35+00:00","description":"K\u00f5rge kvaliteediga viskoosist valmistatud tikkimisniidid. 42 erinevat v\u00e4rvi, kus iga rull sisaldab 1000m tikkimisniiti. Suurep\u00e4rased v\u00e4rvid ja siidine l\u00e4ige.","breadcrumb":{"@id":"https:\/\/marevik.ee\/test\/toode\/tikkimisniitide-komplekt-rayon-madeira-42tk\/#breadcrumb"},"inLanguage":"en","potentialAction":[{"@type":"ReadAction","target":["https:\/\/marevik.ee\/test\/toode\/tikkimisniitide-komplekt-rayon-madeira-42tk\/"]}]},{"@type":"ImageObject","inLanguage":"en","@id":"https:\/\/marevik.ee\/test\/toode\/tikkimisniitide-komplekt-rayon-madeira-42tk\/#primaryimage","url":"https:\/\/marevik.ee\/test\/wp-content\/uploads\/2022\/09\/Tikkimisniidid_Rayon_No40_Softbox.jpg","contentUrl":"https:\/\/marevik.ee\/test\/wp-content\/uploads\/2022\/09\/Tikkimisniidid_Rayon_No40_Softbox.jpg","width":500,"height":760},{"@type":"BreadcrumbList","@id":"https:\/\/marevik.ee\/test\/toode\/tikkimisniitide-komplekt-rayon-madeira-42tk\/#breadcrumb","itemListElement":[{"@type":"ListItem","position":1,"name":"Home","item":"https:\/\/marevik.ee\/test\/"},{"@type":"ListItem","position":2,"name":"E-POOD","item":"https:\/\/marevik.ee\/test\/epood\/"},{"@type":"ListItem","position":3,"name":"Tikkimisniitide komplekt Rayon Madeira 42tk"}]},{"@type":"WebSite","@id":"https:\/\/marevik.ee\/test\/#website","url":"https:\/\/marevik.ee\/test\/","name":"Marevik O&Uuml;","description":"&Otilde;mblusmasina asjatundja","publisher":{"@id":"https:\/\/marevik.ee\/test\/#organization"},"potentialAction":[{"@type":"SearchAction","target":{"@type":"EntryPoint","urlTemplate":"https:\/\/marevik.ee\/test\/?s={search_term_string}"},"query-input":{"@type":"PropertyValueSpecification","valueRequired":true,"valueName":"search_term_string"}}],"inLanguage":"en"},{"@type":"Organization","@id":"https:\/\/marevik.ee\/test\/#organization","name":"Marevik O&Uuml;","url":"https:\/\/marevik.ee\/test\/","logo":{"@type":"ImageObject","inLanguage":"en","@id":"https:\/\/marevik.ee\/test\/#\/schema\/logo\/image\/","url":"https:\/\/marevik.ee\/test\/wp-content\/uploads\/2020\/02\/mblusmasina-asjatundja-1994_173x105_veebi_v-ike.jpg","contentUrl":"https:\/\/marevik.ee\/test\/wp-content\/uploads\/2020\/02\/mblusmasina-asjatundja-1994_173x105_veebi_v-ike.jpg","width":173,"height":105,"caption":"Marevik O&Uuml;"},"image":{"@id":"https:\/\/marevik.ee\/test\/#\/schema\/logo\/image\/"}}]}},"_links":{"self":[{"href":"https:\/\/marevik.ee\/test\/wp-json\/wp\/v2\/product\/14706","targetHints":{"allow":["GET"]}}],"collection":[{"href":"https:\/\/marevik.ee\/test\/wp-json\/wp\/v2\/product"}],"about":[{"href":"https:\/\/marevik.ee\/test\/wp-json\/wp\/v2\/types\/product"}],"wp:featuredmedia":[{"embeddable":true,"href":"https:\/\/marevik.ee\/test\/wp-json\/wp\/v2\/media\/14707"}],"wp:attachment":[{"href":"https:\/\/marevik.ee\/test\/wp-json\/wp\/v2\/media?parent=14706"}],"wp:term":[{"taxonomy":"product_brand","embeddable":true,"href":"https:\/\/marevik.ee\/test\/wp-json\/wp\/v2\/product_brand?post=14706"},{"taxonomy":"product_cat","embeddable":true,"href":"https:\/\/marevik.ee\/test\/wp-json\/wp\/v2\/product_cat?post=14706"},{"taxonomy":"product_tag","embeddable":true,"href":"https:\/\/marevik.ee\/test\/wp-json\/wp\/v2\/product_tag?post=14706"}],"curies":[{"name":"wp","href":"https:\/\/api.w.org\/{rel}","templated":true}]}}