{"id":14892,"date":"2022-11-24T10:41:28","date_gmt":"2022-11-24T10:41:28","guid":{"rendered":"https:\/\/marevik.ee\/test\/?post_type=product&#038;p=14892"},"modified":"2023-03-02T11:29:14","modified_gmt":"2023-03-02T11:29:14","slug":"kinkekaart-100e","status":"publish","type":"product","link":"https:\/\/marevik.ee\/test\/toode\/kinkekaart-100e\/","title":{"rendered":"Kinkekaart 100\u20ac"},"content":{"rendered":"<p><b>KINKEKAART:<\/b><\/p>\n<ul>\n<li>on ettemaksu t\u00f5endav dokument, mis kehtib maksevahendina teenuste ja toodete eest tasumisel<span class=\"Apple-converted-space\">\u00a0 \u00a0 \u00a0 <\/span>Marevik O\u00dc kaupluses Liivalaia 42, Tallinn ja e-poes <a href=\"https:\/\/marevik.ee\/test\/\">www.marevik.ee<\/a><\/li>\n<li>v\u00e4ljastatakse ostja poolt tehtud ettemakse suuruses, kombineerituna nelja v\u00f5imaliku summana 500, 100, 50, 25 EUR. E-poest ostetud kinkekaart edastatakse kliendi poolt m\u00e4\u00e4ratud e-posti aadressil elektrooniliselt;<\/li>\n<li>kehtib 6 kuud, alates ostu sooritamise kuup\u00e4evast.<\/li>\n<li>Marevik ei paku v\u00e4ljatr\u00fcki teenust. Marevik ei vastuta kliendi poolt v\u00e4lja prinditud v\u00f5imalike kinkekaardi v\u00e4rvi erinevuste eest.<\/li>\n<li>ei ole seotud ostjaga ja on kasutatav \u00fcksk\u00f5ik kelle poolt, kes esitab kinkekaardi v\u00f5i sellel oleva kliendikaardi numbri esmakordselt Marevik O\u00dc\u2019le<span class=\"Apple-converted-space\">\u00a0 <\/span>makse sooritamiseks enne kaardil olevat t\u00e4htaega.<\/li>\n<li>ei ole tagastatav ega rahaks vahetatav. Kui kinkekaardiga tasutava teenuse v\u00f5i toote hind on v\u00e4iksem, kui kinkekaardi v\u00e4\u00e4rtus, ei kompenseeri Marevik tekkinud summa vahet.<\/li>\n<li>Kui kinkekaardiga tasutud kogu tellimus t\u00fchistatakse kliendist s\u00f5ltuvatel p\u00f5hjustel, siis v\u00f5ib klient saada tagasimakse uue kinkekaardina, kuid sellisel juhul on uue kinkekaardi kehtivusaeg sama, kui algselt kasutatud kinkekaardil. Kui t\u00fchistamine toimub kliendist s\u00f5ltumatutel p\u00f5hjustel, on uue kinkekaardi kehtivusaeg nagu tavalise uue kinkekaardi puhul (6 kuud).<\/li>\n<li>Kinkekaardi s\u00e4ilimise ja h\u00e4vimise riisiko l\u00e4heb ostjale \u00fcle kinkekaardi v\u00e4ljastamisest. Kinkekaardi kadumisel, h\u00e4vimisel v\u00f5i ebaseaduslikku valdusse sattumisel seda ei asendata. Kolmandate isikute poolt kasutatud kinkekaardil olevat ettemaksu kinkekaardi ostjale ei h\u00fcvitata.<br \/>\n<b>T\u00e4htaja \u00fcletanud kinkekaart muutub maksevahendina kehtetuks, ei ole kasutatav ja selle v\u00e4\u00e4rtust ei tagastata, h\u00fcvitata ega vahetata.<\/b><\/li>\n<\/ul>\n<p><b>Hoia oma kinkekaarti sama hoolega kui sularaha. Tegemist on maksevahendiga!<\/b><\/p>\n","protected":false},"excerpt":{"rendered":"<p>\u00d5mblusmasinapoe kinkekaart on lihtne ja turvaline valik \u00fcllatamaks oma kalleid k\u00e4sit\u00f6\u00f6huvilisi.<br \/>\nV\u00f5imalik osta ka meie kauplusest. <\/p>\n","protected":false},"featured_media":14917,"template":"","meta":{"site-sidebar-layout":"default","site-content-layout":"default","ast-site-content-layout":"","site-content-style":"default","site-sidebar-style":"default","ast-global-header-display":"","ast-banner-title-visibility":"","ast-main-header-display":"","ast-hfb-above-header-display":"","ast-hfb-below-header-display":"","ast-hfb-mobile-header-display":"","site-post-title":"","ast-breadcrumbs-content":"","ast-featured-img":"","footer-sml-layout":"","theme-transparent-header-meta":"default","adv-header-id-meta":"","stick-header-meta":"","header-above-stick-meta":"","header-main-stick-meta":"","header-below-stick-meta":"","astra-migrate-meta-layouts":"default","ast-page-background-enabled":"default","ast-page-background-meta":{"desktop":{"background-color":"","background-image":"","background-repeat":"repeat","background-position":"center center","background-size":"auto","background-attachment":"scroll","background-type":"","background-media":"","overlay-type":"","overlay-color":"","overlay-opacity":"","overlay-gradient":""},"tablet":{"background-color":"","background-image":"","background-repeat":"repeat","background-position":"center center","background-size":"auto","background-attachment":"scroll","background-type":"","background-media":"","overlay-type":"","overlay-color":"","overlay-opacity":"","overlay-gradient":""},"mobile":{"background-color":"","background-image":"","background-repeat":"repeat","background-position":"center center","background-size":"auto","background-attachment":"scroll","background-type":"","background-media":"","overlay-type":"","overlay-color":"","overlay-opacity":"","overlay-gradient":""}},"ast-content-background-meta":{"desktop":{"background-color":"var(--ast-global-color-5)","background-image":"","background-repeat":"repeat","background-position":"center center","background-size":"auto","background-attachment":"scroll","background-type":"","background-media":"","overlay-type":"","overlay-color":"","overlay-opacity":"","overlay-gradient":""},"tablet":{"background-color":"var(--ast-global-color-5)","background-image":"","background-repeat":"repeat","background-position":"center center","background-size":"auto","background-attachment":"scroll","background-type":"","background-media":"","overlay-type":"","overlay-color":"","overlay-opacity":"","overlay-gradient":""},"mobile":{"background-color":"var(--ast-global-color-5)","background-image":"","background-repeat":"repeat","background-position":"center center","background-size":"auto","background-attachment":"scroll","background-type":"","background-media":"","overlay-type":"","overlay-color":"","overlay-opacity":"","overlay-gradient":""}}},"product_brand":[],"product_cat":[126],"product_tag":[],"class_list":{"0":"post-14892","1":"product","2":"type-product","3":"status-publish","4":"has-post-thumbnail","6":"product_cat-kinkekaardid","7":"desktop-align-left","8":"tablet-align-left","9":"mobile-align-left","11":"first","12":"instock","13":"virtual","14":"taxable","15":"purchasable","16":"product-type-simple"},"yoast_head":"<!-- This site is optimized with the Yoast SEO plugin v26.1.1 - https:\/\/yoast.com\/wordpress\/plugins\/seo\/ -->\n<title>Kinkekaart 100\u20ac - Marevik O&Uuml;<\/title>\n<meta name=\"description\" content=\"\u00d5mblusmasinapoe kinkekaart on lihtne ja turvaline valik \u00fcllatamaks oma kalleid k\u00e4sit\u00f6\u00f6huvilisi.\" \/>\n<meta name=\"robots\" content=\"index, follow, max-snippet:-1, max-image-preview:large, max-video-preview:-1\" \/>\n<link rel=\"canonical\" href=\"https:\/\/marevik.ee\/test\/toode\/kinkekaart-100e\/\" \/>\n<meta property=\"og:locale\" content=\"en_US\" \/>\n<meta property=\"og:type\" content=\"article\" \/>\n<meta property=\"og:title\" content=\"Kinkekaart 100\u20ac - Marevik O&Uuml;\" \/>\n<meta property=\"og:description\" content=\"\u00d5mblusmasinapoe kinkekaart on lihtne ja turvaline valik \u00fcllatamaks oma kalleid k\u00e4sit\u00f6\u00f6huvilisi.\" \/>\n<meta property=\"og:url\" content=\"https:\/\/marevik.ee\/test\/toode\/kinkekaart-100e\/\" \/>\n<meta property=\"og:site_name\" content=\"Marevik O&Uuml;\" \/>\n<meta property=\"article:modified_time\" content=\"2023-03-02T11:29:14+00:00\" \/>\n<meta name=\"twitter:card\" content=\"summary_large_image\" \/>\n<meta name=\"twitter:label1\" content=\"Est. reading time\" \/>\n\t<meta name=\"twitter:data1\" content=\"2 minutes\" \/>\n<script type=\"application\/ld+json\" class=\"yoast-schema-graph\">{\"@context\":\"https:\/\/schema.org\",\"@graph\":[{\"@type\":\"WebPage\",\"@id\":\"https:\/\/marevik.ee\/test\/toode\/kinkekaart-100e\/\",\"url\":\"https:\/\/marevik.ee\/test\/toode\/kinkekaart-100e\/\",\"name\":\"Kinkekaart 100\u20ac - Marevik O&Uuml;\",\"isPartOf\":{\"@id\":\"https:\/\/marevik.ee\/test\/#website\"},\"primaryImageOfPage\":{\"@id\":\"https:\/\/marevik.ee\/test\/toode\/kinkekaart-100e\/#primaryimage\"},\"image\":{\"@id\":\"https:\/\/marevik.ee\/test\/toode\/kinkekaart-100e\/#primaryimage\"},\"thumbnailUrl\":\"https:\/\/marevik.ee\/test\/wp-content\/uploads\/2022\/11\/Marevik-OU-kinkekaart-100EUR-pdf.jpg\",\"datePublished\":\"2022-11-24T10:41:28+00:00\",\"dateModified\":\"2023-03-02T11:29:14+00:00\",\"description\":\"\u00d5mblusmasinapoe kinkekaart on lihtne ja turvaline valik \u00fcllatamaks oma kalleid k\u00e4sit\u00f6\u00f6huvilisi.\",\"breadcrumb\":{\"@id\":\"https:\/\/marevik.ee\/test\/toode\/kinkekaart-100e\/#breadcrumb\"},\"inLanguage\":\"en\",\"potentialAction\":[{\"@type\":\"ReadAction\",\"target\":[\"https:\/\/marevik.ee\/test\/toode\/kinkekaart-100e\/\"]}]},{\"@type\":\"ImageObject\",\"inLanguage\":\"en\",\"@id\":\"https:\/\/marevik.ee\/test\/toode\/kinkekaart-100e\/#primaryimage\",\"url\":\"https:\/\/marevik.ee\/test\/wp-content\/uploads\/2022\/11\/Marevik-OU-kinkekaart-100EUR-pdf.jpg\",\"contentUrl\":\"https:\/\/marevik.ee\/test\/wp-content\/uploads\/2022\/11\/Marevik-OU-kinkekaart-100EUR-pdf.jpg\"},{\"@type\":\"BreadcrumbList\",\"@id\":\"https:\/\/marevik.ee\/test\/toode\/kinkekaart-100e\/#breadcrumb\",\"itemListElement\":[{\"@type\":\"ListItem\",\"position\":1,\"name\":\"Home\",\"item\":\"https:\/\/marevik.ee\/test\/\"},{\"@type\":\"ListItem\",\"position\":2,\"name\":\"E-POOD\",\"item\":\"https:\/\/marevik.ee\/test\/epood\/\"},{\"@type\":\"ListItem\",\"position\":3,\"name\":\"Kinkekaart 100\u20ac\"}]},{\"@type\":\"WebSite\",\"@id\":\"https:\/\/marevik.ee\/test\/#website\",\"url\":\"https:\/\/marevik.ee\/test\/\",\"name\":\"Marevik O&Uuml;\",\"description\":\"&Otilde;mblusmasina asjatundja\",\"publisher\":{\"@id\":\"https:\/\/marevik.ee\/test\/#organization\"},\"potentialAction\":[{\"@type\":\"SearchAction\",\"target\":{\"@type\":\"EntryPoint\",\"urlTemplate\":\"https:\/\/marevik.ee\/test\/?s={search_term_string}\"},\"query-input\":{\"@type\":\"PropertyValueSpecification\",\"valueRequired\":true,\"valueName\":\"search_term_string\"}}],\"inLanguage\":\"en\"},{\"@type\":\"Organization\",\"@id\":\"https:\/\/marevik.ee\/test\/#organization\",\"name\":\"Marevik O&Uuml;\",\"url\":\"https:\/\/marevik.ee\/test\/\",\"logo\":{\"@type\":\"ImageObject\",\"inLanguage\":\"en\",\"@id\":\"https:\/\/marevik.ee\/test\/#\/schema\/logo\/image\/\",\"url\":\"https:\/\/marevik.ee\/test\/wp-content\/uploads\/2020\/02\/mblusmasina-asjatundja-1994_173x105_veebi_v-ike.jpg\",\"contentUrl\":\"https:\/\/marevik.ee\/test\/wp-content\/uploads\/2020\/02\/mblusmasina-asjatundja-1994_173x105_veebi_v-ike.jpg\",\"width\":173,\"height\":105,\"caption\":\"Marevik O&Uuml;\"},\"image\":{\"@id\":\"https:\/\/marevik.ee\/test\/#\/schema\/logo\/image\/\"}}]}<\/script>\n<!-- \/ Yoast SEO plugin. -->","yoast_head_json":{"title":"Kinkekaart 100\u20ac - Marevik O&Uuml;","description":"\u00d5mblusmasinapoe kinkekaart on lihtne ja turvaline valik \u00fcllatamaks oma kalleid k\u00e4sit\u00f6\u00f6huvilisi.","robots":{"index":"index","follow":"follow","max-snippet":"max-snippet:-1","max-image-preview":"max-image-preview:large","max-video-preview":"max-video-preview:-1"},"canonical":"https:\/\/marevik.ee\/test\/toode\/kinkekaart-100e\/","og_locale":"en_US","og_type":"article","og_title":"Kinkekaart 100\u20ac - Marevik O&Uuml;","og_description":"\u00d5mblusmasinapoe kinkekaart on lihtne ja turvaline valik \u00fcllatamaks oma kalleid k\u00e4sit\u00f6\u00f6huvilisi.","og_url":"https:\/\/marevik.ee\/test\/toode\/kinkekaart-100e\/","og_site_name":"Marevik O&Uuml;","article_modified_time":"2023-03-02T11:29:14+00:00","twitter_card":"summary_large_image","twitter_misc":{"Est. reading time":"2 minutes"},"schema":{"@context":"https:\/\/schema.org","@graph":[{"@type":"WebPage","@id":"https:\/\/marevik.ee\/test\/toode\/kinkekaart-100e\/","url":"https:\/\/marevik.ee\/test\/toode\/kinkekaart-100e\/","name":"Kinkekaart 100\u20ac - Marevik O&Uuml;","isPartOf":{"@id":"https:\/\/marevik.ee\/test\/#website"},"primaryImageOfPage":{"@id":"https:\/\/marevik.ee\/test\/toode\/kinkekaart-100e\/#primaryimage"},"image":{"@id":"https:\/\/marevik.ee\/test\/toode\/kinkekaart-100e\/#primaryimage"},"thumbnailUrl":"https:\/\/marevik.ee\/test\/wp-content\/uploads\/2022\/11\/Marevik-OU-kinkekaart-100EUR-pdf.jpg","datePublished":"2022-11-24T10:41:28+00:00","dateModified":"2023-03-02T11:29:14+00:00","description":"\u00d5mblusmasinapoe kinkekaart on lihtne ja turvaline valik \u00fcllatamaks oma kalleid k\u00e4sit\u00f6\u00f6huvilisi.","breadcrumb":{"@id":"https:\/\/marevik.ee\/test\/toode\/kinkekaart-100e\/#breadcrumb"},"inLanguage":"en","potentialAction":[{"@type":"ReadAction","target":["https:\/\/marevik.ee\/test\/toode\/kinkekaart-100e\/"]}]},{"@type":"ImageObject","inLanguage":"en","@id":"https:\/\/marevik.ee\/test\/toode\/kinkekaart-100e\/#primaryimage","url":"https:\/\/marevik.ee\/test\/wp-content\/uploads\/2022\/11\/Marevik-OU-kinkekaart-100EUR-pdf.jpg","contentUrl":"https:\/\/marevik.ee\/test\/wp-content\/uploads\/2022\/11\/Marevik-OU-kinkekaart-100EUR-pdf.jpg"},{"@type":"BreadcrumbList","@id":"https:\/\/marevik.ee\/test\/toode\/kinkekaart-100e\/#breadcrumb","itemListElement":[{"@type":"ListItem","position":1,"name":"Home","item":"https:\/\/marevik.ee\/test\/"},{"@type":"ListItem","position":2,"name":"E-POOD","item":"https:\/\/marevik.ee\/test\/epood\/"},{"@type":"ListItem","position":3,"name":"Kinkekaart 100\u20ac"}]},{"@type":"WebSite","@id":"https:\/\/marevik.ee\/test\/#website","url":"https:\/\/marevik.ee\/test\/","name":"Marevik O&Uuml;","description":"&Otilde;mblusmasina asjatundja","publisher":{"@id":"https:\/\/marevik.ee\/test\/#organization"},"potentialAction":[{"@type":"SearchAction","target":{"@type":"EntryPoint","urlTemplate":"https:\/\/marevik.ee\/test\/?s={search_term_string}"},"query-input":{"@type":"PropertyValueSpecification","valueRequired":true,"valueName":"search_term_string"}}],"inLanguage":"en"},{"@type":"Organization","@id":"https:\/\/marevik.ee\/test\/#organization","name":"Marevik O&Uuml;","url":"https:\/\/marevik.ee\/test\/","logo":{"@type":"ImageObject","inLanguage":"en","@id":"https:\/\/marevik.ee\/test\/#\/schema\/logo\/image\/","url":"https:\/\/marevik.ee\/test\/wp-content\/uploads\/2020\/02\/mblusmasina-asjatundja-1994_173x105_veebi_v-ike.jpg","contentUrl":"https:\/\/marevik.ee\/test\/wp-content\/uploads\/2020\/02\/mblusmasina-asjatundja-1994_173x105_veebi_v-ike.jpg","width":173,"height":105,"caption":"Marevik O&Uuml;"},"image":{"@id":"https:\/\/marevik.ee\/test\/#\/schema\/logo\/image\/"}}]}},"_links":{"self":[{"href":"https:\/\/marevik.ee\/test\/wp-json\/wp\/v2\/product\/14892","targetHints":{"allow":["GET"]}}],"collection":[{"href":"https:\/\/marevik.ee\/test\/wp-json\/wp\/v2\/product"}],"about":[{"href":"https:\/\/marevik.ee\/test\/wp-json\/wp\/v2\/types\/product"}],"wp:featuredmedia":[{"embeddable":true,"href":"https:\/\/marevik.ee\/test\/wp-json\/wp\/v2\/media\/14917"}],"wp:attachment":[{"href":"https:\/\/marevik.ee\/test\/wp-json\/wp\/v2\/media?parent=14892"}],"wp:term":[{"taxonomy":"product_brand","embeddable":true,"href":"https:\/\/marevik.ee\/test\/wp-json\/wp\/v2\/product_brand?post=14892"},{"taxonomy":"product_cat","embeddable":true,"href":"https:\/\/marevik.ee\/test\/wp-json\/wp\/v2\/product_cat?post=14892"},{"taxonomy":"product_tag","embeddable":true,"href":"https:\/\/marevik.ee\/test\/wp-json\/wp\/v2\/product_tag?post=14892"}],"curies":[{"name":"wp","href":"https:\/\/api.w.org\/{rel}","templated":true}]}}