{"id":15006,"date":"2022-12-27T10:12:53","date_gmt":"2022-12-27T10:12:53","guid":{"rendered":"https:\/\/marevik.ee\/test\/?post_type=product&#038;p=15006"},"modified":"2024-08-07T13:29:59","modified_gmt":"2024-08-07T13:29:59","slug":"poordpalistustald-4mm-64","status":"publish","type":"product","link":"https:\/\/marevik.ee\/test\/toode\/poordpalistustald-4mm-64\/","title":{"rendered":"P\u00f6\u00f6rdpalistustald 4mm #64"},"content":{"rendered":"","protected":false},"excerpt":{"rendered":"<p>See lisatald on kasutatav vaid Bernina \u00f5mblusmasinatega, mille \u00f5mbluslaius on 5mm v\u00f5i 9mm. See tald ei ole kasutatav vanemat t\u00fc\u00fcpi mehhaanilistel Bernina masinatel. Tald v\u00f5imaldab venimatu kanga serva viimistlemist p\u00f6\u00f6rdpalistuse abil.<\/p>\n","protected":false},"featured_media":15008,"template":"","meta":{"site-sidebar-layout":"default","site-content-layout":"default","ast-site-content-layout":"","site-content-style":"default","site-sidebar-style":"default","ast-global-header-display":"","ast-banner-title-visibility":"","ast-main-header-display":"","ast-hfb-above-header-display":"","ast-hfb-below-header-display":"","ast-hfb-mobile-header-display":"","site-post-title":"","ast-breadcrumbs-content":"","ast-featured-img":"","footer-sml-layout":"","theme-transparent-header-meta":"default","adv-header-id-meta":"","stick-header-meta":"","header-above-stick-meta":"","header-main-stick-meta":"","header-below-stick-meta":"","astra-migrate-meta-layouts":"default","ast-page-background-enabled":"default","ast-page-background-meta":{"desktop":{"background-color":"","background-image":"","background-repeat":"repeat","background-position":"center center","background-size":"auto","background-attachment":"scroll","background-type":"","background-media":"","overlay-type":"","overlay-color":"","overlay-opacity":"","overlay-gradient":""},"tablet":{"background-color":"","background-image":"","background-repeat":"repeat","background-position":"center center","background-size":"auto","background-attachment":"scroll","background-type":"","background-media":"","overlay-type":"","overlay-color":"","overlay-opacity":"","overlay-gradient":""},"mobile":{"background-color":"","background-image":"","background-repeat":"repeat","background-position":"center center","background-size":"auto","background-attachment":"scroll","background-type":"","background-media":"","overlay-type":"","overlay-color":"","overlay-opacity":"","overlay-gradient":""}},"ast-content-background-meta":{"desktop":{"background-color":"var(--ast-global-color-5)","background-image":"","background-repeat":"repeat","background-position":"center center","background-size":"auto","background-attachment":"scroll","background-type":"","background-media":"","overlay-type":"","overlay-color":"","overlay-opacity":"","overlay-gradient":""},"tablet":{"background-color":"var(--ast-global-color-5)","background-image":"","background-repeat":"repeat","background-position":"center center","background-size":"auto","background-attachment":"scroll","background-type":"","background-media":"","overlay-type":"","overlay-color":"","overlay-opacity":"","overlay-gradient":""},"mobile":{"background-color":"var(--ast-global-color-5)","background-image":"","background-repeat":"repeat","background-position":"center center","background-size":"auto","background-attachment":"scroll","background-type":"","background-media":"","overlay-type":"","overlay-color":"","overlay-opacity":"","overlay-gradient":""}}},"product_brand":[],"product_cat":[66,75],"product_tag":[108],"class_list":{"0":"post-15006","1":"product","2":"type-product","3":"status-publish","4":"has-post-thumbnail","6":"product_cat-lisatarvikud","7":"product_cat-omblusmasina-presstallad","8":"product_tag-bernina","9":"desktop-align-left","10":"tablet-align-left","11":"mobile-align-left","13":"first","14":"instock","15":"taxable","16":"shipping-taxable","17":"purchasable","18":"product-type-simple"},"yoast_head":"<!-- This site is optimized with the Yoast SEO plugin v26.1.1 - https:\/\/yoast.com\/wordpress\/plugins\/seo\/ -->\n<title>P\u00f6\u00f6rdpalistustald 4mm #64 - Marevik O&Uuml;<\/title>\n<meta name=\"description\" content=\"See spetsiaaltald on kasutatav vaid Bernina \u00f5mblusmasinatega mille maksimaalne \u00f5mbluslaius on 5mm v\u00f5i 9mm. See tald ei ole kasutatav vanemat t\u00fc\u00fcpi mehhaanilistel Bernina masinatel ega tootmises oleval mudelil 1008.\" \/>\n<meta name=\"robots\" content=\"index, follow, max-snippet:-1, max-image-preview:large, max-video-preview:-1\" \/>\n<link rel=\"canonical\" href=\"https:\/\/marevik.ee\/test\/toode\/poordpalistustald-4mm-64\/\" \/>\n<meta property=\"og:locale\" content=\"en_US\" \/>\n<meta property=\"og:type\" content=\"article\" \/>\n<meta property=\"og:title\" content=\"P\u00f6\u00f6rdpalistustald 4mm #64 - Marevik O&Uuml;\" \/>\n<meta property=\"og:description\" content=\"See spetsiaaltald on kasutatav vaid Bernina \u00f5mblusmasinatega mille maksimaalne \u00f5mbluslaius on 5mm v\u00f5i 9mm. See tald ei ole kasutatav vanemat t\u00fc\u00fcpi mehhaanilistel Bernina masinatel ega tootmises oleval mudelil 1008.\" \/>\n<meta property=\"og:url\" content=\"https:\/\/marevik.ee\/test\/toode\/poordpalistustald-4mm-64\/\" \/>\n<meta property=\"og:site_name\" content=\"Marevik O&Uuml;\" \/>\n<meta property=\"article:modified_time\" content=\"2024-08-07T13:29:59+00:00\" \/>\n<meta property=\"og:image\" content=\"https:\/\/marevik.ee\/test\/wp-content\/uploads\/2022\/12\/0084847300.jpg\" \/>\n\t<meta property=\"og:image:width\" content=\"640\" \/>\n\t<meta property=\"og:image:height\" content=\"640\" \/>\n\t<meta property=\"og:image:type\" content=\"image\/jpeg\" \/>\n<meta name=\"twitter:card\" content=\"summary_large_image\" \/>\n<script type=\"application\/ld+json\" class=\"yoast-schema-graph\">{\"@context\":\"https:\/\/schema.org\",\"@graph\":[{\"@type\":\"WebPage\",\"@id\":\"https:\/\/marevik.ee\/test\/toode\/poordpalistustald-4mm-64\/\",\"url\":\"https:\/\/marevik.ee\/test\/toode\/poordpalistustald-4mm-64\/\",\"name\":\"P\u00f6\u00f6rdpalistustald 4mm #64 - Marevik O&Uuml;\",\"isPartOf\":{\"@id\":\"https:\/\/marevik.ee\/test\/#website\"},\"primaryImageOfPage\":{\"@id\":\"https:\/\/marevik.ee\/test\/toode\/poordpalistustald-4mm-64\/#primaryimage\"},\"image\":{\"@id\":\"https:\/\/marevik.ee\/test\/toode\/poordpalistustald-4mm-64\/#primaryimage\"},\"thumbnailUrl\":\"https:\/\/marevik.ee\/test\/wp-content\/uploads\/2022\/12\/0084847300.jpg\",\"datePublished\":\"2022-12-27T10:12:53+00:00\",\"dateModified\":\"2024-08-07T13:29:59+00:00\",\"description\":\"See spetsiaaltald on kasutatav vaid Bernina \u00f5mblusmasinatega mille maksimaalne \u00f5mbluslaius on 5mm v\u00f5i 9mm. See tald ei ole kasutatav vanemat t\u00fc\u00fcpi mehhaanilistel Bernina masinatel ega tootmises oleval mudelil 1008.\",\"breadcrumb\":{\"@id\":\"https:\/\/marevik.ee\/test\/toode\/poordpalistustald-4mm-64\/#breadcrumb\"},\"inLanguage\":\"en\",\"potentialAction\":[{\"@type\":\"ReadAction\",\"target\":[\"https:\/\/marevik.ee\/test\/toode\/poordpalistustald-4mm-64\/\"]}]},{\"@type\":\"ImageObject\",\"inLanguage\":\"en\",\"@id\":\"https:\/\/marevik.ee\/test\/toode\/poordpalistustald-4mm-64\/#primaryimage\",\"url\":\"https:\/\/marevik.ee\/test\/wp-content\/uploads\/2022\/12\/0084847300.jpg\",\"contentUrl\":\"https:\/\/marevik.ee\/test\/wp-content\/uploads\/2022\/12\/0084847300.jpg\",\"width\":640,\"height\":640},{\"@type\":\"BreadcrumbList\",\"@id\":\"https:\/\/marevik.ee\/test\/toode\/poordpalistustald-4mm-64\/#breadcrumb\",\"itemListElement\":[{\"@type\":\"ListItem\",\"position\":1,\"name\":\"Home\",\"item\":\"https:\/\/marevik.ee\/test\/\"},{\"@type\":\"ListItem\",\"position\":2,\"name\":\"E-POOD\",\"item\":\"https:\/\/marevik.ee\/test\/epood\/\"},{\"@type\":\"ListItem\",\"position\":3,\"name\":\"P\u00f6\u00f6rdpalistustald 4mm #64\"}]},{\"@type\":\"WebSite\",\"@id\":\"https:\/\/marevik.ee\/test\/#website\",\"url\":\"https:\/\/marevik.ee\/test\/\",\"name\":\"Marevik O&Uuml;\",\"description\":\"&Otilde;mblusmasina asjatundja\",\"publisher\":{\"@id\":\"https:\/\/marevik.ee\/test\/#organization\"},\"potentialAction\":[{\"@type\":\"SearchAction\",\"target\":{\"@type\":\"EntryPoint\",\"urlTemplate\":\"https:\/\/marevik.ee\/test\/?s={search_term_string}\"},\"query-input\":{\"@type\":\"PropertyValueSpecification\",\"valueRequired\":true,\"valueName\":\"search_term_string\"}}],\"inLanguage\":\"en\"},{\"@type\":\"Organization\",\"@id\":\"https:\/\/marevik.ee\/test\/#organization\",\"name\":\"Marevik O&Uuml;\",\"url\":\"https:\/\/marevik.ee\/test\/\",\"logo\":{\"@type\":\"ImageObject\",\"inLanguage\":\"en\",\"@id\":\"https:\/\/marevik.ee\/test\/#\/schema\/logo\/image\/\",\"url\":\"https:\/\/marevik.ee\/test\/wp-content\/uploads\/2020\/02\/mblusmasina-asjatundja-1994_173x105_veebi_v-ike.jpg\",\"contentUrl\":\"https:\/\/marevik.ee\/test\/wp-content\/uploads\/2020\/02\/mblusmasina-asjatundja-1994_173x105_veebi_v-ike.jpg\",\"width\":173,\"height\":105,\"caption\":\"Marevik O&Uuml;\"},\"image\":{\"@id\":\"https:\/\/marevik.ee\/test\/#\/schema\/logo\/image\/\"}}]}<\/script>\n<!-- \/ Yoast SEO plugin. -->","yoast_head_json":{"title":"P\u00f6\u00f6rdpalistustald 4mm #64 - Marevik O&Uuml;","description":"See spetsiaaltald on kasutatav vaid Bernina \u00f5mblusmasinatega mille maksimaalne \u00f5mbluslaius on 5mm v\u00f5i 9mm. See tald ei ole kasutatav vanemat t\u00fc\u00fcpi mehhaanilistel Bernina masinatel ega tootmises oleval mudelil 1008.","robots":{"index":"index","follow":"follow","max-snippet":"max-snippet:-1","max-image-preview":"max-image-preview:large","max-video-preview":"max-video-preview:-1"},"canonical":"https:\/\/marevik.ee\/test\/toode\/poordpalistustald-4mm-64\/","og_locale":"en_US","og_type":"article","og_title":"P\u00f6\u00f6rdpalistustald 4mm #64 - Marevik O&Uuml;","og_description":"See spetsiaaltald on kasutatav vaid Bernina \u00f5mblusmasinatega mille maksimaalne \u00f5mbluslaius on 5mm v\u00f5i 9mm. See tald ei ole kasutatav vanemat t\u00fc\u00fcpi mehhaanilistel Bernina masinatel ega tootmises oleval mudelil 1008.","og_url":"https:\/\/marevik.ee\/test\/toode\/poordpalistustald-4mm-64\/","og_site_name":"Marevik O&Uuml;","article_modified_time":"2024-08-07T13:29:59+00:00","og_image":[{"width":640,"height":640,"url":"https:\/\/marevik.ee\/test\/wp-content\/uploads\/2022\/12\/0084847300.jpg","type":"image\/jpeg"}],"twitter_card":"summary_large_image","schema":{"@context":"https:\/\/schema.org","@graph":[{"@type":"WebPage","@id":"https:\/\/marevik.ee\/test\/toode\/poordpalistustald-4mm-64\/","url":"https:\/\/marevik.ee\/test\/toode\/poordpalistustald-4mm-64\/","name":"P\u00f6\u00f6rdpalistustald 4mm #64 - Marevik O&Uuml;","isPartOf":{"@id":"https:\/\/marevik.ee\/test\/#website"},"primaryImageOfPage":{"@id":"https:\/\/marevik.ee\/test\/toode\/poordpalistustald-4mm-64\/#primaryimage"},"image":{"@id":"https:\/\/marevik.ee\/test\/toode\/poordpalistustald-4mm-64\/#primaryimage"},"thumbnailUrl":"https:\/\/marevik.ee\/test\/wp-content\/uploads\/2022\/12\/0084847300.jpg","datePublished":"2022-12-27T10:12:53+00:00","dateModified":"2024-08-07T13:29:59+00:00","description":"See spetsiaaltald on kasutatav vaid Bernina \u00f5mblusmasinatega mille maksimaalne \u00f5mbluslaius on 5mm v\u00f5i 9mm. See tald ei ole kasutatav vanemat t\u00fc\u00fcpi mehhaanilistel Bernina masinatel ega tootmises oleval mudelil 1008.","breadcrumb":{"@id":"https:\/\/marevik.ee\/test\/toode\/poordpalistustald-4mm-64\/#breadcrumb"},"inLanguage":"en","potentialAction":[{"@type":"ReadAction","target":["https:\/\/marevik.ee\/test\/toode\/poordpalistustald-4mm-64\/"]}]},{"@type":"ImageObject","inLanguage":"en","@id":"https:\/\/marevik.ee\/test\/toode\/poordpalistustald-4mm-64\/#primaryimage","url":"https:\/\/marevik.ee\/test\/wp-content\/uploads\/2022\/12\/0084847300.jpg","contentUrl":"https:\/\/marevik.ee\/test\/wp-content\/uploads\/2022\/12\/0084847300.jpg","width":640,"height":640},{"@type":"BreadcrumbList","@id":"https:\/\/marevik.ee\/test\/toode\/poordpalistustald-4mm-64\/#breadcrumb","itemListElement":[{"@type":"ListItem","position":1,"name":"Home","item":"https:\/\/marevik.ee\/test\/"},{"@type":"ListItem","position":2,"name":"E-POOD","item":"https:\/\/marevik.ee\/test\/epood\/"},{"@type":"ListItem","position":3,"name":"P\u00f6\u00f6rdpalistustald 4mm #64"}]},{"@type":"WebSite","@id":"https:\/\/marevik.ee\/test\/#website","url":"https:\/\/marevik.ee\/test\/","name":"Marevik O&Uuml;","description":"&Otilde;mblusmasina asjatundja","publisher":{"@id":"https:\/\/marevik.ee\/test\/#organization"},"potentialAction":[{"@type":"SearchAction","target":{"@type":"EntryPoint","urlTemplate":"https:\/\/marevik.ee\/test\/?s={search_term_string}"},"query-input":{"@type":"PropertyValueSpecification","valueRequired":true,"valueName":"search_term_string"}}],"inLanguage":"en"},{"@type":"Organization","@id":"https:\/\/marevik.ee\/test\/#organization","name":"Marevik O&Uuml;","url":"https:\/\/marevik.ee\/test\/","logo":{"@type":"ImageObject","inLanguage":"en","@id":"https:\/\/marevik.ee\/test\/#\/schema\/logo\/image\/","url":"https:\/\/marevik.ee\/test\/wp-content\/uploads\/2020\/02\/mblusmasina-asjatundja-1994_173x105_veebi_v-ike.jpg","contentUrl":"https:\/\/marevik.ee\/test\/wp-content\/uploads\/2020\/02\/mblusmasina-asjatundja-1994_173x105_veebi_v-ike.jpg","width":173,"height":105,"caption":"Marevik O&Uuml;"},"image":{"@id":"https:\/\/marevik.ee\/test\/#\/schema\/logo\/image\/"}}]}},"_links":{"self":[{"href":"https:\/\/marevik.ee\/test\/wp-json\/wp\/v2\/product\/15006","targetHints":{"allow":["GET"]}}],"collection":[{"href":"https:\/\/marevik.ee\/test\/wp-json\/wp\/v2\/product"}],"about":[{"href":"https:\/\/marevik.ee\/test\/wp-json\/wp\/v2\/types\/product"}],"wp:featuredmedia":[{"embeddable":true,"href":"https:\/\/marevik.ee\/test\/wp-json\/wp\/v2\/media\/15008"}],"wp:attachment":[{"href":"https:\/\/marevik.ee\/test\/wp-json\/wp\/v2\/media?parent=15006"}],"wp:term":[{"taxonomy":"product_brand","embeddable":true,"href":"https:\/\/marevik.ee\/test\/wp-json\/wp\/v2\/product_brand?post=15006"},{"taxonomy":"product_cat","embeddable":true,"href":"https:\/\/marevik.ee\/test\/wp-json\/wp\/v2\/product_cat?post=15006"},{"taxonomy":"product_tag","embeddable":true,"href":"https:\/\/marevik.ee\/test\/wp-json\/wp\/v2\/product_tag?post=15006"}],"curies":[{"name":"wp","href":"https:\/\/api.w.org\/{rel}","templated":true}]}}