{"id":15029,"date":"2022-12-27T12:01:20","date_gmt":"2022-12-27T12:01:20","guid":{"rendered":"https:\/\/marevik.ee\/test\/?post_type=product&#038;p=15029"},"modified":"2024-08-07T13:33:17","modified_gmt":"2024-08-07T13:33:17","slug":"dekoratiiv-ja-tikkimisombluse-tald-bernina-39","status":"publish","type":"product","link":"https:\/\/marevik.ee\/test\/toode\/dekoratiiv-ja-tikkimisombluse-tald-bernina-39\/","title":{"rendered":"Dekoratiiv- ja tikkimis\u00f5mbluse tald Bernina #39"},"content":{"rendered":"","protected":false},"excerpt":{"rendered":"<p>Tavalise universaaltalla kuju ja m\u00f5\u00f5tmetega l\u00e4bipaistev tald.  Talla all on sik-saki laiune s\u00fcvend millesse toimub kujund\u00f5mblemine. Siledap\u00f5hjalist universaaltalda (#1C) kasutades v\u00f5ib kujund\u00f5mblus jalga kergitada ja kanga s\u00f6\u00f6de v\u00f5ib olla eba\u00fchtlane. Talla eesosa all on v\u00e4ike kanal, mis v\u00f5imaldab talla keskele s\u00f6\u00f6ta dekoratiivset niiti. See tald ei ole kasutatav vanemat t\u00fc\u00fcpi mehhaanilistel Bernina masinatel ja mudelitel mille piste laius on surem kui 5,5mm<\/p>\n","protected":false},"featured_media":15030,"template":"","meta":{"site-sidebar-layout":"default","site-content-layout":"default","ast-site-content-layout":"","site-content-style":"default","site-sidebar-style":"default","ast-global-header-display":"","ast-banner-title-visibility":"","ast-main-header-display":"","ast-hfb-above-header-display":"","ast-hfb-below-header-display":"","ast-hfb-mobile-header-display":"","site-post-title":"","ast-breadcrumbs-content":"","ast-featured-img":"","footer-sml-layout":"","theme-transparent-header-meta":"default","adv-header-id-meta":"","stick-header-meta":"","header-above-stick-meta":"","header-main-stick-meta":"","header-below-stick-meta":"","astra-migrate-meta-layouts":"default","ast-page-background-enabled":"default","ast-page-background-meta":{"desktop":{"background-color":"","background-image":"","background-repeat":"repeat","background-position":"center center","background-size":"auto","background-attachment":"scroll","background-type":"","background-media":"","overlay-type":"","overlay-color":"","overlay-opacity":"","overlay-gradient":""},"tablet":{"background-color":"","background-image":"","background-repeat":"repeat","background-position":"center center","background-size":"auto","background-attachment":"scroll","background-type":"","background-media":"","overlay-type":"","overlay-color":"","overlay-opacity":"","overlay-gradient":""},"mobile":{"background-color":"","background-image":"","background-repeat":"repeat","background-position":"center center","background-size":"auto","background-attachment":"scroll","background-type":"","background-media":"","overlay-type":"","overlay-color":"","overlay-opacity":"","overlay-gradient":""}},"ast-content-background-meta":{"desktop":{"background-color":"var(--ast-global-color-5)","background-image":"","background-repeat":"repeat","background-position":"center center","background-size":"auto","background-attachment":"scroll","background-type":"","background-media":"","overlay-type":"","overlay-color":"","overlay-opacity":"","overlay-gradient":""},"tablet":{"background-color":"var(--ast-global-color-5)","background-image":"","background-repeat":"repeat","background-position":"center center","background-size":"auto","background-attachment":"scroll","background-type":"","background-media":"","overlay-type":"","overlay-color":"","overlay-opacity":"","overlay-gradient":""},"mobile":{"background-color":"var(--ast-global-color-5)","background-image":"","background-repeat":"repeat","background-position":"center center","background-size":"auto","background-attachment":"scroll","background-type":"","background-media":"","overlay-type":"","overlay-color":"","overlay-opacity":"","overlay-gradient":""}}},"product_brand":[],"product_cat":[66,75],"product_tag":[108],"class_list":{"0":"post-15029","1":"product","2":"type-product","3":"status-publish","4":"has-post-thumbnail","6":"product_cat-lisatarvikud","7":"product_cat-omblusmasina-presstallad","8":"product_tag-bernina","9":"desktop-align-left","10":"tablet-align-left","11":"mobile-align-left","13":"first","14":"instock","15":"taxable","16":"shipping-taxable","17":"purchasable","18":"product-type-simple"},"yoast_head":"<!-- This site is optimized with the Yoast SEO plugin v26.1.1 - https:\/\/yoast.com\/wordpress\/plugins\/seo\/ -->\n<title>Dekoratiiv- ja tikkimis\u00f5mbluse tald Bernina #39 - Marevik O&Uuml;<\/title>\n<meta name=\"description\" content=\"Tavalise universaaltalla kuju ja m\u00f5\u00f5tmetega l\u00e4bipaistev tald. Talla all on sik-saki laiune s\u00fcvend millesse toimub kujund\u00f5mblemine. Siledap\u00f5hjalist universaaltalda (#1C) kasutades v\u00f5ib kujund\u00f5mblus jalga kergitada ja kanga s\u00f6\u00f6de v\u00f5ib olla eba\u00fchtlane.\" \/>\n<meta name=\"robots\" content=\"index, follow, max-snippet:-1, max-image-preview:large, max-video-preview:-1\" \/>\n<link rel=\"canonical\" href=\"https:\/\/marevik.ee\/test\/toode\/dekoratiiv-ja-tikkimisombluse-tald-bernina-39\/\" \/>\n<meta property=\"og:locale\" content=\"en_US\" \/>\n<meta property=\"og:type\" content=\"article\" \/>\n<meta property=\"og:title\" content=\"Dekoratiiv- ja tikkimis\u00f5mbluse tald Bernina #39 - Marevik O&Uuml;\" \/>\n<meta property=\"og:description\" content=\"Tavalise universaaltalla kuju ja m\u00f5\u00f5tmetega l\u00e4bipaistev tald. Talla all on sik-saki laiune s\u00fcvend millesse toimub kujund\u00f5mblemine. Siledap\u00f5hjalist universaaltalda (#1C) kasutades v\u00f5ib kujund\u00f5mblus jalga kergitada ja kanga s\u00f6\u00f6de v\u00f5ib olla eba\u00fchtlane.\" \/>\n<meta property=\"og:url\" content=\"https:\/\/marevik.ee\/test\/toode\/dekoratiiv-ja-tikkimisombluse-tald-bernina-39\/\" \/>\n<meta property=\"og:site_name\" content=\"Marevik O&Uuml;\" \/>\n<meta property=\"article:modified_time\" content=\"2024-08-07T13:33:17+00:00\" \/>\n<meta property=\"og:image\" content=\"https:\/\/marevik.ee\/test\/wp-content\/uploads\/2022\/12\/0314067200.jpg\" \/>\n\t<meta property=\"og:image:width\" content=\"1600\" \/>\n\t<meta property=\"og:image:height\" content=\"1600\" \/>\n\t<meta property=\"og:image:type\" content=\"image\/jpeg\" \/>\n<meta name=\"twitter:card\" content=\"summary_large_image\" \/>\n<script type=\"application\/ld+json\" class=\"yoast-schema-graph\">{\"@context\":\"https:\/\/schema.org\",\"@graph\":[{\"@type\":\"WebPage\",\"@id\":\"https:\/\/marevik.ee\/test\/toode\/dekoratiiv-ja-tikkimisombluse-tald-bernina-39\/\",\"url\":\"https:\/\/marevik.ee\/test\/toode\/dekoratiiv-ja-tikkimisombluse-tald-bernina-39\/\",\"name\":\"Dekoratiiv- ja tikkimis\u00f5mbluse tald Bernina #39 - Marevik O&Uuml;\",\"isPartOf\":{\"@id\":\"https:\/\/marevik.ee\/test\/#website\"},\"primaryImageOfPage\":{\"@id\":\"https:\/\/marevik.ee\/test\/toode\/dekoratiiv-ja-tikkimisombluse-tald-bernina-39\/#primaryimage\"},\"image\":{\"@id\":\"https:\/\/marevik.ee\/test\/toode\/dekoratiiv-ja-tikkimisombluse-tald-bernina-39\/#primaryimage\"},\"thumbnailUrl\":\"https:\/\/marevik.ee\/test\/wp-content\/uploads\/2022\/12\/0314067200.jpg\",\"datePublished\":\"2022-12-27T12:01:20+00:00\",\"dateModified\":\"2024-08-07T13:33:17+00:00\",\"description\":\"Tavalise universaaltalla kuju ja m\u00f5\u00f5tmetega l\u00e4bipaistev tald. Talla all on sik-saki laiune s\u00fcvend millesse toimub kujund\u00f5mblemine. Siledap\u00f5hjalist universaaltalda (#1C) kasutades v\u00f5ib kujund\u00f5mblus jalga kergitada ja kanga s\u00f6\u00f6de v\u00f5ib olla eba\u00fchtlane.\",\"breadcrumb\":{\"@id\":\"https:\/\/marevik.ee\/test\/toode\/dekoratiiv-ja-tikkimisombluse-tald-bernina-39\/#breadcrumb\"},\"inLanguage\":\"en\",\"potentialAction\":[{\"@type\":\"ReadAction\",\"target\":[\"https:\/\/marevik.ee\/test\/toode\/dekoratiiv-ja-tikkimisombluse-tald-bernina-39\/\"]}]},{\"@type\":\"ImageObject\",\"inLanguage\":\"en\",\"@id\":\"https:\/\/marevik.ee\/test\/toode\/dekoratiiv-ja-tikkimisombluse-tald-bernina-39\/#primaryimage\",\"url\":\"https:\/\/marevik.ee\/test\/wp-content\/uploads\/2022\/12\/0314067200.jpg\",\"contentUrl\":\"https:\/\/marevik.ee\/test\/wp-content\/uploads\/2022\/12\/0314067200.jpg\",\"width\":1600,\"height\":1600},{\"@type\":\"BreadcrumbList\",\"@id\":\"https:\/\/marevik.ee\/test\/toode\/dekoratiiv-ja-tikkimisombluse-tald-bernina-39\/#breadcrumb\",\"itemListElement\":[{\"@type\":\"ListItem\",\"position\":1,\"name\":\"Home\",\"item\":\"https:\/\/marevik.ee\/test\/\"},{\"@type\":\"ListItem\",\"position\":2,\"name\":\"E-POOD\",\"item\":\"https:\/\/marevik.ee\/test\/epood\/\"},{\"@type\":\"ListItem\",\"position\":3,\"name\":\"Dekoratiiv- ja tikkimis\u00f5mbluse tald Bernina #39\"}]},{\"@type\":\"WebSite\",\"@id\":\"https:\/\/marevik.ee\/test\/#website\",\"url\":\"https:\/\/marevik.ee\/test\/\",\"name\":\"Marevik O&Uuml;\",\"description\":\"&Otilde;mblusmasina asjatundja\",\"publisher\":{\"@id\":\"https:\/\/marevik.ee\/test\/#organization\"},\"potentialAction\":[{\"@type\":\"SearchAction\",\"target\":{\"@type\":\"EntryPoint\",\"urlTemplate\":\"https:\/\/marevik.ee\/test\/?s={search_term_string}\"},\"query-input\":{\"@type\":\"PropertyValueSpecification\",\"valueRequired\":true,\"valueName\":\"search_term_string\"}}],\"inLanguage\":\"en\"},{\"@type\":\"Organization\",\"@id\":\"https:\/\/marevik.ee\/test\/#organization\",\"name\":\"Marevik O&Uuml;\",\"url\":\"https:\/\/marevik.ee\/test\/\",\"logo\":{\"@type\":\"ImageObject\",\"inLanguage\":\"en\",\"@id\":\"https:\/\/marevik.ee\/test\/#\/schema\/logo\/image\/\",\"url\":\"https:\/\/marevik.ee\/test\/wp-content\/uploads\/2020\/02\/mblusmasina-asjatundja-1994_173x105_veebi_v-ike.jpg\",\"contentUrl\":\"https:\/\/marevik.ee\/test\/wp-content\/uploads\/2020\/02\/mblusmasina-asjatundja-1994_173x105_veebi_v-ike.jpg\",\"width\":173,\"height\":105,\"caption\":\"Marevik O&Uuml;\"},\"image\":{\"@id\":\"https:\/\/marevik.ee\/test\/#\/schema\/logo\/image\/\"}}]}<\/script>\n<!-- \/ Yoast SEO plugin. -->","yoast_head_json":{"title":"Dekoratiiv- ja tikkimis\u00f5mbluse tald Bernina #39 - Marevik O&Uuml;","description":"Tavalise universaaltalla kuju ja m\u00f5\u00f5tmetega l\u00e4bipaistev tald. Talla all on sik-saki laiune s\u00fcvend millesse toimub kujund\u00f5mblemine. Siledap\u00f5hjalist universaaltalda (#1C) kasutades v\u00f5ib kujund\u00f5mblus jalga kergitada ja kanga s\u00f6\u00f6de v\u00f5ib olla eba\u00fchtlane.","robots":{"index":"index","follow":"follow","max-snippet":"max-snippet:-1","max-image-preview":"max-image-preview:large","max-video-preview":"max-video-preview:-1"},"canonical":"https:\/\/marevik.ee\/test\/toode\/dekoratiiv-ja-tikkimisombluse-tald-bernina-39\/","og_locale":"en_US","og_type":"article","og_title":"Dekoratiiv- ja tikkimis\u00f5mbluse tald Bernina #39 - Marevik O&Uuml;","og_description":"Tavalise universaaltalla kuju ja m\u00f5\u00f5tmetega l\u00e4bipaistev tald. Talla all on sik-saki laiune s\u00fcvend millesse toimub kujund\u00f5mblemine. Siledap\u00f5hjalist universaaltalda (#1C) kasutades v\u00f5ib kujund\u00f5mblus jalga kergitada ja kanga s\u00f6\u00f6de v\u00f5ib olla eba\u00fchtlane.","og_url":"https:\/\/marevik.ee\/test\/toode\/dekoratiiv-ja-tikkimisombluse-tald-bernina-39\/","og_site_name":"Marevik O&Uuml;","article_modified_time":"2024-08-07T13:33:17+00:00","og_image":[{"width":1600,"height":1600,"url":"https:\/\/marevik.ee\/test\/wp-content\/uploads\/2022\/12\/0314067200.jpg","type":"image\/jpeg"}],"twitter_card":"summary_large_image","schema":{"@context":"https:\/\/schema.org","@graph":[{"@type":"WebPage","@id":"https:\/\/marevik.ee\/test\/toode\/dekoratiiv-ja-tikkimisombluse-tald-bernina-39\/","url":"https:\/\/marevik.ee\/test\/toode\/dekoratiiv-ja-tikkimisombluse-tald-bernina-39\/","name":"Dekoratiiv- ja tikkimis\u00f5mbluse tald Bernina #39 - Marevik O&Uuml;","isPartOf":{"@id":"https:\/\/marevik.ee\/test\/#website"},"primaryImageOfPage":{"@id":"https:\/\/marevik.ee\/test\/toode\/dekoratiiv-ja-tikkimisombluse-tald-bernina-39\/#primaryimage"},"image":{"@id":"https:\/\/marevik.ee\/test\/toode\/dekoratiiv-ja-tikkimisombluse-tald-bernina-39\/#primaryimage"},"thumbnailUrl":"https:\/\/marevik.ee\/test\/wp-content\/uploads\/2022\/12\/0314067200.jpg","datePublished":"2022-12-27T12:01:20+00:00","dateModified":"2024-08-07T13:33:17+00:00","description":"Tavalise universaaltalla kuju ja m\u00f5\u00f5tmetega l\u00e4bipaistev tald. Talla all on sik-saki laiune s\u00fcvend millesse toimub kujund\u00f5mblemine. Siledap\u00f5hjalist universaaltalda (#1C) kasutades v\u00f5ib kujund\u00f5mblus jalga kergitada ja kanga s\u00f6\u00f6de v\u00f5ib olla eba\u00fchtlane.","breadcrumb":{"@id":"https:\/\/marevik.ee\/test\/toode\/dekoratiiv-ja-tikkimisombluse-tald-bernina-39\/#breadcrumb"},"inLanguage":"en","potentialAction":[{"@type":"ReadAction","target":["https:\/\/marevik.ee\/test\/toode\/dekoratiiv-ja-tikkimisombluse-tald-bernina-39\/"]}]},{"@type":"ImageObject","inLanguage":"en","@id":"https:\/\/marevik.ee\/test\/toode\/dekoratiiv-ja-tikkimisombluse-tald-bernina-39\/#primaryimage","url":"https:\/\/marevik.ee\/test\/wp-content\/uploads\/2022\/12\/0314067200.jpg","contentUrl":"https:\/\/marevik.ee\/test\/wp-content\/uploads\/2022\/12\/0314067200.jpg","width":1600,"height":1600},{"@type":"BreadcrumbList","@id":"https:\/\/marevik.ee\/test\/toode\/dekoratiiv-ja-tikkimisombluse-tald-bernina-39\/#breadcrumb","itemListElement":[{"@type":"ListItem","position":1,"name":"Home","item":"https:\/\/marevik.ee\/test\/"},{"@type":"ListItem","position":2,"name":"E-POOD","item":"https:\/\/marevik.ee\/test\/epood\/"},{"@type":"ListItem","position":3,"name":"Dekoratiiv- ja tikkimis\u00f5mbluse tald Bernina #39"}]},{"@type":"WebSite","@id":"https:\/\/marevik.ee\/test\/#website","url":"https:\/\/marevik.ee\/test\/","name":"Marevik O&Uuml;","description":"&Otilde;mblusmasina asjatundja","publisher":{"@id":"https:\/\/marevik.ee\/test\/#organization"},"potentialAction":[{"@type":"SearchAction","target":{"@type":"EntryPoint","urlTemplate":"https:\/\/marevik.ee\/test\/?s={search_term_string}"},"query-input":{"@type":"PropertyValueSpecification","valueRequired":true,"valueName":"search_term_string"}}],"inLanguage":"en"},{"@type":"Organization","@id":"https:\/\/marevik.ee\/test\/#organization","name":"Marevik O&Uuml;","url":"https:\/\/marevik.ee\/test\/","logo":{"@type":"ImageObject","inLanguage":"en","@id":"https:\/\/marevik.ee\/test\/#\/schema\/logo\/image\/","url":"https:\/\/marevik.ee\/test\/wp-content\/uploads\/2020\/02\/mblusmasina-asjatundja-1994_173x105_veebi_v-ike.jpg","contentUrl":"https:\/\/marevik.ee\/test\/wp-content\/uploads\/2020\/02\/mblusmasina-asjatundja-1994_173x105_veebi_v-ike.jpg","width":173,"height":105,"caption":"Marevik O&Uuml;"},"image":{"@id":"https:\/\/marevik.ee\/test\/#\/schema\/logo\/image\/"}}]}},"_links":{"self":[{"href":"https:\/\/marevik.ee\/test\/wp-json\/wp\/v2\/product\/15029","targetHints":{"allow":["GET"]}}],"collection":[{"href":"https:\/\/marevik.ee\/test\/wp-json\/wp\/v2\/product"}],"about":[{"href":"https:\/\/marevik.ee\/test\/wp-json\/wp\/v2\/types\/product"}],"wp:featuredmedia":[{"embeddable":true,"href":"https:\/\/marevik.ee\/test\/wp-json\/wp\/v2\/media\/15030"}],"wp:attachment":[{"href":"https:\/\/marevik.ee\/test\/wp-json\/wp\/v2\/media?parent=15029"}],"wp:term":[{"taxonomy":"product_brand","embeddable":true,"href":"https:\/\/marevik.ee\/test\/wp-json\/wp\/v2\/product_brand?post=15029"},{"taxonomy":"product_cat","embeddable":true,"href":"https:\/\/marevik.ee\/test\/wp-json\/wp\/v2\/product_cat?post=15029"},{"taxonomy":"product_tag","embeddable":true,"href":"https:\/\/marevik.ee\/test\/wp-json\/wp\/v2\/product_tag?post=15029"}],"curies":[{"name":"wp","href":"https:\/\/api.w.org\/{rel}","templated":true}]}}