{"id":15035,"date":"2022-12-27T12:19:58","date_gmt":"2022-12-27T12:19:58","guid":{"rendered":"https:\/\/marevik.ee\/test\/?post_type=product&#038;p=15035"},"modified":"2022-12-27T12:19:58","modified_gmt":"2022-12-27T12:19:58","slug":"noelaplaat-otsepistele-bernina","status":"publish","type":"product","link":"https:\/\/marevik.ee\/test\/toode\/noelaplaat-otsepistele-bernina\/","title":{"rendered":"N\u00f5elaplaat otsepistele Bernina"},"content":{"rendered":"","protected":false},"excerpt":{"rendered":"<p>Lisapisteplaat eriti \u00f5hukeste v\u00f5i paksude\/tihedate kangaste \u00f5mblemiseks otse\u00f5mblusega. Pisteplaadil on v\u00e4ike \u00fcmar n\u00f5elaauk, mis toetab kangast l\u00e4hedalt hetkel, kui n\u00f5el seda l\u00e4bistab, v\u00e4ltides kanga venimist koos niidi ja n\u00f5elaga. Pisteplaat aitab saavutada \u00fchtlasemat \u00f5mblust ning aitab toetada-kaitsta poolipesa piirkonna liikuvaid osi pakse kangaid \u00f5mmeldes.<br \/>\nSobib Bernina mudelitele: B215, 220, 230, 230PE, 240, B325, B330, B335, B350PE, B380, 430, 440QE, B555, B570QE OLD, 630, B530, B550QE<\/p>\n","protected":false},"featured_media":15036,"template":"","meta":{"site-sidebar-layout":"default","site-content-layout":"default","ast-site-content-layout":"","site-content-style":"default","site-sidebar-style":"default","ast-global-header-display":"","ast-banner-title-visibility":"","ast-main-header-display":"","ast-hfb-above-header-display":"","ast-hfb-below-header-display":"","ast-hfb-mobile-header-display":"","site-post-title":"","ast-breadcrumbs-content":"","ast-featured-img":"","footer-sml-layout":"","theme-transparent-header-meta":"default","adv-header-id-meta":"","stick-header-meta":"","header-above-stick-meta":"","header-main-stick-meta":"","header-below-stick-meta":"","astra-migrate-meta-layouts":"default","ast-page-background-enabled":"default","ast-page-background-meta":{"desktop":{"background-color":"","background-image":"","background-repeat":"repeat","background-position":"center center","background-size":"auto","background-attachment":"scroll","background-type":"","background-media":"","overlay-type":"","overlay-color":"","overlay-opacity":"","overlay-gradient":""},"tablet":{"background-color":"","background-image":"","background-repeat":"repeat","background-position":"center center","background-size":"auto","background-attachment":"scroll","background-type":"","background-media":"","overlay-type":"","overlay-color":"","overlay-opacity":"","overlay-gradient":""},"mobile":{"background-color":"","background-image":"","background-repeat":"repeat","background-position":"center center","background-size":"auto","background-attachment":"scroll","background-type":"","background-media":"","overlay-type":"","overlay-color":"","overlay-opacity":"","overlay-gradient":""}},"ast-content-background-meta":{"desktop":{"background-color":"var(--ast-global-color-5)","background-image":"","background-repeat":"repeat","background-position":"center center","background-size":"auto","background-attachment":"scroll","background-type":"","background-media":"","overlay-type":"","overlay-color":"","overlay-opacity":"","overlay-gradient":""},"tablet":{"background-color":"var(--ast-global-color-5)","background-image":"","background-repeat":"repeat","background-position":"center center","background-size":"auto","background-attachment":"scroll","background-type":"","background-media":"","overlay-type":"","overlay-color":"","overlay-opacity":"","overlay-gradient":""},"mobile":{"background-color":"var(--ast-global-color-5)","background-image":"","background-repeat":"repeat","background-position":"center center","background-size":"auto","background-attachment":"scroll","background-type":"","background-media":"","overlay-type":"","overlay-color":"","overlay-opacity":"","overlay-gradient":""}}},"product_brand":[],"product_cat":[66,76],"product_tag":[108],"class_list":{"0":"post-15035","1":"product","2":"type-product","3":"status-publish","4":"has-post-thumbnail","6":"product_cat-lisatarvikud","7":"product_cat-varuosad-ja-lisad","8":"product_tag-bernina","9":"desktop-align-left","10":"tablet-align-left","11":"mobile-align-left","13":"first","14":"instock","15":"taxable","16":"shipping-taxable","17":"purchasable","18":"product-type-simple"},"yoast_head":"<!-- This site is optimized with the Yoast SEO plugin v26.1.1 - https:\/\/yoast.com\/wordpress\/plugins\/seo\/ -->\n<title>N\u00f5elaplaat otsepistele Bernina - Marevik O&Uuml;<\/title>\n<meta name=\"robots\" content=\"index, follow, max-snippet:-1, max-image-preview:large, max-video-preview:-1\" \/>\n<link rel=\"canonical\" href=\"https:\/\/marevik.ee\/test\/toode\/noelaplaat-otsepistele-bernina\/\" \/>\n<meta property=\"og:locale\" content=\"en_US\" \/>\n<meta property=\"og:type\" content=\"article\" \/>\n<meta property=\"og:title\" content=\"N\u00f5elaplaat otsepistele Bernina - Marevik O&Uuml;\" \/>\n<meta property=\"og:description\" content=\"Lisapisteplaat eriti \u00f5hukeste v\u00f5i paksude\/tihedate kangaste \u00f5mblemiseks otse\u00f5mblusega. Pisteplaadil on v\u00e4ike \u00fcmar n\u00f5elaauk, mis toetab kangast l\u00e4hedalt hetkel, kui n\u00f5el seda l\u00e4bistab, v\u00e4ltides kanga venimist koos niidi ja n\u00f5elaga. Pisteplaat aitab saavutada \u00fchtlasemat \u00f5mblust ning aitab toetada-kaitsta poolipesa piirkonna liikuvaid osi pakse kangaid \u00f5mmeldes. Sobib Bernina mudelitele: B215, 220, 230, 230PE, 240, B325, B330, B335, B350PE, B380, 430, 440QE, B555, B570QE OLD, 630, B530, B550QE\" \/>\n<meta property=\"og:url\" content=\"https:\/\/marevik.ee\/test\/toode\/noelaplaat-otsepistele-bernina\/\" \/>\n<meta property=\"og:site_name\" content=\"Marevik O&Uuml;\" \/>\n<meta property=\"og:image\" content=\"https:\/\/marevik.ee\/test\/wp-content\/uploads\/2022\/12\/0333397200.jpg\" \/>\n\t<meta property=\"og:image:width\" content=\"550\" \/>\n\t<meta property=\"og:image:height\" content=\"550\" \/>\n\t<meta property=\"og:image:type\" content=\"image\/jpeg\" \/>\n<meta name=\"twitter:card\" content=\"summary_large_image\" \/>\n<script type=\"application\/ld+json\" class=\"yoast-schema-graph\">{\"@context\":\"https:\/\/schema.org\",\"@graph\":[{\"@type\":\"WebPage\",\"@id\":\"https:\/\/marevik.ee\/test\/toode\/noelaplaat-otsepistele-bernina\/\",\"url\":\"https:\/\/marevik.ee\/test\/toode\/noelaplaat-otsepistele-bernina\/\",\"name\":\"N\u00f5elaplaat otsepistele Bernina - Marevik O&Uuml;\",\"isPartOf\":{\"@id\":\"https:\/\/marevik.ee\/test\/#website\"},\"primaryImageOfPage\":{\"@id\":\"https:\/\/marevik.ee\/test\/toode\/noelaplaat-otsepistele-bernina\/#primaryimage\"},\"image\":{\"@id\":\"https:\/\/marevik.ee\/test\/toode\/noelaplaat-otsepistele-bernina\/#primaryimage\"},\"thumbnailUrl\":\"https:\/\/marevik.ee\/test\/wp-content\/uploads\/2022\/12\/0333397200.jpg\",\"datePublished\":\"2022-12-27T12:19:58+00:00\",\"breadcrumb\":{\"@id\":\"https:\/\/marevik.ee\/test\/toode\/noelaplaat-otsepistele-bernina\/#breadcrumb\"},\"inLanguage\":\"en\",\"potentialAction\":[{\"@type\":\"ReadAction\",\"target\":[\"https:\/\/marevik.ee\/test\/toode\/noelaplaat-otsepistele-bernina\/\"]}]},{\"@type\":\"ImageObject\",\"inLanguage\":\"en\",\"@id\":\"https:\/\/marevik.ee\/test\/toode\/noelaplaat-otsepistele-bernina\/#primaryimage\",\"url\":\"https:\/\/marevik.ee\/test\/wp-content\/uploads\/2022\/12\/0333397200.jpg\",\"contentUrl\":\"https:\/\/marevik.ee\/test\/wp-content\/uploads\/2022\/12\/0333397200.jpg\",\"width\":550,\"height\":550},{\"@type\":\"BreadcrumbList\",\"@id\":\"https:\/\/marevik.ee\/test\/toode\/noelaplaat-otsepistele-bernina\/#breadcrumb\",\"itemListElement\":[{\"@type\":\"ListItem\",\"position\":1,\"name\":\"Home\",\"item\":\"https:\/\/marevik.ee\/test\/\"},{\"@type\":\"ListItem\",\"position\":2,\"name\":\"E-POOD\",\"item\":\"https:\/\/marevik.ee\/test\/epood\/\"},{\"@type\":\"ListItem\",\"position\":3,\"name\":\"N\u00f5elaplaat otsepistele Bernina\"}]},{\"@type\":\"WebSite\",\"@id\":\"https:\/\/marevik.ee\/test\/#website\",\"url\":\"https:\/\/marevik.ee\/test\/\",\"name\":\"Marevik O&Uuml;\",\"description\":\"&Otilde;mblusmasina asjatundja\",\"publisher\":{\"@id\":\"https:\/\/marevik.ee\/test\/#organization\"},\"potentialAction\":[{\"@type\":\"SearchAction\",\"target\":{\"@type\":\"EntryPoint\",\"urlTemplate\":\"https:\/\/marevik.ee\/test\/?s={search_term_string}\"},\"query-input\":{\"@type\":\"PropertyValueSpecification\",\"valueRequired\":true,\"valueName\":\"search_term_string\"}}],\"inLanguage\":\"en\"},{\"@type\":\"Organization\",\"@id\":\"https:\/\/marevik.ee\/test\/#organization\",\"name\":\"Marevik O&Uuml;\",\"url\":\"https:\/\/marevik.ee\/test\/\",\"logo\":{\"@type\":\"ImageObject\",\"inLanguage\":\"en\",\"@id\":\"https:\/\/marevik.ee\/test\/#\/schema\/logo\/image\/\",\"url\":\"https:\/\/marevik.ee\/test\/wp-content\/uploads\/2020\/02\/mblusmasina-asjatundja-1994_173x105_veebi_v-ike.jpg\",\"contentUrl\":\"https:\/\/marevik.ee\/test\/wp-content\/uploads\/2020\/02\/mblusmasina-asjatundja-1994_173x105_veebi_v-ike.jpg\",\"width\":173,\"height\":105,\"caption\":\"Marevik O&Uuml;\"},\"image\":{\"@id\":\"https:\/\/marevik.ee\/test\/#\/schema\/logo\/image\/\"}}]}<\/script>\n<!-- \/ Yoast SEO plugin. -->","yoast_head_json":{"title":"N\u00f5elaplaat otsepistele Bernina - Marevik O&Uuml;","robots":{"index":"index","follow":"follow","max-snippet":"max-snippet:-1","max-image-preview":"max-image-preview:large","max-video-preview":"max-video-preview:-1"},"canonical":"https:\/\/marevik.ee\/test\/toode\/noelaplaat-otsepistele-bernina\/","og_locale":"en_US","og_type":"article","og_title":"N\u00f5elaplaat otsepistele Bernina - Marevik O&Uuml;","og_description":"Lisapisteplaat eriti \u00f5hukeste v\u00f5i paksude\/tihedate kangaste \u00f5mblemiseks otse\u00f5mblusega. Pisteplaadil on v\u00e4ike \u00fcmar n\u00f5elaauk, mis toetab kangast l\u00e4hedalt hetkel, kui n\u00f5el seda l\u00e4bistab, v\u00e4ltides kanga venimist koos niidi ja n\u00f5elaga. Pisteplaat aitab saavutada \u00fchtlasemat \u00f5mblust ning aitab toetada-kaitsta poolipesa piirkonna liikuvaid osi pakse kangaid \u00f5mmeldes. Sobib Bernina mudelitele: B215, 220, 230, 230PE, 240, B325, B330, B335, B350PE, B380, 430, 440QE, B555, B570QE OLD, 630, B530, B550QE","og_url":"https:\/\/marevik.ee\/test\/toode\/noelaplaat-otsepistele-bernina\/","og_site_name":"Marevik O&Uuml;","og_image":[{"width":550,"height":550,"url":"https:\/\/marevik.ee\/test\/wp-content\/uploads\/2022\/12\/0333397200.jpg","type":"image\/jpeg"}],"twitter_card":"summary_large_image","schema":{"@context":"https:\/\/schema.org","@graph":[{"@type":"WebPage","@id":"https:\/\/marevik.ee\/test\/toode\/noelaplaat-otsepistele-bernina\/","url":"https:\/\/marevik.ee\/test\/toode\/noelaplaat-otsepistele-bernina\/","name":"N\u00f5elaplaat otsepistele Bernina - Marevik O&Uuml;","isPartOf":{"@id":"https:\/\/marevik.ee\/test\/#website"},"primaryImageOfPage":{"@id":"https:\/\/marevik.ee\/test\/toode\/noelaplaat-otsepistele-bernina\/#primaryimage"},"image":{"@id":"https:\/\/marevik.ee\/test\/toode\/noelaplaat-otsepistele-bernina\/#primaryimage"},"thumbnailUrl":"https:\/\/marevik.ee\/test\/wp-content\/uploads\/2022\/12\/0333397200.jpg","datePublished":"2022-12-27T12:19:58+00:00","breadcrumb":{"@id":"https:\/\/marevik.ee\/test\/toode\/noelaplaat-otsepistele-bernina\/#breadcrumb"},"inLanguage":"en","potentialAction":[{"@type":"ReadAction","target":["https:\/\/marevik.ee\/test\/toode\/noelaplaat-otsepistele-bernina\/"]}]},{"@type":"ImageObject","inLanguage":"en","@id":"https:\/\/marevik.ee\/test\/toode\/noelaplaat-otsepistele-bernina\/#primaryimage","url":"https:\/\/marevik.ee\/test\/wp-content\/uploads\/2022\/12\/0333397200.jpg","contentUrl":"https:\/\/marevik.ee\/test\/wp-content\/uploads\/2022\/12\/0333397200.jpg","width":550,"height":550},{"@type":"BreadcrumbList","@id":"https:\/\/marevik.ee\/test\/toode\/noelaplaat-otsepistele-bernina\/#breadcrumb","itemListElement":[{"@type":"ListItem","position":1,"name":"Home","item":"https:\/\/marevik.ee\/test\/"},{"@type":"ListItem","position":2,"name":"E-POOD","item":"https:\/\/marevik.ee\/test\/epood\/"},{"@type":"ListItem","position":3,"name":"N\u00f5elaplaat otsepistele Bernina"}]},{"@type":"WebSite","@id":"https:\/\/marevik.ee\/test\/#website","url":"https:\/\/marevik.ee\/test\/","name":"Marevik O&Uuml;","description":"&Otilde;mblusmasina asjatundja","publisher":{"@id":"https:\/\/marevik.ee\/test\/#organization"},"potentialAction":[{"@type":"SearchAction","target":{"@type":"EntryPoint","urlTemplate":"https:\/\/marevik.ee\/test\/?s={search_term_string}"},"query-input":{"@type":"PropertyValueSpecification","valueRequired":true,"valueName":"search_term_string"}}],"inLanguage":"en"},{"@type":"Organization","@id":"https:\/\/marevik.ee\/test\/#organization","name":"Marevik O&Uuml;","url":"https:\/\/marevik.ee\/test\/","logo":{"@type":"ImageObject","inLanguage":"en","@id":"https:\/\/marevik.ee\/test\/#\/schema\/logo\/image\/","url":"https:\/\/marevik.ee\/test\/wp-content\/uploads\/2020\/02\/mblusmasina-asjatundja-1994_173x105_veebi_v-ike.jpg","contentUrl":"https:\/\/marevik.ee\/test\/wp-content\/uploads\/2020\/02\/mblusmasina-asjatundja-1994_173x105_veebi_v-ike.jpg","width":173,"height":105,"caption":"Marevik O&Uuml;"},"image":{"@id":"https:\/\/marevik.ee\/test\/#\/schema\/logo\/image\/"}}]}},"_links":{"self":[{"href":"https:\/\/marevik.ee\/test\/wp-json\/wp\/v2\/product\/15035","targetHints":{"allow":["GET"]}}],"collection":[{"href":"https:\/\/marevik.ee\/test\/wp-json\/wp\/v2\/product"}],"about":[{"href":"https:\/\/marevik.ee\/test\/wp-json\/wp\/v2\/types\/product"}],"wp:featuredmedia":[{"embeddable":true,"href":"https:\/\/marevik.ee\/test\/wp-json\/wp\/v2\/media\/15036"}],"wp:attachment":[{"href":"https:\/\/marevik.ee\/test\/wp-json\/wp\/v2\/media?parent=15035"}],"wp:term":[{"taxonomy":"product_brand","embeddable":true,"href":"https:\/\/marevik.ee\/test\/wp-json\/wp\/v2\/product_brand?post=15035"},{"taxonomy":"product_cat","embeddable":true,"href":"https:\/\/marevik.ee\/test\/wp-json\/wp\/v2\/product_cat?post=15035"},{"taxonomy":"product_tag","embeddable":true,"href":"https:\/\/marevik.ee\/test\/wp-json\/wp\/v2\/product_tag?post=15035"}],"curies":[{"name":"wp","href":"https:\/\/api.w.org\/{rel}","templated":true}]}}