{"id":15109,"date":"2023-02-07T13:59:04","date_gmt":"2023-02-07T13:59:04","guid":{"rendered":"https:\/\/marevik.ee\/test\/?post_type=product&#038;p=15109"},"modified":"2025-10-28T10:05:11","modified_gmt":"2025-10-28T10:05:11","slug":"omblus-ja-tikkimismasin-brother-innov-is-m380d","status":"publish","type":"product","link":"https:\/\/marevik.ee\/test\/toode\/omblus-ja-tikkimismasin-brother-innov-is-m380d\/","title":{"rendered":"\u00d5mblus- ja tikkimismasin Brother Innov-is M380D"},"content":{"rendered":"<p>\u00d5mblemine:<br \/>\nHorisontaalne poolis\u00fcsteem<br \/>\nPiste pikkus 0-5mm<br \/>\nPiste laius 0-7mm<br \/>\n181 \u00f5mblusoperatsiooni<br \/>\n10 t\u00e4isautomaatset n\u00f6\u00f6pauku<br \/>\n4 erinevat fonti (suured ja v\u00e4ikesed t\u00e4hed)\u200f<br \/>\n10 m\u00e4lukohta kombineeritud pistete ja tekstide salvestamiseks<br \/>\n7-osaline s\u00f6\u00f6tehammastik<br \/>\nStart\/stop nupp pedaalita \u00f5mblemiseks<br \/>\nKohtvalgustus LED<br \/>\nFiksaatoriga presstald h\u00f5lbustamaks \u00fcleminekud \u00f5hemalt paksemale kangakihile<br \/>\n\u00d5mbluskiiruse regulaator, seadistatav ka siksak\u00f5mbluse laiuse k\u00e4sitsi reguleerimiseks<br \/>\nHammastiku langetamine vabak\u00e4etikandiks<br \/>\nAutomaatne n\u00f5elasilma niidistaja<br \/>\nAutomaatne pistekinnitus<br \/>\nElektrooniline niidil\u00f5ikus<\/p>\n<p>Tikkimine:<\/p>\n<p>Tikkimispiirkond 100 x 100 mm<br \/>\n10 erinevat fonti<br \/>\n200 tikkimismotiivi, seal hulgas 65 Disney-motiivi.<br \/>\nTikandraamid (10 raami, 14 pistet)\u200f<br \/>\nUSB-liides m\u00e4lupulgale<br \/>\nTraadita v\u00f5rgu\u00fchendus, Programm Brother Design Database Transfer, alla laaditav internetist.<br \/>\nTikkimiskiirus kuni 400 pistet minutis<br \/>\nV\u00e4rviline LCD puuteekraan<br \/>\nTikandi kujundamine ekraanil: mastaapimine, p\u00f6\u00f6ramine 1, 10 v\u00f5i 90 kraadi, peegelpilt<br \/>\nT\u00e4he suuruse muutmine<br \/>\nTikandi asukoha kontrollimine 4-s erinevas punktis<br \/>\nNiidi l\u00f5ppemise v\u00f5i katkemise sensor.<br \/>\nAutomaatne niidil\u00f5ikur<br \/>\nAutomaatne n\u00f5elasilma niidistaja<br \/>\nMasina peatumine niidi katkemise korral<br \/>\nKomplektis tikkimisraam 10x10cm<\/p>\n<div class=\"ast-oembed-container \" style=\"height: 100%;\"><iframe title=\"Brother Innov-is M380D - sewing and quilting features\" width=\"500\" height=\"281\" src=\"https:\/\/www.youtube.com\/embed\/5E5JXcEJCMg?feature=oembed\" frameborder=\"0\" allow=\"accelerometer; autoplay; clipboard-write; encrypted-media; gyroscope; picture-in-picture; web-share\" referrerpolicy=\"strict-origin-when-cross-origin\" allowfullscreen><\/iframe><\/div>\n","protected":false},"excerpt":{"rendered":"<p>\u00d5mblus- ja tikkimismasin Innov-is M380 on Brother kaubam\u00e4rgi laiast valikust lihtsaim ning soodsaim t\u00f6\u00f6riist. Masin sobib eelk\u00f5ike koju, hobidisaineri t\u00f6\u00f6lauale. Soodne hind ja suurep\u00e4rased omadused viivad taas Brother\u00b4i sammukese konkurentidest ette.<\/p>\n","protected":false},"featured_media":15110,"template":"","meta":{"site-sidebar-layout":"default","site-content-layout":"default","ast-site-content-layout":"default","site-content-style":"default","site-sidebar-style":"default","ast-global-header-display":"","ast-banner-title-visibility":"","ast-main-header-display":"","ast-hfb-above-header-display":"","ast-hfb-below-header-display":"","ast-hfb-mobile-header-display":"","site-post-title":"","ast-breadcrumbs-content":"","ast-featured-img":"","footer-sml-layout":"","theme-transparent-header-meta":"default","adv-header-id-meta":"","stick-header-meta":"","header-above-stick-meta":"","header-main-stick-meta":"","header-below-stick-meta":"","astra-migrate-meta-layouts":"set","ast-page-background-enabled":"default","ast-page-background-meta":{"desktop":{"background-color":"","background-image":"","background-repeat":"repeat","background-position":"center center","background-size":"auto","background-attachment":"scroll","background-type":"","background-media":"","overlay-type":"","overlay-color":"","overlay-opacity":"","overlay-gradient":""},"tablet":{"background-color":"","background-image":"","background-repeat":"repeat","background-position":"center center","background-size":"auto","background-attachment":"scroll","background-type":"","background-media":"","overlay-type":"","overlay-color":"","overlay-opacity":"","overlay-gradient":""},"mobile":{"background-color":"","background-image":"","background-repeat":"repeat","background-position":"center center","background-size":"auto","background-attachment":"scroll","background-type":"","background-media":"","overlay-type":"","overlay-color":"","overlay-opacity":"","overlay-gradient":""}},"ast-content-background-meta":{"desktop":{"background-color":"var(--ast-global-color-5)","background-image":"","background-repeat":"repeat","background-position":"center center","background-size":"auto","background-attachment":"scroll","background-type":"","background-media":"","overlay-type":"","overlay-color":"","overlay-opacity":"","overlay-gradient":""},"tablet":{"background-color":"var(--ast-global-color-5)","background-image":"","background-repeat":"repeat","background-position":"center center","background-size":"auto","background-attachment":"scroll","background-type":"","background-media":"","overlay-type":"","overlay-color":"","overlay-opacity":"","overlay-gradient":""},"mobile":{"background-color":"var(--ast-global-color-5)","background-image":"","background-repeat":"repeat","background-position":"center center","background-size":"auto","background-attachment":"scroll","background-type":"","background-media":"","overlay-type":"","overlay-color":"","overlay-opacity":"","overlay-gradient":""}}},"product_brand":[],"product_cat":[68,86,60,63],"product_tag":[85],"class_list":{"0":"post-15109","1":"product","2":"type-product","3":"status-publish","4":"has-post-thumbnail","6":"product_cat-brother","7":"product_cat-brother-tikkimismasinad","8":"product_cat-omblusmasinad","9":"product_cat-tikkimismasinad","10":"product_tag-brother","11":"desktop-align-left","12":"tablet-align-left","13":"mobile-align-left","15":"first","16":"instock","17":"taxable","18":"shipping-taxable","19":"purchasable","20":"product-type-simple"},"yoast_head":"<!-- This site is optimized with the Yoast SEO plugin v26.1.1 - https:\/\/yoast.com\/wordpress\/plugins\/seo\/ -->\n<title>\u00d5mblus- ja tikkimismasin Brother Innov-is M380D - Marevik O&Uuml;<\/title>\n<meta name=\"description\" content=\"\u00d5mblus- ja tikkimismasin Innov-is M380 on Brother kaubam\u00e4rgi laiast valikust lihtsaim ning soodsaim t\u00f6\u00f6riist. Masin sobib eelk\u00f5ike koju, hobidisaineri t\u00f6\u00f6lauale. Soodne hind ja suurep\u00e4rased omadused viivad taas Brother\u00b4i sammukese konkurentidest ette.\" \/>\n<meta name=\"robots\" content=\"index, follow, max-snippet:-1, max-image-preview:large, max-video-preview:-1\" \/>\n<link rel=\"canonical\" href=\"https:\/\/marevik.ee\/test\/toode\/omblus-ja-tikkimismasin-brother-innov-is-m380d\/\" \/>\n<meta property=\"og:locale\" content=\"en_US\" \/>\n<meta property=\"og:type\" content=\"article\" \/>\n<meta property=\"og:title\" content=\"\u00d5mblus- ja tikkimismasin Brother Innov-is M380D - Marevik O&Uuml;\" \/>\n<meta property=\"og:description\" content=\"\u00d5mblus- ja tikkimismasin Innov-is M380 on Brother kaubam\u00e4rgi laiast valikust lihtsaim ning soodsaim t\u00f6\u00f6riist. Masin sobib eelk\u00f5ike koju, hobidisaineri t\u00f6\u00f6lauale. Soodne hind ja suurep\u00e4rased omadused viivad taas Brother\u00b4i sammukese konkurentidest ette.\" \/>\n<meta property=\"og:url\" content=\"https:\/\/marevik.ee\/test\/toode\/omblus-ja-tikkimismasin-brother-innov-is-m380d\/\" \/>\n<meta property=\"og:site_name\" content=\"Marevik O&Uuml;\" \/>\n<meta property=\"article:modified_time\" content=\"2025-10-28T10:05:11+00:00\" \/>\n<meta property=\"og:image\" content=\"https:\/\/marevik.ee\/test\/wp-content\/uploads\/2023\/02\/NV-M380D.jpg\" \/>\n\t<meta property=\"og:image:width\" content=\"768\" \/>\n\t<meta property=\"og:image:height\" content=\"768\" \/>\n\t<meta property=\"og:image:type\" content=\"image\/jpeg\" \/>\n<meta name=\"twitter:card\" content=\"summary_large_image\" \/>\n<meta name=\"twitter:label1\" content=\"Est. reading time\" \/>\n\t<meta name=\"twitter:data1\" content=\"1 minute\" \/>\n<script type=\"application\/ld+json\" class=\"yoast-schema-graph\">{\"@context\":\"https:\/\/schema.org\",\"@graph\":[{\"@type\":\"WebPage\",\"@id\":\"https:\/\/marevik.ee\/test\/toode\/omblus-ja-tikkimismasin-brother-innov-is-m380d\/\",\"url\":\"https:\/\/marevik.ee\/test\/toode\/omblus-ja-tikkimismasin-brother-innov-is-m380d\/\",\"name\":\"\u00d5mblus- ja tikkimismasin Brother Innov-is M380D - Marevik O&Uuml;\",\"isPartOf\":{\"@id\":\"https:\/\/marevik.ee\/test\/#website\"},\"primaryImageOfPage\":{\"@id\":\"https:\/\/marevik.ee\/test\/toode\/omblus-ja-tikkimismasin-brother-innov-is-m380d\/#primaryimage\"},\"image\":{\"@id\":\"https:\/\/marevik.ee\/test\/toode\/omblus-ja-tikkimismasin-brother-innov-is-m380d\/#primaryimage\"},\"thumbnailUrl\":\"https:\/\/marevik.ee\/test\/wp-content\/uploads\/2023\/02\/NV-M380D.jpg\",\"datePublished\":\"2023-02-07T13:59:04+00:00\",\"dateModified\":\"2025-10-28T10:05:11+00:00\",\"description\":\"\u00d5mblus- ja tikkimismasin Innov-is M380 on Brother kaubam\u00e4rgi laiast valikust lihtsaim ning soodsaim t\u00f6\u00f6riist. Masin sobib eelk\u00f5ike koju, hobidisaineri t\u00f6\u00f6lauale. Soodne hind ja suurep\u00e4rased omadused viivad taas Brother\u00b4i sammukese konkurentidest ette.\",\"breadcrumb\":{\"@id\":\"https:\/\/marevik.ee\/test\/toode\/omblus-ja-tikkimismasin-brother-innov-is-m380d\/#breadcrumb\"},\"inLanguage\":\"en\",\"potentialAction\":[{\"@type\":\"ReadAction\",\"target\":[\"https:\/\/marevik.ee\/test\/toode\/omblus-ja-tikkimismasin-brother-innov-is-m380d\/\"]}]},{\"@type\":\"ImageObject\",\"inLanguage\":\"en\",\"@id\":\"https:\/\/marevik.ee\/test\/toode\/omblus-ja-tikkimismasin-brother-innov-is-m380d\/#primaryimage\",\"url\":\"https:\/\/marevik.ee\/test\/wp-content\/uploads\/2023\/02\/NV-M380D.jpg\",\"contentUrl\":\"https:\/\/marevik.ee\/test\/wp-content\/uploads\/2023\/02\/NV-M380D.jpg\",\"width\":768,\"height\":768},{\"@type\":\"BreadcrumbList\",\"@id\":\"https:\/\/marevik.ee\/test\/toode\/omblus-ja-tikkimismasin-brother-innov-is-m380d\/#breadcrumb\",\"itemListElement\":[{\"@type\":\"ListItem\",\"position\":1,\"name\":\"Home\",\"item\":\"https:\/\/marevik.ee\/test\/\"},{\"@type\":\"ListItem\",\"position\":2,\"name\":\"E-POOD\",\"item\":\"https:\/\/marevik.ee\/test\/epood\/\"},{\"@type\":\"ListItem\",\"position\":3,\"name\":\"\u00d5mblus- ja tikkimismasin Brother Innov-is M380D\"}]},{\"@type\":\"WebSite\",\"@id\":\"https:\/\/marevik.ee\/test\/#website\",\"url\":\"https:\/\/marevik.ee\/test\/\",\"name\":\"Marevik O&Uuml;\",\"description\":\"&Otilde;mblusmasina asjatundja\",\"publisher\":{\"@id\":\"https:\/\/marevik.ee\/test\/#organization\"},\"potentialAction\":[{\"@type\":\"SearchAction\",\"target\":{\"@type\":\"EntryPoint\",\"urlTemplate\":\"https:\/\/marevik.ee\/test\/?s={search_term_string}\"},\"query-input\":{\"@type\":\"PropertyValueSpecification\",\"valueRequired\":true,\"valueName\":\"search_term_string\"}}],\"inLanguage\":\"en\"},{\"@type\":\"Organization\",\"@id\":\"https:\/\/marevik.ee\/test\/#organization\",\"name\":\"Marevik O&Uuml;\",\"url\":\"https:\/\/marevik.ee\/test\/\",\"logo\":{\"@type\":\"ImageObject\",\"inLanguage\":\"en\",\"@id\":\"https:\/\/marevik.ee\/test\/#\/schema\/logo\/image\/\",\"url\":\"https:\/\/marevik.ee\/test\/wp-content\/uploads\/2020\/02\/mblusmasina-asjatundja-1994_173x105_veebi_v-ike.jpg\",\"contentUrl\":\"https:\/\/marevik.ee\/test\/wp-content\/uploads\/2020\/02\/mblusmasina-asjatundja-1994_173x105_veebi_v-ike.jpg\",\"width\":173,\"height\":105,\"caption\":\"Marevik O&Uuml;\"},\"image\":{\"@id\":\"https:\/\/marevik.ee\/test\/#\/schema\/logo\/image\/\"}}]}<\/script>\n<!-- \/ Yoast SEO plugin. -->","yoast_head_json":{"title":"\u00d5mblus- ja tikkimismasin Brother Innov-is M380D - Marevik O&Uuml;","description":"\u00d5mblus- ja tikkimismasin Innov-is M380 on Brother kaubam\u00e4rgi laiast valikust lihtsaim ning soodsaim t\u00f6\u00f6riist. Masin sobib eelk\u00f5ike koju, hobidisaineri t\u00f6\u00f6lauale. Soodne hind ja suurep\u00e4rased omadused viivad taas Brother\u00b4i sammukese konkurentidest ette.","robots":{"index":"index","follow":"follow","max-snippet":"max-snippet:-1","max-image-preview":"max-image-preview:large","max-video-preview":"max-video-preview:-1"},"canonical":"https:\/\/marevik.ee\/test\/toode\/omblus-ja-tikkimismasin-brother-innov-is-m380d\/","og_locale":"en_US","og_type":"article","og_title":"\u00d5mblus- ja tikkimismasin Brother Innov-is M380D - Marevik O&Uuml;","og_description":"\u00d5mblus- ja tikkimismasin Innov-is M380 on Brother kaubam\u00e4rgi laiast valikust lihtsaim ning soodsaim t\u00f6\u00f6riist. Masin sobib eelk\u00f5ike koju, hobidisaineri t\u00f6\u00f6lauale. Soodne hind ja suurep\u00e4rased omadused viivad taas Brother\u00b4i sammukese konkurentidest ette.","og_url":"https:\/\/marevik.ee\/test\/toode\/omblus-ja-tikkimismasin-brother-innov-is-m380d\/","og_site_name":"Marevik O&Uuml;","article_modified_time":"2025-10-28T10:05:11+00:00","og_image":[{"width":768,"height":768,"url":"https:\/\/marevik.ee\/test\/wp-content\/uploads\/2023\/02\/NV-M380D.jpg","type":"image\/jpeg"}],"twitter_card":"summary_large_image","twitter_misc":{"Est. reading time":"1 minute"},"schema":{"@context":"https:\/\/schema.org","@graph":[{"@type":"WebPage","@id":"https:\/\/marevik.ee\/test\/toode\/omblus-ja-tikkimismasin-brother-innov-is-m380d\/","url":"https:\/\/marevik.ee\/test\/toode\/omblus-ja-tikkimismasin-brother-innov-is-m380d\/","name":"\u00d5mblus- ja tikkimismasin Brother Innov-is M380D - Marevik O&Uuml;","isPartOf":{"@id":"https:\/\/marevik.ee\/test\/#website"},"primaryImageOfPage":{"@id":"https:\/\/marevik.ee\/test\/toode\/omblus-ja-tikkimismasin-brother-innov-is-m380d\/#primaryimage"},"image":{"@id":"https:\/\/marevik.ee\/test\/toode\/omblus-ja-tikkimismasin-brother-innov-is-m380d\/#primaryimage"},"thumbnailUrl":"https:\/\/marevik.ee\/test\/wp-content\/uploads\/2023\/02\/NV-M380D.jpg","datePublished":"2023-02-07T13:59:04+00:00","dateModified":"2025-10-28T10:05:11+00:00","description":"\u00d5mblus- ja tikkimismasin Innov-is M380 on Brother kaubam\u00e4rgi laiast valikust lihtsaim ning soodsaim t\u00f6\u00f6riist. Masin sobib eelk\u00f5ike koju, hobidisaineri t\u00f6\u00f6lauale. Soodne hind ja suurep\u00e4rased omadused viivad taas Brother\u00b4i sammukese konkurentidest ette.","breadcrumb":{"@id":"https:\/\/marevik.ee\/test\/toode\/omblus-ja-tikkimismasin-brother-innov-is-m380d\/#breadcrumb"},"inLanguage":"en","potentialAction":[{"@type":"ReadAction","target":["https:\/\/marevik.ee\/test\/toode\/omblus-ja-tikkimismasin-brother-innov-is-m380d\/"]}]},{"@type":"ImageObject","inLanguage":"en","@id":"https:\/\/marevik.ee\/test\/toode\/omblus-ja-tikkimismasin-brother-innov-is-m380d\/#primaryimage","url":"https:\/\/marevik.ee\/test\/wp-content\/uploads\/2023\/02\/NV-M380D.jpg","contentUrl":"https:\/\/marevik.ee\/test\/wp-content\/uploads\/2023\/02\/NV-M380D.jpg","width":768,"height":768},{"@type":"BreadcrumbList","@id":"https:\/\/marevik.ee\/test\/toode\/omblus-ja-tikkimismasin-brother-innov-is-m380d\/#breadcrumb","itemListElement":[{"@type":"ListItem","position":1,"name":"Home","item":"https:\/\/marevik.ee\/test\/"},{"@type":"ListItem","position":2,"name":"E-POOD","item":"https:\/\/marevik.ee\/test\/epood\/"},{"@type":"ListItem","position":3,"name":"\u00d5mblus- ja tikkimismasin Brother Innov-is M380D"}]},{"@type":"WebSite","@id":"https:\/\/marevik.ee\/test\/#website","url":"https:\/\/marevik.ee\/test\/","name":"Marevik O&Uuml;","description":"&Otilde;mblusmasina asjatundja","publisher":{"@id":"https:\/\/marevik.ee\/test\/#organization"},"potentialAction":[{"@type":"SearchAction","target":{"@type":"EntryPoint","urlTemplate":"https:\/\/marevik.ee\/test\/?s={search_term_string}"},"query-input":{"@type":"PropertyValueSpecification","valueRequired":true,"valueName":"search_term_string"}}],"inLanguage":"en"},{"@type":"Organization","@id":"https:\/\/marevik.ee\/test\/#organization","name":"Marevik O&Uuml;","url":"https:\/\/marevik.ee\/test\/","logo":{"@type":"ImageObject","inLanguage":"en","@id":"https:\/\/marevik.ee\/test\/#\/schema\/logo\/image\/","url":"https:\/\/marevik.ee\/test\/wp-content\/uploads\/2020\/02\/mblusmasina-asjatundja-1994_173x105_veebi_v-ike.jpg","contentUrl":"https:\/\/marevik.ee\/test\/wp-content\/uploads\/2020\/02\/mblusmasina-asjatundja-1994_173x105_veebi_v-ike.jpg","width":173,"height":105,"caption":"Marevik O&Uuml;"},"image":{"@id":"https:\/\/marevik.ee\/test\/#\/schema\/logo\/image\/"}}]}},"_links":{"self":[{"href":"https:\/\/marevik.ee\/test\/wp-json\/wp\/v2\/product\/15109","targetHints":{"allow":["GET"]}}],"collection":[{"href":"https:\/\/marevik.ee\/test\/wp-json\/wp\/v2\/product"}],"about":[{"href":"https:\/\/marevik.ee\/test\/wp-json\/wp\/v2\/types\/product"}],"wp:featuredmedia":[{"embeddable":true,"href":"https:\/\/marevik.ee\/test\/wp-json\/wp\/v2\/media\/15110"}],"wp:attachment":[{"href":"https:\/\/marevik.ee\/test\/wp-json\/wp\/v2\/media?parent=15109"}],"wp:term":[{"taxonomy":"product_brand","embeddable":true,"href":"https:\/\/marevik.ee\/test\/wp-json\/wp\/v2\/product_brand?post=15109"},{"taxonomy":"product_cat","embeddable":true,"href":"https:\/\/marevik.ee\/test\/wp-json\/wp\/v2\/product_cat?post=15109"},{"taxonomy":"product_tag","embeddable":true,"href":"https:\/\/marevik.ee\/test\/wp-json\/wp\/v2\/product_tag?post=15109"}],"curies":[{"name":"wp","href":"https:\/\/api.w.org\/{rel}","templated":true}]}}