{"id":15131,"date":"2023-02-15T08:51:20","date_gmt":"2023-02-15T08:51:20","guid":{"rendered":"https:\/\/marevik.ee\/test\/?post_type=product&#038;p=15131"},"modified":"2023-05-10T04:35:43","modified_gmt":"2023-05-10T04:35:43","slug":"tikkimismoodul-bernina-l","status":"publish","type":"product","link":"https:\/\/marevik.ee\/test\/toode\/tikkimismoodul-bernina-l\/","title":{"rendered":"Tikkimismoodul Bernina L"},"content":{"rendered":"","protected":false},"excerpt":{"rendered":"<p>Tikkimismoodul muudab \u00f5mblusmasina Bernina 735, 770 ja 790 tikkimismasinaks. Mooduli disain v\u00f5imaldab tikkida ka torujatele detailidele. Komplekti kuulub 3 tikkimisraami, tikkimistald ja ka lihtne programm, mis v\u00f5imaldab koostada lihtsamaid disaine. Tikkimispiirkond on maksimaalselt 210 x 400 mm.<\/p>\n","protected":false},"featured_media":15132,"template":"","meta":{"site-sidebar-layout":"default","site-content-layout":"default","ast-site-content-layout":"","site-content-style":"default","site-sidebar-style":"default","ast-global-header-display":"","ast-banner-title-visibility":"","ast-main-header-display":"","ast-hfb-above-header-display":"","ast-hfb-below-header-display":"","ast-hfb-mobile-header-display":"","site-post-title":"","ast-breadcrumbs-content":"","ast-featured-img":"","footer-sml-layout":"","theme-transparent-header-meta":"default","adv-header-id-meta":"","stick-header-meta":"","header-above-stick-meta":"","header-main-stick-meta":"","header-below-stick-meta":"","astra-migrate-meta-layouts":"default","ast-page-background-enabled":"default","ast-page-background-meta":{"desktop":{"background-color":"","background-image":"","background-repeat":"repeat","background-position":"center center","background-size":"auto","background-attachment":"scroll","background-type":"","background-media":"","overlay-type":"","overlay-color":"","overlay-opacity":"","overlay-gradient":""},"tablet":{"background-color":"","background-image":"","background-repeat":"repeat","background-position":"center center","background-size":"auto","background-attachment":"scroll","background-type":"","background-media":"","overlay-type":"","overlay-color":"","overlay-opacity":"","overlay-gradient":""},"mobile":{"background-color":"","background-image":"","background-repeat":"repeat","background-position":"center center","background-size":"auto","background-attachment":"scroll","background-type":"","background-media":"","overlay-type":"","overlay-color":"","overlay-opacity":"","overlay-gradient":""}},"ast-content-background-meta":{"desktop":{"background-color":"var(--ast-global-color-5)","background-image":"","background-repeat":"repeat","background-position":"center center","background-size":"auto","background-attachment":"scroll","background-type":"","background-media":"","overlay-type":"","overlay-color":"","overlay-opacity":"","overlay-gradient":""},"tablet":{"background-color":"var(--ast-global-color-5)","background-image":"","background-repeat":"repeat","background-position":"center center","background-size":"auto","background-attachment":"scroll","background-type":"","background-media":"","overlay-type":"","overlay-color":"","overlay-opacity":"","overlay-gradient":""},"mobile":{"background-color":"var(--ast-global-color-5)","background-image":"","background-repeat":"repeat","background-position":"center center","background-size":"auto","background-attachment":"scroll","background-type":"","background-media":"","overlay-type":"","overlay-color":"","overlay-opacity":"","overlay-gradient":""}}},"product_brand":[],"product_cat":[96,63],"product_tag":[108],"class_list":{"0":"post-15131","1":"product","2":"type-product","3":"status-publish","4":"has-post-thumbnail","6":"product_cat-bernina-tikkimismasinad","7":"product_cat-tikkimismasinad","8":"product_tag-bernina","9":"desktop-align-left","10":"tablet-align-left","11":"mobile-align-left","13":"first","14":"instock","15":"taxable","16":"shipping-taxable","17":"purchasable","18":"product-type-simple"},"yoast_head":"<!-- This site is optimized with the Yoast SEO plugin v26.1.1 - https:\/\/yoast.com\/wordpress\/plugins\/seo\/ -->\n<title>Tikkimismoodul Bernina L - Marevik O&Uuml;<\/title>\n<meta name=\"description\" content=\"Tikkimismoodul muudab \u00f5mblusmasina Bernina 735, 770 ja 790 tikkimismasinaks. Mooduli disain v\u00f5imaldab tikkida ka torujatele detailidele. Komplekti kuulub 3 tikkimisraami, tikkimistald ja ka lihtne programm, mis v\u00f5imaldab koostada lihtsamaid disaine. Tikkimispiirkond on maksimaalselt 210 x 400 mm.\" \/>\n<meta name=\"robots\" content=\"index, follow, max-snippet:-1, max-image-preview:large, max-video-preview:-1\" \/>\n<link rel=\"canonical\" href=\"https:\/\/marevik.ee\/test\/toode\/tikkimismoodul-bernina-l\/\" \/>\n<meta property=\"og:locale\" content=\"en_US\" \/>\n<meta property=\"og:type\" content=\"article\" \/>\n<meta property=\"og:title\" content=\"Tikkimismoodul Bernina L - Marevik O&Uuml;\" \/>\n<meta property=\"og:description\" content=\"Tikkimismoodul muudab \u00f5mblusmasina Bernina 735, 770 ja 790 tikkimismasinaks. Mooduli disain v\u00f5imaldab tikkida ka torujatele detailidele. Komplekti kuulub 3 tikkimisraami, tikkimistald ja ka lihtne programm, mis v\u00f5imaldab koostada lihtsamaid disaine. Tikkimispiirkond on maksimaalselt 210 x 400 mm.\" \/>\n<meta property=\"og:url\" content=\"https:\/\/marevik.ee\/test\/toode\/tikkimismoodul-bernina-l\/\" \/>\n<meta property=\"og:site_name\" content=\"Marevik O&Uuml;\" \/>\n<meta property=\"article:modified_time\" content=\"2023-05-10T04:35:43+00:00\" \/>\n<meta property=\"og:image\" content=\"https:\/\/marevik.ee\/test\/wp-content\/uploads\/2023\/02\/BERNINA_EMB_SDT_L.jpg\" \/>\n\t<meta property=\"og:image:width\" content=\"800\" \/>\n\t<meta property=\"og:image:height\" content=\"531\" \/>\n\t<meta property=\"og:image:type\" content=\"image\/jpeg\" \/>\n<meta name=\"twitter:card\" content=\"summary_large_image\" \/>\n<script type=\"application\/ld+json\" class=\"yoast-schema-graph\">{\"@context\":\"https:\/\/schema.org\",\"@graph\":[{\"@type\":\"WebPage\",\"@id\":\"https:\/\/marevik.ee\/test\/toode\/tikkimismoodul-bernina-l\/\",\"url\":\"https:\/\/marevik.ee\/test\/toode\/tikkimismoodul-bernina-l\/\",\"name\":\"Tikkimismoodul Bernina L - Marevik O&Uuml;\",\"isPartOf\":{\"@id\":\"https:\/\/marevik.ee\/test\/#website\"},\"primaryImageOfPage\":{\"@id\":\"https:\/\/marevik.ee\/test\/toode\/tikkimismoodul-bernina-l\/#primaryimage\"},\"image\":{\"@id\":\"https:\/\/marevik.ee\/test\/toode\/tikkimismoodul-bernina-l\/#primaryimage\"},\"thumbnailUrl\":\"https:\/\/marevik.ee\/test\/wp-content\/uploads\/2023\/02\/BERNINA_EMB_SDT_L.jpg\",\"datePublished\":\"2023-02-15T08:51:20+00:00\",\"dateModified\":\"2023-05-10T04:35:43+00:00\",\"description\":\"Tikkimismoodul muudab \u00f5mblusmasina Bernina 735, 770 ja 790 tikkimismasinaks. Mooduli disain v\u00f5imaldab tikkida ka torujatele detailidele. Komplekti kuulub 3 tikkimisraami, tikkimistald ja ka lihtne programm, mis v\u00f5imaldab koostada lihtsamaid disaine. Tikkimispiirkond on maksimaalselt 210 x 400 mm.\",\"breadcrumb\":{\"@id\":\"https:\/\/marevik.ee\/test\/toode\/tikkimismoodul-bernina-l\/#breadcrumb\"},\"inLanguage\":\"en\",\"potentialAction\":[{\"@type\":\"ReadAction\",\"target\":[\"https:\/\/marevik.ee\/test\/toode\/tikkimismoodul-bernina-l\/\"]}]},{\"@type\":\"ImageObject\",\"inLanguage\":\"en\",\"@id\":\"https:\/\/marevik.ee\/test\/toode\/tikkimismoodul-bernina-l\/#primaryimage\",\"url\":\"https:\/\/marevik.ee\/test\/wp-content\/uploads\/2023\/02\/BERNINA_EMB_SDT_L.jpg\",\"contentUrl\":\"https:\/\/marevik.ee\/test\/wp-content\/uploads\/2023\/02\/BERNINA_EMB_SDT_L.jpg\",\"width\":800,\"height\":531},{\"@type\":\"BreadcrumbList\",\"@id\":\"https:\/\/marevik.ee\/test\/toode\/tikkimismoodul-bernina-l\/#breadcrumb\",\"itemListElement\":[{\"@type\":\"ListItem\",\"position\":1,\"name\":\"Home\",\"item\":\"https:\/\/marevik.ee\/test\/\"},{\"@type\":\"ListItem\",\"position\":2,\"name\":\"E-POOD\",\"item\":\"https:\/\/marevik.ee\/test\/epood\/\"},{\"@type\":\"ListItem\",\"position\":3,\"name\":\"Tikkimismoodul Bernina L\"}]},{\"@type\":\"WebSite\",\"@id\":\"https:\/\/marevik.ee\/test\/#website\",\"url\":\"https:\/\/marevik.ee\/test\/\",\"name\":\"Marevik O&Uuml;\",\"description\":\"&Otilde;mblusmasina asjatundja\",\"publisher\":{\"@id\":\"https:\/\/marevik.ee\/test\/#organization\"},\"potentialAction\":[{\"@type\":\"SearchAction\",\"target\":{\"@type\":\"EntryPoint\",\"urlTemplate\":\"https:\/\/marevik.ee\/test\/?s={search_term_string}\"},\"query-input\":{\"@type\":\"PropertyValueSpecification\",\"valueRequired\":true,\"valueName\":\"search_term_string\"}}],\"inLanguage\":\"en\"},{\"@type\":\"Organization\",\"@id\":\"https:\/\/marevik.ee\/test\/#organization\",\"name\":\"Marevik O&Uuml;\",\"url\":\"https:\/\/marevik.ee\/test\/\",\"logo\":{\"@type\":\"ImageObject\",\"inLanguage\":\"en\",\"@id\":\"https:\/\/marevik.ee\/test\/#\/schema\/logo\/image\/\",\"url\":\"https:\/\/marevik.ee\/test\/wp-content\/uploads\/2020\/02\/mblusmasina-asjatundja-1994_173x105_veebi_v-ike.jpg\",\"contentUrl\":\"https:\/\/marevik.ee\/test\/wp-content\/uploads\/2020\/02\/mblusmasina-asjatundja-1994_173x105_veebi_v-ike.jpg\",\"width\":173,\"height\":105,\"caption\":\"Marevik O&Uuml;\"},\"image\":{\"@id\":\"https:\/\/marevik.ee\/test\/#\/schema\/logo\/image\/\"}}]}<\/script>\n<!-- \/ Yoast SEO plugin. -->","yoast_head_json":{"title":"Tikkimismoodul Bernina L - Marevik O&Uuml;","description":"Tikkimismoodul muudab \u00f5mblusmasina Bernina 735, 770 ja 790 tikkimismasinaks. Mooduli disain v\u00f5imaldab tikkida ka torujatele detailidele. Komplekti kuulub 3 tikkimisraami, tikkimistald ja ka lihtne programm, mis v\u00f5imaldab koostada lihtsamaid disaine. Tikkimispiirkond on maksimaalselt 210 x 400 mm.","robots":{"index":"index","follow":"follow","max-snippet":"max-snippet:-1","max-image-preview":"max-image-preview:large","max-video-preview":"max-video-preview:-1"},"canonical":"https:\/\/marevik.ee\/test\/toode\/tikkimismoodul-bernina-l\/","og_locale":"en_US","og_type":"article","og_title":"Tikkimismoodul Bernina L - Marevik O&Uuml;","og_description":"Tikkimismoodul muudab \u00f5mblusmasina Bernina 735, 770 ja 790 tikkimismasinaks. Mooduli disain v\u00f5imaldab tikkida ka torujatele detailidele. Komplekti kuulub 3 tikkimisraami, tikkimistald ja ka lihtne programm, mis v\u00f5imaldab koostada lihtsamaid disaine. Tikkimispiirkond on maksimaalselt 210 x 400 mm.","og_url":"https:\/\/marevik.ee\/test\/toode\/tikkimismoodul-bernina-l\/","og_site_name":"Marevik O&Uuml;","article_modified_time":"2023-05-10T04:35:43+00:00","og_image":[{"width":800,"height":531,"url":"https:\/\/marevik.ee\/test\/wp-content\/uploads\/2023\/02\/BERNINA_EMB_SDT_L.jpg","type":"image\/jpeg"}],"twitter_card":"summary_large_image","schema":{"@context":"https:\/\/schema.org","@graph":[{"@type":"WebPage","@id":"https:\/\/marevik.ee\/test\/toode\/tikkimismoodul-bernina-l\/","url":"https:\/\/marevik.ee\/test\/toode\/tikkimismoodul-bernina-l\/","name":"Tikkimismoodul Bernina L - Marevik O&Uuml;","isPartOf":{"@id":"https:\/\/marevik.ee\/test\/#website"},"primaryImageOfPage":{"@id":"https:\/\/marevik.ee\/test\/toode\/tikkimismoodul-bernina-l\/#primaryimage"},"image":{"@id":"https:\/\/marevik.ee\/test\/toode\/tikkimismoodul-bernina-l\/#primaryimage"},"thumbnailUrl":"https:\/\/marevik.ee\/test\/wp-content\/uploads\/2023\/02\/BERNINA_EMB_SDT_L.jpg","datePublished":"2023-02-15T08:51:20+00:00","dateModified":"2023-05-10T04:35:43+00:00","description":"Tikkimismoodul muudab \u00f5mblusmasina Bernina 735, 770 ja 790 tikkimismasinaks. Mooduli disain v\u00f5imaldab tikkida ka torujatele detailidele. Komplekti kuulub 3 tikkimisraami, tikkimistald ja ka lihtne programm, mis v\u00f5imaldab koostada lihtsamaid disaine. Tikkimispiirkond on maksimaalselt 210 x 400 mm.","breadcrumb":{"@id":"https:\/\/marevik.ee\/test\/toode\/tikkimismoodul-bernina-l\/#breadcrumb"},"inLanguage":"en","potentialAction":[{"@type":"ReadAction","target":["https:\/\/marevik.ee\/test\/toode\/tikkimismoodul-bernina-l\/"]}]},{"@type":"ImageObject","inLanguage":"en","@id":"https:\/\/marevik.ee\/test\/toode\/tikkimismoodul-bernina-l\/#primaryimage","url":"https:\/\/marevik.ee\/test\/wp-content\/uploads\/2023\/02\/BERNINA_EMB_SDT_L.jpg","contentUrl":"https:\/\/marevik.ee\/test\/wp-content\/uploads\/2023\/02\/BERNINA_EMB_SDT_L.jpg","width":800,"height":531},{"@type":"BreadcrumbList","@id":"https:\/\/marevik.ee\/test\/toode\/tikkimismoodul-bernina-l\/#breadcrumb","itemListElement":[{"@type":"ListItem","position":1,"name":"Home","item":"https:\/\/marevik.ee\/test\/"},{"@type":"ListItem","position":2,"name":"E-POOD","item":"https:\/\/marevik.ee\/test\/epood\/"},{"@type":"ListItem","position":3,"name":"Tikkimismoodul Bernina L"}]},{"@type":"WebSite","@id":"https:\/\/marevik.ee\/test\/#website","url":"https:\/\/marevik.ee\/test\/","name":"Marevik O&Uuml;","description":"&Otilde;mblusmasina asjatundja","publisher":{"@id":"https:\/\/marevik.ee\/test\/#organization"},"potentialAction":[{"@type":"SearchAction","target":{"@type":"EntryPoint","urlTemplate":"https:\/\/marevik.ee\/test\/?s={search_term_string}"},"query-input":{"@type":"PropertyValueSpecification","valueRequired":true,"valueName":"search_term_string"}}],"inLanguage":"en"},{"@type":"Organization","@id":"https:\/\/marevik.ee\/test\/#organization","name":"Marevik O&Uuml;","url":"https:\/\/marevik.ee\/test\/","logo":{"@type":"ImageObject","inLanguage":"en","@id":"https:\/\/marevik.ee\/test\/#\/schema\/logo\/image\/","url":"https:\/\/marevik.ee\/test\/wp-content\/uploads\/2020\/02\/mblusmasina-asjatundja-1994_173x105_veebi_v-ike.jpg","contentUrl":"https:\/\/marevik.ee\/test\/wp-content\/uploads\/2020\/02\/mblusmasina-asjatundja-1994_173x105_veebi_v-ike.jpg","width":173,"height":105,"caption":"Marevik O&Uuml;"},"image":{"@id":"https:\/\/marevik.ee\/test\/#\/schema\/logo\/image\/"}}]}},"_links":{"self":[{"href":"https:\/\/marevik.ee\/test\/wp-json\/wp\/v2\/product\/15131","targetHints":{"allow":["GET"]}}],"collection":[{"href":"https:\/\/marevik.ee\/test\/wp-json\/wp\/v2\/product"}],"about":[{"href":"https:\/\/marevik.ee\/test\/wp-json\/wp\/v2\/types\/product"}],"wp:featuredmedia":[{"embeddable":true,"href":"https:\/\/marevik.ee\/test\/wp-json\/wp\/v2\/media\/15132"}],"wp:attachment":[{"href":"https:\/\/marevik.ee\/test\/wp-json\/wp\/v2\/media?parent=15131"}],"wp:term":[{"taxonomy":"product_brand","embeddable":true,"href":"https:\/\/marevik.ee\/test\/wp-json\/wp\/v2\/product_brand?post=15131"},{"taxonomy":"product_cat","embeddable":true,"href":"https:\/\/marevik.ee\/test\/wp-json\/wp\/v2\/product_cat?post=15131"},{"taxonomy":"product_tag","embeddable":true,"href":"https:\/\/marevik.ee\/test\/wp-json\/wp\/v2\/product_tag?post=15131"}],"curies":[{"name":"wp","href":"https:\/\/api.w.org\/{rel}","templated":true}]}}