{"id":15133,"date":"2023-02-15T10:19:12","date_gmt":"2023-02-15T10:19:12","guid":{"rendered":"https:\/\/marevik.ee\/test\/?post_type=product&#038;p=15133"},"modified":"2023-02-15T10:19:13","modified_gmt":"2023-02-15T10:19:13","slug":"omblus-ja-tikkimismasin-bernina-735-tikkimismoodulita","status":"publish","type":"product","link":"https:\/\/marevik.ee\/test\/toode\/omblus-ja-tikkimismasin-bernina-735-tikkimismoodulita\/","title":{"rendered":"\u00d5mblus- ja tikkimismasin Bernina 735 (tikkimismoodulita)"},"content":{"rendered":"<p>\u00d5mbluskiirus kuni 1000 pistet minutis<br \/>\nSuur t\u00f6\u00f6laud, n\u00f5elast paremale 25cm<br \/>\nMasinal on kokku 1255 \u00f5mblusoperatsiooni, sisaldab ka t\u00e4hestikku, s.o. 6 erinevat fonti<br \/>\n32 tava\u00f5mblust<br \/>\n350 kaunistus\u00f5mblust<br \/>\n14 ristpiste \u00f5mblust<br \/>\n15 erinevat n\u00f6\u00f6pauguvarianti<br \/>\nProjektide m\u00e4llu salvestamise v\u00f5imalus<br \/>\nOma pistete loomise v\u00f5imalus<br \/>\nV\u00e4rviline 7 tolline puuteekraan<br \/>\nT\u00f6\u00f6laua valgustus, 30 LED lampi<br \/>\nPiste laius kuni 5,5mm<br \/>\nPiste pikkus kuni 6mm<br \/>\n11 erinevat n\u00f5elaasendit<br \/>\nAutomaatne presstalla t\u00f5stja<br \/>\nN\u00f5elasilma kiirniidistaja<br \/>\nElektrooniliselt juhitav niidil\u00f5ikus<br \/>\nPresstalla surve automaatika<br \/>\n\u00dclemise ja alumise niidi katkemise kontrollandur<br \/>\nMultifunktsionaalne pedaal<br \/>\nIntegreeritud \u00fclemine kangas\u00f6\u00f6tja<br \/>\nPedaalita \u00f5mblemise v\u00f5imalus<br \/>\nUSB sisend<br \/>\nN\u00f5elastopp \u00fcleval v\u00f5i all<br \/>\nV\u00f5imaldab poolida \u00f5mblemisega samal ajal<\/p>\n<p><strong>Lisavarustusena<\/strong> tikkimismasina funktsioon:<br \/>\nTikkimispiirkond 400x210mm<br \/>\nVarustuses 255x145mm, 130x100mm ja 72x50mm tikkimisraami<br \/>\nDisainimisprogramm Bernina (alla laaditav kodulehelt)<br \/>\n250 tikkimismotiivi<br \/>\nTikkimiseks 6 fonti t\u00e4hti ja numbreid<br \/>\nTikkimisfailide formaat: EXP, DST, PES, PEC, JEF, SEW, PCS, XXX<\/p>\n","protected":false},"excerpt":{"rendered":"<p>Bernina 735 \u00f5mblus- ja tikkimismasin on t\u00f6\u00f6riist n\u00f5udlikule \u00f5mblejale. T\u00e4iuslik \u00f5mblusmasin, kus ei puudu \u00fckski kaasaja n\u00f5uetele vastav funktsioon. Lisavarustusena saab osta juurde tikkimismooduli, mis muudab \u00f5mblusmasina ka tikkimismasinaks. See kes on korra omanud Bernina \u00f5mblusmasinat, ei vaheta seda \u00fchegi teise kaubam\u00e4rgi vastu.<\/p>\n","protected":false},"featured_media":15134,"template":"","meta":{"site-sidebar-layout":"default","site-content-layout":"default","ast-site-content-layout":"","site-content-style":"default","site-sidebar-style":"default","ast-global-header-display":"","ast-banner-title-visibility":"","ast-main-header-display":"","ast-hfb-above-header-display":"","ast-hfb-below-header-display":"","ast-hfb-mobile-header-display":"","site-post-title":"","ast-breadcrumbs-content":"","ast-featured-img":"","footer-sml-layout":"","theme-transparent-header-meta":"default","adv-header-id-meta":"","stick-header-meta":"","header-above-stick-meta":"","header-main-stick-meta":"","header-below-stick-meta":"","astra-migrate-meta-layouts":"default","ast-page-background-enabled":"default","ast-page-background-meta":{"desktop":{"background-color":"","background-image":"","background-repeat":"repeat","background-position":"center center","background-size":"auto","background-attachment":"scroll","background-type":"","background-media":"","overlay-type":"","overlay-color":"","overlay-opacity":"","overlay-gradient":""},"tablet":{"background-color":"","background-image":"","background-repeat":"repeat","background-position":"center center","background-size":"auto","background-attachment":"scroll","background-type":"","background-media":"","overlay-type":"","overlay-color":"","overlay-opacity":"","overlay-gradient":""},"mobile":{"background-color":"","background-image":"","background-repeat":"repeat","background-position":"center center","background-size":"auto","background-attachment":"scroll","background-type":"","background-media":"","overlay-type":"","overlay-color":"","overlay-opacity":"","overlay-gradient":""}},"ast-content-background-meta":{"desktop":{"background-color":"var(--ast-global-color-5)","background-image":"","background-repeat":"repeat","background-position":"center center","background-size":"auto","background-attachment":"scroll","background-type":"","background-media":"","overlay-type":"","overlay-color":"","overlay-opacity":"","overlay-gradient":""},"tablet":{"background-color":"var(--ast-global-color-5)","background-image":"","background-repeat":"repeat","background-position":"center center","background-size":"auto","background-attachment":"scroll","background-type":"","background-media":"","overlay-type":"","overlay-color":"","overlay-opacity":"","overlay-gradient":""},"mobile":{"background-color":"var(--ast-global-color-5)","background-image":"","background-repeat":"repeat","background-position":"center center","background-size":"auto","background-attachment":"scroll","background-type":"","background-media":"","overlay-type":"","overlay-color":"","overlay-opacity":"","overlay-gradient":""}}},"product_brand":[],"product_cat":[62,96,60,63],"product_tag":[108],"class_list":{"0":"post-15133","1":"product","2":"type-product","3":"status-publish","4":"has-post-thumbnail","6":"product_cat-bernina","7":"product_cat-bernina-tikkimismasinad","8":"product_cat-omblusmasinad","9":"product_cat-tikkimismasinad","10":"product_tag-bernina","11":"desktop-align-left","12":"tablet-align-left","13":"mobile-align-left","15":"first","16":"instock","17":"taxable","18":"shipping-taxable","19":"purchasable","20":"product-type-simple"},"yoast_head":"<!-- This site is optimized with the Yoast SEO plugin v26.1.1 - https:\/\/yoast.com\/wordpress\/plugins\/seo\/ -->\n<title>\u00d5mblus- ja tikkimismasin Bernina 735 (tikkimismoodulita) - Marevik O&Uuml;<\/title>\n<meta name=\"description\" content=\"Bernina 735 \u00f5mblus- ja tikkimismasin on t\u00f6\u00f6riist n\u00f5udlikule \u00f5mblejale. T\u00e4iuslik \u00f5mblusmasin, kus ei puudu \u00fckski kaasaja n\u00f5uetele vastav funktsioon. Lisavarustusena saab osta juurde tikkimismooduli, mis muudab \u00f5mblusmasina ka tikkimismasinaks. See kes on korra omanud Bernina \u00f5mblusmasinat, ei vaheta seda \u00fchegi teise kaubam\u00e4rgi vastu.\" \/>\n<meta name=\"robots\" content=\"index, follow, max-snippet:-1, max-image-preview:large, max-video-preview:-1\" \/>\n<link rel=\"canonical\" href=\"https:\/\/marevik.ee\/test\/toode\/omblus-ja-tikkimismasin-bernina-735-tikkimismoodulita\/\" \/>\n<meta property=\"og:locale\" content=\"en_US\" \/>\n<meta property=\"og:type\" content=\"article\" \/>\n<meta property=\"og:title\" content=\"\u00d5mblus- ja tikkimismasin Bernina 735 (tikkimismoodulita) - Marevik O&Uuml;\" \/>\n<meta property=\"og:description\" content=\"Bernina 735 \u00f5mblus- ja tikkimismasin on t\u00f6\u00f6riist n\u00f5udlikule \u00f5mblejale. T\u00e4iuslik \u00f5mblusmasin, kus ei puudu \u00fckski kaasaja n\u00f5uetele vastav funktsioon. Lisavarustusena saab osta juurde tikkimismooduli, mis muudab \u00f5mblusmasina ka tikkimismasinaks. See kes on korra omanud Bernina \u00f5mblusmasinat, ei vaheta seda \u00fchegi teise kaubam\u00e4rgi vastu.\" \/>\n<meta property=\"og:url\" content=\"https:\/\/marevik.ee\/test\/toode\/omblus-ja-tikkimismasin-bernina-735-tikkimismoodulita\/\" \/>\n<meta property=\"og:site_name\" content=\"Marevik O&Uuml;\" \/>\n<meta property=\"article:modified_time\" content=\"2023-02-15T10:19:13+00:00\" \/>\n<meta property=\"og:image\" content=\"https:\/\/marevik.ee\/test\/wp-content\/uploads\/2023\/02\/Bernina-735.jpg\" \/>\n\t<meta property=\"og:image:width\" content=\"2048\" \/>\n\t<meta property=\"og:image:height\" content=\"1536\" \/>\n\t<meta property=\"og:image:type\" content=\"image\/jpeg\" \/>\n<meta name=\"twitter:card\" content=\"summary_large_image\" \/>\n<meta name=\"twitter:label1\" content=\"Est. reading time\" \/>\n\t<meta name=\"twitter:data1\" content=\"1 minute\" \/>\n<script type=\"application\/ld+json\" class=\"yoast-schema-graph\">{\"@context\":\"https:\/\/schema.org\",\"@graph\":[{\"@type\":\"WebPage\",\"@id\":\"https:\/\/marevik.ee\/test\/toode\/omblus-ja-tikkimismasin-bernina-735-tikkimismoodulita\/\",\"url\":\"https:\/\/marevik.ee\/test\/toode\/omblus-ja-tikkimismasin-bernina-735-tikkimismoodulita\/\",\"name\":\"\u00d5mblus- ja tikkimismasin Bernina 735 (tikkimismoodulita) - Marevik O&Uuml;\",\"isPartOf\":{\"@id\":\"https:\/\/marevik.ee\/test\/#website\"},\"primaryImageOfPage\":{\"@id\":\"https:\/\/marevik.ee\/test\/toode\/omblus-ja-tikkimismasin-bernina-735-tikkimismoodulita\/#primaryimage\"},\"image\":{\"@id\":\"https:\/\/marevik.ee\/test\/toode\/omblus-ja-tikkimismasin-bernina-735-tikkimismoodulita\/#primaryimage\"},\"thumbnailUrl\":\"https:\/\/marevik.ee\/test\/wp-content\/uploads\/2023\/02\/Bernina-735.jpg\",\"datePublished\":\"2023-02-15T10:19:12+00:00\",\"dateModified\":\"2023-02-15T10:19:13+00:00\",\"description\":\"Bernina 735 \u00f5mblus- ja tikkimismasin on t\u00f6\u00f6riist n\u00f5udlikule \u00f5mblejale. T\u00e4iuslik \u00f5mblusmasin, kus ei puudu \u00fckski kaasaja n\u00f5uetele vastav funktsioon. Lisavarustusena saab osta juurde tikkimismooduli, mis muudab \u00f5mblusmasina ka tikkimismasinaks. See kes on korra omanud Bernina \u00f5mblusmasinat, ei vaheta seda \u00fchegi teise kaubam\u00e4rgi vastu.\",\"breadcrumb\":{\"@id\":\"https:\/\/marevik.ee\/test\/toode\/omblus-ja-tikkimismasin-bernina-735-tikkimismoodulita\/#breadcrumb\"},\"inLanguage\":\"en\",\"potentialAction\":[{\"@type\":\"ReadAction\",\"target\":[\"https:\/\/marevik.ee\/test\/toode\/omblus-ja-tikkimismasin-bernina-735-tikkimismoodulita\/\"]}]},{\"@type\":\"ImageObject\",\"inLanguage\":\"en\",\"@id\":\"https:\/\/marevik.ee\/test\/toode\/omblus-ja-tikkimismasin-bernina-735-tikkimismoodulita\/#primaryimage\",\"url\":\"https:\/\/marevik.ee\/test\/wp-content\/uploads\/2023\/02\/Bernina-735.jpg\",\"contentUrl\":\"https:\/\/marevik.ee\/test\/wp-content\/uploads\/2023\/02\/Bernina-735.jpg\",\"width\":2048,\"height\":1536},{\"@type\":\"BreadcrumbList\",\"@id\":\"https:\/\/marevik.ee\/test\/toode\/omblus-ja-tikkimismasin-bernina-735-tikkimismoodulita\/#breadcrumb\",\"itemListElement\":[{\"@type\":\"ListItem\",\"position\":1,\"name\":\"Home\",\"item\":\"https:\/\/marevik.ee\/test\/\"},{\"@type\":\"ListItem\",\"position\":2,\"name\":\"E-POOD\",\"item\":\"https:\/\/marevik.ee\/test\/epood\/\"},{\"@type\":\"ListItem\",\"position\":3,\"name\":\"\u00d5mblus- ja tikkimismasin Bernina 735 (tikkimismoodulita)\"}]},{\"@type\":\"WebSite\",\"@id\":\"https:\/\/marevik.ee\/test\/#website\",\"url\":\"https:\/\/marevik.ee\/test\/\",\"name\":\"Marevik O&Uuml;\",\"description\":\"&Otilde;mblusmasina asjatundja\",\"publisher\":{\"@id\":\"https:\/\/marevik.ee\/test\/#organization\"},\"potentialAction\":[{\"@type\":\"SearchAction\",\"target\":{\"@type\":\"EntryPoint\",\"urlTemplate\":\"https:\/\/marevik.ee\/test\/?s={search_term_string}\"},\"query-input\":{\"@type\":\"PropertyValueSpecification\",\"valueRequired\":true,\"valueName\":\"search_term_string\"}}],\"inLanguage\":\"en\"},{\"@type\":\"Organization\",\"@id\":\"https:\/\/marevik.ee\/test\/#organization\",\"name\":\"Marevik O&Uuml;\",\"url\":\"https:\/\/marevik.ee\/test\/\",\"logo\":{\"@type\":\"ImageObject\",\"inLanguage\":\"en\",\"@id\":\"https:\/\/marevik.ee\/test\/#\/schema\/logo\/image\/\",\"url\":\"https:\/\/marevik.ee\/test\/wp-content\/uploads\/2020\/02\/mblusmasina-asjatundja-1994_173x105_veebi_v-ike.jpg\",\"contentUrl\":\"https:\/\/marevik.ee\/test\/wp-content\/uploads\/2020\/02\/mblusmasina-asjatundja-1994_173x105_veebi_v-ike.jpg\",\"width\":173,\"height\":105,\"caption\":\"Marevik O&Uuml;\"},\"image\":{\"@id\":\"https:\/\/marevik.ee\/test\/#\/schema\/logo\/image\/\"}}]}<\/script>\n<!-- \/ Yoast SEO plugin. -->","yoast_head_json":{"title":"\u00d5mblus- ja tikkimismasin Bernina 735 (tikkimismoodulita) - Marevik O&Uuml;","description":"Bernina 735 \u00f5mblus- ja tikkimismasin on t\u00f6\u00f6riist n\u00f5udlikule \u00f5mblejale. T\u00e4iuslik \u00f5mblusmasin, kus ei puudu \u00fckski kaasaja n\u00f5uetele vastav funktsioon. Lisavarustusena saab osta juurde tikkimismooduli, mis muudab \u00f5mblusmasina ka tikkimismasinaks. See kes on korra omanud Bernina \u00f5mblusmasinat, ei vaheta seda \u00fchegi teise kaubam\u00e4rgi vastu.","robots":{"index":"index","follow":"follow","max-snippet":"max-snippet:-1","max-image-preview":"max-image-preview:large","max-video-preview":"max-video-preview:-1"},"canonical":"https:\/\/marevik.ee\/test\/toode\/omblus-ja-tikkimismasin-bernina-735-tikkimismoodulita\/","og_locale":"en_US","og_type":"article","og_title":"\u00d5mblus- ja tikkimismasin Bernina 735 (tikkimismoodulita) - Marevik O&Uuml;","og_description":"Bernina 735 \u00f5mblus- ja tikkimismasin on t\u00f6\u00f6riist n\u00f5udlikule \u00f5mblejale. T\u00e4iuslik \u00f5mblusmasin, kus ei puudu \u00fckski kaasaja n\u00f5uetele vastav funktsioon. Lisavarustusena saab osta juurde tikkimismooduli, mis muudab \u00f5mblusmasina ka tikkimismasinaks. See kes on korra omanud Bernina \u00f5mblusmasinat, ei vaheta seda \u00fchegi teise kaubam\u00e4rgi vastu.","og_url":"https:\/\/marevik.ee\/test\/toode\/omblus-ja-tikkimismasin-bernina-735-tikkimismoodulita\/","og_site_name":"Marevik O&Uuml;","article_modified_time":"2023-02-15T10:19:13+00:00","og_image":[{"width":2048,"height":1536,"url":"https:\/\/marevik.ee\/test\/wp-content\/uploads\/2023\/02\/Bernina-735.jpg","type":"image\/jpeg"}],"twitter_card":"summary_large_image","twitter_misc":{"Est. reading time":"1 minute"},"schema":{"@context":"https:\/\/schema.org","@graph":[{"@type":"WebPage","@id":"https:\/\/marevik.ee\/test\/toode\/omblus-ja-tikkimismasin-bernina-735-tikkimismoodulita\/","url":"https:\/\/marevik.ee\/test\/toode\/omblus-ja-tikkimismasin-bernina-735-tikkimismoodulita\/","name":"\u00d5mblus- ja tikkimismasin Bernina 735 (tikkimismoodulita) - Marevik O&Uuml;","isPartOf":{"@id":"https:\/\/marevik.ee\/test\/#website"},"primaryImageOfPage":{"@id":"https:\/\/marevik.ee\/test\/toode\/omblus-ja-tikkimismasin-bernina-735-tikkimismoodulita\/#primaryimage"},"image":{"@id":"https:\/\/marevik.ee\/test\/toode\/omblus-ja-tikkimismasin-bernina-735-tikkimismoodulita\/#primaryimage"},"thumbnailUrl":"https:\/\/marevik.ee\/test\/wp-content\/uploads\/2023\/02\/Bernina-735.jpg","datePublished":"2023-02-15T10:19:12+00:00","dateModified":"2023-02-15T10:19:13+00:00","description":"Bernina 735 \u00f5mblus- ja tikkimismasin on t\u00f6\u00f6riist n\u00f5udlikule \u00f5mblejale. T\u00e4iuslik \u00f5mblusmasin, kus ei puudu \u00fckski kaasaja n\u00f5uetele vastav funktsioon. Lisavarustusena saab osta juurde tikkimismooduli, mis muudab \u00f5mblusmasina ka tikkimismasinaks. See kes on korra omanud Bernina \u00f5mblusmasinat, ei vaheta seda \u00fchegi teise kaubam\u00e4rgi vastu.","breadcrumb":{"@id":"https:\/\/marevik.ee\/test\/toode\/omblus-ja-tikkimismasin-bernina-735-tikkimismoodulita\/#breadcrumb"},"inLanguage":"en","potentialAction":[{"@type":"ReadAction","target":["https:\/\/marevik.ee\/test\/toode\/omblus-ja-tikkimismasin-bernina-735-tikkimismoodulita\/"]}]},{"@type":"ImageObject","inLanguage":"en","@id":"https:\/\/marevik.ee\/test\/toode\/omblus-ja-tikkimismasin-bernina-735-tikkimismoodulita\/#primaryimage","url":"https:\/\/marevik.ee\/test\/wp-content\/uploads\/2023\/02\/Bernina-735.jpg","contentUrl":"https:\/\/marevik.ee\/test\/wp-content\/uploads\/2023\/02\/Bernina-735.jpg","width":2048,"height":1536},{"@type":"BreadcrumbList","@id":"https:\/\/marevik.ee\/test\/toode\/omblus-ja-tikkimismasin-bernina-735-tikkimismoodulita\/#breadcrumb","itemListElement":[{"@type":"ListItem","position":1,"name":"Home","item":"https:\/\/marevik.ee\/test\/"},{"@type":"ListItem","position":2,"name":"E-POOD","item":"https:\/\/marevik.ee\/test\/epood\/"},{"@type":"ListItem","position":3,"name":"\u00d5mblus- ja tikkimismasin Bernina 735 (tikkimismoodulita)"}]},{"@type":"WebSite","@id":"https:\/\/marevik.ee\/test\/#website","url":"https:\/\/marevik.ee\/test\/","name":"Marevik O&Uuml;","description":"&Otilde;mblusmasina asjatundja","publisher":{"@id":"https:\/\/marevik.ee\/test\/#organization"},"potentialAction":[{"@type":"SearchAction","target":{"@type":"EntryPoint","urlTemplate":"https:\/\/marevik.ee\/test\/?s={search_term_string}"},"query-input":{"@type":"PropertyValueSpecification","valueRequired":true,"valueName":"search_term_string"}}],"inLanguage":"en"},{"@type":"Organization","@id":"https:\/\/marevik.ee\/test\/#organization","name":"Marevik O&Uuml;","url":"https:\/\/marevik.ee\/test\/","logo":{"@type":"ImageObject","inLanguage":"en","@id":"https:\/\/marevik.ee\/test\/#\/schema\/logo\/image\/","url":"https:\/\/marevik.ee\/test\/wp-content\/uploads\/2020\/02\/mblusmasina-asjatundja-1994_173x105_veebi_v-ike.jpg","contentUrl":"https:\/\/marevik.ee\/test\/wp-content\/uploads\/2020\/02\/mblusmasina-asjatundja-1994_173x105_veebi_v-ike.jpg","width":173,"height":105,"caption":"Marevik O&Uuml;"},"image":{"@id":"https:\/\/marevik.ee\/test\/#\/schema\/logo\/image\/"}}]}},"_links":{"self":[{"href":"https:\/\/marevik.ee\/test\/wp-json\/wp\/v2\/product\/15133","targetHints":{"allow":["GET"]}}],"collection":[{"href":"https:\/\/marevik.ee\/test\/wp-json\/wp\/v2\/product"}],"about":[{"href":"https:\/\/marevik.ee\/test\/wp-json\/wp\/v2\/types\/product"}],"wp:featuredmedia":[{"embeddable":true,"href":"https:\/\/marevik.ee\/test\/wp-json\/wp\/v2\/media\/15134"}],"wp:attachment":[{"href":"https:\/\/marevik.ee\/test\/wp-json\/wp\/v2\/media?parent=15133"}],"wp:term":[{"taxonomy":"product_brand","embeddable":true,"href":"https:\/\/marevik.ee\/test\/wp-json\/wp\/v2\/product_brand?post=15133"},{"taxonomy":"product_cat","embeddable":true,"href":"https:\/\/marevik.ee\/test\/wp-json\/wp\/v2\/product_cat?post=15133"},{"taxonomy":"product_tag","embeddable":true,"href":"https:\/\/marevik.ee\/test\/wp-json\/wp\/v2\/product_tag?post=15133"}],"curies":[{"name":"wp","href":"https:\/\/api.w.org\/{rel}","templated":true}]}}