{"id":15157,"date":"2023-02-27T13:02:10","date_gmt":"2023-02-27T13:02:10","guid":{"rendered":"https:\/\/marevik.ee\/test\/?post_type=product&#038;p=15157"},"modified":"2025-05-12T13:25:32","modified_gmt":"2025-05-12T13:25:32","slug":"tikkimismasin-brother-innov-is-m340ed","status":"publish","type":"product","link":"https:\/\/marevik.ee\/test\/toode\/tikkimismasin-brother-innov-is-m340ed\/","title":{"rendered":"Tikkimismasin Brother Innov-is M340ED"},"content":{"rendered":"<p>Tikkimispiirkond 100 x 100 mm<br \/>\n10 erinevat fonti<br \/>\n125 tikkimismotiivi, seal hulgas 45 Disney-motiivi.<br \/>\nTikandraamid (10 raami, 14 pistet)\u200f<br \/>\nUSB-liides m\u00e4lupulgale<br \/>\nTraadita v\u00f5rgu\u00fchendus, Programm Brother Design Database Transfer, alla laaditav internetist.<br \/>\nTikkimiskiirus kuni 400 pistet minutis<br \/>\nV\u00e4rviline LCD puuteekraan<br \/>\nTikandi kujundamine ekraanil: mastaapimine, p\u00f6\u00f6ramine 1, 10 v\u00f5i 90 kraaadi, peegelpilt<br \/>\nT\u00e4he suuruse muutmine<br \/>\nTikandi asukoha kontrollimine 4-s erinevas punktis<br \/>\nNiidi l\u00f5ppemise v\u00f5i katkemise sensor.<br \/>\nAutomaatne niidil\u00f5ikur<br \/>\nAutomaatne n\u00f5elasilma niidistaja<br \/>\nMasina peatumine niidi katkemise korral<br \/>\nKomplektis tikkimisraam 10x10cm<\/p>\n","protected":false},"excerpt":{"rendered":"<p>Tikkimismasin Innov-is M340 on Brother kaubam\u00e4rgi laiast valikust lihtsaim ning soodsaim tikkimismasin. Masin sobib eelk\u00f5ike koju, hobidisaineri t\u00f6\u00f6lauale. Soodne hind ja suurep\u00e4rased omadused viivad taas Brother\u00b4i sammukese konkurentidest ette.<\/p>\n","protected":false},"featured_media":15158,"template":"","meta":{"site-sidebar-layout":"default","site-content-layout":"default","ast-site-content-layout":"","site-content-style":"default","site-sidebar-style":"default","ast-global-header-display":"","ast-banner-title-visibility":"","ast-main-header-display":"","ast-hfb-above-header-display":"","ast-hfb-below-header-display":"","ast-hfb-mobile-header-display":"","site-post-title":"","ast-breadcrumbs-content":"","ast-featured-img":"","footer-sml-layout":"","theme-transparent-header-meta":"default","adv-header-id-meta":"","stick-header-meta":"","header-above-stick-meta":"","header-main-stick-meta":"","header-below-stick-meta":"","astra-migrate-meta-layouts":"default","ast-page-background-enabled":"default","ast-page-background-meta":{"desktop":{"background-color":"","background-image":"","background-repeat":"repeat","background-position":"center center","background-size":"auto","background-attachment":"scroll","background-type":"","background-media":"","overlay-type":"","overlay-color":"","overlay-opacity":"","overlay-gradient":""},"tablet":{"background-color":"","background-image":"","background-repeat":"repeat","background-position":"center center","background-size":"auto","background-attachment":"scroll","background-type":"","background-media":"","overlay-type":"","overlay-color":"","overlay-opacity":"","overlay-gradient":""},"mobile":{"background-color":"","background-image":"","background-repeat":"repeat","background-position":"center center","background-size":"auto","background-attachment":"scroll","background-type":"","background-media":"","overlay-type":"","overlay-color":"","overlay-opacity":"","overlay-gradient":""}},"ast-content-background-meta":{"desktop":{"background-color":"var(--ast-global-color-5)","background-image":"","background-repeat":"repeat","background-position":"center center","background-size":"auto","background-attachment":"scroll","background-type":"","background-media":"","overlay-type":"","overlay-color":"","overlay-opacity":"","overlay-gradient":""},"tablet":{"background-color":"var(--ast-global-color-5)","background-image":"","background-repeat":"repeat","background-position":"center center","background-size":"auto","background-attachment":"scroll","background-type":"","background-media":"","overlay-type":"","overlay-color":"","overlay-opacity":"","overlay-gradient":""},"mobile":{"background-color":"var(--ast-global-color-5)","background-image":"","background-repeat":"repeat","background-position":"center center","background-size":"auto","background-attachment":"scroll","background-type":"","background-media":"","overlay-type":"","overlay-color":"","overlay-opacity":"","overlay-gradient":""}}},"product_brand":[],"product_cat":[86,63],"product_tag":[85],"class_list":{"0":"post-15157","1":"product","2":"type-product","3":"status-publish","4":"has-post-thumbnail","6":"product_cat-brother-tikkimismasinad","7":"product_cat-tikkimismasinad","8":"product_tag-brother","9":"desktop-align-left","10":"tablet-align-left","11":"mobile-align-left","13":"first","14":"instock","15":"taxable","16":"shipping-taxable","17":"purchasable","18":"product-type-simple"},"yoast_head":"<!-- This site is optimized with the Yoast SEO plugin v26.1.1 - https:\/\/yoast.com\/wordpress\/plugins\/seo\/ -->\n<title>Tikkimismasin Brother Innov-is M340ED - Marevik O&Uuml;<\/title>\n<meta name=\"description\" content=\"Tikkimismasin Innov-is M340 on Brother kaubam\u00e4rgi laiast valikust lihtsaim ning soodsaim tikkimismasin. Masin sobib eelk\u00f5ike koju, hobidisaineri t\u00f6\u00f6lauale. Soodne hind ja suurep\u00e4rased omadused viivad taas Brother\u00b4i sammukese konkurentidest ette.\" \/>\n<meta name=\"robots\" content=\"index, follow, max-snippet:-1, max-image-preview:large, max-video-preview:-1\" \/>\n<link rel=\"canonical\" href=\"https:\/\/marevik.ee\/test\/toode\/tikkimismasin-brother-innov-is-m340ed\/\" \/>\n<meta property=\"og:locale\" content=\"en_US\" \/>\n<meta property=\"og:type\" content=\"article\" \/>\n<meta property=\"og:title\" content=\"Tikkimismasin Brother Innov-is M340ED - Marevik O&Uuml;\" \/>\n<meta property=\"og:description\" content=\"Tikkimismasin Innov-is M340 on Brother kaubam\u00e4rgi laiast valikust lihtsaim ning soodsaim tikkimismasin. Masin sobib eelk\u00f5ike koju, hobidisaineri t\u00f6\u00f6lauale. Soodne hind ja suurep\u00e4rased omadused viivad taas Brother\u00b4i sammukese konkurentidest ette.\" \/>\n<meta property=\"og:url\" content=\"https:\/\/marevik.ee\/test\/toode\/tikkimismasin-brother-innov-is-m340ed\/\" \/>\n<meta property=\"og:site_name\" content=\"Marevik O&Uuml;\" \/>\n<meta property=\"article:modified_time\" content=\"2025-05-12T13:25:32+00:00\" \/>\n<meta property=\"og:image\" content=\"https:\/\/marevik.ee\/test\/wp-content\/uploads\/2023\/02\/NV-M340D.jpg\" \/>\n\t<meta property=\"og:image:width\" content=\"700\" \/>\n\t<meta property=\"og:image:height\" content=\"700\" \/>\n\t<meta property=\"og:image:type\" content=\"image\/jpeg\" \/>\n<meta name=\"twitter:card\" content=\"summary_large_image\" \/>\n<meta name=\"twitter:label1\" content=\"Est. reading time\" \/>\n\t<meta name=\"twitter:data1\" content=\"1 minute\" \/>\n<script type=\"application\/ld+json\" class=\"yoast-schema-graph\">{\"@context\":\"https:\/\/schema.org\",\"@graph\":[{\"@type\":\"WebPage\",\"@id\":\"https:\/\/marevik.ee\/test\/toode\/tikkimismasin-brother-innov-is-m340ed\/\",\"url\":\"https:\/\/marevik.ee\/test\/toode\/tikkimismasin-brother-innov-is-m340ed\/\",\"name\":\"Tikkimismasin Brother Innov-is M340ED - Marevik O&Uuml;\",\"isPartOf\":{\"@id\":\"https:\/\/marevik.ee\/test\/#website\"},\"primaryImageOfPage\":{\"@id\":\"https:\/\/marevik.ee\/test\/toode\/tikkimismasin-brother-innov-is-m340ed\/#primaryimage\"},\"image\":{\"@id\":\"https:\/\/marevik.ee\/test\/toode\/tikkimismasin-brother-innov-is-m340ed\/#primaryimage\"},\"thumbnailUrl\":\"https:\/\/marevik.ee\/test\/wp-content\/uploads\/2023\/02\/NV-M340D.jpg\",\"datePublished\":\"2023-02-27T13:02:10+00:00\",\"dateModified\":\"2025-05-12T13:25:32+00:00\",\"description\":\"Tikkimismasin Innov-is M340 on Brother kaubam\u00e4rgi laiast valikust lihtsaim ning soodsaim tikkimismasin. Masin sobib eelk\u00f5ike koju, hobidisaineri t\u00f6\u00f6lauale. Soodne hind ja suurep\u00e4rased omadused viivad taas Brother\u00b4i sammukese konkurentidest ette.\",\"breadcrumb\":{\"@id\":\"https:\/\/marevik.ee\/test\/toode\/tikkimismasin-brother-innov-is-m340ed\/#breadcrumb\"},\"inLanguage\":\"en\",\"potentialAction\":[{\"@type\":\"ReadAction\",\"target\":[\"https:\/\/marevik.ee\/test\/toode\/tikkimismasin-brother-innov-is-m340ed\/\"]}]},{\"@type\":\"ImageObject\",\"inLanguage\":\"en\",\"@id\":\"https:\/\/marevik.ee\/test\/toode\/tikkimismasin-brother-innov-is-m340ed\/#primaryimage\",\"url\":\"https:\/\/marevik.ee\/test\/wp-content\/uploads\/2023\/02\/NV-M340D.jpg\",\"contentUrl\":\"https:\/\/marevik.ee\/test\/wp-content\/uploads\/2023\/02\/NV-M340D.jpg\",\"width\":700,\"height\":700},{\"@type\":\"BreadcrumbList\",\"@id\":\"https:\/\/marevik.ee\/test\/toode\/tikkimismasin-brother-innov-is-m340ed\/#breadcrumb\",\"itemListElement\":[{\"@type\":\"ListItem\",\"position\":1,\"name\":\"Home\",\"item\":\"https:\/\/marevik.ee\/test\/\"},{\"@type\":\"ListItem\",\"position\":2,\"name\":\"E-POOD\",\"item\":\"https:\/\/marevik.ee\/test\/epood\/\"},{\"@type\":\"ListItem\",\"position\":3,\"name\":\"Tikkimismasin Brother Innov-is M340ED\"}]},{\"@type\":\"WebSite\",\"@id\":\"https:\/\/marevik.ee\/test\/#website\",\"url\":\"https:\/\/marevik.ee\/test\/\",\"name\":\"Marevik O&Uuml;\",\"description\":\"&Otilde;mblusmasina asjatundja\",\"publisher\":{\"@id\":\"https:\/\/marevik.ee\/test\/#organization\"},\"potentialAction\":[{\"@type\":\"SearchAction\",\"target\":{\"@type\":\"EntryPoint\",\"urlTemplate\":\"https:\/\/marevik.ee\/test\/?s={search_term_string}\"},\"query-input\":{\"@type\":\"PropertyValueSpecification\",\"valueRequired\":true,\"valueName\":\"search_term_string\"}}],\"inLanguage\":\"en\"},{\"@type\":\"Organization\",\"@id\":\"https:\/\/marevik.ee\/test\/#organization\",\"name\":\"Marevik O&Uuml;\",\"url\":\"https:\/\/marevik.ee\/test\/\",\"logo\":{\"@type\":\"ImageObject\",\"inLanguage\":\"en\",\"@id\":\"https:\/\/marevik.ee\/test\/#\/schema\/logo\/image\/\",\"url\":\"https:\/\/marevik.ee\/test\/wp-content\/uploads\/2020\/02\/mblusmasina-asjatundja-1994_173x105_veebi_v-ike.jpg\",\"contentUrl\":\"https:\/\/marevik.ee\/test\/wp-content\/uploads\/2020\/02\/mblusmasina-asjatundja-1994_173x105_veebi_v-ike.jpg\",\"width\":173,\"height\":105,\"caption\":\"Marevik O&Uuml;\"},\"image\":{\"@id\":\"https:\/\/marevik.ee\/test\/#\/schema\/logo\/image\/\"}}]}<\/script>\n<!-- \/ Yoast SEO plugin. -->","yoast_head_json":{"title":"Tikkimismasin Brother Innov-is M340ED - Marevik O&Uuml;","description":"Tikkimismasin Innov-is M340 on Brother kaubam\u00e4rgi laiast valikust lihtsaim ning soodsaim tikkimismasin. Masin sobib eelk\u00f5ike koju, hobidisaineri t\u00f6\u00f6lauale. Soodne hind ja suurep\u00e4rased omadused viivad taas Brother\u00b4i sammukese konkurentidest ette.","robots":{"index":"index","follow":"follow","max-snippet":"max-snippet:-1","max-image-preview":"max-image-preview:large","max-video-preview":"max-video-preview:-1"},"canonical":"https:\/\/marevik.ee\/test\/toode\/tikkimismasin-brother-innov-is-m340ed\/","og_locale":"en_US","og_type":"article","og_title":"Tikkimismasin Brother Innov-is M340ED - Marevik O&Uuml;","og_description":"Tikkimismasin Innov-is M340 on Brother kaubam\u00e4rgi laiast valikust lihtsaim ning soodsaim tikkimismasin. Masin sobib eelk\u00f5ike koju, hobidisaineri t\u00f6\u00f6lauale. Soodne hind ja suurep\u00e4rased omadused viivad taas Brother\u00b4i sammukese konkurentidest ette.","og_url":"https:\/\/marevik.ee\/test\/toode\/tikkimismasin-brother-innov-is-m340ed\/","og_site_name":"Marevik O&Uuml;","article_modified_time":"2025-05-12T13:25:32+00:00","og_image":[{"width":700,"height":700,"url":"https:\/\/marevik.ee\/test\/wp-content\/uploads\/2023\/02\/NV-M340D.jpg","type":"image\/jpeg"}],"twitter_card":"summary_large_image","twitter_misc":{"Est. reading time":"1 minute"},"schema":{"@context":"https:\/\/schema.org","@graph":[{"@type":"WebPage","@id":"https:\/\/marevik.ee\/test\/toode\/tikkimismasin-brother-innov-is-m340ed\/","url":"https:\/\/marevik.ee\/test\/toode\/tikkimismasin-brother-innov-is-m340ed\/","name":"Tikkimismasin Brother Innov-is M340ED - Marevik O&Uuml;","isPartOf":{"@id":"https:\/\/marevik.ee\/test\/#website"},"primaryImageOfPage":{"@id":"https:\/\/marevik.ee\/test\/toode\/tikkimismasin-brother-innov-is-m340ed\/#primaryimage"},"image":{"@id":"https:\/\/marevik.ee\/test\/toode\/tikkimismasin-brother-innov-is-m340ed\/#primaryimage"},"thumbnailUrl":"https:\/\/marevik.ee\/test\/wp-content\/uploads\/2023\/02\/NV-M340D.jpg","datePublished":"2023-02-27T13:02:10+00:00","dateModified":"2025-05-12T13:25:32+00:00","description":"Tikkimismasin Innov-is M340 on Brother kaubam\u00e4rgi laiast valikust lihtsaim ning soodsaim tikkimismasin. Masin sobib eelk\u00f5ike koju, hobidisaineri t\u00f6\u00f6lauale. Soodne hind ja suurep\u00e4rased omadused viivad taas Brother\u00b4i sammukese konkurentidest ette.","breadcrumb":{"@id":"https:\/\/marevik.ee\/test\/toode\/tikkimismasin-brother-innov-is-m340ed\/#breadcrumb"},"inLanguage":"en","potentialAction":[{"@type":"ReadAction","target":["https:\/\/marevik.ee\/test\/toode\/tikkimismasin-brother-innov-is-m340ed\/"]}]},{"@type":"ImageObject","inLanguage":"en","@id":"https:\/\/marevik.ee\/test\/toode\/tikkimismasin-brother-innov-is-m340ed\/#primaryimage","url":"https:\/\/marevik.ee\/test\/wp-content\/uploads\/2023\/02\/NV-M340D.jpg","contentUrl":"https:\/\/marevik.ee\/test\/wp-content\/uploads\/2023\/02\/NV-M340D.jpg","width":700,"height":700},{"@type":"BreadcrumbList","@id":"https:\/\/marevik.ee\/test\/toode\/tikkimismasin-brother-innov-is-m340ed\/#breadcrumb","itemListElement":[{"@type":"ListItem","position":1,"name":"Home","item":"https:\/\/marevik.ee\/test\/"},{"@type":"ListItem","position":2,"name":"E-POOD","item":"https:\/\/marevik.ee\/test\/epood\/"},{"@type":"ListItem","position":3,"name":"Tikkimismasin Brother Innov-is M340ED"}]},{"@type":"WebSite","@id":"https:\/\/marevik.ee\/test\/#website","url":"https:\/\/marevik.ee\/test\/","name":"Marevik O&Uuml;","description":"&Otilde;mblusmasina asjatundja","publisher":{"@id":"https:\/\/marevik.ee\/test\/#organization"},"potentialAction":[{"@type":"SearchAction","target":{"@type":"EntryPoint","urlTemplate":"https:\/\/marevik.ee\/test\/?s={search_term_string}"},"query-input":{"@type":"PropertyValueSpecification","valueRequired":true,"valueName":"search_term_string"}}],"inLanguage":"en"},{"@type":"Organization","@id":"https:\/\/marevik.ee\/test\/#organization","name":"Marevik O&Uuml;","url":"https:\/\/marevik.ee\/test\/","logo":{"@type":"ImageObject","inLanguage":"en","@id":"https:\/\/marevik.ee\/test\/#\/schema\/logo\/image\/","url":"https:\/\/marevik.ee\/test\/wp-content\/uploads\/2020\/02\/mblusmasina-asjatundja-1994_173x105_veebi_v-ike.jpg","contentUrl":"https:\/\/marevik.ee\/test\/wp-content\/uploads\/2020\/02\/mblusmasina-asjatundja-1994_173x105_veebi_v-ike.jpg","width":173,"height":105,"caption":"Marevik O&Uuml;"},"image":{"@id":"https:\/\/marevik.ee\/test\/#\/schema\/logo\/image\/"}}]}},"_links":{"self":[{"href":"https:\/\/marevik.ee\/test\/wp-json\/wp\/v2\/product\/15157","targetHints":{"allow":["GET"]}}],"collection":[{"href":"https:\/\/marevik.ee\/test\/wp-json\/wp\/v2\/product"}],"about":[{"href":"https:\/\/marevik.ee\/test\/wp-json\/wp\/v2\/types\/product"}],"wp:featuredmedia":[{"embeddable":true,"href":"https:\/\/marevik.ee\/test\/wp-json\/wp\/v2\/media\/15158"}],"wp:attachment":[{"href":"https:\/\/marevik.ee\/test\/wp-json\/wp\/v2\/media?parent=15157"}],"wp:term":[{"taxonomy":"product_brand","embeddable":true,"href":"https:\/\/marevik.ee\/test\/wp-json\/wp\/v2\/product_brand?post=15157"},{"taxonomy":"product_cat","embeddable":true,"href":"https:\/\/marevik.ee\/test\/wp-json\/wp\/v2\/product_cat?post=15157"},{"taxonomy":"product_tag","embeddable":true,"href":"https:\/\/marevik.ee\/test\/wp-json\/wp\/v2\/product_tag?post=15157"}],"curies":[{"name":"wp","href":"https:\/\/api.w.org\/{rel}","templated":true}]}}