{"id":15253,"date":"2023-04-27T10:44:47","date_gmt":"2023-04-27T10:44:47","guid":{"rendered":"https:\/\/marevik.ee\/test\/?post_type=product&#038;p=15253"},"modified":"2025-09-22T06:04:27","modified_gmt":"2025-09-22T06:04:27","slug":"brother-airflow-3000-overlok","status":"publish","type":"product","link":"https:\/\/marevik.ee\/test\/toode\/brother-airflow-3000-overlok\/","title":{"rendered":"Brother Airflow 3000 overlok"},"content":{"rendered":"<div class=\"ast-oembed-container \" style=\"height: 100%;\"><iframe title=\"Brother Airflow 3000 electronic air threading overlocker\" width=\"500\" height=\"281\" src=\"https:\/\/www.youtube.com\/embed\/9tyndL-FqDI?feature=oembed\" frameborder=\"0\" allow=\"accelerometer; autoplay; clipboard-write; encrypted-media; gyroscope; picture-in-picture; web-share\" referrerpolicy=\"strict-origin-when-cross-origin\" allowfullscreen><\/iframe><\/div>\n<p>4-,3-,2-niidilised \u00e4\u00e4ristus\u00f5mblused<br \/>\nRullpalistus<br \/>\nKitsas \u00e4\u00e4ristus<br \/>\nLame\u00f5mblus<br \/>\nPeitepiste<br \/>\nL\u00f5ikab ja \u00e4\u00e4ristab \u00fcheaegselt<br \/>\nLihtne niidistamine, \u00f5hkniidistus<br \/>\nN\u00f5elasilma niidistaja<br \/>\n\u00d5mbleb h\u00f5lpsalt erineva j\u00e4medusega kangaid<br \/>\nPiste pikkuse reguleerimine (maks. 4 mm)\u200f<br \/>\nL\u00f5ikelaiuse reguleerimine (maks. 7mm)<br \/>\nDiferentsiaals\u00f6\u00f6de \u2013 v\u00e4ldib veniva kanga servade v\u00e4ljavenimist<br \/>\nPresstalla surve regulaator<br \/>\nL\u00f5ikurita \u00f5mblemise v\u00f5imalus<br \/>\nKohtvalgustus LED<br \/>\nVabavars h\u00f5lbustamaks torujate detailide \u00f5mblemist<br \/>\nKiirkinnitusega presstald<br \/>\nKasutab kodu\u00f5mblusmasina n\u00f5elu<br \/>\n<strong>Lisaks standardvarustusele ( universaalne presstald, n\u00f5elad nr. 80 ja 90, kuuskantkruvikeeraja, v\u00f5rk niidirullile (4 tk.), niidirulli hoidja (4 tk.), niidistamistraat, pintsetid, puhastuspintsel, pehme kaitsekate, pedaal) kuulub boonusena komplekti: peitpistetald, krookimistald, paspuaalkandi tald ja pr\u00fcgisahtel. Hinnav\u00f5it \u00fcle 100.-\u20ac<\/strong><\/p>\n","protected":false},"excerpt":{"rendered":"<p>Brother Airflow 3000 on rikkaliku varustusega t\u00f6\u00f6kindel \u00e4\u00e4ristusmasin. Overloki haarajate niidistamine on \u00fclilihtne ja toimub surve\u00f5hu abil. Samuti n\u00f5elaniidid saab niidistatud nupuvajutusega. Varun\u00f5eladele, kruvikeerajale ja pintsettidele on esiluugis mugav hoiupaik. Ideaalne t\u00f6\u00f6riist n\u00f5udliku ja mugavust hindava \u00f5mbleja t\u00f6\u00f6lauale.<\/p>\n","protected":false},"featured_media":15254,"template":"","meta":{"site-sidebar-layout":"default","site-content-layout":"default","ast-site-content-layout":"default","site-content-style":"default","site-sidebar-style":"default","ast-global-header-display":"","ast-banner-title-visibility":"","ast-main-header-display":"","ast-hfb-above-header-display":"","ast-hfb-below-header-display":"","ast-hfb-mobile-header-display":"","site-post-title":"","ast-breadcrumbs-content":"","ast-featured-img":"","footer-sml-layout":"","theme-transparent-header-meta":"default","adv-header-id-meta":"","stick-header-meta":"","header-above-stick-meta":"","header-main-stick-meta":"","header-below-stick-meta":"","astra-migrate-meta-layouts":"set","ast-page-background-enabled":"default","ast-page-background-meta":{"desktop":{"background-color":"","background-image":"","background-repeat":"repeat","background-position":"center center","background-size":"auto","background-attachment":"scroll","background-type":"","background-media":"","overlay-type":"","overlay-color":"","overlay-opacity":"","overlay-gradient":""},"tablet":{"background-color":"","background-image":"","background-repeat":"repeat","background-position":"center center","background-size":"auto","background-attachment":"scroll","background-type":"","background-media":"","overlay-type":"","overlay-color":"","overlay-opacity":"","overlay-gradient":""},"mobile":{"background-color":"","background-image":"","background-repeat":"repeat","background-position":"center center","background-size":"auto","background-attachment":"scroll","background-type":"","background-media":"","overlay-type":"","overlay-color":"","overlay-opacity":"","overlay-gradient":""}},"ast-content-background-meta":{"desktop":{"background-color":"var(--ast-global-color-5)","background-image":"","background-repeat":"repeat","background-position":"center center","background-size":"auto","background-attachment":"scroll","background-type":"","background-media":"","overlay-type":"","overlay-color":"","overlay-opacity":"","overlay-gradient":""},"tablet":{"background-color":"var(--ast-global-color-5)","background-image":"","background-repeat":"repeat","background-position":"center center","background-size":"auto","background-attachment":"scroll","background-type":"","background-media":"","overlay-type":"","overlay-color":"","overlay-opacity":"","overlay-gradient":""},"mobile":{"background-color":"var(--ast-global-color-5)","background-image":"","background-repeat":"repeat","background-position":"center center","background-size":"auto","background-attachment":"scroll","background-type":"","background-media":"","overlay-type":"","overlay-color":"","overlay-opacity":"","overlay-gradient":""}}},"product_brand":[],"product_cat":[93,67,64],"product_tag":[85],"class_list":{"0":"post-15253","1":"product","2":"type-product","3":"status-publish","4":"has-post-thumbnail","6":"product_cat-brother-overlokid-ja-kattemasinad","7":"product_cat-kampaaniahinnad","8":"product_cat-overlokid-ja-kattemasinad","9":"product_tag-brother","10":"desktop-align-left","11":"tablet-align-left","12":"mobile-align-left","14":"first","15":"instock","16":"sale","17":"featured","18":"taxable","19":"shipping-taxable","20":"purchasable","21":"product-type-simple"},"yoast_head":"<!-- This site is optimized with the Yoast SEO plugin v26.1.1 - https:\/\/yoast.com\/wordpress\/plugins\/seo\/ -->\n<title>Brother Airflow 3000 overlok - Marevik O&Uuml;<\/title>\n<meta name=\"description\" content=\"Brother Airflow 3000 on rikkaliku varustusega t\u00f6\u00f6kindel \u00e4\u00e4ristusmasin. Overloki haarajate niidistamine on \u00fclilihtne ja toimub surve\u00f5hu abil. Samuti n\u00f5elaniidid saab niidistatud nupuvajutusega.\" \/>\n<meta name=\"robots\" content=\"index, follow, max-snippet:-1, max-image-preview:large, max-video-preview:-1\" \/>\n<link rel=\"canonical\" href=\"https:\/\/marevik.ee\/test\/toode\/brother-airflow-3000-overlok\/\" \/>\n<meta property=\"og:locale\" content=\"en_US\" \/>\n<meta property=\"og:type\" content=\"article\" \/>\n<meta property=\"og:title\" content=\"Brother Airflow 3000 overlok - Marevik O&Uuml;\" \/>\n<meta property=\"og:description\" content=\"Brother Airflow 3000 on rikkaliku varustusega t\u00f6\u00f6kindel \u00e4\u00e4ristusmasin. Overloki haarajate niidistamine on \u00fclilihtne ja toimub surve\u00f5hu abil. Samuti n\u00f5elaniidid saab niidistatud nupuvajutusega.\" \/>\n<meta property=\"og:url\" content=\"https:\/\/marevik.ee\/test\/toode\/brother-airflow-3000-overlok\/\" \/>\n<meta property=\"og:site_name\" content=\"Marevik O&Uuml;\" \/>\n<meta property=\"article:modified_time\" content=\"2025-09-22T06:04:27+00:00\" \/>\n<meta property=\"og:image\" content=\"https:\/\/marevik.ee\/test\/wp-content\/uploads\/2023\/04\/brother-airflow-3000-overlocker.jpg\" \/>\n\t<meta property=\"og:image:width\" content=\"1200\" \/>\n\t<meta property=\"og:image:height\" content=\"1200\" \/>\n\t<meta property=\"og:image:type\" content=\"image\/jpeg\" \/>\n<meta name=\"twitter:card\" content=\"summary_large_image\" \/>\n<meta name=\"twitter:label1\" content=\"Est. reading time\" \/>\n\t<meta name=\"twitter:data1\" content=\"1 minute\" \/>\n<script type=\"application\/ld+json\" class=\"yoast-schema-graph\">{\"@context\":\"https:\/\/schema.org\",\"@graph\":[{\"@type\":\"WebPage\",\"@id\":\"https:\/\/marevik.ee\/test\/toode\/brother-airflow-3000-overlok\/\",\"url\":\"https:\/\/marevik.ee\/test\/toode\/brother-airflow-3000-overlok\/\",\"name\":\"Brother Airflow 3000 overlok - Marevik O&Uuml;\",\"isPartOf\":{\"@id\":\"https:\/\/marevik.ee\/test\/#website\"},\"primaryImageOfPage\":{\"@id\":\"https:\/\/marevik.ee\/test\/toode\/brother-airflow-3000-overlok\/#primaryimage\"},\"image\":{\"@id\":\"https:\/\/marevik.ee\/test\/toode\/brother-airflow-3000-overlok\/#primaryimage\"},\"thumbnailUrl\":\"https:\/\/marevik.ee\/test\/wp-content\/uploads\/2023\/04\/brother-airflow-3000-overlocker.jpg\",\"datePublished\":\"2023-04-27T10:44:47+00:00\",\"dateModified\":\"2025-09-22T06:04:27+00:00\",\"description\":\"Brother Airflow 3000 on rikkaliku varustusega t\u00f6\u00f6kindel \u00e4\u00e4ristusmasin. Overloki haarajate niidistamine on \u00fclilihtne ja toimub surve\u00f5hu abil. Samuti n\u00f5elaniidid saab niidistatud nupuvajutusega.\",\"breadcrumb\":{\"@id\":\"https:\/\/marevik.ee\/test\/toode\/brother-airflow-3000-overlok\/#breadcrumb\"},\"inLanguage\":\"en\",\"potentialAction\":[{\"@type\":\"ReadAction\",\"target\":[\"https:\/\/marevik.ee\/test\/toode\/brother-airflow-3000-overlok\/\"]}]},{\"@type\":\"ImageObject\",\"inLanguage\":\"en\",\"@id\":\"https:\/\/marevik.ee\/test\/toode\/brother-airflow-3000-overlok\/#primaryimage\",\"url\":\"https:\/\/marevik.ee\/test\/wp-content\/uploads\/2023\/04\/brother-airflow-3000-overlocker.jpg\",\"contentUrl\":\"https:\/\/marevik.ee\/test\/wp-content\/uploads\/2023\/04\/brother-airflow-3000-overlocker.jpg\",\"width\":1200,\"height\":1200},{\"@type\":\"BreadcrumbList\",\"@id\":\"https:\/\/marevik.ee\/test\/toode\/brother-airflow-3000-overlok\/#breadcrumb\",\"itemListElement\":[{\"@type\":\"ListItem\",\"position\":1,\"name\":\"Home\",\"item\":\"https:\/\/marevik.ee\/test\/\"},{\"@type\":\"ListItem\",\"position\":2,\"name\":\"E-POOD\",\"item\":\"https:\/\/marevik.ee\/test\/epood\/\"},{\"@type\":\"ListItem\",\"position\":3,\"name\":\"Brother Airflow 3000 overlok\"}]},{\"@type\":\"WebSite\",\"@id\":\"https:\/\/marevik.ee\/test\/#website\",\"url\":\"https:\/\/marevik.ee\/test\/\",\"name\":\"Marevik O&Uuml;\",\"description\":\"&Otilde;mblusmasina asjatundja\",\"publisher\":{\"@id\":\"https:\/\/marevik.ee\/test\/#organization\"},\"potentialAction\":[{\"@type\":\"SearchAction\",\"target\":{\"@type\":\"EntryPoint\",\"urlTemplate\":\"https:\/\/marevik.ee\/test\/?s={search_term_string}\"},\"query-input\":{\"@type\":\"PropertyValueSpecification\",\"valueRequired\":true,\"valueName\":\"search_term_string\"}}],\"inLanguage\":\"en\"},{\"@type\":\"Organization\",\"@id\":\"https:\/\/marevik.ee\/test\/#organization\",\"name\":\"Marevik O&Uuml;\",\"url\":\"https:\/\/marevik.ee\/test\/\",\"logo\":{\"@type\":\"ImageObject\",\"inLanguage\":\"en\",\"@id\":\"https:\/\/marevik.ee\/test\/#\/schema\/logo\/image\/\",\"url\":\"https:\/\/marevik.ee\/test\/wp-content\/uploads\/2020\/02\/mblusmasina-asjatundja-1994_173x105_veebi_v-ike.jpg\",\"contentUrl\":\"https:\/\/marevik.ee\/test\/wp-content\/uploads\/2020\/02\/mblusmasina-asjatundja-1994_173x105_veebi_v-ike.jpg\",\"width\":173,\"height\":105,\"caption\":\"Marevik O&Uuml;\"},\"image\":{\"@id\":\"https:\/\/marevik.ee\/test\/#\/schema\/logo\/image\/\"}}]}<\/script>\n<!-- \/ Yoast SEO plugin. -->","yoast_head_json":{"title":"Brother Airflow 3000 overlok - Marevik O&Uuml;","description":"Brother Airflow 3000 on rikkaliku varustusega t\u00f6\u00f6kindel \u00e4\u00e4ristusmasin. Overloki haarajate niidistamine on \u00fclilihtne ja toimub surve\u00f5hu abil. Samuti n\u00f5elaniidid saab niidistatud nupuvajutusega.","robots":{"index":"index","follow":"follow","max-snippet":"max-snippet:-1","max-image-preview":"max-image-preview:large","max-video-preview":"max-video-preview:-1"},"canonical":"https:\/\/marevik.ee\/test\/toode\/brother-airflow-3000-overlok\/","og_locale":"en_US","og_type":"article","og_title":"Brother Airflow 3000 overlok - Marevik O&Uuml;","og_description":"Brother Airflow 3000 on rikkaliku varustusega t\u00f6\u00f6kindel \u00e4\u00e4ristusmasin. Overloki haarajate niidistamine on \u00fclilihtne ja toimub surve\u00f5hu abil. Samuti n\u00f5elaniidid saab niidistatud nupuvajutusega.","og_url":"https:\/\/marevik.ee\/test\/toode\/brother-airflow-3000-overlok\/","og_site_name":"Marevik O&Uuml;","article_modified_time":"2025-09-22T06:04:27+00:00","og_image":[{"width":1200,"height":1200,"url":"https:\/\/marevik.ee\/test\/wp-content\/uploads\/2023\/04\/brother-airflow-3000-overlocker.jpg","type":"image\/jpeg"}],"twitter_card":"summary_large_image","twitter_misc":{"Est. reading time":"1 minute"},"schema":{"@context":"https:\/\/schema.org","@graph":[{"@type":"WebPage","@id":"https:\/\/marevik.ee\/test\/toode\/brother-airflow-3000-overlok\/","url":"https:\/\/marevik.ee\/test\/toode\/brother-airflow-3000-overlok\/","name":"Brother Airflow 3000 overlok - Marevik O&Uuml;","isPartOf":{"@id":"https:\/\/marevik.ee\/test\/#website"},"primaryImageOfPage":{"@id":"https:\/\/marevik.ee\/test\/toode\/brother-airflow-3000-overlok\/#primaryimage"},"image":{"@id":"https:\/\/marevik.ee\/test\/toode\/brother-airflow-3000-overlok\/#primaryimage"},"thumbnailUrl":"https:\/\/marevik.ee\/test\/wp-content\/uploads\/2023\/04\/brother-airflow-3000-overlocker.jpg","datePublished":"2023-04-27T10:44:47+00:00","dateModified":"2025-09-22T06:04:27+00:00","description":"Brother Airflow 3000 on rikkaliku varustusega t\u00f6\u00f6kindel \u00e4\u00e4ristusmasin. Overloki haarajate niidistamine on \u00fclilihtne ja toimub surve\u00f5hu abil. Samuti n\u00f5elaniidid saab niidistatud nupuvajutusega.","breadcrumb":{"@id":"https:\/\/marevik.ee\/test\/toode\/brother-airflow-3000-overlok\/#breadcrumb"},"inLanguage":"en","potentialAction":[{"@type":"ReadAction","target":["https:\/\/marevik.ee\/test\/toode\/brother-airflow-3000-overlok\/"]}]},{"@type":"ImageObject","inLanguage":"en","@id":"https:\/\/marevik.ee\/test\/toode\/brother-airflow-3000-overlok\/#primaryimage","url":"https:\/\/marevik.ee\/test\/wp-content\/uploads\/2023\/04\/brother-airflow-3000-overlocker.jpg","contentUrl":"https:\/\/marevik.ee\/test\/wp-content\/uploads\/2023\/04\/brother-airflow-3000-overlocker.jpg","width":1200,"height":1200},{"@type":"BreadcrumbList","@id":"https:\/\/marevik.ee\/test\/toode\/brother-airflow-3000-overlok\/#breadcrumb","itemListElement":[{"@type":"ListItem","position":1,"name":"Home","item":"https:\/\/marevik.ee\/test\/"},{"@type":"ListItem","position":2,"name":"E-POOD","item":"https:\/\/marevik.ee\/test\/epood\/"},{"@type":"ListItem","position":3,"name":"Brother Airflow 3000 overlok"}]},{"@type":"WebSite","@id":"https:\/\/marevik.ee\/test\/#website","url":"https:\/\/marevik.ee\/test\/","name":"Marevik O&Uuml;","description":"&Otilde;mblusmasina asjatundja","publisher":{"@id":"https:\/\/marevik.ee\/test\/#organization"},"potentialAction":[{"@type":"SearchAction","target":{"@type":"EntryPoint","urlTemplate":"https:\/\/marevik.ee\/test\/?s={search_term_string}"},"query-input":{"@type":"PropertyValueSpecification","valueRequired":true,"valueName":"search_term_string"}}],"inLanguage":"en"},{"@type":"Organization","@id":"https:\/\/marevik.ee\/test\/#organization","name":"Marevik O&Uuml;","url":"https:\/\/marevik.ee\/test\/","logo":{"@type":"ImageObject","inLanguage":"en","@id":"https:\/\/marevik.ee\/test\/#\/schema\/logo\/image\/","url":"https:\/\/marevik.ee\/test\/wp-content\/uploads\/2020\/02\/mblusmasina-asjatundja-1994_173x105_veebi_v-ike.jpg","contentUrl":"https:\/\/marevik.ee\/test\/wp-content\/uploads\/2020\/02\/mblusmasina-asjatundja-1994_173x105_veebi_v-ike.jpg","width":173,"height":105,"caption":"Marevik O&Uuml;"},"image":{"@id":"https:\/\/marevik.ee\/test\/#\/schema\/logo\/image\/"}}]}},"_links":{"self":[{"href":"https:\/\/marevik.ee\/test\/wp-json\/wp\/v2\/product\/15253","targetHints":{"allow":["GET"]}}],"collection":[{"href":"https:\/\/marevik.ee\/test\/wp-json\/wp\/v2\/product"}],"about":[{"href":"https:\/\/marevik.ee\/test\/wp-json\/wp\/v2\/types\/product"}],"wp:featuredmedia":[{"embeddable":true,"href":"https:\/\/marevik.ee\/test\/wp-json\/wp\/v2\/media\/15254"}],"wp:attachment":[{"href":"https:\/\/marevik.ee\/test\/wp-json\/wp\/v2\/media?parent=15253"}],"wp:term":[{"taxonomy":"product_brand","embeddable":true,"href":"https:\/\/marevik.ee\/test\/wp-json\/wp\/v2\/product_brand?post=15253"},{"taxonomy":"product_cat","embeddable":true,"href":"https:\/\/marevik.ee\/test\/wp-json\/wp\/v2\/product_cat?post=15253"},{"taxonomy":"product_tag","embeddable":true,"href":"https:\/\/marevik.ee\/test\/wp-json\/wp\/v2\/product_tag?post=15253"}],"curies":[{"name":"wp","href":"https:\/\/api.w.org\/{rel}","templated":true}]}}