{"id":15270,"date":"2023-05-03T08:52:52","date_gmt":"2023-05-03T08:52:52","guid":{"rendered":"https:\/\/marevik.ee\/test\/?post_type=product&#038;p=15270"},"modified":"2025-05-12T13:29:18","modified_gmt":"2025-05-12T13:29:18","slug":"innov-is-f560-brother","status":"publish","type":"product","link":"https:\/\/marevik.ee\/test\/toode\/innov-is-f560-brother\/","title":{"rendered":"Innov-is F560 Brother"},"content":{"rendered":"<p>3.7\u201d v\u00e4rviline puuteekraan<br \/>\nValgustatud ekraanil n\u00e4htavad valitud \u00f5mblus, piste pikkus ja laius, vajalik presstald<br \/>\n241 \u00f5mblusoperatsiooni<br \/>\n10 erinevat t\u00e4isautomaatset n\u00f6\u00f6pauku, n\u00f6\u00f6bi \u00f5mblemine<br \/>\n\u00d5mblused venivale kangale<br \/>\n\u00c4\u00e4ristus\u00f5mblused<br \/>\nDekoratiiv\u00f5mblused laiusega kuni 40mm<br \/>\n5. erinevas stiilis t\u00e4hestik s.h. vene ja jaapani.<br \/>\nOma \u00f5mblusoperatsiooni loomine (My Custom StitchTM)<br \/>\nUSB port oma \u00f5mbluste lisamiseks v\u00f5i talletamiseks.<br \/>\n10 m\u00e4lukohta \u00f5mbluste salvestamiseks<br \/>\nKaksikn\u00f5el kahev\u00e4rvilisteks \u00f5mblusteks<br \/>\nSuur t\u00f6\u00f6pind<br \/>\nT\u00e4iustatud s\u00f6\u00f6temehhanism Square Feed Drive System<br \/>\nS\u00f6\u00f6tehammastiku langetamine vabak\u00e4etikandiks<br \/>\nSujuvalt reguleeritav piste pikkus (max 5mm) ja laius (max 7mm)<br \/>\nAutomaatne poolimine ja lihtne pooli paigaldamine<br \/>\nHorisontaalne poolis\u00fcsteem<br \/>\nStart\/stopp nupp ilma pedaalita \u00f5mblemiseks<br \/>\n\u00d5mbluskiiruse regulaator, seadistatav ka sik-sak\u00f5mbluse laiuse k\u00e4sitsi reguleerimiseks<br \/>\nAutomaatne n\u00f5elasilmaniidistaja<br \/>\nAutomaatne pistekinnitus<br \/>\nAutomaatne niidil\u00f5ikur<br \/>\nP\u00f5lvekang presstalla t\u00f5stmiseks ja langetamiseks<br \/>\nN\u00f5ela asendi muutmine (n\u00f5el \u00fcleval\/all)<br \/>\nPresstalla surve regulaator<br \/>\n\u00dchtlane s\u00f6\u00f6de t\u00e4nu 7-osalisele hammastikule<br \/>\n\u00d5mblemine k\u00fclgsuunas (joon\u00f5mblus, sik-sak)<br \/>\nFiksaatoriga presstald h\u00f5lbustamaks \u00fcleminekud \u00f5hemalt paksemale kangakihile<br \/>\nVabavars h\u00f5lbustamaks torujate detailide \u00f5mblemist<br \/>\nKohtvalgustus<br \/>\nKandesang<br \/>\nMitmek\u00fclgsed tarvikud standardvarustuses<br \/>\nK\u00f5va masinakate<\/p>\n<div class=\"ast-oembed-container \" style=\"height: 100%;\"><iframe title=\"Brother Innov-is F560 electronic sewing machine\" width=\"500\" height=\"281\" src=\"https:\/\/www.youtube.com\/embed\/EpjPszhh4ak?feature=oembed\" frameborder=\"0\" allow=\"accelerometer; autoplay; clipboard-write; encrypted-media; gyroscope; picture-in-picture; web-share\" referrerpolicy=\"strict-origin-when-cross-origin\" allowfullscreen><\/iframe><\/div>\n","protected":false},"excerpt":{"rendered":"<p>Brother Innov-is F560 on vaikne, sujuva k\u00e4ivitusega, vibratsioonivaba t\u00f6\u00f6riist. Kaasaegse kauni disainiga, uusima tehnoloogiaga, kvaliteetne kompuuter\u00f5mblusmasin n\u00f5udlikule \u00f5mblejale. \u00d5mbluse k\u00f5rge kvaliteedi, nii paksemal kui \u00f5hukesel kangal tagab uus \u201eSquare Feed Drive System\u201c. Parimate omadustega tippklassi \u00f5mblusmasin<\/p>\n","protected":false},"featured_media":15272,"template":"","meta":{"site-sidebar-layout":"default","site-content-layout":"default","ast-site-content-layout":"","site-content-style":"default","site-sidebar-style":"default","ast-global-header-display":"","ast-banner-title-visibility":"","ast-main-header-display":"","ast-hfb-above-header-display":"","ast-hfb-below-header-display":"","ast-hfb-mobile-header-display":"","site-post-title":"","ast-breadcrumbs-content":"","ast-featured-img":"","footer-sml-layout":"","theme-transparent-header-meta":"default","adv-header-id-meta":"","stick-header-meta":"","header-above-stick-meta":"","header-main-stick-meta":"","header-below-stick-meta":"","astra-migrate-meta-layouts":"default","ast-page-background-enabled":"default","ast-page-background-meta":{"desktop":{"background-color":"","background-image":"","background-repeat":"repeat","background-position":"center center","background-size":"auto","background-attachment":"scroll","background-type":"","background-media":"","overlay-type":"","overlay-color":"","overlay-opacity":"","overlay-gradient":""},"tablet":{"background-color":"","background-image":"","background-repeat":"repeat","background-position":"center center","background-size":"auto","background-attachment":"scroll","background-type":"","background-media":"","overlay-type":"","overlay-color":"","overlay-opacity":"","overlay-gradient":""},"mobile":{"background-color":"","background-image":"","background-repeat":"repeat","background-position":"center center","background-size":"auto","background-attachment":"scroll","background-type":"","background-media":"","overlay-type":"","overlay-color":"","overlay-opacity":"","overlay-gradient":""}},"ast-content-background-meta":{"desktop":{"background-color":"var(--ast-global-color-5)","background-image":"","background-repeat":"repeat","background-position":"center center","background-size":"auto","background-attachment":"scroll","background-type":"","background-media":"","overlay-type":"","overlay-color":"","overlay-opacity":"","overlay-gradient":""},"tablet":{"background-color":"var(--ast-global-color-5)","background-image":"","background-repeat":"repeat","background-position":"center center","background-size":"auto","background-attachment":"scroll","background-type":"","background-media":"","overlay-type":"","overlay-color":"","overlay-opacity":"","overlay-gradient":""},"mobile":{"background-color":"var(--ast-global-color-5)","background-image":"","background-repeat":"repeat","background-position":"center center","background-size":"auto","background-attachment":"scroll","background-type":"","background-media":"","overlay-type":"","overlay-color":"","overlay-opacity":"","overlay-gradient":""}}},"product_brand":[],"product_cat":[68,60],"product_tag":[85],"class_list":{"0":"post-15270","1":"product","2":"type-product","3":"status-publish","4":"has-post-thumbnail","6":"product_cat-brother","7":"product_cat-omblusmasinad","8":"product_tag-brother","9":"desktop-align-left","10":"tablet-align-left","11":"mobile-align-left","13":"first","14":"instock","15":"taxable","16":"shipping-taxable","17":"purchasable","18":"product-type-simple"},"yoast_head":"<!-- This site is optimized with the Yoast SEO plugin v26.1.1 - https:\/\/yoast.com\/wordpress\/plugins\/seo\/ -->\n<title>Innov-is F560 - Parimate omadustega tippklassi \u00f5mblusmasin.<\/title>\n<meta name=\"description\" content=\"Brother Innov-is F560 on vaikne, sujuva k\u00e4ivitusega, vibratsioonivaba t\u00f6\u00f6riist. Kaasaegse kauni disainiga, uusima tehnoloogiaga, kvaliteetne kompuuter\u00f5mblusmasin n\u00f5udlikule \u00f5mblejale. \u00d5mbluse k\u00f5rge kvaliteedi, nii paksemal kui \u00f5hukesel kangal tagab uus \u201eSquare Feed Drive System\u201c. Parimate omadustega tippklassi \u00f5mblusmasin\" \/>\n<meta name=\"robots\" content=\"index, follow, max-snippet:-1, max-image-preview:large, max-video-preview:-1\" \/>\n<link rel=\"canonical\" href=\"https:\/\/marevik.ee\/test\/toode\/innov-is-f560-brother\/\" \/>\n<meta property=\"og:locale\" content=\"en_US\" \/>\n<meta property=\"og:type\" content=\"article\" \/>\n<meta property=\"og:title\" content=\"Innov-is F560 - Parimate omadustega tippklassi \u00f5mblusmasin.\" \/>\n<meta property=\"og:description\" content=\"Brother Innov-is F560 on vaikne, sujuva k\u00e4ivitusega, vibratsioonivaba t\u00f6\u00f6riist. Kaasaegse kauni disainiga, uusima tehnoloogiaga, kvaliteetne kompuuter\u00f5mblusmasin n\u00f5udlikule \u00f5mblejale. \u00d5mbluse k\u00f5rge kvaliteedi, nii paksemal kui \u00f5hukesel kangal tagab uus \u201eSquare Feed Drive System\u201c. Parimate omadustega tippklassi \u00f5mblusmasin\" \/>\n<meta property=\"og:url\" content=\"https:\/\/marevik.ee\/test\/toode\/innov-is-f560-brother\/\" \/>\n<meta property=\"og:site_name\" content=\"Marevik O&Uuml;\" \/>\n<meta property=\"article:modified_time\" content=\"2025-05-12T13:29:18+00:00\" \/>\n<meta property=\"og:image\" content=\"https:\/\/marevik.ee\/test\/wp-content\/uploads\/2023\/05\/F560.jpg\" \/>\n\t<meta property=\"og:image:width\" content=\"1000\" \/>\n\t<meta property=\"og:image:height\" content=\"1000\" \/>\n\t<meta property=\"og:image:type\" content=\"image\/jpeg\" \/>\n<meta name=\"twitter:card\" content=\"summary_large_image\" \/>\n<meta name=\"twitter:label1\" content=\"Est. reading time\" \/>\n\t<meta name=\"twitter:data1\" content=\"2 minutes\" \/>\n<script type=\"application\/ld+json\" class=\"yoast-schema-graph\">{\"@context\":\"https:\/\/schema.org\",\"@graph\":[{\"@type\":\"WebPage\",\"@id\":\"https:\/\/marevik.ee\/test\/toode\/innov-is-f560-brother\/\",\"url\":\"https:\/\/marevik.ee\/test\/toode\/innov-is-f560-brother\/\",\"name\":\"Innov-is F560 - Parimate omadustega tippklassi \u00f5mblusmasin.\",\"isPartOf\":{\"@id\":\"https:\/\/marevik.ee\/test\/#website\"},\"primaryImageOfPage\":{\"@id\":\"https:\/\/marevik.ee\/test\/toode\/innov-is-f560-brother\/#primaryimage\"},\"image\":{\"@id\":\"https:\/\/marevik.ee\/test\/toode\/innov-is-f560-brother\/#primaryimage\"},\"thumbnailUrl\":\"https:\/\/marevik.ee\/test\/wp-content\/uploads\/2023\/05\/F560.jpg\",\"datePublished\":\"2023-05-03T08:52:52+00:00\",\"dateModified\":\"2025-05-12T13:29:18+00:00\",\"description\":\"Brother Innov-is F560 on vaikne, sujuva k\u00e4ivitusega, vibratsioonivaba t\u00f6\u00f6riist. Kaasaegse kauni disainiga, uusima tehnoloogiaga, kvaliteetne kompuuter\u00f5mblusmasin n\u00f5udlikule \u00f5mblejale. \u00d5mbluse k\u00f5rge kvaliteedi, nii paksemal kui \u00f5hukesel kangal tagab uus \u201eSquare Feed Drive System\u201c. Parimate omadustega tippklassi \u00f5mblusmasin\",\"breadcrumb\":{\"@id\":\"https:\/\/marevik.ee\/test\/toode\/innov-is-f560-brother\/#breadcrumb\"},\"inLanguage\":\"en\",\"potentialAction\":[{\"@type\":\"ReadAction\",\"target\":[\"https:\/\/marevik.ee\/test\/toode\/innov-is-f560-brother\/\"]}]},{\"@type\":\"ImageObject\",\"inLanguage\":\"en\",\"@id\":\"https:\/\/marevik.ee\/test\/toode\/innov-is-f560-brother\/#primaryimage\",\"url\":\"https:\/\/marevik.ee\/test\/wp-content\/uploads\/2023\/05\/F560.jpg\",\"contentUrl\":\"https:\/\/marevik.ee\/test\/wp-content\/uploads\/2023\/05\/F560.jpg\",\"width\":1000,\"height\":1000},{\"@type\":\"BreadcrumbList\",\"@id\":\"https:\/\/marevik.ee\/test\/toode\/innov-is-f560-brother\/#breadcrumb\",\"itemListElement\":[{\"@type\":\"ListItem\",\"position\":1,\"name\":\"Home\",\"item\":\"https:\/\/marevik.ee\/test\/\"},{\"@type\":\"ListItem\",\"position\":2,\"name\":\"E-POOD\",\"item\":\"https:\/\/marevik.ee\/test\/epood\/\"},{\"@type\":\"ListItem\",\"position\":3,\"name\":\"Innov-is F560 Brother\"}]},{\"@type\":\"WebSite\",\"@id\":\"https:\/\/marevik.ee\/test\/#website\",\"url\":\"https:\/\/marevik.ee\/test\/\",\"name\":\"Marevik O&Uuml;\",\"description\":\"&Otilde;mblusmasina asjatundja\",\"publisher\":{\"@id\":\"https:\/\/marevik.ee\/test\/#organization\"},\"potentialAction\":[{\"@type\":\"SearchAction\",\"target\":{\"@type\":\"EntryPoint\",\"urlTemplate\":\"https:\/\/marevik.ee\/test\/?s={search_term_string}\"},\"query-input\":{\"@type\":\"PropertyValueSpecification\",\"valueRequired\":true,\"valueName\":\"search_term_string\"}}],\"inLanguage\":\"en\"},{\"@type\":\"Organization\",\"@id\":\"https:\/\/marevik.ee\/test\/#organization\",\"name\":\"Marevik O&Uuml;\",\"url\":\"https:\/\/marevik.ee\/test\/\",\"logo\":{\"@type\":\"ImageObject\",\"inLanguage\":\"en\",\"@id\":\"https:\/\/marevik.ee\/test\/#\/schema\/logo\/image\/\",\"url\":\"https:\/\/marevik.ee\/test\/wp-content\/uploads\/2020\/02\/mblusmasina-asjatundja-1994_173x105_veebi_v-ike.jpg\",\"contentUrl\":\"https:\/\/marevik.ee\/test\/wp-content\/uploads\/2020\/02\/mblusmasina-asjatundja-1994_173x105_veebi_v-ike.jpg\",\"width\":173,\"height\":105,\"caption\":\"Marevik O&Uuml;\"},\"image\":{\"@id\":\"https:\/\/marevik.ee\/test\/#\/schema\/logo\/image\/\"}}]}<\/script>\n<!-- \/ Yoast SEO plugin. -->","yoast_head_json":{"title":"Innov-is F560 - Parimate omadustega tippklassi \u00f5mblusmasin.","description":"Brother Innov-is F560 on vaikne, sujuva k\u00e4ivitusega, vibratsioonivaba t\u00f6\u00f6riist. Kaasaegse kauni disainiga, uusima tehnoloogiaga, kvaliteetne kompuuter\u00f5mblusmasin n\u00f5udlikule \u00f5mblejale. \u00d5mbluse k\u00f5rge kvaliteedi, nii paksemal kui \u00f5hukesel kangal tagab uus \u201eSquare Feed Drive System\u201c. Parimate omadustega tippklassi \u00f5mblusmasin","robots":{"index":"index","follow":"follow","max-snippet":"max-snippet:-1","max-image-preview":"max-image-preview:large","max-video-preview":"max-video-preview:-1"},"canonical":"https:\/\/marevik.ee\/test\/toode\/innov-is-f560-brother\/","og_locale":"en_US","og_type":"article","og_title":"Innov-is F560 - Parimate omadustega tippklassi \u00f5mblusmasin.","og_description":"Brother Innov-is F560 on vaikne, sujuva k\u00e4ivitusega, vibratsioonivaba t\u00f6\u00f6riist. Kaasaegse kauni disainiga, uusima tehnoloogiaga, kvaliteetne kompuuter\u00f5mblusmasin n\u00f5udlikule \u00f5mblejale. \u00d5mbluse k\u00f5rge kvaliteedi, nii paksemal kui \u00f5hukesel kangal tagab uus \u201eSquare Feed Drive System\u201c. Parimate omadustega tippklassi \u00f5mblusmasin","og_url":"https:\/\/marevik.ee\/test\/toode\/innov-is-f560-brother\/","og_site_name":"Marevik O&Uuml;","article_modified_time":"2025-05-12T13:29:18+00:00","og_image":[{"width":1000,"height":1000,"url":"https:\/\/marevik.ee\/test\/wp-content\/uploads\/2023\/05\/F560.jpg","type":"image\/jpeg"}],"twitter_card":"summary_large_image","twitter_misc":{"Est. reading time":"2 minutes"},"schema":{"@context":"https:\/\/schema.org","@graph":[{"@type":"WebPage","@id":"https:\/\/marevik.ee\/test\/toode\/innov-is-f560-brother\/","url":"https:\/\/marevik.ee\/test\/toode\/innov-is-f560-brother\/","name":"Innov-is F560 - Parimate omadustega tippklassi \u00f5mblusmasin.","isPartOf":{"@id":"https:\/\/marevik.ee\/test\/#website"},"primaryImageOfPage":{"@id":"https:\/\/marevik.ee\/test\/toode\/innov-is-f560-brother\/#primaryimage"},"image":{"@id":"https:\/\/marevik.ee\/test\/toode\/innov-is-f560-brother\/#primaryimage"},"thumbnailUrl":"https:\/\/marevik.ee\/test\/wp-content\/uploads\/2023\/05\/F560.jpg","datePublished":"2023-05-03T08:52:52+00:00","dateModified":"2025-05-12T13:29:18+00:00","description":"Brother Innov-is F560 on vaikne, sujuva k\u00e4ivitusega, vibratsioonivaba t\u00f6\u00f6riist. Kaasaegse kauni disainiga, uusima tehnoloogiaga, kvaliteetne kompuuter\u00f5mblusmasin n\u00f5udlikule \u00f5mblejale. \u00d5mbluse k\u00f5rge kvaliteedi, nii paksemal kui \u00f5hukesel kangal tagab uus \u201eSquare Feed Drive System\u201c. Parimate omadustega tippklassi \u00f5mblusmasin","breadcrumb":{"@id":"https:\/\/marevik.ee\/test\/toode\/innov-is-f560-brother\/#breadcrumb"},"inLanguage":"en","potentialAction":[{"@type":"ReadAction","target":["https:\/\/marevik.ee\/test\/toode\/innov-is-f560-brother\/"]}]},{"@type":"ImageObject","inLanguage":"en","@id":"https:\/\/marevik.ee\/test\/toode\/innov-is-f560-brother\/#primaryimage","url":"https:\/\/marevik.ee\/test\/wp-content\/uploads\/2023\/05\/F560.jpg","contentUrl":"https:\/\/marevik.ee\/test\/wp-content\/uploads\/2023\/05\/F560.jpg","width":1000,"height":1000},{"@type":"BreadcrumbList","@id":"https:\/\/marevik.ee\/test\/toode\/innov-is-f560-brother\/#breadcrumb","itemListElement":[{"@type":"ListItem","position":1,"name":"Home","item":"https:\/\/marevik.ee\/test\/"},{"@type":"ListItem","position":2,"name":"E-POOD","item":"https:\/\/marevik.ee\/test\/epood\/"},{"@type":"ListItem","position":3,"name":"Innov-is F560 Brother"}]},{"@type":"WebSite","@id":"https:\/\/marevik.ee\/test\/#website","url":"https:\/\/marevik.ee\/test\/","name":"Marevik O&Uuml;","description":"&Otilde;mblusmasina asjatundja","publisher":{"@id":"https:\/\/marevik.ee\/test\/#organization"},"potentialAction":[{"@type":"SearchAction","target":{"@type":"EntryPoint","urlTemplate":"https:\/\/marevik.ee\/test\/?s={search_term_string}"},"query-input":{"@type":"PropertyValueSpecification","valueRequired":true,"valueName":"search_term_string"}}],"inLanguage":"en"},{"@type":"Organization","@id":"https:\/\/marevik.ee\/test\/#organization","name":"Marevik O&Uuml;","url":"https:\/\/marevik.ee\/test\/","logo":{"@type":"ImageObject","inLanguage":"en","@id":"https:\/\/marevik.ee\/test\/#\/schema\/logo\/image\/","url":"https:\/\/marevik.ee\/test\/wp-content\/uploads\/2020\/02\/mblusmasina-asjatundja-1994_173x105_veebi_v-ike.jpg","contentUrl":"https:\/\/marevik.ee\/test\/wp-content\/uploads\/2020\/02\/mblusmasina-asjatundja-1994_173x105_veebi_v-ike.jpg","width":173,"height":105,"caption":"Marevik O&Uuml;"},"image":{"@id":"https:\/\/marevik.ee\/test\/#\/schema\/logo\/image\/"}}]}},"_links":{"self":[{"href":"https:\/\/marevik.ee\/test\/wp-json\/wp\/v2\/product\/15270","targetHints":{"allow":["GET"]}}],"collection":[{"href":"https:\/\/marevik.ee\/test\/wp-json\/wp\/v2\/product"}],"about":[{"href":"https:\/\/marevik.ee\/test\/wp-json\/wp\/v2\/types\/product"}],"wp:featuredmedia":[{"embeddable":true,"href":"https:\/\/marevik.ee\/test\/wp-json\/wp\/v2\/media\/15272"}],"wp:attachment":[{"href":"https:\/\/marevik.ee\/test\/wp-json\/wp\/v2\/media?parent=15270"}],"wp:term":[{"taxonomy":"product_brand","embeddable":true,"href":"https:\/\/marevik.ee\/test\/wp-json\/wp\/v2\/product_brand?post=15270"},{"taxonomy":"product_cat","embeddable":true,"href":"https:\/\/marevik.ee\/test\/wp-json\/wp\/v2\/product_cat?post=15270"},{"taxonomy":"product_tag","embeddable":true,"href":"https:\/\/marevik.ee\/test\/wp-json\/wp\/v2\/product_tag?post=15270"}],"curies":[{"name":"wp","href":"https:\/\/api.w.org\/{rel}","templated":true}]}}