{"id":15477,"date":"2023-08-14T09:49:19","date_gmt":"2023-08-14T09:49:19","guid":{"rendered":"https:\/\/marevik.ee\/test\/?post_type=product&#038;p=15477"},"modified":"2023-08-14T09:56:11","modified_gmt":"2023-08-14T09:56:11","slug":"nokamutsi-raam-bernina","status":"publish","type":"product","link":"https:\/\/marevik.ee\/test\/toode\/nokamutsi-raam-bernina\/","title":{"rendered":"Nokam\u00fctsi raam Bernina"},"content":{"rendered":"","protected":false},"excerpt":{"rendered":"<p>Nokamm\u00fctsi raam Bernina mudelitele: BERNINA 500, BERNINA 535, BERNINA 535, BERNINA 555, BERNINA 560, BERNINA 570 QE, BERNINA 570 QE, BERNINA 580, BERNINA 590, BERNINA 590, BERNINA 700, BERNINA 700, BERNINA 720, BERNINA 735, BERNINA 735, BERNINA750 QE, BERNINA 770 QE, BERNINA 770 QE PLUS, BERNINA 770 QE PLUS, BERNINA 780, BERNINA 790PLUS, BERNINA 790 PLUS, BERNINA 790 PLUS, BERNINA 830, BERNINA 880 PLUS, BERNINA 880 PLUS, BERNINA artista 185, BERNINA artista 200, BERNINA artista 630, BERNINA artista 640, BERNINA artista 730, BERNINA Aurora 430, BERNINA Aurora 440 QE, BERNINA aurora 450<\/p>\n","protected":false},"featured_media":15478,"template":"","meta":{"site-sidebar-layout":"default","site-content-layout":"default","ast-site-content-layout":"","site-content-style":"default","site-sidebar-style":"default","ast-global-header-display":"","ast-banner-title-visibility":"","ast-main-header-display":"","ast-hfb-above-header-display":"","ast-hfb-below-header-display":"","ast-hfb-mobile-header-display":"","site-post-title":"","ast-breadcrumbs-content":"","ast-featured-img":"","footer-sml-layout":"","theme-transparent-header-meta":"default","adv-header-id-meta":"","stick-header-meta":"","header-above-stick-meta":"","header-main-stick-meta":"","header-below-stick-meta":"","astra-migrate-meta-layouts":"default","ast-page-background-enabled":"default","ast-page-background-meta":{"desktop":{"background-color":"","background-image":"","background-repeat":"repeat","background-position":"center center","background-size":"auto","background-attachment":"scroll","background-type":"","background-media":"","overlay-type":"","overlay-color":"","overlay-opacity":"","overlay-gradient":""},"tablet":{"background-color":"","background-image":"","background-repeat":"repeat","background-position":"center center","background-size":"auto","background-attachment":"scroll","background-type":"","background-media":"","overlay-type":"","overlay-color":"","overlay-opacity":"","overlay-gradient":""},"mobile":{"background-color":"","background-image":"","background-repeat":"repeat","background-position":"center center","background-size":"auto","background-attachment":"scroll","background-type":"","background-media":"","overlay-type":"","overlay-color":"","overlay-opacity":"","overlay-gradient":""}},"ast-content-background-meta":{"desktop":{"background-color":"var(--ast-global-color-5)","background-image":"","background-repeat":"repeat","background-position":"center center","background-size":"auto","background-attachment":"scroll","background-type":"","background-media":"","overlay-type":"","overlay-color":"","overlay-opacity":"","overlay-gradient":""},"tablet":{"background-color":"var(--ast-global-color-5)","background-image":"","background-repeat":"repeat","background-position":"center center","background-size":"auto","background-attachment":"scroll","background-type":"","background-media":"","overlay-type":"","overlay-color":"","overlay-opacity":"","overlay-gradient":""},"mobile":{"background-color":"var(--ast-global-color-5)","background-image":"","background-repeat":"repeat","background-position":"center center","background-size":"auto","background-attachment":"scroll","background-type":"","background-media":"","overlay-type":"","overlay-color":"","overlay-opacity":"","overlay-gradient":""}}},"product_brand":[],"product_cat":[66,76],"product_tag":[108],"class_list":{"0":"post-15477","1":"product","2":"type-product","3":"status-publish","4":"has-post-thumbnail","6":"product_cat-lisatarvikud","7":"product_cat-varuosad-ja-lisad","8":"product_tag-bernina","9":"desktop-align-left","10":"tablet-align-left","11":"mobile-align-left","13":"first","14":"instock","15":"taxable","16":"shipping-taxable","17":"purchasable","18":"product-type-simple"},"yoast_head":"<!-- This site is optimized with the Yoast SEO plugin v26.1.1 - https:\/\/yoast.com\/wordpress\/plugins\/seo\/ -->\n<title>Nokam\u00fctsi raam Bernina - Marevik O&Uuml;<\/title>\n<meta name=\"description\" content=\"\u00d5mblusmasina Asjatundja pakub laias valikus \u00f5mblusmasinaid tuntud tootjatelt, Janome, Brother, Juki, Bernina. Asume Tallinnas, Stokmann kaubamaja vastas\" \/>\n<meta name=\"robots\" content=\"index, follow, max-snippet:-1, max-image-preview:large, max-video-preview:-1\" \/>\n<link rel=\"canonical\" href=\"https:\/\/marevik.ee\/test\/toode\/nokamutsi-raam-bernina\/\" \/>\n<meta property=\"og:locale\" content=\"en_US\" \/>\n<meta property=\"og:type\" content=\"article\" \/>\n<meta property=\"og:title\" content=\"Nokam\u00fctsi raam Bernina - Marevik O&Uuml;\" \/>\n<meta property=\"og:description\" content=\"\u00d5mblusmasina Asjatundja pakub laias valikus \u00f5mblusmasinaid tuntud tootjatelt, Janome, Brother, Juki, Bernina. Asume Tallinnas, Stokmann kaubamaja vastas\" \/>\n<meta property=\"og:url\" content=\"https:\/\/marevik.ee\/test\/toode\/nokamutsi-raam-bernina\/\" \/>\n<meta property=\"og:site_name\" content=\"Marevik O&Uuml;\" \/>\n<meta property=\"article:modified_time\" content=\"2023-08-14T09:56:11+00:00\" \/>\n<meta property=\"og:image\" content=\"https:\/\/marevik.ee\/test\/wp-content\/uploads\/2023\/08\/0311847000-Nokamutsi-raam.jpg\" \/>\n\t<meta property=\"og:image:width\" content=\"700\" \/>\n\t<meta property=\"og:image:height\" content=\"560\" \/>\n\t<meta property=\"og:image:type\" content=\"image\/jpeg\" \/>\n<meta name=\"twitter:card\" content=\"summary_large_image\" \/>\n<script type=\"application\/ld+json\" class=\"yoast-schema-graph\">{\"@context\":\"https:\/\/schema.org\",\"@graph\":[{\"@type\":\"WebPage\",\"@id\":\"https:\/\/marevik.ee\/test\/toode\/nokamutsi-raam-bernina\/\",\"url\":\"https:\/\/marevik.ee\/test\/toode\/nokamutsi-raam-bernina\/\",\"name\":\"Nokam\u00fctsi raam Bernina - Marevik O&Uuml;\",\"isPartOf\":{\"@id\":\"https:\/\/marevik.ee\/test\/#website\"},\"primaryImageOfPage\":{\"@id\":\"https:\/\/marevik.ee\/test\/toode\/nokamutsi-raam-bernina\/#primaryimage\"},\"image\":{\"@id\":\"https:\/\/marevik.ee\/test\/toode\/nokamutsi-raam-bernina\/#primaryimage\"},\"thumbnailUrl\":\"https:\/\/marevik.ee\/test\/wp-content\/uploads\/2023\/08\/0311847000-Nokamutsi-raam.jpg\",\"datePublished\":\"2023-08-14T09:49:19+00:00\",\"dateModified\":\"2023-08-14T09:56:11+00:00\",\"description\":\"\u00d5mblusmasina Asjatundja pakub laias valikus \u00f5mblusmasinaid tuntud tootjatelt, Janome, Brother, Juki, Bernina. Asume Tallinnas, Stokmann kaubamaja vastas\",\"breadcrumb\":{\"@id\":\"https:\/\/marevik.ee\/test\/toode\/nokamutsi-raam-bernina\/#breadcrumb\"},\"inLanguage\":\"en\",\"potentialAction\":[{\"@type\":\"ReadAction\",\"target\":[\"https:\/\/marevik.ee\/test\/toode\/nokamutsi-raam-bernina\/\"]}]},{\"@type\":\"ImageObject\",\"inLanguage\":\"en\",\"@id\":\"https:\/\/marevik.ee\/test\/toode\/nokamutsi-raam-bernina\/#primaryimage\",\"url\":\"https:\/\/marevik.ee\/test\/wp-content\/uploads\/2023\/08\/0311847000-Nokamutsi-raam.jpg\",\"contentUrl\":\"https:\/\/marevik.ee\/test\/wp-content\/uploads\/2023\/08\/0311847000-Nokamutsi-raam.jpg\",\"width\":700,\"height\":560},{\"@type\":\"BreadcrumbList\",\"@id\":\"https:\/\/marevik.ee\/test\/toode\/nokamutsi-raam-bernina\/#breadcrumb\",\"itemListElement\":[{\"@type\":\"ListItem\",\"position\":1,\"name\":\"Home\",\"item\":\"https:\/\/marevik.ee\/test\/\"},{\"@type\":\"ListItem\",\"position\":2,\"name\":\"E-POOD\",\"item\":\"https:\/\/marevik.ee\/test\/epood\/\"},{\"@type\":\"ListItem\",\"position\":3,\"name\":\"Nokam\u00fctsi raam Bernina\"}]},{\"@type\":\"WebSite\",\"@id\":\"https:\/\/marevik.ee\/test\/#website\",\"url\":\"https:\/\/marevik.ee\/test\/\",\"name\":\"Marevik O&Uuml;\",\"description\":\"&Otilde;mblusmasina asjatundja\",\"publisher\":{\"@id\":\"https:\/\/marevik.ee\/test\/#organization\"},\"potentialAction\":[{\"@type\":\"SearchAction\",\"target\":{\"@type\":\"EntryPoint\",\"urlTemplate\":\"https:\/\/marevik.ee\/test\/?s={search_term_string}\"},\"query-input\":{\"@type\":\"PropertyValueSpecification\",\"valueRequired\":true,\"valueName\":\"search_term_string\"}}],\"inLanguage\":\"en\"},{\"@type\":\"Organization\",\"@id\":\"https:\/\/marevik.ee\/test\/#organization\",\"name\":\"Marevik O&Uuml;\",\"url\":\"https:\/\/marevik.ee\/test\/\",\"logo\":{\"@type\":\"ImageObject\",\"inLanguage\":\"en\",\"@id\":\"https:\/\/marevik.ee\/test\/#\/schema\/logo\/image\/\",\"url\":\"https:\/\/marevik.ee\/test\/wp-content\/uploads\/2020\/02\/mblusmasina-asjatundja-1994_173x105_veebi_v-ike.jpg\",\"contentUrl\":\"https:\/\/marevik.ee\/test\/wp-content\/uploads\/2020\/02\/mblusmasina-asjatundja-1994_173x105_veebi_v-ike.jpg\",\"width\":173,\"height\":105,\"caption\":\"Marevik O&Uuml;\"},\"image\":{\"@id\":\"https:\/\/marevik.ee\/test\/#\/schema\/logo\/image\/\"}}]}<\/script>\n<!-- \/ Yoast SEO plugin. -->","yoast_head_json":{"title":"Nokam\u00fctsi raam Bernina - Marevik O&Uuml;","description":"\u00d5mblusmasina Asjatundja pakub laias valikus \u00f5mblusmasinaid tuntud tootjatelt, Janome, Brother, Juki, Bernina. Asume Tallinnas, Stokmann kaubamaja vastas","robots":{"index":"index","follow":"follow","max-snippet":"max-snippet:-1","max-image-preview":"max-image-preview:large","max-video-preview":"max-video-preview:-1"},"canonical":"https:\/\/marevik.ee\/test\/toode\/nokamutsi-raam-bernina\/","og_locale":"en_US","og_type":"article","og_title":"Nokam\u00fctsi raam Bernina - Marevik O&Uuml;","og_description":"\u00d5mblusmasina Asjatundja pakub laias valikus \u00f5mblusmasinaid tuntud tootjatelt, Janome, Brother, Juki, Bernina. Asume Tallinnas, Stokmann kaubamaja vastas","og_url":"https:\/\/marevik.ee\/test\/toode\/nokamutsi-raam-bernina\/","og_site_name":"Marevik O&Uuml;","article_modified_time":"2023-08-14T09:56:11+00:00","og_image":[{"width":700,"height":560,"url":"https:\/\/marevik.ee\/test\/wp-content\/uploads\/2023\/08\/0311847000-Nokamutsi-raam.jpg","type":"image\/jpeg"}],"twitter_card":"summary_large_image","schema":{"@context":"https:\/\/schema.org","@graph":[{"@type":"WebPage","@id":"https:\/\/marevik.ee\/test\/toode\/nokamutsi-raam-bernina\/","url":"https:\/\/marevik.ee\/test\/toode\/nokamutsi-raam-bernina\/","name":"Nokam\u00fctsi raam Bernina - Marevik O&Uuml;","isPartOf":{"@id":"https:\/\/marevik.ee\/test\/#website"},"primaryImageOfPage":{"@id":"https:\/\/marevik.ee\/test\/toode\/nokamutsi-raam-bernina\/#primaryimage"},"image":{"@id":"https:\/\/marevik.ee\/test\/toode\/nokamutsi-raam-bernina\/#primaryimage"},"thumbnailUrl":"https:\/\/marevik.ee\/test\/wp-content\/uploads\/2023\/08\/0311847000-Nokamutsi-raam.jpg","datePublished":"2023-08-14T09:49:19+00:00","dateModified":"2023-08-14T09:56:11+00:00","description":"\u00d5mblusmasina Asjatundja pakub laias valikus \u00f5mblusmasinaid tuntud tootjatelt, Janome, Brother, Juki, Bernina. Asume Tallinnas, Stokmann kaubamaja vastas","breadcrumb":{"@id":"https:\/\/marevik.ee\/test\/toode\/nokamutsi-raam-bernina\/#breadcrumb"},"inLanguage":"en","potentialAction":[{"@type":"ReadAction","target":["https:\/\/marevik.ee\/test\/toode\/nokamutsi-raam-bernina\/"]}]},{"@type":"ImageObject","inLanguage":"en","@id":"https:\/\/marevik.ee\/test\/toode\/nokamutsi-raam-bernina\/#primaryimage","url":"https:\/\/marevik.ee\/test\/wp-content\/uploads\/2023\/08\/0311847000-Nokamutsi-raam.jpg","contentUrl":"https:\/\/marevik.ee\/test\/wp-content\/uploads\/2023\/08\/0311847000-Nokamutsi-raam.jpg","width":700,"height":560},{"@type":"BreadcrumbList","@id":"https:\/\/marevik.ee\/test\/toode\/nokamutsi-raam-bernina\/#breadcrumb","itemListElement":[{"@type":"ListItem","position":1,"name":"Home","item":"https:\/\/marevik.ee\/test\/"},{"@type":"ListItem","position":2,"name":"E-POOD","item":"https:\/\/marevik.ee\/test\/epood\/"},{"@type":"ListItem","position":3,"name":"Nokam\u00fctsi raam Bernina"}]},{"@type":"WebSite","@id":"https:\/\/marevik.ee\/test\/#website","url":"https:\/\/marevik.ee\/test\/","name":"Marevik O&Uuml;","description":"&Otilde;mblusmasina asjatundja","publisher":{"@id":"https:\/\/marevik.ee\/test\/#organization"},"potentialAction":[{"@type":"SearchAction","target":{"@type":"EntryPoint","urlTemplate":"https:\/\/marevik.ee\/test\/?s={search_term_string}"},"query-input":{"@type":"PropertyValueSpecification","valueRequired":true,"valueName":"search_term_string"}}],"inLanguage":"en"},{"@type":"Organization","@id":"https:\/\/marevik.ee\/test\/#organization","name":"Marevik O&Uuml;","url":"https:\/\/marevik.ee\/test\/","logo":{"@type":"ImageObject","inLanguage":"en","@id":"https:\/\/marevik.ee\/test\/#\/schema\/logo\/image\/","url":"https:\/\/marevik.ee\/test\/wp-content\/uploads\/2020\/02\/mblusmasina-asjatundja-1994_173x105_veebi_v-ike.jpg","contentUrl":"https:\/\/marevik.ee\/test\/wp-content\/uploads\/2020\/02\/mblusmasina-asjatundja-1994_173x105_veebi_v-ike.jpg","width":173,"height":105,"caption":"Marevik O&Uuml;"},"image":{"@id":"https:\/\/marevik.ee\/test\/#\/schema\/logo\/image\/"}}]}},"_links":{"self":[{"href":"https:\/\/marevik.ee\/test\/wp-json\/wp\/v2\/product\/15477","targetHints":{"allow":["GET"]}}],"collection":[{"href":"https:\/\/marevik.ee\/test\/wp-json\/wp\/v2\/product"}],"about":[{"href":"https:\/\/marevik.ee\/test\/wp-json\/wp\/v2\/types\/product"}],"wp:featuredmedia":[{"embeddable":true,"href":"https:\/\/marevik.ee\/test\/wp-json\/wp\/v2\/media\/15478"}],"wp:attachment":[{"href":"https:\/\/marevik.ee\/test\/wp-json\/wp\/v2\/media?parent=15477"}],"wp:term":[{"taxonomy":"product_brand","embeddable":true,"href":"https:\/\/marevik.ee\/test\/wp-json\/wp\/v2\/product_brand?post=15477"},{"taxonomy":"product_cat","embeddable":true,"href":"https:\/\/marevik.ee\/test\/wp-json\/wp\/v2\/product_cat?post=15477"},{"taxonomy":"product_tag","embeddable":true,"href":"https:\/\/marevik.ee\/test\/wp-json\/wp\/v2\/product_tag?post=15477"}],"curies":[{"name":"wp","href":"https:\/\/api.w.org\/{rel}","templated":true}]}}