{"id":15593,"date":"2023-10-25T07:15:17","date_gmt":"2023-10-25T07:15:17","guid":{"rendered":"https:\/\/marevik.ee\/test\/?post_type=product&#038;p=15593"},"modified":"2025-10-12T16:58:25","modified_gmt":"2025-10-12T16:58:25","slug":"hf-27-brother","status":"publish","type":"product","link":"https:\/\/marevik.ee\/test\/toode\/hf-27-brother\/","title":{"rendered":"HF-27 Brother"},"content":{"rendered":"<div class=\"ast-oembed-container \" style=\"height: 100%;\"><iframe title=\"Brother HF37 &amp; HF27 Tutorial &quot;Take up the Hem of Jeans&quot;\" width=\"500\" height=\"281\" src=\"https:\/\/www.youtube.com\/embed\/fhWPRIY5A8c?feature=oembed\" frameborder=\"0\" allow=\"accelerometer; autoplay; clipboard-write; encrypted-media; gyroscope; picture-in-picture; web-share\" referrerpolicy=\"strict-origin-when-cross-origin\" allowfullscreen><\/iframe><\/div>\n<p>Mehhaaniline \u00f5mblusmasin<br \/>\nHorisontaalne poolis\u00fcsteem<br \/>\n27 \u00f5mblusoperatsiooni<br \/>\nT\u00e4isautomaatne, 1-etapiline n\u00f6\u00f6pauk<br \/>\nN\u00f6\u00f6bi \u00f5mblemine<br \/>\n\u00d5mblused venivale kangale<br \/>\n\u00c4\u00e4ristus\u00f5mblus, ehk overlok\u00f5mblus<br \/>\nPeitepiste \u00f5mblus<br \/>\nKaunistuspisted<br \/>\nTagasi\u00f5mblus\/pistekinnitus<br \/>\nKiirkinnitusega presstald<br \/>\nKaksikn\u00f5el kahev\u00e4rvilisteks v\u00f5i trikotaa\u017ei \u00f5mblusteks<br \/>\nSujuvalt reguleeritav piste pikkus (max 4mm) ja laius (max 7mm)\u200f<br \/>\nN\u00f5ela kiirniidistaja<br \/>\nAutomaatne poolimine<br \/>\nKohtvalgustus LED<br \/>\nVabajalg h\u00f5lbustamaks torujate detailide \u00f5mblemist<br \/>\nNiidil\u00f5ikur<br \/>\nTarvikutekomplekt: 3 pooli, n\u00f5elad nr. 90, kaksikn\u00f5el, lukutald, n\u00f6\u00f6paugutald, n\u00f6\u00f6bitald, spindel, kruvikeeraja<br \/>\nPehme masinakate<\/p>\n","protected":false},"excerpt":{"rendered":"<p>Brother HF-27 on soodne ja kaasaegne mehaaniline \u00f5mblusmasin. Horisontaalne poolis\u00fcsteem, LED valgustus ja 27 erinevat \u00f5mblusoperatsiooni annavad \u00f5mblejale vabaduse teha parandust\u00f6id v\u00f5i valmistada r\u00f5ivaid. Masin saab vaevata hakkama nii paksu, kui ka \u00f5hukese kanga \u00f5mblemisega. V\u00e4hese vibratsiooni ja vaikse t\u00f6\u00f6h\u00e4\u00e4lega \u00f5mblusmasin sobib hobi\u00f5mbleja, kui ka kooli k\u00e4sit\u00f6\u00f6klassi.<\/p>\n","protected":false},"featured_media":15594,"template":"","meta":{"site-sidebar-layout":"default","site-content-layout":"default","ast-site-content-layout":"default","site-content-style":"default","site-sidebar-style":"default","ast-global-header-display":"","ast-banner-title-visibility":"","ast-main-header-display":"","ast-hfb-above-header-display":"","ast-hfb-below-header-display":"","ast-hfb-mobile-header-display":"","site-post-title":"","ast-breadcrumbs-content":"","ast-featured-img":"","footer-sml-layout":"","theme-transparent-header-meta":"default","adv-header-id-meta":"","stick-header-meta":"","header-above-stick-meta":"","header-main-stick-meta":"","header-below-stick-meta":"","astra-migrate-meta-layouts":"set","ast-page-background-enabled":"default","ast-page-background-meta":{"desktop":{"background-color":"","background-image":"","background-repeat":"repeat","background-position":"center center","background-size":"auto","background-attachment":"scroll","background-type":"","background-media":"","overlay-type":"","overlay-color":"","overlay-opacity":"","overlay-gradient":""},"tablet":{"background-color":"","background-image":"","background-repeat":"repeat","background-position":"center center","background-size":"auto","background-attachment":"scroll","background-type":"","background-media":"","overlay-type":"","overlay-color":"","overlay-opacity":"","overlay-gradient":""},"mobile":{"background-color":"","background-image":"","background-repeat":"repeat","background-position":"center center","background-size":"auto","background-attachment":"scroll","background-type":"","background-media":"","overlay-type":"","overlay-color":"","overlay-opacity":"","overlay-gradient":""}},"ast-content-background-meta":{"desktop":{"background-color":"var(--ast-global-color-5)","background-image":"","background-repeat":"repeat","background-position":"center center","background-size":"auto","background-attachment":"scroll","background-type":"","background-media":"","overlay-type":"","overlay-color":"","overlay-opacity":"","overlay-gradient":""},"tablet":{"background-color":"var(--ast-global-color-5)","background-image":"","background-repeat":"repeat","background-position":"center center","background-size":"auto","background-attachment":"scroll","background-type":"","background-media":"","overlay-type":"","overlay-color":"","overlay-opacity":"","overlay-gradient":""},"mobile":{"background-color":"var(--ast-global-color-5)","background-image":"","background-repeat":"repeat","background-position":"center center","background-size":"auto","background-attachment":"scroll","background-type":"","background-media":"","overlay-type":"","overlay-color":"","overlay-opacity":"","overlay-gradient":""}}},"product_brand":[],"product_cat":[68,60],"product_tag":[85],"class_list":{"0":"post-15593","1":"product","2":"type-product","3":"status-publish","4":"has-post-thumbnail","6":"product_cat-brother","7":"product_cat-omblusmasinad","8":"product_tag-brother","9":"desktop-align-left","10":"tablet-align-left","11":"mobile-align-left","13":"first","14":"instock","15":"taxable","16":"shipping-taxable","17":"purchasable","18":"product-type-simple"},"yoast_head":"<!-- This site is optimized with the Yoast SEO plugin v26.1.1 - https:\/\/yoast.com\/wordpress\/plugins\/seo\/ -->\n<title>Brother HF-27 - soodne ja kaasaegne mehaaniline \u00f5mblusmasin.<\/title>\n<meta name=\"description\" content=\"Brother HF-27 on soodne ja kaasaegne mehaaniline \u00f5mblusmasin. Horisontaalne poolis\u00fcsteem, LED valgustus ja 27 erinevat \u00f5mblusoperatsiooni annavad \u00f5mblejale vabaduse teha parandust\u00f6id v\u00f5i valmistada r\u00f5ivaid.\" \/>\n<meta name=\"robots\" content=\"index, follow, max-snippet:-1, max-image-preview:large, max-video-preview:-1\" \/>\n<link rel=\"canonical\" href=\"https:\/\/marevik.ee\/test\/toode\/hf-27-brother\/\" \/>\n<meta property=\"og:locale\" content=\"en_US\" \/>\n<meta property=\"og:type\" content=\"article\" \/>\n<meta property=\"og:title\" content=\"Brother HF-27 - soodne ja kaasaegne mehaaniline \u00f5mblusmasin.\" \/>\n<meta property=\"og:description\" content=\"Brother HF-27 on soodne ja kaasaegne mehaaniline \u00f5mblusmasin. Horisontaalne poolis\u00fcsteem, LED valgustus ja 27 erinevat \u00f5mblusoperatsiooni annavad \u00f5mblejale vabaduse teha parandust\u00f6id v\u00f5i valmistada r\u00f5ivaid.\" \/>\n<meta property=\"og:url\" content=\"https:\/\/marevik.ee\/test\/toode\/hf-27-brother\/\" \/>\n<meta property=\"og:site_name\" content=\"Marevik O&Uuml;\" \/>\n<meta property=\"article:modified_time\" content=\"2025-10-12T16:58:25+00:00\" \/>\n<meta property=\"og:image\" content=\"https:\/\/marevik.ee\/test\/wp-content\/uploads\/2023\/10\/Brother-HF-27.jpg\" \/>\n\t<meta property=\"og:image:width\" content=\"1000\" \/>\n\t<meta property=\"og:image:height\" content=\"1000\" \/>\n\t<meta property=\"og:image:type\" content=\"image\/jpeg\" \/>\n<meta name=\"twitter:card\" content=\"summary_large_image\" \/>\n<meta name=\"twitter:label1\" content=\"Est. reading time\" \/>\n\t<meta name=\"twitter:data1\" content=\"1 minute\" \/>\n<script type=\"application\/ld+json\" class=\"yoast-schema-graph\">{\"@context\":\"https:\/\/schema.org\",\"@graph\":[{\"@type\":\"WebPage\",\"@id\":\"https:\/\/marevik.ee\/test\/toode\/hf-27-brother\/\",\"url\":\"https:\/\/marevik.ee\/test\/toode\/hf-27-brother\/\",\"name\":\"Brother HF-27 - soodne ja kaasaegne mehaaniline \u00f5mblusmasin.\",\"isPartOf\":{\"@id\":\"https:\/\/marevik.ee\/test\/#website\"},\"primaryImageOfPage\":{\"@id\":\"https:\/\/marevik.ee\/test\/toode\/hf-27-brother\/#primaryimage\"},\"image\":{\"@id\":\"https:\/\/marevik.ee\/test\/toode\/hf-27-brother\/#primaryimage\"},\"thumbnailUrl\":\"https:\/\/marevik.ee\/test\/wp-content\/uploads\/2023\/10\/Brother-HF-27.jpg\",\"datePublished\":\"2023-10-25T07:15:17+00:00\",\"dateModified\":\"2025-10-12T16:58:25+00:00\",\"description\":\"Brother HF-27 on soodne ja kaasaegne mehaaniline \u00f5mblusmasin. Horisontaalne poolis\u00fcsteem, LED valgustus ja 27 erinevat \u00f5mblusoperatsiooni annavad \u00f5mblejale vabaduse teha parandust\u00f6id v\u00f5i valmistada r\u00f5ivaid.\",\"breadcrumb\":{\"@id\":\"https:\/\/marevik.ee\/test\/toode\/hf-27-brother\/#breadcrumb\"},\"inLanguage\":\"en\",\"potentialAction\":[{\"@type\":\"ReadAction\",\"target\":[\"https:\/\/marevik.ee\/test\/toode\/hf-27-brother\/\"]}]},{\"@type\":\"ImageObject\",\"inLanguage\":\"en\",\"@id\":\"https:\/\/marevik.ee\/test\/toode\/hf-27-brother\/#primaryimage\",\"url\":\"https:\/\/marevik.ee\/test\/wp-content\/uploads\/2023\/10\/Brother-HF-27.jpg\",\"contentUrl\":\"https:\/\/marevik.ee\/test\/wp-content\/uploads\/2023\/10\/Brother-HF-27.jpg\",\"width\":1000,\"height\":1000},{\"@type\":\"BreadcrumbList\",\"@id\":\"https:\/\/marevik.ee\/test\/toode\/hf-27-brother\/#breadcrumb\",\"itemListElement\":[{\"@type\":\"ListItem\",\"position\":1,\"name\":\"Home\",\"item\":\"https:\/\/marevik.ee\/test\/\"},{\"@type\":\"ListItem\",\"position\":2,\"name\":\"E-POOD\",\"item\":\"https:\/\/marevik.ee\/test\/epood\/\"},{\"@type\":\"ListItem\",\"position\":3,\"name\":\"HF-27 Brother\"}]},{\"@type\":\"WebSite\",\"@id\":\"https:\/\/marevik.ee\/test\/#website\",\"url\":\"https:\/\/marevik.ee\/test\/\",\"name\":\"Marevik O&Uuml;\",\"description\":\"&Otilde;mblusmasina asjatundja\",\"publisher\":{\"@id\":\"https:\/\/marevik.ee\/test\/#organization\"},\"potentialAction\":[{\"@type\":\"SearchAction\",\"target\":{\"@type\":\"EntryPoint\",\"urlTemplate\":\"https:\/\/marevik.ee\/test\/?s={search_term_string}\"},\"query-input\":{\"@type\":\"PropertyValueSpecification\",\"valueRequired\":true,\"valueName\":\"search_term_string\"}}],\"inLanguage\":\"en\"},{\"@type\":\"Organization\",\"@id\":\"https:\/\/marevik.ee\/test\/#organization\",\"name\":\"Marevik O&Uuml;\",\"url\":\"https:\/\/marevik.ee\/test\/\",\"logo\":{\"@type\":\"ImageObject\",\"inLanguage\":\"en\",\"@id\":\"https:\/\/marevik.ee\/test\/#\/schema\/logo\/image\/\",\"url\":\"https:\/\/marevik.ee\/test\/wp-content\/uploads\/2020\/02\/mblusmasina-asjatundja-1994_173x105_veebi_v-ike.jpg\",\"contentUrl\":\"https:\/\/marevik.ee\/test\/wp-content\/uploads\/2020\/02\/mblusmasina-asjatundja-1994_173x105_veebi_v-ike.jpg\",\"width\":173,\"height\":105,\"caption\":\"Marevik O&Uuml;\"},\"image\":{\"@id\":\"https:\/\/marevik.ee\/test\/#\/schema\/logo\/image\/\"}}]}<\/script>\n<!-- \/ Yoast SEO plugin. -->","yoast_head_json":{"title":"Brother HF-27 - soodne ja kaasaegne mehaaniline \u00f5mblusmasin.","description":"Brother HF-27 on soodne ja kaasaegne mehaaniline \u00f5mblusmasin. Horisontaalne poolis\u00fcsteem, LED valgustus ja 27 erinevat \u00f5mblusoperatsiooni annavad \u00f5mblejale vabaduse teha parandust\u00f6id v\u00f5i valmistada r\u00f5ivaid.","robots":{"index":"index","follow":"follow","max-snippet":"max-snippet:-1","max-image-preview":"max-image-preview:large","max-video-preview":"max-video-preview:-1"},"canonical":"https:\/\/marevik.ee\/test\/toode\/hf-27-brother\/","og_locale":"en_US","og_type":"article","og_title":"Brother HF-27 - soodne ja kaasaegne mehaaniline \u00f5mblusmasin.","og_description":"Brother HF-27 on soodne ja kaasaegne mehaaniline \u00f5mblusmasin. Horisontaalne poolis\u00fcsteem, LED valgustus ja 27 erinevat \u00f5mblusoperatsiooni annavad \u00f5mblejale vabaduse teha parandust\u00f6id v\u00f5i valmistada r\u00f5ivaid.","og_url":"https:\/\/marevik.ee\/test\/toode\/hf-27-brother\/","og_site_name":"Marevik O&Uuml;","article_modified_time":"2025-10-12T16:58:25+00:00","og_image":[{"width":1000,"height":1000,"url":"https:\/\/marevik.ee\/test\/wp-content\/uploads\/2023\/10\/Brother-HF-27.jpg","type":"image\/jpeg"}],"twitter_card":"summary_large_image","twitter_misc":{"Est. reading time":"1 minute"},"schema":{"@context":"https:\/\/schema.org","@graph":[{"@type":"WebPage","@id":"https:\/\/marevik.ee\/test\/toode\/hf-27-brother\/","url":"https:\/\/marevik.ee\/test\/toode\/hf-27-brother\/","name":"Brother HF-27 - soodne ja kaasaegne mehaaniline \u00f5mblusmasin.","isPartOf":{"@id":"https:\/\/marevik.ee\/test\/#website"},"primaryImageOfPage":{"@id":"https:\/\/marevik.ee\/test\/toode\/hf-27-brother\/#primaryimage"},"image":{"@id":"https:\/\/marevik.ee\/test\/toode\/hf-27-brother\/#primaryimage"},"thumbnailUrl":"https:\/\/marevik.ee\/test\/wp-content\/uploads\/2023\/10\/Brother-HF-27.jpg","datePublished":"2023-10-25T07:15:17+00:00","dateModified":"2025-10-12T16:58:25+00:00","description":"Brother HF-27 on soodne ja kaasaegne mehaaniline \u00f5mblusmasin. Horisontaalne poolis\u00fcsteem, LED valgustus ja 27 erinevat \u00f5mblusoperatsiooni annavad \u00f5mblejale vabaduse teha parandust\u00f6id v\u00f5i valmistada r\u00f5ivaid.","breadcrumb":{"@id":"https:\/\/marevik.ee\/test\/toode\/hf-27-brother\/#breadcrumb"},"inLanguage":"en","potentialAction":[{"@type":"ReadAction","target":["https:\/\/marevik.ee\/test\/toode\/hf-27-brother\/"]}]},{"@type":"ImageObject","inLanguage":"en","@id":"https:\/\/marevik.ee\/test\/toode\/hf-27-brother\/#primaryimage","url":"https:\/\/marevik.ee\/test\/wp-content\/uploads\/2023\/10\/Brother-HF-27.jpg","contentUrl":"https:\/\/marevik.ee\/test\/wp-content\/uploads\/2023\/10\/Brother-HF-27.jpg","width":1000,"height":1000},{"@type":"BreadcrumbList","@id":"https:\/\/marevik.ee\/test\/toode\/hf-27-brother\/#breadcrumb","itemListElement":[{"@type":"ListItem","position":1,"name":"Home","item":"https:\/\/marevik.ee\/test\/"},{"@type":"ListItem","position":2,"name":"E-POOD","item":"https:\/\/marevik.ee\/test\/epood\/"},{"@type":"ListItem","position":3,"name":"HF-27 Brother"}]},{"@type":"WebSite","@id":"https:\/\/marevik.ee\/test\/#website","url":"https:\/\/marevik.ee\/test\/","name":"Marevik O&Uuml;","description":"&Otilde;mblusmasina asjatundja","publisher":{"@id":"https:\/\/marevik.ee\/test\/#organization"},"potentialAction":[{"@type":"SearchAction","target":{"@type":"EntryPoint","urlTemplate":"https:\/\/marevik.ee\/test\/?s={search_term_string}"},"query-input":{"@type":"PropertyValueSpecification","valueRequired":true,"valueName":"search_term_string"}}],"inLanguage":"en"},{"@type":"Organization","@id":"https:\/\/marevik.ee\/test\/#organization","name":"Marevik O&Uuml;","url":"https:\/\/marevik.ee\/test\/","logo":{"@type":"ImageObject","inLanguage":"en","@id":"https:\/\/marevik.ee\/test\/#\/schema\/logo\/image\/","url":"https:\/\/marevik.ee\/test\/wp-content\/uploads\/2020\/02\/mblusmasina-asjatundja-1994_173x105_veebi_v-ike.jpg","contentUrl":"https:\/\/marevik.ee\/test\/wp-content\/uploads\/2020\/02\/mblusmasina-asjatundja-1994_173x105_veebi_v-ike.jpg","width":173,"height":105,"caption":"Marevik O&Uuml;"},"image":{"@id":"https:\/\/marevik.ee\/test\/#\/schema\/logo\/image\/"}}]}},"_links":{"self":[{"href":"https:\/\/marevik.ee\/test\/wp-json\/wp\/v2\/product\/15593","targetHints":{"allow":["GET"]}}],"collection":[{"href":"https:\/\/marevik.ee\/test\/wp-json\/wp\/v2\/product"}],"about":[{"href":"https:\/\/marevik.ee\/test\/wp-json\/wp\/v2\/types\/product"}],"wp:featuredmedia":[{"embeddable":true,"href":"https:\/\/marevik.ee\/test\/wp-json\/wp\/v2\/media\/15594"}],"wp:attachment":[{"href":"https:\/\/marevik.ee\/test\/wp-json\/wp\/v2\/media?parent=15593"}],"wp:term":[{"taxonomy":"product_brand","embeddable":true,"href":"https:\/\/marevik.ee\/test\/wp-json\/wp\/v2\/product_brand?post=15593"},{"taxonomy":"product_cat","embeddable":true,"href":"https:\/\/marevik.ee\/test\/wp-json\/wp\/v2\/product_cat?post=15593"},{"taxonomy":"product_tag","embeddable":true,"href":"https:\/\/marevik.ee\/test\/wp-json\/wp\/v2\/product_tag?post=15593"}],"curies":[{"name":"wp","href":"https:\/\/api.w.org\/{rel}","templated":true}]}}