{"id":15603,"date":"2023-10-25T13:34:59","date_gmt":"2023-10-25T13:34:59","guid":{"rendered":"https:\/\/marevik.ee\/test\/?post_type=product&#038;p=15603"},"modified":"2025-07-01T06:50:42","modified_gmt":"2025-07-01T06:50:42","slug":"innov-is-a65-brother","status":"publish","type":"product","link":"https:\/\/marevik.ee\/test\/toode\/innov-is-a65-brother\/","title":{"rendered":"Innov-is A65 Brother"},"content":{"rendered":"<p>Vedelkristallekraan<br \/>\nEkraanil n\u00e4htavad valitud \u00f5mblus, pistegrupi t\u00e4his, n\u00f5ela asend, automaatne pistekinnitus, automaatne niidil\u00f5ikus, soovituslik presstald ning piste pikkus ja laius<br \/>\nMugav ja ergonoomiline programmi valimise ketas<br \/>\nElektrooniline niidil\u00f5ikus<br \/>\n6 erinevat t\u00e4isautomaatset n\u00f6\u00f6pauku<br \/>\n\u00c4\u00e4ristus\u00f5mblused<br \/>\nPeit\u00f5mblused<br \/>\nKaunistus\u00f5mblused<br \/>\nLapit\u00f6\u00f6- ja tepppimis\u00f5mblused<br \/>\nKaksikn\u00f5elaga \u00f5mblemine<br \/>\nHorisontaalne poolis\u00fcsteem<br \/>\nS\u00f6\u00f6tehammastiku langetamine vabak\u00e4etikandiks<br \/>\nAutomaatselt seatud piste pikkus ja laius \u00f5mbluse valides, sujuvalt reguleeritav piste pikkus (max 5mm) ja laius (max 7mm)<br \/>\nAutomaatne poolimine ja lihtne pooli paigaldamine<br \/>\nStart\/stopp nupp ilma pedaalita \u00f5mblemiseks<br \/>\nAutomaatne n\u00f5elasilmaniidistaja<br \/>\nAutomaatne pistekinnitus<br \/>\nN\u00f5ela asendi muutmine (n\u00f5el \u00fcleval\/all)<br \/>\n\u00dchtlane s\u00f6\u00f6de t\u00e4nu 7-osalisele hammastikule<br \/>\nFiksaatoriga presstald h\u00f5lbustamaks \u00fcleminekud \u00f5hemalt paksemale kangakihile<br \/>\nKohtvalgustus<br \/>\nVabavars h\u00f5lbustamaks torujate detailide \u00f5mblemist<br \/>\nKandesang<br \/>\nNiidil\u00f5ikur<br \/>\nTarvikukomplekt: 3 pooli, n\u00f5elad nr. 75, 90, 100, kaksikn\u00f5el, lukutald, n\u00f6\u00f6paugutald, n\u00f6\u00f6bitald, peitpistetald, \u00e4\u00e4ristustald, dekoratiiv\u00f5mblustald, harutaja, spindel, augustaja, kruvikeerajad<br \/>\nTugevast plastikust masinakate<\/p>\n","protected":false},"excerpt":{"rendered":"<p>Brother Innov-is A65 on kompuuter\u00f5mblusmasin, mis sobib hobi\u00f5mbleja t\u00f6\u00f6tuppa. 60 erinevat \u00f5mblusoperatsiooni ja 6 t\u00e4isautomaatset n\u00f6\u00f6paugu\u00f5mblust rahuldab ka professionaalsema \u00f5mbleja vajadusi. Kauni disainiga, vaikse t\u00f6\u00f6h\u00e4\u00e4le ja minimaalse vibratsiooniga ning sujuva k\u00e4ivitusega t\u00f6\u00f6riist.<\/p>\n","protected":false},"featured_media":16930,"template":"","meta":{"site-sidebar-layout":"default","site-content-layout":"default","ast-site-content-layout":"default","site-content-style":"default","site-sidebar-style":"default","ast-global-header-display":"","ast-banner-title-visibility":"","ast-main-header-display":"","ast-hfb-above-header-display":"","ast-hfb-below-header-display":"","ast-hfb-mobile-header-display":"","site-post-title":"","ast-breadcrumbs-content":"","ast-featured-img":"","footer-sml-layout":"","theme-transparent-header-meta":"default","adv-header-id-meta":"","stick-header-meta":"","header-above-stick-meta":"","header-main-stick-meta":"","header-below-stick-meta":"","astra-migrate-meta-layouts":"set","ast-page-background-enabled":"default","ast-page-background-meta":{"desktop":{"background-color":"","background-image":"","background-repeat":"repeat","background-position":"center center","background-size":"auto","background-attachment":"scroll","background-type":"","background-media":"","overlay-type":"","overlay-color":"","overlay-opacity":"","overlay-gradient":""},"tablet":{"background-color":"","background-image":"","background-repeat":"repeat","background-position":"center center","background-size":"auto","background-attachment":"scroll","background-type":"","background-media":"","overlay-type":"","overlay-color":"","overlay-opacity":"","overlay-gradient":""},"mobile":{"background-color":"","background-image":"","background-repeat":"repeat","background-position":"center center","background-size":"auto","background-attachment":"scroll","background-type":"","background-media":"","overlay-type":"","overlay-color":"","overlay-opacity":"","overlay-gradient":""}},"ast-content-background-meta":{"desktop":{"background-color":"var(--ast-global-color-5)","background-image":"","background-repeat":"repeat","background-position":"center center","background-size":"auto","background-attachment":"scroll","background-type":"","background-media":"","overlay-type":"","overlay-color":"","overlay-opacity":"","overlay-gradient":""},"tablet":{"background-color":"var(--ast-global-color-5)","background-image":"","background-repeat":"repeat","background-position":"center center","background-size":"auto","background-attachment":"scroll","background-type":"","background-media":"","overlay-type":"","overlay-color":"","overlay-opacity":"","overlay-gradient":""},"mobile":{"background-color":"var(--ast-global-color-5)","background-image":"","background-repeat":"repeat","background-position":"center center","background-size":"auto","background-attachment":"scroll","background-type":"","background-media":"","overlay-type":"","overlay-color":"","overlay-opacity":"","overlay-gradient":""}}},"product_brand":[],"product_cat":[68,67,60],"product_tag":[85],"class_list":{"0":"post-15603","1":"product","2":"type-product","3":"status-publish","4":"has-post-thumbnail","6":"product_cat-brother","7":"product_cat-kampaaniahinnad","8":"product_cat-omblusmasinad","9":"product_tag-brother","10":"desktop-align-left","11":"tablet-align-left","12":"mobile-align-left","14":"first","15":"instock","16":"sale","17":"taxable","18":"shipping-taxable","19":"purchasable","20":"product-type-simple"},"yoast_head":"<!-- This site is optimized with the Yoast SEO plugin v26.1.1 - https:\/\/yoast.com\/wordpress\/plugins\/seo\/ -->\n<title>Innov-is A65 Brother - Marevik O&Uuml;<\/title>\n<meta name=\"description\" content=\"Brother Innov-is A65 on kompuuter\u00f5mblusmasin, mis sobib hobi\u00f5mbleja t\u00f6\u00f6tuppa. 60 erinevat \u00f5mblusoperatsiooni ja 6 t\u00e4isautomaatset n\u00f6\u00f6paugu\u00f5mblust rahuldab ka professionaalsema \u00f5mbleja vajadusi. Kauni disainiga, vaikse t\u00f6\u00f6h\u00e4\u00e4le ja minimaalse vibratsiooniga ning sujuva k\u00e4ivitusega t\u00f6\u00f6riist.\" \/>\n<meta name=\"robots\" content=\"index, follow, max-snippet:-1, max-image-preview:large, max-video-preview:-1\" \/>\n<link rel=\"canonical\" href=\"https:\/\/marevik.ee\/test\/toode\/innov-is-a65-brother\/\" \/>\n<meta property=\"og:locale\" content=\"en_US\" \/>\n<meta property=\"og:type\" content=\"article\" \/>\n<meta property=\"og:title\" content=\"Innov-is A65 Brother - Marevik O&Uuml;\" \/>\n<meta property=\"og:description\" content=\"Brother Innov-is A65 on kompuuter\u00f5mblusmasin, mis sobib hobi\u00f5mbleja t\u00f6\u00f6tuppa. 60 erinevat \u00f5mblusoperatsiooni ja 6 t\u00e4isautomaatset n\u00f6\u00f6paugu\u00f5mblust rahuldab ka professionaalsema \u00f5mbleja vajadusi. Kauni disainiga, vaikse t\u00f6\u00f6h\u00e4\u00e4le ja minimaalse vibratsiooniga ning sujuva k\u00e4ivitusega t\u00f6\u00f6riist.\" \/>\n<meta property=\"og:url\" content=\"https:\/\/marevik.ee\/test\/toode\/innov-is-a65-brother\/\" \/>\n<meta property=\"og:site_name\" content=\"Marevik O&Uuml;\" \/>\n<meta property=\"article:modified_time\" content=\"2025-07-01T06:50:42+00:00\" \/>\n<meta property=\"og:image\" content=\"https:\/\/marevik.ee\/test\/wp-content\/uploads\/2023\/10\/A65_front-1024x1024.png\" \/>\n\t<meta property=\"og:image:width\" content=\"1024\" \/>\n\t<meta property=\"og:image:height\" content=\"1024\" \/>\n\t<meta property=\"og:image:type\" content=\"image\/png\" \/>\n<meta name=\"twitter:card\" content=\"summary_large_image\" \/>\n<meta name=\"twitter:label1\" content=\"Est. reading time\" \/>\n\t<meta name=\"twitter:data1\" content=\"1 minute\" \/>\n<script type=\"application\/ld+json\" class=\"yoast-schema-graph\">{\"@context\":\"https:\/\/schema.org\",\"@graph\":[{\"@type\":\"WebPage\",\"@id\":\"https:\/\/marevik.ee\/test\/toode\/innov-is-a65-brother\/\",\"url\":\"https:\/\/marevik.ee\/test\/toode\/innov-is-a65-brother\/\",\"name\":\"Innov-is A65 Brother - Marevik O&Uuml;\",\"isPartOf\":{\"@id\":\"https:\/\/marevik.ee\/test\/#website\"},\"primaryImageOfPage\":{\"@id\":\"https:\/\/marevik.ee\/test\/toode\/innov-is-a65-brother\/#primaryimage\"},\"image\":{\"@id\":\"https:\/\/marevik.ee\/test\/toode\/innov-is-a65-brother\/#primaryimage\"},\"thumbnailUrl\":\"https:\/\/marevik.ee\/test\/wp-content\/uploads\/2023\/10\/A65_front.png\",\"datePublished\":\"2023-10-25T13:34:59+00:00\",\"dateModified\":\"2025-07-01T06:50:42+00:00\",\"description\":\"Brother Innov-is A65 on kompuuter\u00f5mblusmasin, mis sobib hobi\u00f5mbleja t\u00f6\u00f6tuppa. 60 erinevat \u00f5mblusoperatsiooni ja 6 t\u00e4isautomaatset n\u00f6\u00f6paugu\u00f5mblust rahuldab ka professionaalsema \u00f5mbleja vajadusi. Kauni disainiga, vaikse t\u00f6\u00f6h\u00e4\u00e4le ja minimaalse vibratsiooniga ning sujuva k\u00e4ivitusega t\u00f6\u00f6riist.\",\"breadcrumb\":{\"@id\":\"https:\/\/marevik.ee\/test\/toode\/innov-is-a65-brother\/#breadcrumb\"},\"inLanguage\":\"en\",\"potentialAction\":[{\"@type\":\"ReadAction\",\"target\":[\"https:\/\/marevik.ee\/test\/toode\/innov-is-a65-brother\/\"]}]},{\"@type\":\"ImageObject\",\"inLanguage\":\"en\",\"@id\":\"https:\/\/marevik.ee\/test\/toode\/innov-is-a65-brother\/#primaryimage\",\"url\":\"https:\/\/marevik.ee\/test\/wp-content\/uploads\/2023\/10\/A65_front.png\",\"contentUrl\":\"https:\/\/marevik.ee\/test\/wp-content\/uploads\/2023\/10\/A65_front.png\",\"width\":4000,\"height\":4000},{\"@type\":\"BreadcrumbList\",\"@id\":\"https:\/\/marevik.ee\/test\/toode\/innov-is-a65-brother\/#breadcrumb\",\"itemListElement\":[{\"@type\":\"ListItem\",\"position\":1,\"name\":\"Home\",\"item\":\"https:\/\/marevik.ee\/test\/\"},{\"@type\":\"ListItem\",\"position\":2,\"name\":\"E-POOD\",\"item\":\"https:\/\/marevik.ee\/test\/epood\/\"},{\"@type\":\"ListItem\",\"position\":3,\"name\":\"Innov-is A65 Brother\"}]},{\"@type\":\"WebSite\",\"@id\":\"https:\/\/marevik.ee\/test\/#website\",\"url\":\"https:\/\/marevik.ee\/test\/\",\"name\":\"Marevik O&Uuml;\",\"description\":\"&Otilde;mblusmasina asjatundja\",\"publisher\":{\"@id\":\"https:\/\/marevik.ee\/test\/#organization\"},\"potentialAction\":[{\"@type\":\"SearchAction\",\"target\":{\"@type\":\"EntryPoint\",\"urlTemplate\":\"https:\/\/marevik.ee\/test\/?s={search_term_string}\"},\"query-input\":{\"@type\":\"PropertyValueSpecification\",\"valueRequired\":true,\"valueName\":\"search_term_string\"}}],\"inLanguage\":\"en\"},{\"@type\":\"Organization\",\"@id\":\"https:\/\/marevik.ee\/test\/#organization\",\"name\":\"Marevik O&Uuml;\",\"url\":\"https:\/\/marevik.ee\/test\/\",\"logo\":{\"@type\":\"ImageObject\",\"inLanguage\":\"en\",\"@id\":\"https:\/\/marevik.ee\/test\/#\/schema\/logo\/image\/\",\"url\":\"https:\/\/marevik.ee\/test\/wp-content\/uploads\/2020\/02\/mblusmasina-asjatundja-1994_173x105_veebi_v-ike.jpg\",\"contentUrl\":\"https:\/\/marevik.ee\/test\/wp-content\/uploads\/2020\/02\/mblusmasina-asjatundja-1994_173x105_veebi_v-ike.jpg\",\"width\":173,\"height\":105,\"caption\":\"Marevik O&Uuml;\"},\"image\":{\"@id\":\"https:\/\/marevik.ee\/test\/#\/schema\/logo\/image\/\"}}]}<\/script>\n<!-- \/ Yoast SEO plugin. -->","yoast_head_json":{"title":"Innov-is A65 Brother - Marevik O&Uuml;","description":"Brother Innov-is A65 on kompuuter\u00f5mblusmasin, mis sobib hobi\u00f5mbleja t\u00f6\u00f6tuppa. 60 erinevat \u00f5mblusoperatsiooni ja 6 t\u00e4isautomaatset n\u00f6\u00f6paugu\u00f5mblust rahuldab ka professionaalsema \u00f5mbleja vajadusi. Kauni disainiga, vaikse t\u00f6\u00f6h\u00e4\u00e4le ja minimaalse vibratsiooniga ning sujuva k\u00e4ivitusega t\u00f6\u00f6riist.","robots":{"index":"index","follow":"follow","max-snippet":"max-snippet:-1","max-image-preview":"max-image-preview:large","max-video-preview":"max-video-preview:-1"},"canonical":"https:\/\/marevik.ee\/test\/toode\/innov-is-a65-brother\/","og_locale":"en_US","og_type":"article","og_title":"Innov-is A65 Brother - Marevik O&Uuml;","og_description":"Brother Innov-is A65 on kompuuter\u00f5mblusmasin, mis sobib hobi\u00f5mbleja t\u00f6\u00f6tuppa. 60 erinevat \u00f5mblusoperatsiooni ja 6 t\u00e4isautomaatset n\u00f6\u00f6paugu\u00f5mblust rahuldab ka professionaalsema \u00f5mbleja vajadusi. Kauni disainiga, vaikse t\u00f6\u00f6h\u00e4\u00e4le ja minimaalse vibratsiooniga ning sujuva k\u00e4ivitusega t\u00f6\u00f6riist.","og_url":"https:\/\/marevik.ee\/test\/toode\/innov-is-a65-brother\/","og_site_name":"Marevik O&Uuml;","article_modified_time":"2025-07-01T06:50:42+00:00","og_image":[{"width":1024,"height":1024,"url":"https:\/\/marevik.ee\/test\/wp-content\/uploads\/2023\/10\/A65_front-1024x1024.png","type":"image\/png"}],"twitter_card":"summary_large_image","twitter_misc":{"Est. reading time":"1 minute"},"schema":{"@context":"https:\/\/schema.org","@graph":[{"@type":"WebPage","@id":"https:\/\/marevik.ee\/test\/toode\/innov-is-a65-brother\/","url":"https:\/\/marevik.ee\/test\/toode\/innov-is-a65-brother\/","name":"Innov-is A65 Brother - Marevik O&Uuml;","isPartOf":{"@id":"https:\/\/marevik.ee\/test\/#website"},"primaryImageOfPage":{"@id":"https:\/\/marevik.ee\/test\/toode\/innov-is-a65-brother\/#primaryimage"},"image":{"@id":"https:\/\/marevik.ee\/test\/toode\/innov-is-a65-brother\/#primaryimage"},"thumbnailUrl":"https:\/\/marevik.ee\/test\/wp-content\/uploads\/2023\/10\/A65_front.png","datePublished":"2023-10-25T13:34:59+00:00","dateModified":"2025-07-01T06:50:42+00:00","description":"Brother Innov-is A65 on kompuuter\u00f5mblusmasin, mis sobib hobi\u00f5mbleja t\u00f6\u00f6tuppa. 60 erinevat \u00f5mblusoperatsiooni ja 6 t\u00e4isautomaatset n\u00f6\u00f6paugu\u00f5mblust rahuldab ka professionaalsema \u00f5mbleja vajadusi. Kauni disainiga, vaikse t\u00f6\u00f6h\u00e4\u00e4le ja minimaalse vibratsiooniga ning sujuva k\u00e4ivitusega t\u00f6\u00f6riist.","breadcrumb":{"@id":"https:\/\/marevik.ee\/test\/toode\/innov-is-a65-brother\/#breadcrumb"},"inLanguage":"en","potentialAction":[{"@type":"ReadAction","target":["https:\/\/marevik.ee\/test\/toode\/innov-is-a65-brother\/"]}]},{"@type":"ImageObject","inLanguage":"en","@id":"https:\/\/marevik.ee\/test\/toode\/innov-is-a65-brother\/#primaryimage","url":"https:\/\/marevik.ee\/test\/wp-content\/uploads\/2023\/10\/A65_front.png","contentUrl":"https:\/\/marevik.ee\/test\/wp-content\/uploads\/2023\/10\/A65_front.png","width":4000,"height":4000},{"@type":"BreadcrumbList","@id":"https:\/\/marevik.ee\/test\/toode\/innov-is-a65-brother\/#breadcrumb","itemListElement":[{"@type":"ListItem","position":1,"name":"Home","item":"https:\/\/marevik.ee\/test\/"},{"@type":"ListItem","position":2,"name":"E-POOD","item":"https:\/\/marevik.ee\/test\/epood\/"},{"@type":"ListItem","position":3,"name":"Innov-is A65 Brother"}]},{"@type":"WebSite","@id":"https:\/\/marevik.ee\/test\/#website","url":"https:\/\/marevik.ee\/test\/","name":"Marevik O&Uuml;","description":"&Otilde;mblusmasina asjatundja","publisher":{"@id":"https:\/\/marevik.ee\/test\/#organization"},"potentialAction":[{"@type":"SearchAction","target":{"@type":"EntryPoint","urlTemplate":"https:\/\/marevik.ee\/test\/?s={search_term_string}"},"query-input":{"@type":"PropertyValueSpecification","valueRequired":true,"valueName":"search_term_string"}}],"inLanguage":"en"},{"@type":"Organization","@id":"https:\/\/marevik.ee\/test\/#organization","name":"Marevik O&Uuml;","url":"https:\/\/marevik.ee\/test\/","logo":{"@type":"ImageObject","inLanguage":"en","@id":"https:\/\/marevik.ee\/test\/#\/schema\/logo\/image\/","url":"https:\/\/marevik.ee\/test\/wp-content\/uploads\/2020\/02\/mblusmasina-asjatundja-1994_173x105_veebi_v-ike.jpg","contentUrl":"https:\/\/marevik.ee\/test\/wp-content\/uploads\/2020\/02\/mblusmasina-asjatundja-1994_173x105_veebi_v-ike.jpg","width":173,"height":105,"caption":"Marevik O&Uuml;"},"image":{"@id":"https:\/\/marevik.ee\/test\/#\/schema\/logo\/image\/"}}]}},"_links":{"self":[{"href":"https:\/\/marevik.ee\/test\/wp-json\/wp\/v2\/product\/15603","targetHints":{"allow":["GET"]}}],"collection":[{"href":"https:\/\/marevik.ee\/test\/wp-json\/wp\/v2\/product"}],"about":[{"href":"https:\/\/marevik.ee\/test\/wp-json\/wp\/v2\/types\/product"}],"wp:featuredmedia":[{"embeddable":true,"href":"https:\/\/marevik.ee\/test\/wp-json\/wp\/v2\/media\/16930"}],"wp:attachment":[{"href":"https:\/\/marevik.ee\/test\/wp-json\/wp\/v2\/media?parent=15603"}],"wp:term":[{"taxonomy":"product_brand","embeddable":true,"href":"https:\/\/marevik.ee\/test\/wp-json\/wp\/v2\/product_brand?post=15603"},{"taxonomy":"product_cat","embeddable":true,"href":"https:\/\/marevik.ee\/test\/wp-json\/wp\/v2\/product_cat?post=15603"},{"taxonomy":"product_tag","embeddable":true,"href":"https:\/\/marevik.ee\/test\/wp-json\/wp\/v2\/product_tag?post=15603"}],"curies":[{"name":"wp","href":"https:\/\/api.w.org\/{rel}","templated":true}]}}