{"id":15658,"date":"2023-11-13T14:35:34","date_gmt":"2023-11-13T14:35:34","guid":{"rendered":"https:\/\/marevik.ee\/test\/?post_type=product&#038;p=15658"},"modified":"2023-11-14T11:42:59","modified_gmt":"2023-11-14T11:42:59","slug":"bernina-designer-plus-v9corel-draw","status":"publish","type":"product","link":"https:\/\/marevik.ee\/test\/toode\/bernina-designer-plus-v9corel-draw\/","title":{"rendered":"Bernina Designer Plus V9+Corel Draw"},"content":{"rendered":"<p><span style=\"color: #ff0000;\"><a style=\"color: #ff0000;\" href=\"https:\/\/marevik.ee\/test\/wp-content\/uploads\/2023\/11\/Embroidery-Software-9_Brochure_EN-US_v2_low-res.pdf\">Bernina Designer Plus V9 reklaambros\u00fc\u00fcr EN<\/a><\/span><\/p>\n<p>&nbsp;<\/p>\n","protected":false},"excerpt":{"rendered":"<p>Tikkimisprogramm Bernina Designer Plus V9, sisaldades Corel Draw joonistusprogrammi on professionaalne t\u00f6\u00f6riist disainerile, kes soovib luua isiklikke ja oman\u00e4olisi masintikkimis disaine. Muutke tikandi kujundust vastavalt oma soovidele ja piiranguteta. Kui soovite alustada uue graafikaga, avage lihtsalt graafikaprogrammi CorelDraw uusim versioon \u2013 ja hankige oma joonised imelihtsalt. Lisatud on palju uut graafikat, mille hulgast saate valida. NB! See suurep\u00e4rane disainide loomise programm t\u00f6\u00f6tab PC arvutis.<\/p>\n","protected":false},"featured_media":15659,"template":"","meta":{"site-sidebar-layout":"default","site-content-layout":"default","ast-site-content-layout":"","site-content-style":"default","site-sidebar-style":"default","ast-global-header-display":"","ast-banner-title-visibility":"","ast-main-header-display":"","ast-hfb-above-header-display":"","ast-hfb-below-header-display":"","ast-hfb-mobile-header-display":"","site-post-title":"","ast-breadcrumbs-content":"","ast-featured-img":"","footer-sml-layout":"","theme-transparent-header-meta":"default","adv-header-id-meta":"","stick-header-meta":"","header-above-stick-meta":"","header-main-stick-meta":"","header-below-stick-meta":"","astra-migrate-meta-layouts":"default","ast-page-background-enabled":"default","ast-page-background-meta":{"desktop":{"background-color":"","background-image":"","background-repeat":"repeat","background-position":"center center","background-size":"auto","background-attachment":"scroll","background-type":"","background-media":"","overlay-type":"","overlay-color":"","overlay-opacity":"","overlay-gradient":""},"tablet":{"background-color":"","background-image":"","background-repeat":"repeat","background-position":"center center","background-size":"auto","background-attachment":"scroll","background-type":"","background-media":"","overlay-type":"","overlay-color":"","overlay-opacity":"","overlay-gradient":""},"mobile":{"background-color":"","background-image":"","background-repeat":"repeat","background-position":"center center","background-size":"auto","background-attachment":"scroll","background-type":"","background-media":"","overlay-type":"","overlay-color":"","overlay-opacity":"","overlay-gradient":""}},"ast-content-background-meta":{"desktop":{"background-color":"var(--ast-global-color-5)","background-image":"","background-repeat":"repeat","background-position":"center center","background-size":"auto","background-attachment":"scroll","background-type":"","background-media":"","overlay-type":"","overlay-color":"","overlay-opacity":"","overlay-gradient":""},"tablet":{"background-color":"var(--ast-global-color-5)","background-image":"","background-repeat":"repeat","background-position":"center center","background-size":"auto","background-attachment":"scroll","background-type":"","background-media":"","overlay-type":"","overlay-color":"","overlay-opacity":"","overlay-gradient":""},"mobile":{"background-color":"var(--ast-global-color-5)","background-image":"","background-repeat":"repeat","background-position":"center center","background-size":"auto","background-attachment":"scroll","background-type":"","background-media":"","overlay-type":"","overlay-color":"","overlay-opacity":"","overlay-gradient":""}}},"product_brand":[],"product_cat":[96,63],"product_tag":[108],"class_list":{"0":"post-15658","1":"product","2":"type-product","3":"status-publish","4":"has-post-thumbnail","6":"product_cat-bernina-tikkimismasinad","7":"product_cat-tikkimismasinad","8":"product_tag-bernina","9":"desktop-align-left","10":"tablet-align-left","11":"mobile-align-left","13":"first","14":"instock","15":"taxable","16":"shipping-taxable","17":"purchasable","18":"product-type-simple"},"yoast_head":"<!-- This site is optimized with the Yoast SEO plugin v26.1.1 - https:\/\/yoast.com\/wordpress\/plugins\/seo\/ -->\n<title>Bernina tikkimisprogramm Designer Plus V9 ja Corel Draw<\/title>\n<meta name=\"description\" content=\"Tikkimisprogramm Bernina Designer Plus V9, sisaldades Corel Draw joonistusprogrammi on professionaalne t\u00f6\u00f6riist disainerile, kes soovib luua isiklikke ja oman\u00e4olisi masintikkimis disaine.\" \/>\n<meta name=\"robots\" content=\"index, follow, max-snippet:-1, max-image-preview:large, max-video-preview:-1\" \/>\n<link rel=\"canonical\" href=\"https:\/\/marevik.ee\/test\/toode\/bernina-designer-plus-v9corel-draw\/\" \/>\n<meta property=\"og:locale\" content=\"en_US\" \/>\n<meta property=\"og:type\" content=\"article\" \/>\n<meta property=\"og:title\" content=\"Bernina tikkimisprogramm Designer Plus V9 ja Corel Draw\" \/>\n<meta property=\"og:description\" content=\"Tikkimisprogramm Bernina Designer Plus V9, sisaldades Corel Draw joonistusprogrammi on professionaalne t\u00f6\u00f6riist disainerile, kes soovib luua isiklikke ja oman\u00e4olisi masintikkimis disaine.\" \/>\n<meta property=\"og:url\" content=\"https:\/\/marevik.ee\/test\/toode\/bernina-designer-plus-v9corel-draw\/\" \/>\n<meta property=\"og:site_name\" content=\"Marevik O&Uuml;\" \/>\n<meta property=\"article:modified_time\" content=\"2023-11-14T11:42:59+00:00\" \/>\n<meta property=\"og:image\" content=\"https:\/\/marevik.ee\/test\/wp-content\/uploads\/2023\/11\/Creator_FullVersion.png\" \/>\n\t<meta property=\"og:image:width\" content=\"2000\" \/>\n\t<meta property=\"og:image:height\" content=\"1333\" \/>\n\t<meta property=\"og:image:type\" content=\"image\/png\" \/>\n<meta name=\"twitter:card\" content=\"summary_large_image\" \/>\n<meta name=\"twitter:label1\" content=\"Est. reading time\" \/>\n\t<meta name=\"twitter:data1\" content=\"1 minute\" \/>\n<script type=\"application\/ld+json\" class=\"yoast-schema-graph\">{\"@context\":\"https:\/\/schema.org\",\"@graph\":[{\"@type\":\"WebPage\",\"@id\":\"https:\/\/marevik.ee\/test\/toode\/bernina-designer-plus-v9corel-draw\/\",\"url\":\"https:\/\/marevik.ee\/test\/toode\/bernina-designer-plus-v9corel-draw\/\",\"name\":\"Bernina tikkimisprogramm Designer Plus V9 ja Corel Draw\",\"isPartOf\":{\"@id\":\"https:\/\/marevik.ee\/test\/#website\"},\"primaryImageOfPage\":{\"@id\":\"https:\/\/marevik.ee\/test\/toode\/bernina-designer-plus-v9corel-draw\/#primaryimage\"},\"image\":{\"@id\":\"https:\/\/marevik.ee\/test\/toode\/bernina-designer-plus-v9corel-draw\/#primaryimage\"},\"thumbnailUrl\":\"https:\/\/marevik.ee\/test\/wp-content\/uploads\/2023\/11\/Creator_FullVersion.png\",\"datePublished\":\"2023-11-13T14:35:34+00:00\",\"dateModified\":\"2023-11-14T11:42:59+00:00\",\"description\":\"Tikkimisprogramm Bernina Designer Plus V9, sisaldades Corel Draw joonistusprogrammi on professionaalne t\u00f6\u00f6riist disainerile, kes soovib luua isiklikke ja oman\u00e4olisi masintikkimis disaine.\",\"breadcrumb\":{\"@id\":\"https:\/\/marevik.ee\/test\/toode\/bernina-designer-plus-v9corel-draw\/#breadcrumb\"},\"inLanguage\":\"en\",\"potentialAction\":[{\"@type\":\"ReadAction\",\"target\":[\"https:\/\/marevik.ee\/test\/toode\/bernina-designer-plus-v9corel-draw\/\"]}]},{\"@type\":\"ImageObject\",\"inLanguage\":\"en\",\"@id\":\"https:\/\/marevik.ee\/test\/toode\/bernina-designer-plus-v9corel-draw\/#primaryimage\",\"url\":\"https:\/\/marevik.ee\/test\/wp-content\/uploads\/2023\/11\/Creator_FullVersion.png\",\"contentUrl\":\"https:\/\/marevik.ee\/test\/wp-content\/uploads\/2023\/11\/Creator_FullVersion.png\",\"width\":2000,\"height\":1333},{\"@type\":\"BreadcrumbList\",\"@id\":\"https:\/\/marevik.ee\/test\/toode\/bernina-designer-plus-v9corel-draw\/#breadcrumb\",\"itemListElement\":[{\"@type\":\"ListItem\",\"position\":1,\"name\":\"Home\",\"item\":\"https:\/\/marevik.ee\/test\/\"},{\"@type\":\"ListItem\",\"position\":2,\"name\":\"E-POOD\",\"item\":\"https:\/\/marevik.ee\/test\/epood\/\"},{\"@type\":\"ListItem\",\"position\":3,\"name\":\"Bernina Designer Plus V9+Corel Draw\"}]},{\"@type\":\"WebSite\",\"@id\":\"https:\/\/marevik.ee\/test\/#website\",\"url\":\"https:\/\/marevik.ee\/test\/\",\"name\":\"Marevik O&Uuml;\",\"description\":\"&Otilde;mblusmasina asjatundja\",\"publisher\":{\"@id\":\"https:\/\/marevik.ee\/test\/#organization\"},\"potentialAction\":[{\"@type\":\"SearchAction\",\"target\":{\"@type\":\"EntryPoint\",\"urlTemplate\":\"https:\/\/marevik.ee\/test\/?s={search_term_string}\"},\"query-input\":{\"@type\":\"PropertyValueSpecification\",\"valueRequired\":true,\"valueName\":\"search_term_string\"}}],\"inLanguage\":\"en\"},{\"@type\":\"Organization\",\"@id\":\"https:\/\/marevik.ee\/test\/#organization\",\"name\":\"Marevik O&Uuml;\",\"url\":\"https:\/\/marevik.ee\/test\/\",\"logo\":{\"@type\":\"ImageObject\",\"inLanguage\":\"en\",\"@id\":\"https:\/\/marevik.ee\/test\/#\/schema\/logo\/image\/\",\"url\":\"https:\/\/marevik.ee\/test\/wp-content\/uploads\/2020\/02\/mblusmasina-asjatundja-1994_173x105_veebi_v-ike.jpg\",\"contentUrl\":\"https:\/\/marevik.ee\/test\/wp-content\/uploads\/2020\/02\/mblusmasina-asjatundja-1994_173x105_veebi_v-ike.jpg\",\"width\":173,\"height\":105,\"caption\":\"Marevik O&Uuml;\"},\"image\":{\"@id\":\"https:\/\/marevik.ee\/test\/#\/schema\/logo\/image\/\"}}]}<\/script>\n<!-- \/ Yoast SEO plugin. -->","yoast_head_json":{"title":"Bernina tikkimisprogramm Designer Plus V9 ja Corel Draw","description":"Tikkimisprogramm Bernina Designer Plus V9, sisaldades Corel Draw joonistusprogrammi on professionaalne t\u00f6\u00f6riist disainerile, kes soovib luua isiklikke ja oman\u00e4olisi masintikkimis disaine.","robots":{"index":"index","follow":"follow","max-snippet":"max-snippet:-1","max-image-preview":"max-image-preview:large","max-video-preview":"max-video-preview:-1"},"canonical":"https:\/\/marevik.ee\/test\/toode\/bernina-designer-plus-v9corel-draw\/","og_locale":"en_US","og_type":"article","og_title":"Bernina tikkimisprogramm Designer Plus V9 ja Corel Draw","og_description":"Tikkimisprogramm Bernina Designer Plus V9, sisaldades Corel Draw joonistusprogrammi on professionaalne t\u00f6\u00f6riist disainerile, kes soovib luua isiklikke ja oman\u00e4olisi masintikkimis disaine.","og_url":"https:\/\/marevik.ee\/test\/toode\/bernina-designer-plus-v9corel-draw\/","og_site_name":"Marevik O&Uuml;","article_modified_time":"2023-11-14T11:42:59+00:00","og_image":[{"width":2000,"height":1333,"url":"https:\/\/marevik.ee\/test\/wp-content\/uploads\/2023\/11\/Creator_FullVersion.png","type":"image\/png"}],"twitter_card":"summary_large_image","twitter_misc":{"Est. reading time":"1 minute"},"schema":{"@context":"https:\/\/schema.org","@graph":[{"@type":"WebPage","@id":"https:\/\/marevik.ee\/test\/toode\/bernina-designer-plus-v9corel-draw\/","url":"https:\/\/marevik.ee\/test\/toode\/bernina-designer-plus-v9corel-draw\/","name":"Bernina tikkimisprogramm Designer Plus V9 ja Corel Draw","isPartOf":{"@id":"https:\/\/marevik.ee\/test\/#website"},"primaryImageOfPage":{"@id":"https:\/\/marevik.ee\/test\/toode\/bernina-designer-plus-v9corel-draw\/#primaryimage"},"image":{"@id":"https:\/\/marevik.ee\/test\/toode\/bernina-designer-plus-v9corel-draw\/#primaryimage"},"thumbnailUrl":"https:\/\/marevik.ee\/test\/wp-content\/uploads\/2023\/11\/Creator_FullVersion.png","datePublished":"2023-11-13T14:35:34+00:00","dateModified":"2023-11-14T11:42:59+00:00","description":"Tikkimisprogramm Bernina Designer Plus V9, sisaldades Corel Draw joonistusprogrammi on professionaalne t\u00f6\u00f6riist disainerile, kes soovib luua isiklikke ja oman\u00e4olisi masintikkimis disaine.","breadcrumb":{"@id":"https:\/\/marevik.ee\/test\/toode\/bernina-designer-plus-v9corel-draw\/#breadcrumb"},"inLanguage":"en","potentialAction":[{"@type":"ReadAction","target":["https:\/\/marevik.ee\/test\/toode\/bernina-designer-plus-v9corel-draw\/"]}]},{"@type":"ImageObject","inLanguage":"en","@id":"https:\/\/marevik.ee\/test\/toode\/bernina-designer-plus-v9corel-draw\/#primaryimage","url":"https:\/\/marevik.ee\/test\/wp-content\/uploads\/2023\/11\/Creator_FullVersion.png","contentUrl":"https:\/\/marevik.ee\/test\/wp-content\/uploads\/2023\/11\/Creator_FullVersion.png","width":2000,"height":1333},{"@type":"BreadcrumbList","@id":"https:\/\/marevik.ee\/test\/toode\/bernina-designer-plus-v9corel-draw\/#breadcrumb","itemListElement":[{"@type":"ListItem","position":1,"name":"Home","item":"https:\/\/marevik.ee\/test\/"},{"@type":"ListItem","position":2,"name":"E-POOD","item":"https:\/\/marevik.ee\/test\/epood\/"},{"@type":"ListItem","position":3,"name":"Bernina Designer Plus V9+Corel Draw"}]},{"@type":"WebSite","@id":"https:\/\/marevik.ee\/test\/#website","url":"https:\/\/marevik.ee\/test\/","name":"Marevik O&Uuml;","description":"&Otilde;mblusmasina asjatundja","publisher":{"@id":"https:\/\/marevik.ee\/test\/#organization"},"potentialAction":[{"@type":"SearchAction","target":{"@type":"EntryPoint","urlTemplate":"https:\/\/marevik.ee\/test\/?s={search_term_string}"},"query-input":{"@type":"PropertyValueSpecification","valueRequired":true,"valueName":"search_term_string"}}],"inLanguage":"en"},{"@type":"Organization","@id":"https:\/\/marevik.ee\/test\/#organization","name":"Marevik O&Uuml;","url":"https:\/\/marevik.ee\/test\/","logo":{"@type":"ImageObject","inLanguage":"en","@id":"https:\/\/marevik.ee\/test\/#\/schema\/logo\/image\/","url":"https:\/\/marevik.ee\/test\/wp-content\/uploads\/2020\/02\/mblusmasina-asjatundja-1994_173x105_veebi_v-ike.jpg","contentUrl":"https:\/\/marevik.ee\/test\/wp-content\/uploads\/2020\/02\/mblusmasina-asjatundja-1994_173x105_veebi_v-ike.jpg","width":173,"height":105,"caption":"Marevik O&Uuml;"},"image":{"@id":"https:\/\/marevik.ee\/test\/#\/schema\/logo\/image\/"}}]}},"_links":{"self":[{"href":"https:\/\/marevik.ee\/test\/wp-json\/wp\/v2\/product\/15658","targetHints":{"allow":["GET"]}}],"collection":[{"href":"https:\/\/marevik.ee\/test\/wp-json\/wp\/v2\/product"}],"about":[{"href":"https:\/\/marevik.ee\/test\/wp-json\/wp\/v2\/types\/product"}],"wp:featuredmedia":[{"embeddable":true,"href":"https:\/\/marevik.ee\/test\/wp-json\/wp\/v2\/media\/15659"}],"wp:attachment":[{"href":"https:\/\/marevik.ee\/test\/wp-json\/wp\/v2\/media?parent=15658"}],"wp:term":[{"taxonomy":"product_brand","embeddable":true,"href":"https:\/\/marevik.ee\/test\/wp-json\/wp\/v2\/product_brand?post=15658"},{"taxonomy":"product_cat","embeddable":true,"href":"https:\/\/marevik.ee\/test\/wp-json\/wp\/v2\/product_cat?post=15658"},{"taxonomy":"product_tag","embeddable":true,"href":"https:\/\/marevik.ee\/test\/wp-json\/wp\/v2\/product_tag?post=15658"}],"curies":[{"name":"wp","href":"https:\/\/api.w.org\/{rel}","templated":true}]}}