{"id":15822,"date":"2024-01-08T10:13:12","date_gmt":"2024-01-08T10:13:12","guid":{"rendered":"https:\/\/marevik.ee\/test\/?post_type=product&#038;p=15822"},"modified":"2025-06-29T07:21:16","modified_gmt":"2025-06-29T07:21:16","slug":"juki-hzl-f400","status":"publish","type":"product","link":"https:\/\/marevik.ee\/test\/toode\/juki-hzl-f400\/","title":{"rendered":"Juki HZL F400"},"content":{"rendered":"<p>Suur t\u00f6\u00f6pind (203mm), mis h\u00f5lbustab lapit\u00f6\u00f6d ja teppimist. Samuti suuremate r\u00f5ivaste (joped, mantlid jms.) \u00f5mblemist.<br \/>\nKaasaegne LED valgustuss\u00fcsteem annab hea valguse tervele t\u00f6\u00f6lauale.<br \/>\nMehaaniline n\u00f5elasilma kiirniidistaja<br \/>\n157 \u00f5mblusoperatsiooni.<br \/>\n16 erinevat t\u00e4isautomaatset n\u00f6\u00f6pauku, n\u00f6\u00f6bi \u00f5mblemine<br \/>\n3 fondiga t\u00e4hestiku \u00f5mblemine<br \/>\nDekoratiiv\u00f5mblused k\u00f5rgusega kuni 7 mm<br \/>\nPeegelfunktsioon v\u00f5imaldab motiive \u00fcmber p\u00f6\u00f6rata<br \/>\nM\u00e4lufunktsioon mis v\u00f5imaldab motiive ja nende jadasid m\u00e4llu salvestada<br \/>\nMotiivide pikendamise v\u00f5imalus<br \/>\nThe JUKI Tension System v\u00f5imaldab Sashiko stiilis k\u00e4si\u00f5mblust imiteerivat \u00f5mblemist<br \/>\nS\u00f6\u00f6tehammastiku langetamine vabak\u00e4etikandiks<br \/>\nKontrolls\u00fcsteem kaksikn\u00f5ela kasutamiseks<br \/>\nPresstalla t\u00f5stmiseks, p\u00f5lvekang valmidus (kang eraldi ostetav)<br \/>\nSujuvalt reguleeritav piste pikkus ja laius<br \/>\nNiidi l\u00f5ikamine k\u00e4sitsi, nupule vajutades v\u00f5i pedaalifunktsioonina<br \/>\nPoolimine eraldi mootoriga ja lihtne pooli paigaldamine.<br \/>\nHorisontaalne poolis\u00fcsteem<br \/>\nStart\/stop nupp ilma pedaalita \u00f5mblemiseks<br \/>\nAutomaatne pistekinnitus<br \/>\nN\u00f5ela asendi muutmine (n\u00f5el \u00fcleval\/all)\u200f<br \/>\n\u00dchtlane s\u00f6\u00f6de t\u00e4nu 7-osalisele hammastikule ja karps\u00f6\u00f6tele (BOX feed)<br \/>\nVabajalg h\u00f5lbustamaks torujate detailide \u00f5mblemist, mahukas tarvikutesahtel<br \/>\nsuurim \u00f5mbluskiirus 900 pistet minutis;<br \/>\nkaal: 9,5kg.<\/p>\n<p>Mitmek\u00fclgsed tarvikud standardvarustuses:<br \/>\nPlastist k\u00f5vakate, esitlus-DVD, 4 pooli, n\u00f5elakomplekt, niidirullide stopperid, universaaltald, n\u00f6\u00f6paugu raam, n\u00f6\u00f6paugutald k\u00e4sijuhtimisel n\u00f6\u00f6paukude \u00f5mblemiseks, overloktald, t\u00f5mblukutald , peitpiste tald, kruvikeeraja, puhastuspintsel, n\u00f6\u00f6paugu, harutaja, p\u00f5lvekang<\/p>\n","protected":false},"excerpt":{"rendered":"<p>Jaapani kvaliteeti pakkuv Juki on vaikne, sujuva k\u00e4ivitusega, vibratsioonivaba \u00f5mblusmasin. Kaasaegselt kauni disainiga ja uusima tehnoloogiaga kvaliteetne \u00f5mblusmasin n\u00f5udlikule \u00f5mblejale.<\/p>\n","protected":false},"featured_media":15824,"template":"","meta":{"site-sidebar-layout":"default","site-content-layout":"default","ast-site-content-layout":"default","site-content-style":"default","site-sidebar-style":"default","ast-global-header-display":"","ast-banner-title-visibility":"","ast-main-header-display":"","ast-hfb-above-header-display":"","ast-hfb-below-header-display":"","ast-hfb-mobile-header-display":"","site-post-title":"","ast-breadcrumbs-content":"","ast-featured-img":"","footer-sml-layout":"","theme-transparent-header-meta":"default","adv-header-id-meta":"","stick-header-meta":"","header-above-stick-meta":"","header-main-stick-meta":"","header-below-stick-meta":"","astra-migrate-meta-layouts":"set","ast-page-background-enabled":"default","ast-page-background-meta":{"desktop":{"background-color":"","background-image":"","background-repeat":"repeat","background-position":"center center","background-size":"auto","background-attachment":"scroll","background-type":"","background-media":"","overlay-type":"","overlay-color":"","overlay-opacity":"","overlay-gradient":""},"tablet":{"background-color":"","background-image":"","background-repeat":"repeat","background-position":"center center","background-size":"auto","background-attachment":"scroll","background-type":"","background-media":"","overlay-type":"","overlay-color":"","overlay-opacity":"","overlay-gradient":""},"mobile":{"background-color":"","background-image":"","background-repeat":"repeat","background-position":"center center","background-size":"auto","background-attachment":"scroll","background-type":"","background-media":"","overlay-type":"","overlay-color":"","overlay-opacity":"","overlay-gradient":""}},"ast-content-background-meta":{"desktop":{"background-color":"var(--ast-global-color-5)","background-image":"","background-repeat":"repeat","background-position":"center center","background-size":"auto","background-attachment":"scroll","background-type":"","background-media":"","overlay-type":"","overlay-color":"","overlay-opacity":"","overlay-gradient":""},"tablet":{"background-color":"var(--ast-global-color-5)","background-image":"","background-repeat":"repeat","background-position":"center center","background-size":"auto","background-attachment":"scroll","background-type":"","background-media":"","overlay-type":"","overlay-color":"","overlay-opacity":"","overlay-gradient":""},"mobile":{"background-color":"var(--ast-global-color-5)","background-image":"","background-repeat":"repeat","background-position":"center center","background-size":"auto","background-attachment":"scroll","background-type":"","background-media":"","overlay-type":"","overlay-color":"","overlay-opacity":"","overlay-gradient":""}}},"product_brand":[],"product_cat":[71,60],"product_tag":[92],"class_list":{"0":"post-15822","1":"product","2":"type-product","3":"status-publish","4":"has-post-thumbnail","6":"product_cat-juki","7":"product_cat-omblusmasinad","8":"product_tag-juki","9":"desktop-align-left","10":"tablet-align-left","11":"mobile-align-left","13":"first","14":"instock","15":"taxable","16":"shipping-taxable","17":"purchasable","18":"product-type-simple"},"yoast_head":"<!-- This site is optimized with the Yoast SEO plugin v26.1.1 - https:\/\/yoast.com\/wordpress\/plugins\/seo\/ -->\n<title>Juki HZL F400 - Marevik O&Uuml;<\/title>\n<meta name=\"description\" content=\"Jaapani kvaliteeti pakkuv Juki on vaikne, sujuva k\u00e4ivitusega, vibratsioonivaba \u00f5mblusmasin. Kaasaegselt kauni disainiga ja uusima tehnoloogiaga kvaliteetne \u00f5mblusmasin n\u00f5udlikule \u00f5mblejale.\" \/>\n<meta name=\"robots\" content=\"index, follow, max-snippet:-1, max-image-preview:large, max-video-preview:-1\" \/>\n<link rel=\"canonical\" href=\"https:\/\/marevik.ee\/test\/toode\/juki-hzl-f400\/\" \/>\n<meta property=\"og:locale\" content=\"en_US\" \/>\n<meta property=\"og:type\" content=\"article\" \/>\n<meta property=\"og:title\" content=\"Juki HZL F400 - Marevik O&Uuml;\" \/>\n<meta property=\"og:description\" content=\"Jaapani kvaliteeti pakkuv Juki on vaikne, sujuva k\u00e4ivitusega, vibratsioonivaba \u00f5mblusmasin. Kaasaegselt kauni disainiga ja uusima tehnoloogiaga kvaliteetne \u00f5mblusmasin n\u00f5udlikule \u00f5mblejale.\" \/>\n<meta property=\"og:url\" content=\"https:\/\/marevik.ee\/test\/toode\/juki-hzl-f400\/\" \/>\n<meta property=\"og:site_name\" content=\"Marevik O&Uuml;\" \/>\n<meta property=\"article:modified_time\" content=\"2025-06-29T07:21:16+00:00\" \/>\n<meta property=\"og:image\" content=\"https:\/\/marevik.ee\/test\/wp-content\/uploads\/2024\/01\/HZL-F400.jpg\" \/>\n\t<meta property=\"og:image:width\" content=\"1200\" \/>\n\t<meta property=\"og:image:height\" content=\"1200\" \/>\n\t<meta property=\"og:image:type\" content=\"image\/jpeg\" \/>\n<meta name=\"twitter:card\" content=\"summary_large_image\" \/>\n<meta name=\"twitter:label1\" content=\"Est. reading time\" \/>\n\t<meta name=\"twitter:data1\" content=\"2 minutes\" \/>\n<script type=\"application\/ld+json\" class=\"yoast-schema-graph\">{\"@context\":\"https:\/\/schema.org\",\"@graph\":[{\"@type\":\"WebPage\",\"@id\":\"https:\/\/marevik.ee\/test\/toode\/juki-hzl-f400\/\",\"url\":\"https:\/\/marevik.ee\/test\/toode\/juki-hzl-f400\/\",\"name\":\"Juki HZL F400 - Marevik O&Uuml;\",\"isPartOf\":{\"@id\":\"https:\/\/marevik.ee\/test\/#website\"},\"primaryImageOfPage\":{\"@id\":\"https:\/\/marevik.ee\/test\/toode\/juki-hzl-f400\/#primaryimage\"},\"image\":{\"@id\":\"https:\/\/marevik.ee\/test\/toode\/juki-hzl-f400\/#primaryimage\"},\"thumbnailUrl\":\"https:\/\/marevik.ee\/test\/wp-content\/uploads\/2024\/01\/HZL-F400.jpg\",\"datePublished\":\"2024-01-08T10:13:12+00:00\",\"dateModified\":\"2025-06-29T07:21:16+00:00\",\"description\":\"Jaapani kvaliteeti pakkuv Juki on vaikne, sujuva k\u00e4ivitusega, vibratsioonivaba \u00f5mblusmasin. Kaasaegselt kauni disainiga ja uusima tehnoloogiaga kvaliteetne \u00f5mblusmasin n\u00f5udlikule \u00f5mblejale.\",\"breadcrumb\":{\"@id\":\"https:\/\/marevik.ee\/test\/toode\/juki-hzl-f400\/#breadcrumb\"},\"inLanguage\":\"en\",\"potentialAction\":[{\"@type\":\"ReadAction\",\"target\":[\"https:\/\/marevik.ee\/test\/toode\/juki-hzl-f400\/\"]}]},{\"@type\":\"ImageObject\",\"inLanguage\":\"en\",\"@id\":\"https:\/\/marevik.ee\/test\/toode\/juki-hzl-f400\/#primaryimage\",\"url\":\"https:\/\/marevik.ee\/test\/wp-content\/uploads\/2024\/01\/HZL-F400.jpg\",\"contentUrl\":\"https:\/\/marevik.ee\/test\/wp-content\/uploads\/2024\/01\/HZL-F400.jpg\",\"width\":1200,\"height\":1200},{\"@type\":\"BreadcrumbList\",\"@id\":\"https:\/\/marevik.ee\/test\/toode\/juki-hzl-f400\/#breadcrumb\",\"itemListElement\":[{\"@type\":\"ListItem\",\"position\":1,\"name\":\"Home\",\"item\":\"https:\/\/marevik.ee\/test\/\"},{\"@type\":\"ListItem\",\"position\":2,\"name\":\"E-POOD\",\"item\":\"https:\/\/marevik.ee\/test\/epood\/\"},{\"@type\":\"ListItem\",\"position\":3,\"name\":\"Juki HZL F400\"}]},{\"@type\":\"WebSite\",\"@id\":\"https:\/\/marevik.ee\/test\/#website\",\"url\":\"https:\/\/marevik.ee\/test\/\",\"name\":\"Marevik O&Uuml;\",\"description\":\"&Otilde;mblusmasina asjatundja\",\"publisher\":{\"@id\":\"https:\/\/marevik.ee\/test\/#organization\"},\"potentialAction\":[{\"@type\":\"SearchAction\",\"target\":{\"@type\":\"EntryPoint\",\"urlTemplate\":\"https:\/\/marevik.ee\/test\/?s={search_term_string}\"},\"query-input\":{\"@type\":\"PropertyValueSpecification\",\"valueRequired\":true,\"valueName\":\"search_term_string\"}}],\"inLanguage\":\"en\"},{\"@type\":\"Organization\",\"@id\":\"https:\/\/marevik.ee\/test\/#organization\",\"name\":\"Marevik O&Uuml;\",\"url\":\"https:\/\/marevik.ee\/test\/\",\"logo\":{\"@type\":\"ImageObject\",\"inLanguage\":\"en\",\"@id\":\"https:\/\/marevik.ee\/test\/#\/schema\/logo\/image\/\",\"url\":\"https:\/\/marevik.ee\/test\/wp-content\/uploads\/2020\/02\/mblusmasina-asjatundja-1994_173x105_veebi_v-ike.jpg\",\"contentUrl\":\"https:\/\/marevik.ee\/test\/wp-content\/uploads\/2020\/02\/mblusmasina-asjatundja-1994_173x105_veebi_v-ike.jpg\",\"width\":173,\"height\":105,\"caption\":\"Marevik O&Uuml;\"},\"image\":{\"@id\":\"https:\/\/marevik.ee\/test\/#\/schema\/logo\/image\/\"}}]}<\/script>\n<!-- \/ Yoast SEO plugin. -->","yoast_head_json":{"title":"Juki HZL F400 - Marevik O&Uuml;","description":"Jaapani kvaliteeti pakkuv Juki on vaikne, sujuva k\u00e4ivitusega, vibratsioonivaba \u00f5mblusmasin. Kaasaegselt kauni disainiga ja uusima tehnoloogiaga kvaliteetne \u00f5mblusmasin n\u00f5udlikule \u00f5mblejale.","robots":{"index":"index","follow":"follow","max-snippet":"max-snippet:-1","max-image-preview":"max-image-preview:large","max-video-preview":"max-video-preview:-1"},"canonical":"https:\/\/marevik.ee\/test\/toode\/juki-hzl-f400\/","og_locale":"en_US","og_type":"article","og_title":"Juki HZL F400 - Marevik O&Uuml;","og_description":"Jaapani kvaliteeti pakkuv Juki on vaikne, sujuva k\u00e4ivitusega, vibratsioonivaba \u00f5mblusmasin. Kaasaegselt kauni disainiga ja uusima tehnoloogiaga kvaliteetne \u00f5mblusmasin n\u00f5udlikule \u00f5mblejale.","og_url":"https:\/\/marevik.ee\/test\/toode\/juki-hzl-f400\/","og_site_name":"Marevik O&Uuml;","article_modified_time":"2025-06-29T07:21:16+00:00","og_image":[{"width":1200,"height":1200,"url":"https:\/\/marevik.ee\/test\/wp-content\/uploads\/2024\/01\/HZL-F400.jpg","type":"image\/jpeg"}],"twitter_card":"summary_large_image","twitter_misc":{"Est. reading time":"2 minutes"},"schema":{"@context":"https:\/\/schema.org","@graph":[{"@type":"WebPage","@id":"https:\/\/marevik.ee\/test\/toode\/juki-hzl-f400\/","url":"https:\/\/marevik.ee\/test\/toode\/juki-hzl-f400\/","name":"Juki HZL F400 - Marevik O&Uuml;","isPartOf":{"@id":"https:\/\/marevik.ee\/test\/#website"},"primaryImageOfPage":{"@id":"https:\/\/marevik.ee\/test\/toode\/juki-hzl-f400\/#primaryimage"},"image":{"@id":"https:\/\/marevik.ee\/test\/toode\/juki-hzl-f400\/#primaryimage"},"thumbnailUrl":"https:\/\/marevik.ee\/test\/wp-content\/uploads\/2024\/01\/HZL-F400.jpg","datePublished":"2024-01-08T10:13:12+00:00","dateModified":"2025-06-29T07:21:16+00:00","description":"Jaapani kvaliteeti pakkuv Juki on vaikne, sujuva k\u00e4ivitusega, vibratsioonivaba \u00f5mblusmasin. Kaasaegselt kauni disainiga ja uusima tehnoloogiaga kvaliteetne \u00f5mblusmasin n\u00f5udlikule \u00f5mblejale.","breadcrumb":{"@id":"https:\/\/marevik.ee\/test\/toode\/juki-hzl-f400\/#breadcrumb"},"inLanguage":"en","potentialAction":[{"@type":"ReadAction","target":["https:\/\/marevik.ee\/test\/toode\/juki-hzl-f400\/"]}]},{"@type":"ImageObject","inLanguage":"en","@id":"https:\/\/marevik.ee\/test\/toode\/juki-hzl-f400\/#primaryimage","url":"https:\/\/marevik.ee\/test\/wp-content\/uploads\/2024\/01\/HZL-F400.jpg","contentUrl":"https:\/\/marevik.ee\/test\/wp-content\/uploads\/2024\/01\/HZL-F400.jpg","width":1200,"height":1200},{"@type":"BreadcrumbList","@id":"https:\/\/marevik.ee\/test\/toode\/juki-hzl-f400\/#breadcrumb","itemListElement":[{"@type":"ListItem","position":1,"name":"Home","item":"https:\/\/marevik.ee\/test\/"},{"@type":"ListItem","position":2,"name":"E-POOD","item":"https:\/\/marevik.ee\/test\/epood\/"},{"@type":"ListItem","position":3,"name":"Juki HZL F400"}]},{"@type":"WebSite","@id":"https:\/\/marevik.ee\/test\/#website","url":"https:\/\/marevik.ee\/test\/","name":"Marevik O&Uuml;","description":"&Otilde;mblusmasina asjatundja","publisher":{"@id":"https:\/\/marevik.ee\/test\/#organization"},"potentialAction":[{"@type":"SearchAction","target":{"@type":"EntryPoint","urlTemplate":"https:\/\/marevik.ee\/test\/?s={search_term_string}"},"query-input":{"@type":"PropertyValueSpecification","valueRequired":true,"valueName":"search_term_string"}}],"inLanguage":"en"},{"@type":"Organization","@id":"https:\/\/marevik.ee\/test\/#organization","name":"Marevik O&Uuml;","url":"https:\/\/marevik.ee\/test\/","logo":{"@type":"ImageObject","inLanguage":"en","@id":"https:\/\/marevik.ee\/test\/#\/schema\/logo\/image\/","url":"https:\/\/marevik.ee\/test\/wp-content\/uploads\/2020\/02\/mblusmasina-asjatundja-1994_173x105_veebi_v-ike.jpg","contentUrl":"https:\/\/marevik.ee\/test\/wp-content\/uploads\/2020\/02\/mblusmasina-asjatundja-1994_173x105_veebi_v-ike.jpg","width":173,"height":105,"caption":"Marevik O&Uuml;"},"image":{"@id":"https:\/\/marevik.ee\/test\/#\/schema\/logo\/image\/"}}]}},"_links":{"self":[{"href":"https:\/\/marevik.ee\/test\/wp-json\/wp\/v2\/product\/15822","targetHints":{"allow":["GET"]}}],"collection":[{"href":"https:\/\/marevik.ee\/test\/wp-json\/wp\/v2\/product"}],"about":[{"href":"https:\/\/marevik.ee\/test\/wp-json\/wp\/v2\/types\/product"}],"wp:featuredmedia":[{"embeddable":true,"href":"https:\/\/marevik.ee\/test\/wp-json\/wp\/v2\/media\/15824"}],"wp:attachment":[{"href":"https:\/\/marevik.ee\/test\/wp-json\/wp\/v2\/media?parent=15822"}],"wp:term":[{"taxonomy":"product_brand","embeddable":true,"href":"https:\/\/marevik.ee\/test\/wp-json\/wp\/v2\/product_brand?post=15822"},{"taxonomy":"product_cat","embeddable":true,"href":"https:\/\/marevik.ee\/test\/wp-json\/wp\/v2\/product_cat?post=15822"},{"taxonomy":"product_tag","embeddable":true,"href":"https:\/\/marevik.ee\/test\/wp-json\/wp\/v2\/product_tag?post=15822"}],"curies":[{"name":"wp","href":"https:\/\/api.w.org\/{rel}","templated":true}]}}