{"id":15846,"date":"2024-01-17T08:15:22","date_gmt":"2024-01-17T08:15:22","guid":{"rendered":"https:\/\/marevik.ee\/test\/?post_type=product&#038;p=15846"},"modified":"2025-09-03T09:51:33","modified_gmt":"2025-09-03T09:51:33","slug":"pq-1600s-brother","status":"publish","type":"product","link":"https:\/\/marevik.ee\/test\/toode\/pq-1600s-brother\/","title":{"rendered":"PQ-1600s Brother"},"content":{"rendered":"<p>\u00f5mbluskiirus 40-1500 pistet\/minutis<br \/>\npiste pikkus 0-7mm<br \/>\npresstalla t\u00f5stmine 6mm ja p\u00f5lvekangiga 12mm<br \/>\nS\u00f6\u00f6tehammastiku k\u00f5rguse reguleerimine ja Pin Feed System<br \/>\ns\u00f6\u00f6tehammastikku v\u00e4lja l\u00fclitamine<br \/>\np\u00f5lvekang presstalla t\u00f5stmiseks<br \/>\nsuur t\u00f6\u00f6tsoon pikkusega 220 mm, laiusega 195 mm ja k\u00f5rgusega 140 mm<br \/>\nn\u00f5ela asendi fiksaator, elektrooniliselt kontrollitud: \u00fclal\/all<br \/>\nelektrooniline niidil\u00f5ikur, nupule vajutades<br \/>\nv\u00e4rvikoodidega, vastavalt s\u00f6\u00f6tja k\u00f5rgusega, reguleeritav presstalla surve<br \/>\nn\u00f5ela kiirniidistaja<br \/>\nniidirullide statiiv v\u00f5imaldab asetada masinale 2 suurt koonusniidirulli<br \/>\nv\u00f5imaldab \u00f5mmelda ja poolida samaaegselt<br \/>\nLED valgustus<br \/>\nm\u00f5\u00f5tmed: 460 (W) X 320 (H) X 195 (D) mm<br \/>\nkaal 10,8 kg<\/p>\n<p>Komplekti kuulub:<\/p>\n<p>tugevast plastikust t\u00f6\u00f6laua laiendus, 5 pooli, otse\u00f5mbluse tald, painduv presstald, luku\u00f5mbluse tald, peiteluku tald, p\u00f6\u00f6rdpalistuse tald, 1\/4\u2033 (tolli) auguga tald, vabak\u00e4e tikkimise v\u00f5i teppimise tald, serva suunaja, n\u00f5elakomplekt, puhastuspintsel, niidirulli kattev\u00f5rk, koonusrulli tugi, kanga separaator, kruvikeerajad (2tk), presstalla p\u00f5lvekang, pehmest materjalist masina kaitsekate.<\/p>\n<div class=\"ast-oembed-container \" style=\"height: 100%;\"><iframe title=\"The one: Brother PQ1600S\" width=\"500\" height=\"281\" src=\"https:\/\/www.youtube.com\/embed\/axrNgG1hOkA?feature=oembed\" frameborder=\"0\" allow=\"accelerometer; autoplay; clipboard-write; encrypted-media; gyroscope; picture-in-picture; web-share\" referrerpolicy=\"strict-origin-when-cross-origin\" allowfullscreen><\/iframe><\/div>\n","protected":false},"excerpt":{"rendered":"<p>Brother PQ-1600S on elektrooniline joon\u00f5mblusmasin professionaalsele \u00f5mblejale. Hea uudis k\u00f5igile neile, kes peavad lugu \u00f5mbluse k\u00f5rgest kvaliteedist. Brother on teinud v\u00f5rreldes konkurentidega olulise sammu ning lisanud masinale painduva presstalla. See lisab masinale suutlikust \u00fcletada vaevata kanga \u00fcleminekut \u00f5hemalt paksemale. Samuti saab masinal reguleerida s\u00f6\u00f6te-hammastiku k\u00f5rgust. Kolm erinevat s\u00f6\u00f6tja k\u00f5rgust, millest \u00fcks <em><strong>Pin Feed System<\/strong><\/em> annab suure eelise eriti kapriisete kangaste edasiveol. Lisaks pikim piste, kuni 7mm on kodumasinate klassis ainulaadne. Need kolm omadust j\u00e4tavad konkurendid seljataha.<br \/>\nT\u00f6\u00f6stusliku masina baasil valminud professionaalne kodumasin on mobiilne, lihtsasti k\u00e4sitletav ning sobib ateljeesse v\u00f5i koju, kui ka t\u00fctarlaste k\u00e4sit\u00f6\u00f6klassi.<\/p>\n","protected":false},"featured_media":15847,"template":"","meta":{"site-sidebar-layout":"default","site-content-layout":"default","ast-site-content-layout":"default","site-content-style":"default","site-sidebar-style":"default","ast-global-header-display":"","ast-banner-title-visibility":"","ast-main-header-display":"","ast-hfb-above-header-display":"","ast-hfb-below-header-display":"","ast-hfb-mobile-header-display":"","site-post-title":"","ast-breadcrumbs-content":"","ast-featured-img":"","footer-sml-layout":"","theme-transparent-header-meta":"default","adv-header-id-meta":"","stick-header-meta":"","header-above-stick-meta":"","header-main-stick-meta":"","header-below-stick-meta":"","astra-migrate-meta-layouts":"set","ast-page-background-enabled":"default","ast-page-background-meta":{"desktop":{"background-color":"","background-image":"","background-repeat":"repeat","background-position":"center center","background-size":"auto","background-attachment":"scroll","background-type":"","background-media":"","overlay-type":"","overlay-color":"","overlay-opacity":"","overlay-gradient":""},"tablet":{"background-color":"","background-image":"","background-repeat":"repeat","background-position":"center center","background-size":"auto","background-attachment":"scroll","background-type":"","background-media":"","overlay-type":"","overlay-color":"","overlay-opacity":"","overlay-gradient":""},"mobile":{"background-color":"","background-image":"","background-repeat":"repeat","background-position":"center center","background-size":"auto","background-attachment":"scroll","background-type":"","background-media":"","overlay-type":"","overlay-color":"","overlay-opacity":"","overlay-gradient":""}},"ast-content-background-meta":{"desktop":{"background-color":"var(--ast-global-color-5)","background-image":"","background-repeat":"repeat","background-position":"center center","background-size":"auto","background-attachment":"scroll","background-type":"","background-media":"","overlay-type":"","overlay-color":"","overlay-opacity":"","overlay-gradient":""},"tablet":{"background-color":"var(--ast-global-color-5)","background-image":"","background-repeat":"repeat","background-position":"center center","background-size":"auto","background-attachment":"scroll","background-type":"","background-media":"","overlay-type":"","overlay-color":"","overlay-opacity":"","overlay-gradient":""},"mobile":{"background-color":"var(--ast-global-color-5)","background-image":"","background-repeat":"repeat","background-position":"center center","background-size":"auto","background-attachment":"scroll","background-type":"","background-media":"","overlay-type":"","overlay-color":"","overlay-opacity":"","overlay-gradient":""}}},"product_brand":[],"product_cat":[68,60],"product_tag":[85],"class_list":{"0":"post-15846","1":"product","2":"type-product","3":"status-publish","4":"has-post-thumbnail","6":"product_cat-brother","7":"product_cat-omblusmasinad","8":"product_tag-brother","9":"desktop-align-left","10":"tablet-align-left","11":"mobile-align-left","13":"first","14":"instock","15":"taxable","16":"shipping-taxable","17":"purchasable","18":"product-type-simple"},"yoast_head":"<!-- This site is optimized with the Yoast SEO plugin v26.1.1 - https:\/\/yoast.com\/wordpress\/plugins\/seo\/ -->\n<title>PQ-1600s Brother - Marevik O&Uuml;<\/title>\n<meta name=\"description\" content=\"Brother PQ-1600S on elektrooniline joon\u00f5mblusmasin professionaalsele \u00f5mblejale. Hea uudis k\u00f5igile neile, kes peavad lugu \u00f5mbluse k\u00f5rgest kvaliteedist. Brother on teinud v\u00f5rreldes konkurentidega olulise sammu ning lisanud masinale painduva presstalla.\" \/>\n<meta name=\"robots\" content=\"index, follow, max-snippet:-1, max-image-preview:large, max-video-preview:-1\" \/>\n<link rel=\"canonical\" href=\"https:\/\/marevik.ee\/test\/toode\/pq-1600s-brother\/\" \/>\n<meta property=\"og:locale\" content=\"en_US\" \/>\n<meta property=\"og:type\" content=\"article\" \/>\n<meta property=\"og:title\" content=\"PQ-1600s Brother - Marevik O&Uuml;\" \/>\n<meta property=\"og:description\" content=\"Brother PQ-1600S on elektrooniline joon\u00f5mblusmasin professionaalsele \u00f5mblejale. Hea uudis k\u00f5igile neile, kes peavad lugu \u00f5mbluse k\u00f5rgest kvaliteedist. Brother on teinud v\u00f5rreldes konkurentidega olulise sammu ning lisanud masinale painduva presstalla.\" \/>\n<meta property=\"og:url\" content=\"https:\/\/marevik.ee\/test\/toode\/pq-1600s-brother\/\" \/>\n<meta property=\"og:site_name\" content=\"Marevik O&Uuml;\" \/>\n<meta property=\"article:modified_time\" content=\"2025-09-03T09:51:33+00:00\" \/>\n<meta property=\"og:image\" content=\"https:\/\/marevik.ee\/test\/wp-content\/uploads\/2024\/01\/PQ-1600s.jpg\" \/>\n\t<meta property=\"og:image:width\" content=\"1000\" \/>\n\t<meta property=\"og:image:height\" content=\"1000\" \/>\n\t<meta property=\"og:image:type\" content=\"image\/jpeg\" \/>\n<meta name=\"twitter:card\" content=\"summary_large_image\" \/>\n<meta name=\"twitter:label1\" content=\"Est. reading time\" \/>\n\t<meta name=\"twitter:data1\" content=\"1 minute\" \/>\n<script type=\"application\/ld+json\" class=\"yoast-schema-graph\">{\"@context\":\"https:\/\/schema.org\",\"@graph\":[{\"@type\":\"WebPage\",\"@id\":\"https:\/\/marevik.ee\/test\/toode\/pq-1600s-brother\/\",\"url\":\"https:\/\/marevik.ee\/test\/toode\/pq-1600s-brother\/\",\"name\":\"PQ-1600s Brother - Marevik O&Uuml;\",\"isPartOf\":{\"@id\":\"https:\/\/marevik.ee\/test\/#website\"},\"primaryImageOfPage\":{\"@id\":\"https:\/\/marevik.ee\/test\/toode\/pq-1600s-brother\/#primaryimage\"},\"image\":{\"@id\":\"https:\/\/marevik.ee\/test\/toode\/pq-1600s-brother\/#primaryimage\"},\"thumbnailUrl\":\"https:\/\/marevik.ee\/test\/wp-content\/uploads\/2024\/01\/PQ-1600s.jpg\",\"datePublished\":\"2024-01-17T08:15:22+00:00\",\"dateModified\":\"2025-09-03T09:51:33+00:00\",\"description\":\"Brother PQ-1600S on elektrooniline joon\u00f5mblusmasin professionaalsele \u00f5mblejale. Hea uudis k\u00f5igile neile, kes peavad lugu \u00f5mbluse k\u00f5rgest kvaliteedist. Brother on teinud v\u00f5rreldes konkurentidega olulise sammu ning lisanud masinale painduva presstalla.\",\"breadcrumb\":{\"@id\":\"https:\/\/marevik.ee\/test\/toode\/pq-1600s-brother\/#breadcrumb\"},\"inLanguage\":\"en\",\"potentialAction\":[{\"@type\":\"ReadAction\",\"target\":[\"https:\/\/marevik.ee\/test\/toode\/pq-1600s-brother\/\"]}]},{\"@type\":\"ImageObject\",\"inLanguage\":\"en\",\"@id\":\"https:\/\/marevik.ee\/test\/toode\/pq-1600s-brother\/#primaryimage\",\"url\":\"https:\/\/marevik.ee\/test\/wp-content\/uploads\/2024\/01\/PQ-1600s.jpg\",\"contentUrl\":\"https:\/\/marevik.ee\/test\/wp-content\/uploads\/2024\/01\/PQ-1600s.jpg\",\"width\":1000,\"height\":1000},{\"@type\":\"BreadcrumbList\",\"@id\":\"https:\/\/marevik.ee\/test\/toode\/pq-1600s-brother\/#breadcrumb\",\"itemListElement\":[{\"@type\":\"ListItem\",\"position\":1,\"name\":\"Home\",\"item\":\"https:\/\/marevik.ee\/test\/\"},{\"@type\":\"ListItem\",\"position\":2,\"name\":\"E-POOD\",\"item\":\"https:\/\/marevik.ee\/test\/epood\/\"},{\"@type\":\"ListItem\",\"position\":3,\"name\":\"PQ-1600s Brother\"}]},{\"@type\":\"WebSite\",\"@id\":\"https:\/\/marevik.ee\/test\/#website\",\"url\":\"https:\/\/marevik.ee\/test\/\",\"name\":\"Marevik O&Uuml;\",\"description\":\"&Otilde;mblusmasina asjatundja\",\"publisher\":{\"@id\":\"https:\/\/marevik.ee\/test\/#organization\"},\"potentialAction\":[{\"@type\":\"SearchAction\",\"target\":{\"@type\":\"EntryPoint\",\"urlTemplate\":\"https:\/\/marevik.ee\/test\/?s={search_term_string}\"},\"query-input\":{\"@type\":\"PropertyValueSpecification\",\"valueRequired\":true,\"valueName\":\"search_term_string\"}}],\"inLanguage\":\"en\"},{\"@type\":\"Organization\",\"@id\":\"https:\/\/marevik.ee\/test\/#organization\",\"name\":\"Marevik O&Uuml;\",\"url\":\"https:\/\/marevik.ee\/test\/\",\"logo\":{\"@type\":\"ImageObject\",\"inLanguage\":\"en\",\"@id\":\"https:\/\/marevik.ee\/test\/#\/schema\/logo\/image\/\",\"url\":\"https:\/\/marevik.ee\/test\/wp-content\/uploads\/2020\/02\/mblusmasina-asjatundja-1994_173x105_veebi_v-ike.jpg\",\"contentUrl\":\"https:\/\/marevik.ee\/test\/wp-content\/uploads\/2020\/02\/mblusmasina-asjatundja-1994_173x105_veebi_v-ike.jpg\",\"width\":173,\"height\":105,\"caption\":\"Marevik O&Uuml;\"},\"image\":{\"@id\":\"https:\/\/marevik.ee\/test\/#\/schema\/logo\/image\/\"}}]}<\/script>\n<!-- \/ Yoast SEO plugin. -->","yoast_head_json":{"title":"PQ-1600s Brother - Marevik O&Uuml;","description":"Brother PQ-1600S on elektrooniline joon\u00f5mblusmasin professionaalsele \u00f5mblejale. Hea uudis k\u00f5igile neile, kes peavad lugu \u00f5mbluse k\u00f5rgest kvaliteedist. Brother on teinud v\u00f5rreldes konkurentidega olulise sammu ning lisanud masinale painduva presstalla.","robots":{"index":"index","follow":"follow","max-snippet":"max-snippet:-1","max-image-preview":"max-image-preview:large","max-video-preview":"max-video-preview:-1"},"canonical":"https:\/\/marevik.ee\/test\/toode\/pq-1600s-brother\/","og_locale":"en_US","og_type":"article","og_title":"PQ-1600s Brother - Marevik O&Uuml;","og_description":"Brother PQ-1600S on elektrooniline joon\u00f5mblusmasin professionaalsele \u00f5mblejale. Hea uudis k\u00f5igile neile, kes peavad lugu \u00f5mbluse k\u00f5rgest kvaliteedist. Brother on teinud v\u00f5rreldes konkurentidega olulise sammu ning lisanud masinale painduva presstalla.","og_url":"https:\/\/marevik.ee\/test\/toode\/pq-1600s-brother\/","og_site_name":"Marevik O&Uuml;","article_modified_time":"2025-09-03T09:51:33+00:00","og_image":[{"width":1000,"height":1000,"url":"https:\/\/marevik.ee\/test\/wp-content\/uploads\/2024\/01\/PQ-1600s.jpg","type":"image\/jpeg"}],"twitter_card":"summary_large_image","twitter_misc":{"Est. reading time":"1 minute"},"schema":{"@context":"https:\/\/schema.org","@graph":[{"@type":"WebPage","@id":"https:\/\/marevik.ee\/test\/toode\/pq-1600s-brother\/","url":"https:\/\/marevik.ee\/test\/toode\/pq-1600s-brother\/","name":"PQ-1600s Brother - Marevik O&Uuml;","isPartOf":{"@id":"https:\/\/marevik.ee\/test\/#website"},"primaryImageOfPage":{"@id":"https:\/\/marevik.ee\/test\/toode\/pq-1600s-brother\/#primaryimage"},"image":{"@id":"https:\/\/marevik.ee\/test\/toode\/pq-1600s-brother\/#primaryimage"},"thumbnailUrl":"https:\/\/marevik.ee\/test\/wp-content\/uploads\/2024\/01\/PQ-1600s.jpg","datePublished":"2024-01-17T08:15:22+00:00","dateModified":"2025-09-03T09:51:33+00:00","description":"Brother PQ-1600S on elektrooniline joon\u00f5mblusmasin professionaalsele \u00f5mblejale. Hea uudis k\u00f5igile neile, kes peavad lugu \u00f5mbluse k\u00f5rgest kvaliteedist. Brother on teinud v\u00f5rreldes konkurentidega olulise sammu ning lisanud masinale painduva presstalla.","breadcrumb":{"@id":"https:\/\/marevik.ee\/test\/toode\/pq-1600s-brother\/#breadcrumb"},"inLanguage":"en","potentialAction":[{"@type":"ReadAction","target":["https:\/\/marevik.ee\/test\/toode\/pq-1600s-brother\/"]}]},{"@type":"ImageObject","inLanguage":"en","@id":"https:\/\/marevik.ee\/test\/toode\/pq-1600s-brother\/#primaryimage","url":"https:\/\/marevik.ee\/test\/wp-content\/uploads\/2024\/01\/PQ-1600s.jpg","contentUrl":"https:\/\/marevik.ee\/test\/wp-content\/uploads\/2024\/01\/PQ-1600s.jpg","width":1000,"height":1000},{"@type":"BreadcrumbList","@id":"https:\/\/marevik.ee\/test\/toode\/pq-1600s-brother\/#breadcrumb","itemListElement":[{"@type":"ListItem","position":1,"name":"Home","item":"https:\/\/marevik.ee\/test\/"},{"@type":"ListItem","position":2,"name":"E-POOD","item":"https:\/\/marevik.ee\/test\/epood\/"},{"@type":"ListItem","position":3,"name":"PQ-1600s Brother"}]},{"@type":"WebSite","@id":"https:\/\/marevik.ee\/test\/#website","url":"https:\/\/marevik.ee\/test\/","name":"Marevik O&Uuml;","description":"&Otilde;mblusmasina asjatundja","publisher":{"@id":"https:\/\/marevik.ee\/test\/#organization"},"potentialAction":[{"@type":"SearchAction","target":{"@type":"EntryPoint","urlTemplate":"https:\/\/marevik.ee\/test\/?s={search_term_string}"},"query-input":{"@type":"PropertyValueSpecification","valueRequired":true,"valueName":"search_term_string"}}],"inLanguage":"en"},{"@type":"Organization","@id":"https:\/\/marevik.ee\/test\/#organization","name":"Marevik O&Uuml;","url":"https:\/\/marevik.ee\/test\/","logo":{"@type":"ImageObject","inLanguage":"en","@id":"https:\/\/marevik.ee\/test\/#\/schema\/logo\/image\/","url":"https:\/\/marevik.ee\/test\/wp-content\/uploads\/2020\/02\/mblusmasina-asjatundja-1994_173x105_veebi_v-ike.jpg","contentUrl":"https:\/\/marevik.ee\/test\/wp-content\/uploads\/2020\/02\/mblusmasina-asjatundja-1994_173x105_veebi_v-ike.jpg","width":173,"height":105,"caption":"Marevik O&Uuml;"},"image":{"@id":"https:\/\/marevik.ee\/test\/#\/schema\/logo\/image\/"}}]}},"_links":{"self":[{"href":"https:\/\/marevik.ee\/test\/wp-json\/wp\/v2\/product\/15846","targetHints":{"allow":["GET"]}}],"collection":[{"href":"https:\/\/marevik.ee\/test\/wp-json\/wp\/v2\/product"}],"about":[{"href":"https:\/\/marevik.ee\/test\/wp-json\/wp\/v2\/types\/product"}],"wp:featuredmedia":[{"embeddable":true,"href":"https:\/\/marevik.ee\/test\/wp-json\/wp\/v2\/media\/15847"}],"wp:attachment":[{"href":"https:\/\/marevik.ee\/test\/wp-json\/wp\/v2\/media?parent=15846"}],"wp:term":[{"taxonomy":"product_brand","embeddable":true,"href":"https:\/\/marevik.ee\/test\/wp-json\/wp\/v2\/product_brand?post=15846"},{"taxonomy":"product_cat","embeddable":true,"href":"https:\/\/marevik.ee\/test\/wp-json\/wp\/v2\/product_cat?post=15846"},{"taxonomy":"product_tag","embeddable":true,"href":"https:\/\/marevik.ee\/test\/wp-json\/wp\/v2\/product_tag?post=15846"}],"curies":[{"name":"wp","href":"https:\/\/api.w.org\/{rel}","templated":true}]}}