{"id":16023,"date":"2024-03-28T13:20:55","date_gmt":"2024-03-28T13:20:55","guid":{"rendered":"https:\/\/marevik.ee\/test\/?post_type=product&#038;p=16023"},"modified":"2024-12-02T07:45:36","modified_gmt":"2024-12-02T07:45:36","slug":"kaarid-kai-7250","status":"publish","type":"product","link":"https:\/\/marevik.ee\/test\/toode\/kaarid-kai-7250\/","title":{"rendered":"K\u00e4\u00e4rid Kai 7250"},"content":{"rendered":"","protected":false},"excerpt":{"rendered":"<p>KAI 7250 \u2013 25cm professionaalsed kangak\u00e4\u00e4rid \u00f5mblejale. Sobibivad ideaalselt paksemate ja raskemate kangaste l\u00f5ikamiseks. 25cm k\u00e4\u00e4re peetakse ideaalseks pikkuseks enamiku \u00f5mblushuviliste jaoks. 7000 Professional seeria, sealhulgas 7250, on valmistatud k\u00f5rge s\u00fcsinikusisaldusega karastatud roostevabast terasest. S\u00fcsiniku lisamine v\u00f5imaldab j\u00e4rsemat l\u00f5ikenurka, andes k\u00e4\u00e4ride terale teravama ja peenema serva. S\u00fcsinik v\u00f5imaldab l\u00f5iketeral kauem vastu pidada. See annab 7000-seeriale parema v\u00f5imaluse l\u00f5igata paksemaid kangaid. <\/p>\n","protected":false},"featured_media":16052,"template":"","meta":{"site-sidebar-layout":"default","site-content-layout":"default","ast-site-content-layout":"","site-content-style":"default","site-sidebar-style":"default","ast-global-header-display":"","ast-banner-title-visibility":"","ast-main-header-display":"","ast-hfb-above-header-display":"","ast-hfb-below-header-display":"","ast-hfb-mobile-header-display":"","site-post-title":"","ast-breadcrumbs-content":"","ast-featured-img":"","footer-sml-layout":"","theme-transparent-header-meta":"default","adv-header-id-meta":"","stick-header-meta":"","header-above-stick-meta":"","header-main-stick-meta":"","header-below-stick-meta":"","astra-migrate-meta-layouts":"default","ast-page-background-enabled":"default","ast-page-background-meta":{"desktop":{"background-color":"","background-image":"","background-repeat":"repeat","background-position":"center center","background-size":"auto","background-attachment":"scroll","background-type":"","background-media":"","overlay-type":"","overlay-color":"","overlay-opacity":"","overlay-gradient":""},"tablet":{"background-color":"","background-image":"","background-repeat":"repeat","background-position":"center center","background-size":"auto","background-attachment":"scroll","background-type":"","background-media":"","overlay-type":"","overlay-color":"","overlay-opacity":"","overlay-gradient":""},"mobile":{"background-color":"","background-image":"","background-repeat":"repeat","background-position":"center center","background-size":"auto","background-attachment":"scroll","background-type":"","background-media":"","overlay-type":"","overlay-color":"","overlay-opacity":"","overlay-gradient":""}},"ast-content-background-meta":{"desktop":{"background-color":"var(--ast-global-color-5)","background-image":"","background-repeat":"repeat","background-position":"center center","background-size":"auto","background-attachment":"scroll","background-type":"","background-media":"","overlay-type":"","overlay-color":"","overlay-opacity":"","overlay-gradient":""},"tablet":{"background-color":"var(--ast-global-color-5)","background-image":"","background-repeat":"repeat","background-position":"center center","background-size":"auto","background-attachment":"scroll","background-type":"","background-media":"","overlay-type":"","overlay-color":"","overlay-opacity":"","overlay-gradient":""},"mobile":{"background-color":"var(--ast-global-color-5)","background-image":"","background-repeat":"repeat","background-position":"center center","background-size":"auto","background-attachment":"scroll","background-type":"","background-media":"","overlay-type":"","overlay-color":"","overlay-opacity":"","overlay-gradient":""}}},"product_brand":[],"product_cat":[127,66],"product_tag":[128],"class_list":{"0":"post-16023","1":"product","2":"type-product","3":"status-publish","4":"has-post-thumbnail","6":"product_cat-kaarid","7":"product_cat-lisatarvikud","8":"product_tag-kai","9":"desktop-align-left","10":"tablet-align-left","11":"mobile-align-left","13":"first","14":"instock","15":"taxable","16":"shipping-taxable","17":"purchasable","18":"product-type-simple"},"yoast_head":"<!-- This site is optimized with the Yoast SEO plugin v26.1.1 - https:\/\/yoast.com\/wordpress\/plugins\/seo\/ -->\n<title>K\u00e4\u00e4rid KAI 7250 \u2013 25cm professionaalsed kangak\u00e4\u00e4rid \u00f5mblejale<\/title>\n<meta name=\"description\" content=\"KAI 7250 \u2013 25cm professionaalsed kangak\u00e4\u00e4rid \u00f5mblejale. Sobibivad ideaalselt paksemate ja raskemate kangaste l\u00f5ikamiseks.\" \/>\n<meta name=\"robots\" content=\"index, follow, max-snippet:-1, max-image-preview:large, max-video-preview:-1\" \/>\n<link rel=\"canonical\" href=\"https:\/\/marevik.ee\/test\/toode\/kaarid-kai-7250\/\" \/>\n<meta property=\"og:locale\" content=\"en_US\" \/>\n<meta property=\"og:type\" content=\"article\" \/>\n<meta property=\"og:title\" content=\"K\u00e4\u00e4rid KAI 7250 \u2013 25cm professionaalsed kangak\u00e4\u00e4rid \u00f5mblejale\" \/>\n<meta property=\"og:description\" content=\"KAI 7250 \u2013 25cm professionaalsed kangak\u00e4\u00e4rid \u00f5mblejale. Sobibivad ideaalselt paksemate ja raskemate kangaste l\u00f5ikamiseks.\" \/>\n<meta property=\"og:url\" content=\"https:\/\/marevik.ee\/test\/toode\/kaarid-kai-7250\/\" \/>\n<meta property=\"og:site_name\" content=\"Marevik O&Uuml;\" \/>\n<meta property=\"article:modified_time\" content=\"2024-12-02T07:45:36+00:00\" \/>\n<meta property=\"og:image\" content=\"https:\/\/marevik.ee\/test\/wp-content\/uploads\/2024\/03\/7250@2x.png\" \/>\n\t<meta property=\"og:image:width\" content=\"1462\" \/>\n\t<meta property=\"og:image:height\" content=\"2000\" \/>\n\t<meta property=\"og:image:type\" content=\"image\/png\" \/>\n<meta name=\"twitter:card\" content=\"summary_large_image\" \/>\n<meta name=\"twitter:label1\" content=\"Est. reading time\" \/>\n\t<meta name=\"twitter:data1\" content=\"1 minute\" \/>\n<script type=\"application\/ld+json\" class=\"yoast-schema-graph\">{\"@context\":\"https:\/\/schema.org\",\"@graph\":[{\"@type\":\"WebPage\",\"@id\":\"https:\/\/marevik.ee\/test\/toode\/kaarid-kai-7250\/\",\"url\":\"https:\/\/marevik.ee\/test\/toode\/kaarid-kai-7250\/\",\"name\":\"K\u00e4\u00e4rid KAI 7250 \u2013 25cm professionaalsed kangak\u00e4\u00e4rid \u00f5mblejale\",\"isPartOf\":{\"@id\":\"https:\/\/marevik.ee\/test\/#website\"},\"primaryImageOfPage\":{\"@id\":\"https:\/\/marevik.ee\/test\/toode\/kaarid-kai-7250\/#primaryimage\"},\"image\":{\"@id\":\"https:\/\/marevik.ee\/test\/toode\/kaarid-kai-7250\/#primaryimage\"},\"thumbnailUrl\":\"https:\/\/marevik.ee\/test\/wp-content\/uploads\/2024\/03\/7250@2x.png\",\"datePublished\":\"2024-03-28T13:20:55+00:00\",\"dateModified\":\"2024-12-02T07:45:36+00:00\",\"description\":\"KAI 7250 \u2013 25cm professionaalsed kangak\u00e4\u00e4rid \u00f5mblejale. Sobibivad ideaalselt paksemate ja raskemate kangaste l\u00f5ikamiseks.\",\"breadcrumb\":{\"@id\":\"https:\/\/marevik.ee\/test\/toode\/kaarid-kai-7250\/#breadcrumb\"},\"inLanguage\":\"en\",\"potentialAction\":[{\"@type\":\"ReadAction\",\"target\":[\"https:\/\/marevik.ee\/test\/toode\/kaarid-kai-7250\/\"]}]},{\"@type\":\"ImageObject\",\"inLanguage\":\"en\",\"@id\":\"https:\/\/marevik.ee\/test\/toode\/kaarid-kai-7250\/#primaryimage\",\"url\":\"https:\/\/marevik.ee\/test\/wp-content\/uploads\/2024\/03\/7250@2x.png\",\"contentUrl\":\"https:\/\/marevik.ee\/test\/wp-content\/uploads\/2024\/03\/7250@2x.png\",\"width\":1462,\"height\":2000},{\"@type\":\"BreadcrumbList\",\"@id\":\"https:\/\/marevik.ee\/test\/toode\/kaarid-kai-7250\/#breadcrumb\",\"itemListElement\":[{\"@type\":\"ListItem\",\"position\":1,\"name\":\"Home\",\"item\":\"https:\/\/marevik.ee\/test\/\"},{\"@type\":\"ListItem\",\"position\":2,\"name\":\"E-POOD\",\"item\":\"https:\/\/marevik.ee\/test\/epood\/\"},{\"@type\":\"ListItem\",\"position\":3,\"name\":\"K\u00e4\u00e4rid Kai 7250\"}]},{\"@type\":\"WebSite\",\"@id\":\"https:\/\/marevik.ee\/test\/#website\",\"url\":\"https:\/\/marevik.ee\/test\/\",\"name\":\"Marevik O&Uuml;\",\"description\":\"&Otilde;mblusmasina asjatundja\",\"publisher\":{\"@id\":\"https:\/\/marevik.ee\/test\/#organization\"},\"potentialAction\":[{\"@type\":\"SearchAction\",\"target\":{\"@type\":\"EntryPoint\",\"urlTemplate\":\"https:\/\/marevik.ee\/test\/?s={search_term_string}\"},\"query-input\":{\"@type\":\"PropertyValueSpecification\",\"valueRequired\":true,\"valueName\":\"search_term_string\"}}],\"inLanguage\":\"en\"},{\"@type\":\"Organization\",\"@id\":\"https:\/\/marevik.ee\/test\/#organization\",\"name\":\"Marevik O&Uuml;\",\"url\":\"https:\/\/marevik.ee\/test\/\",\"logo\":{\"@type\":\"ImageObject\",\"inLanguage\":\"en\",\"@id\":\"https:\/\/marevik.ee\/test\/#\/schema\/logo\/image\/\",\"url\":\"https:\/\/marevik.ee\/test\/wp-content\/uploads\/2020\/02\/mblusmasina-asjatundja-1994_173x105_veebi_v-ike.jpg\",\"contentUrl\":\"https:\/\/marevik.ee\/test\/wp-content\/uploads\/2020\/02\/mblusmasina-asjatundja-1994_173x105_veebi_v-ike.jpg\",\"width\":173,\"height\":105,\"caption\":\"Marevik O&Uuml;\"},\"image\":{\"@id\":\"https:\/\/marevik.ee\/test\/#\/schema\/logo\/image\/\"}}]}<\/script>\n<!-- \/ Yoast SEO plugin. -->","yoast_head_json":{"title":"K\u00e4\u00e4rid KAI 7250 \u2013 25cm professionaalsed kangak\u00e4\u00e4rid \u00f5mblejale","description":"KAI 7250 \u2013 25cm professionaalsed kangak\u00e4\u00e4rid \u00f5mblejale. Sobibivad ideaalselt paksemate ja raskemate kangaste l\u00f5ikamiseks.","robots":{"index":"index","follow":"follow","max-snippet":"max-snippet:-1","max-image-preview":"max-image-preview:large","max-video-preview":"max-video-preview:-1"},"canonical":"https:\/\/marevik.ee\/test\/toode\/kaarid-kai-7250\/","og_locale":"en_US","og_type":"article","og_title":"K\u00e4\u00e4rid KAI 7250 \u2013 25cm professionaalsed kangak\u00e4\u00e4rid \u00f5mblejale","og_description":"KAI 7250 \u2013 25cm professionaalsed kangak\u00e4\u00e4rid \u00f5mblejale. Sobibivad ideaalselt paksemate ja raskemate kangaste l\u00f5ikamiseks.","og_url":"https:\/\/marevik.ee\/test\/toode\/kaarid-kai-7250\/","og_site_name":"Marevik O&Uuml;","article_modified_time":"2024-12-02T07:45:36+00:00","og_image":[{"width":1462,"height":2000,"url":"https:\/\/marevik.ee\/test\/wp-content\/uploads\/2024\/03\/7250@2x.png","type":"image\/png"}],"twitter_card":"summary_large_image","twitter_misc":{"Est. reading time":"1 minute"},"schema":{"@context":"https:\/\/schema.org","@graph":[{"@type":"WebPage","@id":"https:\/\/marevik.ee\/test\/toode\/kaarid-kai-7250\/","url":"https:\/\/marevik.ee\/test\/toode\/kaarid-kai-7250\/","name":"K\u00e4\u00e4rid KAI 7250 \u2013 25cm professionaalsed kangak\u00e4\u00e4rid \u00f5mblejale","isPartOf":{"@id":"https:\/\/marevik.ee\/test\/#website"},"primaryImageOfPage":{"@id":"https:\/\/marevik.ee\/test\/toode\/kaarid-kai-7250\/#primaryimage"},"image":{"@id":"https:\/\/marevik.ee\/test\/toode\/kaarid-kai-7250\/#primaryimage"},"thumbnailUrl":"https:\/\/marevik.ee\/test\/wp-content\/uploads\/2024\/03\/7250@2x.png","datePublished":"2024-03-28T13:20:55+00:00","dateModified":"2024-12-02T07:45:36+00:00","description":"KAI 7250 \u2013 25cm professionaalsed kangak\u00e4\u00e4rid \u00f5mblejale. Sobibivad ideaalselt paksemate ja raskemate kangaste l\u00f5ikamiseks.","breadcrumb":{"@id":"https:\/\/marevik.ee\/test\/toode\/kaarid-kai-7250\/#breadcrumb"},"inLanguage":"en","potentialAction":[{"@type":"ReadAction","target":["https:\/\/marevik.ee\/test\/toode\/kaarid-kai-7250\/"]}]},{"@type":"ImageObject","inLanguage":"en","@id":"https:\/\/marevik.ee\/test\/toode\/kaarid-kai-7250\/#primaryimage","url":"https:\/\/marevik.ee\/test\/wp-content\/uploads\/2024\/03\/7250@2x.png","contentUrl":"https:\/\/marevik.ee\/test\/wp-content\/uploads\/2024\/03\/7250@2x.png","width":1462,"height":2000},{"@type":"BreadcrumbList","@id":"https:\/\/marevik.ee\/test\/toode\/kaarid-kai-7250\/#breadcrumb","itemListElement":[{"@type":"ListItem","position":1,"name":"Home","item":"https:\/\/marevik.ee\/test\/"},{"@type":"ListItem","position":2,"name":"E-POOD","item":"https:\/\/marevik.ee\/test\/epood\/"},{"@type":"ListItem","position":3,"name":"K\u00e4\u00e4rid Kai 7250"}]},{"@type":"WebSite","@id":"https:\/\/marevik.ee\/test\/#website","url":"https:\/\/marevik.ee\/test\/","name":"Marevik O&Uuml;","description":"&Otilde;mblusmasina asjatundja","publisher":{"@id":"https:\/\/marevik.ee\/test\/#organization"},"potentialAction":[{"@type":"SearchAction","target":{"@type":"EntryPoint","urlTemplate":"https:\/\/marevik.ee\/test\/?s={search_term_string}"},"query-input":{"@type":"PropertyValueSpecification","valueRequired":true,"valueName":"search_term_string"}}],"inLanguage":"en"},{"@type":"Organization","@id":"https:\/\/marevik.ee\/test\/#organization","name":"Marevik O&Uuml;","url":"https:\/\/marevik.ee\/test\/","logo":{"@type":"ImageObject","inLanguage":"en","@id":"https:\/\/marevik.ee\/test\/#\/schema\/logo\/image\/","url":"https:\/\/marevik.ee\/test\/wp-content\/uploads\/2020\/02\/mblusmasina-asjatundja-1994_173x105_veebi_v-ike.jpg","contentUrl":"https:\/\/marevik.ee\/test\/wp-content\/uploads\/2020\/02\/mblusmasina-asjatundja-1994_173x105_veebi_v-ike.jpg","width":173,"height":105,"caption":"Marevik O&Uuml;"},"image":{"@id":"https:\/\/marevik.ee\/test\/#\/schema\/logo\/image\/"}}]}},"_links":{"self":[{"href":"https:\/\/marevik.ee\/test\/wp-json\/wp\/v2\/product\/16023","targetHints":{"allow":["GET"]}}],"collection":[{"href":"https:\/\/marevik.ee\/test\/wp-json\/wp\/v2\/product"}],"about":[{"href":"https:\/\/marevik.ee\/test\/wp-json\/wp\/v2\/types\/product"}],"wp:featuredmedia":[{"embeddable":true,"href":"https:\/\/marevik.ee\/test\/wp-json\/wp\/v2\/media\/16052"}],"wp:attachment":[{"href":"https:\/\/marevik.ee\/test\/wp-json\/wp\/v2\/media?parent=16023"}],"wp:term":[{"taxonomy":"product_brand","embeddable":true,"href":"https:\/\/marevik.ee\/test\/wp-json\/wp\/v2\/product_brand?post=16023"},{"taxonomy":"product_cat","embeddable":true,"href":"https:\/\/marevik.ee\/test\/wp-json\/wp\/v2\/product_cat?post=16023"},{"taxonomy":"product_tag","embeddable":true,"href":"https:\/\/marevik.ee\/test\/wp-json\/wp\/v2\/product_tag?post=16023"}],"curies":[{"name":"wp","href":"https:\/\/api.w.org\/{rel}","templated":true}]}}