{"id":16053,"date":"2024-04-01T08:53:56","date_gmt":"2024-04-01T08:53:56","guid":{"rendered":"https:\/\/marevik.ee\/test\/?post_type=product&#038;p=16053"},"modified":"2024-12-02T07:45:07","modified_gmt":"2024-12-02T07:45:07","slug":"kaarid-kai-n5250","status":"publish","type":"product","link":"https:\/\/marevik.ee\/test\/toode\/kaarid-kai-n5250\/","title":{"rendered":"K\u00e4\u00e4rid Kai N5250"},"content":{"rendered":"","protected":false},"excerpt":{"rendered":"<p>K\u00e4\u00e4rid Kai N5250 \u2013 25cm k\u00e4\u00e4ridel on ergonoomiliselt pehmed k\u00e4epidemed, mis v\u00f5imaldavad k\u00e4el v\u00e4simatult l\u00f5igata igat t\u00fc\u00fcpi kangast. Tugevad l\u00f5iketerad v\u00f5imsaks l\u00f5ikeks. Suuremad k\u00e4epidemed, mis v\u00e4hendavad pinget, et tagada v\u00e4simusvaba l\u00f5ikamist.25cm k\u00e4\u00e4re peetakse ideaalseks pikkuseks enamiku \u00f5mblushuviliste jaoks. Kai 5000 seeria k\u00e4\u00e4rid on valmistatud karastatud roostevabast terasest.<\/p>\n","protected":false},"featured_media":16054,"template":"","meta":{"site-sidebar-layout":"default","site-content-layout":"default","ast-site-content-layout":"","site-content-style":"default","site-sidebar-style":"default","ast-global-header-display":"","ast-banner-title-visibility":"","ast-main-header-display":"","ast-hfb-above-header-display":"","ast-hfb-below-header-display":"","ast-hfb-mobile-header-display":"","site-post-title":"","ast-breadcrumbs-content":"","ast-featured-img":"","footer-sml-layout":"","theme-transparent-header-meta":"default","adv-header-id-meta":"","stick-header-meta":"","header-above-stick-meta":"","header-main-stick-meta":"","header-below-stick-meta":"","astra-migrate-meta-layouts":"default","ast-page-background-enabled":"default","ast-page-background-meta":{"desktop":{"background-color":"","background-image":"","background-repeat":"repeat","background-position":"center center","background-size":"auto","background-attachment":"scroll","background-type":"","background-media":"","overlay-type":"","overlay-color":"","overlay-opacity":"","overlay-gradient":""},"tablet":{"background-color":"","background-image":"","background-repeat":"repeat","background-position":"center center","background-size":"auto","background-attachment":"scroll","background-type":"","background-media":"","overlay-type":"","overlay-color":"","overlay-opacity":"","overlay-gradient":""},"mobile":{"background-color":"","background-image":"","background-repeat":"repeat","background-position":"center center","background-size":"auto","background-attachment":"scroll","background-type":"","background-media":"","overlay-type":"","overlay-color":"","overlay-opacity":"","overlay-gradient":""}},"ast-content-background-meta":{"desktop":{"background-color":"var(--ast-global-color-5)","background-image":"","background-repeat":"repeat","background-position":"center center","background-size":"auto","background-attachment":"scroll","background-type":"","background-media":"","overlay-type":"","overlay-color":"","overlay-opacity":"","overlay-gradient":""},"tablet":{"background-color":"var(--ast-global-color-5)","background-image":"","background-repeat":"repeat","background-position":"center center","background-size":"auto","background-attachment":"scroll","background-type":"","background-media":"","overlay-type":"","overlay-color":"","overlay-opacity":"","overlay-gradient":""},"mobile":{"background-color":"var(--ast-global-color-5)","background-image":"","background-repeat":"repeat","background-position":"center center","background-size":"auto","background-attachment":"scroll","background-type":"","background-media":"","overlay-type":"","overlay-color":"","overlay-opacity":"","overlay-gradient":""}}},"product_brand":[],"product_cat":[127,66],"product_tag":[128],"class_list":{"0":"post-16053","1":"product","2":"type-product","3":"status-publish","4":"has-post-thumbnail","6":"product_cat-kaarid","7":"product_cat-lisatarvikud","8":"product_tag-kai","9":"desktop-align-left","10":"tablet-align-left","11":"mobile-align-left","13":"first","14":"instock","15":"taxable","16":"shipping-taxable","17":"purchasable","18":"product-type-simple"},"yoast_head":"<!-- This site is optimized with the Yoast SEO plugin v26.1.1 - https:\/\/yoast.com\/wordpress\/plugins\/seo\/ -->\n<title>K\u00e4\u00e4rid Kai N5250 - Marevik O&Uuml;<\/title>\n<meta name=\"description\" content=\"K\u00e4\u00e4rid Kai N5250 \u2013 25cm k\u00e4\u00e4ridel on ergonoomiliselt pehmed k\u00e4epidemed, mis v\u00f5imaldavad k\u00e4el v\u00e4simatult l\u00f5igata igat t\u00fc\u00fcpi kangast. Tugevad l\u00f5iketerad v\u00f5imsaks l\u00f5ikeks. Suuremad k\u00e4epidemed, mis v\u00e4hendavad pinget, et tagada v\u00e4simusvaba l\u00f5ikamist. Kai 5000 seeria k\u00e4\u00e4rid on valmistatud karastatud roostevabast terasest.\" \/>\n<meta name=\"robots\" content=\"index, follow, max-snippet:-1, max-image-preview:large, max-video-preview:-1\" \/>\n<link rel=\"canonical\" href=\"https:\/\/marevik.ee\/test\/toode\/kaarid-kai-n5250\/\" \/>\n<meta property=\"og:locale\" content=\"en_US\" \/>\n<meta property=\"og:type\" content=\"article\" \/>\n<meta property=\"og:title\" content=\"K\u00e4\u00e4rid Kai N5250 - Marevik O&Uuml;\" \/>\n<meta property=\"og:description\" content=\"K\u00e4\u00e4rid Kai N5250 \u2013 25cm k\u00e4\u00e4ridel on ergonoomiliselt pehmed k\u00e4epidemed, mis v\u00f5imaldavad k\u00e4el v\u00e4simatult l\u00f5igata igat t\u00fc\u00fcpi kangast. Tugevad l\u00f5iketerad v\u00f5imsaks l\u00f5ikeks. Suuremad k\u00e4epidemed, mis v\u00e4hendavad pinget, et tagada v\u00e4simusvaba l\u00f5ikamist. Kai 5000 seeria k\u00e4\u00e4rid on valmistatud karastatud roostevabast terasest.\" \/>\n<meta property=\"og:url\" content=\"https:\/\/marevik.ee\/test\/toode\/kaarid-kai-n5250\/\" \/>\n<meta property=\"og:site_name\" content=\"Marevik O&Uuml;\" \/>\n<meta property=\"article:modified_time\" content=\"2024-12-02T07:45:07+00:00\" \/>\n<meta property=\"og:image\" content=\"https:\/\/marevik.ee\/test\/wp-content\/uploads\/2024\/04\/n5250@2x.png\" \/>\n\t<meta property=\"og:image:width\" content=\"1462\" \/>\n\t<meta property=\"og:image:height\" content=\"2000\" \/>\n\t<meta property=\"og:image:type\" content=\"image\/png\" \/>\n<meta name=\"twitter:card\" content=\"summary_large_image\" \/>\n<meta name=\"twitter:label1\" content=\"Est. reading time\" \/>\n\t<meta name=\"twitter:data1\" content=\"1 minute\" \/>\n<script type=\"application\/ld+json\" class=\"yoast-schema-graph\">{\"@context\":\"https:\/\/schema.org\",\"@graph\":[{\"@type\":\"WebPage\",\"@id\":\"https:\/\/marevik.ee\/test\/toode\/kaarid-kai-n5250\/\",\"url\":\"https:\/\/marevik.ee\/test\/toode\/kaarid-kai-n5250\/\",\"name\":\"K\u00e4\u00e4rid Kai N5250 - Marevik O&Uuml;\",\"isPartOf\":{\"@id\":\"https:\/\/marevik.ee\/test\/#website\"},\"primaryImageOfPage\":{\"@id\":\"https:\/\/marevik.ee\/test\/toode\/kaarid-kai-n5250\/#primaryimage\"},\"image\":{\"@id\":\"https:\/\/marevik.ee\/test\/toode\/kaarid-kai-n5250\/#primaryimage\"},\"thumbnailUrl\":\"https:\/\/marevik.ee\/test\/wp-content\/uploads\/2024\/04\/n5250@2x.png\",\"datePublished\":\"2024-04-01T08:53:56+00:00\",\"dateModified\":\"2024-12-02T07:45:07+00:00\",\"description\":\"K\u00e4\u00e4rid Kai N5250 \u2013 25cm k\u00e4\u00e4ridel on ergonoomiliselt pehmed k\u00e4epidemed, mis v\u00f5imaldavad k\u00e4el v\u00e4simatult l\u00f5igata igat t\u00fc\u00fcpi kangast. Tugevad l\u00f5iketerad v\u00f5imsaks l\u00f5ikeks. Suuremad k\u00e4epidemed, mis v\u00e4hendavad pinget, et tagada v\u00e4simusvaba l\u00f5ikamist. Kai 5000 seeria k\u00e4\u00e4rid on valmistatud karastatud roostevabast terasest.\",\"breadcrumb\":{\"@id\":\"https:\/\/marevik.ee\/test\/toode\/kaarid-kai-n5250\/#breadcrumb\"},\"inLanguage\":\"en\",\"potentialAction\":[{\"@type\":\"ReadAction\",\"target\":[\"https:\/\/marevik.ee\/test\/toode\/kaarid-kai-n5250\/\"]}]},{\"@type\":\"ImageObject\",\"inLanguage\":\"en\",\"@id\":\"https:\/\/marevik.ee\/test\/toode\/kaarid-kai-n5250\/#primaryimage\",\"url\":\"https:\/\/marevik.ee\/test\/wp-content\/uploads\/2024\/04\/n5250@2x.png\",\"contentUrl\":\"https:\/\/marevik.ee\/test\/wp-content\/uploads\/2024\/04\/n5250@2x.png\",\"width\":1462,\"height\":2000},{\"@type\":\"BreadcrumbList\",\"@id\":\"https:\/\/marevik.ee\/test\/toode\/kaarid-kai-n5250\/#breadcrumb\",\"itemListElement\":[{\"@type\":\"ListItem\",\"position\":1,\"name\":\"Home\",\"item\":\"https:\/\/marevik.ee\/test\/\"},{\"@type\":\"ListItem\",\"position\":2,\"name\":\"E-POOD\",\"item\":\"https:\/\/marevik.ee\/test\/epood\/\"},{\"@type\":\"ListItem\",\"position\":3,\"name\":\"K\u00e4\u00e4rid Kai N5250\"}]},{\"@type\":\"WebSite\",\"@id\":\"https:\/\/marevik.ee\/test\/#website\",\"url\":\"https:\/\/marevik.ee\/test\/\",\"name\":\"Marevik O&Uuml;\",\"description\":\"&Otilde;mblusmasina asjatundja\",\"publisher\":{\"@id\":\"https:\/\/marevik.ee\/test\/#organization\"},\"potentialAction\":[{\"@type\":\"SearchAction\",\"target\":{\"@type\":\"EntryPoint\",\"urlTemplate\":\"https:\/\/marevik.ee\/test\/?s={search_term_string}\"},\"query-input\":{\"@type\":\"PropertyValueSpecification\",\"valueRequired\":true,\"valueName\":\"search_term_string\"}}],\"inLanguage\":\"en\"},{\"@type\":\"Organization\",\"@id\":\"https:\/\/marevik.ee\/test\/#organization\",\"name\":\"Marevik O&Uuml;\",\"url\":\"https:\/\/marevik.ee\/test\/\",\"logo\":{\"@type\":\"ImageObject\",\"inLanguage\":\"en\",\"@id\":\"https:\/\/marevik.ee\/test\/#\/schema\/logo\/image\/\",\"url\":\"https:\/\/marevik.ee\/test\/wp-content\/uploads\/2020\/02\/mblusmasina-asjatundja-1994_173x105_veebi_v-ike.jpg\",\"contentUrl\":\"https:\/\/marevik.ee\/test\/wp-content\/uploads\/2020\/02\/mblusmasina-asjatundja-1994_173x105_veebi_v-ike.jpg\",\"width\":173,\"height\":105,\"caption\":\"Marevik O&Uuml;\"},\"image\":{\"@id\":\"https:\/\/marevik.ee\/test\/#\/schema\/logo\/image\/\"}}]}<\/script>\n<!-- \/ Yoast SEO plugin. -->","yoast_head_json":{"title":"K\u00e4\u00e4rid Kai N5250 - Marevik O&Uuml;","description":"K\u00e4\u00e4rid Kai N5250 \u2013 25cm k\u00e4\u00e4ridel on ergonoomiliselt pehmed k\u00e4epidemed, mis v\u00f5imaldavad k\u00e4el v\u00e4simatult l\u00f5igata igat t\u00fc\u00fcpi kangast. Tugevad l\u00f5iketerad v\u00f5imsaks l\u00f5ikeks. Suuremad k\u00e4epidemed, mis v\u00e4hendavad pinget, et tagada v\u00e4simusvaba l\u00f5ikamist. Kai 5000 seeria k\u00e4\u00e4rid on valmistatud karastatud roostevabast terasest.","robots":{"index":"index","follow":"follow","max-snippet":"max-snippet:-1","max-image-preview":"max-image-preview:large","max-video-preview":"max-video-preview:-1"},"canonical":"https:\/\/marevik.ee\/test\/toode\/kaarid-kai-n5250\/","og_locale":"en_US","og_type":"article","og_title":"K\u00e4\u00e4rid Kai N5250 - Marevik O&Uuml;","og_description":"K\u00e4\u00e4rid Kai N5250 \u2013 25cm k\u00e4\u00e4ridel on ergonoomiliselt pehmed k\u00e4epidemed, mis v\u00f5imaldavad k\u00e4el v\u00e4simatult l\u00f5igata igat t\u00fc\u00fcpi kangast. Tugevad l\u00f5iketerad v\u00f5imsaks l\u00f5ikeks. Suuremad k\u00e4epidemed, mis v\u00e4hendavad pinget, et tagada v\u00e4simusvaba l\u00f5ikamist. Kai 5000 seeria k\u00e4\u00e4rid on valmistatud karastatud roostevabast terasest.","og_url":"https:\/\/marevik.ee\/test\/toode\/kaarid-kai-n5250\/","og_site_name":"Marevik O&Uuml;","article_modified_time":"2024-12-02T07:45:07+00:00","og_image":[{"width":1462,"height":2000,"url":"https:\/\/marevik.ee\/test\/wp-content\/uploads\/2024\/04\/n5250@2x.png","type":"image\/png"}],"twitter_card":"summary_large_image","twitter_misc":{"Est. reading time":"1 minute"},"schema":{"@context":"https:\/\/schema.org","@graph":[{"@type":"WebPage","@id":"https:\/\/marevik.ee\/test\/toode\/kaarid-kai-n5250\/","url":"https:\/\/marevik.ee\/test\/toode\/kaarid-kai-n5250\/","name":"K\u00e4\u00e4rid Kai N5250 - Marevik O&Uuml;","isPartOf":{"@id":"https:\/\/marevik.ee\/test\/#website"},"primaryImageOfPage":{"@id":"https:\/\/marevik.ee\/test\/toode\/kaarid-kai-n5250\/#primaryimage"},"image":{"@id":"https:\/\/marevik.ee\/test\/toode\/kaarid-kai-n5250\/#primaryimage"},"thumbnailUrl":"https:\/\/marevik.ee\/test\/wp-content\/uploads\/2024\/04\/n5250@2x.png","datePublished":"2024-04-01T08:53:56+00:00","dateModified":"2024-12-02T07:45:07+00:00","description":"K\u00e4\u00e4rid Kai N5250 \u2013 25cm k\u00e4\u00e4ridel on ergonoomiliselt pehmed k\u00e4epidemed, mis v\u00f5imaldavad k\u00e4el v\u00e4simatult l\u00f5igata igat t\u00fc\u00fcpi kangast. Tugevad l\u00f5iketerad v\u00f5imsaks l\u00f5ikeks. Suuremad k\u00e4epidemed, mis v\u00e4hendavad pinget, et tagada v\u00e4simusvaba l\u00f5ikamist. Kai 5000 seeria k\u00e4\u00e4rid on valmistatud karastatud roostevabast terasest.","breadcrumb":{"@id":"https:\/\/marevik.ee\/test\/toode\/kaarid-kai-n5250\/#breadcrumb"},"inLanguage":"en","potentialAction":[{"@type":"ReadAction","target":["https:\/\/marevik.ee\/test\/toode\/kaarid-kai-n5250\/"]}]},{"@type":"ImageObject","inLanguage":"en","@id":"https:\/\/marevik.ee\/test\/toode\/kaarid-kai-n5250\/#primaryimage","url":"https:\/\/marevik.ee\/test\/wp-content\/uploads\/2024\/04\/n5250@2x.png","contentUrl":"https:\/\/marevik.ee\/test\/wp-content\/uploads\/2024\/04\/n5250@2x.png","width":1462,"height":2000},{"@type":"BreadcrumbList","@id":"https:\/\/marevik.ee\/test\/toode\/kaarid-kai-n5250\/#breadcrumb","itemListElement":[{"@type":"ListItem","position":1,"name":"Home","item":"https:\/\/marevik.ee\/test\/"},{"@type":"ListItem","position":2,"name":"E-POOD","item":"https:\/\/marevik.ee\/test\/epood\/"},{"@type":"ListItem","position":3,"name":"K\u00e4\u00e4rid Kai N5250"}]},{"@type":"WebSite","@id":"https:\/\/marevik.ee\/test\/#website","url":"https:\/\/marevik.ee\/test\/","name":"Marevik O&Uuml;","description":"&Otilde;mblusmasina asjatundja","publisher":{"@id":"https:\/\/marevik.ee\/test\/#organization"},"potentialAction":[{"@type":"SearchAction","target":{"@type":"EntryPoint","urlTemplate":"https:\/\/marevik.ee\/test\/?s={search_term_string}"},"query-input":{"@type":"PropertyValueSpecification","valueRequired":true,"valueName":"search_term_string"}}],"inLanguage":"en"},{"@type":"Organization","@id":"https:\/\/marevik.ee\/test\/#organization","name":"Marevik O&Uuml;","url":"https:\/\/marevik.ee\/test\/","logo":{"@type":"ImageObject","inLanguage":"en","@id":"https:\/\/marevik.ee\/test\/#\/schema\/logo\/image\/","url":"https:\/\/marevik.ee\/test\/wp-content\/uploads\/2020\/02\/mblusmasina-asjatundja-1994_173x105_veebi_v-ike.jpg","contentUrl":"https:\/\/marevik.ee\/test\/wp-content\/uploads\/2020\/02\/mblusmasina-asjatundja-1994_173x105_veebi_v-ike.jpg","width":173,"height":105,"caption":"Marevik O&Uuml;"},"image":{"@id":"https:\/\/marevik.ee\/test\/#\/schema\/logo\/image\/"}}]}},"_links":{"self":[{"href":"https:\/\/marevik.ee\/test\/wp-json\/wp\/v2\/product\/16053","targetHints":{"allow":["GET"]}}],"collection":[{"href":"https:\/\/marevik.ee\/test\/wp-json\/wp\/v2\/product"}],"about":[{"href":"https:\/\/marevik.ee\/test\/wp-json\/wp\/v2\/types\/product"}],"wp:featuredmedia":[{"embeddable":true,"href":"https:\/\/marevik.ee\/test\/wp-json\/wp\/v2\/media\/16054"}],"wp:attachment":[{"href":"https:\/\/marevik.ee\/test\/wp-json\/wp\/v2\/media?parent=16053"}],"wp:term":[{"taxonomy":"product_brand","embeddable":true,"href":"https:\/\/marevik.ee\/test\/wp-json\/wp\/v2\/product_brand?post=16053"},{"taxonomy":"product_cat","embeddable":true,"href":"https:\/\/marevik.ee\/test\/wp-json\/wp\/v2\/product_cat?post=16053"},{"taxonomy":"product_tag","embeddable":true,"href":"https:\/\/marevik.ee\/test\/wp-json\/wp\/v2\/product_tag?post=16053"}],"curies":[{"name":"wp","href":"https:\/\/api.w.org\/{rel}","templated":true}]}}