{"id":16547,"date":"2024-11-13T12:31:40","date_gmt":"2024-11-13T12:31:40","guid":{"rendered":"https:\/\/marevik.ee\/test\/?post_type=product&#038;p=16547"},"modified":"2024-11-19T14:40:33","modified_gmt":"2024-11-19T14:40:33","slug":"omblusmasina-noelad-tikkimisnoelad-nr-90-5tk","status":"publish","type":"product","link":"https:\/\/marevik.ee\/test\/toode\/omblusmasina-noelad-tikkimisnoelad-nr-90-5tk\/","title":{"rendered":"\u00d5mblusmasina n\u00f5elad, tikkimisn\u00f5elad nr.90 5tk"},"content":{"rendered":"<p>Saksa firma Schmetz n\u00f5elade br\u00e4nd on tuntud ja kvaliteetne. Hobi\u00f5mbluses on \u00f5ige n\u00f5ela valimine t\u00e4iusliku \u00f5mblustulemuse v\u00f5ti. Schmetz n\u00f5elad on valmistatud vastavalt \u00f5mmeldava kanga v\u00f5i niidi t\u00fc\u00fcbile. Schmetz hobi\u00f5mblusmasinate n\u00f5eladele kehtivad samad k\u00f5rged standardid, kui t\u00f6\u00f6stuslike \u00f5mblusmasinate n\u00f5eltele. Schmetz pakub ka hobi\u00f5mbluses t\u00f6\u00f6stuslikku kvaliteeti.<\/p>\n","protected":false},"excerpt":{"rendered":"<p>N\u00f5elad \u00f5mblus- ja tikkimismasinale nr.90 N\u00f5elas\u00fcsteem 130\/705 sobib valdavalt k\u00f5ikidele kodumasinatele. N\u00f5el sobib h\u00e4sti tikkimisniidile. <\/p>\n","protected":false},"featured_media":16548,"template":"","meta":{"site-sidebar-layout":"default","site-content-layout":"default","ast-site-content-layout":"","site-content-style":"default","site-sidebar-style":"default","ast-global-header-display":"","ast-banner-title-visibility":"","ast-main-header-display":"","ast-hfb-above-header-display":"","ast-hfb-below-header-display":"","ast-hfb-mobile-header-display":"","site-post-title":"","ast-breadcrumbs-content":"","ast-featured-img":"","footer-sml-layout":"","theme-transparent-header-meta":"default","adv-header-id-meta":"","stick-header-meta":"","header-above-stick-meta":"","header-main-stick-meta":"","header-below-stick-meta":"","astra-migrate-meta-layouts":"default","ast-page-background-enabled":"default","ast-page-background-meta":{"desktop":{"background-color":"","background-image":"","background-repeat":"repeat","background-position":"center center","background-size":"auto","background-attachment":"scroll","background-type":"","background-media":"","overlay-type":"","overlay-color":"","overlay-opacity":"","overlay-gradient":""},"tablet":{"background-color":"","background-image":"","background-repeat":"repeat","background-position":"center center","background-size":"auto","background-attachment":"scroll","background-type":"","background-media":"","overlay-type":"","overlay-color":"","overlay-opacity":"","overlay-gradient":""},"mobile":{"background-color":"","background-image":"","background-repeat":"repeat","background-position":"center center","background-size":"auto","background-attachment":"scroll","background-type":"","background-media":"","overlay-type":"","overlay-color":"","overlay-opacity":"","overlay-gradient":""}},"ast-content-background-meta":{"desktop":{"background-color":"var(--ast-global-color-5)","background-image":"","background-repeat":"repeat","background-position":"center center","background-size":"auto","background-attachment":"scroll","background-type":"","background-media":"","overlay-type":"","overlay-color":"","overlay-opacity":"","overlay-gradient":""},"tablet":{"background-color":"var(--ast-global-color-5)","background-image":"","background-repeat":"repeat","background-position":"center center","background-size":"auto","background-attachment":"scroll","background-type":"","background-media":"","overlay-type":"","overlay-color":"","overlay-opacity":"","overlay-gradient":""},"mobile":{"background-color":"var(--ast-global-color-5)","background-image":"","background-repeat":"repeat","background-position":"center center","background-size":"auto","background-attachment":"scroll","background-type":"","background-media":"","overlay-type":"","overlay-color":"","overlay-opacity":"","overlay-gradient":""}}},"product_brand":[],"product_cat":[66,77],"product_tag":[],"class_list":{"0":"post-16547","1":"product","2":"type-product","3":"status-publish","4":"has-post-thumbnail","6":"product_cat-lisatarvikud","7":"product_cat-noelad","8":"desktop-align-left","9":"tablet-align-left","10":"mobile-align-left","12":"first","13":"instock","14":"taxable","15":"shipping-taxable","16":"purchasable","17":"product-type-simple"},"yoast_head":"<!-- This site is optimized with the Yoast SEO plugin v26.1.1 - https:\/\/yoast.com\/wordpress\/plugins\/seo\/ -->\n<title>\u00d5mblusmasina n\u00f5elad, tikkimisn\u00f5elad nr.90 5tk - Marevik O&Uuml;<\/title>\n<meta name=\"description\" content=\"Parim valik \u00f5mblusmasinaid, overlokke, tikkimismasinaid, \u00f5mblusmasinate lisatarvikuid ja varuosasid. Janome, Brother, Juki, Bernina, Bernette parimad tooted\" \/>\n<meta name=\"robots\" content=\"index, follow, max-snippet:-1, max-image-preview:large, max-video-preview:-1\" \/>\n<link rel=\"canonical\" href=\"https:\/\/marevik.ee\/test\/toode\/omblusmasina-noelad-tikkimisnoelad-nr-90-5tk\/\" \/>\n<meta property=\"og:locale\" content=\"en_US\" \/>\n<meta property=\"og:type\" content=\"article\" \/>\n<meta property=\"og:title\" content=\"\u00d5mblusmasina n\u00f5elad, tikkimisn\u00f5elad nr.90 5tk - Marevik O&Uuml;\" \/>\n<meta property=\"og:description\" content=\"Parim valik \u00f5mblusmasinaid, overlokke, tikkimismasinaid, \u00f5mblusmasinate lisatarvikuid ja varuosasid. Janome, Brother, Juki, Bernina, Bernette parimad tooted\" \/>\n<meta property=\"og:url\" content=\"https:\/\/marevik.ee\/test\/toode\/omblusmasina-noelad-tikkimisnoelad-nr-90-5tk\/\" \/>\n<meta property=\"og:site_name\" content=\"Marevik O&Uuml;\" \/>\n<meta property=\"article:modified_time\" content=\"2024-11-19T14:40:33+00:00\" \/>\n<meta property=\"og:image\" content=\"https:\/\/marevik.ee\/test\/wp-content\/uploads\/2024\/11\/schmetz_embroidery_needle_90.jpg\" \/>\n\t<meta property=\"og:image:width\" content=\"500\" \/>\n\t<meta property=\"og:image:height\" content=\"500\" \/>\n\t<meta property=\"og:image:type\" content=\"image\/jpeg\" \/>\n<meta name=\"twitter:card\" content=\"summary_large_image\" \/>\n<meta name=\"twitter:label1\" content=\"Est. reading time\" \/>\n\t<meta name=\"twitter:data1\" content=\"1 minute\" \/>\n<script type=\"application\/ld+json\" class=\"yoast-schema-graph\">{\"@context\":\"https:\/\/schema.org\",\"@graph\":[{\"@type\":\"WebPage\",\"@id\":\"https:\/\/marevik.ee\/test\/toode\/omblusmasina-noelad-tikkimisnoelad-nr-90-5tk\/\",\"url\":\"https:\/\/marevik.ee\/test\/toode\/omblusmasina-noelad-tikkimisnoelad-nr-90-5tk\/\",\"name\":\"\u00d5mblusmasina n\u00f5elad, tikkimisn\u00f5elad nr.90 5tk - Marevik O&Uuml;\",\"isPartOf\":{\"@id\":\"https:\/\/marevik.ee\/test\/#website\"},\"primaryImageOfPage\":{\"@id\":\"https:\/\/marevik.ee\/test\/toode\/omblusmasina-noelad-tikkimisnoelad-nr-90-5tk\/#primaryimage\"},\"image\":{\"@id\":\"https:\/\/marevik.ee\/test\/toode\/omblusmasina-noelad-tikkimisnoelad-nr-90-5tk\/#primaryimage\"},\"thumbnailUrl\":\"https:\/\/marevik.ee\/test\/wp-content\/uploads\/2024\/11\/schmetz_embroidery_needle_90.jpg\",\"datePublished\":\"2024-11-13T12:31:40+00:00\",\"dateModified\":\"2024-11-19T14:40:33+00:00\",\"description\":\"Parim valik \u00f5mblusmasinaid, overlokke, tikkimismasinaid, \u00f5mblusmasinate lisatarvikuid ja varuosasid. Janome, Brother, Juki, Bernina, Bernette parimad tooted\",\"breadcrumb\":{\"@id\":\"https:\/\/marevik.ee\/test\/toode\/omblusmasina-noelad-tikkimisnoelad-nr-90-5tk\/#breadcrumb\"},\"inLanguage\":\"en\",\"potentialAction\":[{\"@type\":\"ReadAction\",\"target\":[\"https:\/\/marevik.ee\/test\/toode\/omblusmasina-noelad-tikkimisnoelad-nr-90-5tk\/\"]}]},{\"@type\":\"ImageObject\",\"inLanguage\":\"en\",\"@id\":\"https:\/\/marevik.ee\/test\/toode\/omblusmasina-noelad-tikkimisnoelad-nr-90-5tk\/#primaryimage\",\"url\":\"https:\/\/marevik.ee\/test\/wp-content\/uploads\/2024\/11\/schmetz_embroidery_needle_90.jpg\",\"contentUrl\":\"https:\/\/marevik.ee\/test\/wp-content\/uploads\/2024\/11\/schmetz_embroidery_needle_90.jpg\",\"width\":500,\"height\":500},{\"@type\":\"BreadcrumbList\",\"@id\":\"https:\/\/marevik.ee\/test\/toode\/omblusmasina-noelad-tikkimisnoelad-nr-90-5tk\/#breadcrumb\",\"itemListElement\":[{\"@type\":\"ListItem\",\"position\":1,\"name\":\"Home\",\"item\":\"https:\/\/marevik.ee\/test\/\"},{\"@type\":\"ListItem\",\"position\":2,\"name\":\"E-POOD\",\"item\":\"https:\/\/marevik.ee\/test\/epood\/\"},{\"@type\":\"ListItem\",\"position\":3,\"name\":\"\u00d5mblusmasina n\u00f5elad, tikkimisn\u00f5elad nr.90 5tk\"}]},{\"@type\":\"WebSite\",\"@id\":\"https:\/\/marevik.ee\/test\/#website\",\"url\":\"https:\/\/marevik.ee\/test\/\",\"name\":\"Marevik O&Uuml;\",\"description\":\"&Otilde;mblusmasina asjatundja\",\"publisher\":{\"@id\":\"https:\/\/marevik.ee\/test\/#organization\"},\"potentialAction\":[{\"@type\":\"SearchAction\",\"target\":{\"@type\":\"EntryPoint\",\"urlTemplate\":\"https:\/\/marevik.ee\/test\/?s={search_term_string}\"},\"query-input\":{\"@type\":\"PropertyValueSpecification\",\"valueRequired\":true,\"valueName\":\"search_term_string\"}}],\"inLanguage\":\"en\"},{\"@type\":\"Organization\",\"@id\":\"https:\/\/marevik.ee\/test\/#organization\",\"name\":\"Marevik O&Uuml;\",\"url\":\"https:\/\/marevik.ee\/test\/\",\"logo\":{\"@type\":\"ImageObject\",\"inLanguage\":\"en\",\"@id\":\"https:\/\/marevik.ee\/test\/#\/schema\/logo\/image\/\",\"url\":\"https:\/\/marevik.ee\/test\/wp-content\/uploads\/2020\/02\/mblusmasina-asjatundja-1994_173x105_veebi_v-ike.jpg\",\"contentUrl\":\"https:\/\/marevik.ee\/test\/wp-content\/uploads\/2020\/02\/mblusmasina-asjatundja-1994_173x105_veebi_v-ike.jpg\",\"width\":173,\"height\":105,\"caption\":\"Marevik O&Uuml;\"},\"image\":{\"@id\":\"https:\/\/marevik.ee\/test\/#\/schema\/logo\/image\/\"}}]}<\/script>\n<!-- \/ Yoast SEO plugin. -->","yoast_head_json":{"title":"\u00d5mblusmasina n\u00f5elad, tikkimisn\u00f5elad nr.90 5tk - Marevik O&Uuml;","description":"Parim valik \u00f5mblusmasinaid, overlokke, tikkimismasinaid, \u00f5mblusmasinate lisatarvikuid ja varuosasid. Janome, Brother, Juki, Bernina, Bernette parimad tooted","robots":{"index":"index","follow":"follow","max-snippet":"max-snippet:-1","max-image-preview":"max-image-preview:large","max-video-preview":"max-video-preview:-1"},"canonical":"https:\/\/marevik.ee\/test\/toode\/omblusmasina-noelad-tikkimisnoelad-nr-90-5tk\/","og_locale":"en_US","og_type":"article","og_title":"\u00d5mblusmasina n\u00f5elad, tikkimisn\u00f5elad nr.90 5tk - Marevik O&Uuml;","og_description":"Parim valik \u00f5mblusmasinaid, overlokke, tikkimismasinaid, \u00f5mblusmasinate lisatarvikuid ja varuosasid. Janome, Brother, Juki, Bernina, Bernette parimad tooted","og_url":"https:\/\/marevik.ee\/test\/toode\/omblusmasina-noelad-tikkimisnoelad-nr-90-5tk\/","og_site_name":"Marevik O&Uuml;","article_modified_time":"2024-11-19T14:40:33+00:00","og_image":[{"width":500,"height":500,"url":"https:\/\/marevik.ee\/test\/wp-content\/uploads\/2024\/11\/schmetz_embroidery_needle_90.jpg","type":"image\/jpeg"}],"twitter_card":"summary_large_image","twitter_misc":{"Est. reading time":"1 minute"},"schema":{"@context":"https:\/\/schema.org","@graph":[{"@type":"WebPage","@id":"https:\/\/marevik.ee\/test\/toode\/omblusmasina-noelad-tikkimisnoelad-nr-90-5tk\/","url":"https:\/\/marevik.ee\/test\/toode\/omblusmasina-noelad-tikkimisnoelad-nr-90-5tk\/","name":"\u00d5mblusmasina n\u00f5elad, tikkimisn\u00f5elad nr.90 5tk - Marevik O&Uuml;","isPartOf":{"@id":"https:\/\/marevik.ee\/test\/#website"},"primaryImageOfPage":{"@id":"https:\/\/marevik.ee\/test\/toode\/omblusmasina-noelad-tikkimisnoelad-nr-90-5tk\/#primaryimage"},"image":{"@id":"https:\/\/marevik.ee\/test\/toode\/omblusmasina-noelad-tikkimisnoelad-nr-90-5tk\/#primaryimage"},"thumbnailUrl":"https:\/\/marevik.ee\/test\/wp-content\/uploads\/2024\/11\/schmetz_embroidery_needle_90.jpg","datePublished":"2024-11-13T12:31:40+00:00","dateModified":"2024-11-19T14:40:33+00:00","description":"Parim valik \u00f5mblusmasinaid, overlokke, tikkimismasinaid, \u00f5mblusmasinate lisatarvikuid ja varuosasid. Janome, Brother, Juki, Bernina, Bernette parimad tooted","breadcrumb":{"@id":"https:\/\/marevik.ee\/test\/toode\/omblusmasina-noelad-tikkimisnoelad-nr-90-5tk\/#breadcrumb"},"inLanguage":"en","potentialAction":[{"@type":"ReadAction","target":["https:\/\/marevik.ee\/test\/toode\/omblusmasina-noelad-tikkimisnoelad-nr-90-5tk\/"]}]},{"@type":"ImageObject","inLanguage":"en","@id":"https:\/\/marevik.ee\/test\/toode\/omblusmasina-noelad-tikkimisnoelad-nr-90-5tk\/#primaryimage","url":"https:\/\/marevik.ee\/test\/wp-content\/uploads\/2024\/11\/schmetz_embroidery_needle_90.jpg","contentUrl":"https:\/\/marevik.ee\/test\/wp-content\/uploads\/2024\/11\/schmetz_embroidery_needle_90.jpg","width":500,"height":500},{"@type":"BreadcrumbList","@id":"https:\/\/marevik.ee\/test\/toode\/omblusmasina-noelad-tikkimisnoelad-nr-90-5tk\/#breadcrumb","itemListElement":[{"@type":"ListItem","position":1,"name":"Home","item":"https:\/\/marevik.ee\/test\/"},{"@type":"ListItem","position":2,"name":"E-POOD","item":"https:\/\/marevik.ee\/test\/epood\/"},{"@type":"ListItem","position":3,"name":"\u00d5mblusmasina n\u00f5elad, tikkimisn\u00f5elad nr.90 5tk"}]},{"@type":"WebSite","@id":"https:\/\/marevik.ee\/test\/#website","url":"https:\/\/marevik.ee\/test\/","name":"Marevik O&Uuml;","description":"&Otilde;mblusmasina asjatundja","publisher":{"@id":"https:\/\/marevik.ee\/test\/#organization"},"potentialAction":[{"@type":"SearchAction","target":{"@type":"EntryPoint","urlTemplate":"https:\/\/marevik.ee\/test\/?s={search_term_string}"},"query-input":{"@type":"PropertyValueSpecification","valueRequired":true,"valueName":"search_term_string"}}],"inLanguage":"en"},{"@type":"Organization","@id":"https:\/\/marevik.ee\/test\/#organization","name":"Marevik O&Uuml;","url":"https:\/\/marevik.ee\/test\/","logo":{"@type":"ImageObject","inLanguage":"en","@id":"https:\/\/marevik.ee\/test\/#\/schema\/logo\/image\/","url":"https:\/\/marevik.ee\/test\/wp-content\/uploads\/2020\/02\/mblusmasina-asjatundja-1994_173x105_veebi_v-ike.jpg","contentUrl":"https:\/\/marevik.ee\/test\/wp-content\/uploads\/2020\/02\/mblusmasina-asjatundja-1994_173x105_veebi_v-ike.jpg","width":173,"height":105,"caption":"Marevik O&Uuml;"},"image":{"@id":"https:\/\/marevik.ee\/test\/#\/schema\/logo\/image\/"}}]}},"_links":{"self":[{"href":"https:\/\/marevik.ee\/test\/wp-json\/wp\/v2\/product\/16547","targetHints":{"allow":["GET"]}}],"collection":[{"href":"https:\/\/marevik.ee\/test\/wp-json\/wp\/v2\/product"}],"about":[{"href":"https:\/\/marevik.ee\/test\/wp-json\/wp\/v2\/types\/product"}],"wp:featuredmedia":[{"embeddable":true,"href":"https:\/\/marevik.ee\/test\/wp-json\/wp\/v2\/media\/16548"}],"wp:attachment":[{"href":"https:\/\/marevik.ee\/test\/wp-json\/wp\/v2\/media?parent=16547"}],"wp:term":[{"taxonomy":"product_brand","embeddable":true,"href":"https:\/\/marevik.ee\/test\/wp-json\/wp\/v2\/product_brand?post=16547"},{"taxonomy":"product_cat","embeddable":true,"href":"https:\/\/marevik.ee\/test\/wp-json\/wp\/v2\/product_cat?post=16547"},{"taxonomy":"product_tag","embeddable":true,"href":"https:\/\/marevik.ee\/test\/wp-json\/wp\/v2\/product_tag?post=16547"}],"curies":[{"name":"wp","href":"https:\/\/api.w.org\/{rel}","templated":true}]}}