{"id":16601,"date":"2024-11-14T13:05:57","date_gmt":"2024-11-14T13:05:57","guid":{"rendered":"https:\/\/marevik.ee\/test\/?post_type=product&#038;p=16601"},"modified":"2025-01-13T10:08:37","modified_gmt":"2025-01-13T10:08:37","slug":"tikkimismasin-brother-pr1x","status":"publish","type":"product","link":"https:\/\/marevik.ee\/test\/toode\/tikkimismasin-brother-pr1x\/","title":{"rendered":"Tikkimismasin Brother PR1x"},"content":{"rendered":"<p>Tikkimispiirkond 30&#215;20 cm<br \/>\nTikkimiskiirus kuni 1000 pm<br \/>\nAutomaatne niidistaja<br \/>\nSuur v\u00e4rviline puuteekraan<br \/>\n2 USB porti. (\u00fcks arvutiga \u00fchendamiseks ning teine m\u00e4lupulgale)<br \/>\nMasina m\u00e4lus 495 erinevat tikkimismotiivi<br \/>\nMasina m\u00e4lus 33 fonti seal hulgas ka 3D ja kirillitsa<br \/>\nErinevate v\u00e4rvide tikkimise j\u00e4rjekorra muutmise v\u00f5imalus.<br \/>\nPoolis\u00fcsteem vertikaalne p\u00f6\u00f6rlev s\u00fcstik. Kasutusel t\u00f6\u00f6suslikel masinatel.<br \/>\nTekstide mitmerealise tikkimise v\u00f5imalus.<br \/>\nKiire ja lihtme poolimine. Poolimisseade n\u00fc\u00fcd masina k\u00fcljes.<br \/>\nVabavars masin. Kasutades lisaseadmeid v\u00f5imalus tikkida m\u00fctsile v\u00f5i p\u00fcksis\u00e4\u00e4rele.<br \/>\nLihtne ja kiire niidistus.<br \/>\nNiidirullihoidja 4-le niidile.<br \/>\nLED osuti v\u00f5imaldab mugavalt ja kiirelt m\u00e4\u00e4rata keskpunkti kangal.<\/p>\n<p>Varustusse kuulub:<br \/>\nTikkimisraam 20&#215;30 cm<br \/>\nTikkimisraam 10&#215;10 cm<\/p>\n<h3><span style=\"color: #0000ff;\"><a style=\"color: #0000ff;\" href=\"https:\/\/support.brother.com\/g\/b\/colist.aspx?c=eu_ot&amp;lang=en&amp;prod=hf_pr1xeuk&amp;cao=hfemba\">&lt;Lisatarvikud&gt;<\/a><\/span><\/h3>\n<p>&nbsp;<\/p>\n<div class=\"ast-oembed-container \" style=\"height: 100%;\"><iframe title=\"Brother PR1 x you: the ultimate collaboration\" width=\"500\" height=\"281\" src=\"https:\/\/www.youtube.com\/embed\/El8jwlwRGBU?feature=oembed\" frameborder=\"0\" allow=\"accelerometer; autoplay; clipboard-write; encrypted-media; gyroscope; picture-in-picture; web-share\" referrerpolicy=\"strict-origin-when-cross-origin\" allowfullscreen><\/iframe><\/div>\n","protected":false},"excerpt":{"rendered":"<p>Tikkimismasin Brother PR1x on professionaalne 1-n\u00f5elaline tikkimismasin. Profisarja kuuluvad suuremad vennad on kas 6- v\u00f5i 10-n\u00f5elalised. 1-n\u00f5elalise eeliseks on masina soodne hind, kaotamata tikkimist\u00f6\u00f6 kvaliteeti. Brother PR1x on tugev ja professionaalne t\u00f6\u00f6riist taskukohase hinnaga.<\/p>\n","protected":false},"featured_media":16602,"template":"","meta":{"site-sidebar-layout":"default","site-content-layout":"default","ast-site-content-layout":"","site-content-style":"default","site-sidebar-style":"default","ast-global-header-display":"","ast-banner-title-visibility":"","ast-main-header-display":"","ast-hfb-above-header-display":"","ast-hfb-below-header-display":"","ast-hfb-mobile-header-display":"","site-post-title":"","ast-breadcrumbs-content":"","ast-featured-img":"","footer-sml-layout":"","theme-transparent-header-meta":"default","adv-header-id-meta":"","stick-header-meta":"","header-above-stick-meta":"","header-main-stick-meta":"","header-below-stick-meta":"","astra-migrate-meta-layouts":"default","ast-page-background-enabled":"default","ast-page-background-meta":{"desktop":{"background-color":"","background-image":"","background-repeat":"repeat","background-position":"center center","background-size":"auto","background-attachment":"scroll","background-type":"","background-media":"","overlay-type":"","overlay-color":"","overlay-opacity":"","overlay-gradient":""},"tablet":{"background-color":"","background-image":"","background-repeat":"repeat","background-position":"center center","background-size":"auto","background-attachment":"scroll","background-type":"","background-media":"","overlay-type":"","overlay-color":"","overlay-opacity":"","overlay-gradient":""},"mobile":{"background-color":"","background-image":"","background-repeat":"repeat","background-position":"center center","background-size":"auto","background-attachment":"scroll","background-type":"","background-media":"","overlay-type":"","overlay-color":"","overlay-opacity":"","overlay-gradient":""}},"ast-content-background-meta":{"desktop":{"background-color":"var(--ast-global-color-5)","background-image":"","background-repeat":"repeat","background-position":"center center","background-size":"auto","background-attachment":"scroll","background-type":"","background-media":"","overlay-type":"","overlay-color":"","overlay-opacity":"","overlay-gradient":""},"tablet":{"background-color":"var(--ast-global-color-5)","background-image":"","background-repeat":"repeat","background-position":"center center","background-size":"auto","background-attachment":"scroll","background-type":"","background-media":"","overlay-type":"","overlay-color":"","overlay-opacity":"","overlay-gradient":""},"mobile":{"background-color":"var(--ast-global-color-5)","background-image":"","background-repeat":"repeat","background-position":"center center","background-size":"auto","background-attachment":"scroll","background-type":"","background-media":"","overlay-type":"","overlay-color":"","overlay-opacity":"","overlay-gradient":""}}},"product_brand":[],"product_cat":[86,63],"product_tag":[85],"class_list":{"0":"post-16601","1":"product","2":"type-product","3":"status-publish","4":"has-post-thumbnail","6":"product_cat-brother-tikkimismasinad","7":"product_cat-tikkimismasinad","8":"product_tag-brother","9":"desktop-align-left","10":"tablet-align-left","11":"mobile-align-left","13":"first","14":"onbackorder","15":"taxable","16":"shipping-taxable","17":"purchasable","18":"product-type-simple"},"yoast_head":"<!-- This site is optimized with the Yoast SEO plugin v26.1.1 - https:\/\/yoast.com\/wordpress\/plugins\/seo\/ -->\n<title>Tikkimismasin Brother PR1x - Marevik O&Uuml;<\/title>\n<meta name=\"description\" content=\"Tikkimismasin Brother PR1x on professionaalne 1-n\u00f5elaline tikkimismasin. Profisarja kuuluvad suuremad vennad on kas 6- v\u00f5i 10-n\u00f5elalised. 1-n\u00f5elalise eeliseks on masina soodne hind, kaotamata tikkimist\u00f6\u00f6 kvaliteeti. Brother PR1x on tugev ja professionaalne t\u00f6\u00f6riist taskukohase hinnaga\" \/>\n<meta name=\"robots\" content=\"index, follow, max-snippet:-1, max-image-preview:large, max-video-preview:-1\" \/>\n<link rel=\"canonical\" href=\"https:\/\/marevik.ee\/test\/toode\/tikkimismasin-brother-pr1x\/\" \/>\n<meta property=\"og:locale\" content=\"en_US\" \/>\n<meta property=\"og:type\" content=\"article\" \/>\n<meta property=\"og:title\" content=\"Tikkimismasin Brother PR1x - Marevik O&Uuml;\" \/>\n<meta property=\"og:description\" content=\"Tikkimismasin Brother PR1x on professionaalne 1-n\u00f5elaline tikkimismasin. Profisarja kuuluvad suuremad vennad on kas 6- v\u00f5i 10-n\u00f5elalised. 1-n\u00f5elalise eeliseks on masina soodne hind, kaotamata tikkimist\u00f6\u00f6 kvaliteeti. Brother PR1x on tugev ja professionaalne t\u00f6\u00f6riist taskukohase hinnaga\" \/>\n<meta property=\"og:url\" content=\"https:\/\/marevik.ee\/test\/toode\/tikkimismasin-brother-pr1x\/\" \/>\n<meta property=\"og:site_name\" content=\"Marevik O&Uuml;\" \/>\n<meta property=\"article:modified_time\" content=\"2025-01-13T10:08:37+00:00\" \/>\n<meta property=\"og:image\" content=\"https:\/\/marevik.ee\/test\/wp-content\/uploads\/2024\/11\/PR1x.jpg\" \/>\n\t<meta property=\"og:image:width\" content=\"629\" \/>\n\t<meta property=\"og:image:height\" content=\"576\" \/>\n\t<meta property=\"og:image:type\" content=\"image\/jpeg\" \/>\n<meta name=\"twitter:card\" content=\"summary_large_image\" \/>\n<meta name=\"twitter:label1\" content=\"Est. reading time\" \/>\n\t<meta name=\"twitter:data1\" content=\"1 minute\" \/>\n<script type=\"application\/ld+json\" class=\"yoast-schema-graph\">{\"@context\":\"https:\/\/schema.org\",\"@graph\":[{\"@type\":\"WebPage\",\"@id\":\"https:\/\/marevik.ee\/test\/toode\/tikkimismasin-brother-pr1x\/\",\"url\":\"https:\/\/marevik.ee\/test\/toode\/tikkimismasin-brother-pr1x\/\",\"name\":\"Tikkimismasin Brother PR1x - Marevik O&Uuml;\",\"isPartOf\":{\"@id\":\"https:\/\/marevik.ee\/test\/#website\"},\"primaryImageOfPage\":{\"@id\":\"https:\/\/marevik.ee\/test\/toode\/tikkimismasin-brother-pr1x\/#primaryimage\"},\"image\":{\"@id\":\"https:\/\/marevik.ee\/test\/toode\/tikkimismasin-brother-pr1x\/#primaryimage\"},\"thumbnailUrl\":\"https:\/\/marevik.ee\/test\/wp-content\/uploads\/2024\/11\/PR1x.jpg\",\"datePublished\":\"2024-11-14T13:05:57+00:00\",\"dateModified\":\"2025-01-13T10:08:37+00:00\",\"description\":\"Tikkimismasin Brother PR1x on professionaalne 1-n\u00f5elaline tikkimismasin. Profisarja kuuluvad suuremad vennad on kas 6- v\u00f5i 10-n\u00f5elalised. 1-n\u00f5elalise eeliseks on masina soodne hind, kaotamata tikkimist\u00f6\u00f6 kvaliteeti. Brother PR1x on tugev ja professionaalne t\u00f6\u00f6riist taskukohase hinnaga\",\"breadcrumb\":{\"@id\":\"https:\/\/marevik.ee\/test\/toode\/tikkimismasin-brother-pr1x\/#breadcrumb\"},\"inLanguage\":\"en\",\"potentialAction\":[{\"@type\":\"ReadAction\",\"target\":[\"https:\/\/marevik.ee\/test\/toode\/tikkimismasin-brother-pr1x\/\"]}]},{\"@type\":\"ImageObject\",\"inLanguage\":\"en\",\"@id\":\"https:\/\/marevik.ee\/test\/toode\/tikkimismasin-brother-pr1x\/#primaryimage\",\"url\":\"https:\/\/marevik.ee\/test\/wp-content\/uploads\/2024\/11\/PR1x.jpg\",\"contentUrl\":\"https:\/\/marevik.ee\/test\/wp-content\/uploads\/2024\/11\/PR1x.jpg\",\"width\":629,\"height\":576},{\"@type\":\"BreadcrumbList\",\"@id\":\"https:\/\/marevik.ee\/test\/toode\/tikkimismasin-brother-pr1x\/#breadcrumb\",\"itemListElement\":[{\"@type\":\"ListItem\",\"position\":1,\"name\":\"Home\",\"item\":\"https:\/\/marevik.ee\/test\/\"},{\"@type\":\"ListItem\",\"position\":2,\"name\":\"E-POOD\",\"item\":\"https:\/\/marevik.ee\/test\/epood\/\"},{\"@type\":\"ListItem\",\"position\":3,\"name\":\"Tikkimismasin Brother PR1x\"}]},{\"@type\":\"WebSite\",\"@id\":\"https:\/\/marevik.ee\/test\/#website\",\"url\":\"https:\/\/marevik.ee\/test\/\",\"name\":\"Marevik O&Uuml;\",\"description\":\"&Otilde;mblusmasina asjatundja\",\"publisher\":{\"@id\":\"https:\/\/marevik.ee\/test\/#organization\"},\"potentialAction\":[{\"@type\":\"SearchAction\",\"target\":{\"@type\":\"EntryPoint\",\"urlTemplate\":\"https:\/\/marevik.ee\/test\/?s={search_term_string}\"},\"query-input\":{\"@type\":\"PropertyValueSpecification\",\"valueRequired\":true,\"valueName\":\"search_term_string\"}}],\"inLanguage\":\"en\"},{\"@type\":\"Organization\",\"@id\":\"https:\/\/marevik.ee\/test\/#organization\",\"name\":\"Marevik O&Uuml;\",\"url\":\"https:\/\/marevik.ee\/test\/\",\"logo\":{\"@type\":\"ImageObject\",\"inLanguage\":\"en\",\"@id\":\"https:\/\/marevik.ee\/test\/#\/schema\/logo\/image\/\",\"url\":\"https:\/\/marevik.ee\/test\/wp-content\/uploads\/2020\/02\/mblusmasina-asjatundja-1994_173x105_veebi_v-ike.jpg\",\"contentUrl\":\"https:\/\/marevik.ee\/test\/wp-content\/uploads\/2020\/02\/mblusmasina-asjatundja-1994_173x105_veebi_v-ike.jpg\",\"width\":173,\"height\":105,\"caption\":\"Marevik O&Uuml;\"},\"image\":{\"@id\":\"https:\/\/marevik.ee\/test\/#\/schema\/logo\/image\/\"}}]}<\/script>\n<!-- \/ Yoast SEO plugin. -->","yoast_head_json":{"title":"Tikkimismasin Brother PR1x - Marevik O&Uuml;","description":"Tikkimismasin Brother PR1x on professionaalne 1-n\u00f5elaline tikkimismasin. Profisarja kuuluvad suuremad vennad on kas 6- v\u00f5i 10-n\u00f5elalised. 1-n\u00f5elalise eeliseks on masina soodne hind, kaotamata tikkimist\u00f6\u00f6 kvaliteeti. Brother PR1x on tugev ja professionaalne t\u00f6\u00f6riist taskukohase hinnaga","robots":{"index":"index","follow":"follow","max-snippet":"max-snippet:-1","max-image-preview":"max-image-preview:large","max-video-preview":"max-video-preview:-1"},"canonical":"https:\/\/marevik.ee\/test\/toode\/tikkimismasin-brother-pr1x\/","og_locale":"en_US","og_type":"article","og_title":"Tikkimismasin Brother PR1x - Marevik O&Uuml;","og_description":"Tikkimismasin Brother PR1x on professionaalne 1-n\u00f5elaline tikkimismasin. Profisarja kuuluvad suuremad vennad on kas 6- v\u00f5i 10-n\u00f5elalised. 1-n\u00f5elalise eeliseks on masina soodne hind, kaotamata tikkimist\u00f6\u00f6 kvaliteeti. Brother PR1x on tugev ja professionaalne t\u00f6\u00f6riist taskukohase hinnaga","og_url":"https:\/\/marevik.ee\/test\/toode\/tikkimismasin-brother-pr1x\/","og_site_name":"Marevik O&Uuml;","article_modified_time":"2025-01-13T10:08:37+00:00","og_image":[{"width":629,"height":576,"url":"https:\/\/marevik.ee\/test\/wp-content\/uploads\/2024\/11\/PR1x.jpg","type":"image\/jpeg"}],"twitter_card":"summary_large_image","twitter_misc":{"Est. reading time":"1 minute"},"schema":{"@context":"https:\/\/schema.org","@graph":[{"@type":"WebPage","@id":"https:\/\/marevik.ee\/test\/toode\/tikkimismasin-brother-pr1x\/","url":"https:\/\/marevik.ee\/test\/toode\/tikkimismasin-brother-pr1x\/","name":"Tikkimismasin Brother PR1x - Marevik O&Uuml;","isPartOf":{"@id":"https:\/\/marevik.ee\/test\/#website"},"primaryImageOfPage":{"@id":"https:\/\/marevik.ee\/test\/toode\/tikkimismasin-brother-pr1x\/#primaryimage"},"image":{"@id":"https:\/\/marevik.ee\/test\/toode\/tikkimismasin-brother-pr1x\/#primaryimage"},"thumbnailUrl":"https:\/\/marevik.ee\/test\/wp-content\/uploads\/2024\/11\/PR1x.jpg","datePublished":"2024-11-14T13:05:57+00:00","dateModified":"2025-01-13T10:08:37+00:00","description":"Tikkimismasin Brother PR1x on professionaalne 1-n\u00f5elaline tikkimismasin. Profisarja kuuluvad suuremad vennad on kas 6- v\u00f5i 10-n\u00f5elalised. 1-n\u00f5elalise eeliseks on masina soodne hind, kaotamata tikkimist\u00f6\u00f6 kvaliteeti. Brother PR1x on tugev ja professionaalne t\u00f6\u00f6riist taskukohase hinnaga","breadcrumb":{"@id":"https:\/\/marevik.ee\/test\/toode\/tikkimismasin-brother-pr1x\/#breadcrumb"},"inLanguage":"en","potentialAction":[{"@type":"ReadAction","target":["https:\/\/marevik.ee\/test\/toode\/tikkimismasin-brother-pr1x\/"]}]},{"@type":"ImageObject","inLanguage":"en","@id":"https:\/\/marevik.ee\/test\/toode\/tikkimismasin-brother-pr1x\/#primaryimage","url":"https:\/\/marevik.ee\/test\/wp-content\/uploads\/2024\/11\/PR1x.jpg","contentUrl":"https:\/\/marevik.ee\/test\/wp-content\/uploads\/2024\/11\/PR1x.jpg","width":629,"height":576},{"@type":"BreadcrumbList","@id":"https:\/\/marevik.ee\/test\/toode\/tikkimismasin-brother-pr1x\/#breadcrumb","itemListElement":[{"@type":"ListItem","position":1,"name":"Home","item":"https:\/\/marevik.ee\/test\/"},{"@type":"ListItem","position":2,"name":"E-POOD","item":"https:\/\/marevik.ee\/test\/epood\/"},{"@type":"ListItem","position":3,"name":"Tikkimismasin Brother PR1x"}]},{"@type":"WebSite","@id":"https:\/\/marevik.ee\/test\/#website","url":"https:\/\/marevik.ee\/test\/","name":"Marevik O&Uuml;","description":"&Otilde;mblusmasina asjatundja","publisher":{"@id":"https:\/\/marevik.ee\/test\/#organization"},"potentialAction":[{"@type":"SearchAction","target":{"@type":"EntryPoint","urlTemplate":"https:\/\/marevik.ee\/test\/?s={search_term_string}"},"query-input":{"@type":"PropertyValueSpecification","valueRequired":true,"valueName":"search_term_string"}}],"inLanguage":"en"},{"@type":"Organization","@id":"https:\/\/marevik.ee\/test\/#organization","name":"Marevik O&Uuml;","url":"https:\/\/marevik.ee\/test\/","logo":{"@type":"ImageObject","inLanguage":"en","@id":"https:\/\/marevik.ee\/test\/#\/schema\/logo\/image\/","url":"https:\/\/marevik.ee\/test\/wp-content\/uploads\/2020\/02\/mblusmasina-asjatundja-1994_173x105_veebi_v-ike.jpg","contentUrl":"https:\/\/marevik.ee\/test\/wp-content\/uploads\/2020\/02\/mblusmasina-asjatundja-1994_173x105_veebi_v-ike.jpg","width":173,"height":105,"caption":"Marevik O&Uuml;"},"image":{"@id":"https:\/\/marevik.ee\/test\/#\/schema\/logo\/image\/"}}]}},"_links":{"self":[{"href":"https:\/\/marevik.ee\/test\/wp-json\/wp\/v2\/product\/16601","targetHints":{"allow":["GET"]}}],"collection":[{"href":"https:\/\/marevik.ee\/test\/wp-json\/wp\/v2\/product"}],"about":[{"href":"https:\/\/marevik.ee\/test\/wp-json\/wp\/v2\/types\/product"}],"wp:featuredmedia":[{"embeddable":true,"href":"https:\/\/marevik.ee\/test\/wp-json\/wp\/v2\/media\/16602"}],"wp:attachment":[{"href":"https:\/\/marevik.ee\/test\/wp-json\/wp\/v2\/media?parent=16601"}],"wp:term":[{"taxonomy":"product_brand","embeddable":true,"href":"https:\/\/marevik.ee\/test\/wp-json\/wp\/v2\/product_brand?post=16601"},{"taxonomy":"product_cat","embeddable":true,"href":"https:\/\/marevik.ee\/test\/wp-json\/wp\/v2\/product_cat?post=16601"},{"taxonomy":"product_tag","embeddable":true,"href":"https:\/\/marevik.ee\/test\/wp-json\/wp\/v2\/product_tag?post=16601"}],"curies":[{"name":"wp","href":"https:\/\/api.w.org\/{rel}","templated":true}]}}