{"id":16848,"date":"2025-03-06T10:51:10","date_gmt":"2025-03-06T10:51:10","guid":{"rendered":"https:\/\/marevik.ee\/test\/?post_type=product&#038;p=16848"},"modified":"2025-03-06T10:51:10","modified_gmt":"2025-03-06T10:51:10","slug":"voltimistald-bernina-86","status":"publish","type":"product","link":"https:\/\/marevik.ee\/test\/toode\/voltimistald-bernina-86\/","title":{"rendered":"Voltimistald Bernina #86"},"content":{"rendered":"<div class=\"ast-oembed-container \" style=\"height: 100%;\"><iframe title=\"Tutorial: how to sew pleats and ruffles with the BERNINA ruffler no. 86\" width=\"500\" height=\"281\" src=\"https:\/\/www.youtube.com\/embed\/UdFI84PL7x8?feature=oembed\" frameborder=\"0\" allow=\"accelerometer; autoplay; clipboard-write; encrypted-media; gyroscope; picture-in-picture; web-share\" referrerpolicy=\"strict-origin-when-cross-origin\" allowfullscreen><\/iframe><\/div>\n","protected":false},"excerpt":{"rendered":"<p>Voltimistald Bernina #86 on kangaste lihtsa voltimise spetsialist. Presstallal saab muuta nii voldi s\u00fcgavust, kui ka kokkut\u00f5mbumise sagedust. See t\u00e4hendab, et saab valida voldi iga pistega, iga 6. v\u00f5i iga 12. pistega. Samuti on v\u00f5imalik \u00f5mmelda ilma voltimiseta. <\/p>\n","protected":false},"featured_media":16849,"template":"","meta":{"site-sidebar-layout":"default","site-content-layout":"default","ast-site-content-layout":"","site-content-style":"default","site-sidebar-style":"default","ast-global-header-display":"","ast-banner-title-visibility":"","ast-main-header-display":"","ast-hfb-above-header-display":"","ast-hfb-below-header-display":"","ast-hfb-mobile-header-display":"","site-post-title":"","ast-breadcrumbs-content":"","ast-featured-img":"","footer-sml-layout":"","theme-transparent-header-meta":"default","adv-header-id-meta":"","stick-header-meta":"","header-above-stick-meta":"","header-main-stick-meta":"","header-below-stick-meta":"","astra-migrate-meta-layouts":"default","ast-page-background-enabled":"default","ast-page-background-meta":{"desktop":{"background-color":"","background-image":"","background-repeat":"repeat","background-position":"center center","background-size":"auto","background-attachment":"scroll","background-type":"","background-media":"","overlay-type":"","overlay-color":"","overlay-opacity":"","overlay-gradient":""},"tablet":{"background-color":"","background-image":"","background-repeat":"repeat","background-position":"center center","background-size":"auto","background-attachment":"scroll","background-type":"","background-media":"","overlay-type":"","overlay-color":"","overlay-opacity":"","overlay-gradient":""},"mobile":{"background-color":"","background-image":"","background-repeat":"repeat","background-position":"center center","background-size":"auto","background-attachment":"scroll","background-type":"","background-media":"","overlay-type":"","overlay-color":"","overlay-opacity":"","overlay-gradient":""}},"ast-content-background-meta":{"desktop":{"background-color":"var(--ast-global-color-5)","background-image":"","background-repeat":"repeat","background-position":"center center","background-size":"auto","background-attachment":"scroll","background-type":"","background-media":"","overlay-type":"","overlay-color":"","overlay-opacity":"","overlay-gradient":""},"tablet":{"background-color":"var(--ast-global-color-5)","background-image":"","background-repeat":"repeat","background-position":"center center","background-size":"auto","background-attachment":"scroll","background-type":"","background-media":"","overlay-type":"","overlay-color":"","overlay-opacity":"","overlay-gradient":""},"mobile":{"background-color":"var(--ast-global-color-5)","background-image":"","background-repeat":"repeat","background-position":"center center","background-size":"auto","background-attachment":"scroll","background-type":"","background-media":"","overlay-type":"","overlay-color":"","overlay-opacity":"","overlay-gradient":""}}},"product_brand":[],"product_cat":[66,75],"product_tag":[108],"class_list":{"0":"post-16848","1":"product","2":"type-product","3":"status-publish","4":"has-post-thumbnail","6":"product_cat-lisatarvikud","7":"product_cat-omblusmasina-presstallad","8":"product_tag-bernina","9":"desktop-align-left","10":"tablet-align-left","11":"mobile-align-left","13":"first","14":"instock","15":"taxable","16":"shipping-taxable","17":"purchasable","18":"product-type-simple"},"yoast_head":"<!-- This site is optimized with the Yoast SEO plugin v26.1.1 - https:\/\/yoast.com\/wordpress\/plugins\/seo\/ -->\n<title>Voltimistald Bernina #86 - Marevik O&Uuml;<\/title>\n<meta name=\"description\" content=\"Voltimistald Bernina #86 on kangaste lihtsa voltimise spetsialist. Presstallal saab muuta nii voldi s\u00fcgavust, kui ka kokkut\u00f5mbumise sagedust. See t\u00e4hendab, et saab valida voldi iga pistega, iga 6. v\u00f5i iga 12. pistega. Samuti on v\u00f5imalik \u00f5mmelda ilma voltimiseta.\" \/>\n<meta name=\"robots\" content=\"index, follow, max-snippet:-1, max-image-preview:large, max-video-preview:-1\" \/>\n<link rel=\"canonical\" href=\"https:\/\/marevik.ee\/test\/toode\/voltimistald-bernina-86\/\" \/>\n<meta property=\"og:locale\" content=\"en_US\" \/>\n<meta property=\"og:type\" content=\"article\" \/>\n<meta property=\"og:title\" content=\"Voltimistald Bernina #86 - Marevik O&Uuml;\" \/>\n<meta property=\"og:description\" content=\"Voltimistald Bernina #86 on kangaste lihtsa voltimise spetsialist. Presstallal saab muuta nii voldi s\u00fcgavust, kui ka kokkut\u00f5mbumise sagedust. See t\u00e4hendab, et saab valida voldi iga pistega, iga 6. v\u00f5i iga 12. pistega. Samuti on v\u00f5imalik \u00f5mmelda ilma voltimiseta.\" \/>\n<meta property=\"og:url\" content=\"https:\/\/marevik.ee\/test\/toode\/voltimistald-bernina-86\/\" \/>\n<meta property=\"og:site_name\" content=\"Marevik O&Uuml;\" \/>\n<meta property=\"og:image\" content=\"https:\/\/marevik.ee\/test\/wp-content\/uploads\/2025\/03\/86.jpg\" \/>\n\t<meta property=\"og:image:width\" content=\"500\" \/>\n\t<meta property=\"og:image:height\" content=\"333\" \/>\n\t<meta property=\"og:image:type\" content=\"image\/jpeg\" \/>\n<meta name=\"twitter:card\" content=\"summary_large_image\" \/>\n<meta name=\"twitter:label1\" content=\"Est. reading time\" \/>\n\t<meta name=\"twitter:data1\" content=\"1 minute\" \/>\n<script type=\"application\/ld+json\" class=\"yoast-schema-graph\">{\"@context\":\"https:\/\/schema.org\",\"@graph\":[{\"@type\":\"WebPage\",\"@id\":\"https:\/\/marevik.ee\/test\/toode\/voltimistald-bernina-86\/\",\"url\":\"https:\/\/marevik.ee\/test\/toode\/voltimistald-bernina-86\/\",\"name\":\"Voltimistald Bernina #86 - Marevik O&Uuml;\",\"isPartOf\":{\"@id\":\"https:\/\/marevik.ee\/test\/#website\"},\"primaryImageOfPage\":{\"@id\":\"https:\/\/marevik.ee\/test\/toode\/voltimistald-bernina-86\/#primaryimage\"},\"image\":{\"@id\":\"https:\/\/marevik.ee\/test\/toode\/voltimistald-bernina-86\/#primaryimage\"},\"thumbnailUrl\":\"https:\/\/marevik.ee\/test\/wp-content\/uploads\/2025\/03\/86.jpg\",\"datePublished\":\"2025-03-06T10:51:10+00:00\",\"description\":\"Voltimistald Bernina #86 on kangaste lihtsa voltimise spetsialist. Presstallal saab muuta nii voldi s\u00fcgavust, kui ka kokkut\u00f5mbumise sagedust. See t\u00e4hendab, et saab valida voldi iga pistega, iga 6. v\u00f5i iga 12. pistega. Samuti on v\u00f5imalik \u00f5mmelda ilma voltimiseta.\",\"breadcrumb\":{\"@id\":\"https:\/\/marevik.ee\/test\/toode\/voltimistald-bernina-86\/#breadcrumb\"},\"inLanguage\":\"en\",\"potentialAction\":[{\"@type\":\"ReadAction\",\"target\":[\"https:\/\/marevik.ee\/test\/toode\/voltimistald-bernina-86\/\"]}]},{\"@type\":\"ImageObject\",\"inLanguage\":\"en\",\"@id\":\"https:\/\/marevik.ee\/test\/toode\/voltimistald-bernina-86\/#primaryimage\",\"url\":\"https:\/\/marevik.ee\/test\/wp-content\/uploads\/2025\/03\/86.jpg\",\"contentUrl\":\"https:\/\/marevik.ee\/test\/wp-content\/uploads\/2025\/03\/86.jpg\",\"width\":500,\"height\":333},{\"@type\":\"BreadcrumbList\",\"@id\":\"https:\/\/marevik.ee\/test\/toode\/voltimistald-bernina-86\/#breadcrumb\",\"itemListElement\":[{\"@type\":\"ListItem\",\"position\":1,\"name\":\"Home\",\"item\":\"https:\/\/marevik.ee\/test\/\"},{\"@type\":\"ListItem\",\"position\":2,\"name\":\"E-POOD\",\"item\":\"https:\/\/marevik.ee\/test\/epood\/\"},{\"@type\":\"ListItem\",\"position\":3,\"name\":\"Voltimistald Bernina #86\"}]},{\"@type\":\"WebSite\",\"@id\":\"https:\/\/marevik.ee\/test\/#website\",\"url\":\"https:\/\/marevik.ee\/test\/\",\"name\":\"Marevik O&Uuml;\",\"description\":\"&Otilde;mblusmasina asjatundja\",\"publisher\":{\"@id\":\"https:\/\/marevik.ee\/test\/#organization\"},\"potentialAction\":[{\"@type\":\"SearchAction\",\"target\":{\"@type\":\"EntryPoint\",\"urlTemplate\":\"https:\/\/marevik.ee\/test\/?s={search_term_string}\"},\"query-input\":{\"@type\":\"PropertyValueSpecification\",\"valueRequired\":true,\"valueName\":\"search_term_string\"}}],\"inLanguage\":\"en\"},{\"@type\":\"Organization\",\"@id\":\"https:\/\/marevik.ee\/test\/#organization\",\"name\":\"Marevik O&Uuml;\",\"url\":\"https:\/\/marevik.ee\/test\/\",\"logo\":{\"@type\":\"ImageObject\",\"inLanguage\":\"en\",\"@id\":\"https:\/\/marevik.ee\/test\/#\/schema\/logo\/image\/\",\"url\":\"https:\/\/marevik.ee\/test\/wp-content\/uploads\/2020\/02\/mblusmasina-asjatundja-1994_173x105_veebi_v-ike.jpg\",\"contentUrl\":\"https:\/\/marevik.ee\/test\/wp-content\/uploads\/2020\/02\/mblusmasina-asjatundja-1994_173x105_veebi_v-ike.jpg\",\"width\":173,\"height\":105,\"caption\":\"Marevik O&Uuml;\"},\"image\":{\"@id\":\"https:\/\/marevik.ee\/test\/#\/schema\/logo\/image\/\"}}]}<\/script>\n<!-- \/ Yoast SEO plugin. -->","yoast_head_json":{"title":"Voltimistald Bernina #86 - Marevik O&Uuml;","description":"Voltimistald Bernina #86 on kangaste lihtsa voltimise spetsialist. Presstallal saab muuta nii voldi s\u00fcgavust, kui ka kokkut\u00f5mbumise sagedust. See t\u00e4hendab, et saab valida voldi iga pistega, iga 6. v\u00f5i iga 12. pistega. Samuti on v\u00f5imalik \u00f5mmelda ilma voltimiseta.","robots":{"index":"index","follow":"follow","max-snippet":"max-snippet:-1","max-image-preview":"max-image-preview:large","max-video-preview":"max-video-preview:-1"},"canonical":"https:\/\/marevik.ee\/test\/toode\/voltimistald-bernina-86\/","og_locale":"en_US","og_type":"article","og_title":"Voltimistald Bernina #86 - Marevik O&Uuml;","og_description":"Voltimistald Bernina #86 on kangaste lihtsa voltimise spetsialist. Presstallal saab muuta nii voldi s\u00fcgavust, kui ka kokkut\u00f5mbumise sagedust. See t\u00e4hendab, et saab valida voldi iga pistega, iga 6. v\u00f5i iga 12. pistega. Samuti on v\u00f5imalik \u00f5mmelda ilma voltimiseta.","og_url":"https:\/\/marevik.ee\/test\/toode\/voltimistald-bernina-86\/","og_site_name":"Marevik O&Uuml;","og_image":[{"width":500,"height":333,"url":"https:\/\/marevik.ee\/test\/wp-content\/uploads\/2025\/03\/86.jpg","type":"image\/jpeg"}],"twitter_card":"summary_large_image","twitter_misc":{"Est. reading time":"1 minute"},"schema":{"@context":"https:\/\/schema.org","@graph":[{"@type":"WebPage","@id":"https:\/\/marevik.ee\/test\/toode\/voltimistald-bernina-86\/","url":"https:\/\/marevik.ee\/test\/toode\/voltimistald-bernina-86\/","name":"Voltimistald Bernina #86 - Marevik O&Uuml;","isPartOf":{"@id":"https:\/\/marevik.ee\/test\/#website"},"primaryImageOfPage":{"@id":"https:\/\/marevik.ee\/test\/toode\/voltimistald-bernina-86\/#primaryimage"},"image":{"@id":"https:\/\/marevik.ee\/test\/toode\/voltimistald-bernina-86\/#primaryimage"},"thumbnailUrl":"https:\/\/marevik.ee\/test\/wp-content\/uploads\/2025\/03\/86.jpg","datePublished":"2025-03-06T10:51:10+00:00","description":"Voltimistald Bernina #86 on kangaste lihtsa voltimise spetsialist. Presstallal saab muuta nii voldi s\u00fcgavust, kui ka kokkut\u00f5mbumise sagedust. See t\u00e4hendab, et saab valida voldi iga pistega, iga 6. v\u00f5i iga 12. pistega. Samuti on v\u00f5imalik \u00f5mmelda ilma voltimiseta.","breadcrumb":{"@id":"https:\/\/marevik.ee\/test\/toode\/voltimistald-bernina-86\/#breadcrumb"},"inLanguage":"en","potentialAction":[{"@type":"ReadAction","target":["https:\/\/marevik.ee\/test\/toode\/voltimistald-bernina-86\/"]}]},{"@type":"ImageObject","inLanguage":"en","@id":"https:\/\/marevik.ee\/test\/toode\/voltimistald-bernina-86\/#primaryimage","url":"https:\/\/marevik.ee\/test\/wp-content\/uploads\/2025\/03\/86.jpg","contentUrl":"https:\/\/marevik.ee\/test\/wp-content\/uploads\/2025\/03\/86.jpg","width":500,"height":333},{"@type":"BreadcrumbList","@id":"https:\/\/marevik.ee\/test\/toode\/voltimistald-bernina-86\/#breadcrumb","itemListElement":[{"@type":"ListItem","position":1,"name":"Home","item":"https:\/\/marevik.ee\/test\/"},{"@type":"ListItem","position":2,"name":"E-POOD","item":"https:\/\/marevik.ee\/test\/epood\/"},{"@type":"ListItem","position":3,"name":"Voltimistald Bernina #86"}]},{"@type":"WebSite","@id":"https:\/\/marevik.ee\/test\/#website","url":"https:\/\/marevik.ee\/test\/","name":"Marevik O&Uuml;","description":"&Otilde;mblusmasina asjatundja","publisher":{"@id":"https:\/\/marevik.ee\/test\/#organization"},"potentialAction":[{"@type":"SearchAction","target":{"@type":"EntryPoint","urlTemplate":"https:\/\/marevik.ee\/test\/?s={search_term_string}"},"query-input":{"@type":"PropertyValueSpecification","valueRequired":true,"valueName":"search_term_string"}}],"inLanguage":"en"},{"@type":"Organization","@id":"https:\/\/marevik.ee\/test\/#organization","name":"Marevik O&Uuml;","url":"https:\/\/marevik.ee\/test\/","logo":{"@type":"ImageObject","inLanguage":"en","@id":"https:\/\/marevik.ee\/test\/#\/schema\/logo\/image\/","url":"https:\/\/marevik.ee\/test\/wp-content\/uploads\/2020\/02\/mblusmasina-asjatundja-1994_173x105_veebi_v-ike.jpg","contentUrl":"https:\/\/marevik.ee\/test\/wp-content\/uploads\/2020\/02\/mblusmasina-asjatundja-1994_173x105_veebi_v-ike.jpg","width":173,"height":105,"caption":"Marevik O&Uuml;"},"image":{"@id":"https:\/\/marevik.ee\/test\/#\/schema\/logo\/image\/"}}]}},"_links":{"self":[{"href":"https:\/\/marevik.ee\/test\/wp-json\/wp\/v2\/product\/16848","targetHints":{"allow":["GET"]}}],"collection":[{"href":"https:\/\/marevik.ee\/test\/wp-json\/wp\/v2\/product"}],"about":[{"href":"https:\/\/marevik.ee\/test\/wp-json\/wp\/v2\/types\/product"}],"wp:featuredmedia":[{"embeddable":true,"href":"https:\/\/marevik.ee\/test\/wp-json\/wp\/v2\/media\/16849"}],"wp:attachment":[{"href":"https:\/\/marevik.ee\/test\/wp-json\/wp\/v2\/media?parent=16848"}],"wp:term":[{"taxonomy":"product_brand","embeddable":true,"href":"https:\/\/marevik.ee\/test\/wp-json\/wp\/v2\/product_brand?post=16848"},{"taxonomy":"product_cat","embeddable":true,"href":"https:\/\/marevik.ee\/test\/wp-json\/wp\/v2\/product_cat?post=16848"},{"taxonomy":"product_tag","embeddable":true,"href":"https:\/\/marevik.ee\/test\/wp-json\/wp\/v2\/product_tag?post=16848"}],"curies":[{"name":"wp","href":"https:\/\/api.w.org\/{rel}","templated":true}]}}