{"id":16917,"date":"2025-04-01T10:35:22","date_gmt":"2025-04-01T10:35:22","guid":{"rendered":"https:\/\/marevik.ee\/test\/?post_type=product&#038;p=16917"},"modified":"2025-04-01T11:09:51","modified_gmt":"2025-04-01T11:09:51","slug":"omblus-ja-tikkimismasin-stellaire-innov-is-xj2-brother","status":"publish","type":"product","link":"https:\/\/marevik.ee\/test\/toode\/omblus-ja-tikkimismasin-stellaire-innov-is-xj2-brother\/","title":{"rendered":"\u00d5mblus- ja tikkimismasin Stellaire Innov-is XJ2 Brother"},"content":{"rendered":"<p><strong>\u00d5mblemine<\/strong><\/p>\n<p>760 \u00f5mblusoperatsiooni<br \/>\n16 t\u00e4isautomaatset n\u00f6\u00f6pauku<br \/>\n29 n\u00f5elapositsiooni<br \/>\nPiste pikkus kuni 5mm<br \/>\nPiste laius kuni 7mm<br \/>\n8 erinevat fonti (suured ja v\u00e4ikesed t\u00e4hed)\u200f<br \/>\n\u00d5mblemine k\u00fclgsuunas, kus dekoratiivpistete laius kuni 40mm<br \/>\n\u00d5mbluskiirus 1050 pistet minutis<br \/>\n10 m\u00e4lukohta kombineeritud pistete ja tekstide salvestamiseks<br \/>\nOma pistete loomine<br \/>\nAutomaatne, elektrooniline presstalla surve regulaator<br \/>\nP\u00f5lvekang presstalla t\u00f5stmiseks\/langetamiseks<br \/>\n7-osaline s\u00f6\u00f6tehammastik SFDS (Square Feed Drive System)<br \/>\nStart\/stop nupp pedaalita \u00f5mblemiseks<br \/>\nLED t\u00f6\u00f6laua valgustus, niidil\u00f5ikus, automaatne n\u00f5elasilma niidistaja, vabavars ja palju muud, mis kaasaegsel \u00f5mblusmasinal elementaarne.<\/p>\n<p><strong>Tikkimine<\/strong><\/p>\n<p>Tikkimispiirkond 360 x 240 mm<br \/>\n26 erinevat fonti<br \/>\n889 tikkimismotiivi<br \/>\nTikandraamid (10 raami, 14 pistet)\u200f<br \/>\nUSB-liides m\u00e4lupulgale<br \/>\nUSB-liides kaablile arvutiga \u00fchendamiseks<br \/>\nWireless tikandi transportimine<br \/>\nTikkimiskiirus kuni 1050 pistet minutis<br \/>\nV\u00e4rviline LCD puuteekraan<br \/>\nLED osuti, v\u00f5imaldab mugavalt ja kiirelt m\u00e4\u00e4rata keskpunkti kangal<br \/>\nTikandi kujundamine ekraanil: mastaapimine, p\u00f6\u00f6ramine 1, 10 v\u00f5i 90 kraaadi, peegelpilt<br \/>\nReaalne eelvaade tikandile<br \/>\nTikandi asukoha kontrollimine 4-s erinevas punktis<br \/>\nJ\u00e4tkamisfunktsioon, mis voolu katkemise j\u00e4rgselt lubab j\u00e4tkata pooleli j\u00e4\u00e4nud kohas.<br \/>\nAutomaatne niidipinge<br \/>\nAutomaatne niidil\u00f5ikur<br \/>\nElektrooniline n\u00f5elasilmaniidistaja<br \/>\nMasina peatumine niidi katkemise korral<br \/>\nMasinas erinevate niiditootjate valik<br \/>\nKomplektis 2 tikkimisraami 360x240mm ja 180x130mm<\/p>\n<div class=\"ast-oembed-container \" style=\"height: 100%;\"><iframe title=\"Brother Stellaire Innov-is XE2 and XJ2: creativity redesigned\" width=\"500\" height=\"281\" src=\"https:\/\/www.youtube.com\/embed\/by6jn7jJWwg?feature=oembed\" frameborder=\"0\" allow=\"accelerometer; autoplay; clipboard-write; encrypted-media; gyroscope; picture-in-picture; web-share\" referrerpolicy=\"strict-origin-when-cross-origin\" allowfullscreen><\/iframe><\/div>\n","protected":false},"excerpt":{"rendered":"<p>Vaata, kuidas Sinu loovus uue Stellaire Innov-is XJ2-ga ellu \u00e4rkab. Brother uusimatest tehnoloogilistest uuendustest tulvil \u00f5mblus -ja tikkimismasin on ideaalne t\u00e4iendus Sinu \u00f5mblustuppa. Suurema v\u00f5imsuse, t\u00e4psuse ja rohkemate disainide ning \u00f5mblustega \u2013 on aeg tuua oma uus Stellaire koju.<br \/>\nTikkimispiirkond 36&#215;24 cm, t\u00f6\u00f6tasapind n\u00f5elast paremale 28,5 cm, 10,1\u201c v\u00e4rviline puutetundlik High-Resolution IPS LCD ekraan, 889 valmisdisaini ja palju-palju muud!<\/p>\n","protected":false},"featured_media":16926,"template":"","meta":{"site-sidebar-layout":"default","site-content-layout":"default","ast-site-content-layout":"","site-content-style":"default","site-sidebar-style":"default","ast-global-header-display":"","ast-banner-title-visibility":"","ast-main-header-display":"","ast-hfb-above-header-display":"","ast-hfb-below-header-display":"","ast-hfb-mobile-header-display":"","site-post-title":"","ast-breadcrumbs-content":"","ast-featured-img":"","footer-sml-layout":"","theme-transparent-header-meta":"default","adv-header-id-meta":"","stick-header-meta":"","header-above-stick-meta":"","header-main-stick-meta":"","header-below-stick-meta":"","astra-migrate-meta-layouts":"default","ast-page-background-enabled":"default","ast-page-background-meta":{"desktop":{"background-color":"","background-image":"","background-repeat":"repeat","background-position":"center center","background-size":"auto","background-attachment":"scroll","background-type":"","background-media":"","overlay-type":"","overlay-color":"","overlay-opacity":"","overlay-gradient":""},"tablet":{"background-color":"","background-image":"","background-repeat":"repeat","background-position":"center center","background-size":"auto","background-attachment":"scroll","background-type":"","background-media":"","overlay-type":"","overlay-color":"","overlay-opacity":"","overlay-gradient":""},"mobile":{"background-color":"","background-image":"","background-repeat":"repeat","background-position":"center center","background-size":"auto","background-attachment":"scroll","background-type":"","background-media":"","overlay-type":"","overlay-color":"","overlay-opacity":"","overlay-gradient":""}},"ast-content-background-meta":{"desktop":{"background-color":"var(--ast-global-color-5)","background-image":"","background-repeat":"repeat","background-position":"center center","background-size":"auto","background-attachment":"scroll","background-type":"","background-media":"","overlay-type":"","overlay-color":"","overlay-opacity":"","overlay-gradient":""},"tablet":{"background-color":"var(--ast-global-color-5)","background-image":"","background-repeat":"repeat","background-position":"center center","background-size":"auto","background-attachment":"scroll","background-type":"","background-media":"","overlay-type":"","overlay-color":"","overlay-opacity":"","overlay-gradient":""},"mobile":{"background-color":"var(--ast-global-color-5)","background-image":"","background-repeat":"repeat","background-position":"center center","background-size":"auto","background-attachment":"scroll","background-type":"","background-media":"","overlay-type":"","overlay-color":"","overlay-opacity":"","overlay-gradient":""}}},"product_brand":[],"product_cat":[86,68,60,63],"product_tag":[85],"class_list":{"0":"post-16917","1":"product","2":"type-product","3":"status-publish","4":"has-post-thumbnail","6":"product_cat-brother-tikkimismasinad","7":"product_cat-brother","8":"product_cat-omblusmasinad","9":"product_cat-tikkimismasinad","10":"product_tag-brother","11":"desktop-align-left","12":"tablet-align-left","13":"mobile-align-left","15":"first","16":"onbackorder","17":"taxable","18":"shipping-taxable","19":"purchasable","20":"product-type-simple"},"yoast_head":"<!-- This site is optimized with the Yoast SEO plugin v26.1.1 - https:\/\/yoast.com\/wordpress\/plugins\/seo\/ -->\n<title>\u00d5mblus- ja tikkimismasin Stellaire Innov-is XJ2 Brother - Marevik O&Uuml;<\/title>\n<meta name=\"description\" content=\"Vaata, kuidas Sinu loovus uue Stellaire Innov-is XJ2-ga ellu \u00e4rkab. Brother uusimatest tehnoloogilistest uuendustest tulvil \u00f5mblus -ja tikkimismasin on ideaalne t\u00e4iendus Sinu \u00f5mblustuppa. Suurema v\u00f5imsuse, t\u00e4psuse ja rohkemate disainide ning \u00f5mblustega \u2013 on aeg tuua oma uus Stellaire koju.Tikkimispiirkond 36x24 cm, t\u00f6\u00f6tasapind n\u00f5elast paremale 28,5 cm, 10,1\u201c v\u00e4rviline puutetundlik High-Resolution IPS LCD ekraan, 889 valmisdisaini ja palju-palju muud!\" \/>\n<meta name=\"robots\" content=\"index, follow, max-snippet:-1, max-image-preview:large, max-video-preview:-1\" \/>\n<link rel=\"canonical\" href=\"https:\/\/marevik.ee\/test\/toode\/omblus-ja-tikkimismasin-stellaire-innov-is-xj2-brother\/\" \/>\n<meta property=\"og:locale\" content=\"en_US\" \/>\n<meta property=\"og:type\" content=\"article\" \/>\n<meta property=\"og:title\" content=\"\u00d5mblus- ja tikkimismasin Stellaire Innov-is XJ2 Brother - Marevik O&Uuml;\" \/>\n<meta property=\"og:description\" content=\"Vaata, kuidas Sinu loovus uue Stellaire Innov-is XJ2-ga ellu \u00e4rkab. Brother uusimatest tehnoloogilistest uuendustest tulvil \u00f5mblus -ja tikkimismasin on ideaalne t\u00e4iendus Sinu \u00f5mblustuppa. Suurema v\u00f5imsuse, t\u00e4psuse ja rohkemate disainide ning \u00f5mblustega \u2013 on aeg tuua oma uus Stellaire koju.Tikkimispiirkond 36x24 cm, t\u00f6\u00f6tasapind n\u00f5elast paremale 28,5 cm, 10,1\u201c v\u00e4rviline puutetundlik High-Resolution IPS LCD ekraan, 889 valmisdisaini ja palju-palju muud!\" \/>\n<meta property=\"og:url\" content=\"https:\/\/marevik.ee\/test\/toode\/omblus-ja-tikkimismasin-stellaire-innov-is-xj2-brother\/\" \/>\n<meta property=\"og:site_name\" content=\"Marevik O&Uuml;\" \/>\n<meta property=\"article:modified_time\" content=\"2025-04-01T11:09:51+00:00\" \/>\n<meta property=\"og:image\" content=\"https:\/\/marevik.ee\/test\/wp-content\/uploads\/2025\/04\/Innov-is-XJ2-Brother.png\" \/>\n\t<meta property=\"og:image:width\" content=\"500\" \/>\n\t<meta property=\"og:image:height\" content=\"500\" \/>\n\t<meta property=\"og:image:type\" content=\"image\/png\" \/>\n<meta name=\"twitter:card\" content=\"summary_large_image\" \/>\n<meta name=\"twitter:label1\" content=\"Est. reading time\" \/>\n\t<meta name=\"twitter:data1\" content=\"2 minutes\" \/>\n<script type=\"application\/ld+json\" class=\"yoast-schema-graph\">{\"@context\":\"https:\/\/schema.org\",\"@graph\":[{\"@type\":\"WebPage\",\"@id\":\"https:\/\/marevik.ee\/test\/toode\/omblus-ja-tikkimismasin-stellaire-innov-is-xj2-brother\/\",\"url\":\"https:\/\/marevik.ee\/test\/toode\/omblus-ja-tikkimismasin-stellaire-innov-is-xj2-brother\/\",\"name\":\"\u00d5mblus- ja tikkimismasin Stellaire Innov-is XJ2 Brother - Marevik O&Uuml;\",\"isPartOf\":{\"@id\":\"https:\/\/marevik.ee\/test\/#website\"},\"primaryImageOfPage\":{\"@id\":\"https:\/\/marevik.ee\/test\/toode\/omblus-ja-tikkimismasin-stellaire-innov-is-xj2-brother\/#primaryimage\"},\"image\":{\"@id\":\"https:\/\/marevik.ee\/test\/toode\/omblus-ja-tikkimismasin-stellaire-innov-is-xj2-brother\/#primaryimage\"},\"thumbnailUrl\":\"https:\/\/marevik.ee\/test\/wp-content\/uploads\/2025\/04\/Innov-is-XJ2-Brother.png\",\"datePublished\":\"2025-04-01T10:35:22+00:00\",\"dateModified\":\"2025-04-01T11:09:51+00:00\",\"description\":\"Vaata, kuidas Sinu loovus uue Stellaire Innov-is XJ2-ga ellu \u00e4rkab. Brother uusimatest tehnoloogilistest uuendustest tulvil \u00f5mblus -ja tikkimismasin on ideaalne t\u00e4iendus Sinu \u00f5mblustuppa. Suurema v\u00f5imsuse, t\u00e4psuse ja rohkemate disainide ning \u00f5mblustega \u2013 on aeg tuua oma uus Stellaire koju.Tikkimispiirkond 36x24 cm, t\u00f6\u00f6tasapind n\u00f5elast paremale 28,5 cm, 10,1\u201c v\u00e4rviline puutetundlik High-Resolution IPS LCD ekraan, 889 valmisdisaini ja palju-palju muud!\",\"breadcrumb\":{\"@id\":\"https:\/\/marevik.ee\/test\/toode\/omblus-ja-tikkimismasin-stellaire-innov-is-xj2-brother\/#breadcrumb\"},\"inLanguage\":\"en\",\"potentialAction\":[{\"@type\":\"ReadAction\",\"target\":[\"https:\/\/marevik.ee\/test\/toode\/omblus-ja-tikkimismasin-stellaire-innov-is-xj2-brother\/\"]}]},{\"@type\":\"ImageObject\",\"inLanguage\":\"en\",\"@id\":\"https:\/\/marevik.ee\/test\/toode\/omblus-ja-tikkimismasin-stellaire-innov-is-xj2-brother\/#primaryimage\",\"url\":\"https:\/\/marevik.ee\/test\/wp-content\/uploads\/2025\/04\/Innov-is-XJ2-Brother.png\",\"contentUrl\":\"https:\/\/marevik.ee\/test\/wp-content\/uploads\/2025\/04\/Innov-is-XJ2-Brother.png\",\"width\":500,\"height\":500},{\"@type\":\"BreadcrumbList\",\"@id\":\"https:\/\/marevik.ee\/test\/toode\/omblus-ja-tikkimismasin-stellaire-innov-is-xj2-brother\/#breadcrumb\",\"itemListElement\":[{\"@type\":\"ListItem\",\"position\":1,\"name\":\"Home\",\"item\":\"https:\/\/marevik.ee\/test\/\"},{\"@type\":\"ListItem\",\"position\":2,\"name\":\"E-POOD\",\"item\":\"https:\/\/marevik.ee\/test\/epood\/\"},{\"@type\":\"ListItem\",\"position\":3,\"name\":\"\u00d5mblus- ja tikkimismasin Stellaire Innov-is XJ2 Brother\"}]},{\"@type\":\"WebSite\",\"@id\":\"https:\/\/marevik.ee\/test\/#website\",\"url\":\"https:\/\/marevik.ee\/test\/\",\"name\":\"Marevik O&Uuml;\",\"description\":\"&Otilde;mblusmasina asjatundja\",\"publisher\":{\"@id\":\"https:\/\/marevik.ee\/test\/#organization\"},\"potentialAction\":[{\"@type\":\"SearchAction\",\"target\":{\"@type\":\"EntryPoint\",\"urlTemplate\":\"https:\/\/marevik.ee\/test\/?s={search_term_string}\"},\"query-input\":{\"@type\":\"PropertyValueSpecification\",\"valueRequired\":true,\"valueName\":\"search_term_string\"}}],\"inLanguage\":\"en\"},{\"@type\":\"Organization\",\"@id\":\"https:\/\/marevik.ee\/test\/#organization\",\"name\":\"Marevik O&Uuml;\",\"url\":\"https:\/\/marevik.ee\/test\/\",\"logo\":{\"@type\":\"ImageObject\",\"inLanguage\":\"en\",\"@id\":\"https:\/\/marevik.ee\/test\/#\/schema\/logo\/image\/\",\"url\":\"https:\/\/marevik.ee\/test\/wp-content\/uploads\/2020\/02\/mblusmasina-asjatundja-1994_173x105_veebi_v-ike.jpg\",\"contentUrl\":\"https:\/\/marevik.ee\/test\/wp-content\/uploads\/2020\/02\/mblusmasina-asjatundja-1994_173x105_veebi_v-ike.jpg\",\"width\":173,\"height\":105,\"caption\":\"Marevik O&Uuml;\"},\"image\":{\"@id\":\"https:\/\/marevik.ee\/test\/#\/schema\/logo\/image\/\"}}]}<\/script>\n<!-- \/ Yoast SEO plugin. -->","yoast_head_json":{"title":"\u00d5mblus- ja tikkimismasin Stellaire Innov-is XJ2 Brother - Marevik O&Uuml;","description":"Vaata, kuidas Sinu loovus uue Stellaire Innov-is XJ2-ga ellu \u00e4rkab. Brother uusimatest tehnoloogilistest uuendustest tulvil \u00f5mblus -ja tikkimismasin on ideaalne t\u00e4iendus Sinu \u00f5mblustuppa. Suurema v\u00f5imsuse, t\u00e4psuse ja rohkemate disainide ning \u00f5mblustega \u2013 on aeg tuua oma uus Stellaire koju.Tikkimispiirkond 36x24 cm, t\u00f6\u00f6tasapind n\u00f5elast paremale 28,5 cm, 10,1\u201c v\u00e4rviline puutetundlik High-Resolution IPS LCD ekraan, 889 valmisdisaini ja palju-palju muud!","robots":{"index":"index","follow":"follow","max-snippet":"max-snippet:-1","max-image-preview":"max-image-preview:large","max-video-preview":"max-video-preview:-1"},"canonical":"https:\/\/marevik.ee\/test\/toode\/omblus-ja-tikkimismasin-stellaire-innov-is-xj2-brother\/","og_locale":"en_US","og_type":"article","og_title":"\u00d5mblus- ja tikkimismasin Stellaire Innov-is XJ2 Brother - Marevik O&Uuml;","og_description":"Vaata, kuidas Sinu loovus uue Stellaire Innov-is XJ2-ga ellu \u00e4rkab. Brother uusimatest tehnoloogilistest uuendustest tulvil \u00f5mblus -ja tikkimismasin on ideaalne t\u00e4iendus Sinu \u00f5mblustuppa. Suurema v\u00f5imsuse, t\u00e4psuse ja rohkemate disainide ning \u00f5mblustega \u2013 on aeg tuua oma uus Stellaire koju.Tikkimispiirkond 36x24 cm, t\u00f6\u00f6tasapind n\u00f5elast paremale 28,5 cm, 10,1\u201c v\u00e4rviline puutetundlik High-Resolution IPS LCD ekraan, 889 valmisdisaini ja palju-palju muud!","og_url":"https:\/\/marevik.ee\/test\/toode\/omblus-ja-tikkimismasin-stellaire-innov-is-xj2-brother\/","og_site_name":"Marevik O&Uuml;","article_modified_time":"2025-04-01T11:09:51+00:00","og_image":[{"width":500,"height":500,"url":"https:\/\/marevik.ee\/test\/wp-content\/uploads\/2025\/04\/Innov-is-XJ2-Brother.png","type":"image\/png"}],"twitter_card":"summary_large_image","twitter_misc":{"Est. reading time":"2 minutes"},"schema":{"@context":"https:\/\/schema.org","@graph":[{"@type":"WebPage","@id":"https:\/\/marevik.ee\/test\/toode\/omblus-ja-tikkimismasin-stellaire-innov-is-xj2-brother\/","url":"https:\/\/marevik.ee\/test\/toode\/omblus-ja-tikkimismasin-stellaire-innov-is-xj2-brother\/","name":"\u00d5mblus- ja tikkimismasin Stellaire Innov-is XJ2 Brother - Marevik O&Uuml;","isPartOf":{"@id":"https:\/\/marevik.ee\/test\/#website"},"primaryImageOfPage":{"@id":"https:\/\/marevik.ee\/test\/toode\/omblus-ja-tikkimismasin-stellaire-innov-is-xj2-brother\/#primaryimage"},"image":{"@id":"https:\/\/marevik.ee\/test\/toode\/omblus-ja-tikkimismasin-stellaire-innov-is-xj2-brother\/#primaryimage"},"thumbnailUrl":"https:\/\/marevik.ee\/test\/wp-content\/uploads\/2025\/04\/Innov-is-XJ2-Brother.png","datePublished":"2025-04-01T10:35:22+00:00","dateModified":"2025-04-01T11:09:51+00:00","description":"Vaata, kuidas Sinu loovus uue Stellaire Innov-is XJ2-ga ellu \u00e4rkab. Brother uusimatest tehnoloogilistest uuendustest tulvil \u00f5mblus -ja tikkimismasin on ideaalne t\u00e4iendus Sinu \u00f5mblustuppa. Suurema v\u00f5imsuse, t\u00e4psuse ja rohkemate disainide ning \u00f5mblustega \u2013 on aeg tuua oma uus Stellaire koju.Tikkimispiirkond 36x24 cm, t\u00f6\u00f6tasapind n\u00f5elast paremale 28,5 cm, 10,1\u201c v\u00e4rviline puutetundlik High-Resolution IPS LCD ekraan, 889 valmisdisaini ja palju-palju muud!","breadcrumb":{"@id":"https:\/\/marevik.ee\/test\/toode\/omblus-ja-tikkimismasin-stellaire-innov-is-xj2-brother\/#breadcrumb"},"inLanguage":"en","potentialAction":[{"@type":"ReadAction","target":["https:\/\/marevik.ee\/test\/toode\/omblus-ja-tikkimismasin-stellaire-innov-is-xj2-brother\/"]}]},{"@type":"ImageObject","inLanguage":"en","@id":"https:\/\/marevik.ee\/test\/toode\/omblus-ja-tikkimismasin-stellaire-innov-is-xj2-brother\/#primaryimage","url":"https:\/\/marevik.ee\/test\/wp-content\/uploads\/2025\/04\/Innov-is-XJ2-Brother.png","contentUrl":"https:\/\/marevik.ee\/test\/wp-content\/uploads\/2025\/04\/Innov-is-XJ2-Brother.png","width":500,"height":500},{"@type":"BreadcrumbList","@id":"https:\/\/marevik.ee\/test\/toode\/omblus-ja-tikkimismasin-stellaire-innov-is-xj2-brother\/#breadcrumb","itemListElement":[{"@type":"ListItem","position":1,"name":"Home","item":"https:\/\/marevik.ee\/test\/"},{"@type":"ListItem","position":2,"name":"E-POOD","item":"https:\/\/marevik.ee\/test\/epood\/"},{"@type":"ListItem","position":3,"name":"\u00d5mblus- ja tikkimismasin Stellaire Innov-is XJ2 Brother"}]},{"@type":"WebSite","@id":"https:\/\/marevik.ee\/test\/#website","url":"https:\/\/marevik.ee\/test\/","name":"Marevik O&Uuml;","description":"&Otilde;mblusmasina asjatundja","publisher":{"@id":"https:\/\/marevik.ee\/test\/#organization"},"potentialAction":[{"@type":"SearchAction","target":{"@type":"EntryPoint","urlTemplate":"https:\/\/marevik.ee\/test\/?s={search_term_string}"},"query-input":{"@type":"PropertyValueSpecification","valueRequired":true,"valueName":"search_term_string"}}],"inLanguage":"en"},{"@type":"Organization","@id":"https:\/\/marevik.ee\/test\/#organization","name":"Marevik O&Uuml;","url":"https:\/\/marevik.ee\/test\/","logo":{"@type":"ImageObject","inLanguage":"en","@id":"https:\/\/marevik.ee\/test\/#\/schema\/logo\/image\/","url":"https:\/\/marevik.ee\/test\/wp-content\/uploads\/2020\/02\/mblusmasina-asjatundja-1994_173x105_veebi_v-ike.jpg","contentUrl":"https:\/\/marevik.ee\/test\/wp-content\/uploads\/2020\/02\/mblusmasina-asjatundja-1994_173x105_veebi_v-ike.jpg","width":173,"height":105,"caption":"Marevik O&Uuml;"},"image":{"@id":"https:\/\/marevik.ee\/test\/#\/schema\/logo\/image\/"}}]}},"_links":{"self":[{"href":"https:\/\/marevik.ee\/test\/wp-json\/wp\/v2\/product\/16917","targetHints":{"allow":["GET"]}}],"collection":[{"href":"https:\/\/marevik.ee\/test\/wp-json\/wp\/v2\/product"}],"about":[{"href":"https:\/\/marevik.ee\/test\/wp-json\/wp\/v2\/types\/product"}],"wp:featuredmedia":[{"embeddable":true,"href":"https:\/\/marevik.ee\/test\/wp-json\/wp\/v2\/media\/16926"}],"wp:attachment":[{"href":"https:\/\/marevik.ee\/test\/wp-json\/wp\/v2\/media?parent=16917"}],"wp:term":[{"taxonomy":"product_brand","embeddable":true,"href":"https:\/\/marevik.ee\/test\/wp-json\/wp\/v2\/product_brand?post=16917"},{"taxonomy":"product_cat","embeddable":true,"href":"https:\/\/marevik.ee\/test\/wp-json\/wp\/v2\/product_cat?post=16917"},{"taxonomy":"product_tag","embeddable":true,"href":"https:\/\/marevik.ee\/test\/wp-json\/wp\/v2\/product_tag?post=16917"}],"curies":[{"name":"wp","href":"https:\/\/api.w.org\/{rel}","templated":true}]}}