{"id":16990,"date":"2025-04-23T09:21:28","date_gmt":"2025-04-23T09:21:28","guid":{"rendered":"https:\/\/marevik.ee\/test\/?post_type=product&#038;p=16990"},"modified":"2025-07-31T08:10:38","modified_gmt":"2025-07-31T08:10:38","slug":"bernina-l860-overlok","status":"publish","type":"product","link":"https:\/\/marevik.ee\/test\/toode\/bernina-l860-overlok\/","title":{"rendered":"Bernina L860 overlok"},"content":{"rendered":"<p>18 erinevat \u00e4\u00e4ristus\u00f5mblust<br \/>\nPistepikkus 0,8-4,5 mm<br \/>\nDiferensiaals\u00f6\u00f6te valem 0,7-1 mm venivus ja 1-2mm krooge<br \/>\nSuur t\u00f6\u00f6lauaala, ruum n\u00f5elast paremale 143 mm<br \/>\nPresstalla surve reguleerimine<br \/>\nNiidi peenh\u00e4\u00e4lestus funktsioon (MTC)<br \/>\nP\u00f5lvekangiga presstalla t\u00f5stmine<br \/>\nLED kohtvalgustus<br \/>\n\u00d5mbluskiirus kuni 1500 pm.<br \/>\nMootori v\u00f5imsus 140 w.<br \/>\nMasina gabariidid 44x29x41,5<br \/>\nMasina kaal 12,5 kg<br \/>\nVarustusse kuulub: 5 varun\u00f5ela, kruvikeeraja, puhastushari, pintsetid, ekraani puutepliiats, tarvikute karp, niidikanalite puhastustross, \u00fclemise silmusti adapter, n\u00f5elasilma niidistaja, \u00f5li, niidiv\u00f5rgud ja niidirulli stopperid (4tk), varunuga, kanga suunaja, mutriv\u00f5ti noa eemaldamiseks, t\u00f6\u00f6laua laiendus, pr\u00fcgikorjaja, p\u00f5lvkang ja tugevast kangast masina kaitsekate.<\/p>\n<div class=\"ast-oembed-container \" style=\"height: 100%;\"><iframe title=\"L 860 Overlocker: Getting started\" width=\"500\" height=\"281\" src=\"https:\/\/www.youtube.com\/embed\/NygAkWy8d2U?feature=oembed\" frameborder=\"0\" allow=\"accelerometer; autoplay; clipboard-write; encrypted-media; gyroscope; picture-in-picture; web-share\" referrerpolicy=\"strict-origin-when-cross-origin\" allowfullscreen><\/iframe><\/div>\n","protected":false},"excerpt":{"rendered":"<p>Bernina L860 on \u0160veitsi kvaliteeti pakkuv overlok, mis vastab ka k\u00f5ige n\u00f5udlikuma kasutaja ootustele. Rikkalikumat standardvarustust ning lisamugavusi pakkuv Bernina L860 \u00e4\u00e4ristab nii paksemat, kui ka \u00f5hukest kangast k\u00f5rge kvaliteediga ja v\u00e4ikese vaevaga. Bernina ainulaadne haaraja niidi peenh\u00e4\u00e4lestuss\u00fcsteem MTC (Micro Thread Control), v\u00f5imaldab kvaliteetset tulemust ka k\u00f5ige jonnakamatel kangastel. Haarajate \u00f5hkniidistus, n\u00f5elasilma kiirniidistaja v\u00e4rviline puuteekraan, p\u00f5lvekang presstalla t\u00f5stmiseks ja palju teisi omadusi teevad Bernina overloki professionaalseks t\u00f6\u00f6riistaks.<\/p>\n","protected":false},"featured_media":16991,"template":"","meta":{"site-sidebar-layout":"default","site-content-layout":"default","ast-site-content-layout":"default","site-content-style":"default","site-sidebar-style":"default","ast-global-header-display":"","ast-banner-title-visibility":"","ast-main-header-display":"","ast-hfb-above-header-display":"","ast-hfb-below-header-display":"","ast-hfb-mobile-header-display":"","site-post-title":"","ast-breadcrumbs-content":"","ast-featured-img":"","footer-sml-layout":"","theme-transparent-header-meta":"default","adv-header-id-meta":"","stick-header-meta":"","header-above-stick-meta":"","header-main-stick-meta":"","header-below-stick-meta":"","astra-migrate-meta-layouts":"set","ast-page-background-enabled":"default","ast-page-background-meta":{"desktop":{"background-color":"","background-image":"","background-repeat":"repeat","background-position":"center center","background-size":"auto","background-attachment":"scroll","background-type":"","background-media":"","overlay-type":"","overlay-color":"","overlay-opacity":"","overlay-gradient":""},"tablet":{"background-color":"","background-image":"","background-repeat":"repeat","background-position":"center center","background-size":"auto","background-attachment":"scroll","background-type":"","background-media":"","overlay-type":"","overlay-color":"","overlay-opacity":"","overlay-gradient":""},"mobile":{"background-color":"","background-image":"","background-repeat":"repeat","background-position":"center center","background-size":"auto","background-attachment":"scroll","background-type":"","background-media":"","overlay-type":"","overlay-color":"","overlay-opacity":"","overlay-gradient":""}},"ast-content-background-meta":{"desktop":{"background-color":"var(--ast-global-color-5)","background-image":"","background-repeat":"repeat","background-position":"center center","background-size":"auto","background-attachment":"scroll","background-type":"","background-media":"","overlay-type":"","overlay-color":"","overlay-opacity":"","overlay-gradient":""},"tablet":{"background-color":"var(--ast-global-color-5)","background-image":"","background-repeat":"repeat","background-position":"center center","background-size":"auto","background-attachment":"scroll","background-type":"","background-media":"","overlay-type":"","overlay-color":"","overlay-opacity":"","overlay-gradient":""},"mobile":{"background-color":"var(--ast-global-color-5)","background-image":"","background-repeat":"repeat","background-position":"center center","background-size":"auto","background-attachment":"scroll","background-type":"","background-media":"","overlay-type":"","overlay-color":"","overlay-opacity":"","overlay-gradient":""}}},"product_brand":[],"product_cat":[98,64],"product_tag":[108],"class_list":{"0":"post-16990","1":"product","2":"type-product","3":"status-publish","4":"has-post-thumbnail","6":"product_cat-bernina-overlokid-ja-kattemasinad","7":"product_cat-overlokid-ja-kattemasinad","8":"product_tag-bernina","9":"desktop-align-left","10":"tablet-align-left","11":"mobile-align-left","13":"first","14":"instock","15":"taxable","16":"shipping-taxable","17":"purchasable","18":"product-type-simple"},"yoast_head":"<!-- This site is optimized with the Yoast SEO plugin v26.1.1 - https:\/\/yoast.com\/wordpress\/plugins\/seo\/ -->\n<title>Bernina L860 overlok - Marevik O&Uuml;<\/title>\n<meta name=\"description\" content=\"Bernina L860 on \u0160veitsi kvaliteeti pakkuv overlok, mis vastab ka k\u00f5ige n\u00f5udlikuma kasutaja ootustele. Rikkalikumat standardvarustust ning lisamugavusi pakkuv Bernina L860 \u00e4\u00e4ristab nii paksemat, kui ka \u00f5hukest kangast k\u00f5rge kvaliteediga ja v\u00e4ikese vaevaga.\" \/>\n<meta name=\"robots\" content=\"index, follow, max-snippet:-1, max-image-preview:large, max-video-preview:-1\" \/>\n<link rel=\"canonical\" href=\"https:\/\/marevik.ee\/test\/toode\/bernina-l860-overlok\/\" \/>\n<meta property=\"og:locale\" content=\"en_US\" \/>\n<meta property=\"og:type\" content=\"article\" \/>\n<meta property=\"og:title\" content=\"Bernina L860 overlok - Marevik O&Uuml;\" \/>\n<meta property=\"og:description\" content=\"Bernina L860 on \u0160veitsi kvaliteeti pakkuv overlok, mis vastab ka k\u00f5ige n\u00f5udlikuma kasutaja ootustele. Rikkalikumat standardvarustust ning lisamugavusi pakkuv Bernina L860 \u00e4\u00e4ristab nii paksemat, kui ka \u00f5hukest kangast k\u00f5rge kvaliteediga ja v\u00e4ikese vaevaga.\" \/>\n<meta property=\"og:url\" content=\"https:\/\/marevik.ee\/test\/toode\/bernina-l860-overlok\/\" \/>\n<meta property=\"og:site_name\" content=\"Marevik O&Uuml;\" \/>\n<meta property=\"article:modified_time\" content=\"2025-07-31T08:10:38+00:00\" \/>\n<meta property=\"og:image\" content=\"https:\/\/marevik.ee\/test\/wp-content\/uploads\/2025\/04\/Bernina-L860_main.jpg\" \/>\n\t<meta property=\"og:image:width\" content=\"2048\" \/>\n\t<meta property=\"og:image:height\" content=\"1536\" \/>\n\t<meta property=\"og:image:type\" content=\"image\/jpeg\" \/>\n<meta name=\"twitter:card\" content=\"summary_large_image\" \/>\n<meta name=\"twitter:label1\" content=\"Est. reading time\" \/>\n\t<meta name=\"twitter:data1\" content=\"1 minute\" \/>\n<script type=\"application\/ld+json\" class=\"yoast-schema-graph\">{\"@context\":\"https:\/\/schema.org\",\"@graph\":[{\"@type\":\"WebPage\",\"@id\":\"https:\/\/marevik.ee\/test\/toode\/bernina-l860-overlok\/\",\"url\":\"https:\/\/marevik.ee\/test\/toode\/bernina-l860-overlok\/\",\"name\":\"Bernina L860 overlok - Marevik O&Uuml;\",\"isPartOf\":{\"@id\":\"https:\/\/marevik.ee\/test\/#website\"},\"primaryImageOfPage\":{\"@id\":\"https:\/\/marevik.ee\/test\/toode\/bernina-l860-overlok\/#primaryimage\"},\"image\":{\"@id\":\"https:\/\/marevik.ee\/test\/toode\/bernina-l860-overlok\/#primaryimage\"},\"thumbnailUrl\":\"https:\/\/marevik.ee\/test\/wp-content\/uploads\/2025\/04\/Bernina-L860_main.jpg\",\"datePublished\":\"2025-04-23T09:21:28+00:00\",\"dateModified\":\"2025-07-31T08:10:38+00:00\",\"description\":\"Bernina L860 on \u0160veitsi kvaliteeti pakkuv overlok, mis vastab ka k\u00f5ige n\u00f5udlikuma kasutaja ootustele. Rikkalikumat standardvarustust ning lisamugavusi pakkuv Bernina L860 \u00e4\u00e4ristab nii paksemat, kui ka \u00f5hukest kangast k\u00f5rge kvaliteediga ja v\u00e4ikese vaevaga.\",\"breadcrumb\":{\"@id\":\"https:\/\/marevik.ee\/test\/toode\/bernina-l860-overlok\/#breadcrumb\"},\"inLanguage\":\"en\",\"potentialAction\":[{\"@type\":\"ReadAction\",\"target\":[\"https:\/\/marevik.ee\/test\/toode\/bernina-l860-overlok\/\"]}]},{\"@type\":\"ImageObject\",\"inLanguage\":\"en\",\"@id\":\"https:\/\/marevik.ee\/test\/toode\/bernina-l860-overlok\/#primaryimage\",\"url\":\"https:\/\/marevik.ee\/test\/wp-content\/uploads\/2025\/04\/Bernina-L860_main.jpg\",\"contentUrl\":\"https:\/\/marevik.ee\/test\/wp-content\/uploads\/2025\/04\/Bernina-L860_main.jpg\",\"width\":2048,\"height\":1536},{\"@type\":\"BreadcrumbList\",\"@id\":\"https:\/\/marevik.ee\/test\/toode\/bernina-l860-overlok\/#breadcrumb\",\"itemListElement\":[{\"@type\":\"ListItem\",\"position\":1,\"name\":\"Home\",\"item\":\"https:\/\/marevik.ee\/test\/\"},{\"@type\":\"ListItem\",\"position\":2,\"name\":\"E-POOD\",\"item\":\"https:\/\/marevik.ee\/test\/epood\/\"},{\"@type\":\"ListItem\",\"position\":3,\"name\":\"Bernina L860 overlok\"}]},{\"@type\":\"WebSite\",\"@id\":\"https:\/\/marevik.ee\/test\/#website\",\"url\":\"https:\/\/marevik.ee\/test\/\",\"name\":\"Marevik O&Uuml;\",\"description\":\"&Otilde;mblusmasina asjatundja\",\"publisher\":{\"@id\":\"https:\/\/marevik.ee\/test\/#organization\"},\"potentialAction\":[{\"@type\":\"SearchAction\",\"target\":{\"@type\":\"EntryPoint\",\"urlTemplate\":\"https:\/\/marevik.ee\/test\/?s={search_term_string}\"},\"query-input\":{\"@type\":\"PropertyValueSpecification\",\"valueRequired\":true,\"valueName\":\"search_term_string\"}}],\"inLanguage\":\"en\"},{\"@type\":\"Organization\",\"@id\":\"https:\/\/marevik.ee\/test\/#organization\",\"name\":\"Marevik O&Uuml;\",\"url\":\"https:\/\/marevik.ee\/test\/\",\"logo\":{\"@type\":\"ImageObject\",\"inLanguage\":\"en\",\"@id\":\"https:\/\/marevik.ee\/test\/#\/schema\/logo\/image\/\",\"url\":\"https:\/\/marevik.ee\/test\/wp-content\/uploads\/2020\/02\/mblusmasina-asjatundja-1994_173x105_veebi_v-ike.jpg\",\"contentUrl\":\"https:\/\/marevik.ee\/test\/wp-content\/uploads\/2020\/02\/mblusmasina-asjatundja-1994_173x105_veebi_v-ike.jpg\",\"width\":173,\"height\":105,\"caption\":\"Marevik O&Uuml;\"},\"image\":{\"@id\":\"https:\/\/marevik.ee\/test\/#\/schema\/logo\/image\/\"}}]}<\/script>\n<!-- \/ Yoast SEO plugin. -->","yoast_head_json":{"title":"Bernina L860 overlok - Marevik O&Uuml;","description":"Bernina L860 on \u0160veitsi kvaliteeti pakkuv overlok, mis vastab ka k\u00f5ige n\u00f5udlikuma kasutaja ootustele. Rikkalikumat standardvarustust ning lisamugavusi pakkuv Bernina L860 \u00e4\u00e4ristab nii paksemat, kui ka \u00f5hukest kangast k\u00f5rge kvaliteediga ja v\u00e4ikese vaevaga.","robots":{"index":"index","follow":"follow","max-snippet":"max-snippet:-1","max-image-preview":"max-image-preview:large","max-video-preview":"max-video-preview:-1"},"canonical":"https:\/\/marevik.ee\/test\/toode\/bernina-l860-overlok\/","og_locale":"en_US","og_type":"article","og_title":"Bernina L860 overlok - Marevik O&Uuml;","og_description":"Bernina L860 on \u0160veitsi kvaliteeti pakkuv overlok, mis vastab ka k\u00f5ige n\u00f5udlikuma kasutaja ootustele. Rikkalikumat standardvarustust ning lisamugavusi pakkuv Bernina L860 \u00e4\u00e4ristab nii paksemat, kui ka \u00f5hukest kangast k\u00f5rge kvaliteediga ja v\u00e4ikese vaevaga.","og_url":"https:\/\/marevik.ee\/test\/toode\/bernina-l860-overlok\/","og_site_name":"Marevik O&Uuml;","article_modified_time":"2025-07-31T08:10:38+00:00","og_image":[{"width":2048,"height":1536,"url":"https:\/\/marevik.ee\/test\/wp-content\/uploads\/2025\/04\/Bernina-L860_main.jpg","type":"image\/jpeg"}],"twitter_card":"summary_large_image","twitter_misc":{"Est. reading time":"1 minute"},"schema":{"@context":"https:\/\/schema.org","@graph":[{"@type":"WebPage","@id":"https:\/\/marevik.ee\/test\/toode\/bernina-l860-overlok\/","url":"https:\/\/marevik.ee\/test\/toode\/bernina-l860-overlok\/","name":"Bernina L860 overlok - Marevik O&Uuml;","isPartOf":{"@id":"https:\/\/marevik.ee\/test\/#website"},"primaryImageOfPage":{"@id":"https:\/\/marevik.ee\/test\/toode\/bernina-l860-overlok\/#primaryimage"},"image":{"@id":"https:\/\/marevik.ee\/test\/toode\/bernina-l860-overlok\/#primaryimage"},"thumbnailUrl":"https:\/\/marevik.ee\/test\/wp-content\/uploads\/2025\/04\/Bernina-L860_main.jpg","datePublished":"2025-04-23T09:21:28+00:00","dateModified":"2025-07-31T08:10:38+00:00","description":"Bernina L860 on \u0160veitsi kvaliteeti pakkuv overlok, mis vastab ka k\u00f5ige n\u00f5udlikuma kasutaja ootustele. Rikkalikumat standardvarustust ning lisamugavusi pakkuv Bernina L860 \u00e4\u00e4ristab nii paksemat, kui ka \u00f5hukest kangast k\u00f5rge kvaliteediga ja v\u00e4ikese vaevaga.","breadcrumb":{"@id":"https:\/\/marevik.ee\/test\/toode\/bernina-l860-overlok\/#breadcrumb"},"inLanguage":"en","potentialAction":[{"@type":"ReadAction","target":["https:\/\/marevik.ee\/test\/toode\/bernina-l860-overlok\/"]}]},{"@type":"ImageObject","inLanguage":"en","@id":"https:\/\/marevik.ee\/test\/toode\/bernina-l860-overlok\/#primaryimage","url":"https:\/\/marevik.ee\/test\/wp-content\/uploads\/2025\/04\/Bernina-L860_main.jpg","contentUrl":"https:\/\/marevik.ee\/test\/wp-content\/uploads\/2025\/04\/Bernina-L860_main.jpg","width":2048,"height":1536},{"@type":"BreadcrumbList","@id":"https:\/\/marevik.ee\/test\/toode\/bernina-l860-overlok\/#breadcrumb","itemListElement":[{"@type":"ListItem","position":1,"name":"Home","item":"https:\/\/marevik.ee\/test\/"},{"@type":"ListItem","position":2,"name":"E-POOD","item":"https:\/\/marevik.ee\/test\/epood\/"},{"@type":"ListItem","position":3,"name":"Bernina L860 overlok"}]},{"@type":"WebSite","@id":"https:\/\/marevik.ee\/test\/#website","url":"https:\/\/marevik.ee\/test\/","name":"Marevik O&Uuml;","description":"&Otilde;mblusmasina asjatundja","publisher":{"@id":"https:\/\/marevik.ee\/test\/#organization"},"potentialAction":[{"@type":"SearchAction","target":{"@type":"EntryPoint","urlTemplate":"https:\/\/marevik.ee\/test\/?s={search_term_string}"},"query-input":{"@type":"PropertyValueSpecification","valueRequired":true,"valueName":"search_term_string"}}],"inLanguage":"en"},{"@type":"Organization","@id":"https:\/\/marevik.ee\/test\/#organization","name":"Marevik O&Uuml;","url":"https:\/\/marevik.ee\/test\/","logo":{"@type":"ImageObject","inLanguage":"en","@id":"https:\/\/marevik.ee\/test\/#\/schema\/logo\/image\/","url":"https:\/\/marevik.ee\/test\/wp-content\/uploads\/2020\/02\/mblusmasina-asjatundja-1994_173x105_veebi_v-ike.jpg","contentUrl":"https:\/\/marevik.ee\/test\/wp-content\/uploads\/2020\/02\/mblusmasina-asjatundja-1994_173x105_veebi_v-ike.jpg","width":173,"height":105,"caption":"Marevik O&Uuml;"},"image":{"@id":"https:\/\/marevik.ee\/test\/#\/schema\/logo\/image\/"}}]}},"_links":{"self":[{"href":"https:\/\/marevik.ee\/test\/wp-json\/wp\/v2\/product\/16990","targetHints":{"allow":["GET"]}}],"collection":[{"href":"https:\/\/marevik.ee\/test\/wp-json\/wp\/v2\/product"}],"about":[{"href":"https:\/\/marevik.ee\/test\/wp-json\/wp\/v2\/types\/product"}],"wp:featuredmedia":[{"embeddable":true,"href":"https:\/\/marevik.ee\/test\/wp-json\/wp\/v2\/media\/16991"}],"wp:attachment":[{"href":"https:\/\/marevik.ee\/test\/wp-json\/wp\/v2\/media?parent=16990"}],"wp:term":[{"taxonomy":"product_brand","embeddable":true,"href":"https:\/\/marevik.ee\/test\/wp-json\/wp\/v2\/product_brand?post=16990"},{"taxonomy":"product_cat","embeddable":true,"href":"https:\/\/marevik.ee\/test\/wp-json\/wp\/v2\/product_cat?post=16990"},{"taxonomy":"product_tag","embeddable":true,"href":"https:\/\/marevik.ee\/test\/wp-json\/wp\/v2\/product_tag?post=16990"}],"curies":[{"name":"wp","href":"https:\/\/api.w.org\/{rel}","templated":true}]}}