{"id":17071,"date":"2025-06-10T09:06:52","date_gmt":"2025-06-10T09:06:52","guid":{"rendered":"https:\/\/marevik.ee\/test\/?post_type=product&#038;p=17071"},"modified":"2025-07-01T06:54:02","modified_gmt":"2025-07-01T06:54:02","slug":"innov-is-1040se-brother","status":"publish","type":"product","link":"https:\/\/marevik.ee\/test\/toode\/innov-is-1040se-brother\/","title":{"rendered":"Innov-is 1040SE Brother"},"content":{"rendered":"<p>Suur t\u00f6\u00f6pind (210mm), mis h\u00f5lbustab lapit\u00f6\u00f6d ja teppimist. Samuti suuremate r\u00f5ivaste (joped, mantlid jms.) \u00f5mblemist.<br \/>\nAutomaatne presstallasurve annab parima tulemuse kanga s\u00f6\u00f6tmisel.<br \/>\nKaasaegne LED valgustus s\u00fcsteem annab hea valguse tervele t\u00f6\u00f6lauale.<br \/>\nT\u00e4isautomaatne niidistuss\u00fcsteem.<br \/>\n40 \u00f5mblusoperatsiooni.<br \/>\n6 erinevat t\u00e4isautomaatset n\u00f6\u00f6pauku, n\u00f6\u00f6bi \u00f5mblemine<br \/>\nPiste laius kuni 7 mm<br \/>\nPiste pikkus kuni 5mm<br \/>\nS\u00f6\u00f6tehammastiku langetamine vabak\u00e4etikandiks<br \/>\nAutomaatne poolimine ja lihtne pooli paigaldamine<br \/>\nHorisontaalne poolis\u00fcsteem<br \/>\nStart\/stop nupp ilma pedaalita \u00f5mblemiseks<br \/>\nAutomaatne pistekinnitus<br \/>\nProgrammeeritav niidil\u00f5ikur<br \/>\nP\u00f5lvekang presstalla t\u00f5stmiseks ja langetamiseks<br \/>\nN\u00f5ela asendi muutmine (n\u00f5el \u00fcleval\/all)\u200f<br \/>\n\u00dchtlane s\u00f6\u00f6de t\u00e4nu 7-osalisele hammastikule. \u00d5mbluse k\u00f5rge kvaliteedi, nii paksemal kui \u00f5hukesel kangal tagab uus \u201eSquare Feed Drive System\u201c<br \/>\nFiksaatoriga presstald h\u00f5lbustamaks \u00fcleminekud \u00f5hemalt paksemale kangakihile<br \/>\nVabajalg h\u00f5lbustamaks torujate detailide \u00f5mblemist, mahukas tarvikutesahtel<br \/>\nMitmek\u00fclgsed tarvikud standardvarustuses.<\/p>\n","protected":false},"excerpt":{"rendered":"<p>Innov-is 1040SE Brother on spetsiaalselt disainitud mudel neile, kes peavad lugu \u00f5mblusmasina suuremast t\u00f6\u00f6pinnast taskukohasema hinnaga. Sageli on tootjad suuremad masinad varustanud v\u00e4ga paljude \u00f5mblusoperatsioonidega, mis v\u00f5ib teha masina kasutamise keerulisemaks. Sellel masinal on \u00f5mblust\u00f6\u00f6deks k\u00f5ik vajalik mugavus, k\u00f5rges kvaliteedis. Vaikne, sujuva k\u00e4ivitusega, vibratsioonivaba t\u00f6\u00f6riist. Kaasaegse kauni disainiga ja uusima tehnoloogiaga kvaliteetne \u00f5mblusmasin n\u00f5udlikule \u00f5mblejale.<\/p>\n","protected":false},"featured_media":17072,"template":"","meta":{"site-sidebar-layout":"default","site-content-layout":"","ast-site-content-layout":"default","site-content-style":"default","site-sidebar-style":"default","ast-global-header-display":"","ast-banner-title-visibility":"","ast-main-header-display":"","ast-hfb-above-header-display":"","ast-hfb-below-header-display":"","ast-hfb-mobile-header-display":"","site-post-title":"","ast-breadcrumbs-content":"","ast-featured-img":"","footer-sml-layout":"","theme-transparent-header-meta":"default","adv-header-id-meta":"","stick-header-meta":"","header-above-stick-meta":"","header-main-stick-meta":"","header-below-stick-meta":"","astra-migrate-meta-layouts":"set","ast-page-background-enabled":"default","ast-page-background-meta":{"desktop":{"background-color":"","background-image":"","background-repeat":"repeat","background-position":"center center","background-size":"auto","background-attachment":"scroll","background-type":"","background-media":"","overlay-type":"","overlay-color":"","overlay-opacity":"","overlay-gradient":""},"tablet":{"background-color":"","background-image":"","background-repeat":"repeat","background-position":"center center","background-size":"auto","background-attachment":"scroll","background-type":"","background-media":"","overlay-type":"","overlay-color":"","overlay-opacity":"","overlay-gradient":""},"mobile":{"background-color":"","background-image":"","background-repeat":"repeat","background-position":"center center","background-size":"auto","background-attachment":"scroll","background-type":"","background-media":"","overlay-type":"","overlay-color":"","overlay-opacity":"","overlay-gradient":""}},"ast-content-background-meta":{"desktop":{"background-color":"var(--ast-global-color-5)","background-image":"","background-repeat":"repeat","background-position":"center center","background-size":"auto","background-attachment":"scroll","background-type":"","background-media":"","overlay-type":"","overlay-color":"","overlay-opacity":"","overlay-gradient":""},"tablet":{"background-color":"var(--ast-global-color-5)","background-image":"","background-repeat":"repeat","background-position":"center center","background-size":"auto","background-attachment":"scroll","background-type":"","background-media":"","overlay-type":"","overlay-color":"","overlay-opacity":"","overlay-gradient":""},"mobile":{"background-color":"var(--ast-global-color-5)","background-image":"","background-repeat":"repeat","background-position":"center center","background-size":"auto","background-attachment":"scroll","background-type":"","background-media":"","overlay-type":"","overlay-color":"","overlay-opacity":"","overlay-gradient":""}}},"product_brand":[],"product_cat":[68,60],"product_tag":[85],"class_list":{"0":"post-17071","1":"product","2":"type-product","3":"status-publish","4":"has-post-thumbnail","6":"product_cat-brother","7":"product_cat-omblusmasinad","8":"product_tag-brother","9":"desktop-align-left","10":"tablet-align-left","11":"mobile-align-left","13":"first","14":"instock","15":"taxable","16":"shipping-taxable","17":"purchasable","18":"product-type-simple"},"yoast_head":"<!-- This site is optimized with the Yoast SEO plugin v26.1.1 - https:\/\/yoast.com\/wordpress\/plugins\/seo\/ -->\n<title>Innov-is 1040SE Brother - Marevik O&Uuml;<\/title>\n<meta name=\"description\" content=\"Innov-is 1040SE Brother on spetsiaalselt disainitud mudel neile, kes peavad lugu \u00f5mblusmasina suuremast t\u00f6\u00f6pinnast taskukohasema hinnaga.\" \/>\n<meta name=\"robots\" content=\"index, follow, max-snippet:-1, max-image-preview:large, max-video-preview:-1\" \/>\n<link rel=\"canonical\" href=\"https:\/\/marevik.ee\/test\/toode\/innov-is-1040se-brother\/\" \/>\n<meta property=\"og:locale\" content=\"en_US\" \/>\n<meta property=\"og:type\" content=\"article\" \/>\n<meta property=\"og:title\" content=\"Innov-is 1040SE Brother - Marevik O&Uuml;\" \/>\n<meta property=\"og:description\" content=\"Innov-is 1040SE Brother on spetsiaalselt disainitud mudel neile, kes peavad lugu \u00f5mblusmasina suuremast t\u00f6\u00f6pinnast taskukohasema hinnaga.\" \/>\n<meta property=\"og:url\" content=\"https:\/\/marevik.ee\/test\/toode\/innov-is-1040se-brother\/\" \/>\n<meta property=\"og:site_name\" content=\"Marevik O&Uuml;\" \/>\n<meta property=\"article:modified_time\" content=\"2025-07-01T06:54:02+00:00\" \/>\n<meta property=\"og:image\" content=\"https:\/\/marevik.ee\/test\/wp-content\/uploads\/2025\/06\/NV-1040SE.jpg\" \/>\n\t<meta property=\"og:image:width\" content=\"1000\" \/>\n\t<meta property=\"og:image:height\" content=\"1000\" \/>\n\t<meta property=\"og:image:type\" content=\"image\/jpeg\" \/>\n<meta name=\"twitter:card\" content=\"summary_large_image\" \/>\n<meta name=\"twitter:label1\" content=\"Est. reading time\" \/>\n\t<meta name=\"twitter:data1\" content=\"1 minute\" \/>\n<script type=\"application\/ld+json\" class=\"yoast-schema-graph\">{\"@context\":\"https:\/\/schema.org\",\"@graph\":[{\"@type\":\"WebPage\",\"@id\":\"https:\/\/marevik.ee\/test\/toode\/innov-is-1040se-brother\/\",\"url\":\"https:\/\/marevik.ee\/test\/toode\/innov-is-1040se-brother\/\",\"name\":\"Innov-is 1040SE Brother - Marevik O&Uuml;\",\"isPartOf\":{\"@id\":\"https:\/\/marevik.ee\/test\/#website\"},\"primaryImageOfPage\":{\"@id\":\"https:\/\/marevik.ee\/test\/toode\/innov-is-1040se-brother\/#primaryimage\"},\"image\":{\"@id\":\"https:\/\/marevik.ee\/test\/toode\/innov-is-1040se-brother\/#primaryimage\"},\"thumbnailUrl\":\"https:\/\/marevik.ee\/test\/wp-content\/uploads\/2025\/06\/NV-1040SE.jpg\",\"datePublished\":\"2025-06-10T09:06:52+00:00\",\"dateModified\":\"2025-07-01T06:54:02+00:00\",\"description\":\"Innov-is 1040SE Brother on spetsiaalselt disainitud mudel neile, kes peavad lugu \u00f5mblusmasina suuremast t\u00f6\u00f6pinnast taskukohasema hinnaga.\",\"breadcrumb\":{\"@id\":\"https:\/\/marevik.ee\/test\/toode\/innov-is-1040se-brother\/#breadcrumb\"},\"inLanguage\":\"en\",\"potentialAction\":[{\"@type\":\"ReadAction\",\"target\":[\"https:\/\/marevik.ee\/test\/toode\/innov-is-1040se-brother\/\"]}]},{\"@type\":\"ImageObject\",\"inLanguage\":\"en\",\"@id\":\"https:\/\/marevik.ee\/test\/toode\/innov-is-1040se-brother\/#primaryimage\",\"url\":\"https:\/\/marevik.ee\/test\/wp-content\/uploads\/2025\/06\/NV-1040SE.jpg\",\"contentUrl\":\"https:\/\/marevik.ee\/test\/wp-content\/uploads\/2025\/06\/NV-1040SE.jpg\",\"width\":1000,\"height\":1000},{\"@type\":\"BreadcrumbList\",\"@id\":\"https:\/\/marevik.ee\/test\/toode\/innov-is-1040se-brother\/#breadcrumb\",\"itemListElement\":[{\"@type\":\"ListItem\",\"position\":1,\"name\":\"Home\",\"item\":\"https:\/\/marevik.ee\/test\/\"},{\"@type\":\"ListItem\",\"position\":2,\"name\":\"E-POOD\",\"item\":\"https:\/\/marevik.ee\/test\/epood\/\"},{\"@type\":\"ListItem\",\"position\":3,\"name\":\"Innov-is 1040SE Brother\"}]},{\"@type\":\"WebSite\",\"@id\":\"https:\/\/marevik.ee\/test\/#website\",\"url\":\"https:\/\/marevik.ee\/test\/\",\"name\":\"Marevik O&Uuml;\",\"description\":\"&Otilde;mblusmasina asjatundja\",\"publisher\":{\"@id\":\"https:\/\/marevik.ee\/test\/#organization\"},\"potentialAction\":[{\"@type\":\"SearchAction\",\"target\":{\"@type\":\"EntryPoint\",\"urlTemplate\":\"https:\/\/marevik.ee\/test\/?s={search_term_string}\"},\"query-input\":{\"@type\":\"PropertyValueSpecification\",\"valueRequired\":true,\"valueName\":\"search_term_string\"}}],\"inLanguage\":\"en\"},{\"@type\":\"Organization\",\"@id\":\"https:\/\/marevik.ee\/test\/#organization\",\"name\":\"Marevik O&Uuml;\",\"url\":\"https:\/\/marevik.ee\/test\/\",\"logo\":{\"@type\":\"ImageObject\",\"inLanguage\":\"en\",\"@id\":\"https:\/\/marevik.ee\/test\/#\/schema\/logo\/image\/\",\"url\":\"https:\/\/marevik.ee\/test\/wp-content\/uploads\/2020\/02\/mblusmasina-asjatundja-1994_173x105_veebi_v-ike.jpg\",\"contentUrl\":\"https:\/\/marevik.ee\/test\/wp-content\/uploads\/2020\/02\/mblusmasina-asjatundja-1994_173x105_veebi_v-ike.jpg\",\"width\":173,\"height\":105,\"caption\":\"Marevik O&Uuml;\"},\"image\":{\"@id\":\"https:\/\/marevik.ee\/test\/#\/schema\/logo\/image\/\"}}]}<\/script>\n<!-- \/ Yoast SEO plugin. -->","yoast_head_json":{"title":"Innov-is 1040SE Brother - Marevik O&Uuml;","description":"Innov-is 1040SE Brother on spetsiaalselt disainitud mudel neile, kes peavad lugu \u00f5mblusmasina suuremast t\u00f6\u00f6pinnast taskukohasema hinnaga.","robots":{"index":"index","follow":"follow","max-snippet":"max-snippet:-1","max-image-preview":"max-image-preview:large","max-video-preview":"max-video-preview:-1"},"canonical":"https:\/\/marevik.ee\/test\/toode\/innov-is-1040se-brother\/","og_locale":"en_US","og_type":"article","og_title":"Innov-is 1040SE Brother - Marevik O&Uuml;","og_description":"Innov-is 1040SE Brother on spetsiaalselt disainitud mudel neile, kes peavad lugu \u00f5mblusmasina suuremast t\u00f6\u00f6pinnast taskukohasema hinnaga.","og_url":"https:\/\/marevik.ee\/test\/toode\/innov-is-1040se-brother\/","og_site_name":"Marevik O&Uuml;","article_modified_time":"2025-07-01T06:54:02+00:00","og_image":[{"width":1000,"height":1000,"url":"https:\/\/marevik.ee\/test\/wp-content\/uploads\/2025\/06\/NV-1040SE.jpg","type":"image\/jpeg"}],"twitter_card":"summary_large_image","twitter_misc":{"Est. reading time":"1 minute"},"schema":{"@context":"https:\/\/schema.org","@graph":[{"@type":"WebPage","@id":"https:\/\/marevik.ee\/test\/toode\/innov-is-1040se-brother\/","url":"https:\/\/marevik.ee\/test\/toode\/innov-is-1040se-brother\/","name":"Innov-is 1040SE Brother - Marevik O&Uuml;","isPartOf":{"@id":"https:\/\/marevik.ee\/test\/#website"},"primaryImageOfPage":{"@id":"https:\/\/marevik.ee\/test\/toode\/innov-is-1040se-brother\/#primaryimage"},"image":{"@id":"https:\/\/marevik.ee\/test\/toode\/innov-is-1040se-brother\/#primaryimage"},"thumbnailUrl":"https:\/\/marevik.ee\/test\/wp-content\/uploads\/2025\/06\/NV-1040SE.jpg","datePublished":"2025-06-10T09:06:52+00:00","dateModified":"2025-07-01T06:54:02+00:00","description":"Innov-is 1040SE Brother on spetsiaalselt disainitud mudel neile, kes peavad lugu \u00f5mblusmasina suuremast t\u00f6\u00f6pinnast taskukohasema hinnaga.","breadcrumb":{"@id":"https:\/\/marevik.ee\/test\/toode\/innov-is-1040se-brother\/#breadcrumb"},"inLanguage":"en","potentialAction":[{"@type":"ReadAction","target":["https:\/\/marevik.ee\/test\/toode\/innov-is-1040se-brother\/"]}]},{"@type":"ImageObject","inLanguage":"en","@id":"https:\/\/marevik.ee\/test\/toode\/innov-is-1040se-brother\/#primaryimage","url":"https:\/\/marevik.ee\/test\/wp-content\/uploads\/2025\/06\/NV-1040SE.jpg","contentUrl":"https:\/\/marevik.ee\/test\/wp-content\/uploads\/2025\/06\/NV-1040SE.jpg","width":1000,"height":1000},{"@type":"BreadcrumbList","@id":"https:\/\/marevik.ee\/test\/toode\/innov-is-1040se-brother\/#breadcrumb","itemListElement":[{"@type":"ListItem","position":1,"name":"Home","item":"https:\/\/marevik.ee\/test\/"},{"@type":"ListItem","position":2,"name":"E-POOD","item":"https:\/\/marevik.ee\/test\/epood\/"},{"@type":"ListItem","position":3,"name":"Innov-is 1040SE Brother"}]},{"@type":"WebSite","@id":"https:\/\/marevik.ee\/test\/#website","url":"https:\/\/marevik.ee\/test\/","name":"Marevik O&Uuml;","description":"&Otilde;mblusmasina asjatundja","publisher":{"@id":"https:\/\/marevik.ee\/test\/#organization"},"potentialAction":[{"@type":"SearchAction","target":{"@type":"EntryPoint","urlTemplate":"https:\/\/marevik.ee\/test\/?s={search_term_string}"},"query-input":{"@type":"PropertyValueSpecification","valueRequired":true,"valueName":"search_term_string"}}],"inLanguage":"en"},{"@type":"Organization","@id":"https:\/\/marevik.ee\/test\/#organization","name":"Marevik O&Uuml;","url":"https:\/\/marevik.ee\/test\/","logo":{"@type":"ImageObject","inLanguage":"en","@id":"https:\/\/marevik.ee\/test\/#\/schema\/logo\/image\/","url":"https:\/\/marevik.ee\/test\/wp-content\/uploads\/2020\/02\/mblusmasina-asjatundja-1994_173x105_veebi_v-ike.jpg","contentUrl":"https:\/\/marevik.ee\/test\/wp-content\/uploads\/2020\/02\/mblusmasina-asjatundja-1994_173x105_veebi_v-ike.jpg","width":173,"height":105,"caption":"Marevik O&Uuml;"},"image":{"@id":"https:\/\/marevik.ee\/test\/#\/schema\/logo\/image\/"}}]}},"_links":{"self":[{"href":"https:\/\/marevik.ee\/test\/wp-json\/wp\/v2\/product\/17071","targetHints":{"allow":["GET"]}}],"collection":[{"href":"https:\/\/marevik.ee\/test\/wp-json\/wp\/v2\/product"}],"about":[{"href":"https:\/\/marevik.ee\/test\/wp-json\/wp\/v2\/types\/product"}],"wp:featuredmedia":[{"embeddable":true,"href":"https:\/\/marevik.ee\/test\/wp-json\/wp\/v2\/media\/17072"}],"wp:attachment":[{"href":"https:\/\/marevik.ee\/test\/wp-json\/wp\/v2\/media?parent=17071"}],"wp:term":[{"taxonomy":"product_brand","embeddable":true,"href":"https:\/\/marevik.ee\/test\/wp-json\/wp\/v2\/product_brand?post=17071"},{"taxonomy":"product_cat","embeddable":true,"href":"https:\/\/marevik.ee\/test\/wp-json\/wp\/v2\/product_cat?post=17071"},{"taxonomy":"product_tag","embeddable":true,"href":"https:\/\/marevik.ee\/test\/wp-json\/wp\/v2\/product_tag?post=17071"}],"curies":[{"name":"wp","href":"https:\/\/api.w.org\/{rel}","templated":true}]}}