{"id":17151,"date":"2025-07-15T12:35:33","date_gmt":"2025-07-15T12:35:33","guid":{"rendered":"https:\/\/marevik.ee\/test\/?post_type=product&#038;p=17151"},"modified":"2025-07-31T07:56:02","modified_gmt":"2025-07-31T07:56:02","slug":"janome-coverpro-7000cps-kattemasin","status":"publish","type":"product","link":"https:\/\/marevik.ee\/test\/toode\/janome-coverpro-7000cps-kattemasin\/","title":{"rendered":"Janome Coverpro 7000CPS kattemasin"},"content":{"rendered":"<p>1000 pistet\/minutis<br \/>\npistepikkus kuni 1-4mm<br \/>\nkatte laius 3mm ja 6mm<br \/>\ndifferentsiaals\u00f6\u00f6de: 0.5-2.25<br \/>\nmasin on tehases eelniidistatud (niidipoolid kaasa)<br \/>\nvabavars<br \/>\nlihtne niidistus<\/p>\n","protected":false},"excerpt":{"rendered":"<p>Janome Coverpro 7000CPS on t\u00e4iustatud versioon Janome Coverpro 1000CPX mudelist. Uus v\u00e4rskem disain, t\u00e4iustatud s\u00f5lmimiss\u00fcsteem, mis parandab silmustiniidi pinget ja v\u00e4hendab pistete vahele j\u00e4tmist. Samuti on masinal n\u00fc\u00fcd ka LED valgusti.<\/p>\n","protected":false},"featured_media":17153,"template":"","meta":{"site-sidebar-layout":"default","site-content-layout":"default","ast-site-content-layout":"default","site-content-style":"default","site-sidebar-style":"default","ast-global-header-display":"","ast-banner-title-visibility":"","ast-main-header-display":"","ast-hfb-above-header-display":"","ast-hfb-below-header-display":"","ast-hfb-mobile-header-display":"","site-post-title":"","ast-breadcrumbs-content":"","ast-featured-img":"","footer-sml-layout":"","theme-transparent-header-meta":"default","adv-header-id-meta":"","stick-header-meta":"","header-above-stick-meta":"","header-main-stick-meta":"","header-below-stick-meta":"","astra-migrate-meta-layouts":"set","ast-page-background-enabled":"default","ast-page-background-meta":{"desktop":{"background-color":"","background-image":"","background-repeat":"repeat","background-position":"center center","background-size":"auto","background-attachment":"scroll","background-type":"","background-media":"","overlay-type":"","overlay-color":"","overlay-opacity":"","overlay-gradient":""},"tablet":{"background-color":"","background-image":"","background-repeat":"repeat","background-position":"center center","background-size":"auto","background-attachment":"scroll","background-type":"","background-media":"","overlay-type":"","overlay-color":"","overlay-opacity":"","overlay-gradient":""},"mobile":{"background-color":"","background-image":"","background-repeat":"repeat","background-position":"center center","background-size":"auto","background-attachment":"scroll","background-type":"","background-media":"","overlay-type":"","overlay-color":"","overlay-opacity":"","overlay-gradient":""}},"ast-content-background-meta":{"desktop":{"background-color":"var(--ast-global-color-5)","background-image":"","background-repeat":"repeat","background-position":"center center","background-size":"auto","background-attachment":"scroll","background-type":"","background-media":"","overlay-type":"","overlay-color":"","overlay-opacity":"","overlay-gradient":""},"tablet":{"background-color":"var(--ast-global-color-5)","background-image":"","background-repeat":"repeat","background-position":"center center","background-size":"auto","background-attachment":"scroll","background-type":"","background-media":"","overlay-type":"","overlay-color":"","overlay-opacity":"","overlay-gradient":""},"mobile":{"background-color":"var(--ast-global-color-5)","background-image":"","background-repeat":"repeat","background-position":"center center","background-size":"auto","background-attachment":"scroll","background-type":"","background-media":"","overlay-type":"","overlay-color":"","overlay-opacity":"","overlay-gradient":""}}},"product_brand":[],"product_cat":[90,95,64],"product_tag":[84],"class_list":{"0":"post-17151","1":"product","2":"type-product","3":"status-publish","4":"has-post-thumbnail","6":"product_cat-janome-overlokid-ja-kattemasinad","7":"product_cat-katteomblusmasinad","8":"product_cat-overlokid-ja-kattemasinad","9":"product_tag-janome","10":"desktop-align-left","11":"tablet-align-left","12":"mobile-align-left","14":"first","15":"instock","16":"taxable","17":"shipping-taxable","18":"purchasable","19":"product-type-simple"},"yoast_head":"<!-- This site is optimized with the Yoast SEO plugin v26.1.1 - https:\/\/yoast.com\/wordpress\/plugins\/seo\/ -->\n<title>Janome Coverpro 7000CPS kattemasin - Marevik O&Uuml;<\/title>\n<meta name=\"description\" content=\"Janome Coverpro 7000CPXS on t\u00e4iustatud versioon Janome Coverpro 1000CPX mudelist. Uus v\u00e4rskem disain, t\u00e4iustatud s\u00f5lmimiss\u00fcsteem, mis parandab silmustiniidi pinget ja v\u00e4hendab pistete vahele j\u00e4tmist. Samuti on masinal n\u00fc\u00fcd ka LED valgusti.\" \/>\n<meta name=\"robots\" content=\"index, follow, max-snippet:-1, max-image-preview:large, max-video-preview:-1\" \/>\n<link rel=\"canonical\" href=\"https:\/\/marevik.ee\/test\/toode\/janome-coverpro-7000cps-kattemasin\/\" \/>\n<meta property=\"og:locale\" content=\"en_US\" \/>\n<meta property=\"og:type\" content=\"article\" \/>\n<meta property=\"og:title\" content=\"Janome Coverpro 7000CPS kattemasin - Marevik O&Uuml;\" \/>\n<meta property=\"og:description\" content=\"Janome Coverpro 7000CPXS on t\u00e4iustatud versioon Janome Coverpro 1000CPX mudelist. Uus v\u00e4rskem disain, t\u00e4iustatud s\u00f5lmimiss\u00fcsteem, mis parandab silmustiniidi pinget ja v\u00e4hendab pistete vahele j\u00e4tmist. Samuti on masinal n\u00fc\u00fcd ka LED valgusti.\" \/>\n<meta property=\"og:url\" content=\"https:\/\/marevik.ee\/test\/toode\/janome-coverpro-7000cps-kattemasin\/\" \/>\n<meta property=\"og:site_name\" content=\"Marevik O&Uuml;\" \/>\n<meta property=\"article:modified_time\" content=\"2025-07-31T07:56:02+00:00\" \/>\n<meta property=\"og:image\" content=\"https:\/\/marevik.ee\/test\/wp-content\/uploads\/2025\/07\/Janome-Coverpro-7000CPX.jpg\" \/>\n\t<meta property=\"og:image:width\" content=\"1000\" \/>\n\t<meta property=\"og:image:height\" content=\"1000\" \/>\n\t<meta property=\"og:image:type\" content=\"image\/jpeg\" \/>\n<meta name=\"twitter:card\" content=\"summary_large_image\" \/>\n<meta name=\"twitter:label1\" content=\"Est. reading time\" \/>\n\t<meta name=\"twitter:data1\" content=\"1 minute\" \/>\n<script type=\"application\/ld+json\" class=\"yoast-schema-graph\">{\"@context\":\"https:\/\/schema.org\",\"@graph\":[{\"@type\":\"WebPage\",\"@id\":\"https:\/\/marevik.ee\/test\/toode\/janome-coverpro-7000cps-kattemasin\/\",\"url\":\"https:\/\/marevik.ee\/test\/toode\/janome-coverpro-7000cps-kattemasin\/\",\"name\":\"Janome Coverpro 7000CPS kattemasin - Marevik O&Uuml;\",\"isPartOf\":{\"@id\":\"https:\/\/marevik.ee\/test\/#website\"},\"primaryImageOfPage\":{\"@id\":\"https:\/\/marevik.ee\/test\/toode\/janome-coverpro-7000cps-kattemasin\/#primaryimage\"},\"image\":{\"@id\":\"https:\/\/marevik.ee\/test\/toode\/janome-coverpro-7000cps-kattemasin\/#primaryimage\"},\"thumbnailUrl\":\"https:\/\/marevik.ee\/test\/wp-content\/uploads\/2025\/07\/Janome-Coverpro-7000CPX.jpg\",\"datePublished\":\"2025-07-15T12:35:33+00:00\",\"dateModified\":\"2025-07-31T07:56:02+00:00\",\"description\":\"Janome Coverpro 7000CPXS on t\u00e4iustatud versioon Janome Coverpro 1000CPX mudelist. Uus v\u00e4rskem disain, t\u00e4iustatud s\u00f5lmimiss\u00fcsteem, mis parandab silmustiniidi pinget ja v\u00e4hendab pistete vahele j\u00e4tmist. Samuti on masinal n\u00fc\u00fcd ka LED valgusti.\",\"breadcrumb\":{\"@id\":\"https:\/\/marevik.ee\/test\/toode\/janome-coverpro-7000cps-kattemasin\/#breadcrumb\"},\"inLanguage\":\"en\",\"potentialAction\":[{\"@type\":\"ReadAction\",\"target\":[\"https:\/\/marevik.ee\/test\/toode\/janome-coverpro-7000cps-kattemasin\/\"]}]},{\"@type\":\"ImageObject\",\"inLanguage\":\"en\",\"@id\":\"https:\/\/marevik.ee\/test\/toode\/janome-coverpro-7000cps-kattemasin\/#primaryimage\",\"url\":\"https:\/\/marevik.ee\/test\/wp-content\/uploads\/2025\/07\/Janome-Coverpro-7000CPX.jpg\",\"contentUrl\":\"https:\/\/marevik.ee\/test\/wp-content\/uploads\/2025\/07\/Janome-Coverpro-7000CPX.jpg\",\"width\":1000,\"height\":1000},{\"@type\":\"BreadcrumbList\",\"@id\":\"https:\/\/marevik.ee\/test\/toode\/janome-coverpro-7000cps-kattemasin\/#breadcrumb\",\"itemListElement\":[{\"@type\":\"ListItem\",\"position\":1,\"name\":\"Home\",\"item\":\"https:\/\/marevik.ee\/test\/\"},{\"@type\":\"ListItem\",\"position\":2,\"name\":\"E-POOD\",\"item\":\"https:\/\/marevik.ee\/test\/epood\/\"},{\"@type\":\"ListItem\",\"position\":3,\"name\":\"Janome Coverpro 7000CPS kattemasin\"}]},{\"@type\":\"WebSite\",\"@id\":\"https:\/\/marevik.ee\/test\/#website\",\"url\":\"https:\/\/marevik.ee\/test\/\",\"name\":\"Marevik O&Uuml;\",\"description\":\"&Otilde;mblusmasina asjatundja\",\"publisher\":{\"@id\":\"https:\/\/marevik.ee\/test\/#organization\"},\"potentialAction\":[{\"@type\":\"SearchAction\",\"target\":{\"@type\":\"EntryPoint\",\"urlTemplate\":\"https:\/\/marevik.ee\/test\/?s={search_term_string}\"},\"query-input\":{\"@type\":\"PropertyValueSpecification\",\"valueRequired\":true,\"valueName\":\"search_term_string\"}}],\"inLanguage\":\"en\"},{\"@type\":\"Organization\",\"@id\":\"https:\/\/marevik.ee\/test\/#organization\",\"name\":\"Marevik O&Uuml;\",\"url\":\"https:\/\/marevik.ee\/test\/\",\"logo\":{\"@type\":\"ImageObject\",\"inLanguage\":\"en\",\"@id\":\"https:\/\/marevik.ee\/test\/#\/schema\/logo\/image\/\",\"url\":\"https:\/\/marevik.ee\/test\/wp-content\/uploads\/2020\/02\/mblusmasina-asjatundja-1994_173x105_veebi_v-ike.jpg\",\"contentUrl\":\"https:\/\/marevik.ee\/test\/wp-content\/uploads\/2020\/02\/mblusmasina-asjatundja-1994_173x105_veebi_v-ike.jpg\",\"width\":173,\"height\":105,\"caption\":\"Marevik O&Uuml;\"},\"image\":{\"@id\":\"https:\/\/marevik.ee\/test\/#\/schema\/logo\/image\/\"}}]}<\/script>\n<!-- \/ Yoast SEO plugin. -->","yoast_head_json":{"title":"Janome Coverpro 7000CPS kattemasin - Marevik O&Uuml;","description":"Janome Coverpro 7000CPXS on t\u00e4iustatud versioon Janome Coverpro 1000CPX mudelist. Uus v\u00e4rskem disain, t\u00e4iustatud s\u00f5lmimiss\u00fcsteem, mis parandab silmustiniidi pinget ja v\u00e4hendab pistete vahele j\u00e4tmist. Samuti on masinal n\u00fc\u00fcd ka LED valgusti.","robots":{"index":"index","follow":"follow","max-snippet":"max-snippet:-1","max-image-preview":"max-image-preview:large","max-video-preview":"max-video-preview:-1"},"canonical":"https:\/\/marevik.ee\/test\/toode\/janome-coverpro-7000cps-kattemasin\/","og_locale":"en_US","og_type":"article","og_title":"Janome Coverpro 7000CPS kattemasin - Marevik O&Uuml;","og_description":"Janome Coverpro 7000CPXS on t\u00e4iustatud versioon Janome Coverpro 1000CPX mudelist. Uus v\u00e4rskem disain, t\u00e4iustatud s\u00f5lmimiss\u00fcsteem, mis parandab silmustiniidi pinget ja v\u00e4hendab pistete vahele j\u00e4tmist. Samuti on masinal n\u00fc\u00fcd ka LED valgusti.","og_url":"https:\/\/marevik.ee\/test\/toode\/janome-coverpro-7000cps-kattemasin\/","og_site_name":"Marevik O&Uuml;","article_modified_time":"2025-07-31T07:56:02+00:00","og_image":[{"width":1000,"height":1000,"url":"https:\/\/marevik.ee\/test\/wp-content\/uploads\/2025\/07\/Janome-Coverpro-7000CPX.jpg","type":"image\/jpeg"}],"twitter_card":"summary_large_image","twitter_misc":{"Est. reading time":"1 minute"},"schema":{"@context":"https:\/\/schema.org","@graph":[{"@type":"WebPage","@id":"https:\/\/marevik.ee\/test\/toode\/janome-coverpro-7000cps-kattemasin\/","url":"https:\/\/marevik.ee\/test\/toode\/janome-coverpro-7000cps-kattemasin\/","name":"Janome Coverpro 7000CPS kattemasin - Marevik O&Uuml;","isPartOf":{"@id":"https:\/\/marevik.ee\/test\/#website"},"primaryImageOfPage":{"@id":"https:\/\/marevik.ee\/test\/toode\/janome-coverpro-7000cps-kattemasin\/#primaryimage"},"image":{"@id":"https:\/\/marevik.ee\/test\/toode\/janome-coverpro-7000cps-kattemasin\/#primaryimage"},"thumbnailUrl":"https:\/\/marevik.ee\/test\/wp-content\/uploads\/2025\/07\/Janome-Coverpro-7000CPX.jpg","datePublished":"2025-07-15T12:35:33+00:00","dateModified":"2025-07-31T07:56:02+00:00","description":"Janome Coverpro 7000CPXS on t\u00e4iustatud versioon Janome Coverpro 1000CPX mudelist. Uus v\u00e4rskem disain, t\u00e4iustatud s\u00f5lmimiss\u00fcsteem, mis parandab silmustiniidi pinget ja v\u00e4hendab pistete vahele j\u00e4tmist. Samuti on masinal n\u00fc\u00fcd ka LED valgusti.","breadcrumb":{"@id":"https:\/\/marevik.ee\/test\/toode\/janome-coverpro-7000cps-kattemasin\/#breadcrumb"},"inLanguage":"en","potentialAction":[{"@type":"ReadAction","target":["https:\/\/marevik.ee\/test\/toode\/janome-coverpro-7000cps-kattemasin\/"]}]},{"@type":"ImageObject","inLanguage":"en","@id":"https:\/\/marevik.ee\/test\/toode\/janome-coverpro-7000cps-kattemasin\/#primaryimage","url":"https:\/\/marevik.ee\/test\/wp-content\/uploads\/2025\/07\/Janome-Coverpro-7000CPX.jpg","contentUrl":"https:\/\/marevik.ee\/test\/wp-content\/uploads\/2025\/07\/Janome-Coverpro-7000CPX.jpg","width":1000,"height":1000},{"@type":"BreadcrumbList","@id":"https:\/\/marevik.ee\/test\/toode\/janome-coverpro-7000cps-kattemasin\/#breadcrumb","itemListElement":[{"@type":"ListItem","position":1,"name":"Home","item":"https:\/\/marevik.ee\/test\/"},{"@type":"ListItem","position":2,"name":"E-POOD","item":"https:\/\/marevik.ee\/test\/epood\/"},{"@type":"ListItem","position":3,"name":"Janome Coverpro 7000CPS kattemasin"}]},{"@type":"WebSite","@id":"https:\/\/marevik.ee\/test\/#website","url":"https:\/\/marevik.ee\/test\/","name":"Marevik O&Uuml;","description":"&Otilde;mblusmasina asjatundja","publisher":{"@id":"https:\/\/marevik.ee\/test\/#organization"},"potentialAction":[{"@type":"SearchAction","target":{"@type":"EntryPoint","urlTemplate":"https:\/\/marevik.ee\/test\/?s={search_term_string}"},"query-input":{"@type":"PropertyValueSpecification","valueRequired":true,"valueName":"search_term_string"}}],"inLanguage":"en"},{"@type":"Organization","@id":"https:\/\/marevik.ee\/test\/#organization","name":"Marevik O&Uuml;","url":"https:\/\/marevik.ee\/test\/","logo":{"@type":"ImageObject","inLanguage":"en","@id":"https:\/\/marevik.ee\/test\/#\/schema\/logo\/image\/","url":"https:\/\/marevik.ee\/test\/wp-content\/uploads\/2020\/02\/mblusmasina-asjatundja-1994_173x105_veebi_v-ike.jpg","contentUrl":"https:\/\/marevik.ee\/test\/wp-content\/uploads\/2020\/02\/mblusmasina-asjatundja-1994_173x105_veebi_v-ike.jpg","width":173,"height":105,"caption":"Marevik O&Uuml;"},"image":{"@id":"https:\/\/marevik.ee\/test\/#\/schema\/logo\/image\/"}}]}},"_links":{"self":[{"href":"https:\/\/marevik.ee\/test\/wp-json\/wp\/v2\/product\/17151","targetHints":{"allow":["GET"]}}],"collection":[{"href":"https:\/\/marevik.ee\/test\/wp-json\/wp\/v2\/product"}],"about":[{"href":"https:\/\/marevik.ee\/test\/wp-json\/wp\/v2\/types\/product"}],"wp:featuredmedia":[{"embeddable":true,"href":"https:\/\/marevik.ee\/test\/wp-json\/wp\/v2\/media\/17153"}],"wp:attachment":[{"href":"https:\/\/marevik.ee\/test\/wp-json\/wp\/v2\/media?parent=17151"}],"wp:term":[{"taxonomy":"product_brand","embeddable":true,"href":"https:\/\/marevik.ee\/test\/wp-json\/wp\/v2\/product_brand?post=17151"},{"taxonomy":"product_cat","embeddable":true,"href":"https:\/\/marevik.ee\/test\/wp-json\/wp\/v2\/product_cat?post=17151"},{"taxonomy":"product_tag","embeddable":true,"href":"https:\/\/marevik.ee\/test\/wp-json\/wp\/v2\/product_tag?post=17151"}],"curies":[{"name":"wp","href":"https:\/\/api.w.org\/{rel}","templated":true}]}}