{"id":17349,"date":"2025-09-01T12:14:26","date_gmt":"2025-09-01T12:14:26","guid":{"rendered":"https:\/\/marevik.ee\/test\/?post_type=product&#038;p=17349"},"modified":"2025-09-01T12:18:59","modified_gmt":"2025-09-01T12:18:59","slug":"texi-pierrot-pro-overlok","status":"publish","type":"product","link":"https:\/\/marevik.ee\/test\/toode\/texi-pierrot-pro-overlok\/","title":{"rendered":"Texi Pierrot Pro overlok"},"content":{"rendered":"<p>Overlokil on:<br \/>\n6 erinevat \u00e4\u00e4ristus\u00f5mblust<br \/>\nPistepikkus 0,8-4,0mm<br \/>\nPiste laius 3-9mm<br \/>\nDiferensiaals\u00f6\u00f6te valem 0,7-1 mm venivus ja 1-2mm krooge<br \/>\nPresstalla k\u00f5rgus kuni 9mm<br \/>\nPresstalla surve reguleerimine<br \/>\nP\u00f5lvekangiga presstalla t\u00f5stmine<br \/>\nLED kohtvalgustus<br \/>\n2-funktsiooniga pedaal, kiiruse regulaatorina ja n\u00f5ela kangasse j\u00e4tmise funktsioon<br \/>\n\u00d5mbluskiirus kuni 1200 pm.<br \/>\nVarustusse kuulub: 4 varun\u00f5ela, kruvikeeraja, puhastushari, pintsetid, \u00fclemise silmusti adapter, \u00f5li, niidiv\u00f5rgud ja niidirulli stopperid (4tk), varunuga, kanga suunaja, mutriv\u00f5ti noa eemaldamiseks, t\u00f6\u00f6laua laiendus, pr\u00fcgikorjaja, p\u00f5lvkang ja pehme masina kaitsekate.<\/p>\n","protected":false},"excerpt":{"rendered":"<p>Texi Pierrot Pro overlok on rikkalikuma standardvarustusega ja soodsa hinnaga \u00e4\u00e4ristusmasin. \u00d5mbleb kokku, \u00e4\u00e4ristab ja l\u00f5ikab serva puhtaks. Lihtne niidistus, elektrooniline n\u00f5ela-stopp ja 1200 pistet minutis.<\/p>\n","protected":false},"featured_media":17351,"template":"","meta":{"site-sidebar-layout":"default","site-content-layout":"","ast-site-content-layout":"default","site-content-style":"default","site-sidebar-style":"default","ast-global-header-display":"","ast-banner-title-visibility":"","ast-main-header-display":"","ast-hfb-above-header-display":"","ast-hfb-below-header-display":"","ast-hfb-mobile-header-display":"","site-post-title":"","ast-breadcrumbs-content":"","ast-featured-img":"","footer-sml-layout":"","theme-transparent-header-meta":"default","adv-header-id-meta":"","stick-header-meta":"","header-above-stick-meta":"","header-main-stick-meta":"","header-below-stick-meta":"","astra-migrate-meta-layouts":"set","ast-page-background-enabled":"default","ast-page-background-meta":{"desktop":{"background-color":"","background-image":"","background-repeat":"repeat","background-position":"center center","background-size":"auto","background-attachment":"scroll","background-type":"","background-media":"","overlay-type":"","overlay-color":"","overlay-opacity":"","overlay-gradient":""},"tablet":{"background-color":"","background-image":"","background-repeat":"repeat","background-position":"center center","background-size":"auto","background-attachment":"scroll","background-type":"","background-media":"","overlay-type":"","overlay-color":"","overlay-opacity":"","overlay-gradient":""},"mobile":{"background-color":"","background-image":"","background-repeat":"repeat","background-position":"center center","background-size":"auto","background-attachment":"scroll","background-type":"","background-media":"","overlay-type":"","overlay-color":"","overlay-opacity":"","overlay-gradient":""}},"ast-content-background-meta":{"desktop":{"background-color":"var(--ast-global-color-5)","background-image":"","background-repeat":"repeat","background-position":"center center","background-size":"auto","background-attachment":"scroll","background-type":"","background-media":"","overlay-type":"","overlay-color":"","overlay-opacity":"","overlay-gradient":""},"tablet":{"background-color":"var(--ast-global-color-5)","background-image":"","background-repeat":"repeat","background-position":"center center","background-size":"auto","background-attachment":"scroll","background-type":"","background-media":"","overlay-type":"","overlay-color":"","overlay-opacity":"","overlay-gradient":""},"mobile":{"background-color":"var(--ast-global-color-5)","background-image":"","background-repeat":"repeat","background-position":"center center","background-size":"auto","background-attachment":"scroll","background-type":"","background-media":"","overlay-type":"","overlay-color":"","overlay-opacity":"","overlay-gradient":""}}},"product_brand":[],"product_cat":[64,94],"product_tag":[],"class_list":{"0":"post-17349","1":"product","2":"type-product","3":"status-publish","4":"has-post-thumbnail","6":"product_cat-overlokid-ja-kattemasinad","7":"product_cat-texi-overlokid-ja-kattemasinad","8":"desktop-align-left","9":"tablet-align-left","10":"mobile-align-left","12":"first","13":"instock","14":"taxable","15":"shipping-taxable","16":"purchasable","17":"product-type-simple"},"yoast_head":"<!-- This site is optimized with the Yoast SEO plugin v26.1.1 - https:\/\/yoast.com\/wordpress\/plugins\/seo\/ -->\n<title>Texi Pierrot Pro overlok - Marevik O&Uuml;<\/title>\n<meta name=\"description\" content=\"Texi Pierrot Pro overlok on rikkalikuma standardvarustusega ja soodsa hinnaga \u00e4\u00e4ristusmasin. \u00d5mbleb kokku, \u00e4\u00e4ristab ja l\u00f5ikab serva puhtaks. Lihtne niidistus, elektrooniline n\u00f5ela-stopp ja 1200 pistet minutis.\" \/>\n<meta name=\"robots\" content=\"index, follow, max-snippet:-1, max-image-preview:large, max-video-preview:-1\" \/>\n<link rel=\"canonical\" href=\"https:\/\/marevik.ee\/test\/toode\/texi-pierrot-pro-overlok\/\" \/>\n<meta property=\"og:locale\" content=\"en_US\" \/>\n<meta property=\"og:type\" content=\"article\" \/>\n<meta property=\"og:title\" content=\"Texi Pierrot Pro overlok - Marevik O&Uuml;\" \/>\n<meta property=\"og:description\" content=\"Texi Pierrot Pro overlok on rikkalikuma standardvarustusega ja soodsa hinnaga \u00e4\u00e4ristusmasin. \u00d5mbleb kokku, \u00e4\u00e4ristab ja l\u00f5ikab serva puhtaks. Lihtne niidistus, elektrooniline n\u00f5ela-stopp ja 1200 pistet minutis.\" \/>\n<meta property=\"og:url\" content=\"https:\/\/marevik.ee\/test\/toode\/texi-pierrot-pro-overlok\/\" \/>\n<meta property=\"og:site_name\" content=\"Marevik O&Uuml;\" \/>\n<meta property=\"article:modified_time\" content=\"2025-09-01T12:18:59+00:00\" \/>\n<meta property=\"og:image\" content=\"https:\/\/marevik.ee\/test\/wp-content\/uploads\/2025\/09\/texi-pierrot-pro.jpg\" \/>\n\t<meta property=\"og:image:width\" content=\"1000\" \/>\n\t<meta property=\"og:image:height\" content=\"1000\" \/>\n\t<meta property=\"og:image:type\" content=\"image\/jpeg\" \/>\n<meta name=\"twitter:card\" content=\"summary_large_image\" \/>\n<meta name=\"twitter:label1\" content=\"Est. reading time\" \/>\n\t<meta name=\"twitter:data1\" content=\"1 minute\" \/>\n<script type=\"application\/ld+json\" class=\"yoast-schema-graph\">{\"@context\":\"https:\/\/schema.org\",\"@graph\":[{\"@type\":\"WebPage\",\"@id\":\"https:\/\/marevik.ee\/test\/toode\/texi-pierrot-pro-overlok\/\",\"url\":\"https:\/\/marevik.ee\/test\/toode\/texi-pierrot-pro-overlok\/\",\"name\":\"Texi Pierrot Pro overlok - Marevik O&Uuml;\",\"isPartOf\":{\"@id\":\"https:\/\/marevik.ee\/test\/#website\"},\"primaryImageOfPage\":{\"@id\":\"https:\/\/marevik.ee\/test\/toode\/texi-pierrot-pro-overlok\/#primaryimage\"},\"image\":{\"@id\":\"https:\/\/marevik.ee\/test\/toode\/texi-pierrot-pro-overlok\/#primaryimage\"},\"thumbnailUrl\":\"https:\/\/marevik.ee\/test\/wp-content\/uploads\/2025\/09\/texi-pierrot-pro.jpg\",\"datePublished\":\"2025-09-01T12:14:26+00:00\",\"dateModified\":\"2025-09-01T12:18:59+00:00\",\"description\":\"Texi Pierrot Pro overlok on rikkalikuma standardvarustusega ja soodsa hinnaga \u00e4\u00e4ristusmasin. \u00d5mbleb kokku, \u00e4\u00e4ristab ja l\u00f5ikab serva puhtaks. Lihtne niidistus, elektrooniline n\u00f5ela-stopp ja 1200 pistet minutis.\",\"breadcrumb\":{\"@id\":\"https:\/\/marevik.ee\/test\/toode\/texi-pierrot-pro-overlok\/#breadcrumb\"},\"inLanguage\":\"en\",\"potentialAction\":[{\"@type\":\"ReadAction\",\"target\":[\"https:\/\/marevik.ee\/test\/toode\/texi-pierrot-pro-overlok\/\"]}]},{\"@type\":\"ImageObject\",\"inLanguage\":\"en\",\"@id\":\"https:\/\/marevik.ee\/test\/toode\/texi-pierrot-pro-overlok\/#primaryimage\",\"url\":\"https:\/\/marevik.ee\/test\/wp-content\/uploads\/2025\/09\/texi-pierrot-pro.jpg\",\"contentUrl\":\"https:\/\/marevik.ee\/test\/wp-content\/uploads\/2025\/09\/texi-pierrot-pro.jpg\",\"width\":1000,\"height\":1000},{\"@type\":\"BreadcrumbList\",\"@id\":\"https:\/\/marevik.ee\/test\/toode\/texi-pierrot-pro-overlok\/#breadcrumb\",\"itemListElement\":[{\"@type\":\"ListItem\",\"position\":1,\"name\":\"Home\",\"item\":\"https:\/\/marevik.ee\/test\/\"},{\"@type\":\"ListItem\",\"position\":2,\"name\":\"E-POOD\",\"item\":\"https:\/\/marevik.ee\/test\/epood\/\"},{\"@type\":\"ListItem\",\"position\":3,\"name\":\"Texi Pierrot Pro overlok\"}]},{\"@type\":\"WebSite\",\"@id\":\"https:\/\/marevik.ee\/test\/#website\",\"url\":\"https:\/\/marevik.ee\/test\/\",\"name\":\"Marevik O&Uuml;\",\"description\":\"&Otilde;mblusmasina asjatundja\",\"publisher\":{\"@id\":\"https:\/\/marevik.ee\/test\/#organization\"},\"potentialAction\":[{\"@type\":\"SearchAction\",\"target\":{\"@type\":\"EntryPoint\",\"urlTemplate\":\"https:\/\/marevik.ee\/test\/?s={search_term_string}\"},\"query-input\":{\"@type\":\"PropertyValueSpecification\",\"valueRequired\":true,\"valueName\":\"search_term_string\"}}],\"inLanguage\":\"en\"},{\"@type\":\"Organization\",\"@id\":\"https:\/\/marevik.ee\/test\/#organization\",\"name\":\"Marevik O&Uuml;\",\"url\":\"https:\/\/marevik.ee\/test\/\",\"logo\":{\"@type\":\"ImageObject\",\"inLanguage\":\"en\",\"@id\":\"https:\/\/marevik.ee\/test\/#\/schema\/logo\/image\/\",\"url\":\"https:\/\/marevik.ee\/test\/wp-content\/uploads\/2020\/02\/mblusmasina-asjatundja-1994_173x105_veebi_v-ike.jpg\",\"contentUrl\":\"https:\/\/marevik.ee\/test\/wp-content\/uploads\/2020\/02\/mblusmasina-asjatundja-1994_173x105_veebi_v-ike.jpg\",\"width\":173,\"height\":105,\"caption\":\"Marevik O&Uuml;\"},\"image\":{\"@id\":\"https:\/\/marevik.ee\/test\/#\/schema\/logo\/image\/\"}}]}<\/script>\n<!-- \/ Yoast SEO plugin. -->","yoast_head_json":{"title":"Texi Pierrot Pro overlok - Marevik O&Uuml;","description":"Texi Pierrot Pro overlok on rikkalikuma standardvarustusega ja soodsa hinnaga \u00e4\u00e4ristusmasin. \u00d5mbleb kokku, \u00e4\u00e4ristab ja l\u00f5ikab serva puhtaks. Lihtne niidistus, elektrooniline n\u00f5ela-stopp ja 1200 pistet minutis.","robots":{"index":"index","follow":"follow","max-snippet":"max-snippet:-1","max-image-preview":"max-image-preview:large","max-video-preview":"max-video-preview:-1"},"canonical":"https:\/\/marevik.ee\/test\/toode\/texi-pierrot-pro-overlok\/","og_locale":"en_US","og_type":"article","og_title":"Texi Pierrot Pro overlok - Marevik O&Uuml;","og_description":"Texi Pierrot Pro overlok on rikkalikuma standardvarustusega ja soodsa hinnaga \u00e4\u00e4ristusmasin. \u00d5mbleb kokku, \u00e4\u00e4ristab ja l\u00f5ikab serva puhtaks. Lihtne niidistus, elektrooniline n\u00f5ela-stopp ja 1200 pistet minutis.","og_url":"https:\/\/marevik.ee\/test\/toode\/texi-pierrot-pro-overlok\/","og_site_name":"Marevik O&Uuml;","article_modified_time":"2025-09-01T12:18:59+00:00","og_image":[{"width":1000,"height":1000,"url":"https:\/\/marevik.ee\/test\/wp-content\/uploads\/2025\/09\/texi-pierrot-pro.jpg","type":"image\/jpeg"}],"twitter_card":"summary_large_image","twitter_misc":{"Est. reading time":"1 minute"},"schema":{"@context":"https:\/\/schema.org","@graph":[{"@type":"WebPage","@id":"https:\/\/marevik.ee\/test\/toode\/texi-pierrot-pro-overlok\/","url":"https:\/\/marevik.ee\/test\/toode\/texi-pierrot-pro-overlok\/","name":"Texi Pierrot Pro overlok - Marevik O&Uuml;","isPartOf":{"@id":"https:\/\/marevik.ee\/test\/#website"},"primaryImageOfPage":{"@id":"https:\/\/marevik.ee\/test\/toode\/texi-pierrot-pro-overlok\/#primaryimage"},"image":{"@id":"https:\/\/marevik.ee\/test\/toode\/texi-pierrot-pro-overlok\/#primaryimage"},"thumbnailUrl":"https:\/\/marevik.ee\/test\/wp-content\/uploads\/2025\/09\/texi-pierrot-pro.jpg","datePublished":"2025-09-01T12:14:26+00:00","dateModified":"2025-09-01T12:18:59+00:00","description":"Texi Pierrot Pro overlok on rikkalikuma standardvarustusega ja soodsa hinnaga \u00e4\u00e4ristusmasin. \u00d5mbleb kokku, \u00e4\u00e4ristab ja l\u00f5ikab serva puhtaks. Lihtne niidistus, elektrooniline n\u00f5ela-stopp ja 1200 pistet minutis.","breadcrumb":{"@id":"https:\/\/marevik.ee\/test\/toode\/texi-pierrot-pro-overlok\/#breadcrumb"},"inLanguage":"en","potentialAction":[{"@type":"ReadAction","target":["https:\/\/marevik.ee\/test\/toode\/texi-pierrot-pro-overlok\/"]}]},{"@type":"ImageObject","inLanguage":"en","@id":"https:\/\/marevik.ee\/test\/toode\/texi-pierrot-pro-overlok\/#primaryimage","url":"https:\/\/marevik.ee\/test\/wp-content\/uploads\/2025\/09\/texi-pierrot-pro.jpg","contentUrl":"https:\/\/marevik.ee\/test\/wp-content\/uploads\/2025\/09\/texi-pierrot-pro.jpg","width":1000,"height":1000},{"@type":"BreadcrumbList","@id":"https:\/\/marevik.ee\/test\/toode\/texi-pierrot-pro-overlok\/#breadcrumb","itemListElement":[{"@type":"ListItem","position":1,"name":"Home","item":"https:\/\/marevik.ee\/test\/"},{"@type":"ListItem","position":2,"name":"E-POOD","item":"https:\/\/marevik.ee\/test\/epood\/"},{"@type":"ListItem","position":3,"name":"Texi Pierrot Pro overlok"}]},{"@type":"WebSite","@id":"https:\/\/marevik.ee\/test\/#website","url":"https:\/\/marevik.ee\/test\/","name":"Marevik O&Uuml;","description":"&Otilde;mblusmasina asjatundja","publisher":{"@id":"https:\/\/marevik.ee\/test\/#organization"},"potentialAction":[{"@type":"SearchAction","target":{"@type":"EntryPoint","urlTemplate":"https:\/\/marevik.ee\/test\/?s={search_term_string}"},"query-input":{"@type":"PropertyValueSpecification","valueRequired":true,"valueName":"search_term_string"}}],"inLanguage":"en"},{"@type":"Organization","@id":"https:\/\/marevik.ee\/test\/#organization","name":"Marevik O&Uuml;","url":"https:\/\/marevik.ee\/test\/","logo":{"@type":"ImageObject","inLanguage":"en","@id":"https:\/\/marevik.ee\/test\/#\/schema\/logo\/image\/","url":"https:\/\/marevik.ee\/test\/wp-content\/uploads\/2020\/02\/mblusmasina-asjatundja-1994_173x105_veebi_v-ike.jpg","contentUrl":"https:\/\/marevik.ee\/test\/wp-content\/uploads\/2020\/02\/mblusmasina-asjatundja-1994_173x105_veebi_v-ike.jpg","width":173,"height":105,"caption":"Marevik O&Uuml;"},"image":{"@id":"https:\/\/marevik.ee\/test\/#\/schema\/logo\/image\/"}}]}},"_links":{"self":[{"href":"https:\/\/marevik.ee\/test\/wp-json\/wp\/v2\/product\/17349","targetHints":{"allow":["GET"]}}],"collection":[{"href":"https:\/\/marevik.ee\/test\/wp-json\/wp\/v2\/product"}],"about":[{"href":"https:\/\/marevik.ee\/test\/wp-json\/wp\/v2\/types\/product"}],"wp:featuredmedia":[{"embeddable":true,"href":"https:\/\/marevik.ee\/test\/wp-json\/wp\/v2\/media\/17351"}],"wp:attachment":[{"href":"https:\/\/marevik.ee\/test\/wp-json\/wp\/v2\/media?parent=17349"}],"wp:term":[{"taxonomy":"product_brand","embeddable":true,"href":"https:\/\/marevik.ee\/test\/wp-json\/wp\/v2\/product_brand?post=17349"},{"taxonomy":"product_cat","embeddable":true,"href":"https:\/\/marevik.ee\/test\/wp-json\/wp\/v2\/product_cat?post=17349"},{"taxonomy":"product_tag","embeddable":true,"href":"https:\/\/marevik.ee\/test\/wp-json\/wp\/v2\/product_tag?post=17349"}],"curies":[{"name":"wp","href":"https:\/\/api.w.org\/{rel}","templated":true}]}}