{"id":17382,"date":"2025-09-18T09:17:02","date_gmt":"2025-09-18T09:17:02","guid":{"rendered":"https:\/\/marevik.ee\/test\/?post_type=product&#038;p=17382"},"modified":"2025-09-18T09:17:02","modified_gmt":"2025-09-18T09:17:02","slug":"omblusmasina-oli-40-ml","status":"publish","type":"product","link":"https:\/\/marevik.ee\/test\/toode\/omblusmasina-oli-40-ml\/","title":{"rendered":"\u00d5mblusmasina \u00f5li 40 ml"},"content":{"rendered":"","protected":false},"excerpt":{"rendered":"<p>Tugev \u00f5likann teleskoop otsikuga on parim abimees \u00f5mblus- ja muu tehnika \u00f5litamiseks. See kann on kujunenud k\u00f5igi mehhaanikute lemmikt\u00f6\u00f6riistaks, v\u00f5imaldades s\u00e4\u00e4stlikku ja t\u00e4pset \u00f5litamist. Pikk 10cm v\u00e4ljat\u00f5mmatava otsaga otsik on suletav keermestatud korgi abil. Sisaldab 40ml k\u00f5rge kvaliteediga \u00f5mblusmasina \u00f5li. See on v\u00e4rvitu ja l\u00f5hnatu. V\u00e4hem plekke ning lihtsam puhastada.<\/p>\n","protected":false},"featured_media":17383,"template":"","meta":{"site-sidebar-layout":"default","site-content-layout":"","ast-site-content-layout":"default","site-content-style":"default","site-sidebar-style":"default","ast-global-header-display":"","ast-banner-title-visibility":"","ast-main-header-display":"","ast-hfb-above-header-display":"","ast-hfb-below-header-display":"","ast-hfb-mobile-header-display":"","site-post-title":"","ast-breadcrumbs-content":"","ast-featured-img":"","footer-sml-layout":"","theme-transparent-header-meta":"default","adv-header-id-meta":"","stick-header-meta":"","header-above-stick-meta":"","header-main-stick-meta":"","header-below-stick-meta":"","astra-migrate-meta-layouts":"set","ast-page-background-enabled":"default","ast-page-background-meta":{"desktop":{"background-color":"","background-image":"","background-repeat":"repeat","background-position":"center center","background-size":"auto","background-attachment":"scroll","background-type":"","background-media":"","overlay-type":"","overlay-color":"","overlay-opacity":"","overlay-gradient":""},"tablet":{"background-color":"","background-image":"","background-repeat":"repeat","background-position":"center center","background-size":"auto","background-attachment":"scroll","background-type":"","background-media":"","overlay-type":"","overlay-color":"","overlay-opacity":"","overlay-gradient":""},"mobile":{"background-color":"","background-image":"","background-repeat":"repeat","background-position":"center center","background-size":"auto","background-attachment":"scroll","background-type":"","background-media":"","overlay-type":"","overlay-color":"","overlay-opacity":"","overlay-gradient":""}},"ast-content-background-meta":{"desktop":{"background-color":"var(--ast-global-color-5)","background-image":"","background-repeat":"repeat","background-position":"center center","background-size":"auto","background-attachment":"scroll","background-type":"","background-media":"","overlay-type":"","overlay-color":"","overlay-opacity":"","overlay-gradient":""},"tablet":{"background-color":"var(--ast-global-color-5)","background-image":"","background-repeat":"repeat","background-position":"center center","background-size":"auto","background-attachment":"scroll","background-type":"","background-media":"","overlay-type":"","overlay-color":"","overlay-opacity":"","overlay-gradient":""},"mobile":{"background-color":"var(--ast-global-color-5)","background-image":"","background-repeat":"repeat","background-position":"center center","background-size":"auto","background-attachment":"scroll","background-type":"","background-media":"","overlay-type":"","overlay-color":"","overlay-opacity":"","overlay-gradient":""}}},"product_brand":[],"product_cat":[66,76],"product_tag":[],"class_list":{"0":"post-17382","1":"product","2":"type-product","3":"status-publish","4":"has-post-thumbnail","6":"product_cat-lisatarvikud","7":"product_cat-varuosad-ja-lisad","8":"desktop-align-left","9":"tablet-align-left","10":"mobile-align-left","12":"first","13":"instock","14":"taxable","15":"shipping-taxable","16":"purchasable","17":"product-type-simple"},"yoast_head":"<!-- This site is optimized with the Yoast SEO plugin v26.1.1 - https:\/\/yoast.com\/wordpress\/plugins\/seo\/ -->\n<title>\u00d5mblusmasina \u00f5li 40 ml - Marevik O&Uuml;<\/title>\n<meta name=\"description\" content=\"Tugev \u00f5likann teleskoop otsikuga on parim abimees \u00f5mblus- ja muu tehnika \u00f5litamiseks. See kann on kujunenud k\u00f5igi mehhaanikute lemmikt\u00f6\u00f6riistaks, v\u00f5imaldades s\u00e4\u00e4stlikku ja t\u00e4pset \u00f5litamist.\" \/>\n<meta name=\"robots\" content=\"index, follow, max-snippet:-1, max-image-preview:large, max-video-preview:-1\" \/>\n<link rel=\"canonical\" href=\"https:\/\/marevik.ee\/test\/toode\/omblusmasina-oli-40-ml\/\" \/>\n<meta property=\"og:locale\" content=\"en_US\" \/>\n<meta property=\"og:type\" content=\"article\" \/>\n<meta property=\"og:title\" content=\"\u00d5mblusmasina \u00f5li 40 ml - Marevik O&Uuml;\" \/>\n<meta property=\"og:description\" content=\"Tugev \u00f5likann teleskoop otsikuga on parim abimees \u00f5mblus- ja muu tehnika \u00f5litamiseks. See kann on kujunenud k\u00f5igi mehhaanikute lemmikt\u00f6\u00f6riistaks, v\u00f5imaldades s\u00e4\u00e4stlikku ja t\u00e4pset \u00f5litamist.\" \/>\n<meta property=\"og:url\" content=\"https:\/\/marevik.ee\/test\/toode\/omblusmasina-oli-40-ml\/\" \/>\n<meta property=\"og:site_name\" content=\"Marevik O&Uuml;\" \/>\n<meta property=\"og:image\" content=\"https:\/\/marevik.ee\/test\/wp-content\/uploads\/2025\/09\/Omblusmasina-oli.jpg\" \/>\n\t<meta property=\"og:image:width\" content=\"500\" \/>\n\t<meta property=\"og:image:height\" content=\"500\" \/>\n\t<meta property=\"og:image:type\" content=\"image\/jpeg\" \/>\n<meta name=\"twitter:card\" content=\"summary_large_image\" \/>\n<meta name=\"twitter:label1\" content=\"Est. reading time\" \/>\n\t<meta name=\"twitter:data1\" content=\"1 minute\" \/>\n<script type=\"application\/ld+json\" class=\"yoast-schema-graph\">{\"@context\":\"https:\/\/schema.org\",\"@graph\":[{\"@type\":\"WebPage\",\"@id\":\"https:\/\/marevik.ee\/test\/toode\/omblusmasina-oli-40-ml\/\",\"url\":\"https:\/\/marevik.ee\/test\/toode\/omblusmasina-oli-40-ml\/\",\"name\":\"\u00d5mblusmasina \u00f5li 40 ml - Marevik O&Uuml;\",\"isPartOf\":{\"@id\":\"https:\/\/marevik.ee\/test\/#website\"},\"primaryImageOfPage\":{\"@id\":\"https:\/\/marevik.ee\/test\/toode\/omblusmasina-oli-40-ml\/#primaryimage\"},\"image\":{\"@id\":\"https:\/\/marevik.ee\/test\/toode\/omblusmasina-oli-40-ml\/#primaryimage\"},\"thumbnailUrl\":\"https:\/\/marevik.ee\/test\/wp-content\/uploads\/2025\/09\/Omblusmasina-oli.jpg\",\"datePublished\":\"2025-09-18T09:17:02+00:00\",\"description\":\"Tugev \u00f5likann teleskoop otsikuga on parim abimees \u00f5mblus- ja muu tehnika \u00f5litamiseks. See kann on kujunenud k\u00f5igi mehhaanikute lemmikt\u00f6\u00f6riistaks, v\u00f5imaldades s\u00e4\u00e4stlikku ja t\u00e4pset \u00f5litamist.\",\"breadcrumb\":{\"@id\":\"https:\/\/marevik.ee\/test\/toode\/omblusmasina-oli-40-ml\/#breadcrumb\"},\"inLanguage\":\"en\",\"potentialAction\":[{\"@type\":\"ReadAction\",\"target\":[\"https:\/\/marevik.ee\/test\/toode\/omblusmasina-oli-40-ml\/\"]}]},{\"@type\":\"ImageObject\",\"inLanguage\":\"en\",\"@id\":\"https:\/\/marevik.ee\/test\/toode\/omblusmasina-oli-40-ml\/#primaryimage\",\"url\":\"https:\/\/marevik.ee\/test\/wp-content\/uploads\/2025\/09\/Omblusmasina-oli.jpg\",\"contentUrl\":\"https:\/\/marevik.ee\/test\/wp-content\/uploads\/2025\/09\/Omblusmasina-oli.jpg\",\"width\":500,\"height\":500},{\"@type\":\"BreadcrumbList\",\"@id\":\"https:\/\/marevik.ee\/test\/toode\/omblusmasina-oli-40-ml\/#breadcrumb\",\"itemListElement\":[{\"@type\":\"ListItem\",\"position\":1,\"name\":\"Home\",\"item\":\"https:\/\/marevik.ee\/test\/\"},{\"@type\":\"ListItem\",\"position\":2,\"name\":\"E-POOD\",\"item\":\"https:\/\/marevik.ee\/test\/epood\/\"},{\"@type\":\"ListItem\",\"position\":3,\"name\":\"\u00d5mblusmasina \u00f5li 40 ml\"}]},{\"@type\":\"WebSite\",\"@id\":\"https:\/\/marevik.ee\/test\/#website\",\"url\":\"https:\/\/marevik.ee\/test\/\",\"name\":\"Marevik O&Uuml;\",\"description\":\"&Otilde;mblusmasina asjatundja\",\"publisher\":{\"@id\":\"https:\/\/marevik.ee\/test\/#organization\"},\"potentialAction\":[{\"@type\":\"SearchAction\",\"target\":{\"@type\":\"EntryPoint\",\"urlTemplate\":\"https:\/\/marevik.ee\/test\/?s={search_term_string}\"},\"query-input\":{\"@type\":\"PropertyValueSpecification\",\"valueRequired\":true,\"valueName\":\"search_term_string\"}}],\"inLanguage\":\"en\"},{\"@type\":\"Organization\",\"@id\":\"https:\/\/marevik.ee\/test\/#organization\",\"name\":\"Marevik O&Uuml;\",\"url\":\"https:\/\/marevik.ee\/test\/\",\"logo\":{\"@type\":\"ImageObject\",\"inLanguage\":\"en\",\"@id\":\"https:\/\/marevik.ee\/test\/#\/schema\/logo\/image\/\",\"url\":\"https:\/\/marevik.ee\/test\/wp-content\/uploads\/2020\/02\/mblusmasina-asjatundja-1994_173x105_veebi_v-ike.jpg\",\"contentUrl\":\"https:\/\/marevik.ee\/test\/wp-content\/uploads\/2020\/02\/mblusmasina-asjatundja-1994_173x105_veebi_v-ike.jpg\",\"width\":173,\"height\":105,\"caption\":\"Marevik O&Uuml;\"},\"image\":{\"@id\":\"https:\/\/marevik.ee\/test\/#\/schema\/logo\/image\/\"}}]}<\/script>\n<!-- \/ Yoast SEO plugin. -->","yoast_head_json":{"title":"\u00d5mblusmasina \u00f5li 40 ml - Marevik O&Uuml;","description":"Tugev \u00f5likann teleskoop otsikuga on parim abimees \u00f5mblus- ja muu tehnika \u00f5litamiseks. See kann on kujunenud k\u00f5igi mehhaanikute lemmikt\u00f6\u00f6riistaks, v\u00f5imaldades s\u00e4\u00e4stlikku ja t\u00e4pset \u00f5litamist.","robots":{"index":"index","follow":"follow","max-snippet":"max-snippet:-1","max-image-preview":"max-image-preview:large","max-video-preview":"max-video-preview:-1"},"canonical":"https:\/\/marevik.ee\/test\/toode\/omblusmasina-oli-40-ml\/","og_locale":"en_US","og_type":"article","og_title":"\u00d5mblusmasina \u00f5li 40 ml - Marevik O&Uuml;","og_description":"Tugev \u00f5likann teleskoop otsikuga on parim abimees \u00f5mblus- ja muu tehnika \u00f5litamiseks. See kann on kujunenud k\u00f5igi mehhaanikute lemmikt\u00f6\u00f6riistaks, v\u00f5imaldades s\u00e4\u00e4stlikku ja t\u00e4pset \u00f5litamist.","og_url":"https:\/\/marevik.ee\/test\/toode\/omblusmasina-oli-40-ml\/","og_site_name":"Marevik O&Uuml;","og_image":[{"width":500,"height":500,"url":"https:\/\/marevik.ee\/test\/wp-content\/uploads\/2025\/09\/Omblusmasina-oli.jpg","type":"image\/jpeg"}],"twitter_card":"summary_large_image","twitter_misc":{"Est. reading time":"1 minute"},"schema":{"@context":"https:\/\/schema.org","@graph":[{"@type":"WebPage","@id":"https:\/\/marevik.ee\/test\/toode\/omblusmasina-oli-40-ml\/","url":"https:\/\/marevik.ee\/test\/toode\/omblusmasina-oli-40-ml\/","name":"\u00d5mblusmasina \u00f5li 40 ml - Marevik O&Uuml;","isPartOf":{"@id":"https:\/\/marevik.ee\/test\/#website"},"primaryImageOfPage":{"@id":"https:\/\/marevik.ee\/test\/toode\/omblusmasina-oli-40-ml\/#primaryimage"},"image":{"@id":"https:\/\/marevik.ee\/test\/toode\/omblusmasina-oli-40-ml\/#primaryimage"},"thumbnailUrl":"https:\/\/marevik.ee\/test\/wp-content\/uploads\/2025\/09\/Omblusmasina-oli.jpg","datePublished":"2025-09-18T09:17:02+00:00","description":"Tugev \u00f5likann teleskoop otsikuga on parim abimees \u00f5mblus- ja muu tehnika \u00f5litamiseks. See kann on kujunenud k\u00f5igi mehhaanikute lemmikt\u00f6\u00f6riistaks, v\u00f5imaldades s\u00e4\u00e4stlikku ja t\u00e4pset \u00f5litamist.","breadcrumb":{"@id":"https:\/\/marevik.ee\/test\/toode\/omblusmasina-oli-40-ml\/#breadcrumb"},"inLanguage":"en","potentialAction":[{"@type":"ReadAction","target":["https:\/\/marevik.ee\/test\/toode\/omblusmasina-oli-40-ml\/"]}]},{"@type":"ImageObject","inLanguage":"en","@id":"https:\/\/marevik.ee\/test\/toode\/omblusmasina-oli-40-ml\/#primaryimage","url":"https:\/\/marevik.ee\/test\/wp-content\/uploads\/2025\/09\/Omblusmasina-oli.jpg","contentUrl":"https:\/\/marevik.ee\/test\/wp-content\/uploads\/2025\/09\/Omblusmasina-oli.jpg","width":500,"height":500},{"@type":"BreadcrumbList","@id":"https:\/\/marevik.ee\/test\/toode\/omblusmasina-oli-40-ml\/#breadcrumb","itemListElement":[{"@type":"ListItem","position":1,"name":"Home","item":"https:\/\/marevik.ee\/test\/"},{"@type":"ListItem","position":2,"name":"E-POOD","item":"https:\/\/marevik.ee\/test\/epood\/"},{"@type":"ListItem","position":3,"name":"\u00d5mblusmasina \u00f5li 40 ml"}]},{"@type":"WebSite","@id":"https:\/\/marevik.ee\/test\/#website","url":"https:\/\/marevik.ee\/test\/","name":"Marevik O&Uuml;","description":"&Otilde;mblusmasina asjatundja","publisher":{"@id":"https:\/\/marevik.ee\/test\/#organization"},"potentialAction":[{"@type":"SearchAction","target":{"@type":"EntryPoint","urlTemplate":"https:\/\/marevik.ee\/test\/?s={search_term_string}"},"query-input":{"@type":"PropertyValueSpecification","valueRequired":true,"valueName":"search_term_string"}}],"inLanguage":"en"},{"@type":"Organization","@id":"https:\/\/marevik.ee\/test\/#organization","name":"Marevik O&Uuml;","url":"https:\/\/marevik.ee\/test\/","logo":{"@type":"ImageObject","inLanguage":"en","@id":"https:\/\/marevik.ee\/test\/#\/schema\/logo\/image\/","url":"https:\/\/marevik.ee\/test\/wp-content\/uploads\/2020\/02\/mblusmasina-asjatundja-1994_173x105_veebi_v-ike.jpg","contentUrl":"https:\/\/marevik.ee\/test\/wp-content\/uploads\/2020\/02\/mblusmasina-asjatundja-1994_173x105_veebi_v-ike.jpg","width":173,"height":105,"caption":"Marevik O&Uuml;"},"image":{"@id":"https:\/\/marevik.ee\/test\/#\/schema\/logo\/image\/"}}]}},"_links":{"self":[{"href":"https:\/\/marevik.ee\/test\/wp-json\/wp\/v2\/product\/17382","targetHints":{"allow":["GET"]}}],"collection":[{"href":"https:\/\/marevik.ee\/test\/wp-json\/wp\/v2\/product"}],"about":[{"href":"https:\/\/marevik.ee\/test\/wp-json\/wp\/v2\/types\/product"}],"wp:featuredmedia":[{"embeddable":true,"href":"https:\/\/marevik.ee\/test\/wp-json\/wp\/v2\/media\/17383"}],"wp:attachment":[{"href":"https:\/\/marevik.ee\/test\/wp-json\/wp\/v2\/media?parent=17382"}],"wp:term":[{"taxonomy":"product_brand","embeddable":true,"href":"https:\/\/marevik.ee\/test\/wp-json\/wp\/v2\/product_brand?post=17382"},{"taxonomy":"product_cat","embeddable":true,"href":"https:\/\/marevik.ee\/test\/wp-json\/wp\/v2\/product_cat?post=17382"},{"taxonomy":"product_tag","embeddable":true,"href":"https:\/\/marevik.ee\/test\/wp-json\/wp\/v2\/product_tag?post=17382"}],"curies":[{"name":"wp","href":"https:\/\/api.w.org\/{rel}","templated":true}]}}