{"id":1988,"date":"2021-03-15T13:22:38","date_gmt":"2021-03-15T13:22:38","guid":{"rendered":"https:\/\/xn--mblusmasinapood-rsb.ee\/?post_type=product&#038;p=1988"},"modified":"2025-09-29T05:42:41","modified_gmt":"2025-09-29T05:42:41","slug":"bernina-325","status":"publish","type":"product","link":"https:\/\/marevik.ee\/test\/toode\/bernina-325\/","title":{"rendered":"Bernina 325"},"content":{"rendered":"<p>OMADUSED<br \/>\nMetallist vertikaalne poolis\u00fcsteem<br \/>\n\u00d5mbluskiirus 900 p\/min.<br \/>\nVaba ruum n\u00f5elast paremale 160 mm<br \/>\n4,3&#8243; v\u00e4rviline puuteekraan<br \/>\nLED valgusti, 6 lampi<br \/>\nPiste pikkus kuni 5mm<br \/>\nPiste laius kuni 5,5mm<br \/>\n11 n\u00f5elaasendit<br \/>\nN\u00f5ela stop \u00fcleval v\u00f5i all<br \/>\nPresstalla surve reguleerimise v\u00f5imalus<br \/>\nAutomaatne n\u00f5elasilma niidistaja<br \/>\nNiidil\u00f5ikur manuaalne\/mehaaniline<br \/>\nN\u00f5elastop \u00fcleval v\u00f5i all (programmeeritav)<\/p>\n<p>\u00d5MBLUSED<br \/>\n\u00d5mblusi koos t\u00e4hestikuga kokku 419<br \/>\n2 erinevat fonti<br \/>\nT\u00e4isautomaatne n\u00f6\u00f6pauk 4 erinevat<br \/>\nN\u00f6\u00f6bi \u00f5mbluse operatsioon<br \/>\nTagasi\u00f5mblus<br \/>\nP\u00f5hi\u00f5mblused 29<br \/>\nDekoratiiv\u00f5mblused 75<br \/>\nLapit\u00f6\u00f6 \u00f5mblused 14<\/p>\n","protected":false},"excerpt":{"rendered":"<p>Bernina 325 uus v\u00e4rskem, aasta 2025 mudel, mis v\u00f5rreldes eelmise p\u00f5lvkonna versiooniga on juurde saanud v\u00e4rvilise puuteekraani, hulgaliselt tava ja dekoratiivpisteid, presstalla surveregulaatori ning erinevaid n\u00f6\u00f6pauguversioone. Bernina 325 on t\u00f6\u00f6riist n\u00f5udlikule \u00f5mblejale. See kes on korra omanud Bernina \u00f5mblusmasinat, ei vaheta seda \u00fchegi teise kaubam\u00e4rgi vastu. \u0160veitsi kvaliteet ja pilk\u00fcp\u00fc\u00fcdev disain, see on Bernina.<\/p>\n","protected":false},"featured_media":16878,"template":"","meta":{"site-sidebar-layout":"default","site-content-layout":"default","ast-site-content-layout":"default","site-content-style":"default","site-sidebar-style":"default","ast-global-header-display":"","ast-banner-title-visibility":"","ast-main-header-display":"","ast-hfb-above-header-display":"","ast-hfb-below-header-display":"","ast-hfb-mobile-header-display":"","site-post-title":"","ast-breadcrumbs-content":"","ast-featured-img":"","footer-sml-layout":"","theme-transparent-header-meta":"default","adv-header-id-meta":"","stick-header-meta":"","header-above-stick-meta":"","header-main-stick-meta":"","header-below-stick-meta":"","astra-migrate-meta-layouts":"set","ast-page-background-enabled":"default","ast-page-background-meta":{"desktop":{"background-color":"","background-image":"","background-repeat":"repeat","background-position":"center center","background-size":"auto","background-attachment":"scroll","background-type":"","background-media":"","overlay-type":"","overlay-color":"","overlay-opacity":"","overlay-gradient":""},"tablet":{"background-color":"","background-image":"","background-repeat":"repeat","background-position":"center center","background-size":"auto","background-attachment":"scroll","background-type":"","background-media":"","overlay-type":"","overlay-color":"","overlay-opacity":"","overlay-gradient":""},"mobile":{"background-color":"","background-image":"","background-repeat":"repeat","background-position":"center center","background-size":"auto","background-attachment":"scroll","background-type":"","background-media":"","overlay-type":"","overlay-color":"","overlay-opacity":"","overlay-gradient":""}},"ast-content-background-meta":{"desktop":{"background-color":"var(--ast-global-color-5)","background-image":"","background-repeat":"repeat","background-position":"center center","background-size":"auto","background-attachment":"scroll","background-type":"","background-media":"","overlay-type":"","overlay-color":"","overlay-opacity":"","overlay-gradient":""},"tablet":{"background-color":"var(--ast-global-color-5)","background-image":"","background-repeat":"repeat","background-position":"center center","background-size":"auto","background-attachment":"scroll","background-type":"","background-media":"","overlay-type":"","overlay-color":"","overlay-opacity":"","overlay-gradient":""},"mobile":{"background-color":"var(--ast-global-color-5)","background-image":"","background-repeat":"repeat","background-position":"center center","background-size":"auto","background-attachment":"scroll","background-type":"","background-media":"","overlay-type":"","overlay-color":"","overlay-opacity":"","overlay-gradient":""}}},"product_brand":[],"product_cat":[62,60],"product_tag":[108],"class_list":{"0":"post-1988","1":"product","2":"type-product","3":"status-publish","4":"has-post-thumbnail","6":"product_cat-bernina","7":"product_cat-omblusmasinad","8":"product_tag-bernina","9":"desktop-align-left","10":"tablet-align-left","11":"mobile-align-left","13":"first","14":"instock","15":"taxable","16":"shipping-taxable","17":"purchasable","18":"product-type-simple"},"yoast_head":"<!-- This site is optimized with the Yoast SEO plugin v26.1.1 - https:\/\/yoast.com\/wordpress\/plugins\/seo\/ -->\n<title>Bernina 325 on t\u00f6\u00f6riist n\u00f5udlikule \u00f5mblejale - \u0160veitsi kvaliteet<\/title>\n<meta name=\"description\" content=\"Bernina 325 uus v\u00e4rskem, aasta 2025 mudel, mis v\u00f5rreldes eelmise p\u00f5lvkonna versiooniga on juurde saanud v\u00e4rvilise puuteekraani, hulgaliselt tava ja dekoratiivpisteid ning erinevaid n\u00f6\u00f6pauguversioone. Bernina 325 on t\u00f6\u00f6riist n\u00f5udlikule \u00f5mblejale. See kes on korra omanud Bernina \u00f5mblusmasinat, ei vaheta seda \u00fchegi teise kaubam\u00e4rgi vastu. \u0160veitsi kvaliteet ja pilk\u00fcp\u00fc\u00fcdev disain, see on Bernina.\" \/>\n<meta name=\"robots\" content=\"index, follow, max-snippet:-1, max-image-preview:large, max-video-preview:-1\" \/>\n<link rel=\"canonical\" href=\"https:\/\/marevik.ee\/test\/toode\/bernina-325\/\" \/>\n<meta property=\"og:locale\" content=\"en_US\" \/>\n<meta property=\"og:type\" content=\"article\" \/>\n<meta property=\"og:title\" content=\"Bernina 325 on t\u00f6\u00f6riist n\u00f5udlikule \u00f5mblejale - \u0160veitsi kvaliteet\" \/>\n<meta property=\"og:description\" content=\"Bernina 325 uus v\u00e4rskem, aasta 2025 mudel, mis v\u00f5rreldes eelmise p\u00f5lvkonna versiooniga on juurde saanud v\u00e4rvilise puuteekraani, hulgaliselt tava ja dekoratiivpisteid ning erinevaid n\u00f6\u00f6pauguversioone. Bernina 325 on t\u00f6\u00f6riist n\u00f5udlikule \u00f5mblejale. See kes on korra omanud Bernina \u00f5mblusmasinat, ei vaheta seda \u00fchegi teise kaubam\u00e4rgi vastu. \u0160veitsi kvaliteet ja pilk\u00fcp\u00fc\u00fcdev disain, see on Bernina.\" \/>\n<meta property=\"og:url\" content=\"https:\/\/marevik.ee\/test\/toode\/bernina-325\/\" \/>\n<meta property=\"og:site_name\" content=\"Marevik O&Uuml;\" \/>\n<meta property=\"article:modified_time\" content=\"2025-09-29T05:42:41+00:00\" \/>\n<meta property=\"og:image\" content=\"https:\/\/marevik.ee\/test\/wp-content\/uploads\/2021\/03\/Bernina-325_1new.jpg\" \/>\n\t<meta property=\"og:image:width\" content=\"500\" \/>\n\t<meta property=\"og:image:height\" content=\"500\" \/>\n\t<meta property=\"og:image:type\" content=\"image\/jpeg\" \/>\n<meta name=\"twitter:card\" content=\"summary_large_image\" \/>\n<meta name=\"twitter:label1\" content=\"Est. reading time\" \/>\n\t<meta name=\"twitter:data1\" content=\"1 minute\" \/>\n<script type=\"application\/ld+json\" class=\"yoast-schema-graph\">{\"@context\":\"https:\/\/schema.org\",\"@graph\":[{\"@type\":\"WebPage\",\"@id\":\"https:\/\/marevik.ee\/test\/toode\/bernina-325\/\",\"url\":\"https:\/\/marevik.ee\/test\/toode\/bernina-325\/\",\"name\":\"Bernina 325 on t\u00f6\u00f6riist n\u00f5udlikule \u00f5mblejale - \u0160veitsi kvaliteet\",\"isPartOf\":{\"@id\":\"https:\/\/marevik.ee\/test\/#website\"},\"primaryImageOfPage\":{\"@id\":\"https:\/\/marevik.ee\/test\/toode\/bernina-325\/#primaryimage\"},\"image\":{\"@id\":\"https:\/\/marevik.ee\/test\/toode\/bernina-325\/#primaryimage\"},\"thumbnailUrl\":\"https:\/\/marevik.ee\/test\/wp-content\/uploads\/2021\/03\/Bernina-325_1new.jpg\",\"datePublished\":\"2021-03-15T13:22:38+00:00\",\"dateModified\":\"2025-09-29T05:42:41+00:00\",\"description\":\"Bernina 325 uus v\u00e4rskem, aasta 2025 mudel, mis v\u00f5rreldes eelmise p\u00f5lvkonna versiooniga on juurde saanud v\u00e4rvilise puuteekraani, hulgaliselt tava ja dekoratiivpisteid ning erinevaid n\u00f6\u00f6pauguversioone. Bernina 325 on t\u00f6\u00f6riist n\u00f5udlikule \u00f5mblejale. See kes on korra omanud Bernina \u00f5mblusmasinat, ei vaheta seda \u00fchegi teise kaubam\u00e4rgi vastu. \u0160veitsi kvaliteet ja pilk\u00fcp\u00fc\u00fcdev disain, see on Bernina.\",\"breadcrumb\":{\"@id\":\"https:\/\/marevik.ee\/test\/toode\/bernina-325\/#breadcrumb\"},\"inLanguage\":\"en\",\"potentialAction\":[{\"@type\":\"ReadAction\",\"target\":[\"https:\/\/marevik.ee\/test\/toode\/bernina-325\/\"]}]},{\"@type\":\"ImageObject\",\"inLanguage\":\"en\",\"@id\":\"https:\/\/marevik.ee\/test\/toode\/bernina-325\/#primaryimage\",\"url\":\"https:\/\/marevik.ee\/test\/wp-content\/uploads\/2021\/03\/Bernina-325_1new.jpg\",\"contentUrl\":\"https:\/\/marevik.ee\/test\/wp-content\/uploads\/2021\/03\/Bernina-325_1new.jpg\",\"width\":500,\"height\":500},{\"@type\":\"BreadcrumbList\",\"@id\":\"https:\/\/marevik.ee\/test\/toode\/bernina-325\/#breadcrumb\",\"itemListElement\":[{\"@type\":\"ListItem\",\"position\":1,\"name\":\"Home\",\"item\":\"https:\/\/marevik.ee\/test\/\"},{\"@type\":\"ListItem\",\"position\":2,\"name\":\"E-POOD\",\"item\":\"https:\/\/marevik.ee\/test\/epood\/\"},{\"@type\":\"ListItem\",\"position\":3,\"name\":\"Bernina 325\"}]},{\"@type\":\"WebSite\",\"@id\":\"https:\/\/marevik.ee\/test\/#website\",\"url\":\"https:\/\/marevik.ee\/test\/\",\"name\":\"Marevik O&Uuml;\",\"description\":\"&Otilde;mblusmasina asjatundja\",\"publisher\":{\"@id\":\"https:\/\/marevik.ee\/test\/#organization\"},\"potentialAction\":[{\"@type\":\"SearchAction\",\"target\":{\"@type\":\"EntryPoint\",\"urlTemplate\":\"https:\/\/marevik.ee\/test\/?s={search_term_string}\"},\"query-input\":{\"@type\":\"PropertyValueSpecification\",\"valueRequired\":true,\"valueName\":\"search_term_string\"}}],\"inLanguage\":\"en\"},{\"@type\":\"Organization\",\"@id\":\"https:\/\/marevik.ee\/test\/#organization\",\"name\":\"Marevik O&Uuml;\",\"url\":\"https:\/\/marevik.ee\/test\/\",\"logo\":{\"@type\":\"ImageObject\",\"inLanguage\":\"en\",\"@id\":\"https:\/\/marevik.ee\/test\/#\/schema\/logo\/image\/\",\"url\":\"https:\/\/marevik.ee\/test\/wp-content\/uploads\/2020\/02\/mblusmasina-asjatundja-1994_173x105_veebi_v-ike.jpg\",\"contentUrl\":\"https:\/\/marevik.ee\/test\/wp-content\/uploads\/2020\/02\/mblusmasina-asjatundja-1994_173x105_veebi_v-ike.jpg\",\"width\":173,\"height\":105,\"caption\":\"Marevik O&Uuml;\"},\"image\":{\"@id\":\"https:\/\/marevik.ee\/test\/#\/schema\/logo\/image\/\"}}]}<\/script>\n<!-- \/ Yoast SEO plugin. -->","yoast_head_json":{"title":"Bernina 325 on t\u00f6\u00f6riist n\u00f5udlikule \u00f5mblejale - \u0160veitsi kvaliteet","description":"Bernina 325 uus v\u00e4rskem, aasta 2025 mudel, mis v\u00f5rreldes eelmise p\u00f5lvkonna versiooniga on juurde saanud v\u00e4rvilise puuteekraani, hulgaliselt tava ja dekoratiivpisteid ning erinevaid n\u00f6\u00f6pauguversioone. Bernina 325 on t\u00f6\u00f6riist n\u00f5udlikule \u00f5mblejale. See kes on korra omanud Bernina \u00f5mblusmasinat, ei vaheta seda \u00fchegi teise kaubam\u00e4rgi vastu. \u0160veitsi kvaliteet ja pilk\u00fcp\u00fc\u00fcdev disain, see on Bernina.","robots":{"index":"index","follow":"follow","max-snippet":"max-snippet:-1","max-image-preview":"max-image-preview:large","max-video-preview":"max-video-preview:-1"},"canonical":"https:\/\/marevik.ee\/test\/toode\/bernina-325\/","og_locale":"en_US","og_type":"article","og_title":"Bernina 325 on t\u00f6\u00f6riist n\u00f5udlikule \u00f5mblejale - \u0160veitsi kvaliteet","og_description":"Bernina 325 uus v\u00e4rskem, aasta 2025 mudel, mis v\u00f5rreldes eelmise p\u00f5lvkonna versiooniga on juurde saanud v\u00e4rvilise puuteekraani, hulgaliselt tava ja dekoratiivpisteid ning erinevaid n\u00f6\u00f6pauguversioone. Bernina 325 on t\u00f6\u00f6riist n\u00f5udlikule \u00f5mblejale. See kes on korra omanud Bernina \u00f5mblusmasinat, ei vaheta seda \u00fchegi teise kaubam\u00e4rgi vastu. \u0160veitsi kvaliteet ja pilk\u00fcp\u00fc\u00fcdev disain, see on Bernina.","og_url":"https:\/\/marevik.ee\/test\/toode\/bernina-325\/","og_site_name":"Marevik O&Uuml;","article_modified_time":"2025-09-29T05:42:41+00:00","og_image":[{"width":500,"height":500,"url":"https:\/\/marevik.ee\/test\/wp-content\/uploads\/2021\/03\/Bernina-325_1new.jpg","type":"image\/jpeg"}],"twitter_card":"summary_large_image","twitter_misc":{"Est. reading time":"1 minute"},"schema":{"@context":"https:\/\/schema.org","@graph":[{"@type":"WebPage","@id":"https:\/\/marevik.ee\/test\/toode\/bernina-325\/","url":"https:\/\/marevik.ee\/test\/toode\/bernina-325\/","name":"Bernina 325 on t\u00f6\u00f6riist n\u00f5udlikule \u00f5mblejale - \u0160veitsi kvaliteet","isPartOf":{"@id":"https:\/\/marevik.ee\/test\/#website"},"primaryImageOfPage":{"@id":"https:\/\/marevik.ee\/test\/toode\/bernina-325\/#primaryimage"},"image":{"@id":"https:\/\/marevik.ee\/test\/toode\/bernina-325\/#primaryimage"},"thumbnailUrl":"https:\/\/marevik.ee\/test\/wp-content\/uploads\/2021\/03\/Bernina-325_1new.jpg","datePublished":"2021-03-15T13:22:38+00:00","dateModified":"2025-09-29T05:42:41+00:00","description":"Bernina 325 uus v\u00e4rskem, aasta 2025 mudel, mis v\u00f5rreldes eelmise p\u00f5lvkonna versiooniga on juurde saanud v\u00e4rvilise puuteekraani, hulgaliselt tava ja dekoratiivpisteid ning erinevaid n\u00f6\u00f6pauguversioone. Bernina 325 on t\u00f6\u00f6riist n\u00f5udlikule \u00f5mblejale. See kes on korra omanud Bernina \u00f5mblusmasinat, ei vaheta seda \u00fchegi teise kaubam\u00e4rgi vastu. \u0160veitsi kvaliteet ja pilk\u00fcp\u00fc\u00fcdev disain, see on Bernina.","breadcrumb":{"@id":"https:\/\/marevik.ee\/test\/toode\/bernina-325\/#breadcrumb"},"inLanguage":"en","potentialAction":[{"@type":"ReadAction","target":["https:\/\/marevik.ee\/test\/toode\/bernina-325\/"]}]},{"@type":"ImageObject","inLanguage":"en","@id":"https:\/\/marevik.ee\/test\/toode\/bernina-325\/#primaryimage","url":"https:\/\/marevik.ee\/test\/wp-content\/uploads\/2021\/03\/Bernina-325_1new.jpg","contentUrl":"https:\/\/marevik.ee\/test\/wp-content\/uploads\/2021\/03\/Bernina-325_1new.jpg","width":500,"height":500},{"@type":"BreadcrumbList","@id":"https:\/\/marevik.ee\/test\/toode\/bernina-325\/#breadcrumb","itemListElement":[{"@type":"ListItem","position":1,"name":"Home","item":"https:\/\/marevik.ee\/test\/"},{"@type":"ListItem","position":2,"name":"E-POOD","item":"https:\/\/marevik.ee\/test\/epood\/"},{"@type":"ListItem","position":3,"name":"Bernina 325"}]},{"@type":"WebSite","@id":"https:\/\/marevik.ee\/test\/#website","url":"https:\/\/marevik.ee\/test\/","name":"Marevik O&Uuml;","description":"&Otilde;mblusmasina asjatundja","publisher":{"@id":"https:\/\/marevik.ee\/test\/#organization"},"potentialAction":[{"@type":"SearchAction","target":{"@type":"EntryPoint","urlTemplate":"https:\/\/marevik.ee\/test\/?s={search_term_string}"},"query-input":{"@type":"PropertyValueSpecification","valueRequired":true,"valueName":"search_term_string"}}],"inLanguage":"en"},{"@type":"Organization","@id":"https:\/\/marevik.ee\/test\/#organization","name":"Marevik O&Uuml;","url":"https:\/\/marevik.ee\/test\/","logo":{"@type":"ImageObject","inLanguage":"en","@id":"https:\/\/marevik.ee\/test\/#\/schema\/logo\/image\/","url":"https:\/\/marevik.ee\/test\/wp-content\/uploads\/2020\/02\/mblusmasina-asjatundja-1994_173x105_veebi_v-ike.jpg","contentUrl":"https:\/\/marevik.ee\/test\/wp-content\/uploads\/2020\/02\/mblusmasina-asjatundja-1994_173x105_veebi_v-ike.jpg","width":173,"height":105,"caption":"Marevik O&Uuml;"},"image":{"@id":"https:\/\/marevik.ee\/test\/#\/schema\/logo\/image\/"}}]}},"_links":{"self":[{"href":"https:\/\/marevik.ee\/test\/wp-json\/wp\/v2\/product\/1988","targetHints":{"allow":["GET"]}}],"collection":[{"href":"https:\/\/marevik.ee\/test\/wp-json\/wp\/v2\/product"}],"about":[{"href":"https:\/\/marevik.ee\/test\/wp-json\/wp\/v2\/types\/product"}],"wp:featuredmedia":[{"embeddable":true,"href":"https:\/\/marevik.ee\/test\/wp-json\/wp\/v2\/media\/16878"}],"wp:attachment":[{"href":"https:\/\/marevik.ee\/test\/wp-json\/wp\/v2\/media?parent=1988"}],"wp:term":[{"taxonomy":"product_brand","embeddable":true,"href":"https:\/\/marevik.ee\/test\/wp-json\/wp\/v2\/product_brand?post=1988"},{"taxonomy":"product_cat","embeddable":true,"href":"https:\/\/marevik.ee\/test\/wp-json\/wp\/v2\/product_cat?post=1988"},{"taxonomy":"product_tag","embeddable":true,"href":"https:\/\/marevik.ee\/test\/wp-json\/wp\/v2\/product_tag?post=1988"}],"curies":[{"name":"wp","href":"https:\/\/api.w.org\/{rel}","templated":true}]}}