{"id":4577,"date":"2022-05-04T08:40:41","date_gmt":"2022-05-04T08:40:41","guid":{"rendered":"https:\/\/xn--mblusmasinapood-rsb.ee\/?post_type=product&#038;p=4577"},"modified":"2025-08-14T09:33:20","modified_gmt":"2025-08-14T09:33:20","slug":"janome-dc-7100","status":"publish","type":"product","link":"https:\/\/marevik.ee\/test\/toode\/janome-dc-7100\/","title":{"rendered":"Janome DC 7100"},"content":{"rendered":"<p>Tehnilised n\u00e4itajad:<\/p>\n<ul>\n<li style=\"list-style-type: none;\">\n<ul>\n<li>100 \u00f5mblusoperatsiooni<\/li>\n<li>Suur abilaud masinaga kaasas. Abilaua m\u00f5\u00f5dud 27cm x 40cm LED-ekraan.<\/li>\n<li>n\u00f5ela stoppasendi nupp \u00fcles\/alla<\/li>\n<li>START\/STOP nupp v\u00f5imaldab masinat k\u00e4ivitada ja peatada.<\/li>\n<li>Horisontaalne p\u00f6\u00f6rlev magnetp\u00f5hjaga poolipesa, pealtlaetav poolis\u00fcsteem.<\/li>\n<li>\u00d5mbluslaiuse regulaator 0-7mm<\/li>\n<li>Piste pikkuse regulaator 0-5mm<\/li>\n<li>Presstalla t\u00f5stmine p\u00f5lvet\u00f5stjaga<\/li>\n<li>\u00d5mbluskiiruse regulaator, lisaks pedaalile t\u00e4iendavalt ka masina peal<\/li>\n<li>T\u00e4isautomaatne n\u00f6\u00f6pauk, (6 erinevat)<\/li>\n<li>Vabavars.<\/li>\n<li>V\u00f5imalus \u00f5mmelda topeltn\u00f5elaga.<\/li>\n<li>7-osaline veohammastik kergendab \u00f5hukeste ja venivate materjalide \u00f5mblemist.<\/li>\n<li>Automaatne peav\u00f5lli vabastus poolimisel.<\/li>\n<li>S\u00f6\u00f6tehammastiku v\u00e4ljal\u00fclitamise v\u00f5imalus.<\/li>\n<li>N\u00f5ela kiirniidistaja.<\/li>\n<li>Elektrooniline niidil\u00f5ikur.<\/li>\n<li>Masina t\u00f6\u00f6lauas tarvikute laegas poolidele ja tarvikutele.<\/li>\n<li>Klassikaline kohtvalgustus ja lisaks LED valgusti t\u00f6\u00f6tasapinna keskel.<\/li>\n<\/ul>\n<\/li>\n<\/ul>\n<p>Tarvikud:<\/p>\n<ul>\n<li style=\"list-style-type: none;\">\n<ul>\n<li style=\"list-style-type: none;\">\n<ul>\n<li>3 pooli,<\/li>\n<li>n\u00f5elakomplekt 7 talda (universaal-, t\u00f5mblukutald, n\u00f6\u00f6pauguraam (+ k\u00f5rguste vahe kompenseerimiss\u00fcsteem mis v\u00f5imaldab paremat resultaati paksemast materjalist tootele n\u00f6\u00f6paukude \u00f5mblemisel),<\/li>\n<li>l\u00e4bipaistev aplikatsioonitald, peitpistetald, \u00e4\u00e4ristus\u00f5mbluste tald ja nn lapitehnikatald (v\u00f5imaldab t\u00e4nu juhikule teha teping\u00f5mblusi \u00fchtlasele kaugusele detaili servast),<\/li>\n<li>lisaniidirulli tapp,<\/li>\n<li>harutuspulk\/n\u00f6\u00f6paugul\u00f5ikaja,<\/li>\n<li>kruvikeeraja,<\/li>\n<li>puhastuspintsel, tugevast plastmassist valge k\u00f5vakate.<\/li>\n<\/ul>\n<\/li>\n<\/ul>\n<\/li>\n<\/ul>\n","protected":false},"excerpt":{"rendered":"<p>Janome DC7100 on kaasaegne, kauni disaini ja suurte v\u00f5imalustega kompuuter\u00f5mblusmasin. Jaapani kvaliteet sajandipikkune kogemus \u00f5mblusmasinate tootmisel, see on Janome.<\/p>\n","protected":false},"featured_media":4578,"template":"","meta":{"site-sidebar-layout":"default","site-content-layout":"default","ast-site-content-layout":"default","site-content-style":"default","site-sidebar-style":"default","ast-global-header-display":"","ast-banner-title-visibility":"","ast-main-header-display":"","ast-hfb-above-header-display":"","ast-hfb-below-header-display":"","ast-hfb-mobile-header-display":"","site-post-title":"","ast-breadcrumbs-content":"","ast-featured-img":"","footer-sml-layout":"","theme-transparent-header-meta":"default","adv-header-id-meta":"","stick-header-meta":"","header-above-stick-meta":"","header-main-stick-meta":"","header-below-stick-meta":"","astra-migrate-meta-layouts":"set","ast-page-background-enabled":"default","ast-page-background-meta":{"desktop":{"background-color":"","background-image":"","background-repeat":"repeat","background-position":"center center","background-size":"auto","background-attachment":"scroll","background-type":"","background-media":"","overlay-type":"","overlay-color":"","overlay-opacity":"","overlay-gradient":""},"tablet":{"background-color":"","background-image":"","background-repeat":"repeat","background-position":"center center","background-size":"auto","background-attachment":"scroll","background-type":"","background-media":"","overlay-type":"","overlay-color":"","overlay-opacity":"","overlay-gradient":""},"mobile":{"background-color":"","background-image":"","background-repeat":"repeat","background-position":"center center","background-size":"auto","background-attachment":"scroll","background-type":"","background-media":"","overlay-type":"","overlay-color":"","overlay-opacity":"","overlay-gradient":""}},"ast-content-background-meta":{"desktop":{"background-color":"var(--ast-global-color-5)","background-image":"","background-repeat":"repeat","background-position":"center center","background-size":"auto","background-attachment":"scroll","background-type":"","background-media":"","overlay-type":"","overlay-color":"","overlay-opacity":"","overlay-gradient":""},"tablet":{"background-color":"var(--ast-global-color-5)","background-image":"","background-repeat":"repeat","background-position":"center center","background-size":"auto","background-attachment":"scroll","background-type":"","background-media":"","overlay-type":"","overlay-color":"","overlay-opacity":"","overlay-gradient":""},"mobile":{"background-color":"var(--ast-global-color-5)","background-image":"","background-repeat":"repeat","background-position":"center center","background-size":"auto","background-attachment":"scroll","background-type":"","background-media":"","overlay-type":"","overlay-color":"","overlay-opacity":"","overlay-gradient":""}}},"product_brand":[],"product_cat":[69,60],"product_tag":[84],"class_list":{"0":"post-4577","1":"product","2":"type-product","3":"status-publish","4":"has-post-thumbnail","6":"product_cat-janome","7":"product_cat-omblusmasinad","8":"product_tag-janome","9":"desktop-align-left","10":"tablet-align-left","11":"mobile-align-left","13":"first","14":"instock","15":"taxable","16":"shipping-taxable","17":"purchasable","18":"product-type-simple"},"yoast_head":"<!-- This site is optimized with the Yoast SEO plugin v26.1.1 - https:\/\/yoast.com\/wordpress\/plugins\/seo\/ -->\n<title>Janome DC 7100 - Marevik O&Uuml;<\/title>\n<meta name=\"description\" content=\"Janome DC7100 on kaasaegne, kauni disaini ja suurte v\u00f5imalustega kompuuter\u00f5mblusmasin. Jaapani kvaliteet sajandipikkune kogemus \u00f5mblusmasinate tootmisel, see on Janome.\" \/>\n<meta name=\"robots\" content=\"index, follow, max-snippet:-1, max-image-preview:large, max-video-preview:-1\" \/>\n<link rel=\"canonical\" href=\"https:\/\/marevik.ee\/test\/toode\/janome-dc-7100\/\" \/>\n<meta property=\"og:locale\" content=\"en_US\" \/>\n<meta property=\"og:type\" content=\"article\" \/>\n<meta property=\"og:title\" content=\"Janome DC 7100 - Marevik O&Uuml;\" \/>\n<meta property=\"og:description\" content=\"Janome DC7100 on kaasaegne, kauni disaini ja suurte v\u00f5imalustega kompuuter\u00f5mblusmasin. Jaapani kvaliteet sajandipikkune kogemus \u00f5mblusmasinate tootmisel, see on Janome.\" \/>\n<meta property=\"og:url\" content=\"https:\/\/marevik.ee\/test\/toode\/janome-dc-7100\/\" \/>\n<meta property=\"og:site_name\" content=\"Marevik O&Uuml;\" \/>\n<meta property=\"article:modified_time\" content=\"2025-08-14T09:33:20+00:00\" \/>\n<meta property=\"og:image\" content=\"https:\/\/marevik.ee\/test\/wp-content\/uploads\/2021\/03\/DC7100.jpg\" \/>\n\t<meta property=\"og:image:width\" content=\"500\" \/>\n\t<meta property=\"og:image:height\" content=\"500\" \/>\n\t<meta property=\"og:image:type\" content=\"image\/jpeg\" \/>\n<meta name=\"twitter:card\" content=\"summary_large_image\" \/>\n<meta name=\"twitter:label1\" content=\"Est. reading time\" \/>\n\t<meta name=\"twitter:data1\" content=\"1 minute\" \/>\n<script type=\"application\/ld+json\" class=\"yoast-schema-graph\">{\"@context\":\"https:\/\/schema.org\",\"@graph\":[{\"@type\":\"WebPage\",\"@id\":\"https:\/\/marevik.ee\/test\/toode\/janome-dc-7100\/\",\"url\":\"https:\/\/marevik.ee\/test\/toode\/janome-dc-7100\/\",\"name\":\"Janome DC 7100 - Marevik O&Uuml;\",\"isPartOf\":{\"@id\":\"https:\/\/marevik.ee\/test\/#website\"},\"primaryImageOfPage\":{\"@id\":\"https:\/\/marevik.ee\/test\/toode\/janome-dc-7100\/#primaryimage\"},\"image\":{\"@id\":\"https:\/\/marevik.ee\/test\/toode\/janome-dc-7100\/#primaryimage\"},\"thumbnailUrl\":\"https:\/\/marevik.ee\/test\/wp-content\/uploads\/2021\/03\/DC7100.jpg\",\"datePublished\":\"2022-05-04T08:40:41+00:00\",\"dateModified\":\"2025-08-14T09:33:20+00:00\",\"description\":\"Janome DC7100 on kaasaegne, kauni disaini ja suurte v\u00f5imalustega kompuuter\u00f5mblusmasin. Jaapani kvaliteet sajandipikkune kogemus \u00f5mblusmasinate tootmisel, see on Janome.\",\"breadcrumb\":{\"@id\":\"https:\/\/marevik.ee\/test\/toode\/janome-dc-7100\/#breadcrumb\"},\"inLanguage\":\"en\",\"potentialAction\":[{\"@type\":\"ReadAction\",\"target\":[\"https:\/\/marevik.ee\/test\/toode\/janome-dc-7100\/\"]}]},{\"@type\":\"ImageObject\",\"inLanguage\":\"en\",\"@id\":\"https:\/\/marevik.ee\/test\/toode\/janome-dc-7100\/#primaryimage\",\"url\":\"https:\/\/marevik.ee\/test\/wp-content\/uploads\/2021\/03\/DC7100.jpg\",\"contentUrl\":\"https:\/\/marevik.ee\/test\/wp-content\/uploads\/2021\/03\/DC7100.jpg\",\"width\":500,\"height\":500,\"caption\":\"Janome DC 7100\"},{\"@type\":\"BreadcrumbList\",\"@id\":\"https:\/\/marevik.ee\/test\/toode\/janome-dc-7100\/#breadcrumb\",\"itemListElement\":[{\"@type\":\"ListItem\",\"position\":1,\"name\":\"Home\",\"item\":\"https:\/\/marevik.ee\/test\/\"},{\"@type\":\"ListItem\",\"position\":2,\"name\":\"E-POOD\",\"item\":\"https:\/\/marevik.ee\/test\/epood\/\"},{\"@type\":\"ListItem\",\"position\":3,\"name\":\"Janome DC 7100\"}]},{\"@type\":\"WebSite\",\"@id\":\"https:\/\/marevik.ee\/test\/#website\",\"url\":\"https:\/\/marevik.ee\/test\/\",\"name\":\"Marevik O&Uuml;\",\"description\":\"&Otilde;mblusmasina asjatundja\",\"publisher\":{\"@id\":\"https:\/\/marevik.ee\/test\/#organization\"},\"potentialAction\":[{\"@type\":\"SearchAction\",\"target\":{\"@type\":\"EntryPoint\",\"urlTemplate\":\"https:\/\/marevik.ee\/test\/?s={search_term_string}\"},\"query-input\":{\"@type\":\"PropertyValueSpecification\",\"valueRequired\":true,\"valueName\":\"search_term_string\"}}],\"inLanguage\":\"en\"},{\"@type\":\"Organization\",\"@id\":\"https:\/\/marevik.ee\/test\/#organization\",\"name\":\"Marevik O&Uuml;\",\"url\":\"https:\/\/marevik.ee\/test\/\",\"logo\":{\"@type\":\"ImageObject\",\"inLanguage\":\"en\",\"@id\":\"https:\/\/marevik.ee\/test\/#\/schema\/logo\/image\/\",\"url\":\"https:\/\/marevik.ee\/test\/wp-content\/uploads\/2020\/02\/mblusmasina-asjatundja-1994_173x105_veebi_v-ike.jpg\",\"contentUrl\":\"https:\/\/marevik.ee\/test\/wp-content\/uploads\/2020\/02\/mblusmasina-asjatundja-1994_173x105_veebi_v-ike.jpg\",\"width\":173,\"height\":105,\"caption\":\"Marevik O&Uuml;\"},\"image\":{\"@id\":\"https:\/\/marevik.ee\/test\/#\/schema\/logo\/image\/\"}}]}<\/script>\n<!-- \/ Yoast SEO plugin. -->","yoast_head_json":{"title":"Janome DC 7100 - Marevik O&Uuml;","description":"Janome DC7100 on kaasaegne, kauni disaini ja suurte v\u00f5imalustega kompuuter\u00f5mblusmasin. Jaapani kvaliteet sajandipikkune kogemus \u00f5mblusmasinate tootmisel, see on Janome.","robots":{"index":"index","follow":"follow","max-snippet":"max-snippet:-1","max-image-preview":"max-image-preview:large","max-video-preview":"max-video-preview:-1"},"canonical":"https:\/\/marevik.ee\/test\/toode\/janome-dc-7100\/","og_locale":"en_US","og_type":"article","og_title":"Janome DC 7100 - Marevik O&Uuml;","og_description":"Janome DC7100 on kaasaegne, kauni disaini ja suurte v\u00f5imalustega kompuuter\u00f5mblusmasin. Jaapani kvaliteet sajandipikkune kogemus \u00f5mblusmasinate tootmisel, see on Janome.","og_url":"https:\/\/marevik.ee\/test\/toode\/janome-dc-7100\/","og_site_name":"Marevik O&Uuml;","article_modified_time":"2025-08-14T09:33:20+00:00","og_image":[{"width":500,"height":500,"url":"https:\/\/marevik.ee\/test\/wp-content\/uploads\/2021\/03\/DC7100.jpg","type":"image\/jpeg"}],"twitter_card":"summary_large_image","twitter_misc":{"Est. reading time":"1 minute"},"schema":{"@context":"https:\/\/schema.org","@graph":[{"@type":"WebPage","@id":"https:\/\/marevik.ee\/test\/toode\/janome-dc-7100\/","url":"https:\/\/marevik.ee\/test\/toode\/janome-dc-7100\/","name":"Janome DC 7100 - Marevik O&Uuml;","isPartOf":{"@id":"https:\/\/marevik.ee\/test\/#website"},"primaryImageOfPage":{"@id":"https:\/\/marevik.ee\/test\/toode\/janome-dc-7100\/#primaryimage"},"image":{"@id":"https:\/\/marevik.ee\/test\/toode\/janome-dc-7100\/#primaryimage"},"thumbnailUrl":"https:\/\/marevik.ee\/test\/wp-content\/uploads\/2021\/03\/DC7100.jpg","datePublished":"2022-05-04T08:40:41+00:00","dateModified":"2025-08-14T09:33:20+00:00","description":"Janome DC7100 on kaasaegne, kauni disaini ja suurte v\u00f5imalustega kompuuter\u00f5mblusmasin. Jaapani kvaliteet sajandipikkune kogemus \u00f5mblusmasinate tootmisel, see on Janome.","breadcrumb":{"@id":"https:\/\/marevik.ee\/test\/toode\/janome-dc-7100\/#breadcrumb"},"inLanguage":"en","potentialAction":[{"@type":"ReadAction","target":["https:\/\/marevik.ee\/test\/toode\/janome-dc-7100\/"]}]},{"@type":"ImageObject","inLanguage":"en","@id":"https:\/\/marevik.ee\/test\/toode\/janome-dc-7100\/#primaryimage","url":"https:\/\/marevik.ee\/test\/wp-content\/uploads\/2021\/03\/DC7100.jpg","contentUrl":"https:\/\/marevik.ee\/test\/wp-content\/uploads\/2021\/03\/DC7100.jpg","width":500,"height":500,"caption":"Janome DC 7100"},{"@type":"BreadcrumbList","@id":"https:\/\/marevik.ee\/test\/toode\/janome-dc-7100\/#breadcrumb","itemListElement":[{"@type":"ListItem","position":1,"name":"Home","item":"https:\/\/marevik.ee\/test\/"},{"@type":"ListItem","position":2,"name":"E-POOD","item":"https:\/\/marevik.ee\/test\/epood\/"},{"@type":"ListItem","position":3,"name":"Janome DC 7100"}]},{"@type":"WebSite","@id":"https:\/\/marevik.ee\/test\/#website","url":"https:\/\/marevik.ee\/test\/","name":"Marevik O&Uuml;","description":"&Otilde;mblusmasina asjatundja","publisher":{"@id":"https:\/\/marevik.ee\/test\/#organization"},"potentialAction":[{"@type":"SearchAction","target":{"@type":"EntryPoint","urlTemplate":"https:\/\/marevik.ee\/test\/?s={search_term_string}"},"query-input":{"@type":"PropertyValueSpecification","valueRequired":true,"valueName":"search_term_string"}}],"inLanguage":"en"},{"@type":"Organization","@id":"https:\/\/marevik.ee\/test\/#organization","name":"Marevik O&Uuml;","url":"https:\/\/marevik.ee\/test\/","logo":{"@type":"ImageObject","inLanguage":"en","@id":"https:\/\/marevik.ee\/test\/#\/schema\/logo\/image\/","url":"https:\/\/marevik.ee\/test\/wp-content\/uploads\/2020\/02\/mblusmasina-asjatundja-1994_173x105_veebi_v-ike.jpg","contentUrl":"https:\/\/marevik.ee\/test\/wp-content\/uploads\/2020\/02\/mblusmasina-asjatundja-1994_173x105_veebi_v-ike.jpg","width":173,"height":105,"caption":"Marevik O&Uuml;"},"image":{"@id":"https:\/\/marevik.ee\/test\/#\/schema\/logo\/image\/"}}]}},"_links":{"self":[{"href":"https:\/\/marevik.ee\/test\/wp-json\/wp\/v2\/product\/4577","targetHints":{"allow":["GET"]}}],"collection":[{"href":"https:\/\/marevik.ee\/test\/wp-json\/wp\/v2\/product"}],"about":[{"href":"https:\/\/marevik.ee\/test\/wp-json\/wp\/v2\/types\/product"}],"wp:featuredmedia":[{"embeddable":true,"href":"https:\/\/marevik.ee\/test\/wp-json\/wp\/v2\/media\/4578"}],"wp:attachment":[{"href":"https:\/\/marevik.ee\/test\/wp-json\/wp\/v2\/media?parent=4577"}],"wp:term":[{"taxonomy":"product_brand","embeddable":true,"href":"https:\/\/marevik.ee\/test\/wp-json\/wp\/v2\/product_brand?post=4577"},{"taxonomy":"product_cat","embeddable":true,"href":"https:\/\/marevik.ee\/test\/wp-json\/wp\/v2\/product_cat?post=4577"},{"taxonomy":"product_tag","embeddable":true,"href":"https:\/\/marevik.ee\/test\/wp-json\/wp\/v2\/product_tag?post=4577"}],"curies":[{"name":"wp","href":"https:\/\/api.w.org\/{rel}","templated":true}]}}