{"id":4605,"date":"2014-12-09T15:38:13","date_gmt":"2014-12-09T15:38:13","guid":{"rendered":"https:\/\/xn--mblusmasinapood-rsb.ee\/product\/innoviis-15-brother\/"},"modified":"2025-07-01T06:49:06","modified_gmt":"2025-07-01T06:49:06","slug":"innovis-15-brother","status":"publish","type":"product","link":"https:\/\/marevik.ee\/test\/toode\/innovis-15-brother\/","title":{"rendered":"Innov-is 15 Brother"},"content":{"rendered":"<p>Vedelkristallekraan<br \/>\nEkraanil n\u00e4htavad piste pikkus ja laius<br \/>\nKergelt keeratav valikuketas<br \/>\nValitud \u00f5mbluse juures n\u00e4htav ka vajalik presstald<br \/>\n16 \u00f5mblusoperatsiooni<br \/>\n3 erinevat t\u00e4isautomaatset n\u00f6\u00f6pauku, n\u00f6\u00f6bi \u00f5mblemine<br \/>\n\u00c4\u00e4ristus\u00f5mblus<br \/>\nPeit\u00f5mblused<br \/>\nKaksikn\u00f5el kahev\u00e4rvilisteks \u00f5mblusteks<br \/>\nS\u00f6\u00f6tehammastiku langetamine vabak\u00e4etikandiks<br \/>\nAutomaatselt seatud piste pikkus ja laius \u00f5mbluse valides, sujuvalt reguleeritav piste pikkus (max 5mm) ja laius (max 7mm)<br \/>\nautomaatne poolimine ja lihtne pooli paigaldamine<br \/>\nStart\/stop nupp ilma pedaalita \u00f5mblemiseks<br \/>\n\u00d5mbluskiiruse regulaator<br \/>\nAutomaatne n\u00f5elasilmaniidistaja<br \/>\nAutomaatne pistekinnitus<br \/>\nN\u00f5ela asendi muutmine (n\u00f5el \u00fcleval\/all)<br \/>\n\u00dchtlane s\u00f6\u00f6de t\u00e4nu 7-osalisele hammastikule<br \/>\nFiksaatoriga presstald h\u00f5lbustamaks \u00fcleminekud \u00f5hemalt paksemale kangakihile<br \/>\nKohtvalgustus<br \/>\nVabajalg h\u00f5lbustamaks torujate detailide \u00f5mblemist, mahukas tarvikutesahtel<br \/>\nKandesang<br \/>\nNiidil\u00f5ikur<br \/>\nTarvikutekomplekt: 3 pooli, n\u00f5elad nr. 75, 90, 100, kaksikn\u00f5el, lukutald, n\u00f6\u00f6paugutald, n\u00f6\u00f6bitald, peitpistetald, \u00e4\u00e4ristustald, harutaja, stopperid, spindel, kruvikeeraja<br \/>\nPehme masinakate<\/p>\n","protected":false},"excerpt":{"rendered":"<p>Innov-is 15 on kaunis ja kaasaegne kompuuter\u00f5mblusmasin. Lihtne, mugav ja kergesti k\u00e4sitletav. Masin sobib v\u00e4ga h\u00e4sti algajale, esimeseks \u00f5mblusmasinaks. Samas on v\u00f5imekas t\u00f6\u00f6riist ka juba pisut n\u00f5udlikumale \u00f5mblejale. Sujuva k\u00e4ivitusega, vaikne ja vibratsioonivaba \u00f5mblusmasin pikkadeks aastateks.<\/p>\n","protected":false},"featured_media":4606,"template":"","meta":{"site-sidebar-layout":"default","site-content-layout":"default","ast-site-content-layout":"default","site-content-style":"default","site-sidebar-style":"default","ast-global-header-display":"","ast-banner-title-visibility":"","ast-main-header-display":"","ast-hfb-above-header-display":"","ast-hfb-below-header-display":"","ast-hfb-mobile-header-display":"","site-post-title":"","ast-breadcrumbs-content":"","ast-featured-img":"","footer-sml-layout":"","theme-transparent-header-meta":"default","adv-header-id-meta":"","stick-header-meta":"","header-above-stick-meta":"","header-main-stick-meta":"","header-below-stick-meta":"","astra-migrate-meta-layouts":"set","ast-page-background-enabled":"default","ast-page-background-meta":{"desktop":{"background-color":"","background-image":"","background-repeat":"repeat","background-position":"center center","background-size":"auto","background-attachment":"scroll","background-type":"","background-media":"","overlay-type":"","overlay-color":"","overlay-opacity":"","overlay-gradient":""},"tablet":{"background-color":"","background-image":"","background-repeat":"repeat","background-position":"center center","background-size":"auto","background-attachment":"scroll","background-type":"","background-media":"","overlay-type":"","overlay-color":"","overlay-opacity":"","overlay-gradient":""},"mobile":{"background-color":"","background-image":"","background-repeat":"repeat","background-position":"center center","background-size":"auto","background-attachment":"scroll","background-type":"","background-media":"","overlay-type":"","overlay-color":"","overlay-opacity":"","overlay-gradient":""}},"ast-content-background-meta":{"desktop":{"background-color":"var(--ast-global-color-5)","background-image":"","background-repeat":"repeat","background-position":"center center","background-size":"auto","background-attachment":"scroll","background-type":"","background-media":"","overlay-type":"","overlay-color":"","overlay-opacity":"","overlay-gradient":""},"tablet":{"background-color":"var(--ast-global-color-5)","background-image":"","background-repeat":"repeat","background-position":"center center","background-size":"auto","background-attachment":"scroll","background-type":"","background-media":"","overlay-type":"","overlay-color":"","overlay-opacity":"","overlay-gradient":""},"mobile":{"background-color":"var(--ast-global-color-5)","background-image":"","background-repeat":"repeat","background-position":"center center","background-size":"auto","background-attachment":"scroll","background-type":"","background-media":"","overlay-type":"","overlay-color":"","overlay-opacity":"","overlay-gradient":""}}},"product_brand":[],"product_cat":[68,67,60],"product_tag":[85],"class_list":{"0":"post-4605","1":"product","2":"type-product","3":"status-publish","4":"has-post-thumbnail","6":"product_cat-brother","7":"product_cat-kampaaniahinnad","8":"product_cat-omblusmasinad","9":"product_tag-brother","10":"desktop-align-left","11":"tablet-align-left","12":"mobile-align-left","14":"first","15":"instock","16":"sale","17":"featured","18":"taxable","19":"shipping-taxable","20":"purchasable","21":"product-type-simple"},"yoast_head":"<!-- This site is optimized with the Yoast SEO plugin v26.1.1 - https:\/\/yoast.com\/wordpress\/plugins\/seo\/ -->\n<title>Innov-is 15 Brother - Sujuva k\u00e4ivitusega, vaikne ja vibratsioonivaba<\/title>\n<meta name=\"description\" content=\"Innov-is 15 on kaunis ja kaasaegne kompuuter\u00f5mblusmasin. Sujuva k\u00e4ivitusega, vaikne ja vibratsioonivaba \u00f5mblusmasin pikkadeks aastateks.\" \/>\n<meta name=\"robots\" content=\"index, follow, max-snippet:-1, max-image-preview:large, max-video-preview:-1\" \/>\n<link rel=\"canonical\" href=\"https:\/\/marevik.ee\/test\/toode\/innovis-15-brother\/\" \/>\n<meta property=\"og:locale\" content=\"en_US\" \/>\n<meta property=\"og:type\" content=\"article\" \/>\n<meta property=\"og:title\" content=\"Innov-is 15 Brother - Sujuva k\u00e4ivitusega, vaikne ja vibratsioonivaba\" \/>\n<meta property=\"og:description\" content=\"Innov-is 15 on kaunis ja kaasaegne kompuuter\u00f5mblusmasin. Sujuva k\u00e4ivitusega, vaikne ja vibratsioonivaba \u00f5mblusmasin pikkadeks aastateks.\" \/>\n<meta property=\"og:url\" content=\"https:\/\/marevik.ee\/test\/toode\/innovis-15-brother\/\" \/>\n<meta property=\"og:site_name\" content=\"Marevik O&Uuml;\" \/>\n<meta property=\"article:modified_time\" content=\"2025-07-01T06:49:06+00:00\" \/>\n<meta property=\"og:image\" content=\"https:\/\/marevik.ee\/test\/wp-content\/uploads\/2021\/03\/NV15.jpg\" \/>\n\t<meta property=\"og:image:width\" content=\"550\" \/>\n\t<meta property=\"og:image:height\" content=\"550\" \/>\n\t<meta property=\"og:image:type\" content=\"image\/jpeg\" \/>\n<meta name=\"twitter:card\" content=\"summary_large_image\" \/>\n<meta name=\"twitter:label1\" content=\"Est. reading time\" \/>\n\t<meta name=\"twitter:data1\" content=\"1 minute\" \/>\n<script type=\"application\/ld+json\" class=\"yoast-schema-graph\">{\"@context\":\"https:\/\/schema.org\",\"@graph\":[{\"@type\":\"WebPage\",\"@id\":\"https:\/\/marevik.ee\/test\/toode\/innovis-15-brother\/\",\"url\":\"https:\/\/marevik.ee\/test\/toode\/innovis-15-brother\/\",\"name\":\"Innov-is 15 Brother - Sujuva k\u00e4ivitusega, vaikne ja vibratsioonivaba\",\"isPartOf\":{\"@id\":\"https:\/\/marevik.ee\/test\/#website\"},\"primaryImageOfPage\":{\"@id\":\"https:\/\/marevik.ee\/test\/toode\/innovis-15-brother\/#primaryimage\"},\"image\":{\"@id\":\"https:\/\/marevik.ee\/test\/toode\/innovis-15-brother\/#primaryimage\"},\"thumbnailUrl\":\"https:\/\/marevik.ee\/test\/wp-content\/uploads\/2021\/03\/NV15.jpg\",\"datePublished\":\"2014-12-09T15:38:13+00:00\",\"dateModified\":\"2025-07-01T06:49:06+00:00\",\"description\":\"Innov-is 15 on kaunis ja kaasaegne kompuuter\u00f5mblusmasin. Sujuva k\u00e4ivitusega, vaikne ja vibratsioonivaba \u00f5mblusmasin pikkadeks aastateks.\",\"breadcrumb\":{\"@id\":\"https:\/\/marevik.ee\/test\/toode\/innovis-15-brother\/#breadcrumb\"},\"inLanguage\":\"en\",\"potentialAction\":[{\"@type\":\"ReadAction\",\"target\":[\"https:\/\/marevik.ee\/test\/toode\/innovis-15-brother\/\"]}]},{\"@type\":\"ImageObject\",\"inLanguage\":\"en\",\"@id\":\"https:\/\/marevik.ee\/test\/toode\/innovis-15-brother\/#primaryimage\",\"url\":\"https:\/\/marevik.ee\/test\/wp-content\/uploads\/2021\/03\/NV15.jpg\",\"contentUrl\":\"https:\/\/marevik.ee\/test\/wp-content\/uploads\/2021\/03\/NV15.jpg\",\"width\":550,\"height\":550,\"caption\":\"Innov-is 15 Brother\"},{\"@type\":\"BreadcrumbList\",\"@id\":\"https:\/\/marevik.ee\/test\/toode\/innovis-15-brother\/#breadcrumb\",\"itemListElement\":[{\"@type\":\"ListItem\",\"position\":1,\"name\":\"Home\",\"item\":\"https:\/\/marevik.ee\/test\/\"},{\"@type\":\"ListItem\",\"position\":2,\"name\":\"E-POOD\",\"item\":\"https:\/\/marevik.ee\/test\/epood\/\"},{\"@type\":\"ListItem\",\"position\":3,\"name\":\"Innov-is 15 Brother\"}]},{\"@type\":\"WebSite\",\"@id\":\"https:\/\/marevik.ee\/test\/#website\",\"url\":\"https:\/\/marevik.ee\/test\/\",\"name\":\"Marevik O&Uuml;\",\"description\":\"&Otilde;mblusmasina asjatundja\",\"publisher\":{\"@id\":\"https:\/\/marevik.ee\/test\/#organization\"},\"potentialAction\":[{\"@type\":\"SearchAction\",\"target\":{\"@type\":\"EntryPoint\",\"urlTemplate\":\"https:\/\/marevik.ee\/test\/?s={search_term_string}\"},\"query-input\":{\"@type\":\"PropertyValueSpecification\",\"valueRequired\":true,\"valueName\":\"search_term_string\"}}],\"inLanguage\":\"en\"},{\"@type\":\"Organization\",\"@id\":\"https:\/\/marevik.ee\/test\/#organization\",\"name\":\"Marevik O&Uuml;\",\"url\":\"https:\/\/marevik.ee\/test\/\",\"logo\":{\"@type\":\"ImageObject\",\"inLanguage\":\"en\",\"@id\":\"https:\/\/marevik.ee\/test\/#\/schema\/logo\/image\/\",\"url\":\"https:\/\/marevik.ee\/test\/wp-content\/uploads\/2020\/02\/mblusmasina-asjatundja-1994_173x105_veebi_v-ike.jpg\",\"contentUrl\":\"https:\/\/marevik.ee\/test\/wp-content\/uploads\/2020\/02\/mblusmasina-asjatundja-1994_173x105_veebi_v-ike.jpg\",\"width\":173,\"height\":105,\"caption\":\"Marevik O&Uuml;\"},\"image\":{\"@id\":\"https:\/\/marevik.ee\/test\/#\/schema\/logo\/image\/\"}}]}<\/script>\n<!-- \/ Yoast SEO plugin. -->","yoast_head_json":{"title":"Innov-is 15 Brother - Sujuva k\u00e4ivitusega, vaikne ja vibratsioonivaba","description":"Innov-is 15 on kaunis ja kaasaegne kompuuter\u00f5mblusmasin. Sujuva k\u00e4ivitusega, vaikne ja vibratsioonivaba \u00f5mblusmasin pikkadeks aastateks.","robots":{"index":"index","follow":"follow","max-snippet":"max-snippet:-1","max-image-preview":"max-image-preview:large","max-video-preview":"max-video-preview:-1"},"canonical":"https:\/\/marevik.ee\/test\/toode\/innovis-15-brother\/","og_locale":"en_US","og_type":"article","og_title":"Innov-is 15 Brother - Sujuva k\u00e4ivitusega, vaikne ja vibratsioonivaba","og_description":"Innov-is 15 on kaunis ja kaasaegne kompuuter\u00f5mblusmasin. Sujuva k\u00e4ivitusega, vaikne ja vibratsioonivaba \u00f5mblusmasin pikkadeks aastateks.","og_url":"https:\/\/marevik.ee\/test\/toode\/innovis-15-brother\/","og_site_name":"Marevik O&Uuml;","article_modified_time":"2025-07-01T06:49:06+00:00","og_image":[{"width":550,"height":550,"url":"https:\/\/marevik.ee\/test\/wp-content\/uploads\/2021\/03\/NV15.jpg","type":"image\/jpeg"}],"twitter_card":"summary_large_image","twitter_misc":{"Est. reading time":"1 minute"},"schema":{"@context":"https:\/\/schema.org","@graph":[{"@type":"WebPage","@id":"https:\/\/marevik.ee\/test\/toode\/innovis-15-brother\/","url":"https:\/\/marevik.ee\/test\/toode\/innovis-15-brother\/","name":"Innov-is 15 Brother - Sujuva k\u00e4ivitusega, vaikne ja vibratsioonivaba","isPartOf":{"@id":"https:\/\/marevik.ee\/test\/#website"},"primaryImageOfPage":{"@id":"https:\/\/marevik.ee\/test\/toode\/innovis-15-brother\/#primaryimage"},"image":{"@id":"https:\/\/marevik.ee\/test\/toode\/innovis-15-brother\/#primaryimage"},"thumbnailUrl":"https:\/\/marevik.ee\/test\/wp-content\/uploads\/2021\/03\/NV15.jpg","datePublished":"2014-12-09T15:38:13+00:00","dateModified":"2025-07-01T06:49:06+00:00","description":"Innov-is 15 on kaunis ja kaasaegne kompuuter\u00f5mblusmasin. Sujuva k\u00e4ivitusega, vaikne ja vibratsioonivaba \u00f5mblusmasin pikkadeks aastateks.","breadcrumb":{"@id":"https:\/\/marevik.ee\/test\/toode\/innovis-15-brother\/#breadcrumb"},"inLanguage":"en","potentialAction":[{"@type":"ReadAction","target":["https:\/\/marevik.ee\/test\/toode\/innovis-15-brother\/"]}]},{"@type":"ImageObject","inLanguage":"en","@id":"https:\/\/marevik.ee\/test\/toode\/innovis-15-brother\/#primaryimage","url":"https:\/\/marevik.ee\/test\/wp-content\/uploads\/2021\/03\/NV15.jpg","contentUrl":"https:\/\/marevik.ee\/test\/wp-content\/uploads\/2021\/03\/NV15.jpg","width":550,"height":550,"caption":"Innov-is 15 Brother"},{"@type":"BreadcrumbList","@id":"https:\/\/marevik.ee\/test\/toode\/innovis-15-brother\/#breadcrumb","itemListElement":[{"@type":"ListItem","position":1,"name":"Home","item":"https:\/\/marevik.ee\/test\/"},{"@type":"ListItem","position":2,"name":"E-POOD","item":"https:\/\/marevik.ee\/test\/epood\/"},{"@type":"ListItem","position":3,"name":"Innov-is 15 Brother"}]},{"@type":"WebSite","@id":"https:\/\/marevik.ee\/test\/#website","url":"https:\/\/marevik.ee\/test\/","name":"Marevik O&Uuml;","description":"&Otilde;mblusmasina asjatundja","publisher":{"@id":"https:\/\/marevik.ee\/test\/#organization"},"potentialAction":[{"@type":"SearchAction","target":{"@type":"EntryPoint","urlTemplate":"https:\/\/marevik.ee\/test\/?s={search_term_string}"},"query-input":{"@type":"PropertyValueSpecification","valueRequired":true,"valueName":"search_term_string"}}],"inLanguage":"en"},{"@type":"Organization","@id":"https:\/\/marevik.ee\/test\/#organization","name":"Marevik O&Uuml;","url":"https:\/\/marevik.ee\/test\/","logo":{"@type":"ImageObject","inLanguage":"en","@id":"https:\/\/marevik.ee\/test\/#\/schema\/logo\/image\/","url":"https:\/\/marevik.ee\/test\/wp-content\/uploads\/2020\/02\/mblusmasina-asjatundja-1994_173x105_veebi_v-ike.jpg","contentUrl":"https:\/\/marevik.ee\/test\/wp-content\/uploads\/2020\/02\/mblusmasina-asjatundja-1994_173x105_veebi_v-ike.jpg","width":173,"height":105,"caption":"Marevik O&Uuml;"},"image":{"@id":"https:\/\/marevik.ee\/test\/#\/schema\/logo\/image\/"}}]}},"_links":{"self":[{"href":"https:\/\/marevik.ee\/test\/wp-json\/wp\/v2\/product\/4605","targetHints":{"allow":["GET"]}}],"collection":[{"href":"https:\/\/marevik.ee\/test\/wp-json\/wp\/v2\/product"}],"about":[{"href":"https:\/\/marevik.ee\/test\/wp-json\/wp\/v2\/types\/product"}],"wp:featuredmedia":[{"embeddable":true,"href":"https:\/\/marevik.ee\/test\/wp-json\/wp\/v2\/media\/4606"}],"wp:attachment":[{"href":"https:\/\/marevik.ee\/test\/wp-json\/wp\/v2\/media?parent=4605"}],"wp:term":[{"taxonomy":"product_brand","embeddable":true,"href":"https:\/\/marevik.ee\/test\/wp-json\/wp\/v2\/product_brand?post=4605"},{"taxonomy":"product_cat","embeddable":true,"href":"https:\/\/marevik.ee\/test\/wp-json\/wp\/v2\/product_cat?post=4605"},{"taxonomy":"product_tag","embeddable":true,"href":"https:\/\/marevik.ee\/test\/wp-json\/wp\/v2\/product_tag?post=4605"}],"curies":[{"name":"wp","href":"https:\/\/api.w.org\/{rel}","templated":true}]}}