{"id":4674,"date":"2014-12-10T11:16:33","date_gmt":"2014-12-10T11:16:33","guid":{"rendered":"https:\/\/xn--mblusmasinapood-rsb.ee\/product\/juki-mo-654de\/"},"modified":"2025-08-25T05:49:38","modified_gmt":"2025-08-25T05:49:38","slug":"juki-mo-654de","status":"publish","type":"product","link":"https:\/\/marevik.ee\/test\/toode\/juki-mo-654de\/","title":{"rendered":"Juki Mo-654DEN overlok"},"content":{"rendered":"<p>4-niidiline \u00fchendus\u00f5mblus<br \/>\n3-niidiline \u00e4\u00e4ristus\u00f5mblus<br \/>\n2-niidiline \u00e4\u00e4ristus\u00f5mblus<br \/>\nRullpalistus<br \/>\nKitsas \u00e4\u00e4ristus<br \/>\nLame\u00f5mblus<br \/>\nL\u00f5ikab ja \u00e4\u00e4ristab \u00fcheaegselt<br \/>\nLihtne niidistamine<br \/>\n\u00d5mbleb h\u00f5lpsalt erineva j\u00e4medusega kangaid<br \/>\nPiste pikkuse reguleerimine (max 4 mm)\u200f<br \/>\nL\u00f5ikelaiuse reguleerimine (max 6 mm)\u200f<br \/>\nDiferentsiaals\u00f6\u00f6de \u2013 v\u00e4ldib veniva kanga servade lokkimist<br \/>\nPresstalla surve regulaator<br \/>\nL\u00f5ikurita \u00f5mblemise v\u00f5imalus<br \/>\nKohtvalgustus LED<br \/>\nKiirkinnitusega presstald<br \/>\nKasutab kodu\u00f5mblusmasina n\u00f5elu<br \/>\nLisatarvikud mis on eraldi tellitavad: paela-\/kummipaelatald, peitepistetald, krookimistald, rullkanditald, p\u00e4rlitald<\/p>\n","protected":false},"excerpt":{"rendered":"<p>Juki Mo-654DEN on suurep\u00e4rase kvaliteediga 4-niidiline overlok, mis vastab ka v\u00e4ga teadliku kasutaja n\u00f5udmistele. Masin sobib h\u00e4sti profi kasutusse ka v\u00e4iksematesse ateljeedesse. Vaikne, kiire, sujuva k\u00e4ivitusega ning minimaalse vibratsiooniga overlok mille headuses v\u00f5ib veenduda kohe kui pedaali vajutad. Juki, kui k\u00f5rgkvaliteetsete t\u00f6\u00f6stusmasinate tootja, ei ole teinud j\u00e4releandmisi ka kodumasinate tootmisel. T\u00f6\u00f6tamine Juki Mo-654DEN overlokiga on puhas nauding.<\/p>\n","protected":false},"featured_media":4675,"template":"","meta":{"site-sidebar-layout":"default","site-content-layout":"default","ast-site-content-layout":"default","site-content-style":"default","site-sidebar-style":"default","ast-global-header-display":"","ast-banner-title-visibility":"","ast-main-header-display":"","ast-hfb-above-header-display":"","ast-hfb-below-header-display":"","ast-hfb-mobile-header-display":"","site-post-title":"","ast-breadcrumbs-content":"","ast-featured-img":"","footer-sml-layout":"","theme-transparent-header-meta":"default","adv-header-id-meta":"","stick-header-meta":"","header-above-stick-meta":"","header-main-stick-meta":"","header-below-stick-meta":"","astra-migrate-meta-layouts":"set","ast-page-background-enabled":"default","ast-page-background-meta":{"desktop":{"background-color":"","background-image":"","background-repeat":"repeat","background-position":"center center","background-size":"auto","background-attachment":"scroll","background-type":"","background-media":"","overlay-type":"","overlay-color":"","overlay-opacity":"","overlay-gradient":""},"tablet":{"background-color":"","background-image":"","background-repeat":"repeat","background-position":"center center","background-size":"auto","background-attachment":"scroll","background-type":"","background-media":"","overlay-type":"","overlay-color":"","overlay-opacity":"","overlay-gradient":""},"mobile":{"background-color":"","background-image":"","background-repeat":"repeat","background-position":"center center","background-size":"auto","background-attachment":"scroll","background-type":"","background-media":"","overlay-type":"","overlay-color":"","overlay-opacity":"","overlay-gradient":""}},"ast-content-background-meta":{"desktop":{"background-color":"var(--ast-global-color-5)","background-image":"","background-repeat":"repeat","background-position":"center center","background-size":"auto","background-attachment":"scroll","background-type":"","background-media":"","overlay-type":"","overlay-color":"","overlay-opacity":"","overlay-gradient":""},"tablet":{"background-color":"var(--ast-global-color-5)","background-image":"","background-repeat":"repeat","background-position":"center center","background-size":"auto","background-attachment":"scroll","background-type":"","background-media":"","overlay-type":"","overlay-color":"","overlay-opacity":"","overlay-gradient":""},"mobile":{"background-color":"var(--ast-global-color-5)","background-image":"","background-repeat":"repeat","background-position":"center center","background-size":"auto","background-attachment":"scroll","background-type":"","background-media":"","overlay-type":"","overlay-color":"","overlay-opacity":"","overlay-gradient":""}}},"product_brand":[],"product_cat":[91,67,64],"product_tag":[92],"class_list":{"0":"post-4674","1":"product","2":"type-product","3":"status-publish","4":"has-post-thumbnail","6":"product_cat-juki-overlokid-ja-kattemasinad","7":"product_cat-kampaaniahinnad","8":"product_cat-overlokid-ja-kattemasinad","9":"product_tag-juki","10":"desktop-align-left","11":"tablet-align-left","12":"mobile-align-left","14":"first","15":"instock","16":"sale","17":"taxable","18":"shipping-taxable","19":"purchasable","20":"product-type-simple"},"yoast_head":"<!-- This site is optimized with the Yoast SEO plugin v26.1.1 - https:\/\/yoast.com\/wordpress\/plugins\/seo\/ -->\n<title>Juki Mo-654DEN - suurep\u00e4rase kvaliteediga 4-niidiline overlok,<\/title>\n<meta name=\"description\" content=\"Juki Mo-654DEN on suurep\u00e4rase kvaliteediga 4-niidiline overlok, mis vastab ka v\u00e4ga teadliku kasutaja n\u00f5udmistele. Masin sobib h\u00e4sti profi kasutusse ka v\u00e4iksematesse ateljeedesse.\" \/>\n<meta name=\"robots\" content=\"index, follow, max-snippet:-1, max-image-preview:large, max-video-preview:-1\" \/>\n<link rel=\"canonical\" href=\"https:\/\/marevik.ee\/test\/toode\/juki-mo-654de\/\" \/>\n<meta property=\"og:locale\" content=\"en_US\" \/>\n<meta property=\"og:type\" content=\"article\" \/>\n<meta property=\"og:title\" content=\"Juki Mo-654DEN - suurep\u00e4rase kvaliteediga 4-niidiline overlok,\" \/>\n<meta property=\"og:description\" content=\"Juki Mo-654DEN on suurep\u00e4rase kvaliteediga 4-niidiline overlok, mis vastab ka v\u00e4ga teadliku kasutaja n\u00f5udmistele. Masin sobib h\u00e4sti profi kasutusse ka v\u00e4iksematesse ateljeedesse.\" \/>\n<meta property=\"og:url\" content=\"https:\/\/marevik.ee\/test\/toode\/juki-mo-654de\/\" \/>\n<meta property=\"og:site_name\" content=\"Marevik O&Uuml;\" \/>\n<meta property=\"article:modified_time\" content=\"2025-08-25T05:49:38+00:00\" \/>\n<meta property=\"og:image\" content=\"https:\/\/marevik.ee\/test\/wp-content\/uploads\/2021\/03\/Juki-Mo-654DE.jpg\" \/>\n\t<meta property=\"og:image:width\" content=\"500\" \/>\n\t<meta property=\"og:image:height\" content=\"500\" \/>\n\t<meta property=\"og:image:type\" content=\"image\/jpeg\" \/>\n<meta name=\"twitter:card\" content=\"summary_large_image\" \/>\n<meta name=\"twitter:label1\" content=\"Est. reading time\" \/>\n\t<meta name=\"twitter:data1\" content=\"1 minute\" \/>\n<script type=\"application\/ld+json\" class=\"yoast-schema-graph\">{\"@context\":\"https:\/\/schema.org\",\"@graph\":[{\"@type\":\"WebPage\",\"@id\":\"https:\/\/marevik.ee\/test\/toode\/juki-mo-654de\/\",\"url\":\"https:\/\/marevik.ee\/test\/toode\/juki-mo-654de\/\",\"name\":\"Juki Mo-654DEN - suurep\u00e4rase kvaliteediga 4-niidiline overlok,\",\"isPartOf\":{\"@id\":\"https:\/\/marevik.ee\/test\/#website\"},\"primaryImageOfPage\":{\"@id\":\"https:\/\/marevik.ee\/test\/toode\/juki-mo-654de\/#primaryimage\"},\"image\":{\"@id\":\"https:\/\/marevik.ee\/test\/toode\/juki-mo-654de\/#primaryimage\"},\"thumbnailUrl\":\"https:\/\/marevik.ee\/test\/wp-content\/uploads\/2021\/03\/Juki-Mo-654DE.jpg\",\"datePublished\":\"2014-12-10T11:16:33+00:00\",\"dateModified\":\"2025-08-25T05:49:38+00:00\",\"description\":\"Juki Mo-654DEN on suurep\u00e4rase kvaliteediga 4-niidiline overlok, mis vastab ka v\u00e4ga teadliku kasutaja n\u00f5udmistele. Masin sobib h\u00e4sti profi kasutusse ka v\u00e4iksematesse ateljeedesse.\",\"breadcrumb\":{\"@id\":\"https:\/\/marevik.ee\/test\/toode\/juki-mo-654de\/#breadcrumb\"},\"inLanguage\":\"en\",\"potentialAction\":[{\"@type\":\"ReadAction\",\"target\":[\"https:\/\/marevik.ee\/test\/toode\/juki-mo-654de\/\"]}]},{\"@type\":\"ImageObject\",\"inLanguage\":\"en\",\"@id\":\"https:\/\/marevik.ee\/test\/toode\/juki-mo-654de\/#primaryimage\",\"url\":\"https:\/\/marevik.ee\/test\/wp-content\/uploads\/2021\/03\/Juki-Mo-654DE.jpg\",\"contentUrl\":\"https:\/\/marevik.ee\/test\/wp-content\/uploads\/2021\/03\/Juki-Mo-654DE.jpg\",\"width\":500,\"height\":500,\"caption\":\"Juki Mo-654DEN overlok\"},{\"@type\":\"BreadcrumbList\",\"@id\":\"https:\/\/marevik.ee\/test\/toode\/juki-mo-654de\/#breadcrumb\",\"itemListElement\":[{\"@type\":\"ListItem\",\"position\":1,\"name\":\"Home\",\"item\":\"https:\/\/marevik.ee\/test\/\"},{\"@type\":\"ListItem\",\"position\":2,\"name\":\"E-POOD\",\"item\":\"https:\/\/marevik.ee\/test\/epood\/\"},{\"@type\":\"ListItem\",\"position\":3,\"name\":\"Juki Mo-654DEN overlok\"}]},{\"@type\":\"WebSite\",\"@id\":\"https:\/\/marevik.ee\/test\/#website\",\"url\":\"https:\/\/marevik.ee\/test\/\",\"name\":\"Marevik O&Uuml;\",\"description\":\"&Otilde;mblusmasina asjatundja\",\"publisher\":{\"@id\":\"https:\/\/marevik.ee\/test\/#organization\"},\"potentialAction\":[{\"@type\":\"SearchAction\",\"target\":{\"@type\":\"EntryPoint\",\"urlTemplate\":\"https:\/\/marevik.ee\/test\/?s={search_term_string}\"},\"query-input\":{\"@type\":\"PropertyValueSpecification\",\"valueRequired\":true,\"valueName\":\"search_term_string\"}}],\"inLanguage\":\"en\"},{\"@type\":\"Organization\",\"@id\":\"https:\/\/marevik.ee\/test\/#organization\",\"name\":\"Marevik O&Uuml;\",\"url\":\"https:\/\/marevik.ee\/test\/\",\"logo\":{\"@type\":\"ImageObject\",\"inLanguage\":\"en\",\"@id\":\"https:\/\/marevik.ee\/test\/#\/schema\/logo\/image\/\",\"url\":\"https:\/\/marevik.ee\/test\/wp-content\/uploads\/2020\/02\/mblusmasina-asjatundja-1994_173x105_veebi_v-ike.jpg\",\"contentUrl\":\"https:\/\/marevik.ee\/test\/wp-content\/uploads\/2020\/02\/mblusmasina-asjatundja-1994_173x105_veebi_v-ike.jpg\",\"width\":173,\"height\":105,\"caption\":\"Marevik O&Uuml;\"},\"image\":{\"@id\":\"https:\/\/marevik.ee\/test\/#\/schema\/logo\/image\/\"}}]}<\/script>\n<!-- \/ Yoast SEO plugin. -->","yoast_head_json":{"title":"Juki Mo-654DEN - suurep\u00e4rase kvaliteediga 4-niidiline overlok,","description":"Juki Mo-654DEN on suurep\u00e4rase kvaliteediga 4-niidiline overlok, mis vastab ka v\u00e4ga teadliku kasutaja n\u00f5udmistele. Masin sobib h\u00e4sti profi kasutusse ka v\u00e4iksematesse ateljeedesse.","robots":{"index":"index","follow":"follow","max-snippet":"max-snippet:-1","max-image-preview":"max-image-preview:large","max-video-preview":"max-video-preview:-1"},"canonical":"https:\/\/marevik.ee\/test\/toode\/juki-mo-654de\/","og_locale":"en_US","og_type":"article","og_title":"Juki Mo-654DEN - suurep\u00e4rase kvaliteediga 4-niidiline overlok,","og_description":"Juki Mo-654DEN on suurep\u00e4rase kvaliteediga 4-niidiline overlok, mis vastab ka v\u00e4ga teadliku kasutaja n\u00f5udmistele. Masin sobib h\u00e4sti profi kasutusse ka v\u00e4iksematesse ateljeedesse.","og_url":"https:\/\/marevik.ee\/test\/toode\/juki-mo-654de\/","og_site_name":"Marevik O&Uuml;","article_modified_time":"2025-08-25T05:49:38+00:00","og_image":[{"width":500,"height":500,"url":"https:\/\/marevik.ee\/test\/wp-content\/uploads\/2021\/03\/Juki-Mo-654DE.jpg","type":"image\/jpeg"}],"twitter_card":"summary_large_image","twitter_misc":{"Est. reading time":"1 minute"},"schema":{"@context":"https:\/\/schema.org","@graph":[{"@type":"WebPage","@id":"https:\/\/marevik.ee\/test\/toode\/juki-mo-654de\/","url":"https:\/\/marevik.ee\/test\/toode\/juki-mo-654de\/","name":"Juki Mo-654DEN - suurep\u00e4rase kvaliteediga 4-niidiline overlok,","isPartOf":{"@id":"https:\/\/marevik.ee\/test\/#website"},"primaryImageOfPage":{"@id":"https:\/\/marevik.ee\/test\/toode\/juki-mo-654de\/#primaryimage"},"image":{"@id":"https:\/\/marevik.ee\/test\/toode\/juki-mo-654de\/#primaryimage"},"thumbnailUrl":"https:\/\/marevik.ee\/test\/wp-content\/uploads\/2021\/03\/Juki-Mo-654DE.jpg","datePublished":"2014-12-10T11:16:33+00:00","dateModified":"2025-08-25T05:49:38+00:00","description":"Juki Mo-654DEN on suurep\u00e4rase kvaliteediga 4-niidiline overlok, mis vastab ka v\u00e4ga teadliku kasutaja n\u00f5udmistele. Masin sobib h\u00e4sti profi kasutusse ka v\u00e4iksematesse ateljeedesse.","breadcrumb":{"@id":"https:\/\/marevik.ee\/test\/toode\/juki-mo-654de\/#breadcrumb"},"inLanguage":"en","potentialAction":[{"@type":"ReadAction","target":["https:\/\/marevik.ee\/test\/toode\/juki-mo-654de\/"]}]},{"@type":"ImageObject","inLanguage":"en","@id":"https:\/\/marevik.ee\/test\/toode\/juki-mo-654de\/#primaryimage","url":"https:\/\/marevik.ee\/test\/wp-content\/uploads\/2021\/03\/Juki-Mo-654DE.jpg","contentUrl":"https:\/\/marevik.ee\/test\/wp-content\/uploads\/2021\/03\/Juki-Mo-654DE.jpg","width":500,"height":500,"caption":"Juki Mo-654DEN overlok"},{"@type":"BreadcrumbList","@id":"https:\/\/marevik.ee\/test\/toode\/juki-mo-654de\/#breadcrumb","itemListElement":[{"@type":"ListItem","position":1,"name":"Home","item":"https:\/\/marevik.ee\/test\/"},{"@type":"ListItem","position":2,"name":"E-POOD","item":"https:\/\/marevik.ee\/test\/epood\/"},{"@type":"ListItem","position":3,"name":"Juki Mo-654DEN overlok"}]},{"@type":"WebSite","@id":"https:\/\/marevik.ee\/test\/#website","url":"https:\/\/marevik.ee\/test\/","name":"Marevik O&Uuml;","description":"&Otilde;mblusmasina asjatundja","publisher":{"@id":"https:\/\/marevik.ee\/test\/#organization"},"potentialAction":[{"@type":"SearchAction","target":{"@type":"EntryPoint","urlTemplate":"https:\/\/marevik.ee\/test\/?s={search_term_string}"},"query-input":{"@type":"PropertyValueSpecification","valueRequired":true,"valueName":"search_term_string"}}],"inLanguage":"en"},{"@type":"Organization","@id":"https:\/\/marevik.ee\/test\/#organization","name":"Marevik O&Uuml;","url":"https:\/\/marevik.ee\/test\/","logo":{"@type":"ImageObject","inLanguage":"en","@id":"https:\/\/marevik.ee\/test\/#\/schema\/logo\/image\/","url":"https:\/\/marevik.ee\/test\/wp-content\/uploads\/2020\/02\/mblusmasina-asjatundja-1994_173x105_veebi_v-ike.jpg","contentUrl":"https:\/\/marevik.ee\/test\/wp-content\/uploads\/2020\/02\/mblusmasina-asjatundja-1994_173x105_veebi_v-ike.jpg","width":173,"height":105,"caption":"Marevik O&Uuml;"},"image":{"@id":"https:\/\/marevik.ee\/test\/#\/schema\/logo\/image\/"}}]}},"_links":{"self":[{"href":"https:\/\/marevik.ee\/test\/wp-json\/wp\/v2\/product\/4674","targetHints":{"allow":["GET"]}}],"collection":[{"href":"https:\/\/marevik.ee\/test\/wp-json\/wp\/v2\/product"}],"about":[{"href":"https:\/\/marevik.ee\/test\/wp-json\/wp\/v2\/types\/product"}],"wp:featuredmedia":[{"embeddable":true,"href":"https:\/\/marevik.ee\/test\/wp-json\/wp\/v2\/media\/4675"}],"wp:attachment":[{"href":"https:\/\/marevik.ee\/test\/wp-json\/wp\/v2\/media?parent=4674"}],"wp:term":[{"taxonomy":"product_brand","embeddable":true,"href":"https:\/\/marevik.ee\/test\/wp-json\/wp\/v2\/product_brand?post=4674"},{"taxonomy":"product_cat","embeddable":true,"href":"https:\/\/marevik.ee\/test\/wp-json\/wp\/v2\/product_cat?post=4674"},{"taxonomy":"product_tag","embeddable":true,"href":"https:\/\/marevik.ee\/test\/wp-json\/wp\/v2\/product_tag?post=4674"}],"curies":[{"name":"wp","href":"https:\/\/api.w.org\/{rel}","templated":true}]}}