{"id":5458,"date":"2015-02-12T16:38:45","date_gmt":"2015-02-12T16:38:45","guid":{"rendered":"https:\/\/xn--mblusmasinapood-rsb.ee\/product\/pr-1050x-tikkimismasin-brother\/"},"modified":"2025-09-30T09:13:36","modified_gmt":"2025-09-30T09:13:36","slug":"pr-1055x-tikkimismasin-brother","status":"publish","type":"product","link":"https:\/\/marevik.ee\/test\/toode\/pr-1055x-tikkimismasin-brother\/","title":{"rendered":"Tikkimismasin PR-1055x Brother"},"content":{"rendered":"<p>\u00dchepealine 10-n\u00f5elaga tikkimismasin<br \/>\nTikkimiskiirus: 400-1000 pistet minutis<br \/>\nTikkimispiirkond: 20 x 36cm<br \/>\nSuur, v\u00e4rviline, k\u00f5rge resolutsiooniga puuteekraan<br \/>\nP\u00f5hitoimingute videoesitus<br \/>\nKaamera funktsioon: tikandi paigutamine sobilikku kohta, n\u00f5ela asukoha j\u00e4lgimine ekraanil<br \/>\nSobilik Brother PE-Design personaalse kujundusprogrammiga<br \/>\nTikandi formaat: .pes, .dst, .phc<br \/>\n3 USB-liidest (m\u00e4lupulgale, arvutihiirele, arvutile)<br \/>\nMasina m\u00e4lus erinevate niiditootjate valik (Brother, Madeira, Sulky, Robinson-Anton)<br \/>\nMasinas 110 tikandit, 4 erinevat t\u00e4hestikku (aplikatsioon, 2 lilltikandiga, kreeka), monogrammid<br \/>\n28 erinevat fonti: t\u00e4he suuruse muutmine, kirjutamine kaares\/kaldu<br \/>\nTikandraamid (10 raami, 12 pistet)<br \/>\nTikandite kujundamine\/\u00fchendamine ekraanil: mastaapimine, p\u00f6\u00f6ramine, peegelpilt<br \/>\nNiidim\u00e4rgi tikkimine bord\u00fc\u00fcrtikandite tikkimisel<br \/>\nTraagelduspiste tugikanga kinnitamiseks<br \/>\nAplikatsioonide loomine<br \/>\nTikandi \u00fclevaatus enne tikkima asumist<br \/>\nTikandi salvestamine masina m\u00e4llu<br \/>\nTikandi kordus horisontaal- ja vertikaalsuunas<br \/>\nTikandi asukoha kontrollimine 8-s erinevas punktis<br \/>\nTikandis edasi-tagasi liikumine 1, 10 ja 100 piste kaupa<br \/>\nEkraanil n\u00e4ha pistete arv, tikkimisele kuluv aeg, niitide v\u00e4rv ja j\u00e4rjekord<br \/>\nVoolukatkestuse korral j\u00e4tkab masin tikkimist poolelij\u00e4\u00e4nud kohalt<br \/>\nAutomaatne n\u00f5elasilmaniidistaja<br \/>\nAutomaatne niidil\u00f5ikur<br \/>\nMasin tuvastab niidi l\u00f5ppemise\/katkemise<br \/>\n\u00dclemise niidi pinge reguleerimine k\u00e4sitsi<br \/>\nKasutab kodu\u00f5mblusmasina tikkimisn\u00f5elu<br \/>\nVertikaalasendis poolis\u00fcsteem<br \/>\nKomplektis raamid tikkimispiirkonnale 4 x 6cm, 10 x 10cm, 13 x 18cm, 20 x 36cm<br \/>\n<strong>NB! <span style=\"color: #0000ff;\"><a style=\"color: #0000ff;\" href=\"https:\/\/marevik.ee\/test\/toode\/poolimisseade-prbw1-tikkimismasinatele-brother-pr\/\">Poolimiseade<\/a><\/span> ei kuulu komplekti!<\/strong><br \/>\nLisatarvikud: m\u00fctsiraam 6 x 13cm, m\u00fctsiraam 6 x 36 cm, silinderraam 8 x 9cm, tikkimisraam<br \/>\nj\u00e4medatele kangastele 20 x 30cm, bord\u00fc\u00fcrtikandite raam 10 x 30 cm, suur raam 36 x 36 cm,<br \/>\nteppimisraam 20 x 20 cm, \u00fcmmarguste raamide komplekt (10, 13, 16cm) tikkimisprogramm<br \/>\nPE-Design.<\/p>\n<div class=\"ast-oembed-container \" style=\"height: 100%;\"><iframe title=\"Brother Entrepreneur PR1055X semi-professional embroidery machine\" width=\"500\" height=\"281\" src=\"https:\/\/www.youtube.com\/embed\/ehMmo9crXfQ?feature=oembed\" frameborder=\"0\" allow=\"accelerometer; autoplay; clipboard-write; encrypted-media; gyroscope; picture-in-picture; web-share\" referrerpolicy=\"strict-origin-when-cross-origin\" allowfullscreen><\/iframe><\/div>\n","protected":false},"excerpt":{"rendered":"<p>Brother PR-1055x on professionaalne 10-n\u00f5elaline tikkimismasin, mis sobib nii koju kui ka v\u00e4iksemasse t\u00f6\u00f6stusesse. Kui teil on soov teenida tikkimisega, unustage k\u00f5ik \u00f5mblusmasina v\u00e4limusega tikkimismasinad. Parimat kvaliteeti ja k\u00e4sitlusmugavust pakuvad Brother professionaalsed tikkimismasinad. Samasuguse lahendusega t\u00f6\u00f6tavad ka t\u00f6\u00f6stuslikud tikkimismasinad, mille professionaalsuses ei saa kahelda. Tugeva konstruktsiooniga, v\u00e4hese vibratsiooniga, paindliku seadistusega ja l\u00e4bim\u00f5eldud insenerit\u00f6\u00f6ga t\u00f6\u00f6riist.<\/p>\n","protected":false},"featured_media":13473,"template":"","meta":{"site-sidebar-layout":"default","site-content-layout":"default","ast-site-content-layout":"default","site-content-style":"default","site-sidebar-style":"default","ast-global-header-display":"","ast-banner-title-visibility":"","ast-main-header-display":"","ast-hfb-above-header-display":"","ast-hfb-below-header-display":"","ast-hfb-mobile-header-display":"","site-post-title":"","ast-breadcrumbs-content":"","ast-featured-img":"","footer-sml-layout":"","theme-transparent-header-meta":"default","adv-header-id-meta":"","stick-header-meta":"","header-above-stick-meta":"","header-main-stick-meta":"","header-below-stick-meta":"","astra-migrate-meta-layouts":"set","ast-page-background-enabled":"default","ast-page-background-meta":{"desktop":{"background-color":"","background-image":"","background-repeat":"repeat","background-position":"center center","background-size":"auto","background-attachment":"scroll","background-type":"","background-media":"","overlay-type":"","overlay-color":"","overlay-opacity":"","overlay-gradient":""},"tablet":{"background-color":"","background-image":"","background-repeat":"repeat","background-position":"center center","background-size":"auto","background-attachment":"scroll","background-type":"","background-media":"","overlay-type":"","overlay-color":"","overlay-opacity":"","overlay-gradient":""},"mobile":{"background-color":"","background-image":"","background-repeat":"repeat","background-position":"center center","background-size":"auto","background-attachment":"scroll","background-type":"","background-media":"","overlay-type":"","overlay-color":"","overlay-opacity":"","overlay-gradient":""}},"ast-content-background-meta":{"desktop":{"background-color":"var(--ast-global-color-5)","background-image":"","background-repeat":"repeat","background-position":"center center","background-size":"auto","background-attachment":"scroll","background-type":"","background-media":"","overlay-type":"","overlay-color":"","overlay-opacity":"","overlay-gradient":""},"tablet":{"background-color":"var(--ast-global-color-5)","background-image":"","background-repeat":"repeat","background-position":"center center","background-size":"auto","background-attachment":"scroll","background-type":"","background-media":"","overlay-type":"","overlay-color":"","overlay-opacity":"","overlay-gradient":""},"mobile":{"background-color":"var(--ast-global-color-5)","background-image":"","background-repeat":"repeat","background-position":"center center","background-size":"auto","background-attachment":"scroll","background-type":"","background-media":"","overlay-type":"","overlay-color":"","overlay-opacity":"","overlay-gradient":""}}},"product_brand":[],"product_cat":[86,63],"product_tag":[85],"class_list":{"0":"post-5458","1":"product","2":"type-product","3":"status-publish","4":"has-post-thumbnail","6":"product_cat-brother-tikkimismasinad","7":"product_cat-tikkimismasinad","8":"product_tag-brother","9":"desktop-align-left","10":"tablet-align-left","11":"mobile-align-left","13":"first","14":"onbackorder","15":"taxable","16":"shipping-taxable","17":"purchasable","18":"product-type-simple"},"yoast_head":"<!-- This site is optimized with the Yoast SEO plugin v26.1.1 - https:\/\/yoast.com\/wordpress\/plugins\/seo\/ -->\n<title>Tikkimismasin PR-1055x Brother - Professionaalne tikkimismasin<\/title>\n<meta name=\"description\" content=\"Brother PR-1055x on professionaalne 10-n\u00f5elaline tikkimismasin, mis sobib nii koju kui ka v\u00e4iksemasse t\u00f6\u00f6stusesse....\" \/>\n<meta name=\"robots\" content=\"index, follow, max-snippet:-1, max-image-preview:large, max-video-preview:-1\" \/>\n<link rel=\"canonical\" href=\"https:\/\/marevik.ee\/test\/toode\/pr-1055x-tikkimismasin-brother\/\" \/>\n<meta property=\"og:locale\" content=\"en_US\" \/>\n<meta property=\"og:type\" content=\"article\" \/>\n<meta property=\"og:title\" content=\"Tikkimismasin PR-1055x Brother - Professionaalne tikkimismasin\" \/>\n<meta property=\"og:description\" content=\"Brother PR-1055x on professionaalne 10-n\u00f5elaline tikkimismasin, mis sobib nii koju kui ka v\u00e4iksemasse t\u00f6\u00f6stusesse....\" \/>\n<meta property=\"og:url\" content=\"https:\/\/marevik.ee\/test\/toode\/pr-1055x-tikkimismasin-brother\/\" \/>\n<meta property=\"og:site_name\" content=\"Marevik O&Uuml;\" \/>\n<meta property=\"article:modified_time\" content=\"2025-09-30T09:13:36+00:00\" \/>\n<meta property=\"og:image\" content=\"https:\/\/marevik.ee\/test\/wp-content\/uploads\/2015\/02\/Brother-PR-1055X.jpg\" \/>\n\t<meta property=\"og:image:width\" content=\"1800\" \/>\n\t<meta property=\"og:image:height\" content=\"1800\" \/>\n\t<meta property=\"og:image:type\" content=\"image\/jpeg\" \/>\n<meta name=\"twitter:card\" content=\"summary_large_image\" \/>\n<meta name=\"twitter:label1\" content=\"Est. reading time\" \/>\n\t<meta name=\"twitter:data1\" content=\"2 minutes\" \/>\n<script type=\"application\/ld+json\" class=\"yoast-schema-graph\">{\"@context\":\"https:\/\/schema.org\",\"@graph\":[{\"@type\":\"WebPage\",\"@id\":\"https:\/\/marevik.ee\/test\/toode\/pr-1055x-tikkimismasin-brother\/\",\"url\":\"https:\/\/marevik.ee\/test\/toode\/pr-1055x-tikkimismasin-brother\/\",\"name\":\"Tikkimismasin PR-1055x Brother - Professionaalne tikkimismasin\",\"isPartOf\":{\"@id\":\"https:\/\/marevik.ee\/test\/#website\"},\"primaryImageOfPage\":{\"@id\":\"https:\/\/marevik.ee\/test\/toode\/pr-1055x-tikkimismasin-brother\/#primaryimage\"},\"image\":{\"@id\":\"https:\/\/marevik.ee\/test\/toode\/pr-1055x-tikkimismasin-brother\/#primaryimage\"},\"thumbnailUrl\":\"https:\/\/marevik.ee\/test\/wp-content\/uploads\/2015\/02\/Brother-PR-1055X.jpg\",\"datePublished\":\"2015-02-12T16:38:45+00:00\",\"dateModified\":\"2025-09-30T09:13:36+00:00\",\"description\":\"Brother PR-1055x on professionaalne 10-n\u00f5elaline tikkimismasin, mis sobib nii koju kui ka v\u00e4iksemasse t\u00f6\u00f6stusesse....\",\"breadcrumb\":{\"@id\":\"https:\/\/marevik.ee\/test\/toode\/pr-1055x-tikkimismasin-brother\/#breadcrumb\"},\"inLanguage\":\"en\",\"potentialAction\":[{\"@type\":\"ReadAction\",\"target\":[\"https:\/\/marevik.ee\/test\/toode\/pr-1055x-tikkimismasin-brother\/\"]}]},{\"@type\":\"ImageObject\",\"inLanguage\":\"en\",\"@id\":\"https:\/\/marevik.ee\/test\/toode\/pr-1055x-tikkimismasin-brother\/#primaryimage\",\"url\":\"https:\/\/marevik.ee\/test\/wp-content\/uploads\/2015\/02\/Brother-PR-1055X.jpg\",\"contentUrl\":\"https:\/\/marevik.ee\/test\/wp-content\/uploads\/2015\/02\/Brother-PR-1055X.jpg\",\"width\":1800,\"height\":1800},{\"@type\":\"BreadcrumbList\",\"@id\":\"https:\/\/marevik.ee\/test\/toode\/pr-1055x-tikkimismasin-brother\/#breadcrumb\",\"itemListElement\":[{\"@type\":\"ListItem\",\"position\":1,\"name\":\"Home\",\"item\":\"https:\/\/marevik.ee\/test\/\"},{\"@type\":\"ListItem\",\"position\":2,\"name\":\"E-POOD\",\"item\":\"https:\/\/marevik.ee\/test\/epood\/\"},{\"@type\":\"ListItem\",\"position\":3,\"name\":\"Tikkimismasin PR-1055x Brother\"}]},{\"@type\":\"WebSite\",\"@id\":\"https:\/\/marevik.ee\/test\/#website\",\"url\":\"https:\/\/marevik.ee\/test\/\",\"name\":\"Marevik O&Uuml;\",\"description\":\"&Otilde;mblusmasina asjatundja\",\"publisher\":{\"@id\":\"https:\/\/marevik.ee\/test\/#organization\"},\"potentialAction\":[{\"@type\":\"SearchAction\",\"target\":{\"@type\":\"EntryPoint\",\"urlTemplate\":\"https:\/\/marevik.ee\/test\/?s={search_term_string}\"},\"query-input\":{\"@type\":\"PropertyValueSpecification\",\"valueRequired\":true,\"valueName\":\"search_term_string\"}}],\"inLanguage\":\"en\"},{\"@type\":\"Organization\",\"@id\":\"https:\/\/marevik.ee\/test\/#organization\",\"name\":\"Marevik O&Uuml;\",\"url\":\"https:\/\/marevik.ee\/test\/\",\"logo\":{\"@type\":\"ImageObject\",\"inLanguage\":\"en\",\"@id\":\"https:\/\/marevik.ee\/test\/#\/schema\/logo\/image\/\",\"url\":\"https:\/\/marevik.ee\/test\/wp-content\/uploads\/2020\/02\/mblusmasina-asjatundja-1994_173x105_veebi_v-ike.jpg\",\"contentUrl\":\"https:\/\/marevik.ee\/test\/wp-content\/uploads\/2020\/02\/mblusmasina-asjatundja-1994_173x105_veebi_v-ike.jpg\",\"width\":173,\"height\":105,\"caption\":\"Marevik O&Uuml;\"},\"image\":{\"@id\":\"https:\/\/marevik.ee\/test\/#\/schema\/logo\/image\/\"}}]}<\/script>\n<!-- \/ Yoast SEO plugin. -->","yoast_head_json":{"title":"Tikkimismasin PR-1055x Brother - Professionaalne tikkimismasin","description":"Brother PR-1055x on professionaalne 10-n\u00f5elaline tikkimismasin, mis sobib nii koju kui ka v\u00e4iksemasse t\u00f6\u00f6stusesse....","robots":{"index":"index","follow":"follow","max-snippet":"max-snippet:-1","max-image-preview":"max-image-preview:large","max-video-preview":"max-video-preview:-1"},"canonical":"https:\/\/marevik.ee\/test\/toode\/pr-1055x-tikkimismasin-brother\/","og_locale":"en_US","og_type":"article","og_title":"Tikkimismasin PR-1055x Brother - Professionaalne tikkimismasin","og_description":"Brother PR-1055x on professionaalne 10-n\u00f5elaline tikkimismasin, mis sobib nii koju kui ka v\u00e4iksemasse t\u00f6\u00f6stusesse....","og_url":"https:\/\/marevik.ee\/test\/toode\/pr-1055x-tikkimismasin-brother\/","og_site_name":"Marevik O&Uuml;","article_modified_time":"2025-09-30T09:13:36+00:00","og_image":[{"width":1800,"height":1800,"url":"https:\/\/marevik.ee\/test\/wp-content\/uploads\/2015\/02\/Brother-PR-1055X.jpg","type":"image\/jpeg"}],"twitter_card":"summary_large_image","twitter_misc":{"Est. reading time":"2 minutes"},"schema":{"@context":"https:\/\/schema.org","@graph":[{"@type":"WebPage","@id":"https:\/\/marevik.ee\/test\/toode\/pr-1055x-tikkimismasin-brother\/","url":"https:\/\/marevik.ee\/test\/toode\/pr-1055x-tikkimismasin-brother\/","name":"Tikkimismasin PR-1055x Brother - Professionaalne tikkimismasin","isPartOf":{"@id":"https:\/\/marevik.ee\/test\/#website"},"primaryImageOfPage":{"@id":"https:\/\/marevik.ee\/test\/toode\/pr-1055x-tikkimismasin-brother\/#primaryimage"},"image":{"@id":"https:\/\/marevik.ee\/test\/toode\/pr-1055x-tikkimismasin-brother\/#primaryimage"},"thumbnailUrl":"https:\/\/marevik.ee\/test\/wp-content\/uploads\/2015\/02\/Brother-PR-1055X.jpg","datePublished":"2015-02-12T16:38:45+00:00","dateModified":"2025-09-30T09:13:36+00:00","description":"Brother PR-1055x on professionaalne 10-n\u00f5elaline tikkimismasin, mis sobib nii koju kui ka v\u00e4iksemasse t\u00f6\u00f6stusesse....","breadcrumb":{"@id":"https:\/\/marevik.ee\/test\/toode\/pr-1055x-tikkimismasin-brother\/#breadcrumb"},"inLanguage":"en","potentialAction":[{"@type":"ReadAction","target":["https:\/\/marevik.ee\/test\/toode\/pr-1055x-tikkimismasin-brother\/"]}]},{"@type":"ImageObject","inLanguage":"en","@id":"https:\/\/marevik.ee\/test\/toode\/pr-1055x-tikkimismasin-brother\/#primaryimage","url":"https:\/\/marevik.ee\/test\/wp-content\/uploads\/2015\/02\/Brother-PR-1055X.jpg","contentUrl":"https:\/\/marevik.ee\/test\/wp-content\/uploads\/2015\/02\/Brother-PR-1055X.jpg","width":1800,"height":1800},{"@type":"BreadcrumbList","@id":"https:\/\/marevik.ee\/test\/toode\/pr-1055x-tikkimismasin-brother\/#breadcrumb","itemListElement":[{"@type":"ListItem","position":1,"name":"Home","item":"https:\/\/marevik.ee\/test\/"},{"@type":"ListItem","position":2,"name":"E-POOD","item":"https:\/\/marevik.ee\/test\/epood\/"},{"@type":"ListItem","position":3,"name":"Tikkimismasin PR-1055x Brother"}]},{"@type":"WebSite","@id":"https:\/\/marevik.ee\/test\/#website","url":"https:\/\/marevik.ee\/test\/","name":"Marevik O&Uuml;","description":"&Otilde;mblusmasina asjatundja","publisher":{"@id":"https:\/\/marevik.ee\/test\/#organization"},"potentialAction":[{"@type":"SearchAction","target":{"@type":"EntryPoint","urlTemplate":"https:\/\/marevik.ee\/test\/?s={search_term_string}"},"query-input":{"@type":"PropertyValueSpecification","valueRequired":true,"valueName":"search_term_string"}}],"inLanguage":"en"},{"@type":"Organization","@id":"https:\/\/marevik.ee\/test\/#organization","name":"Marevik O&Uuml;","url":"https:\/\/marevik.ee\/test\/","logo":{"@type":"ImageObject","inLanguage":"en","@id":"https:\/\/marevik.ee\/test\/#\/schema\/logo\/image\/","url":"https:\/\/marevik.ee\/test\/wp-content\/uploads\/2020\/02\/mblusmasina-asjatundja-1994_173x105_veebi_v-ike.jpg","contentUrl":"https:\/\/marevik.ee\/test\/wp-content\/uploads\/2020\/02\/mblusmasina-asjatundja-1994_173x105_veebi_v-ike.jpg","width":173,"height":105,"caption":"Marevik O&Uuml;"},"image":{"@id":"https:\/\/marevik.ee\/test\/#\/schema\/logo\/image\/"}}]}},"_links":{"self":[{"href":"https:\/\/marevik.ee\/test\/wp-json\/wp\/v2\/product\/5458","targetHints":{"allow":["GET"]}}],"collection":[{"href":"https:\/\/marevik.ee\/test\/wp-json\/wp\/v2\/product"}],"about":[{"href":"https:\/\/marevik.ee\/test\/wp-json\/wp\/v2\/types\/product"}],"wp:featuredmedia":[{"embeddable":true,"href":"https:\/\/marevik.ee\/test\/wp-json\/wp\/v2\/media\/13473"}],"wp:attachment":[{"href":"https:\/\/marevik.ee\/test\/wp-json\/wp\/v2\/media?parent=5458"}],"wp:term":[{"taxonomy":"product_brand","embeddable":true,"href":"https:\/\/marevik.ee\/test\/wp-json\/wp\/v2\/product_brand?post=5458"},{"taxonomy":"product_cat","embeddable":true,"href":"https:\/\/marevik.ee\/test\/wp-json\/wp\/v2\/product_cat?post=5458"},{"taxonomy":"product_tag","embeddable":true,"href":"https:\/\/marevik.ee\/test\/wp-json\/wp\/v2\/product_tag?post=5458"}],"curies":[{"name":"wp","href":"https:\/\/api.w.org\/{rel}","templated":true}]}}