{"id":5714,"date":"2015-03-07T22:30:18","date_gmt":"2015-03-07T22:30:18","guid":{"rendered":"https:\/\/xn--mblusmasinapood-rsb.ee\/product\/janome-skyline-s5\/"},"modified":"2022-05-02T05:05:36","modified_gmt":"2022-05-02T05:05:36","slug":"janome-skyline-s5","status":"publish","type":"product","link":"https:\/\/marevik.ee\/test\/toode\/janome-skyline-s5\/","title":{"rendered":"Janome SkyLine S5"},"content":{"rendered":"<p>Erinevaid \u00f5mblusi 496 seal hulgas 4 erinevat fonti.<br \/>\n11 t\u00e4isautomaatset n\u00f6\u00f6paugufunktsiooni<br \/>\nPistepikkus 0-5 mm (v\u00f5imalik muuta ka venivate materjalide \u00f5mblemisel)<br \/>\nPiste laius 0-9 mm (v\u00f5imalik muuta k\u00f5ikide pistetu\u0308u\u0308pide puhul)<br \/>\nN\u00f5ela asendi muutmine<br \/>\nVabavars v\u00f5imaldab \u00f5mmelda torujaid esemeid<br \/>\nN\u00f5ela asendi u\u0308les &#8211; alla fiksaator, elektrooniline<br \/>\nKaksikn\u00f5ela kasutamine<br \/>\nPuutetundlik ekraan<br \/>\nMotiivide peegelpildis \u00f5mblemine<br \/>\nMotiivide suurendamine kuni 5 x<br \/>\n\u00d5mbluste ja motiivide m\u00e4llu salvestamine<br \/>\nAutomaatne \u00f5mbluse lukustus \u00f5mbluse alguses ja l\u00f5pus<br \/>\nPoolimisel peav\u00f5lli automaatne v\u00e4ljalu\u0308litamine<br \/>\nS\u00f6\u00f6tjahammastiku v\u00e4ljal\u00fclitamine<br \/>\n7 osaline s\u00f6\u00f6tehammastik<br \/>\nKiirkinnitusega presstalla vahetus<br \/>\nKiirkinnitusega n\u00f5elaplaat<br \/>\nPresstalla t\u00f5stmine p\u00f5lvet\u00f5stjaga<br \/>\nHorisontaalne poolis\u00fcsteem<br \/>\nElektrooniline niidil\u00f5ikur<br \/>\nValgustus 6 x valge LED<br \/>\nMustvalge LCD ekraan<br \/>\nPedaalita \u00f5mblemise v\u00f5imalus<br \/>\nKiiruse sujuv reguleerimine pedaaliga v\u00f5i paneelil oleva liugregulaatoriga<br \/>\n\u00d5mblemise kiirus kuni 1000 p \/m<br \/>\nMasina t\u00f6\u00f6laua pikkus 210 mm<br \/>\nPehme masina kaitsekate<br \/>\nKaal 10,2 kg.<\/p>\n","protected":false},"excerpt":{"rendered":"<p>Janome kaasaegne kompuuter\u00f5mblusmasinate seeria SkyLine kvaliteetne ja kauni disainiga. Kompuuter\u00f5mblusmasin, mis sobib h\u00e4sti profi kasutusse ka v\u00e4iksematesse ateljeedesse. Vaikne, kiire, sujuva k\u00e4ivitusega ning minimaalse vibratsiooniga t\u00f6\u00f6riist, mille headuses v\u00f5ib veenduda kohe kui pedaali vajutad.<\/p>\n","protected":false},"featured_media":5715,"template":"","meta":{"site-sidebar-layout":"default","site-content-layout":"default","ast-site-content-layout":"","site-content-style":"default","site-sidebar-style":"default","ast-global-header-display":"","ast-banner-title-visibility":"","ast-main-header-display":"","ast-hfb-above-header-display":"","ast-hfb-below-header-display":"","ast-hfb-mobile-header-display":"","site-post-title":"","ast-breadcrumbs-content":"","ast-featured-img":"","footer-sml-layout":"","theme-transparent-header-meta":"default","adv-header-id-meta":"","stick-header-meta":"","header-above-stick-meta":"","header-main-stick-meta":"","header-below-stick-meta":"","astra-migrate-meta-layouts":"default","ast-page-background-enabled":"default","ast-page-background-meta":{"desktop":{"background-color":"","background-image":"","background-repeat":"repeat","background-position":"center center","background-size":"auto","background-attachment":"scroll","background-type":"","background-media":"","overlay-type":"","overlay-color":"","overlay-opacity":"","overlay-gradient":""},"tablet":{"background-color":"","background-image":"","background-repeat":"repeat","background-position":"center center","background-size":"auto","background-attachment":"scroll","background-type":"","background-media":"","overlay-type":"","overlay-color":"","overlay-opacity":"","overlay-gradient":""},"mobile":{"background-color":"","background-image":"","background-repeat":"repeat","background-position":"center center","background-size":"auto","background-attachment":"scroll","background-type":"","background-media":"","overlay-type":"","overlay-color":"","overlay-opacity":"","overlay-gradient":""}},"ast-content-background-meta":{"desktop":{"background-color":"var(--ast-global-color-5)","background-image":"","background-repeat":"repeat","background-position":"center center","background-size":"auto","background-attachment":"scroll","background-type":"","background-media":"","overlay-type":"","overlay-color":"","overlay-opacity":"","overlay-gradient":""},"tablet":{"background-color":"var(--ast-global-color-5)","background-image":"","background-repeat":"repeat","background-position":"center center","background-size":"auto","background-attachment":"scroll","background-type":"","background-media":"","overlay-type":"","overlay-color":"","overlay-opacity":"","overlay-gradient":""},"mobile":{"background-color":"var(--ast-global-color-5)","background-image":"","background-repeat":"repeat","background-position":"center center","background-size":"auto","background-attachment":"scroll","background-type":"","background-media":"","overlay-type":"","overlay-color":"","overlay-opacity":"","overlay-gradient":""}}},"product_brand":[],"product_cat":[69,60],"product_tag":[84],"class_list":{"0":"post-5714","1":"product","2":"type-product","3":"status-publish","4":"has-post-thumbnail","6":"product_cat-janome","7":"product_cat-omblusmasinad","8":"product_tag-janome","9":"desktop-align-left","10":"tablet-align-left","11":"mobile-align-left","13":"first","14":"instock","15":"taxable","16":"shipping-taxable","17":"purchasable","18":"product-type-simple"},"yoast_head":"<!-- This site is optimized with the Yoast SEO plugin v26.1.1 - https:\/\/yoast.com\/wordpress\/plugins\/seo\/ -->\n<title>Janome SkyLine S5 - \u00f5mblusmasin v\u00e4iksematesse ateljeedesse.<\/title>\n<meta name=\"description\" content=\"Janome kaasaegne kompuuter\u00f5mblusmasinate seeria SkyLine kvaliteetne ja kauni disainiga. Kompuuter\u00f5mblusmasin, mis sobib h\u00e4sti profi kasutusse ka v\u00e4iksematesse ateljeedesse. Vaikne, kiire, sujuva k\u00e4ivitusega ning minimaalse vibratsiooniga t\u00f6\u00f6riist, mille headuses v\u00f5ib veenduda kohe kui pedaali vajutad.\" \/>\n<meta name=\"robots\" content=\"index, follow, max-snippet:-1, max-image-preview:large, max-video-preview:-1\" \/>\n<link rel=\"canonical\" href=\"https:\/\/marevik.ee\/test\/toode\/janome-skyline-s5\/\" \/>\n<meta property=\"og:locale\" content=\"en_US\" \/>\n<meta property=\"og:type\" content=\"article\" \/>\n<meta property=\"og:title\" content=\"Janome SkyLine S5 - \u00f5mblusmasin v\u00e4iksematesse ateljeedesse.\" \/>\n<meta property=\"og:description\" content=\"Janome kaasaegne kompuuter\u00f5mblusmasinate seeria SkyLine kvaliteetne ja kauni disainiga. Kompuuter\u00f5mblusmasin, mis sobib h\u00e4sti profi kasutusse ka v\u00e4iksematesse ateljeedesse. Vaikne, kiire, sujuva k\u00e4ivitusega ning minimaalse vibratsiooniga t\u00f6\u00f6riist, mille headuses v\u00f5ib veenduda kohe kui pedaali vajutad.\" \/>\n<meta property=\"og:url\" content=\"https:\/\/marevik.ee\/test\/toode\/janome-skyline-s5\/\" \/>\n<meta property=\"og:site_name\" content=\"Marevik O&Uuml;\" \/>\n<meta property=\"article:modified_time\" content=\"2022-05-02T05:05:36+00:00\" \/>\n<meta property=\"og:image\" content=\"https:\/\/marevik.ee\/test\/wp-content\/uploads\/2021\/03\/JanomeSkyline.jpg\" \/>\n\t<meta property=\"og:image:width\" content=\"500\" \/>\n\t<meta property=\"og:image:height\" content=\"500\" \/>\n\t<meta property=\"og:image:type\" content=\"image\/jpeg\" \/>\n<meta name=\"twitter:card\" content=\"summary_large_image\" \/>\n<meta name=\"twitter:label1\" content=\"Est. reading time\" \/>\n\t<meta name=\"twitter:data1\" content=\"1 minute\" \/>\n<script type=\"application\/ld+json\" class=\"yoast-schema-graph\">{\"@context\":\"https:\/\/schema.org\",\"@graph\":[{\"@type\":\"WebPage\",\"@id\":\"https:\/\/marevik.ee\/test\/toode\/janome-skyline-s5\/\",\"url\":\"https:\/\/marevik.ee\/test\/toode\/janome-skyline-s5\/\",\"name\":\"Janome SkyLine S5 - \u00f5mblusmasin v\u00e4iksematesse ateljeedesse.\",\"isPartOf\":{\"@id\":\"https:\/\/marevik.ee\/test\/#website\"},\"primaryImageOfPage\":{\"@id\":\"https:\/\/marevik.ee\/test\/toode\/janome-skyline-s5\/#primaryimage\"},\"image\":{\"@id\":\"https:\/\/marevik.ee\/test\/toode\/janome-skyline-s5\/#primaryimage\"},\"thumbnailUrl\":\"https:\/\/marevik.ee\/test\/wp-content\/uploads\/2021\/03\/JanomeSkyline.jpg\",\"datePublished\":\"2015-03-07T22:30:18+00:00\",\"dateModified\":\"2022-05-02T05:05:36+00:00\",\"description\":\"Janome kaasaegne kompuuter\u00f5mblusmasinate seeria SkyLine kvaliteetne ja kauni disainiga. Kompuuter\u00f5mblusmasin, mis sobib h\u00e4sti profi kasutusse ka v\u00e4iksematesse ateljeedesse. Vaikne, kiire, sujuva k\u00e4ivitusega ning minimaalse vibratsiooniga t\u00f6\u00f6riist, mille headuses v\u00f5ib veenduda kohe kui pedaali vajutad.\",\"breadcrumb\":{\"@id\":\"https:\/\/marevik.ee\/test\/toode\/janome-skyline-s5\/#breadcrumb\"},\"inLanguage\":\"en\",\"potentialAction\":[{\"@type\":\"ReadAction\",\"target\":[\"https:\/\/marevik.ee\/test\/toode\/janome-skyline-s5\/\"]}]},{\"@type\":\"ImageObject\",\"inLanguage\":\"en\",\"@id\":\"https:\/\/marevik.ee\/test\/toode\/janome-skyline-s5\/#primaryimage\",\"url\":\"https:\/\/marevik.ee\/test\/wp-content\/uploads\/2021\/03\/JanomeSkyline.jpg\",\"contentUrl\":\"https:\/\/marevik.ee\/test\/wp-content\/uploads\/2021\/03\/JanomeSkyline.jpg\",\"width\":500,\"height\":500,\"caption\":\"Janome SkyLine S5\"},{\"@type\":\"BreadcrumbList\",\"@id\":\"https:\/\/marevik.ee\/test\/toode\/janome-skyline-s5\/#breadcrumb\",\"itemListElement\":[{\"@type\":\"ListItem\",\"position\":1,\"name\":\"Home\",\"item\":\"https:\/\/marevik.ee\/test\/\"},{\"@type\":\"ListItem\",\"position\":2,\"name\":\"E-POOD\",\"item\":\"https:\/\/marevik.ee\/test\/epood\/\"},{\"@type\":\"ListItem\",\"position\":3,\"name\":\"Janome SkyLine S5\"}]},{\"@type\":\"WebSite\",\"@id\":\"https:\/\/marevik.ee\/test\/#website\",\"url\":\"https:\/\/marevik.ee\/test\/\",\"name\":\"Marevik O&Uuml;\",\"description\":\"&Otilde;mblusmasina asjatundja\",\"publisher\":{\"@id\":\"https:\/\/marevik.ee\/test\/#organization\"},\"potentialAction\":[{\"@type\":\"SearchAction\",\"target\":{\"@type\":\"EntryPoint\",\"urlTemplate\":\"https:\/\/marevik.ee\/test\/?s={search_term_string}\"},\"query-input\":{\"@type\":\"PropertyValueSpecification\",\"valueRequired\":true,\"valueName\":\"search_term_string\"}}],\"inLanguage\":\"en\"},{\"@type\":\"Organization\",\"@id\":\"https:\/\/marevik.ee\/test\/#organization\",\"name\":\"Marevik O&Uuml;\",\"url\":\"https:\/\/marevik.ee\/test\/\",\"logo\":{\"@type\":\"ImageObject\",\"inLanguage\":\"en\",\"@id\":\"https:\/\/marevik.ee\/test\/#\/schema\/logo\/image\/\",\"url\":\"https:\/\/marevik.ee\/test\/wp-content\/uploads\/2020\/02\/mblusmasina-asjatundja-1994_173x105_veebi_v-ike.jpg\",\"contentUrl\":\"https:\/\/marevik.ee\/test\/wp-content\/uploads\/2020\/02\/mblusmasina-asjatundja-1994_173x105_veebi_v-ike.jpg\",\"width\":173,\"height\":105,\"caption\":\"Marevik O&Uuml;\"},\"image\":{\"@id\":\"https:\/\/marevik.ee\/test\/#\/schema\/logo\/image\/\"}}]}<\/script>\n<!-- \/ Yoast SEO plugin. -->","yoast_head_json":{"title":"Janome SkyLine S5 - \u00f5mblusmasin v\u00e4iksematesse ateljeedesse.","description":"Janome kaasaegne kompuuter\u00f5mblusmasinate seeria SkyLine kvaliteetne ja kauni disainiga. Kompuuter\u00f5mblusmasin, mis sobib h\u00e4sti profi kasutusse ka v\u00e4iksematesse ateljeedesse. Vaikne, kiire, sujuva k\u00e4ivitusega ning minimaalse vibratsiooniga t\u00f6\u00f6riist, mille headuses v\u00f5ib veenduda kohe kui pedaali vajutad.","robots":{"index":"index","follow":"follow","max-snippet":"max-snippet:-1","max-image-preview":"max-image-preview:large","max-video-preview":"max-video-preview:-1"},"canonical":"https:\/\/marevik.ee\/test\/toode\/janome-skyline-s5\/","og_locale":"en_US","og_type":"article","og_title":"Janome SkyLine S5 - \u00f5mblusmasin v\u00e4iksematesse ateljeedesse.","og_description":"Janome kaasaegne kompuuter\u00f5mblusmasinate seeria SkyLine kvaliteetne ja kauni disainiga. Kompuuter\u00f5mblusmasin, mis sobib h\u00e4sti profi kasutusse ka v\u00e4iksematesse ateljeedesse. Vaikne, kiire, sujuva k\u00e4ivitusega ning minimaalse vibratsiooniga t\u00f6\u00f6riist, mille headuses v\u00f5ib veenduda kohe kui pedaali vajutad.","og_url":"https:\/\/marevik.ee\/test\/toode\/janome-skyline-s5\/","og_site_name":"Marevik O&Uuml;","article_modified_time":"2022-05-02T05:05:36+00:00","og_image":[{"width":500,"height":500,"url":"https:\/\/marevik.ee\/test\/wp-content\/uploads\/2021\/03\/JanomeSkyline.jpg","type":"image\/jpeg"}],"twitter_card":"summary_large_image","twitter_misc":{"Est. reading time":"1 minute"},"schema":{"@context":"https:\/\/schema.org","@graph":[{"@type":"WebPage","@id":"https:\/\/marevik.ee\/test\/toode\/janome-skyline-s5\/","url":"https:\/\/marevik.ee\/test\/toode\/janome-skyline-s5\/","name":"Janome SkyLine S5 - \u00f5mblusmasin v\u00e4iksematesse ateljeedesse.","isPartOf":{"@id":"https:\/\/marevik.ee\/test\/#website"},"primaryImageOfPage":{"@id":"https:\/\/marevik.ee\/test\/toode\/janome-skyline-s5\/#primaryimage"},"image":{"@id":"https:\/\/marevik.ee\/test\/toode\/janome-skyline-s5\/#primaryimage"},"thumbnailUrl":"https:\/\/marevik.ee\/test\/wp-content\/uploads\/2021\/03\/JanomeSkyline.jpg","datePublished":"2015-03-07T22:30:18+00:00","dateModified":"2022-05-02T05:05:36+00:00","description":"Janome kaasaegne kompuuter\u00f5mblusmasinate seeria SkyLine kvaliteetne ja kauni disainiga. Kompuuter\u00f5mblusmasin, mis sobib h\u00e4sti profi kasutusse ka v\u00e4iksematesse ateljeedesse. Vaikne, kiire, sujuva k\u00e4ivitusega ning minimaalse vibratsiooniga t\u00f6\u00f6riist, mille headuses v\u00f5ib veenduda kohe kui pedaali vajutad.","breadcrumb":{"@id":"https:\/\/marevik.ee\/test\/toode\/janome-skyline-s5\/#breadcrumb"},"inLanguage":"en","potentialAction":[{"@type":"ReadAction","target":["https:\/\/marevik.ee\/test\/toode\/janome-skyline-s5\/"]}]},{"@type":"ImageObject","inLanguage":"en","@id":"https:\/\/marevik.ee\/test\/toode\/janome-skyline-s5\/#primaryimage","url":"https:\/\/marevik.ee\/test\/wp-content\/uploads\/2021\/03\/JanomeSkyline.jpg","contentUrl":"https:\/\/marevik.ee\/test\/wp-content\/uploads\/2021\/03\/JanomeSkyline.jpg","width":500,"height":500,"caption":"Janome SkyLine S5"},{"@type":"BreadcrumbList","@id":"https:\/\/marevik.ee\/test\/toode\/janome-skyline-s5\/#breadcrumb","itemListElement":[{"@type":"ListItem","position":1,"name":"Home","item":"https:\/\/marevik.ee\/test\/"},{"@type":"ListItem","position":2,"name":"E-POOD","item":"https:\/\/marevik.ee\/test\/epood\/"},{"@type":"ListItem","position":3,"name":"Janome SkyLine S5"}]},{"@type":"WebSite","@id":"https:\/\/marevik.ee\/test\/#website","url":"https:\/\/marevik.ee\/test\/","name":"Marevik O&Uuml;","description":"&Otilde;mblusmasina asjatundja","publisher":{"@id":"https:\/\/marevik.ee\/test\/#organization"},"potentialAction":[{"@type":"SearchAction","target":{"@type":"EntryPoint","urlTemplate":"https:\/\/marevik.ee\/test\/?s={search_term_string}"},"query-input":{"@type":"PropertyValueSpecification","valueRequired":true,"valueName":"search_term_string"}}],"inLanguage":"en"},{"@type":"Organization","@id":"https:\/\/marevik.ee\/test\/#organization","name":"Marevik O&Uuml;","url":"https:\/\/marevik.ee\/test\/","logo":{"@type":"ImageObject","inLanguage":"en","@id":"https:\/\/marevik.ee\/test\/#\/schema\/logo\/image\/","url":"https:\/\/marevik.ee\/test\/wp-content\/uploads\/2020\/02\/mblusmasina-asjatundja-1994_173x105_veebi_v-ike.jpg","contentUrl":"https:\/\/marevik.ee\/test\/wp-content\/uploads\/2020\/02\/mblusmasina-asjatundja-1994_173x105_veebi_v-ike.jpg","width":173,"height":105,"caption":"Marevik O&Uuml;"},"image":{"@id":"https:\/\/marevik.ee\/test\/#\/schema\/logo\/image\/"}}]}},"_links":{"self":[{"href":"https:\/\/marevik.ee\/test\/wp-json\/wp\/v2\/product\/5714","targetHints":{"allow":["GET"]}}],"collection":[{"href":"https:\/\/marevik.ee\/test\/wp-json\/wp\/v2\/product"}],"about":[{"href":"https:\/\/marevik.ee\/test\/wp-json\/wp\/v2\/types\/product"}],"wp:featuredmedia":[{"embeddable":true,"href":"https:\/\/marevik.ee\/test\/wp-json\/wp\/v2\/media\/5715"}],"wp:attachment":[{"href":"https:\/\/marevik.ee\/test\/wp-json\/wp\/v2\/media?parent=5714"}],"wp:term":[{"taxonomy":"product_brand","embeddable":true,"href":"https:\/\/marevik.ee\/test\/wp-json\/wp\/v2\/product_brand?post=5714"},{"taxonomy":"product_cat","embeddable":true,"href":"https:\/\/marevik.ee\/test\/wp-json\/wp\/v2\/product_cat?post=5714"},{"taxonomy":"product_tag","embeddable":true,"href":"https:\/\/marevik.ee\/test\/wp-json\/wp\/v2\/product_tag?post=5714"}],"curies":[{"name":"wp","href":"https:\/\/api.w.org\/{rel}","templated":true}]}}