{"id":7022,"date":"2016-05-03T18:18:47","date_gmt":"2016-05-03T18:18:47","guid":{"rendered":"https:\/\/xn--mblusmasinapood-rsb.ee\/product\/innov-1800q-brother\/"},"modified":"2025-05-21T13:13:19","modified_gmt":"2025-05-21T13:13:19","slug":"innov-1800q-brother","status":"publish","type":"product","link":"https:\/\/marevik.ee\/test\/toode\/innov-1800q-brother\/","title":{"rendered":"Innov-is 1800Q Brother"},"content":{"rendered":"<p>290 \u00f5mblusoperatsiooni, s.h. 10 t\u00e4isautomaatset n\u00f6\u00f6paugu\u00f5mblust.<br \/>\n5 erinevat fonti, s.h. \u00fcks Vene ja Jaapani t\u00e4hestik.<br \/>\n58 kombineeritavat dekoratiivpistet.<br \/>\nLapit\u00f6\u00f6ks piisavalt suur t\u00f6\u00f6pind, n\u00f5elast paremale 21cm<br \/>\nAutomaatne n\u00f5elasilma niidistaja.<br \/>\nElektrooniline niidil\u00f5ikus. (programmeeritav)<br \/>\nAutomaatne kinnituspiste. (programmeeritav)<br \/>\nElektrooniline presstallat\u00f5stmise v\u00f5imalus.<br \/>\nAutomaatne pistepikkuse kontroll, tagab erinevate kangapaksuste \u00fcleminekutel stabiilse pistepikkuse. (programmeeritav)<br \/>\nP\u00f6\u00f6rdfunktsioon t\u00f5stab automaatselt presstalla \u00fcles, kui n\u00f5el peatub alumises asendis. See v\u00f5imaldab kiirellt ja mugavalt kanga p\u00f6\u00f6ramist t\u00f6\u00f6laual. (programmeeritav)<br \/>\nMitmest suunast paistev LED valgustus tagab suurep\u00e4rase n\u00e4htavuse t\u00f6\u00f6laual.<br \/>\nP\u00f5lvkangiga presstalla t\u00f5stmise v\u00f5imalus.<br \/>\nKomplekti kuulub Brotheri QKF2 teppimiskomplekt, suur t\u00f6\u00f6laua pikendus, \u00fclalts\u00f6\u00f6tja, 1\/4 toll juhikuga lapit\u00f6\u00f6tald, teppimistald ja teppimisjuhik.<br \/>\nLoomulikult on masinal k\u00f5ik kaasaegsesse \u00f5mblusmasina arsenali kuuluvad omadused ja v\u00f5imalused.<\/p>\n","protected":false},"excerpt":{"rendered":"<p>Innov-is 1800Q on \u00f5mblusmasin firmalt Brother, mis on arendatud v\u00e4lja eelk\u00f5ige teppimist\u00f6\u00f6de spetsiifikat silmas pidades. Suurem t\u00f6\u00f6laud, automaatne presstalla k\u00f5rguse reguleerimine (AHA funktsioon) ja k\u00fclgsuunas \u00f5mblemise v\u00f5imalus on vaid v\u00e4ike loetelu masina laialdastest v\u00f5imalustest. Custom Stitch funktsioon v\u00f5imaldab kujundada ise dekoratiivpisteid ja neid masina m\u00e4llu talletada. Samuti eeh\u00e4\u00e4lestada pistetele sobiva niidipinge, presstallasurve, piste pikkuse ja laiuse.<br \/>\nK\u00fclgsuunas kangavedu on ideaalseks abiks aplikatsioonide ja lappide kinnitamiseks.<br \/>\nVabak\u00e4eteping ja lapit\u00f6\u00f6d on \u00fcha enam populaarsust koguv k\u00e4sit\u00f6\u00f6liik ning Innov-is 1800Q on m\u00f5eldud just neile kes seda harrastavad.<\/p>\n","protected":false},"featured_media":7023,"template":"","meta":{"site-sidebar-layout":"default","site-content-layout":"default","ast-site-content-layout":"default","site-content-style":"default","site-sidebar-style":"default","ast-global-header-display":"","ast-banner-title-visibility":"","ast-main-header-display":"","ast-hfb-above-header-display":"","ast-hfb-below-header-display":"","ast-hfb-mobile-header-display":"","site-post-title":"","ast-breadcrumbs-content":"","ast-featured-img":"","footer-sml-layout":"","theme-transparent-header-meta":"default","adv-header-id-meta":"","stick-header-meta":"","header-above-stick-meta":"","header-main-stick-meta":"","header-below-stick-meta":"","astra-migrate-meta-layouts":"set","ast-page-background-enabled":"default","ast-page-background-meta":{"desktop":{"background-color":"","background-image":"","background-repeat":"repeat","background-position":"center center","background-size":"auto","background-attachment":"scroll","background-type":"","background-media":"","overlay-type":"","overlay-color":"","overlay-opacity":"","overlay-gradient":""},"tablet":{"background-color":"","background-image":"","background-repeat":"repeat","background-position":"center center","background-size":"auto","background-attachment":"scroll","background-type":"","background-media":"","overlay-type":"","overlay-color":"","overlay-opacity":"","overlay-gradient":""},"mobile":{"background-color":"","background-image":"","background-repeat":"repeat","background-position":"center center","background-size":"auto","background-attachment":"scroll","background-type":"","background-media":"","overlay-type":"","overlay-color":"","overlay-opacity":"","overlay-gradient":""}},"ast-content-background-meta":{"desktop":{"background-color":"var(--ast-global-color-5)","background-image":"","background-repeat":"repeat","background-position":"center center","background-size":"auto","background-attachment":"scroll","background-type":"","background-media":"","overlay-type":"","overlay-color":"","overlay-opacity":"","overlay-gradient":""},"tablet":{"background-color":"var(--ast-global-color-5)","background-image":"","background-repeat":"repeat","background-position":"center center","background-size":"auto","background-attachment":"scroll","background-type":"","background-media":"","overlay-type":"","overlay-color":"","overlay-opacity":"","overlay-gradient":""},"mobile":{"background-color":"var(--ast-global-color-5)","background-image":"","background-repeat":"repeat","background-position":"center center","background-size":"auto","background-attachment":"scroll","background-type":"","background-media":"","overlay-type":"","overlay-color":"","overlay-opacity":"","overlay-gradient":""}}},"product_brand":[],"product_cat":[68,60],"product_tag":[85],"class_list":{"0":"post-7022","1":"product","2":"type-product","3":"status-publish","4":"has-post-thumbnail","6":"product_cat-brother","7":"product_cat-omblusmasinad","8":"product_tag-brother","9":"desktop-align-left","10":"tablet-align-left","11":"mobile-align-left","13":"first","14":"onbackorder","15":"taxable","16":"shipping-taxable","17":"purchasable","18":"product-type-simple"},"yoast_head":"<!-- This site is optimized with the Yoast SEO plugin v26.1.1 - https:\/\/yoast.com\/wordpress\/plugins\/seo\/ -->\n<title>Innov-is 1800Q Brother - teppimist\u00f6\u00f6de spetsiifikat silmas pidades.<\/title>\n<meta name=\"description\" content=\"Innov-is 1800Q on \u00f5mblusmasin firmalt Brother, mis on arendatud v\u00e4lja eelk\u00f5ige teppimist\u00f6\u00f6de spetsiifikat silmas pidades. Suurem t\u00f6\u00f6laud, automaatne presstalla k\u00f5rguse reguleerimine (AHA funtsioon) ja k\u00fclgsuunas \u00f5mblemise v\u00f5imalus on vaid v\u00e4ike loetelu masina laialdastest v\u00f5imalustest.\" \/>\n<meta name=\"robots\" content=\"index, follow, max-snippet:-1, max-image-preview:large, max-video-preview:-1\" \/>\n<link rel=\"canonical\" href=\"https:\/\/marevik.ee\/test\/toode\/innov-1800q-brother\/\" \/>\n<meta property=\"og:locale\" content=\"en_US\" \/>\n<meta property=\"og:type\" content=\"article\" \/>\n<meta property=\"og:title\" content=\"Innov-is 1800Q Brother - teppimist\u00f6\u00f6de spetsiifikat silmas pidades.\" \/>\n<meta property=\"og:description\" content=\"Innov-is 1800Q on \u00f5mblusmasin firmalt Brother, mis on arendatud v\u00e4lja eelk\u00f5ige teppimist\u00f6\u00f6de spetsiifikat silmas pidades. Suurem t\u00f6\u00f6laud, automaatne presstalla k\u00f5rguse reguleerimine (AHA funtsioon) ja k\u00fclgsuunas \u00f5mblemise v\u00f5imalus on vaid v\u00e4ike loetelu masina laialdastest v\u00f5imalustest.\" \/>\n<meta property=\"og:url\" content=\"https:\/\/marevik.ee\/test\/toode\/innov-1800q-brother\/\" \/>\n<meta property=\"og:site_name\" content=\"Marevik O&Uuml;\" \/>\n<meta property=\"article:modified_time\" content=\"2025-05-21T13:13:19+00:00\" \/>\n<meta property=\"og:image\" content=\"https:\/\/marevik.ee\/test\/wp-content\/uploads\/2021\/03\/NV-1800Q.jpg\" \/>\n\t<meta property=\"og:image:width\" content=\"500\" \/>\n\t<meta property=\"og:image:height\" content=\"500\" \/>\n\t<meta property=\"og:image:type\" content=\"image\/jpeg\" \/>\n<meta name=\"twitter:card\" content=\"summary_large_image\" \/>\n<meta name=\"twitter:label1\" content=\"Est. reading time\" \/>\n\t<meta name=\"twitter:data1\" content=\"1 minute\" \/>\n<script type=\"application\/ld+json\" class=\"yoast-schema-graph\">{\"@context\":\"https:\/\/schema.org\",\"@graph\":[{\"@type\":\"WebPage\",\"@id\":\"https:\/\/marevik.ee\/test\/toode\/innov-1800q-brother\/\",\"url\":\"https:\/\/marevik.ee\/test\/toode\/innov-1800q-brother\/\",\"name\":\"Innov-is 1800Q Brother - teppimist\u00f6\u00f6de spetsiifikat silmas pidades.\",\"isPartOf\":{\"@id\":\"https:\/\/marevik.ee\/test\/#website\"},\"primaryImageOfPage\":{\"@id\":\"https:\/\/marevik.ee\/test\/toode\/innov-1800q-brother\/#primaryimage\"},\"image\":{\"@id\":\"https:\/\/marevik.ee\/test\/toode\/innov-1800q-brother\/#primaryimage\"},\"thumbnailUrl\":\"https:\/\/marevik.ee\/test\/wp-content\/uploads\/2021\/03\/NV-1800Q.jpg\",\"datePublished\":\"2016-05-03T18:18:47+00:00\",\"dateModified\":\"2025-05-21T13:13:19+00:00\",\"description\":\"Innov-is 1800Q on \u00f5mblusmasin firmalt Brother, mis on arendatud v\u00e4lja eelk\u00f5ige teppimist\u00f6\u00f6de spetsiifikat silmas pidades. Suurem t\u00f6\u00f6laud, automaatne presstalla k\u00f5rguse reguleerimine (AHA funtsioon) ja k\u00fclgsuunas \u00f5mblemise v\u00f5imalus on vaid v\u00e4ike loetelu masina laialdastest v\u00f5imalustest.\",\"breadcrumb\":{\"@id\":\"https:\/\/marevik.ee\/test\/toode\/innov-1800q-brother\/#breadcrumb\"},\"inLanguage\":\"en\",\"potentialAction\":[{\"@type\":\"ReadAction\",\"target\":[\"https:\/\/marevik.ee\/test\/toode\/innov-1800q-brother\/\"]}]},{\"@type\":\"ImageObject\",\"inLanguage\":\"en\",\"@id\":\"https:\/\/marevik.ee\/test\/toode\/innov-1800q-brother\/#primaryimage\",\"url\":\"https:\/\/marevik.ee\/test\/wp-content\/uploads\/2021\/03\/NV-1800Q.jpg\",\"contentUrl\":\"https:\/\/marevik.ee\/test\/wp-content\/uploads\/2021\/03\/NV-1800Q.jpg\",\"width\":500,\"height\":500,\"caption\":\"Innov-is 1800Q Brother\"},{\"@type\":\"BreadcrumbList\",\"@id\":\"https:\/\/marevik.ee\/test\/toode\/innov-1800q-brother\/#breadcrumb\",\"itemListElement\":[{\"@type\":\"ListItem\",\"position\":1,\"name\":\"Home\",\"item\":\"https:\/\/marevik.ee\/test\/\"},{\"@type\":\"ListItem\",\"position\":2,\"name\":\"E-POOD\",\"item\":\"https:\/\/marevik.ee\/test\/epood\/\"},{\"@type\":\"ListItem\",\"position\":3,\"name\":\"Innov-is 1800Q Brother\"}]},{\"@type\":\"WebSite\",\"@id\":\"https:\/\/marevik.ee\/test\/#website\",\"url\":\"https:\/\/marevik.ee\/test\/\",\"name\":\"Marevik O&Uuml;\",\"description\":\"&Otilde;mblusmasina asjatundja\",\"publisher\":{\"@id\":\"https:\/\/marevik.ee\/test\/#organization\"},\"potentialAction\":[{\"@type\":\"SearchAction\",\"target\":{\"@type\":\"EntryPoint\",\"urlTemplate\":\"https:\/\/marevik.ee\/test\/?s={search_term_string}\"},\"query-input\":{\"@type\":\"PropertyValueSpecification\",\"valueRequired\":true,\"valueName\":\"search_term_string\"}}],\"inLanguage\":\"en\"},{\"@type\":\"Organization\",\"@id\":\"https:\/\/marevik.ee\/test\/#organization\",\"name\":\"Marevik O&Uuml;\",\"url\":\"https:\/\/marevik.ee\/test\/\",\"logo\":{\"@type\":\"ImageObject\",\"inLanguage\":\"en\",\"@id\":\"https:\/\/marevik.ee\/test\/#\/schema\/logo\/image\/\",\"url\":\"https:\/\/marevik.ee\/test\/wp-content\/uploads\/2020\/02\/mblusmasina-asjatundja-1994_173x105_veebi_v-ike.jpg\",\"contentUrl\":\"https:\/\/marevik.ee\/test\/wp-content\/uploads\/2020\/02\/mblusmasina-asjatundja-1994_173x105_veebi_v-ike.jpg\",\"width\":173,\"height\":105,\"caption\":\"Marevik O&Uuml;\"},\"image\":{\"@id\":\"https:\/\/marevik.ee\/test\/#\/schema\/logo\/image\/\"}}]}<\/script>\n<!-- \/ Yoast SEO plugin. -->","yoast_head_json":{"title":"Innov-is 1800Q Brother - teppimist\u00f6\u00f6de spetsiifikat silmas pidades.","description":"Innov-is 1800Q on \u00f5mblusmasin firmalt Brother, mis on arendatud v\u00e4lja eelk\u00f5ige teppimist\u00f6\u00f6de spetsiifikat silmas pidades. Suurem t\u00f6\u00f6laud, automaatne presstalla k\u00f5rguse reguleerimine (AHA funtsioon) ja k\u00fclgsuunas \u00f5mblemise v\u00f5imalus on vaid v\u00e4ike loetelu masina laialdastest v\u00f5imalustest.","robots":{"index":"index","follow":"follow","max-snippet":"max-snippet:-1","max-image-preview":"max-image-preview:large","max-video-preview":"max-video-preview:-1"},"canonical":"https:\/\/marevik.ee\/test\/toode\/innov-1800q-brother\/","og_locale":"en_US","og_type":"article","og_title":"Innov-is 1800Q Brother - teppimist\u00f6\u00f6de spetsiifikat silmas pidades.","og_description":"Innov-is 1800Q on \u00f5mblusmasin firmalt Brother, mis on arendatud v\u00e4lja eelk\u00f5ige teppimist\u00f6\u00f6de spetsiifikat silmas pidades. Suurem t\u00f6\u00f6laud, automaatne presstalla k\u00f5rguse reguleerimine (AHA funtsioon) ja k\u00fclgsuunas \u00f5mblemise v\u00f5imalus on vaid v\u00e4ike loetelu masina laialdastest v\u00f5imalustest.","og_url":"https:\/\/marevik.ee\/test\/toode\/innov-1800q-brother\/","og_site_name":"Marevik O&Uuml;","article_modified_time":"2025-05-21T13:13:19+00:00","og_image":[{"width":500,"height":500,"url":"https:\/\/marevik.ee\/test\/wp-content\/uploads\/2021\/03\/NV-1800Q.jpg","type":"image\/jpeg"}],"twitter_card":"summary_large_image","twitter_misc":{"Est. reading time":"1 minute"},"schema":{"@context":"https:\/\/schema.org","@graph":[{"@type":"WebPage","@id":"https:\/\/marevik.ee\/test\/toode\/innov-1800q-brother\/","url":"https:\/\/marevik.ee\/test\/toode\/innov-1800q-brother\/","name":"Innov-is 1800Q Brother - teppimist\u00f6\u00f6de spetsiifikat silmas pidades.","isPartOf":{"@id":"https:\/\/marevik.ee\/test\/#website"},"primaryImageOfPage":{"@id":"https:\/\/marevik.ee\/test\/toode\/innov-1800q-brother\/#primaryimage"},"image":{"@id":"https:\/\/marevik.ee\/test\/toode\/innov-1800q-brother\/#primaryimage"},"thumbnailUrl":"https:\/\/marevik.ee\/test\/wp-content\/uploads\/2021\/03\/NV-1800Q.jpg","datePublished":"2016-05-03T18:18:47+00:00","dateModified":"2025-05-21T13:13:19+00:00","description":"Innov-is 1800Q on \u00f5mblusmasin firmalt Brother, mis on arendatud v\u00e4lja eelk\u00f5ige teppimist\u00f6\u00f6de spetsiifikat silmas pidades. Suurem t\u00f6\u00f6laud, automaatne presstalla k\u00f5rguse reguleerimine (AHA funtsioon) ja k\u00fclgsuunas \u00f5mblemise v\u00f5imalus on vaid v\u00e4ike loetelu masina laialdastest v\u00f5imalustest.","breadcrumb":{"@id":"https:\/\/marevik.ee\/test\/toode\/innov-1800q-brother\/#breadcrumb"},"inLanguage":"en","potentialAction":[{"@type":"ReadAction","target":["https:\/\/marevik.ee\/test\/toode\/innov-1800q-brother\/"]}]},{"@type":"ImageObject","inLanguage":"en","@id":"https:\/\/marevik.ee\/test\/toode\/innov-1800q-brother\/#primaryimage","url":"https:\/\/marevik.ee\/test\/wp-content\/uploads\/2021\/03\/NV-1800Q.jpg","contentUrl":"https:\/\/marevik.ee\/test\/wp-content\/uploads\/2021\/03\/NV-1800Q.jpg","width":500,"height":500,"caption":"Innov-is 1800Q Brother"},{"@type":"BreadcrumbList","@id":"https:\/\/marevik.ee\/test\/toode\/innov-1800q-brother\/#breadcrumb","itemListElement":[{"@type":"ListItem","position":1,"name":"Home","item":"https:\/\/marevik.ee\/test\/"},{"@type":"ListItem","position":2,"name":"E-POOD","item":"https:\/\/marevik.ee\/test\/epood\/"},{"@type":"ListItem","position":3,"name":"Innov-is 1800Q Brother"}]},{"@type":"WebSite","@id":"https:\/\/marevik.ee\/test\/#website","url":"https:\/\/marevik.ee\/test\/","name":"Marevik O&Uuml;","description":"&Otilde;mblusmasina asjatundja","publisher":{"@id":"https:\/\/marevik.ee\/test\/#organization"},"potentialAction":[{"@type":"SearchAction","target":{"@type":"EntryPoint","urlTemplate":"https:\/\/marevik.ee\/test\/?s={search_term_string}"},"query-input":{"@type":"PropertyValueSpecification","valueRequired":true,"valueName":"search_term_string"}}],"inLanguage":"en"},{"@type":"Organization","@id":"https:\/\/marevik.ee\/test\/#organization","name":"Marevik O&Uuml;","url":"https:\/\/marevik.ee\/test\/","logo":{"@type":"ImageObject","inLanguage":"en","@id":"https:\/\/marevik.ee\/test\/#\/schema\/logo\/image\/","url":"https:\/\/marevik.ee\/test\/wp-content\/uploads\/2020\/02\/mblusmasina-asjatundja-1994_173x105_veebi_v-ike.jpg","contentUrl":"https:\/\/marevik.ee\/test\/wp-content\/uploads\/2020\/02\/mblusmasina-asjatundja-1994_173x105_veebi_v-ike.jpg","width":173,"height":105,"caption":"Marevik O&Uuml;"},"image":{"@id":"https:\/\/marevik.ee\/test\/#\/schema\/logo\/image\/"}}]}},"_links":{"self":[{"href":"https:\/\/marevik.ee\/test\/wp-json\/wp\/v2\/product\/7022","targetHints":{"allow":["GET"]}}],"collection":[{"href":"https:\/\/marevik.ee\/test\/wp-json\/wp\/v2\/product"}],"about":[{"href":"https:\/\/marevik.ee\/test\/wp-json\/wp\/v2\/types\/product"}],"wp:featuredmedia":[{"embeddable":true,"href":"https:\/\/marevik.ee\/test\/wp-json\/wp\/v2\/media\/7023"}],"wp:attachment":[{"href":"https:\/\/marevik.ee\/test\/wp-json\/wp\/v2\/media?parent=7022"}],"wp:term":[{"taxonomy":"product_brand","embeddable":true,"href":"https:\/\/marevik.ee\/test\/wp-json\/wp\/v2\/product_brand?post=7022"},{"taxonomy":"product_cat","embeddable":true,"href":"https:\/\/marevik.ee\/test\/wp-json\/wp\/v2\/product_cat?post=7022"},{"taxonomy":"product_tag","embeddable":true,"href":"https:\/\/marevik.ee\/test\/wp-json\/wp\/v2\/product_tag?post=7022"}],"curies":[{"name":"wp","href":"https:\/\/api.w.org\/{rel}","templated":true}]}}